{"id":6076,"date":"2005-04-10T14:01:58","date_gmt":"2005-04-10T12:01:58","guid":{"rendered":"https:\/\/atana.pl\/sklep-on-line\/rolka-trac-a30-2\/"},"modified":"2026-03-09T11:50:22","modified_gmt":"2026-03-09T10:50:22","slug":"rolka-trac-a30-2","status":"publish","type":"product","link":"https:\/\/atana.pl\/en\/online-shop\/lifts_accessories\/anchor-rollers-guide-rollers\/rolka-trac-a30-2\/","title":{"rendered":"Rolka kotwiczna TRAC A30 &#8211; Kotwice RIVER\/GRZYBEK"},"content":{"rendered":"<h2 class=\"\" data-start=\"254\" data-end=\"320\">\u2693 Rolka kotwiczna TRAC A30 \u2013 do kotwic River i Grzybek do 13,5 kg<\/h2>\n<p class=\"\" data-start=\"322\" data-end=\"637\"><strong data-start=\"322\" data-end=\"340\">TRAC A30 roller<\/strong> to solidna i funkcjonalna rolka kotwiczna, przeznaczona do obs\u0142ugi kotwic typu <a href=\"https:\/\/atana.pl\/en\/products\/lifts_accessories\/kotwice\/\"><strong data-start=\"420\" data-end=\"441\">River lub Grzybek<\/strong><\/a> o maksymalnej wadze do <strong data-start=\"453\" data-end=\"471\">13 kg (30 lbs)<\/strong>. Doskonale sprawdzi si\u0119 w po\u0142\u0105czeniu z <a href=\"https:\/\/atana.pl\/en\/products\/lifts_accessories\/lifts\/\">windami kotwicznymi TRAC<\/a> oraz <a href=\"https:\/\/atana.pl\/en\/products\/lifts_accessories\/plates\/\">systemami mocowania<\/a>, zapewniaj\u0105c p\u0142ynne prowadzenie liny i bezpieczne operowanie kotwic\u0105.<\/p>\n<p class=\"\" data-start=\"639\" data-end=\"802\">Rolka zosta\u0142a zaprojektowana tak, aby odpowiednio wystawa\u0107 poza kad\u0142ub \u0142odzi \u2013 umo\u017cliwiaj\u0105c wygodne podnoszenie i opuszczanie kotwicy bez ryzyka uszkodzenia burty.<\/p>\n<p data-start=\"639\" data-end=\"802\"><a href=\"https:\/\/atana.pl\/en\/sposoby-montazu-elektrycznych-wind-kotwicznych-trac\/\">&#8230;Czytaj wi\u0119cej i sposobach monta\u017cu.<\/a><\/p>\n<hr class=\"\" data-start=\"804\" data-end=\"807\" \/>\n<h3 class=\"\" data-start=\"809\" data-end=\"852\">\u2705 Dlaczego warto wybra\u0107 rolk\u0119 TRAC A30?<\/h3>\n<ul data-start=\"854\" data-end=\"1193\">\n<li class=\"\" data-start=\"854\" data-end=\"915\">\n<p class=\"\" data-start=\"856\" data-end=\"915\">Kompatybilna z kotwicami River i Grzybek o wadze do 13 kg<\/p>\n<\/li>\n<li class=\"\" data-start=\"916\" data-end=\"983\">\n<p class=\"\" data-start=\"918\" data-end=\"983\">U\u0142atwia prac\u0119 windy kotwicznej, chroni kad\u0142ub przed uderzeniami<\/p>\n<\/li>\n<li class=\"\" data-start=\"984\" data-end=\"1061\">\n<p class=\"\" data-start=\"986\" data-end=\"1061\">Idealna do monta\u017cu na dziobie \u0142odzi rekreacyjnych, w\u0119dkarskich i ponton\u00f3w<\/p>\n<\/li>\n<li class=\"\" data-start=\"1062\" data-end=\"1106\">\n<p class=\"\" data-start=\"1064\" data-end=\"1106\">Odporna na warunki s\u0142odkowodne i morskie<\/p>\n<\/li>\n<li class=\"\" data-start=\"1107\" data-end=\"1193\">\n<p class=\"\" data-start=\"1109\" data-end=\"1193\">Solidna, trwa\u0142a i estetyczna \u2013 pasuje do wind TRAC z serii Angler, Deckboat i innych<\/p>\n<\/li>\n<\/ul>\n<hr class=\"\" data-start=\"1492\" data-end=\"1495\" \/>\n<h3 class=\"\" data-start=\"1497\" data-end=\"1525\">\ud83d\udee1\ufe0f Gwarancja i obs\u0142uga:<\/h3>\n<p class=\"\" data-start=\"1527\" data-end=\"1670\">\u2714\ufe0f 2-year warranty<br data-start=\"1546\" data-end=\"1549\" \/>\u2714\ufe0f Pomoc w doborze akcesori\u00f3w i system\u00f3w kotwicznych<br data-start=\"1601\" data-end=\"1604\" \/>\u2714\ufe0f Cz\u0119\u015bci zamienne i wsparcie techniczne<br data-start=\"1644\" data-end=\"1647\" \/>\u2714\ufe0f Wysy\u0142ka w 24 godziny<\/p>\n<hr class=\"\" data-start=\"1672\" data-end=\"1675\" \/>\n<p class=\"\" data-start=\"1677\" data-end=\"1934\">Rolka TRAC A30 to niezawodny i trwa\u0142y element systemu kotwicznego \u2013 nie tylko u\u0142atwia obs\u0142ug\u0119 kotwicy, ale te\u017c chroni Twoj\u0105 \u0142\u00f3d\u017a przed uszkodzeniami.<br data-start=\"1826\" data-end=\"1829\" \/>To doskona\u0142y wyb\u00f3r dla tych, kt\u00f3rzy ceni\u0105 komfort, funkcjonalno\u015b\u0107 i bezpiecze\u0144stwo podczas ka\u017cdego rejsu.<\/p>\n<p class=\"\" data-start=\"1936\" data-end=\"1974\">Zamontuj raz \u2013 korzystaj przez lata. \u2693<\/p>","protected":false},"excerpt":{"rendered":"<ul>\n<li>Rolka kotwiczna A30<\/li>\n<li>Do kotwic RIVER lub GRZYBEK<\/li>\n<li>\u0141\u0105czy si\u0119 z p\u0142ytami monta\u017cowymi TRAC<\/li>\n<\/ul>","protected":false},"featured_media":8616,"template":"","meta":{"_acf_changed":false},"product_brand":[],"product_cat":[104,110,102],"product_tag":[830,838,832,831,837,833,822,835,836,829,828,834,839],"class_list":{"0":"post-6076","1":"product","2":"type-product","3":"status-publish","4":"has-post-thumbnail","6":"product_cat-windy_akcesoria","7":"product_cat-rolki-kotwiczne-rolki-prowadzace","8":"product_cat-trac","9":"product_tag-akcesoria-kotwiczne","10":"product_tag-kotwica-30-lbs","11":"product_tag-kotwica-grzybek","12":"product_tag-kotwica-river","13":"product_tag-mocowanie-kotwicy-lodz","14":"product_tag-prowadnica-kotwicy","15":"product_tag-rolka-do-lodzi","16":"product_tag-rolka-do-windy-kotwicznej","17":"product_tag-rolka-dziobowa","18":"product_tag-rolka-kotwiczna-do-13-kg","19":"product_tag-rolka-trac-a30","20":"product_tag-system-kotwiczny-trac","21":"product_tag-trac-anchor-roller","23":"first","24":"outofstock","25":"taxable","26":"shipping-taxable","27":"purchasable","28":"product-type-simple"},"acf":[],"yoast_head":"<!-- This site is optimized with the Yoast SEO plugin v25.2 - https:\/\/yoast.com\/wordpress\/plugins\/seo\/ -->\n<title>Rolka kotwiczna TRAC A30 - Kotwice RIVER\/GRZYBEK - Atana<\/title>\n<meta name=\"description\" content=\"Rolka kotwiczna TRAC A30 do kotwic River i Grzybek do 13 kg. Trwa\u0142a, odporna, idealna do wind kotwicznych TRAC. Gwarancja 2 lata, szybka wysy\u0142ka.\" \/>\n<meta name=\"robots\" content=\"index, follow, max-snippet:-1, max-image-preview:large, max-video-preview:-1\" \/>\n<link rel=\"canonical\" href=\"https:\/\/atana.pl\/en\/online-shop\/lifts_accessories\/anchor-rollers-guide-rollers\/rolka-trac-a30-2\/\" \/>\n<meta property=\"og:locale\" content=\"en_GB\" \/>\n<meta property=\"og:type\" content=\"article\" \/>\n<meta property=\"og:title\" content=\"Rolka kotwiczna TRAC A30 - Kotwice RIVER\/GRZYBEK - Atana\" \/>\n<meta property=\"og:description\" content=\"Rolka kotwiczna TRAC A30 do kotwic River i Grzybek do 13 kg. Trwa\u0142a, odporna, idealna do wind kotwicznych TRAC. Gwarancja 2 lata, szybka wysy\u0142ka.\" \/>\n<meta property=\"og:url\" content=\"https:\/\/atana.pl\/en\/online-shop\/lifts_accessories\/anchor-rollers-guide-rollers\/rolka-trac-a30-2\/\" \/>\n<meta property=\"og:site_name\" content=\"Atana\" \/>\n<meta property=\"article:publisher\" content=\"https:\/\/www.facebook.com\/atanayachts\" \/>\n<meta property=\"article:modified_time\" content=\"2026-03-09T10:50:22+00:00\" \/>\n<meta property=\"og:image\" content=\"https:\/\/atana.pl\/wp-content\/uploads\/2005\/04\/Rolka-kotwiczna_rkt30_kotwic-river-grzybek_prowadnica-na-bialym-tle.webp\" \/>\n\t<meta property=\"og:image:width\" content=\"900\" \/>\n\t<meta property=\"og:image:height\" content=\"900\" \/>\n\t<meta property=\"og:image:type\" content=\"image\/webp\" \/>\n<meta name=\"twitter:card\" content=\"summary_large_image\" \/>\n<meta name=\"twitter:label1\" content=\"Estimated reading time\" \/>\n\t<meta name=\"twitter:data1\" content=\"1 minute\" \/>\n<script type=\"application\/ld+json\" class=\"yoast-schema-graph\">{\"@context\":\"https:\/\/schema.org\",\"@graph\":[{\"@type\":\"WebPage\",\"@id\":\"https:\/\/atana.pl\/sklep-on-line\/windy_akcesoria\/rolki-kotwiczne-rolki-prowadzace\/rolka-trac-a30-2\/\",\"url\":\"https:\/\/atana.pl\/sklep-on-line\/windy_akcesoria\/rolki-kotwiczne-rolki-prowadzace\/rolka-trac-a30-2\/\",\"name\":\"Rolka kotwiczna TRAC A30 - Kotwice RIVER\/GRZYBEK - Atana\",\"isPartOf\":{\"@id\":\"https:\/\/atana.pl\/#website\"},\"primaryImageOfPage\":{\"@id\":\"https:\/\/atana.pl\/sklep-on-line\/windy_akcesoria\/rolki-kotwiczne-rolki-prowadzace\/rolka-trac-a30-2\/#primaryimage\"},\"image\":{\"@id\":\"https:\/\/atana.pl\/sklep-on-line\/windy_akcesoria\/rolki-kotwiczne-rolki-prowadzace\/rolka-trac-a30-2\/#primaryimage\"},\"thumbnailUrl\":\"https:\/\/atana.pl\/wp-content\/uploads\/2005\/04\/Rolka-kotwiczna_rkt30_kotwic-river-grzybek_prowadnica-na-bialym-tle.webp\",\"datePublished\":\"2005-04-10T12:01:58+00:00\",\"dateModified\":\"2026-03-09T10:50:22+00:00\",\"description\":\"Rolka kotwiczna TRAC A30 do kotwic River i Grzybek do 13 kg. Trwa\u0142a, odporna, idealna do wind kotwicznych TRAC. Gwarancja 2 lata, szybka wysy\u0142ka.\",\"breadcrumb\":{\"@id\":\"https:\/\/atana.pl\/sklep-on-line\/windy_akcesoria\/rolki-kotwiczne-rolki-prowadzace\/rolka-trac-a30-2\/#breadcrumb\"},\"inLanguage\":\"en-GB\",\"potentialAction\":[{\"@type\":\"ReadAction\",\"target\":[\"https:\/\/atana.pl\/sklep-on-line\/windy_akcesoria\/rolki-kotwiczne-rolki-prowadzace\/rolka-trac-a30-2\/\"]}]},{\"@type\":\"ImageObject\",\"inLanguage\":\"en-GB\",\"@id\":\"https:\/\/atana.pl\/sklep-on-line\/windy_akcesoria\/rolki-kotwiczne-rolki-prowadzace\/rolka-trac-a30-2\/#primaryimage\",\"url\":\"https:\/\/atana.pl\/wp-content\/uploads\/2005\/04\/Rolka-kotwiczna_rkt30_kotwic-river-grzybek_prowadnica-na-bialym-tle.webp\",\"contentUrl\":\"https:\/\/atana.pl\/wp-content\/uploads\/2005\/04\/Rolka-kotwiczna_rkt30_kotwic-river-grzybek_prowadnica-na-bialym-tle.webp\",\"width\":900,\"height\":900,\"caption\":\"Rolka kotwiczna rkt30 kotwic river grzybek prowadnica na bialym tle\"},{\"@type\":\"BreadcrumbList\",\"@id\":\"https:\/\/atana.pl\/sklep-on-line\/windy_akcesoria\/rolki-kotwiczne-rolki-prowadzace\/rolka-trac-a30-2\/#breadcrumb\",\"itemListElement\":[{\"@type\":\"ListItem\",\"position\":1,\"name\":\"Strona g\u0142\u00f3wna\",\"item\":\"https:\/\/atana.pl\/\"},{\"@type\":\"ListItem\",\"position\":2,\"name\":\"Sklep on-line\",\"item\":\"https:\/\/atana.pl\/sklep-on-line\/\"},{\"@type\":\"ListItem\",\"position\":3,\"name\":\"Rolka kotwiczna TRAC A30 &#8211; Kotwice RIVER\/GRZYBEK\"}]},{\"@type\":\"WebSite\",\"@id\":\"https:\/\/atana.pl\/#website\",\"url\":\"https:\/\/atana.pl\/\",\"name\":\"Atana\",\"description\":\"Akcesoria do \u0142odzi, kamper\u00f3w i przyczep. \u0141odzie motorowe\",\"publisher\":{\"@id\":\"https:\/\/atana.pl\/#organization\"},\"potentialAction\":[{\"@type\":\"SearchAction\",\"target\":{\"@type\":\"EntryPoint\",\"urlTemplate\":\"https:\/\/atana.pl\/?s={search_term_string}\"},\"query-input\":{\"@type\":\"PropertyValueSpecification\",\"valueRequired\":true,\"valueName\":\"search_term_string\"}}],\"inLanguage\":\"en-GB\"},{\"@type\":\"Organization\",\"@id\":\"https:\/\/atana.pl\/#organization\",\"name\":\"Atana\",\"url\":\"https:\/\/atana.pl\/\",\"logo\":{\"@type\":\"ImageObject\",\"inLanguage\":\"en-GB\",\"@id\":\"https:\/\/atana.pl\/#\/schema\/logo\/image\/\",\"url\":\"\",\"contentUrl\":\"\",\"caption\":\"Atana\"},\"image\":{\"@id\":\"https:\/\/atana.pl\/#\/schema\/logo\/image\/\"},\"sameAs\":[\"https:\/\/www.facebook.com\/atanayachts\",\"https:\/\/www.instagram.com\/atanaboats\/\",\"https:\/\/www.youtube.com\/channel\/UClMMmVqqx17in9QzgxK90Mw\"]}]}<\/script>\n<!-- \/ Yoast SEO plugin. -->","yoast_head_json":{"title":"Rolka kotwiczna TRAC A30 - Kotwice RIVER\/GRZYBEK - Atana","description":"Rolka kotwiczna TRAC A30 do kotwic River i Grzybek do 13 kg. Trwa\u0142a, odporna, idealna do wind kotwicznych TRAC. Gwarancja 2 lata, szybka wysy\u0142ka.","robots":{"index":"index","follow":"follow","max-snippet":"max-snippet:-1","max-image-preview":"max-image-preview:large","max-video-preview":"max-video-preview:-1"},"canonical":"https:\/\/atana.pl\/en\/online-shop\/lifts_accessories\/anchor-rollers-guide-rollers\/rolka-trac-a30-2\/","og_locale":"en_GB","og_type":"article","og_title":"Rolka kotwiczna TRAC A30 - Kotwice RIVER\/GRZYBEK - Atana","og_description":"Rolka kotwiczna TRAC A30 do kotwic River i Grzybek do 13 kg. Trwa\u0142a, odporna, idealna do wind kotwicznych TRAC. Gwarancja 2 lata, szybka wysy\u0142ka.","og_url":"https:\/\/atana.pl\/en\/online-shop\/lifts_accessories\/anchor-rollers-guide-rollers\/rolka-trac-a30-2\/","og_site_name":"Atana","article_publisher":"https:\/\/www.facebook.com\/atanayachts","article_modified_time":"2026-03-09T10:50:22+00:00","og_image":[{"width":900,"height":900,"url":"https:\/\/atana.pl\/wp-content\/uploads\/2005\/04\/Rolka-kotwiczna_rkt30_kotwic-river-grzybek_prowadnica-na-bialym-tle.webp","type":"image\/webp"}],"twitter_card":"summary_large_image","twitter_misc":{"Estimated reading time":"1 minute"},"schema":{"@context":"https:\/\/schema.org","@graph":[{"@type":"WebPage","@id":"https:\/\/atana.pl\/sklep-on-line\/windy_akcesoria\/rolki-kotwiczne-rolki-prowadzace\/rolka-trac-a30-2\/","url":"https:\/\/atana.pl\/sklep-on-line\/windy_akcesoria\/rolki-kotwiczne-rolki-prowadzace\/rolka-trac-a30-2\/","name":"Rolka kotwiczna TRAC A30 - Kotwice RIVER\/GRZYBEK - Atana","isPartOf":{"@id":"https:\/\/atana.pl\/#website"},"primaryImageOfPage":{"@id":"https:\/\/atana.pl\/sklep-on-line\/windy_akcesoria\/rolki-kotwiczne-rolki-prowadzace\/rolka-trac-a30-2\/#primaryimage"},"image":{"@id":"https:\/\/atana.pl\/sklep-on-line\/windy_akcesoria\/rolki-kotwiczne-rolki-prowadzace\/rolka-trac-a30-2\/#primaryimage"},"thumbnailUrl":"https:\/\/atana.pl\/wp-content\/uploads\/2005\/04\/Rolka-kotwiczna_rkt30_kotwic-river-grzybek_prowadnica-na-bialym-tle.webp","datePublished":"2005-04-10T12:01:58+00:00","dateModified":"2026-03-09T10:50:22+00:00","description":"Rolka kotwiczna TRAC A30 do kotwic River i Grzybek do 13 kg. Trwa\u0142a, odporna, idealna do wind kotwicznych TRAC. Gwarancja 2 lata, szybka wysy\u0142ka.","breadcrumb":{"@id":"https:\/\/atana.pl\/sklep-on-line\/windy_akcesoria\/rolki-kotwiczne-rolki-prowadzace\/rolka-trac-a30-2\/#breadcrumb"},"inLanguage":"en-GB","potentialAction":[{"@type":"ReadAction","target":["https:\/\/atana.pl\/sklep-on-line\/windy_akcesoria\/rolki-kotwiczne-rolki-prowadzace\/rolka-trac-a30-2\/"]}]},{"@type":"ImageObject","inLanguage":"en-GB","@id":"https:\/\/atana.pl\/sklep-on-line\/windy_akcesoria\/rolki-kotwiczne-rolki-prowadzace\/rolka-trac-a30-2\/#primaryimage","url":"https:\/\/atana.pl\/wp-content\/uploads\/2005\/04\/Rolka-kotwiczna_rkt30_kotwic-river-grzybek_prowadnica-na-bialym-tle.webp","contentUrl":"https:\/\/atana.pl\/wp-content\/uploads\/2005\/04\/Rolka-kotwiczna_rkt30_kotwic-river-grzybek_prowadnica-na-bialym-tle.webp","width":900,"height":900,"caption":"Rolka kotwiczna rkt30 kotwic river grzybek prowadnica na bialym tle"},{"@type":"BreadcrumbList","@id":"https:\/\/atana.pl\/sklep-on-line\/windy_akcesoria\/rolki-kotwiczne-rolki-prowadzace\/rolka-trac-a30-2\/#breadcrumb","itemListElement":[{"@type":"ListItem","position":1,"name":"Strona g\u0142\u00f3wna","item":"https:\/\/atana.pl\/"},{"@type":"ListItem","position":2,"name":"Sklep on-line","item":"https:\/\/atana.pl\/sklep-on-line\/"},{"@type":"ListItem","position":3,"name":"Rolka kotwiczna TRAC A30 &#8211; Kotwice RIVER\/GRZYBEK"}]},{"@type":"WebSite","@id":"https:\/\/atana.pl\/#website","url":"https:\/\/atana.pl\/","name":"Atana","description":"Akcesoria do \u0142odzi, kamper\u00f3w i przyczep. \u0141odzie motorowe","publisher":{"@id":"https:\/\/atana.pl\/#organization"},"potentialAction":[{"@type":"SearchAction","target":{"@type":"EntryPoint","urlTemplate":"https:\/\/atana.pl\/?s={search_term_string}"},"query-input":{"@type":"PropertyValueSpecification","valueRequired":true,"valueName":"search_term_string"}}],"inLanguage":"en-GB"},{"@type":"Organization","@id":"https:\/\/atana.pl\/#organization","name":"Atana","url":"https:\/\/atana.pl\/","logo":{"@type":"ImageObject","inLanguage":"en-GB","@id":"https:\/\/atana.pl\/#\/schema\/logo\/image\/","url":"","contentUrl":"","caption":"Atana"},"image":{"@id":"https:\/\/atana.pl\/#\/schema\/logo\/image\/"},"sameAs":["https:\/\/www.facebook.com\/atanayachts","https:\/\/www.instagram.com\/atanaboats\/","https:\/\/www.youtube.com\/channel\/UClMMmVqqx17in9QzgxK90Mw"]}]}},"_links":{"self":[{"href":"https:\/\/atana.pl\/en\/wp-json\/wp\/v2\/product\/6076","targetHints":{"allow":["GET"]}}],"collection":[{"href":"https:\/\/atana.pl\/en\/wp-json\/wp\/v2\/product"}],"about":[{"href":"https:\/\/atana.pl\/en\/wp-json\/wp\/v2\/types\/product"}],"wp:featuredmedia":[{"embeddable":true,"href":"https:\/\/atana.pl\/en\/wp-json\/wp\/v2\/media\/8616"}],"wp:attachment":[{"href":"https:\/\/atana.pl\/en\/wp-json\/wp\/v2\/media?parent=6076"}],"wp:term":[{"taxonomy":"product_brand","embeddable":true,"href":"https:\/\/atana.pl\/en\/wp-json\/wp\/v2\/product_brand?post=6076"},{"taxonomy":"product_cat","embeddable":true,"href":"https:\/\/atana.pl\/en\/wp-json\/wp\/v2\/product_cat?post=6076"},{"taxonomy":"product_tag","embeddable":true,"href":"https:\/\/atana.pl\/en\/wp-json\/wp\/v2\/product_tag?post=6076"}],"curies":[{"name":"wp","href":"https:\/\/api.w.org\/{rel}","templated":true}]}}