{"id":6070,"date":"2006-04-10T13:55:31","date_gmt":"2006-04-10T11:55:31","guid":{"rendered":"https:\/\/atana.pl\/sklep-on-line\/rolka-trac-sz25\/"},"modified":"2026-03-20T08:31:17","modified_gmt":"2026-03-20T07:31:17","slug":"rolka-trac-sz25","status":"publish","type":"product","link":"https:\/\/atana.pl\/en\/online-shop\/lifts_accessories\/anchor-rollers-guide-rollers\/rolka-trac-sz25\/","title":{"rendered":"Rolka kotwiczna TRAC SZ25 &#8211; Kotwice RIVER\/GRZYBEK"},"content":{"rendered":"<h2 class=\"\" data-start=\"211\" data-end=\"274\">\u2693 Rolka kotwiczna SZ25<\/h2>\n<h2 class=\"\" data-start=\"211\" data-end=\"274\">\u2013 do kotwic River i Grzybek do 9,5 kg oraz do ci\u0119\u017cark\u00f3w.<\/h2>\n<p class=\"\" data-start=\"276\" data-end=\"607\"><strong data-start=\"276\" data-end=\"300\">Anchor roller SZ25<\/strong> to praktyczny i trwa\u0142y element monta\u017cowy do pracy z elektrycznymi i manualnymi windami kotwicznymi.<br data-start=\"400\" data-end=\"403\" \/>Zosta\u0142a zaprojektowana z my\u015bl\u0105 o kotwicach typu <a href=\"https:\/\/atana.pl\/en\/products\/lifts_accessories\/kotwice\/\"><strong data-start=\"451\" data-end=\"472\">River lub Grzybek<\/strong><\/a> o maksymalnej wadze <strong data-start=\"493\" data-end=\"515\">do 9,5 kg (20 lbs)<\/strong>. Idealna do \u0142odzi rekreacyjnych, ponton\u00f3w, \u0142odzi w\u0119dkarskich i ma\u0142ych jednostek motorowych.<\/p>\n<p class=\"\" data-start=\"609\" data-end=\"806\">Rolka prowadzi lin\u0119 i kotwic\u0119 w spos\u00f3b p\u0142ynny, chroni\u0105c kad\u0142ub przed uderzeniami i otarciami. Dzi\u0119ki odpowiedniemu wysuni\u0119ciu poza lini\u0119 burty zapewnia bezpieczne opuszczanie i podnoszenie kotwicy.<\/p>\n<p data-start=\"609\" data-end=\"806\"><a href=\"https:\/\/atana.pl\/en\/sposoby-montazu-elektrycznych-wind-kotwicznych-trac\/\">&#8230;Czytaj wi\u0119cej o sposobach monta\u017cu.<\/a><\/p>\n<hr class=\"\" data-start=\"808\" data-end=\"811\" \/>\n<h3 class=\"\" data-start=\"813\" data-end=\"852\">\u2705 Dlaczego warto wybra\u0107 rolk\u0119 SZ25?<\/h3>\n<ul data-start=\"854\" data-end=\"1153\">\n<li class=\"\" data-start=\"854\" data-end=\"909\">\n<p class=\"\" data-start=\"856\" data-end=\"909\">Dedykowana do kotwic typu River i Grzybek do 9,5 kg<\/p>\n<\/li>\n<li class=\"\" data-start=\"910\" data-end=\"966\">\n<p class=\"\" data-start=\"912\" data-end=\"966\">U\u0142atwia prac\u0119 windy kotwicznej i chroni kad\u0142ub \u0142odzi<\/p>\n<\/li>\n<li class=\"\" data-start=\"967\" data-end=\"1030\">\n<p class=\"\" data-start=\"969\" data-end=\"1030\">Kompaktowa, ale solidna konstrukcja \u2013 sprawdzona w praktyce<\/p>\n<\/li>\n<li class=\"\" data-start=\"1031\" data-end=\"1077\">\n<p class=\"\" data-start=\"1033\" data-end=\"1077\">Odporno\u015b\u0107 na warunki morskie i s\u0142odkowodne<\/p>\n<\/li>\n<li class=\"\" data-start=\"1078\" data-end=\"1153\">\n<p class=\"\" data-start=\"1080\" data-end=\"1153\">Pasuje do <a href=\"https:\/\/atana.pl\/en\/products\/lifts_accessories\/plates\/\">system\u00f3w TRAC<\/a> oraz wi\u0119kszo\u015bci standardowych mocowa\u0144 kotwicznych<\/p>\n<\/li>\n<\/ul>\n<hr class=\"\" data-start=\"1409\" data-end=\"1412\" \/>\n<h3 class=\"\" data-start=\"1414\" data-end=\"1442\">\ud83d\udee1\ufe0f Gwarancja i obs\u0142uga:<\/h3>\n<p class=\"\" data-start=\"1444\" data-end=\"1606\">\u2714\ufe0f 2-year warranty<br data-start=\"1463\" data-end=\"1466\" \/>\u2714\ufe0f Fachowe doradztwo przy doborze rolki i windy<br data-start=\"1513\" data-end=\"1516\" \/>\u2714\ufe0f Kompatybilno\u015b\u0107 z windami TRAC i uchwytami monta\u017cowymi<br data-start=\"1572\" data-end=\"1575\" \/>\u2714\ufe0f Szybka wysy\u0142ka \u2013 nawet w 24h<\/p>\n<hr class=\"\" data-start=\"1608\" data-end=\"1611\" \/>\n<p class=\"\" data-start=\"1613\" data-end=\"1832\"><strong data-start=\"1613\" data-end=\"1637\">Anchor roller SZ25<\/strong> to niezb\u0119dny element wyposa\u017cenia ka\u017cdej \u0142odzi z wind\u0105 kotwiczn\u0105.<br data-start=\"1702\" data-end=\"1705\" \/>Zadbaj o komfort i bezpiecze\u0144stwo manewrowania kotwic\u0105 \u2013 wybierz sprawdzone i trwa\u0142e akcesorium stworzone z my\u015bl\u0105 o wodniakach.<\/p>","protected":false},"excerpt":{"rendered":"<ul>\n<li>Anchor roller<\/li>\n<li>Do kotwic River, Grzybek, Ci\u0119\u017cark\u00f3w<\/li>\n<li><a href=\"https:\/\/atana.pl\/en\/products\/lifts_accessories\/plates\/\">\u0141\u0105czy si\u0119 z systemem p\u0142yt monta\u017cowych TRAC<\/a><\/li>\n<\/ul>","protected":false},"featured_media":8607,"template":"","meta":{"_acf_changed":false},"product_brand":[],"product_cat":[104,110,102],"product_tag":[825,169,824,827,821,820,819,822,823,817,818,826],"class_list":{"0":"post-6070","1":"product","2":"type-product","3":"status-publish","4":"has-post-thumbnail","6":"product_cat-windy_akcesoria","7":"product_cat-rolki-kotwiczne-rolki-prowadzace","8":"product_cat-trac","9":"product_tag-5-kg","10":"product_tag-akcesoria-do-windy-kotwicznej","11":"product_tag-kotwica-9","12":"product_tag-mocowanie-kotwicy","13":"product_tag-prowadnica-kotwiczna","14":"product_tag-rolka-do-kotwicy-grzybek","15":"product_tag-rolka-do-kotwicy-river","16":"product_tag-rolka-do-lodzi","17":"product_tag-rolka-do-windy-trac","18":"product_tag-rolka-kotwiczna","19":"product_tag-rolka-sz25","20":"product_tag-system-kotwiczny","22":"first","23":"instock","24":"taxable","25":"shipping-taxable","26":"purchasable","27":"product-type-simple"},"acf":[],"yoast_head":"<!-- This site is optimized with the Yoast SEO plugin v25.2 - https:\/\/yoast.com\/wordpress\/plugins\/seo\/ -->\n<title>Rolka kotwiczna TRAC SZ25 - Kotwice RIVER\/GRZYBEK - Atana<\/title>\n<meta name=\"description\" content=\"Rolka kotwiczna SZ25 do kotwic River i Grzybek o wadze do 9,5 kg. Solidna, trwa\u0142a, z wysuni\u0119ciem poza kad\u0142ub. Idealna do \u0142odzi z wind\u0105 kotwiczn\u0105. Gwarancja.\" \/>\n<meta name=\"robots\" content=\"index, follow, max-snippet:-1, max-image-preview:large, max-video-preview:-1\" \/>\n<link rel=\"canonical\" href=\"https:\/\/atana.pl\/en\/online-shop\/lifts_accessories\/anchor-rollers-guide-rollers\/rolka-trac-sz25\/\" \/>\n<meta property=\"og:locale\" content=\"en_GB\" \/>\n<meta property=\"og:type\" content=\"article\" \/>\n<meta property=\"og:title\" content=\"Rolka kotwiczna TRAC SZ25 - Kotwice RIVER\/GRZYBEK - Atana\" \/>\n<meta property=\"og:description\" content=\"Rolka kotwiczna SZ25 do kotwic River i Grzybek o wadze do 9,5 kg. Solidna, trwa\u0142a, z wysuni\u0119ciem poza kad\u0142ub. Idealna do \u0142odzi z wind\u0105 kotwiczn\u0105. Gwarancja.\" \/>\n<meta property=\"og:url\" content=\"https:\/\/atana.pl\/en\/online-shop\/lifts_accessories\/anchor-rollers-guide-rollers\/rolka-trac-sz25\/\" \/>\n<meta property=\"og:site_name\" content=\"Atana\" \/>\n<meta property=\"article:publisher\" content=\"https:\/\/www.facebook.com\/atanayachts\" \/>\n<meta property=\"article:modified_time\" content=\"2026-03-20T07:31:17+00:00\" \/>\n<meta property=\"og:image\" content=\"https:\/\/atana.pl\/wp-content\/uploads\/2006\/04\/Rolka-kotwiczna_Kotwice-river-grzybek__RKT25_maksymalna-kotwica-river20-biale-tlo.webp\" \/>\n\t<meta property=\"og:image:width\" content=\"1200\" \/>\n\t<meta property=\"og:image:height\" content=\"1200\" \/>\n\t<meta property=\"og:image:type\" content=\"image\/webp\" \/>\n<meta name=\"twitter:card\" content=\"summary_large_image\" \/>\n<meta name=\"twitter:label1\" content=\"Estimated reading time\" \/>\n\t<meta name=\"twitter:data1\" content=\"1 minute\" \/>\n<script type=\"application\/ld+json\" class=\"yoast-schema-graph\">{\"@context\":\"https:\/\/schema.org\",\"@graph\":[{\"@type\":\"WebPage\",\"@id\":\"https:\/\/atana.pl\/sklep-on-line\/windy_akcesoria\/rolki-kotwiczne-rolki-prowadzace\/rolka-trac-sz25\/\",\"url\":\"https:\/\/atana.pl\/sklep-on-line\/windy_akcesoria\/rolki-kotwiczne-rolki-prowadzace\/rolka-trac-sz25\/\",\"name\":\"Rolka kotwiczna TRAC SZ25 - Kotwice RIVER\/GRZYBEK - Atana\",\"isPartOf\":{\"@id\":\"https:\/\/atana.pl\/#website\"},\"primaryImageOfPage\":{\"@id\":\"https:\/\/atana.pl\/sklep-on-line\/windy_akcesoria\/rolki-kotwiczne-rolki-prowadzace\/rolka-trac-sz25\/#primaryimage\"},\"image\":{\"@id\":\"https:\/\/atana.pl\/sklep-on-line\/windy_akcesoria\/rolki-kotwiczne-rolki-prowadzace\/rolka-trac-sz25\/#primaryimage\"},\"thumbnailUrl\":\"https:\/\/atana.pl\/wp-content\/uploads\/2006\/04\/Rolka-kotwiczna_Kotwice-river-grzybek__RKT25_maksymalna-kotwica-river20-biale-tlo.webp\",\"datePublished\":\"2006-04-10T11:55:31+00:00\",\"dateModified\":\"2026-03-20T07:31:17+00:00\",\"description\":\"Rolka kotwiczna SZ25 do kotwic River i Grzybek o wadze do 9,5 kg. Solidna, trwa\u0142a, z wysuni\u0119ciem poza kad\u0142ub. Idealna do \u0142odzi z wind\u0105 kotwiczn\u0105. Gwarancja.\",\"breadcrumb\":{\"@id\":\"https:\/\/atana.pl\/sklep-on-line\/windy_akcesoria\/rolki-kotwiczne-rolki-prowadzace\/rolka-trac-sz25\/#breadcrumb\"},\"inLanguage\":\"en-GB\",\"potentialAction\":[{\"@type\":\"ReadAction\",\"target\":[\"https:\/\/atana.pl\/sklep-on-line\/windy_akcesoria\/rolki-kotwiczne-rolki-prowadzace\/rolka-trac-sz25\/\"]}]},{\"@type\":\"ImageObject\",\"inLanguage\":\"en-GB\",\"@id\":\"https:\/\/atana.pl\/sklep-on-line\/windy_akcesoria\/rolki-kotwiczne-rolki-prowadzace\/rolka-trac-sz25\/#primaryimage\",\"url\":\"https:\/\/atana.pl\/wp-content\/uploads\/2006\/04\/Rolka-kotwiczna_Kotwice-river-grzybek__RKT25_maksymalna-kotwica-river20-biale-tlo.webp\",\"contentUrl\":\"https:\/\/atana.pl\/wp-content\/uploads\/2006\/04\/Rolka-kotwiczna_Kotwice-river-grzybek__RKT25_maksymalna-kotwica-river20-biale-tlo.webp\",\"width\":1200,\"height\":1200,\"caption\":\"Rolka kotwiczna Kotwice river grzybek RKT25 maksymalna kotwica river20 bia\u0142e tlo\"},{\"@type\":\"BreadcrumbList\",\"@id\":\"https:\/\/atana.pl\/sklep-on-line\/windy_akcesoria\/rolki-kotwiczne-rolki-prowadzace\/rolka-trac-sz25\/#breadcrumb\",\"itemListElement\":[{\"@type\":\"ListItem\",\"position\":1,\"name\":\"Strona g\u0142\u00f3wna\",\"item\":\"https:\/\/atana.pl\/\"},{\"@type\":\"ListItem\",\"position\":2,\"name\":\"Sklep on-line\",\"item\":\"https:\/\/atana.pl\/sklep-on-line\/\"},{\"@type\":\"ListItem\",\"position\":3,\"name\":\"Rolka kotwiczna TRAC SZ25 &#8211; Kotwice RIVER\/GRZYBEK\"}]},{\"@type\":\"WebSite\",\"@id\":\"https:\/\/atana.pl\/#website\",\"url\":\"https:\/\/atana.pl\/\",\"name\":\"Atana\",\"description\":\"Akcesoria do \u0142odzi, kamper\u00f3w i przyczep. \u0141odzie motorowe\",\"publisher\":{\"@id\":\"https:\/\/atana.pl\/#organization\"},\"potentialAction\":[{\"@type\":\"SearchAction\",\"target\":{\"@type\":\"EntryPoint\",\"urlTemplate\":\"https:\/\/atana.pl\/?s={search_term_string}\"},\"query-input\":{\"@type\":\"PropertyValueSpecification\",\"valueRequired\":true,\"valueName\":\"search_term_string\"}}],\"inLanguage\":\"en-GB\"},{\"@type\":\"Organization\",\"@id\":\"https:\/\/atana.pl\/#organization\",\"name\":\"Atana\",\"url\":\"https:\/\/atana.pl\/\",\"logo\":{\"@type\":\"ImageObject\",\"inLanguage\":\"en-GB\",\"@id\":\"https:\/\/atana.pl\/#\/schema\/logo\/image\/\",\"url\":\"\",\"contentUrl\":\"\",\"caption\":\"Atana\"},\"image\":{\"@id\":\"https:\/\/atana.pl\/#\/schema\/logo\/image\/\"},\"sameAs\":[\"https:\/\/www.facebook.com\/atanayachts\",\"https:\/\/www.instagram.com\/atanaboats\/\",\"https:\/\/www.youtube.com\/channel\/UClMMmVqqx17in9QzgxK90Mw\"]}]}<\/script>\n<!-- \/ Yoast SEO plugin. -->","yoast_head_json":{"title":"Rolka kotwiczna TRAC SZ25 - Kotwice RIVER\/GRZYBEK - Atana","description":"Rolka kotwiczna SZ25 do kotwic River i Grzybek o wadze do 9,5 kg. Solidna, trwa\u0142a, z wysuni\u0119ciem poza kad\u0142ub. Idealna do \u0142odzi z wind\u0105 kotwiczn\u0105. Gwarancja.","robots":{"index":"index","follow":"follow","max-snippet":"max-snippet:-1","max-image-preview":"max-image-preview:large","max-video-preview":"max-video-preview:-1"},"canonical":"https:\/\/atana.pl\/en\/online-shop\/lifts_accessories\/anchor-rollers-guide-rollers\/rolka-trac-sz25\/","og_locale":"en_GB","og_type":"article","og_title":"Rolka kotwiczna TRAC SZ25 - Kotwice RIVER\/GRZYBEK - Atana","og_description":"Rolka kotwiczna SZ25 do kotwic River i Grzybek o wadze do 9,5 kg. Solidna, trwa\u0142a, z wysuni\u0119ciem poza kad\u0142ub. Idealna do \u0142odzi z wind\u0105 kotwiczn\u0105. Gwarancja.","og_url":"https:\/\/atana.pl\/en\/online-shop\/lifts_accessories\/anchor-rollers-guide-rollers\/rolka-trac-sz25\/","og_site_name":"Atana","article_publisher":"https:\/\/www.facebook.com\/atanayachts","article_modified_time":"2026-03-20T07:31:17+00:00","og_image":[{"width":1200,"height":1200,"url":"https:\/\/atana.pl\/wp-content\/uploads\/2006\/04\/Rolka-kotwiczna_Kotwice-river-grzybek__RKT25_maksymalna-kotwica-river20-biale-tlo.webp","type":"image\/webp"}],"twitter_card":"summary_large_image","twitter_misc":{"Estimated reading time":"1 minute"},"schema":{"@context":"https:\/\/schema.org","@graph":[{"@type":"WebPage","@id":"https:\/\/atana.pl\/sklep-on-line\/windy_akcesoria\/rolki-kotwiczne-rolki-prowadzace\/rolka-trac-sz25\/","url":"https:\/\/atana.pl\/sklep-on-line\/windy_akcesoria\/rolki-kotwiczne-rolki-prowadzace\/rolka-trac-sz25\/","name":"Rolka kotwiczna TRAC SZ25 - Kotwice RIVER\/GRZYBEK - Atana","isPartOf":{"@id":"https:\/\/atana.pl\/#website"},"primaryImageOfPage":{"@id":"https:\/\/atana.pl\/sklep-on-line\/windy_akcesoria\/rolki-kotwiczne-rolki-prowadzace\/rolka-trac-sz25\/#primaryimage"},"image":{"@id":"https:\/\/atana.pl\/sklep-on-line\/windy_akcesoria\/rolki-kotwiczne-rolki-prowadzace\/rolka-trac-sz25\/#primaryimage"},"thumbnailUrl":"https:\/\/atana.pl\/wp-content\/uploads\/2006\/04\/Rolka-kotwiczna_Kotwice-river-grzybek__RKT25_maksymalna-kotwica-river20-biale-tlo.webp","datePublished":"2006-04-10T11:55:31+00:00","dateModified":"2026-03-20T07:31:17+00:00","description":"Rolka kotwiczna SZ25 do kotwic River i Grzybek o wadze do 9,5 kg. Solidna, trwa\u0142a, z wysuni\u0119ciem poza kad\u0142ub. Idealna do \u0142odzi z wind\u0105 kotwiczn\u0105. Gwarancja.","breadcrumb":{"@id":"https:\/\/atana.pl\/sklep-on-line\/windy_akcesoria\/rolki-kotwiczne-rolki-prowadzace\/rolka-trac-sz25\/#breadcrumb"},"inLanguage":"en-GB","potentialAction":[{"@type":"ReadAction","target":["https:\/\/atana.pl\/sklep-on-line\/windy_akcesoria\/rolki-kotwiczne-rolki-prowadzace\/rolka-trac-sz25\/"]}]},{"@type":"ImageObject","inLanguage":"en-GB","@id":"https:\/\/atana.pl\/sklep-on-line\/windy_akcesoria\/rolki-kotwiczne-rolki-prowadzace\/rolka-trac-sz25\/#primaryimage","url":"https:\/\/atana.pl\/wp-content\/uploads\/2006\/04\/Rolka-kotwiczna_Kotwice-river-grzybek__RKT25_maksymalna-kotwica-river20-biale-tlo.webp","contentUrl":"https:\/\/atana.pl\/wp-content\/uploads\/2006\/04\/Rolka-kotwiczna_Kotwice-river-grzybek__RKT25_maksymalna-kotwica-river20-biale-tlo.webp","width":1200,"height":1200,"caption":"Rolka kotwiczna Kotwice river grzybek RKT25 maksymalna kotwica river20 bia\u0142e tlo"},{"@type":"BreadcrumbList","@id":"https:\/\/atana.pl\/sklep-on-line\/windy_akcesoria\/rolki-kotwiczne-rolki-prowadzace\/rolka-trac-sz25\/#breadcrumb","itemListElement":[{"@type":"ListItem","position":1,"name":"Strona g\u0142\u00f3wna","item":"https:\/\/atana.pl\/"},{"@type":"ListItem","position":2,"name":"Sklep on-line","item":"https:\/\/atana.pl\/sklep-on-line\/"},{"@type":"ListItem","position":3,"name":"Rolka kotwiczna TRAC SZ25 &#8211; Kotwice RIVER\/GRZYBEK"}]},{"@type":"WebSite","@id":"https:\/\/atana.pl\/#website","url":"https:\/\/atana.pl\/","name":"Atana","description":"Akcesoria do \u0142odzi, kamper\u00f3w i przyczep. \u0141odzie motorowe","publisher":{"@id":"https:\/\/atana.pl\/#organization"},"potentialAction":[{"@type":"SearchAction","target":{"@type":"EntryPoint","urlTemplate":"https:\/\/atana.pl\/?s={search_term_string}"},"query-input":{"@type":"PropertyValueSpecification","valueRequired":true,"valueName":"search_term_string"}}],"inLanguage":"en-GB"},{"@type":"Organization","@id":"https:\/\/atana.pl\/#organization","name":"Atana","url":"https:\/\/atana.pl\/","logo":{"@type":"ImageObject","inLanguage":"en-GB","@id":"https:\/\/atana.pl\/#\/schema\/logo\/image\/","url":"","contentUrl":"","caption":"Atana"},"image":{"@id":"https:\/\/atana.pl\/#\/schema\/logo\/image\/"},"sameAs":["https:\/\/www.facebook.com\/atanayachts","https:\/\/www.instagram.com\/atanaboats\/","https:\/\/www.youtube.com\/channel\/UClMMmVqqx17in9QzgxK90Mw"]}]}},"_links":{"self":[{"href":"https:\/\/atana.pl\/en\/wp-json\/wp\/v2\/product\/6070","targetHints":{"allow":["GET"]}}],"collection":[{"href":"https:\/\/atana.pl\/en\/wp-json\/wp\/v2\/product"}],"about":[{"href":"https:\/\/atana.pl\/en\/wp-json\/wp\/v2\/types\/product"}],"wp:featuredmedia":[{"embeddable":true,"href":"https:\/\/atana.pl\/en\/wp-json\/wp\/v2\/media\/8607"}],"wp:attachment":[{"href":"https:\/\/atana.pl\/en\/wp-json\/wp\/v2\/media?parent=6070"}],"wp:term":[{"taxonomy":"product_brand","embeddable":true,"href":"https:\/\/atana.pl\/en\/wp-json\/wp\/v2\/product_brand?post=6070"},{"taxonomy":"product_cat","embeddable":true,"href":"https:\/\/atana.pl\/en\/wp-json\/wp\/v2\/product_cat?post=6070"},{"taxonomy":"product_tag","embeddable":true,"href":"https:\/\/atana.pl\/en\/wp-json\/wp\/v2\/product_tag?post=6070"}],"curies":[{"name":"wp","href":"https:\/\/api.w.org\/{rel}","templated":true}]}}