{"id":6030,"date":"2010-01-27T12:16:54","date_gmt":"2010-01-27T11:16:54","guid":{"rendered":"https:\/\/atana.pl\/sklep-on-line\/adapter-relingu\/"},"modified":"2025-11-18T14:57:36","modified_gmt":"2025-11-18T13:57:36","slug":"adapter-relingowy-do-grilla-kuuma-montaz-na-burcie-bez-wiercenia","status":"publish","type":"product","link":"https:\/\/atana.pl\/en\/online-shop\/barbecues-and-accessories\/akcesoria\/adapter-relingowy-do-grilla-kuuma-montaz-na-burcie-bez-wiercenia\/","title":{"rendered":"Grill adapter rail"},"content":{"rendered":"<h3 class=\"\" data-start=\"1031\" data-end=\"1109\"><strong data-start=\"1035\" data-end=\"1109\">Adapter relingowy do grilla Kuuma \u2013 monta\u017c bez wiercenia, gdzie chcesz<\/strong><\/h3>\n<p class=\"\" data-start=\"1111\" data-end=\"1371\">Nie masz relingu w miejscu, gdzie chcia\u0142by\u015b zamontowa\u0107 grill?<br data-start=\"1172\" data-end=\"1175\" \/><strong data-start=\"1175\" data-end=\"1212\">Adapter relingowy do grilla Kuuma<\/strong> to praktyczne i solidne rozwi\u0105zanie, kt\u00f3re umo\u017cliwia monta\u017c grilla nawet wtedy, gdy Twoja \u0142\u00f3d\u017a nie posiada relingu \u2013 lub w miejscu, gdzie go po prostu nie ma.<\/p>\n<p class=\"\" data-start=\"1373\" data-end=\"1522\">Wykonany ze <strong data-start=\"1385\" data-end=\"1420\">stali kwasoodpornej i aluminium<\/strong>, odporny na warunki morskie i \u0142atwy w monta\u017cu \u2013 bez konieczno\u015bci wiercenia czy przykr\u0119cania na sta\u0142e.<\/p>\n<hr class=\"\" data-start=\"1524\" data-end=\"1527\" \/>\n<h3 class=\"\" data-start=\"1529\" data-end=\"1573\"><strong data-start=\"1533\" data-end=\"1573\">Dlaczego warto wybra\u0107 adapter Kuuma?<\/strong><\/h3>\n<p class=\"\" data-start=\"1575\" data-end=\"2091\">\u00a0 \u00a0\u2705 <strong data-start=\"1577\" data-end=\"1601\">Monta\u017c bez wiercenia<\/strong> \u2013 zacisk na burcie za pomoc\u0105 klucza imbusowego<\/p>\n<p class=\"\" data-start=\"1575\" data-end=\"2091\">\u00a0 \u00a0\u2705 <strong data-start=\"1653\" data-end=\"1681\">Uniwersalne zastosowanie<\/strong> \u2013 pasuje do wi\u0119kszo\u015bci burt o grubo\u015bci 1,8\u20133,5 cm<\/p>\n<p class=\"\" data-start=\"1575\" data-end=\"2091\">\u00a0 \u00a0\u2705 <strong data-start=\"1738\" data-end=\"1784\">Kompatybilny z uchwytami relingowymi Kuuma<\/strong> \u2013 pe\u0142na swoboda doboru systemu monta\u017cu<\/p>\n<p class=\"\" data-start=\"1575\" data-end=\"2091\">\u00a0 \u00a0\u2705 <strong data-start=\"1828\" data-end=\"1859\">Bezpiecze\u0144stwo i stabilno\u015b\u0107<\/strong> \u2013 grill nie przewr\u00f3ci si\u0119, nie przeszkadza w poruszaniu si\u0119<\/p>\n<p class=\"\" data-start=\"1575\" data-end=\"2091\">\u00a0 \u00a0\u2705 <strong data-start=\"1924\" data-end=\"1962\">Odporno\u015b\u0107 na temperatur\u0119 i korozj\u0119<\/strong> \u2013 wykonanie z aluminium i stali nierdzewnej<\/p>\n<p class=\"\" data-start=\"1575\" data-end=\"2091\">\u00a0 \u00a0\u2705 <strong data-start=\"2011\" data-end=\"2024\">Mobilno\u015b\u0107<\/strong> \u2013 po demonta\u017cu ca\u0142y zestaw mie\u015bci si\u0119 w torbie Kuuma lub bakistach<\/p>\n<hr class=\"\" data-start=\"2093\" data-end=\"2096\" \/>\n<h3 class=\"\" data-start=\"2098\" data-end=\"2122\"><strong data-start=\"2102\" data-end=\"2122\">Technical data:<\/strong><\/h3>\n<ul data-start=\"2124\" data-end=\"2302\">\n<li class=\"\" data-start=\"2124\" data-end=\"2160\">\n<p class=\"\" data-start=\"2126\" data-end=\"2160\"><strong data-start=\"2126\" data-end=\"2147\">Zakres monta\u017cowy:<\/strong> 1,8\u20133,5 cm<\/p>\n<\/li>\n<li class=\"\" data-start=\"2161\" data-end=\"2196\">\n<p class=\"\" data-start=\"2163\" data-end=\"2196\"><strong data-start=\"2163\" data-end=\"2175\">Dimensions:<\/strong> 42,5 x 20 x 7,5 cm<\/p>\n<\/li>\n<li class=\"\" data-start=\"2197\" data-end=\"2244\">\n<p class=\"\" data-start=\"2199\" data-end=\"2244\"><strong data-start=\"2199\" data-end=\"2212\">Material:<\/strong> stal kwasoodporna + aluminium<\/p>\n<\/li>\n<li class=\"\" data-start=\"2245\" data-end=\"2302\">\n<p class=\"\" data-start=\"2247\" data-end=\"2302\"><strong data-start=\"2247\" data-end=\"2258\">Assembly:<\/strong> zaciskowy (bez wiercenia), imbus w zestawie<\/p>\n<\/li>\n<\/ul>\n<hr class=\"\" data-start=\"2304\" data-end=\"2307\" \/>\n<h3 class=\"\" data-start=\"2309\" data-end=\"2332\"><strong data-start=\"2313\" data-end=\"2332\">Kompatybilno\u015b\u0107:<\/strong><\/h3>\n<p class=\"\" data-start=\"2334\" data-end=\"2462\">\u2714\ufe0f Adapter wsp\u00f3\u0142pracuje z <a href=\"https:\/\/atana.pl\/en\/?s=uchwyt na reling&amp;post_type=product&amp;dgwt_wcas=1\"><strong data-start=\"2360\" data-end=\"2391\">uchwytami relingowymi Kuuma<\/strong><\/a><br data-start=\"2391\" data-end=\"2394\" \/>\u2714\ufe0f Pasuje do wszystkich modeli <a href=\"https:\/\/atana.pl\/en\/online-shop\/?yith_wcan=1&amp;s=grill kuuma&amp;post_type=product&amp;dgwt_wcas=1&amp;product_cat=grille-kuuma\"><strong data-start=\"2425\" data-end=\"2462\">grilli Kuuma gazowych i w\u0119glowych<\/strong><\/a><\/p>\n<p class=\"\" data-start=\"2464\" data-end=\"2516\">\u2753 Nie wiesz, kt\u00f3ry uchwyt dobra\u0107? Napisz lub zadzwo\u0144 \u2013 pomo\u017cemy!<\/p>","protected":false},"excerpt":{"rendered":"<ul>\n<li>Kuuma railing adapter<\/li>\n<li>Do stosowania z uchwytami Kuuma<\/li>\n<\/ul>","protected":false},"featured_media":7597,"template":"","meta":{"_acf_changed":false},"product_brand":[],"product_cat":[129,119,120],"product_tag":[700,696,695,581,698,702,705,709,708,710,676,703,620,707,704,701,145,697,706,699],"class_list":{"0":"post-6030","1":"product","2":"type-product","3":"status-publish","4":"has-post-thumbnail","6":"product_cat-akcesoria","7":"product_cat-grille-i-akcesoria","8":"product_cat-kuuma","9":"product_tag-adapter-do-uchwytu-kuuma","10":"product_tag-adapter-kuuma","11":"product_tag-adapter-relingowy-do-grilla","12":"product_tag-akcesoria-do-grilla-kuuma","13":"product_tag-grill-bez-relingu","14":"product_tag-grill-do-burty-lodzi","15":"product_tag-grill-do-lodzi-bez-relingu","16":"product_tag-grill-do-montazu-tymczasowego","17":"product_tag-grill-kuuma-montaz-bez-srub","18":"product_tag-grill-mobilny-kuuma","19":"product_tag-grill-morski-kuuma","20":"product_tag-grill-na-pokladzie-bez-relingu","21":"product_tag-grill-turystyczny-kuuma","22":"product_tag-grill-z-adapterem-na-burte","23":"product_tag-grill-z-montazem-zaciskowym","24":"product_tag-grill-z-zaciskiem","25":"product_tag-grillowanie-na-lodzi","26":"product_tag-montaz-grilla-bez-wiercenia","27":"product_tag-stal-nierdzewna-do-grilla","28":"product_tag-uchwyt-do-grilla-na-burte","30":"first","31":"instock","32":"taxable","33":"shipping-taxable","34":"purchasable","35":"product-type-simple"},"acf":[],"yoast_head":"<!-- This site is optimized with the Yoast SEO plugin v25.2 - https:\/\/yoast.com\/wordpress\/plugins\/seo\/ -->\n<title>Reling adapter do grilla - Atana<\/title>\n<meta name=\"description\" content=\"Adapter relingowy do grilla Kuuma \u2013 do monta\u017cu na burcie bez wiercenia. Stal kwasoodporna i aluminium, szybki monta\u017c, wysy\u0142ka 24h, gwarancja.\" \/>\n<meta name=\"robots\" content=\"index, follow, max-snippet:-1, max-image-preview:large, max-video-preview:-1\" \/>\n<link rel=\"canonical\" href=\"https:\/\/atana.pl\/en\/online-shop\/barbecues-and-accessories\/akcesoria\/adapter-relingowy-do-grilla-kuuma-montaz-na-burcie-bez-wiercenia\/\" \/>\n<meta property=\"og:locale\" content=\"en_GB\" \/>\n<meta property=\"og:type\" content=\"article\" \/>\n<meta property=\"og:title\" content=\"Reling adapter do grilla - Atana\" \/>\n<meta property=\"og:description\" content=\"Adapter relingowy do grilla Kuuma \u2013 do monta\u017cu na burcie bez wiercenia. Stal kwasoodporna i aluminium, szybki monta\u017c, wysy\u0142ka 24h, gwarancja.\" \/>\n<meta property=\"og:url\" content=\"https:\/\/atana.pl\/en\/online-shop\/barbecues-and-accessories\/akcesoria\/adapter-relingowy-do-grilla-kuuma-montaz-na-burcie-bez-wiercenia\/\" \/>\n<meta property=\"og:site_name\" content=\"Atana\" \/>\n<meta property=\"article:publisher\" content=\"https:\/\/www.facebook.com\/atanayachts\" \/>\n<meta property=\"article:modified_time\" content=\"2025-11-18T13:57:36+00:00\" \/>\n<meta property=\"og:image\" content=\"https:\/\/atana.pl\/wp-content\/uploads\/1967\/01\/58197-kuuma-rail-adapter-aluminum-stainless-no-drill.webp\" \/>\n\t<meta property=\"og:image:width\" content=\"1200\" \/>\n\t<meta property=\"og:image:height\" content=\"1200\" \/>\n\t<meta property=\"og:image:type\" content=\"image\/webp\" \/>\n<meta name=\"twitter:card\" content=\"summary_large_image\" \/>\n<meta name=\"twitter:label1\" content=\"Estimated reading time\" \/>\n\t<meta name=\"twitter:data1\" content=\"1 minute\" \/>\n<script type=\"application\/ld+json\" class=\"yoast-schema-graph\">{\"@context\":\"https:\/\/schema.org\",\"@graph\":[{\"@type\":\"WebPage\",\"@id\":\"https:\/\/atana.pl\/sklep-on-line\/grille-i-akcesoria\/akcesoria\/adapter-relingowy-do-grilla-kuuma-montaz-na-burcie-bez-wiercenia\/\",\"url\":\"https:\/\/atana.pl\/sklep-on-line\/grille-i-akcesoria\/akcesoria\/adapter-relingowy-do-grilla-kuuma-montaz-na-burcie-bez-wiercenia\/\",\"name\":\"Reling adapter do grilla - Atana\",\"isPartOf\":{\"@id\":\"https:\/\/atana.pl\/#website\"},\"primaryImageOfPage\":{\"@id\":\"https:\/\/atana.pl\/sklep-on-line\/grille-i-akcesoria\/akcesoria\/adapter-relingowy-do-grilla-kuuma-montaz-na-burcie-bez-wiercenia\/#primaryimage\"},\"image\":{\"@id\":\"https:\/\/atana.pl\/sklep-on-line\/grille-i-akcesoria\/akcesoria\/adapter-relingowy-do-grilla-kuuma-montaz-na-burcie-bez-wiercenia\/#primaryimage\"},\"thumbnailUrl\":\"https:\/\/atana.pl\/wp-content\/uploads\/1967\/01\/58197-kuuma-rail-adapter-aluminum-stainless-no-drill.webp\",\"datePublished\":\"2010-01-27T11:16:54+00:00\",\"dateModified\":\"2025-11-18T13:57:36+00:00\",\"description\":\"Adapter relingowy do grilla Kuuma \u2013 do monta\u017cu na burcie bez wiercenia. Stal kwasoodporna i aluminium, szybki monta\u017c, wysy\u0142ka 24h, gwarancja.\",\"breadcrumb\":{\"@id\":\"https:\/\/atana.pl\/sklep-on-line\/grille-i-akcesoria\/akcesoria\/adapter-relingowy-do-grilla-kuuma-montaz-na-burcie-bez-wiercenia\/#breadcrumb\"},\"inLanguage\":\"en-GB\",\"potentialAction\":[{\"@type\":\"ReadAction\",\"target\":[\"https:\/\/atana.pl\/sklep-on-line\/grille-i-akcesoria\/akcesoria\/adapter-relingowy-do-grilla-kuuma-montaz-na-burcie-bez-wiercenia\/\"]}]},{\"@type\":\"ImageObject\",\"inLanguage\":\"en-GB\",\"@id\":\"https:\/\/atana.pl\/sklep-on-line\/grille-i-akcesoria\/akcesoria\/adapter-relingowy-do-grilla-kuuma-montaz-na-burcie-bez-wiercenia\/#primaryimage\",\"url\":\"https:\/\/atana.pl\/wp-content\/uploads\/1967\/01\/58197-kuuma-rail-adapter-aluminum-stainless-no-drill.webp\",\"contentUrl\":\"https:\/\/atana.pl\/wp-content\/uploads\/1967\/01\/58197-kuuma-rail-adapter-aluminum-stainless-no-drill.webp\",\"width\":1200,\"height\":1200,\"caption\":\"58197 kuuma rail adapter aluminum stainless no drill\"},{\"@type\":\"BreadcrumbList\",\"@id\":\"https:\/\/atana.pl\/sklep-on-line\/grille-i-akcesoria\/akcesoria\/adapter-relingowy-do-grilla-kuuma-montaz-na-burcie-bez-wiercenia\/#breadcrumb\",\"itemListElement\":[{\"@type\":\"ListItem\",\"position\":1,\"name\":\"Strona g\u0142\u00f3wna\",\"item\":\"https:\/\/atana.pl\/\"},{\"@type\":\"ListItem\",\"position\":2,\"name\":\"Sklep on-line\",\"item\":\"https:\/\/atana.pl\/sklep-on-line\/\"},{\"@type\":\"ListItem\",\"position\":3,\"name\":\"Reling adapter do grilla\"}]},{\"@type\":\"WebSite\",\"@id\":\"https:\/\/atana.pl\/#website\",\"url\":\"https:\/\/atana.pl\/\",\"name\":\"Atana\",\"description\":\"Akcesoria do \u0142odzi, kamper\u00f3w i przyczep. \u0141odzie motorowe\",\"publisher\":{\"@id\":\"https:\/\/atana.pl\/#organization\"},\"potentialAction\":[{\"@type\":\"SearchAction\",\"target\":{\"@type\":\"EntryPoint\",\"urlTemplate\":\"https:\/\/atana.pl\/?s={search_term_string}\"},\"query-input\":{\"@type\":\"PropertyValueSpecification\",\"valueRequired\":true,\"valueName\":\"search_term_string\"}}],\"inLanguage\":\"en-GB\"},{\"@type\":\"Organization\",\"@id\":\"https:\/\/atana.pl\/#organization\",\"name\":\"Atana\",\"url\":\"https:\/\/atana.pl\/\",\"logo\":{\"@type\":\"ImageObject\",\"inLanguage\":\"en-GB\",\"@id\":\"https:\/\/atana.pl\/#\/schema\/logo\/image\/\",\"url\":\"\",\"contentUrl\":\"\",\"caption\":\"Atana\"},\"image\":{\"@id\":\"https:\/\/atana.pl\/#\/schema\/logo\/image\/\"},\"sameAs\":[\"https:\/\/www.facebook.com\/atanayachts\",\"https:\/\/www.instagram.com\/atanaboats\/\",\"https:\/\/www.youtube.com\/channel\/UClMMmVqqx17in9QzgxK90Mw\"]}]}<\/script>\n<!-- \/ Yoast SEO plugin. -->","yoast_head_json":{"title":"Reling adapter do grilla - Atana","description":"Adapter relingowy do grilla Kuuma \u2013 do monta\u017cu na burcie bez wiercenia. Stal kwasoodporna i aluminium, szybki monta\u017c, wysy\u0142ka 24h, gwarancja.","robots":{"index":"index","follow":"follow","max-snippet":"max-snippet:-1","max-image-preview":"max-image-preview:large","max-video-preview":"max-video-preview:-1"},"canonical":"https:\/\/atana.pl\/en\/online-shop\/barbecues-and-accessories\/akcesoria\/adapter-relingowy-do-grilla-kuuma-montaz-na-burcie-bez-wiercenia\/","og_locale":"en_GB","og_type":"article","og_title":"Reling adapter do grilla - Atana","og_description":"Adapter relingowy do grilla Kuuma \u2013 do monta\u017cu na burcie bez wiercenia. Stal kwasoodporna i aluminium, szybki monta\u017c, wysy\u0142ka 24h, gwarancja.","og_url":"https:\/\/atana.pl\/en\/online-shop\/barbecues-and-accessories\/akcesoria\/adapter-relingowy-do-grilla-kuuma-montaz-na-burcie-bez-wiercenia\/","og_site_name":"Atana","article_publisher":"https:\/\/www.facebook.com\/atanayachts","article_modified_time":"2025-11-18T13:57:36+00:00","og_image":[{"width":1200,"height":1200,"url":"https:\/\/atana.pl\/wp-content\/uploads\/1967\/01\/58197-kuuma-rail-adapter-aluminum-stainless-no-drill.webp","type":"image\/webp"}],"twitter_card":"summary_large_image","twitter_misc":{"Estimated reading time":"1 minute"},"schema":{"@context":"https:\/\/schema.org","@graph":[{"@type":"WebPage","@id":"https:\/\/atana.pl\/sklep-on-line\/grille-i-akcesoria\/akcesoria\/adapter-relingowy-do-grilla-kuuma-montaz-na-burcie-bez-wiercenia\/","url":"https:\/\/atana.pl\/sklep-on-line\/grille-i-akcesoria\/akcesoria\/adapter-relingowy-do-grilla-kuuma-montaz-na-burcie-bez-wiercenia\/","name":"Reling adapter do grilla - Atana","isPartOf":{"@id":"https:\/\/atana.pl\/#website"},"primaryImageOfPage":{"@id":"https:\/\/atana.pl\/sklep-on-line\/grille-i-akcesoria\/akcesoria\/adapter-relingowy-do-grilla-kuuma-montaz-na-burcie-bez-wiercenia\/#primaryimage"},"image":{"@id":"https:\/\/atana.pl\/sklep-on-line\/grille-i-akcesoria\/akcesoria\/adapter-relingowy-do-grilla-kuuma-montaz-na-burcie-bez-wiercenia\/#primaryimage"},"thumbnailUrl":"https:\/\/atana.pl\/wp-content\/uploads\/1967\/01\/58197-kuuma-rail-adapter-aluminum-stainless-no-drill.webp","datePublished":"2010-01-27T11:16:54+00:00","dateModified":"2025-11-18T13:57:36+00:00","description":"Adapter relingowy do grilla Kuuma \u2013 do monta\u017cu na burcie bez wiercenia. Stal kwasoodporna i aluminium, szybki monta\u017c, wysy\u0142ka 24h, gwarancja.","breadcrumb":{"@id":"https:\/\/atana.pl\/sklep-on-line\/grille-i-akcesoria\/akcesoria\/adapter-relingowy-do-grilla-kuuma-montaz-na-burcie-bez-wiercenia\/#breadcrumb"},"inLanguage":"en-GB","potentialAction":[{"@type":"ReadAction","target":["https:\/\/atana.pl\/sklep-on-line\/grille-i-akcesoria\/akcesoria\/adapter-relingowy-do-grilla-kuuma-montaz-na-burcie-bez-wiercenia\/"]}]},{"@type":"ImageObject","inLanguage":"en-GB","@id":"https:\/\/atana.pl\/sklep-on-line\/grille-i-akcesoria\/akcesoria\/adapter-relingowy-do-grilla-kuuma-montaz-na-burcie-bez-wiercenia\/#primaryimage","url":"https:\/\/atana.pl\/wp-content\/uploads\/1967\/01\/58197-kuuma-rail-adapter-aluminum-stainless-no-drill.webp","contentUrl":"https:\/\/atana.pl\/wp-content\/uploads\/1967\/01\/58197-kuuma-rail-adapter-aluminum-stainless-no-drill.webp","width":1200,"height":1200,"caption":"58197 kuuma rail adapter aluminum stainless no drill"},{"@type":"BreadcrumbList","@id":"https:\/\/atana.pl\/sklep-on-line\/grille-i-akcesoria\/akcesoria\/adapter-relingowy-do-grilla-kuuma-montaz-na-burcie-bez-wiercenia\/#breadcrumb","itemListElement":[{"@type":"ListItem","position":1,"name":"Strona g\u0142\u00f3wna","item":"https:\/\/atana.pl\/"},{"@type":"ListItem","position":2,"name":"Sklep on-line","item":"https:\/\/atana.pl\/sklep-on-line\/"},{"@type":"ListItem","position":3,"name":"Reling adapter do grilla"}]},{"@type":"WebSite","@id":"https:\/\/atana.pl\/#website","url":"https:\/\/atana.pl\/","name":"Atana","description":"Akcesoria do \u0142odzi, kamper\u00f3w i przyczep. \u0141odzie motorowe","publisher":{"@id":"https:\/\/atana.pl\/#organization"},"potentialAction":[{"@type":"SearchAction","target":{"@type":"EntryPoint","urlTemplate":"https:\/\/atana.pl\/?s={search_term_string}"},"query-input":{"@type":"PropertyValueSpecification","valueRequired":true,"valueName":"search_term_string"}}],"inLanguage":"en-GB"},{"@type":"Organization","@id":"https:\/\/atana.pl\/#organization","name":"Atana","url":"https:\/\/atana.pl\/","logo":{"@type":"ImageObject","inLanguage":"en-GB","@id":"https:\/\/atana.pl\/#\/schema\/logo\/image\/","url":"","contentUrl":"","caption":"Atana"},"image":{"@id":"https:\/\/atana.pl\/#\/schema\/logo\/image\/"},"sameAs":["https:\/\/www.facebook.com\/atanayachts","https:\/\/www.instagram.com\/atanaboats\/","https:\/\/www.youtube.com\/channel\/UClMMmVqqx17in9QzgxK90Mw"]}]}},"_links":{"self":[{"href":"https:\/\/atana.pl\/en\/wp-json\/wp\/v2\/product\/6030","targetHints":{"allow":["GET"]}}],"collection":[{"href":"https:\/\/atana.pl\/en\/wp-json\/wp\/v2\/product"}],"about":[{"href":"https:\/\/atana.pl\/en\/wp-json\/wp\/v2\/types\/product"}],"wp:featuredmedia":[{"embeddable":true,"href":"https:\/\/atana.pl\/en\/wp-json\/wp\/v2\/media\/7597"}],"wp:attachment":[{"href":"https:\/\/atana.pl\/en\/wp-json\/wp\/v2\/media?parent=6030"}],"wp:term":[{"taxonomy":"product_brand","embeddable":true,"href":"https:\/\/atana.pl\/en\/wp-json\/wp\/v2\/product_brand?post=6030"},{"taxonomy":"product_cat","embeddable":true,"href":"https:\/\/atana.pl\/en\/wp-json\/wp\/v2\/product_cat?post=6030"},{"taxonomy":"product_tag","embeddable":true,"href":"https:\/\/atana.pl\/en\/wp-json\/wp\/v2\/product_tag?post=6030"}],"curies":[{"name":"wp","href":"https:\/\/api.w.org\/{rel}","templated":true}]}}