{"id":6013,"date":"2020-01-27T12:16:53","date_gmt":"2020-01-27T11:16:53","guid":{"rendered":"https:\/\/atana.pl\/sklep-on-line\/uchwyt-na-reling-szybkozlacze\/"},"modified":"2026-03-18T15:27:24","modified_gmt":"2026-03-18T14:27:24","slug":"uchwyt-do-grilla-z-szybkozlaczem-montaz-grilla-na-reling-bez-narzedzi","status":"publish","type":"product","link":"https:\/\/atana.pl\/en\/online-shop\/barbecues-and-accessories\/akcesoria\/uchwyt-do-grilla-z-szybkozlaczem-montaz-grilla-na-reling-bez-narzedzi\/","title":{"rendered":"Grill holder for railing - quick release"},"content":{"rendered":"<h3 class=\"\" data-start=\"1180\" data-end=\"1253\"><strong data-start=\"1184\" data-end=\"1253\">Uchwyt do grilla z szybkoz\u0142\u0105czem \u2013 b\u0142yskawiczny monta\u017c na relingu<\/strong><\/h3>\n<p class=\"\" data-start=\"1255\" data-end=\"1474\">Grillowanie na wodzie jeszcze nigdy nie by\u0142o tak wygodne! <strong data-start=\"1313\" data-end=\"1349\">Uchwyt do grilla z szybkoz\u0142\u0105czem<\/strong> pozwala na bezpieczne i szybkie zamocowanie grilla gazowego lub w\u0119glowego na relingu Twojej \u0142odzi \u2013 <strong data-start=\"1450\" data-end=\"1473\">bez u\u017cycia narz\u0119dzi<\/strong>.<\/p>\n<p class=\"\" data-start=\"1476\" data-end=\"1669\">Dzi\u0119ki zastosowaniu <strong data-start=\"1496\" data-end=\"1521\">anodowanego aluminium<\/strong>, uchwyt jest odporny na rdz\u0119, s\u00f3l morsk\u0105 i wysokie temperatury. Pasuje do reling\u00f3w o \u015brednicy <strong data-start=\"1616\" data-end=\"1628\">22035 mm<\/strong> \u2013 zar\u00f3wno okr\u0105g\u0142ych, jak i kwadratowych.<\/p>\n<hr class=\"\" data-start=\"1671\" data-end=\"1674\" \/>\n<h3 class=\"\" data-start=\"1676\" data-end=\"1729\"><strong data-start=\"1680\" data-end=\"1729\">Dlaczego warto wybra\u0107 uchwyt z szybkoz\u0142\u0105czem?<\/strong><\/h3>\n<p class=\"\" data-start=\"1731\" data-end=\"2109\">\u00a0 \u00a0\u2705 <strong data-start=\"1733\" data-end=\"1765\">Ekspresowy monta\u017c i demonta\u017c<\/strong> \u2013 wystarczy wpi\u0105\u0107 i gotowe<\/p>\n<p class=\"\" data-start=\"1731\" data-end=\"2109\">\u00a0 \u00a0\u2705 <strong data-start=\"1797\" data-end=\"1841\">Idealny do monta\u017cu na zewn\u0105trz jednostki<\/strong> \u2013 wi\u0119ksze bezpiecze\u0144stwo i wygoda<\/p>\n<p class=\"\" data-start=\"1731\" data-end=\"2109\">\u00a0 \u00a0\u2705 <strong data-start=\"1880\" data-end=\"1904\">Stabilno\u015b\u0107 i ochrona<\/strong> \u2013 grill nie przewr\u00f3ci si\u0119 ani nie zsunie z relingu<\/p>\n<p class=\"\" data-start=\"1731\" data-end=\"2109\">\u00a0 \u00a0\u2705 <strong data-start=\"1960\" data-end=\"1985\">Brak ryzyka oparzenia<\/strong> \u2013 uchwyt si\u0119 nie nagrzewa<\/p>\n<p class=\"\" data-start=\"1731\" data-end=\"2109\">\u00a0 \u00a0\u2705 <strong data-start=\"2016\" data-end=\"2040\">Kompaktowy i mobilny<\/strong> \u2013 po grillowaniu \u0142atwo go zdemontowa\u0107 i schowa\u0107 do torby lub bakisty<\/p>\n<hr class=\"\" data-start=\"2111\" data-end=\"2114\" \/>\n<h3 class=\"\" data-start=\"2116\" data-end=\"2139\"><strong data-start=\"2120\" data-end=\"2139\">The kit includes:<\/strong><\/h3>\n<ul data-start=\"2141\" data-end=\"2254\">\n<li class=\"\" data-start=\"2141\" data-end=\"2177\">\n<p class=\"\" data-start=\"2143\" data-end=\"2177\">Uchwyt do grilla z szybkoz\u0142\u0105czem<\/p>\n<\/li>\n<li class=\"\" data-start=\"2178\" data-end=\"2197\">\n<p class=\"\" data-start=\"2180\" data-end=\"2197\">Mounting screws<\/p>\n<\/li>\n<li class=\"\" data-start=\"2198\" data-end=\"2216\">\n<p class=\"\" data-start=\"2200\" data-end=\"2216\">Allen key<\/p>\n<\/li>\n<li class=\"\" data-start=\"2217\" data-end=\"2254\">\n<p class=\"\" data-start=\"2219\" data-end=\"2254\">Motylkowe \u015bruby do mocowania grilla<\/p>\n<\/li>\n<\/ul>\n<hr class=\"\" data-start=\"2256\" data-end=\"2259\" \/>\n<h3 class=\"\" data-start=\"2261\" data-end=\"2285\"><strong data-start=\"2265\" data-end=\"2285\">Technical data:<\/strong><\/h3>\n<ul data-start=\"2287\" data-end=\"2431\">\n<li class=\"\" data-start=\"2287\" data-end=\"2335\">\n<p class=\"\" data-start=\"2289\" data-end=\"2335\"><strong data-start=\"2289\" data-end=\"2313\">Dimensions (L x S x W):<\/strong> 8 cm x 5 cm x 23 cm<\/p>\n<\/li>\n<li class=\"\" data-start=\"2336\" data-end=\"2373\">\n<p class=\"\" data-start=\"2338\" data-end=\"2373\"><strong data-start=\"2338\" data-end=\"2351\">Material:<\/strong> anodised aluminium<\/p>\n<\/li>\n<li class=\"\" data-start=\"2374\" data-end=\"2431\">\n<p class=\"\" data-start=\"2376\" data-end=\"2431\"><strong data-start=\"2376\" data-end=\"2399\">Fits rails:<\/strong> 20\u201335 mm (okr\u0105g\u0142e i kwadratowe)<\/p>\n<\/li>\n<\/ul>\n<hr class=\"\" data-start=\"2433\" data-end=\"2436\" \/>\n<h3 class=\"\" data-start=\"2438\" data-end=\"2461\"><strong data-start=\"2442\" data-end=\"2461\">Kompatybilno\u015b\u0107:<\/strong><\/h3>\n<p class=\"\" data-start=\"2463\" data-end=\"2671\">Uchwyt wsp\u00f3\u0142pracuje z <a href=\"https:\/\/atana.pl\/en\/online-shop\/?yith_wcan=1&amp;s=grill kuuma&amp;post_type=product&amp;dgwt_wcas=1&amp;product_cat=grille-kuuma\"><strong data-start=\"2485\" data-end=\"2503\">grillami Kuuma<\/strong><\/a> i innymi standardowymi grillami relingowymi. Je\u015bli nie jeste\u015b pewien, czy b\u0119dzie pasowa\u0107 do Twojego sprz\u0119tu \u2013 <strong data-start=\"2614\" data-end=\"2643\">napisz do nas, a pomo\u017cemy<\/strong> dobra\u0107 idealne rozwi\u0105zanie.<\/p>\n<hr class=\"\" data-start=\"2673\" data-end=\"2676\" \/>\n<h3 class=\"\" data-start=\"2678\" data-end=\"2710\"><strong data-start=\"2682\" data-end=\"2710\">Zyskaj pewno\u015b\u0107 i wygod\u0119:<\/strong><\/h3>\n<ul data-start=\"2712\" data-end=\"2924\">\n<li class=\"\" data-start=\"2712\" data-end=\"2732\">\n<p class=\"\" data-start=\"2714\" data-end=\"2732\">2 lata gwarancji<\/p>\n<\/li>\n<li class=\"\" data-start=\"2733\" data-end=\"2765\">\n<p class=\"\" data-start=\"2735\" data-end=\"2765\">Service and technical support<\/p>\n<\/li>\n<li class=\"\" data-start=\"2766\" data-end=\"2802\">\n<p class=\"\" data-start=\"2768\" data-end=\"2802\">Cz\u0119\u015bci zamienne dost\u0119pne od r\u0119ki<\/p>\n<\/li>\n<li class=\"\" data-start=\"2803\" data-end=\"2840\">\n<p class=\"\" data-start=\"2805\" data-end=\"2840\">Szybka realizacja \u2013 wysy\u0142ka w 24h<\/p>\n<\/li>\n<li class=\"\" data-start=\"2841\" data-end=\"2924\">\n<p class=\"\" data-start=\"2843\" data-end=\"2924\">Profesjonalne doradztwo \u2013 pomo\u017cemy dobra\u0107 ca\u0142y zestaw: grill + uchwyt + akcesoria<\/p>\n<\/li>\n<\/ul>\n<hr class=\"\" data-start=\"2926\" data-end=\"2929\" \/>\n<p class=\"\" data-start=\"2931\" data-end=\"3089\">\ud83d\udd27 <strong data-start=\"2934\" data-end=\"3028\">Uchwyt z szybkoz\u0142\u0105czem to obowi\u0105zkowy dodatek dla ka\u017cdego mi\u0142o\u015bnika grillowania na wodzie.<\/strong><br data-start=\"3028\" data-end=\"3031\" \/>Mocujesz \u2013 grillujesz \u2013 chowasz. Bez narz\u0119dzi. Bez stresu.<\/p>","protected":false},"excerpt":{"rendered":"<ul>\n<li>Grill mounting bracket<\/li>\n<li>Fits any Kuuma barbecue<\/li>\n<li><strong>Dimensions (L x S x W):<\/strong> 8 cm x 5 cm x 22 cm<\/li>\n<li><strong>Performance:<\/strong> anodised aluminium<\/li>\n<li><strong>Fits rails:<\/strong> with a diameter of <strong>20 mm to 35 mm<\/strong><\/li>\n<\/ul>","protected":false},"featured_media":7588,"template":"","meta":{"_acf_changed":false},"product_brand":[],"product_cat":[129,119,120],"product_tag":[],"class_list":{"0":"post-6013","1":"product","2":"type-product","3":"status-publish","4":"has-post-thumbnail","6":"product_cat-akcesoria","7":"product_cat-grille-i-akcesoria","8":"product_cat-kuuma","10":"first","11":"outofstock","12":"taxable","13":"shipping-taxable","14":"purchasable","15":"product-type-simple"},"acf":[],"yoast_head":"<!-- This site is optimized with the Yoast SEO plugin v25.2 - https:\/\/yoast.com\/wordpress\/plugins\/seo\/ -->\n<title>Uchwyt do grilla na reling - szybkoz\u0142\u0105cze - Atana<\/title>\n<meta name=\"description\" content=\"Uchwyt do grilla z szybkoz\u0142\u0105czem \u2013 szybki monta\u017c grilla na relingu \u0142odzi. Anodowane aluminium, odporno\u015b\u0107 na warunki morskie. Wysy\u0142ka 24h, gwarancja.\" \/>\n<meta name=\"robots\" content=\"index, follow, max-snippet:-1, max-image-preview:large, max-video-preview:-1\" \/>\n<link rel=\"canonical\" href=\"https:\/\/atana.pl\/en\/online-shop\/barbecues-and-accessories\/akcesoria\/uchwyt-do-grilla-z-szybkozlaczem-montaz-grilla-na-reling-bez-narzedzi\/\" \/>\n<meta property=\"og:locale\" content=\"en_GB\" \/>\n<meta property=\"og:type\" content=\"article\" \/>\n<meta property=\"og:title\" content=\"Uchwyt do grilla na reling - szybkoz\u0142\u0105cze - Atana\" \/>\n<meta property=\"og:description\" content=\"Uchwyt do grilla z szybkoz\u0142\u0105czem \u2013 szybki monta\u017c grilla na relingu \u0142odzi. Anodowane aluminium, odporno\u015b\u0107 na warunki morskie. Wysy\u0142ka 24h, gwarancja.\" \/>\n<meta property=\"og:url\" content=\"https:\/\/atana.pl\/en\/online-shop\/barbecues-and-accessories\/akcesoria\/uchwyt-do-grilla-z-szybkozlaczem-montaz-grilla-na-reling-bez-narzedzi\/\" \/>\n<meta property=\"og:site_name\" content=\"Atana\" \/>\n<meta property=\"article:publisher\" content=\"https:\/\/www.facebook.com\/atanayachts\" \/>\n<meta property=\"article:modified_time\" content=\"2026-03-18T14:27:24+00:00\" \/>\n<meta property=\"og:image\" content=\"https:\/\/atana.pl\/wp-content\/uploads\/1967\/01\/58195-kuuma-quick-release-grill-mount-aluminum-rail.webp\" \/>\n\t<meta property=\"og:image:width\" content=\"1200\" \/>\n\t<meta property=\"og:image:height\" content=\"1200\" \/>\n\t<meta property=\"og:image:type\" content=\"image\/webp\" \/>\n<meta name=\"twitter:card\" content=\"summary_large_image\" \/>\n<meta name=\"twitter:label1\" content=\"Estimated reading time\" \/>\n\t<meta name=\"twitter:data1\" content=\"1 minute\" \/>\n<script type=\"application\/ld+json\" class=\"yoast-schema-graph\">{\"@context\":\"https:\/\/schema.org\",\"@graph\":[{\"@type\":\"WebPage\",\"@id\":\"https:\/\/atana.pl\/sklep-on-line\/grille-i-akcesoria\/akcesoria\/uchwyt-do-grilla-z-szybkozlaczem-montaz-grilla-na-reling-bez-narzedzi\/\",\"url\":\"https:\/\/atana.pl\/sklep-on-line\/grille-i-akcesoria\/akcesoria\/uchwyt-do-grilla-z-szybkozlaczem-montaz-grilla-na-reling-bez-narzedzi\/\",\"name\":\"Uchwyt do grilla na reling - szybkoz\u0142\u0105cze - Atana\",\"isPartOf\":{\"@id\":\"https:\/\/atana.pl\/#website\"},\"primaryImageOfPage\":{\"@id\":\"https:\/\/atana.pl\/sklep-on-line\/grille-i-akcesoria\/akcesoria\/uchwyt-do-grilla-z-szybkozlaczem-montaz-grilla-na-reling-bez-narzedzi\/#primaryimage\"},\"image\":{\"@id\":\"https:\/\/atana.pl\/sklep-on-line\/grille-i-akcesoria\/akcesoria\/uchwyt-do-grilla-z-szybkozlaczem-montaz-grilla-na-reling-bez-narzedzi\/#primaryimage\"},\"thumbnailUrl\":\"https:\/\/atana.pl\/wp-content\/uploads\/1967\/01\/58195-kuuma-quick-release-grill-mount-aluminum-rail.webp\",\"datePublished\":\"2020-01-27T11:16:53+00:00\",\"dateModified\":\"2026-03-18T14:27:24+00:00\",\"description\":\"Uchwyt do grilla z szybkoz\u0142\u0105czem \u2013 szybki monta\u017c grilla na relingu \u0142odzi. Anodowane aluminium, odporno\u015b\u0107 na warunki morskie. Wysy\u0142ka 24h, gwarancja.\",\"breadcrumb\":{\"@id\":\"https:\/\/atana.pl\/sklep-on-line\/grille-i-akcesoria\/akcesoria\/uchwyt-do-grilla-z-szybkozlaczem-montaz-grilla-na-reling-bez-narzedzi\/#breadcrumb\"},\"inLanguage\":\"en-GB\",\"potentialAction\":[{\"@type\":\"ReadAction\",\"target\":[\"https:\/\/atana.pl\/sklep-on-line\/grille-i-akcesoria\/akcesoria\/uchwyt-do-grilla-z-szybkozlaczem-montaz-grilla-na-reling-bez-narzedzi\/\"]}]},{\"@type\":\"ImageObject\",\"inLanguage\":\"en-GB\",\"@id\":\"https:\/\/atana.pl\/sklep-on-line\/grille-i-akcesoria\/akcesoria\/uchwyt-do-grilla-z-szybkozlaczem-montaz-grilla-na-reling-bez-narzedzi\/#primaryimage\",\"url\":\"https:\/\/atana.pl\/wp-content\/uploads\/1967\/01\/58195-kuuma-quick-release-grill-mount-aluminum-rail.webp\",\"contentUrl\":\"https:\/\/atana.pl\/wp-content\/uploads\/1967\/01\/58195-kuuma-quick-release-grill-mount-aluminum-rail.webp\",\"width\":1200,\"height\":1200,\"caption\":\"58195 kuuma quick release grill mount aluminum rail\"},{\"@type\":\"BreadcrumbList\",\"@id\":\"https:\/\/atana.pl\/sklep-on-line\/grille-i-akcesoria\/akcesoria\/uchwyt-do-grilla-z-szybkozlaczem-montaz-grilla-na-reling-bez-narzedzi\/#breadcrumb\",\"itemListElement\":[{\"@type\":\"ListItem\",\"position\":1,\"name\":\"Strona g\u0142\u00f3wna\",\"item\":\"https:\/\/atana.pl\/\"},{\"@type\":\"ListItem\",\"position\":2,\"name\":\"Sklep on-line\",\"item\":\"https:\/\/atana.pl\/sklep-on-line\/\"},{\"@type\":\"ListItem\",\"position\":3,\"name\":\"Uchwyt do grilla na reling &#8211; szybkoz\u0142\u0105cze\"}]},{\"@type\":\"WebSite\",\"@id\":\"https:\/\/atana.pl\/#website\",\"url\":\"https:\/\/atana.pl\/\",\"name\":\"Atana\",\"description\":\"Akcesoria do \u0142odzi, kamper\u00f3w i przyczep. \u0141odzie motorowe\",\"publisher\":{\"@id\":\"https:\/\/atana.pl\/#organization\"},\"potentialAction\":[{\"@type\":\"SearchAction\",\"target\":{\"@type\":\"EntryPoint\",\"urlTemplate\":\"https:\/\/atana.pl\/?s={search_term_string}\"},\"query-input\":{\"@type\":\"PropertyValueSpecification\",\"valueRequired\":true,\"valueName\":\"search_term_string\"}}],\"inLanguage\":\"en-GB\"},{\"@type\":\"Organization\",\"@id\":\"https:\/\/atana.pl\/#organization\",\"name\":\"Atana\",\"url\":\"https:\/\/atana.pl\/\",\"logo\":{\"@type\":\"ImageObject\",\"inLanguage\":\"en-GB\",\"@id\":\"https:\/\/atana.pl\/#\/schema\/logo\/image\/\",\"url\":\"\",\"contentUrl\":\"\",\"caption\":\"Atana\"},\"image\":{\"@id\":\"https:\/\/atana.pl\/#\/schema\/logo\/image\/\"},\"sameAs\":[\"https:\/\/www.facebook.com\/atanayachts\",\"https:\/\/www.instagram.com\/atanaboats\/\",\"https:\/\/www.youtube.com\/channel\/UClMMmVqqx17in9QzgxK90Mw\"]}]}<\/script>\n<!-- \/ Yoast SEO plugin. -->","yoast_head_json":{"title":"Uchwyt do grilla na reling - szybkoz\u0142\u0105cze - Atana","description":"Uchwyt do grilla z szybkoz\u0142\u0105czem \u2013 szybki monta\u017c grilla na relingu \u0142odzi. Anodowane aluminium, odporno\u015b\u0107 na warunki morskie. Wysy\u0142ka 24h, gwarancja.","robots":{"index":"index","follow":"follow","max-snippet":"max-snippet:-1","max-image-preview":"max-image-preview:large","max-video-preview":"max-video-preview:-1"},"canonical":"https:\/\/atana.pl\/en\/online-shop\/barbecues-and-accessories\/akcesoria\/uchwyt-do-grilla-z-szybkozlaczem-montaz-grilla-na-reling-bez-narzedzi\/","og_locale":"en_GB","og_type":"article","og_title":"Uchwyt do grilla na reling - szybkoz\u0142\u0105cze - Atana","og_description":"Uchwyt do grilla z szybkoz\u0142\u0105czem \u2013 szybki monta\u017c grilla na relingu \u0142odzi. Anodowane aluminium, odporno\u015b\u0107 na warunki morskie. Wysy\u0142ka 24h, gwarancja.","og_url":"https:\/\/atana.pl\/en\/online-shop\/barbecues-and-accessories\/akcesoria\/uchwyt-do-grilla-z-szybkozlaczem-montaz-grilla-na-reling-bez-narzedzi\/","og_site_name":"Atana","article_publisher":"https:\/\/www.facebook.com\/atanayachts","article_modified_time":"2026-03-18T14:27:24+00:00","og_image":[{"width":1200,"height":1200,"url":"https:\/\/atana.pl\/wp-content\/uploads\/1967\/01\/58195-kuuma-quick-release-grill-mount-aluminum-rail.webp","type":"image\/webp"}],"twitter_card":"summary_large_image","twitter_misc":{"Estimated reading time":"1 minute"},"schema":{"@context":"https:\/\/schema.org","@graph":[{"@type":"WebPage","@id":"https:\/\/atana.pl\/sklep-on-line\/grille-i-akcesoria\/akcesoria\/uchwyt-do-grilla-z-szybkozlaczem-montaz-grilla-na-reling-bez-narzedzi\/","url":"https:\/\/atana.pl\/sklep-on-line\/grille-i-akcesoria\/akcesoria\/uchwyt-do-grilla-z-szybkozlaczem-montaz-grilla-na-reling-bez-narzedzi\/","name":"Uchwyt do grilla na reling - szybkoz\u0142\u0105cze - Atana","isPartOf":{"@id":"https:\/\/atana.pl\/#website"},"primaryImageOfPage":{"@id":"https:\/\/atana.pl\/sklep-on-line\/grille-i-akcesoria\/akcesoria\/uchwyt-do-grilla-z-szybkozlaczem-montaz-grilla-na-reling-bez-narzedzi\/#primaryimage"},"image":{"@id":"https:\/\/atana.pl\/sklep-on-line\/grille-i-akcesoria\/akcesoria\/uchwyt-do-grilla-z-szybkozlaczem-montaz-grilla-na-reling-bez-narzedzi\/#primaryimage"},"thumbnailUrl":"https:\/\/atana.pl\/wp-content\/uploads\/1967\/01\/58195-kuuma-quick-release-grill-mount-aluminum-rail.webp","datePublished":"2020-01-27T11:16:53+00:00","dateModified":"2026-03-18T14:27:24+00:00","description":"Uchwyt do grilla z szybkoz\u0142\u0105czem \u2013 szybki monta\u017c grilla na relingu \u0142odzi. Anodowane aluminium, odporno\u015b\u0107 na warunki morskie. Wysy\u0142ka 24h, gwarancja.","breadcrumb":{"@id":"https:\/\/atana.pl\/sklep-on-line\/grille-i-akcesoria\/akcesoria\/uchwyt-do-grilla-z-szybkozlaczem-montaz-grilla-na-reling-bez-narzedzi\/#breadcrumb"},"inLanguage":"en-GB","potentialAction":[{"@type":"ReadAction","target":["https:\/\/atana.pl\/sklep-on-line\/grille-i-akcesoria\/akcesoria\/uchwyt-do-grilla-z-szybkozlaczem-montaz-grilla-na-reling-bez-narzedzi\/"]}]},{"@type":"ImageObject","inLanguage":"en-GB","@id":"https:\/\/atana.pl\/sklep-on-line\/grille-i-akcesoria\/akcesoria\/uchwyt-do-grilla-z-szybkozlaczem-montaz-grilla-na-reling-bez-narzedzi\/#primaryimage","url":"https:\/\/atana.pl\/wp-content\/uploads\/1967\/01\/58195-kuuma-quick-release-grill-mount-aluminum-rail.webp","contentUrl":"https:\/\/atana.pl\/wp-content\/uploads\/1967\/01\/58195-kuuma-quick-release-grill-mount-aluminum-rail.webp","width":1200,"height":1200,"caption":"58195 kuuma quick release grill mount aluminum rail"},{"@type":"BreadcrumbList","@id":"https:\/\/atana.pl\/sklep-on-line\/grille-i-akcesoria\/akcesoria\/uchwyt-do-grilla-z-szybkozlaczem-montaz-grilla-na-reling-bez-narzedzi\/#breadcrumb","itemListElement":[{"@type":"ListItem","position":1,"name":"Strona g\u0142\u00f3wna","item":"https:\/\/atana.pl\/"},{"@type":"ListItem","position":2,"name":"Sklep on-line","item":"https:\/\/atana.pl\/sklep-on-line\/"},{"@type":"ListItem","position":3,"name":"Uchwyt do grilla na reling &#8211; szybkoz\u0142\u0105cze"}]},{"@type":"WebSite","@id":"https:\/\/atana.pl\/#website","url":"https:\/\/atana.pl\/","name":"Atana","description":"Akcesoria do \u0142odzi, kamper\u00f3w i przyczep. \u0141odzie motorowe","publisher":{"@id":"https:\/\/atana.pl\/#organization"},"potentialAction":[{"@type":"SearchAction","target":{"@type":"EntryPoint","urlTemplate":"https:\/\/atana.pl\/?s={search_term_string}"},"query-input":{"@type":"PropertyValueSpecification","valueRequired":true,"valueName":"search_term_string"}}],"inLanguage":"en-GB"},{"@type":"Organization","@id":"https:\/\/atana.pl\/#organization","name":"Atana","url":"https:\/\/atana.pl\/","logo":{"@type":"ImageObject","inLanguage":"en-GB","@id":"https:\/\/atana.pl\/#\/schema\/logo\/image\/","url":"","contentUrl":"","caption":"Atana"},"image":{"@id":"https:\/\/atana.pl\/#\/schema\/logo\/image\/"},"sameAs":["https:\/\/www.facebook.com\/atanayachts","https:\/\/www.instagram.com\/atanaboats\/","https:\/\/www.youtube.com\/channel\/UClMMmVqqx17in9QzgxK90Mw"]}]}},"_links":{"self":[{"href":"https:\/\/atana.pl\/en\/wp-json\/wp\/v2\/product\/6013","targetHints":{"allow":["GET"]}}],"collection":[{"href":"https:\/\/atana.pl\/en\/wp-json\/wp\/v2\/product"}],"about":[{"href":"https:\/\/atana.pl\/en\/wp-json\/wp\/v2\/types\/product"}],"wp:featuredmedia":[{"embeddable":true,"href":"https:\/\/atana.pl\/en\/wp-json\/wp\/v2\/media\/7588"}],"wp:attachment":[{"href":"https:\/\/atana.pl\/en\/wp-json\/wp\/v2\/media?parent=6013"}],"wp:term":[{"taxonomy":"product_brand","embeddable":true,"href":"https:\/\/atana.pl\/en\/wp-json\/wp\/v2\/product_brand?post=6013"},{"taxonomy":"product_cat","embeddable":true,"href":"https:\/\/atana.pl\/en\/wp-json\/wp\/v2\/product_cat?post=6013"},{"taxonomy":"product_tag","embeddable":true,"href":"https:\/\/atana.pl\/en\/wp-json\/wp\/v2\/product_tag?post=6013"}],"curies":[{"name":"wp","href":"https:\/\/api.w.org\/{rel}","templated":true}]}}