{"id":5986,"date":"2021-01-27T12:16:53","date_gmt":"2021-01-27T11:16:53","guid":{"rendered":"https:\/\/atana.pl\/sklep-on-line\/uchwyt-na-reling-zew-wew\/"},"modified":"2025-11-18T14:43:54","modified_gmt":"2025-11-18T13:43:54","slug":"uchwyt-do-grilla-na-reling-20-35-mm-kuuma-anodowane-aluminium","status":"publish","type":"product","link":"https:\/\/atana.pl\/en\/online-shop\/barbecues-and-accessories\/akcesoria\/uchwyt-do-grilla-na-reling-20-35-mm-kuuma-anodowane-aluminium\/","title":{"rendered":"Grill holder for railing"},"content":{"rendered":"<h3 class=\"\" data-start=\"1066\" data-end=\"1145\"><strong data-start=\"1070\" data-end=\"1145\">Uchwyt do grilla na reling 20\u201335 mm \u2013 solidne mocowanie do Twojej \u0142odzi<\/strong><\/h3>\n<p class=\"\" data-start=\"1147\" data-end=\"1444\"><strong data-start=\"1147\" data-end=\"1177\">Grill holder for railing<\/strong> wykonany z anodowanego aluminium to niezawodne i bezpieczne rozwi\u0105zanie do monta\u017cu grilla gazowego lub w\u0119glowego na relingu jachtu, motor\u00f3wki czy \u0142odzi rekreacyjnej.<br data-start=\"1343\" data-end=\"1346\" \/>Pasuje do poziomych reling\u00f3w o \u015brednicy od 20 mm do 35 mm \u2013 zar\u00f3wno okr\u0105g\u0142ych, jak i kwadratowych.<\/p>\n<p class=\"\" data-start=\"1446\" data-end=\"1564\">Mo\u017cna go zamontowa\u0107 po <strong data-start=\"1469\" data-end=\"1514\">wewn\u0119trznej lub zewn\u0119trznej stronie burty<\/strong>, w zale\u017cno\u015bci od potrzeb i warunk\u00f3w na pok\u0142adzie.<\/p>\n<hr class=\"\" data-start=\"1566\" data-end=\"1569\" \/>\n<h3 class=\"\" data-start=\"1571\" data-end=\"1614\"><strong data-start=\"1575\" data-end=\"1614\">Dlaczego warto wybra\u0107 uchwyt Kuuma?<\/strong><\/h3>\n<p class=\"\" data-start=\"1616\" data-end=\"2133\">\u00a0 \u00a0\u2705 <strong data-start=\"1618\" data-end=\"1644\">Bezpieczne grillowanie<\/strong> \u2013 stabilne mocowanie zapobiega przewr\u00f3ceniu si\u0119 grilla na fali lub podczas ruchu na pok\u0142adzie<\/p>\n<p class=\"\" data-start=\"1616\" data-end=\"2133\">\u00a0 \u00a0\u2705 <strong data-start=\"1743\" data-end=\"1777\">Lepsza organizacja przestrzeni<\/strong> \u2013 grill poza pok\u0142adem to wi\u0119cej miejsca i mniejsze ryzyko oparzenia lub zabrudzenia<\/p>\n<p class=\"\" data-start=\"1616\" data-end=\"2133\">\u00a0 \u00a0\u2705 <strong data-start=\"1866\" data-end=\"1890\">Odporno\u015b\u0107 na korozj\u0119<\/strong> \u2013 anodowane aluminium sprawdza si\u0119 nawet w s\u0142onej wodzie<\/p>\n<p class=\"\" data-start=\"1616\" data-end=\"2133\">\u00a0 \u00a0\u2705 <strong data-start=\"1952\" data-end=\"1980\">Szybki monta\u017c i demonta\u017c<\/strong> \u2013 motylkowe \u015bruby i klucz imbusowy w zestawie<\/p>\n<p class=\"\" data-start=\"1616\" data-end=\"2133\">\u00a0 \u00a0\u2705 <strong data-start=\"2031\" data-end=\"2065\">Praktyczne rozwi\u0105zanie mobilne<\/strong> \u2013 po grillowaniu uchwyt mo\u017cna schowa\u0107 do torby, bakisty lub schowka<\/p>\n<hr class=\"\" data-start=\"2135\" data-end=\"2138\" \/>\n<h3 class=\"\" data-start=\"2140\" data-end=\"2163\"><strong data-start=\"2144\" data-end=\"2163\">The kit includes:<\/strong><\/h3>\n<ul data-start=\"2165\" data-end=\"2266\">\n<li class=\"\" data-start=\"2165\" data-end=\"2186\">\n<p class=\"\" data-start=\"2167\" data-end=\"2186\">Uchwyt do relingu<\/p>\n<\/li>\n<li class=\"\" data-start=\"2187\" data-end=\"2206\">\n<p class=\"\" data-start=\"2189\" data-end=\"2206\">Mounting screws<\/p>\n<\/li>\n<li class=\"\" data-start=\"2207\" data-end=\"2249\">\n<p class=\"\" data-start=\"2209\" data-end=\"2249\">Motylkowe \u015bruby do przykr\u0119cenia grilla<\/p>\n<\/li>\n<li class=\"\" data-start=\"2250\" data-end=\"2266\">\n<p class=\"\" data-start=\"2252\" data-end=\"2266\">Allen key<\/p>\n<\/li>\n<\/ul>\n<hr class=\"\" data-start=\"2268\" data-end=\"2271\" \/>\n<h3 class=\"\" data-start=\"2273\" data-end=\"2297\"><strong data-start=\"2277\" data-end=\"2297\">Technical data:<\/strong><\/h3>\n<ul data-start=\"2299\" data-end=\"2458\">\n<li class=\"\" data-start=\"2299\" data-end=\"2347\">\n<p class=\"\" data-start=\"2301\" data-end=\"2347\"><strong data-start=\"2301\" data-end=\"2325\">Dimensions (L x S x W):<\/strong> 8 cm x 5 cm x 22 cm<\/p>\n<\/li>\n<li class=\"\" data-start=\"2348\" data-end=\"2385\">\n<p class=\"\" data-start=\"2350\" data-end=\"2385\"><strong data-start=\"2350\" data-end=\"2363\">Material:<\/strong> anodised aluminium<\/p>\n<\/li>\n<li class=\"\" data-start=\"2386\" data-end=\"2458\">\n<p class=\"\" data-start=\"2388\" data-end=\"2458\"><strong data-start=\"2388\" data-end=\"2411\">Fits rails:<\/strong> 20\u201335 mm (okr\u0105g\u0142ych i kwadratowych, poziomych)<\/p>\n<\/li>\n<\/ul>\n<hr class=\"\" data-start=\"2460\" data-end=\"2463\" \/>\n<h3 class=\"\" data-start=\"2465\" data-end=\"2488\"><strong data-start=\"2469\" data-end=\"2488\">Kompatybilno\u015b\u0107:<\/strong><\/h3>\n<p class=\"\" data-start=\"2490\" data-end=\"2688\">Uchwyt pasuje do <a href=\"https:\/\/atana.pl\/en\/online-shop\/?yith_wcan=1&amp;s=grill kuuma&amp;post_type=product&amp;dgwt_wcas=1&amp;product_cat=grille-kuuma\"><strong data-start=\"2507\" data-end=\"2541\">wszystkich modeli grilli Kuuma<\/strong><\/a> oraz innych grilli montowanych na relingu. Je\u015bli masz w\u0105tpliwo\u015bci \u2013 skontaktuj si\u0119 z nami, a dobierzemy odpowiedni uchwyt i grill do Twojej \u0142odzi.<\/p>\n<hr class=\"\" data-start=\"2690\" data-end=\"2693\" \/>\n<h3 class=\"\" data-start=\"2695\" data-end=\"2734\"><strong data-start=\"2699\" data-end=\"2734\">Zyskaj wygod\u0119 i bezpiecze\u0144stwo:<\/strong><\/h3>\n<ul data-start=\"2736\" data-end=\"2880\">\n<li class=\"\" data-start=\"2736\" data-end=\"2756\">\n<p class=\"\" data-start=\"2738\" data-end=\"2756\">2 lata gwarancji<\/p>\n<\/li>\n<li class=\"\" data-start=\"2757\" data-end=\"2806\">\n<p class=\"\" data-start=\"2759\" data-end=\"2806\">Profesjonalne doradztwo i wsparcie techniczne<\/p>\n<\/li>\n<li class=\"\" data-start=\"2807\" data-end=\"2842\">\n<p class=\"\" data-start=\"2809\" data-end=\"2842\">Cz\u0119\u015bci zamienne zawsze dost\u0119pne<\/p>\n<\/li>\n<li class=\"\" data-start=\"2843\" data-end=\"2880\">\n<p class=\"\" data-start=\"2845\" data-end=\"2880\">Szybka wysy\u0142ka \u2013 nawet w 24 godziny<\/p>\n<\/li>\n<\/ul>\n<hr class=\"\" data-start=\"2882\" data-end=\"2885\" \/>\n<p class=\"\" data-start=\"2887\" data-end=\"3016\"><strong data-start=\"2887\" data-end=\"2910\">Zainwestuj w jako\u015b\u0107<\/strong> \u2013 uchwyt Kuuma to niezawodne mocowanie do grilla, kt\u00f3re sprawdzi si\u0119 nawet w trudnych warunkach morskich.<\/p>\n<p class=\"\" data-start=\"3018\" data-end=\"3088\"><strong data-start=\"3018\" data-end=\"3088\">Bezpieczne grillowanie na wodzie zaczyna si\u0119 od solidnego uchwytu.<\/strong><\/p>","protected":false},"excerpt":{"rendered":"<ul>\n<li>Grill mounting bracket<\/li>\n<li>Fits any Kuuma barbecue<\/li>\n<li><strong>Dimensions (L x S x W):<\/strong> 8 cm x 5 cm x 22 cm<\/li>\n<li><strong>Performance:<\/strong> anodised aluminium<\/li>\n<li><strong>Fits rails:<\/strong> with a diameter of <strong>20 mm to 35 mm<\/strong><\/li>\n<\/ul>","protected":false},"featured_media":7562,"template":"","meta":{"_acf_changed":false},"product_brand":[],"product_cat":[129,119,120],"product_tag":[562,559,558,566,560,567,569,568,557,570,141,145,564,556,563,555,553,565,554,561],"class_list":{"0":"post-5986","1":"product","2":"type-product","3":"status-publish","4":"has-post-thumbnail","6":"product_cat-akcesoria","7":"product_cat-grille-i-akcesoria","8":"product_cat-kuuma","9":"product_tag-akcesoria-kuuma","10":"product_tag-grill-do-jachtu","11":"product_tag-grill-do-lodzi","12":"product_tag-grill-do-montazu-na-burcie","13":"product_tag-grill-do-motorowki","14":"product_tag-grill-morski","15":"product_tag-grill-na-jachcie","16":"product_tag-grill-na-pokladzie","17":"product_tag-grill-na-relingu","18":"product_tag-grill-na-relingu-kuuma","19":"product_tag-grill-turystyczny","20":"product_tag-grillowanie-na-lodzi","21":"product_tag-grillowanie-na-wodzie","22":"product_tag-mocowanie-grilla-do-relingu","23":"product_tag-uchwyt-do-grilla-aluminiowy","24":"product_tag-uchwyt-do-grilla-na-lodzi","25":"product_tag-uchwyt-do-grilla-na-reling","26":"product_tag-uchwyt-grillowy-20-35-mm","27":"product_tag-uchwyt-kuuma","28":"product_tag-uchwyt-na-grill-morski","30":"first","31":"instock","32":"taxable","33":"shipping-taxable","34":"purchasable","35":"product-type-simple"},"acf":[],"yoast_head":"<!-- This site is optimized with the Yoast SEO plugin v25.2 - https:\/\/yoast.com\/wordpress\/plugins\/seo\/ -->\n<title>Uchwyt do grilla na reling - Atana<\/title>\n<meta name=\"description\" content=\"Uchwyt do grilla na reling 20\u201335 mm \u2013 solidny, odporny na korozj\u0119, szybki w monta\u017cu. Bezpieczne grillowanie na \u0142odzi. Wysy\u0142ka 24h, wsparcie techniczne.\" \/>\n<meta name=\"robots\" content=\"index, follow, max-snippet:-1, max-image-preview:large, max-video-preview:-1\" \/>\n<link rel=\"canonical\" href=\"https:\/\/atana.pl\/en\/online-shop\/barbecues-and-accessories\/akcesoria\/uchwyt-do-grilla-na-reling-20-35-mm-kuuma-anodowane-aluminium\/\" \/>\n<meta property=\"og:locale\" content=\"en_GB\" \/>\n<meta property=\"og:type\" content=\"article\" \/>\n<meta property=\"og:title\" content=\"Uchwyt do grilla na reling - Atana\" \/>\n<meta property=\"og:description\" content=\"Uchwyt do grilla na reling 20\u201335 mm \u2013 solidny, odporny na korozj\u0119, szybki w monta\u017cu. Bezpieczne grillowanie na \u0142odzi. Wysy\u0142ka 24h, wsparcie techniczne.\" \/>\n<meta property=\"og:url\" content=\"https:\/\/atana.pl\/en\/online-shop\/barbecues-and-accessories\/akcesoria\/uchwyt-do-grilla-na-reling-20-35-mm-kuuma-anodowane-aluminium\/\" \/>\n<meta property=\"og:site_name\" content=\"Atana\" \/>\n<meta property=\"article:publisher\" content=\"https:\/\/www.facebook.com\/atanayachts\" \/>\n<meta property=\"article:modified_time\" content=\"2025-11-18T13:43:54+00:00\" \/>\n<meta property=\"og:image\" content=\"https:\/\/atana.pl\/wp-content\/uploads\/1967\/01\/58182-kuuma-grill-mount-rail-aluminum-white-background.webp\" \/>\n\t<meta property=\"og:image:width\" content=\"1200\" \/>\n\t<meta property=\"og:image:height\" content=\"1200\" \/>\n\t<meta property=\"og:image:type\" content=\"image\/webp\" \/>\n<meta name=\"twitter:card\" content=\"summary_large_image\" \/>\n<meta name=\"twitter:label1\" content=\"Estimated reading time\" \/>\n\t<meta name=\"twitter:data1\" content=\"1 minute\" \/>\n<script type=\"application\/ld+json\" class=\"yoast-schema-graph\">{\"@context\":\"https:\/\/schema.org\",\"@graph\":[{\"@type\":\"WebPage\",\"@id\":\"https:\/\/atana.pl\/sklep-on-line\/grille-i-akcesoria\/akcesoria\/uchwyt-do-grilla-na-reling-20-35-mm-kuuma-anodowane-aluminium\/\",\"url\":\"https:\/\/atana.pl\/sklep-on-line\/grille-i-akcesoria\/akcesoria\/uchwyt-do-grilla-na-reling-20-35-mm-kuuma-anodowane-aluminium\/\",\"name\":\"Uchwyt do grilla na reling - Atana\",\"isPartOf\":{\"@id\":\"https:\/\/atana.pl\/#website\"},\"primaryImageOfPage\":{\"@id\":\"https:\/\/atana.pl\/sklep-on-line\/grille-i-akcesoria\/akcesoria\/uchwyt-do-grilla-na-reling-20-35-mm-kuuma-anodowane-aluminium\/#primaryimage\"},\"image\":{\"@id\":\"https:\/\/atana.pl\/sklep-on-line\/grille-i-akcesoria\/akcesoria\/uchwyt-do-grilla-na-reling-20-35-mm-kuuma-anodowane-aluminium\/#primaryimage\"},\"thumbnailUrl\":\"https:\/\/atana.pl\/wp-content\/uploads\/1967\/01\/58182-kuuma-grill-mount-rail-aluminum-white-background.webp\",\"datePublished\":\"2021-01-27T11:16:53+00:00\",\"dateModified\":\"2025-11-18T13:43:54+00:00\",\"description\":\"Uchwyt do grilla na reling 20\u201335 mm \u2013 solidny, odporny na korozj\u0119, szybki w monta\u017cu. Bezpieczne grillowanie na \u0142odzi. Wysy\u0142ka 24h, wsparcie techniczne.\",\"breadcrumb\":{\"@id\":\"https:\/\/atana.pl\/sklep-on-line\/grille-i-akcesoria\/akcesoria\/uchwyt-do-grilla-na-reling-20-35-mm-kuuma-anodowane-aluminium\/#breadcrumb\"},\"inLanguage\":\"en-GB\",\"potentialAction\":[{\"@type\":\"ReadAction\",\"target\":[\"https:\/\/atana.pl\/sklep-on-line\/grille-i-akcesoria\/akcesoria\/uchwyt-do-grilla-na-reling-20-35-mm-kuuma-anodowane-aluminium\/\"]}]},{\"@type\":\"ImageObject\",\"inLanguage\":\"en-GB\",\"@id\":\"https:\/\/atana.pl\/sklep-on-line\/grille-i-akcesoria\/akcesoria\/uchwyt-do-grilla-na-reling-20-35-mm-kuuma-anodowane-aluminium\/#primaryimage\",\"url\":\"https:\/\/atana.pl\/wp-content\/uploads\/1967\/01\/58182-kuuma-grill-mount-rail-aluminum-white-background.webp\",\"contentUrl\":\"https:\/\/atana.pl\/wp-content\/uploads\/1967\/01\/58182-kuuma-grill-mount-rail-aluminum-white-background.webp\",\"width\":1200,\"height\":1200,\"caption\":\"58182 kuuma grill mount rail aluminum white background\"},{\"@type\":\"BreadcrumbList\",\"@id\":\"https:\/\/atana.pl\/sklep-on-line\/grille-i-akcesoria\/akcesoria\/uchwyt-do-grilla-na-reling-20-35-mm-kuuma-anodowane-aluminium\/#breadcrumb\",\"itemListElement\":[{\"@type\":\"ListItem\",\"position\":1,\"name\":\"Strona g\u0142\u00f3wna\",\"item\":\"https:\/\/atana.pl\/\"},{\"@type\":\"ListItem\",\"position\":2,\"name\":\"Sklep on-line\",\"item\":\"https:\/\/atana.pl\/sklep-on-line\/\"},{\"@type\":\"ListItem\",\"position\":3,\"name\":\"Uchwyt do grilla na reling\"}]},{\"@type\":\"WebSite\",\"@id\":\"https:\/\/atana.pl\/#website\",\"url\":\"https:\/\/atana.pl\/\",\"name\":\"Atana\",\"description\":\"Akcesoria do \u0142odzi, kamper\u00f3w i przyczep. \u0141odzie motorowe\",\"publisher\":{\"@id\":\"https:\/\/atana.pl\/#organization\"},\"potentialAction\":[{\"@type\":\"SearchAction\",\"target\":{\"@type\":\"EntryPoint\",\"urlTemplate\":\"https:\/\/atana.pl\/?s={search_term_string}\"},\"query-input\":{\"@type\":\"PropertyValueSpecification\",\"valueRequired\":true,\"valueName\":\"search_term_string\"}}],\"inLanguage\":\"en-GB\"},{\"@type\":\"Organization\",\"@id\":\"https:\/\/atana.pl\/#organization\",\"name\":\"Atana\",\"url\":\"https:\/\/atana.pl\/\",\"logo\":{\"@type\":\"ImageObject\",\"inLanguage\":\"en-GB\",\"@id\":\"https:\/\/atana.pl\/#\/schema\/logo\/image\/\",\"url\":\"\",\"contentUrl\":\"\",\"caption\":\"Atana\"},\"image\":{\"@id\":\"https:\/\/atana.pl\/#\/schema\/logo\/image\/\"},\"sameAs\":[\"https:\/\/www.facebook.com\/atanayachts\",\"https:\/\/www.instagram.com\/atanaboats\/\",\"https:\/\/www.youtube.com\/channel\/UClMMmVqqx17in9QzgxK90Mw\"]}]}<\/script>\n<!-- \/ Yoast SEO plugin. -->","yoast_head_json":{"title":"Uchwyt do grilla na reling - Atana","description":"Uchwyt do grilla na reling 20\u201335 mm \u2013 solidny, odporny na korozj\u0119, szybki w monta\u017cu. Bezpieczne grillowanie na \u0142odzi. Wysy\u0142ka 24h, wsparcie techniczne.","robots":{"index":"index","follow":"follow","max-snippet":"max-snippet:-1","max-image-preview":"max-image-preview:large","max-video-preview":"max-video-preview:-1"},"canonical":"https:\/\/atana.pl\/en\/online-shop\/barbecues-and-accessories\/akcesoria\/uchwyt-do-grilla-na-reling-20-35-mm-kuuma-anodowane-aluminium\/","og_locale":"en_GB","og_type":"article","og_title":"Uchwyt do grilla na reling - Atana","og_description":"Uchwyt do grilla na reling 20\u201335 mm \u2013 solidny, odporny na korozj\u0119, szybki w monta\u017cu. Bezpieczne grillowanie na \u0142odzi. Wysy\u0142ka 24h, wsparcie techniczne.","og_url":"https:\/\/atana.pl\/en\/online-shop\/barbecues-and-accessories\/akcesoria\/uchwyt-do-grilla-na-reling-20-35-mm-kuuma-anodowane-aluminium\/","og_site_name":"Atana","article_publisher":"https:\/\/www.facebook.com\/atanayachts","article_modified_time":"2025-11-18T13:43:54+00:00","og_image":[{"width":1200,"height":1200,"url":"https:\/\/atana.pl\/wp-content\/uploads\/1967\/01\/58182-kuuma-grill-mount-rail-aluminum-white-background.webp","type":"image\/webp"}],"twitter_card":"summary_large_image","twitter_misc":{"Estimated reading time":"1 minute"},"schema":{"@context":"https:\/\/schema.org","@graph":[{"@type":"WebPage","@id":"https:\/\/atana.pl\/sklep-on-line\/grille-i-akcesoria\/akcesoria\/uchwyt-do-grilla-na-reling-20-35-mm-kuuma-anodowane-aluminium\/","url":"https:\/\/atana.pl\/sklep-on-line\/grille-i-akcesoria\/akcesoria\/uchwyt-do-grilla-na-reling-20-35-mm-kuuma-anodowane-aluminium\/","name":"Uchwyt do grilla na reling - Atana","isPartOf":{"@id":"https:\/\/atana.pl\/#website"},"primaryImageOfPage":{"@id":"https:\/\/atana.pl\/sklep-on-line\/grille-i-akcesoria\/akcesoria\/uchwyt-do-grilla-na-reling-20-35-mm-kuuma-anodowane-aluminium\/#primaryimage"},"image":{"@id":"https:\/\/atana.pl\/sklep-on-line\/grille-i-akcesoria\/akcesoria\/uchwyt-do-grilla-na-reling-20-35-mm-kuuma-anodowane-aluminium\/#primaryimage"},"thumbnailUrl":"https:\/\/atana.pl\/wp-content\/uploads\/1967\/01\/58182-kuuma-grill-mount-rail-aluminum-white-background.webp","datePublished":"2021-01-27T11:16:53+00:00","dateModified":"2025-11-18T13:43:54+00:00","description":"Uchwyt do grilla na reling 20\u201335 mm \u2013 solidny, odporny na korozj\u0119, szybki w monta\u017cu. Bezpieczne grillowanie na \u0142odzi. Wysy\u0142ka 24h, wsparcie techniczne.","breadcrumb":{"@id":"https:\/\/atana.pl\/sklep-on-line\/grille-i-akcesoria\/akcesoria\/uchwyt-do-grilla-na-reling-20-35-mm-kuuma-anodowane-aluminium\/#breadcrumb"},"inLanguage":"en-GB","potentialAction":[{"@type":"ReadAction","target":["https:\/\/atana.pl\/sklep-on-line\/grille-i-akcesoria\/akcesoria\/uchwyt-do-grilla-na-reling-20-35-mm-kuuma-anodowane-aluminium\/"]}]},{"@type":"ImageObject","inLanguage":"en-GB","@id":"https:\/\/atana.pl\/sklep-on-line\/grille-i-akcesoria\/akcesoria\/uchwyt-do-grilla-na-reling-20-35-mm-kuuma-anodowane-aluminium\/#primaryimage","url":"https:\/\/atana.pl\/wp-content\/uploads\/1967\/01\/58182-kuuma-grill-mount-rail-aluminum-white-background.webp","contentUrl":"https:\/\/atana.pl\/wp-content\/uploads\/1967\/01\/58182-kuuma-grill-mount-rail-aluminum-white-background.webp","width":1200,"height":1200,"caption":"58182 kuuma grill mount rail aluminum white background"},{"@type":"BreadcrumbList","@id":"https:\/\/atana.pl\/sklep-on-line\/grille-i-akcesoria\/akcesoria\/uchwyt-do-grilla-na-reling-20-35-mm-kuuma-anodowane-aluminium\/#breadcrumb","itemListElement":[{"@type":"ListItem","position":1,"name":"Strona g\u0142\u00f3wna","item":"https:\/\/atana.pl\/"},{"@type":"ListItem","position":2,"name":"Sklep on-line","item":"https:\/\/atana.pl\/sklep-on-line\/"},{"@type":"ListItem","position":3,"name":"Uchwyt do grilla na reling"}]},{"@type":"WebSite","@id":"https:\/\/atana.pl\/#website","url":"https:\/\/atana.pl\/","name":"Atana","description":"Akcesoria do \u0142odzi, kamper\u00f3w i przyczep. \u0141odzie motorowe","publisher":{"@id":"https:\/\/atana.pl\/#organization"},"potentialAction":[{"@type":"SearchAction","target":{"@type":"EntryPoint","urlTemplate":"https:\/\/atana.pl\/?s={search_term_string}"},"query-input":{"@type":"PropertyValueSpecification","valueRequired":true,"valueName":"search_term_string"}}],"inLanguage":"en-GB"},{"@type":"Organization","@id":"https:\/\/atana.pl\/#organization","name":"Atana","url":"https:\/\/atana.pl\/","logo":{"@type":"ImageObject","inLanguage":"en-GB","@id":"https:\/\/atana.pl\/#\/schema\/logo\/image\/","url":"","contentUrl":"","caption":"Atana"},"image":{"@id":"https:\/\/atana.pl\/#\/schema\/logo\/image\/"},"sameAs":["https:\/\/www.facebook.com\/atanayachts","https:\/\/www.instagram.com\/atanaboats\/","https:\/\/www.youtube.com\/channel\/UClMMmVqqx17in9QzgxK90Mw"]}]}},"_links":{"self":[{"href":"https:\/\/atana.pl\/en\/wp-json\/wp\/v2\/product\/5986","targetHints":{"allow":["GET"]}}],"collection":[{"href":"https:\/\/atana.pl\/en\/wp-json\/wp\/v2\/product"}],"about":[{"href":"https:\/\/atana.pl\/en\/wp-json\/wp\/v2\/types\/product"}],"wp:featuredmedia":[{"embeddable":true,"href":"https:\/\/atana.pl\/en\/wp-json\/wp\/v2\/media\/7562"}],"wp:attachment":[{"href":"https:\/\/atana.pl\/en\/wp-json\/wp\/v2\/media?parent=5986"}],"wp:term":[{"taxonomy":"product_brand","embeddable":true,"href":"https:\/\/atana.pl\/en\/wp-json\/wp\/v2\/product_brand?post=5986"},{"taxonomy":"product_cat","embeddable":true,"href":"https:\/\/atana.pl\/en\/wp-json\/wp\/v2\/product_cat?post=5986"},{"taxonomy":"product_tag","embeddable":true,"href":"https:\/\/atana.pl\/en\/wp-json\/wp\/v2\/product_tag?post=5986"}],"curies":[{"name":"wp","href":"https:\/\/api.w.org\/{rel}","templated":true}]}}