{"id":5968,"date":"2016-01-27T12:16:52","date_gmt":"2016-01-27T11:16:52","guid":{"rendered":"https:\/\/atana.pl\/sklep-on-line\/tacka-do-grilla-125\/"},"modified":"2025-11-18T14:51:49","modified_gmt":"2025-11-18T13:51:49","slug":"tacka-do-grilla-kuuma-125-kompaktowa-stalowa-pasuje-tez-do-kuuma-160","status":"publish","type":"product","link":"https:\/\/atana.pl\/en\/online-shop\/barbecues-and-accessories\/akcesoria\/tacka-do-grilla-kuuma-125-kompaktowa-stalowa-pasuje-tez-do-kuuma-160\/","title":{"rendered":"Kuuma SnG 125 grill tray"},"content":{"rendered":"<h3 class=\"\" data-start=\"1101\" data-end=\"1189\"><strong data-start=\"1105\" data-end=\"1189\">Tacka do grilla Kuuma SnG 125 \u2013 kompaktowa przestrze\u0144 robocza ze stali kwasoodpornej<\/strong><\/h3>\n<p class=\"\" data-start=\"1191\" data-end=\"1443\"><strong data-start=\"1191\" data-end=\"1220\">Tacka do grilla <a href=\"https:\/\/atana.pl\/en\/online-shop\/barbecues-and-accessories\/grille-kuuma\/grill-gazowy-kuuma-sng-125\/\">Kuuma SnG 125<\/a><\/strong> to praktyczne akcesorium, kt\u00f3re znacz\u0105co zwi\u0119ksza komfort grillowania na \u0142odzi. Zapewnia <strong data-start=\"1310\" data-end=\"1383\">dodatkowe miejsce na przyprawy, akcesoria, sztu\u0107ce czy gotowe potrawy<\/strong>, nie zajmuj\u0105c przy tym dodatkowej przestrzeni na pok\u0142adzie.<\/p>\n<p class=\"\" data-start=\"1445\" data-end=\"1629\">Wykonana z wysokiej jako\u015bci <strong data-start=\"1473\" data-end=\"1496\">stali kwasoodpornej<\/strong>, odporna na wilgo\u0107, s\u00f3l morsk\u0105 i wysokie temperatury. Idealna dla u\u017cytkownik\u00f3w grill\u00f3w <a href=\"https:\/\/atana.pl\/en\/online-shop\/barbecues-and-accessories\/grille-kuuma\/grill-gazowy-kuuma-sng-125\/\"><strong data-start=\"1584\" data-end=\"1601\">Kuuma SnG 125<\/strong><\/a>, a tak\u017ce <a href=\"https:\/\/atana.pl\/en\/online-shop\/?yith_wcan=1&amp;s=grill kuuma 160&amp;post_type=product&amp;dgwt_wcas=1&amp;product_cat=grille-kuuma\"><strong data-start=\"1611\" data-end=\"1628\">Kuuma SnG 160<\/strong><\/a>.<\/p>\n<hr class=\"\" data-start=\"1631\" data-end=\"1634\" \/>\n<h3 class=\"\" data-start=\"1636\" data-end=\"1682\"><strong data-start=\"1640\" data-end=\"1682\">Dlaczego warto wybra\u0107 tack\u0119 Kuuma SnG 125?<\/strong><\/h3>\n<p class=\"\" data-start=\"1684\" data-end=\"2148\">\u00a0 \u00a0\u2705 <strong data-start=\"1686\" data-end=\"1716\">Szybki monta\u017c bez narz\u0119dzi<\/strong> \u2013 tacka mocowana na przedniej kraw\u0119dzi grilla<\/p>\n<p class=\"\" data-start=\"1684\" data-end=\"2148\">\u00a0 \u00a0\u2705 <strong data-start=\"1767\" data-end=\"1791\">Zintegrowane zaczepy<\/strong> \u2013 trwa\u0142e i pewne zamocowanie nawet podczas rejsu<\/p>\n<p class=\"\" data-start=\"1684\" data-end=\"2148\">\u00a0 \u00a0\u2705 <strong data-start=\"1845\" data-end=\"1867\">Kompaktowa i lekka<\/strong> \u2013 zmie\u015bci si\u0119 pod pokryw\u0105 grilla lub w torbie Kuuma<\/p>\n<p class=\"\" data-start=\"1684\" data-end=\"2148\">\u00a0 \u00a0\u2705 <strong data-start=\"1924\" data-end=\"1947\">\u0141atwa w czyszczeniu<\/strong> \u2013 mo\u017cna my\u0107 w zmywarce lub r\u0119cznie<\/p>\n<p class=\"\" data-start=\"1684\" data-end=\"2148\">\u00a0 \u00a0\u2705 <strong data-start=\"1987\" data-end=\"2010\">Oszcz\u0119dno\u015b\u0107 miejsca<\/strong> \u2013 nie wymaga dodatkowego sto\u0142u czy blatu na pok\u0142adzie<\/p>\n<p class=\"\" data-start=\"1684\" data-end=\"2148\">\u00a0 \u00a0\u2705 <strong data-start=\"2069\" data-end=\"2090\">Solidna i odporna<\/strong> \u2013 idealna do codziennego u\u017cytkowania w warunkach morskich<\/p>\n<hr class=\"\" data-start=\"2150\" data-end=\"2153\" \/>\n<h3 class=\"\" data-start=\"2155\" data-end=\"2179\"><strong data-start=\"2159\" data-end=\"2179\">Technical data:<\/strong><\/h3>\n<ul data-start=\"2181\" data-end=\"2341\">\n<li class=\"\" data-start=\"2181\" data-end=\"2208\">\n<p class=\"\" data-start=\"2183\" data-end=\"2208\"><strong data-start=\"2183\" data-end=\"2195\">Dimensions:<\/strong> 30 x 15 cm<\/p>\n<\/li>\n<li class=\"\" data-start=\"2209\" data-end=\"2244\">\n<p class=\"\" data-start=\"2211\" data-end=\"2244\"><strong data-start=\"2211\" data-end=\"2224\">Material:<\/strong> stainless steel<\/p>\n<\/li>\n<li class=\"\" data-start=\"2245\" data-end=\"2301\">\n<p class=\"\" data-start=\"2247\" data-end=\"2301\"><strong data-start=\"2247\" data-end=\"2266\">Kompatybilno\u015b\u0107:<\/strong> <a href=\"https:\/\/atana.pl\/en\/online-shop\/barbecues-and-accessories\/grille-kuuma\/grill-gazowy-kuuma-sng-125\/\">Kuuma SnG 125<\/a> oraz <a href=\"https:\/\/atana.pl\/en\/online-shop\/?yith_wcan=1&amp;s=grill kuuma 160&amp;post_type=product&amp;dgwt_wcas=1&amp;product_cat=grille-kuuma\">Kuuma SnG 160<\/a><\/p>\n<\/li>\n<li class=\"\" data-start=\"2302\" data-end=\"2341\">\n<p class=\"\" data-start=\"2304\" data-end=\"2341\"><strong data-start=\"2304\" data-end=\"2315\">Assembly:<\/strong> zaczepiany \u2013 bez narz\u0119dzi<\/p>\n<\/li>\n<\/ul>\n<hr class=\"\" data-start=\"2343\" data-end=\"2346\" \/>\n<h3 class=\"\" data-start=\"2348\" data-end=\"2376\"><strong data-start=\"2352\" data-end=\"2376\">Gwarancja i obs\u0142uga:<\/strong><\/h3>\n<p class=\"\" data-start=\"2378\" data-end=\"2567\">\ud83d\udee0\ufe0f 2-letnia gwarancja<br data-start=\"2400\" data-end=\"2403\" \/>\ud83d\udcac Profesjonalne doradztwo przy doborze grilla i akcesori\u00f3w<br data-start=\"2462\" data-end=\"2465\" \/>\ud83d\udd27 Serwis i dost\u0119pno\u015b\u0107 cz\u0119\u015bci zamiennych<br data-start=\"2505\" data-end=\"2508\" \/>\ud83d\udce6 Wysy\u0142ka ekspresowa \u2013 w 24h lub nast\u0119pnego dnia roboczego<\/p>\n<hr class=\"\" data-start=\"2569\" data-end=\"2572\" \/>\n<p class=\"\" data-start=\"2574\" data-end=\"2764\"><strong data-start=\"2574\" data-end=\"2603\">Kuuma SnG 125 grill tray<\/strong> to niepozorny dodatek, kt\u00f3ry robi wielk\u0105 r\u00f3\u017cnic\u0119. Dzi\u0119ki niej wszystko, czego potrzebujesz podczas grillowania, masz zawsze pod r\u0119k\u0105 \u2013 bez ba\u0142aganu, bez chaosu.<\/p>\n<p class=\"\" data-start=\"2766\" data-end=\"2839\"><strong data-start=\"2766\" data-end=\"2839\">Postaw na funkcjonalno\u015b\u0107 i trwa\u0142o\u015b\u0107 z oryginalnymi akcesoriami Kuuma.<\/strong><\/p>","protected":false},"excerpt":{"rendered":"<ul>\n<li>Grill accessory tray<\/li>\n<li>Fits all Kuuma SnG 125 and SnG 160 barbecues<\/li>\n<li><strong data-start=\"1349\" data-end=\"1361\">Dimensions:<\/strong> 30 cm x 15 cm<\/li>\n<li><strong>Performance:<\/strong> stainless steel<\/li>\n<\/ul>","protected":false},"featured_media":7603,"template":"","meta":{"_acf_changed":false},"product_brand":[],"product_cat":[129,119,120],"product_tag":[581,618,621,624,619,612,617,569,140,620,623,564,611,615,622,609,616,613,610,614],"class_list":{"0":"post-5968","1":"product","2":"type-product","3":"status-publish","4":"has-post-thumbnail","6":"product_cat-akcesoria","7":"product_cat-grille-i-akcesoria","8":"product_cat-kuuma","9":"product_tag-akcesoria-do-grilla-kuuma","10":"product_tag-akcesoria-do-grilla-lodziowego","11":"product_tag-blat-do-grilla-kuuma","12":"product_tag-dodatki-do-grilla-morskiego","13":"product_tag-dodatkowa-przestrzen-robocza","14":"product_tag-grill-kuuma-sng-125","15":"product_tag-grill-kuuma-sng-160","16":"product_tag-grill-na-jachcie","17":"product_tag-grill-na-lodz","18":"product_tag-grill-turystyczny-kuuma","19":"product_tag-grillowanie-na-pokladzie","20":"product_tag-grillowanie-na-wodzie","21":"product_tag-polka-do-grilla","22":"product_tag-stal-kwasoodporna-do-grilla","23":"product_tag-tacka-bez-narzedzi","24":"product_tag-tacka-do-grilla-kuuma","25":"product_tag-tacka-do-grilla-morskiego","26":"product_tag-tacka-na-przyprawy-do-grilla","27":"product_tag-tacka-sng-125","28":"product_tag-tacka-ze-stali-nierdzewnej","30":"first","31":"outofstock","32":"taxable","33":"shipping-taxable","34":"purchasable","35":"product-type-simple"},"acf":[],"yoast_head":"<!-- This site is optimized with the Yoast SEO plugin v25.2 - https:\/\/yoast.com\/wordpress\/plugins\/seo\/ -->\n<title>Tacka do grilla Kuuma SnG 125 - Atana<\/title>\n<meta name=\"description\" content=\"Tacka do grilla Kuuma 125 \u2013 kompaktowa przestrze\u0144 robocza ze stali kwasoodpornej. Szybki monta\u017c, \u0142atwe czyszczenie, pasuje te\u017c do Kuuma 160. Wysy\u0142ka 24h.\" \/>\n<meta name=\"robots\" content=\"index, follow, max-snippet:-1, max-image-preview:large, max-video-preview:-1\" \/>\n<link rel=\"canonical\" href=\"https:\/\/atana.pl\/en\/online-shop\/barbecues-and-accessories\/akcesoria\/tacka-do-grilla-kuuma-125-kompaktowa-stalowa-pasuje-tez-do-kuuma-160\/\" \/>\n<meta property=\"og:locale\" content=\"en_GB\" \/>\n<meta property=\"og:type\" content=\"article\" \/>\n<meta property=\"og:title\" content=\"Tacka do grilla Kuuma SnG 125 - Atana\" \/>\n<meta property=\"og:description\" content=\"Tacka do grilla Kuuma 125 \u2013 kompaktowa przestrze\u0144 robocza ze stali kwasoodpornej. Szybki monta\u017c, \u0142atwe czyszczenie, pasuje te\u017c do Kuuma 160. Wysy\u0142ka 24h.\" \/>\n<meta property=\"og:url\" content=\"https:\/\/atana.pl\/en\/online-shop\/barbecues-and-accessories\/akcesoria\/tacka-do-grilla-kuuma-125-kompaktowa-stalowa-pasuje-tez-do-kuuma-160\/\" \/>\n<meta property=\"og:site_name\" content=\"Atana\" \/>\n<meta property=\"article:publisher\" content=\"https:\/\/www.facebook.com\/atanayachts\" \/>\n<meta property=\"article:modified_time\" content=\"2025-11-18T13:51:49+00:00\" \/>\n<meta property=\"og:image\" content=\"https:\/\/atana.pl\/wp-content\/uploads\/1967\/01\/58231-kuuma-sng125-grill-tray-stainless-front-mount.webp\" \/>\n\t<meta property=\"og:image:width\" content=\"1200\" \/>\n\t<meta property=\"og:image:height\" content=\"1200\" \/>\n\t<meta property=\"og:image:type\" content=\"image\/webp\" \/>\n<meta name=\"twitter:card\" content=\"summary_large_image\" \/>\n<meta name=\"twitter:label1\" content=\"Estimated reading time\" \/>\n\t<meta name=\"twitter:data1\" content=\"1 minute\" \/>\n<script type=\"application\/ld+json\" class=\"yoast-schema-graph\">{\"@context\":\"https:\/\/schema.org\",\"@graph\":[{\"@type\":\"WebPage\",\"@id\":\"https:\/\/atana.pl\/sklep-on-line\/grille-i-akcesoria\/akcesoria\/tacka-do-grilla-kuuma-125-kompaktowa-stalowa-pasuje-tez-do-kuuma-160\/\",\"url\":\"https:\/\/atana.pl\/sklep-on-line\/grille-i-akcesoria\/akcesoria\/tacka-do-grilla-kuuma-125-kompaktowa-stalowa-pasuje-tez-do-kuuma-160\/\",\"name\":\"Tacka do grilla Kuuma SnG 125 - Atana\",\"isPartOf\":{\"@id\":\"https:\/\/atana.pl\/#website\"},\"primaryImageOfPage\":{\"@id\":\"https:\/\/atana.pl\/sklep-on-line\/grille-i-akcesoria\/akcesoria\/tacka-do-grilla-kuuma-125-kompaktowa-stalowa-pasuje-tez-do-kuuma-160\/#primaryimage\"},\"image\":{\"@id\":\"https:\/\/atana.pl\/sklep-on-line\/grille-i-akcesoria\/akcesoria\/tacka-do-grilla-kuuma-125-kompaktowa-stalowa-pasuje-tez-do-kuuma-160\/#primaryimage\"},\"thumbnailUrl\":\"https:\/\/atana.pl\/wp-content\/uploads\/1967\/01\/58231-kuuma-sng125-grill-tray-stainless-front-mount.webp\",\"datePublished\":\"2016-01-27T11:16:52+00:00\",\"dateModified\":\"2025-11-18T13:51:49+00:00\",\"description\":\"Tacka do grilla Kuuma 125 \u2013 kompaktowa przestrze\u0144 robocza ze stali kwasoodpornej. Szybki monta\u017c, \u0142atwe czyszczenie, pasuje te\u017c do Kuuma 160. Wysy\u0142ka 24h.\",\"breadcrumb\":{\"@id\":\"https:\/\/atana.pl\/sklep-on-line\/grille-i-akcesoria\/akcesoria\/tacka-do-grilla-kuuma-125-kompaktowa-stalowa-pasuje-tez-do-kuuma-160\/#breadcrumb\"},\"inLanguage\":\"en-GB\",\"potentialAction\":[{\"@type\":\"ReadAction\",\"target\":[\"https:\/\/atana.pl\/sklep-on-line\/grille-i-akcesoria\/akcesoria\/tacka-do-grilla-kuuma-125-kompaktowa-stalowa-pasuje-tez-do-kuuma-160\/\"]}]},{\"@type\":\"ImageObject\",\"inLanguage\":\"en-GB\",\"@id\":\"https:\/\/atana.pl\/sklep-on-line\/grille-i-akcesoria\/akcesoria\/tacka-do-grilla-kuuma-125-kompaktowa-stalowa-pasuje-tez-do-kuuma-160\/#primaryimage\",\"url\":\"https:\/\/atana.pl\/wp-content\/uploads\/1967\/01\/58231-kuuma-sng125-grill-tray-stainless-front-mount.webp\",\"contentUrl\":\"https:\/\/atana.pl\/wp-content\/uploads\/1967\/01\/58231-kuuma-sng125-grill-tray-stainless-front-mount.webp\",\"width\":1200,\"height\":1200,\"caption\":\"58231 kuuma sng125 grill tray stainless front mount\"},{\"@type\":\"BreadcrumbList\",\"@id\":\"https:\/\/atana.pl\/sklep-on-line\/grille-i-akcesoria\/akcesoria\/tacka-do-grilla-kuuma-125-kompaktowa-stalowa-pasuje-tez-do-kuuma-160\/#breadcrumb\",\"itemListElement\":[{\"@type\":\"ListItem\",\"position\":1,\"name\":\"Strona g\u0142\u00f3wna\",\"item\":\"https:\/\/atana.pl\/\"},{\"@type\":\"ListItem\",\"position\":2,\"name\":\"Sklep on-line\",\"item\":\"https:\/\/atana.pl\/sklep-on-line\/\"},{\"@type\":\"ListItem\",\"position\":3,\"name\":\"Tacka do grilla Kuuma SnG 125\"}]},{\"@type\":\"WebSite\",\"@id\":\"https:\/\/atana.pl\/#website\",\"url\":\"https:\/\/atana.pl\/\",\"name\":\"Atana\",\"description\":\"Akcesoria do \u0142odzi, kamper\u00f3w i przyczep. \u0141odzie motorowe\",\"publisher\":{\"@id\":\"https:\/\/atana.pl\/#organization\"},\"potentialAction\":[{\"@type\":\"SearchAction\",\"target\":{\"@type\":\"EntryPoint\",\"urlTemplate\":\"https:\/\/atana.pl\/?s={search_term_string}\"},\"query-input\":{\"@type\":\"PropertyValueSpecification\",\"valueRequired\":true,\"valueName\":\"search_term_string\"}}],\"inLanguage\":\"en-GB\"},{\"@type\":\"Organization\",\"@id\":\"https:\/\/atana.pl\/#organization\",\"name\":\"Atana\",\"url\":\"https:\/\/atana.pl\/\",\"logo\":{\"@type\":\"ImageObject\",\"inLanguage\":\"en-GB\",\"@id\":\"https:\/\/atana.pl\/#\/schema\/logo\/image\/\",\"url\":\"\",\"contentUrl\":\"\",\"caption\":\"Atana\"},\"image\":{\"@id\":\"https:\/\/atana.pl\/#\/schema\/logo\/image\/\"},\"sameAs\":[\"https:\/\/www.facebook.com\/atanayachts\",\"https:\/\/www.instagram.com\/atanaboats\/\",\"https:\/\/www.youtube.com\/channel\/UClMMmVqqx17in9QzgxK90Mw\"]}]}<\/script>\n<!-- \/ Yoast SEO plugin. -->","yoast_head_json":{"title":"Tacka do grilla Kuuma SnG 125 - Atana","description":"Tacka do grilla Kuuma 125 \u2013 kompaktowa przestrze\u0144 robocza ze stali kwasoodpornej. Szybki monta\u017c, \u0142atwe czyszczenie, pasuje te\u017c do Kuuma 160. Wysy\u0142ka 24h.","robots":{"index":"index","follow":"follow","max-snippet":"max-snippet:-1","max-image-preview":"max-image-preview:large","max-video-preview":"max-video-preview:-1"},"canonical":"https:\/\/atana.pl\/en\/online-shop\/barbecues-and-accessories\/akcesoria\/tacka-do-grilla-kuuma-125-kompaktowa-stalowa-pasuje-tez-do-kuuma-160\/","og_locale":"en_GB","og_type":"article","og_title":"Tacka do grilla Kuuma SnG 125 - Atana","og_description":"Tacka do grilla Kuuma 125 \u2013 kompaktowa przestrze\u0144 robocza ze stali kwasoodpornej. Szybki monta\u017c, \u0142atwe czyszczenie, pasuje te\u017c do Kuuma 160. Wysy\u0142ka 24h.","og_url":"https:\/\/atana.pl\/en\/online-shop\/barbecues-and-accessories\/akcesoria\/tacka-do-grilla-kuuma-125-kompaktowa-stalowa-pasuje-tez-do-kuuma-160\/","og_site_name":"Atana","article_publisher":"https:\/\/www.facebook.com\/atanayachts","article_modified_time":"2025-11-18T13:51:49+00:00","og_image":[{"width":1200,"height":1200,"url":"https:\/\/atana.pl\/wp-content\/uploads\/1967\/01\/58231-kuuma-sng125-grill-tray-stainless-front-mount.webp","type":"image\/webp"}],"twitter_card":"summary_large_image","twitter_misc":{"Estimated reading time":"1 minute"},"schema":{"@context":"https:\/\/schema.org","@graph":[{"@type":"WebPage","@id":"https:\/\/atana.pl\/sklep-on-line\/grille-i-akcesoria\/akcesoria\/tacka-do-grilla-kuuma-125-kompaktowa-stalowa-pasuje-tez-do-kuuma-160\/","url":"https:\/\/atana.pl\/sklep-on-line\/grille-i-akcesoria\/akcesoria\/tacka-do-grilla-kuuma-125-kompaktowa-stalowa-pasuje-tez-do-kuuma-160\/","name":"Tacka do grilla Kuuma SnG 125 - Atana","isPartOf":{"@id":"https:\/\/atana.pl\/#website"},"primaryImageOfPage":{"@id":"https:\/\/atana.pl\/sklep-on-line\/grille-i-akcesoria\/akcesoria\/tacka-do-grilla-kuuma-125-kompaktowa-stalowa-pasuje-tez-do-kuuma-160\/#primaryimage"},"image":{"@id":"https:\/\/atana.pl\/sklep-on-line\/grille-i-akcesoria\/akcesoria\/tacka-do-grilla-kuuma-125-kompaktowa-stalowa-pasuje-tez-do-kuuma-160\/#primaryimage"},"thumbnailUrl":"https:\/\/atana.pl\/wp-content\/uploads\/1967\/01\/58231-kuuma-sng125-grill-tray-stainless-front-mount.webp","datePublished":"2016-01-27T11:16:52+00:00","dateModified":"2025-11-18T13:51:49+00:00","description":"Tacka do grilla Kuuma 125 \u2013 kompaktowa przestrze\u0144 robocza ze stali kwasoodpornej. Szybki monta\u017c, \u0142atwe czyszczenie, pasuje te\u017c do Kuuma 160. Wysy\u0142ka 24h.","breadcrumb":{"@id":"https:\/\/atana.pl\/sklep-on-line\/grille-i-akcesoria\/akcesoria\/tacka-do-grilla-kuuma-125-kompaktowa-stalowa-pasuje-tez-do-kuuma-160\/#breadcrumb"},"inLanguage":"en-GB","potentialAction":[{"@type":"ReadAction","target":["https:\/\/atana.pl\/sklep-on-line\/grille-i-akcesoria\/akcesoria\/tacka-do-grilla-kuuma-125-kompaktowa-stalowa-pasuje-tez-do-kuuma-160\/"]}]},{"@type":"ImageObject","inLanguage":"en-GB","@id":"https:\/\/atana.pl\/sklep-on-line\/grille-i-akcesoria\/akcesoria\/tacka-do-grilla-kuuma-125-kompaktowa-stalowa-pasuje-tez-do-kuuma-160\/#primaryimage","url":"https:\/\/atana.pl\/wp-content\/uploads\/1967\/01\/58231-kuuma-sng125-grill-tray-stainless-front-mount.webp","contentUrl":"https:\/\/atana.pl\/wp-content\/uploads\/1967\/01\/58231-kuuma-sng125-grill-tray-stainless-front-mount.webp","width":1200,"height":1200,"caption":"58231 kuuma sng125 grill tray stainless front mount"},{"@type":"BreadcrumbList","@id":"https:\/\/atana.pl\/sklep-on-line\/grille-i-akcesoria\/akcesoria\/tacka-do-grilla-kuuma-125-kompaktowa-stalowa-pasuje-tez-do-kuuma-160\/#breadcrumb","itemListElement":[{"@type":"ListItem","position":1,"name":"Strona g\u0142\u00f3wna","item":"https:\/\/atana.pl\/"},{"@type":"ListItem","position":2,"name":"Sklep on-line","item":"https:\/\/atana.pl\/sklep-on-line\/"},{"@type":"ListItem","position":3,"name":"Tacka do grilla Kuuma SnG 125"}]},{"@type":"WebSite","@id":"https:\/\/atana.pl\/#website","url":"https:\/\/atana.pl\/","name":"Atana","description":"Akcesoria do \u0142odzi, kamper\u00f3w i przyczep. \u0141odzie motorowe","publisher":{"@id":"https:\/\/atana.pl\/#organization"},"potentialAction":[{"@type":"SearchAction","target":{"@type":"EntryPoint","urlTemplate":"https:\/\/atana.pl\/?s={search_term_string}"},"query-input":{"@type":"PropertyValueSpecification","valueRequired":true,"valueName":"search_term_string"}}],"inLanguage":"en-GB"},{"@type":"Organization","@id":"https:\/\/atana.pl\/#organization","name":"Atana","url":"https:\/\/atana.pl\/","logo":{"@type":"ImageObject","inLanguage":"en-GB","@id":"https:\/\/atana.pl\/#\/schema\/logo\/image\/","url":"","contentUrl":"","caption":"Atana"},"image":{"@id":"https:\/\/atana.pl\/#\/schema\/logo\/image\/"},"sameAs":["https:\/\/www.facebook.com\/atanayachts","https:\/\/www.instagram.com\/atanaboats\/","https:\/\/www.youtube.com\/channel\/UClMMmVqqx17in9QzgxK90Mw"]}]}},"_links":{"self":[{"href":"https:\/\/atana.pl\/en\/wp-json\/wp\/v2\/product\/5968","targetHints":{"allow":["GET"]}}],"collection":[{"href":"https:\/\/atana.pl\/en\/wp-json\/wp\/v2\/product"}],"about":[{"href":"https:\/\/atana.pl\/en\/wp-json\/wp\/v2\/types\/product"}],"wp:featuredmedia":[{"embeddable":true,"href":"https:\/\/atana.pl\/en\/wp-json\/wp\/v2\/media\/7603"}],"wp:attachment":[{"href":"https:\/\/atana.pl\/en\/wp-json\/wp\/v2\/media?parent=5968"}],"wp:term":[{"taxonomy":"product_brand","embeddable":true,"href":"https:\/\/atana.pl\/en\/wp-json\/wp\/v2\/product_brand?post=5968"},{"taxonomy":"product_cat","embeddable":true,"href":"https:\/\/atana.pl\/en\/wp-json\/wp\/v2\/product_cat?post=5968"},{"taxonomy":"product_tag","embeddable":true,"href":"https:\/\/atana.pl\/en\/wp-json\/wp\/v2\/product_tag?post=5968"}],"curies":[{"name":"wp","href":"https:\/\/api.w.org\/{rel}","templated":true}]}}