{"id":5914,"date":"2024-01-27T12:16:51","date_gmt":"2024-01-27T11:16:51","guid":{"rendered":"https:\/\/atana.pl\/sklep-on-line\/grill-weglowy-kuuma-sng-160\/"},"modified":"2025-11-18T15:06:18","modified_gmt":"2025-11-18T14:06:18","slug":"grill-weglowy-kuuma-sng-160","status":"publish","type":"product","link":"https:\/\/atana.pl\/en\/online-shop\/barbecues-and-accessories\/grille-kuuma\/grill-weglowy-kuuma-sng-160\/","title":{"rendered":"Kuuma SnG 160 Charcoal Grill"},"content":{"rendered":"<h3 class=\"\" data-start=\"1088\" data-end=\"1165\"><strong data-start=\"1092\" data-end=\"1165\">Grill w\u0119glowy Kuuma \u2013 klasyczny smak grillowania na \u0142\u00f3dce i nie tylko<\/strong><\/h3>\n<p class=\"\" data-start=\"1167\" data-end=\"1492\"><strong data-start=\"1167\" data-end=\"1190\">Grill w\u0119glowy Kuuma<\/strong> to doskona\u0142e rozwi\u0105zanie dla tych, kt\u00f3rzy ceni\u0105 <strong data-start=\"1239\" data-end=\"1270\">tradycyjny smak grillowania<\/strong>, ale nie chc\u0105 rezygnowa\u0107 z mobilno\u015bci i wygody. Dzi\u0119ki kompaktowej konstrukcji, sk\u0142adanym n\u00f3\u017ckom i odporno\u015bci na warunki atmosferyczne, grill idealnie sprawdzi si\u0119 na <strong data-start=\"1438\" data-end=\"1491\">\u0142odzi, jachcie, w kamperze, ogrodzie czy na pla\u017cy<\/strong>.<\/p>\n<p class=\"\" data-start=\"1494\" data-end=\"1585\">Bez wzgl\u0119du na to, gdzie jeste\u015b \u2013 przygotujesz gor\u0105cy, aromatyczny posi\u0142ek bez kompromis\u00f3w.<\/p>\n<hr class=\"\" data-start=\"1587\" data-end=\"1590\" \/>\n<h3 class=\"\" data-start=\"1592\" data-end=\"1644\"><strong data-start=\"1596\" data-end=\"1644\">Dlaczego grill w\u0119glowy Kuuma to dobry wyb\u00f3r?<\/strong><\/h3>\n<p class=\"\" data-start=\"1646\" data-end=\"2155\">\u00a0 \u00a0\ud83d\udd25 <strong data-start=\"1649\" data-end=\"1683\">Klasyczne grillowanie na w\u0119glu<\/strong> \u2013 wyj\u0105tkowy smak i aromat potraw<\/p>\n<p class=\"\" data-start=\"1646\" data-end=\"2155\">\u00a0 \u00a0\ud83d\udee1\ufe0f <strong data-start=\"1723\" data-end=\"1761\">Wysokiej jako\u015bci stal kwasoodporna<\/strong> \u2013 odporno\u015b\u0107 na s\u00f3l, rdz\u0119 i intensywne u\u017cytkowanie<\/p>\n<p class=\"\" data-start=\"1646\" data-end=\"2155\">\u00a0 \u00a0\ud83d\udce6 <strong data-start=\"1817\" data-end=\"1854\">Kompaktowa forma i sk\u0142adane n\u00f3\u017cki<\/strong> \u2013 idealny do przechowywania i transportu<\/p>\n<p class=\"\" data-start=\"1646\" data-end=\"2155\">\u00a0 \u00a0\ud83e\uddf2 <strong data-start=\"1901\" data-end=\"1920\">Stabilny monta\u017c<\/strong> \u2013 mo\u017cliwo\u015b\u0107 przymocowania do relingu, rufy lub stojaka<\/p>\n<p class=\"\" data-start=\"1646\" data-end=\"2155\">\u00a0 \u00a0\ud83e\uddfc <strong data-start=\"1981\" data-end=\"2002\">\u0141atwe czyszczenie<\/strong> \u2013 wyjmowany ruszt i kosz na w\u0119giel, mo\u017cliwo\u015b\u0107 mycia r\u0119cznego i w zmywarce<\/p>\n<p class=\"\" data-start=\"1646\" data-end=\"2155\">\u00a0 \u00a0\ud83e\udeb6 <strong data-start=\"2082\" data-end=\"2104\">Bezpieczna obs\u0142uga<\/strong> \u2013 pokrywa z kandaharkami i ch\u0142odn\u0105 w dotyku r\u0105czk\u0105<\/p>\n<hr class=\"\" data-start=\"2411\" data-end=\"2414\" \/>\n<h3 class=\"\" data-start=\"2416\" data-end=\"2456\"><strong data-start=\"2420\" data-end=\"2456\">Dost\u0119pne akcesoria (opcjonalne):<\/strong><\/h3>\n<ul>\n<li><a href=\"https:\/\/atana.pl\/en\/?s=uchwyt na reling&amp;post_type=product&amp;dgwt_wcas=1\">Uchwyty na reling<\/a><\/li>\n<li><a href=\"https:\/\/atana.pl\/en\/online-shop\/barbecues-and-accessories\/akcesoria\/adapter-relingowy-do-grilla-kuuma-montaz-na-burcie-bez-wiercenia\/\">Adapter do relingu (je\u015bli nie masz relingu w miejscu monta\u017cu)<\/a><\/li>\n<li><a href=\"https:\/\/atana.pl\/en\/?s=uchwyt do stojaka&amp;post_type=product&amp;dgwt_wcas=1\">Uchwyty do stojaka na w\u0119dki<\/a><\/li>\n<li><a href=\"https:\/\/atana.pl\/en\/online-shop\/barbecues-and-accessories\/akcesoria\/stojak-do-grilla-na-lodz-taras-i-pomost-stabilna-i-lekka-konstrukcja\/\">Wyjmowana noga<\/a><\/li>\n<li><a href=\"https:\/\/atana.pl\/en\/online-shop\/barbecues-and-accessories\/akcesoria\/pokrowiec-do-grilla-kuuma-torba-transportowa-odporna-na-uv\/\">Pokrowiec<\/a><\/li>\n<li><a href=\"https:\/\/atana.pl\/en\/online-shop\/barbecues-and-accessories\/akcesoria\/tacka-do-grilla-kuuma-160-stal-nierdzewna-haczyki-szybki-montaz\/\">Tacka na akcesoria<\/a><\/li>\n<\/ul>\n<p class=\"\" data-start=\"2603\" data-end=\"2726\">\ud83d\udee0\ufe0f <strong data-start=\"2607\" data-end=\"2636\">Masz specjalne wymagania?<\/strong> Wykonamy dla Ciebie indywidualne uchwyty z aluminium lub stali nierdzewnej \u2013 zapytaj nas!<\/p>\n<hr class=\"\" data-start=\"2728\" data-end=\"2731\" \/>\n<h3 class=\"\" data-start=\"2733\" data-end=\"2776\"><strong data-start=\"2737\" data-end=\"2776\">Jako\u015b\u0107, kt\u00f3ra trwa \u2013 wybierz Kuuma:<\/strong><\/h3>\n<ul data-start=\"2778\" data-end=\"2942\">\n<li class=\"\" data-start=\"2778\" data-end=\"2800\">\n<p class=\"\" data-start=\"2780\" data-end=\"2800\">2-letnia gwarancja<\/p>\n<\/li>\n<li class=\"\" data-start=\"2801\" data-end=\"2830\">\n<p class=\"\" data-start=\"2803\" data-end=\"2830\">Pe\u0142ne wsparcie techniczne<\/p>\n<\/li>\n<li class=\"\" data-start=\"2831\" data-end=\"2874\">\n<p class=\"\" data-start=\"2833\" data-end=\"2874\">Szybka realizacja \u2013 wysy\u0142ka nawet w 24h<\/p>\n<\/li>\n<li class=\"\" data-start=\"2875\" data-end=\"2942\">\n<p class=\"\" data-start=\"2877\" data-end=\"2942\">Profesjonalna pomoc przy wyborze grilla i dopasowanych akcesori\u00f3w<\/p>\n<\/li>\n<\/ul>\n<hr class=\"\" data-start=\"2944\" data-end=\"2947\" \/>\n<p class=\"\" data-start=\"2949\" data-end=\"3159\"><strong data-start=\"2949\" data-end=\"2972\">Grill w\u0119glowy Kuuma<\/strong> to po\u0142\u0105czenie tradycji z nowoczesno\u015bci\u0105 \u2013 klasyczny w\u0119glowy smak w przeno\u015bnej, trwa\u0142ej i praktycznej formie.<br data-start=\"3081\" data-end=\"3084\" \/><strong data-start=\"3084\" data-end=\"3115\">Grilluj gdziekolwiek jeste\u015b<\/strong> \u2013 na \u0142\u00f3dce, pla\u017cy, campingu czy w ogrodzie.<\/p>","protected":false},"excerpt":{"rendered":"<ul>\n<li>Grill w\u0119glowy &#8211; Kuuma SnG 160<\/li>\n<li>Compatible with all holders<\/li>\n<\/ul>","protected":false},"featured_media":7521,"template":"","meta":{"_acf_changed":false},"product_brand":[],"product_cat":[130,120],"product_tag":[139,141,148,149,150,147,143],"class_list":{"0":"post-5914","1":"product","2":"type-product","3":"status-publish","4":"has-post-thumbnail","6":"product_cat-grille-kuuma","7":"product_cat-kuuma","8":"product_tag-grill-kuuma","9":"product_tag-grill-turystyczny","10":"product_tag-grill-weglowy","11":"product_tag-grillowanie-na-lodz","12":"product_tag-grillowanie-na-pomoscie","13":"product_tag-outdoor","14":"product_tag-stal-nierdzewna","15":"product_shipping_class-kurier-odbior-osobisty","17":"first","18":"instock","19":"taxable","20":"shipping-taxable","21":"purchasable","22":"product-type-simple"},"acf":[],"yoast_head":"<!-- This site is optimized with the Yoast SEO plugin v25.2 - https:\/\/yoast.com\/wordpress\/plugins\/seo\/ -->\n<title>Grill W\u0119glowy Kuuma SnG 160 - Atana<\/title>\n<meta name=\"description\" content=\"Grill w\u0119glowy na \u0142\u00f3dk\u0119 Kuuma \u2013 kompaktowy, trwa\u0142y i bezpieczny. Klasyczny smak grillowania w podr\u00f3\u017cy. Wysy\u0142ka 24h, akcesoria i wsparcie techniczne.\" \/>\n<meta name=\"robots\" content=\"index, follow, max-snippet:-1, max-image-preview:large, max-video-preview:-1\" \/>\n<link rel=\"canonical\" href=\"https:\/\/atana.pl\/en\/online-shop\/barbecues-and-accessories\/grille-kuuma\/grill-weglowy-kuuma-sng-160\/\" \/>\n<meta property=\"og:locale\" content=\"en_GB\" \/>\n<meta property=\"og:type\" content=\"article\" \/>\n<meta property=\"og:title\" content=\"Grill W\u0119glowy Kuuma SnG 160 - Atana\" \/>\n<meta property=\"og:description\" content=\"Grill w\u0119glowy na \u0142\u00f3dk\u0119 Kuuma \u2013 kompaktowy, trwa\u0142y i bezpieczny. Klasyczny smak grillowania w podr\u00f3\u017cy. Wysy\u0142ka 24h, akcesoria i wsparcie techniczne.\" \/>\n<meta property=\"og:url\" content=\"https:\/\/atana.pl\/en\/online-shop\/barbecues-and-accessories\/grille-kuuma\/grill-weglowy-kuuma-sng-160\/\" \/>\n<meta property=\"og:site_name\" content=\"Atana\" \/>\n<meta property=\"article:publisher\" content=\"https:\/\/www.facebook.com\/atanayachts\" \/>\n<meta property=\"article:modified_time\" content=\"2025-11-18T14:06:18+00:00\" \/>\n<meta property=\"og:image\" content=\"https:\/\/atana.pl\/wp-content\/uploads\/1967\/01\/58110-kuuma-charcoal-grill-white-background.webp\" \/>\n\t<meta property=\"og:image:width\" content=\"1200\" \/>\n\t<meta property=\"og:image:height\" content=\"1200\" \/>\n\t<meta property=\"og:image:type\" content=\"image\/webp\" \/>\n<meta name=\"twitter:card\" content=\"summary_large_image\" \/>\n<meta name=\"twitter:label1\" content=\"Estimated reading time\" \/>\n\t<meta name=\"twitter:data1\" content=\"1 minute\" \/>\n<script type=\"application\/ld+json\" class=\"yoast-schema-graph\">{\"@context\":\"https:\/\/schema.org\",\"@graph\":[{\"@type\":\"WebPage\",\"@id\":\"https:\/\/atana.pl\/sklep-on-line\/grille-i-akcesoria\/grille-kuuma\/grill-weglowy-kuuma-sng-160\/\",\"url\":\"https:\/\/atana.pl\/sklep-on-line\/grille-i-akcesoria\/grille-kuuma\/grill-weglowy-kuuma-sng-160\/\",\"name\":\"Grill W\u0119glowy Kuuma SnG 160 - Atana\",\"isPartOf\":{\"@id\":\"https:\/\/atana.pl\/#website\"},\"primaryImageOfPage\":{\"@id\":\"https:\/\/atana.pl\/sklep-on-line\/grille-i-akcesoria\/grille-kuuma\/grill-weglowy-kuuma-sng-160\/#primaryimage\"},\"image\":{\"@id\":\"https:\/\/atana.pl\/sklep-on-line\/grille-i-akcesoria\/grille-kuuma\/grill-weglowy-kuuma-sng-160\/#primaryimage\"},\"thumbnailUrl\":\"https:\/\/atana.pl\/wp-content\/uploads\/1967\/01\/58110-kuuma-charcoal-grill-white-background.webp\",\"datePublished\":\"2024-01-27T11:16:51+00:00\",\"dateModified\":\"2025-11-18T14:06:18+00:00\",\"description\":\"Grill w\u0119glowy na \u0142\u00f3dk\u0119 Kuuma \u2013 kompaktowy, trwa\u0142y i bezpieczny. Klasyczny smak grillowania w podr\u00f3\u017cy. Wysy\u0142ka 24h, akcesoria i wsparcie techniczne.\",\"breadcrumb\":{\"@id\":\"https:\/\/atana.pl\/sklep-on-line\/grille-i-akcesoria\/grille-kuuma\/grill-weglowy-kuuma-sng-160\/#breadcrumb\"},\"inLanguage\":\"en-GB\",\"potentialAction\":[{\"@type\":\"ReadAction\",\"target\":[\"https:\/\/atana.pl\/sklep-on-line\/grille-i-akcesoria\/grille-kuuma\/grill-weglowy-kuuma-sng-160\/\"]}]},{\"@type\":\"ImageObject\",\"inLanguage\":\"en-GB\",\"@id\":\"https:\/\/atana.pl\/sklep-on-line\/grille-i-akcesoria\/grille-kuuma\/grill-weglowy-kuuma-sng-160\/#primaryimage\",\"url\":\"https:\/\/atana.pl\/wp-content\/uploads\/1967\/01\/58110-kuuma-charcoal-grill-white-background.webp\",\"contentUrl\":\"https:\/\/atana.pl\/wp-content\/uploads\/1967\/01\/58110-kuuma-charcoal-grill-white-background.webp\",\"width\":1200,\"height\":1200,\"caption\":\"58110 kuuma charcoal grill white background\"},{\"@type\":\"BreadcrumbList\",\"@id\":\"https:\/\/atana.pl\/sklep-on-line\/grille-i-akcesoria\/grille-kuuma\/grill-weglowy-kuuma-sng-160\/#breadcrumb\",\"itemListElement\":[{\"@type\":\"ListItem\",\"position\":1,\"name\":\"Strona g\u0142\u00f3wna\",\"item\":\"https:\/\/atana.pl\/\"},{\"@type\":\"ListItem\",\"position\":2,\"name\":\"Sklep on-line\",\"item\":\"https:\/\/atana.pl\/sklep-on-line\/\"},{\"@type\":\"ListItem\",\"position\":3,\"name\":\"Grill W\u0119glowy Kuuma SnG 160\"}]},{\"@type\":\"WebSite\",\"@id\":\"https:\/\/atana.pl\/#website\",\"url\":\"https:\/\/atana.pl\/\",\"name\":\"Atana\",\"description\":\"Akcesoria do \u0142odzi, kamper\u00f3w i przyczep. \u0141odzie motorowe\",\"publisher\":{\"@id\":\"https:\/\/atana.pl\/#organization\"},\"potentialAction\":[{\"@type\":\"SearchAction\",\"target\":{\"@type\":\"EntryPoint\",\"urlTemplate\":\"https:\/\/atana.pl\/?s={search_term_string}\"},\"query-input\":{\"@type\":\"PropertyValueSpecification\",\"valueRequired\":true,\"valueName\":\"search_term_string\"}}],\"inLanguage\":\"en-GB\"},{\"@type\":\"Organization\",\"@id\":\"https:\/\/atana.pl\/#organization\",\"name\":\"Atana\",\"url\":\"https:\/\/atana.pl\/\",\"logo\":{\"@type\":\"ImageObject\",\"inLanguage\":\"en-GB\",\"@id\":\"https:\/\/atana.pl\/#\/schema\/logo\/image\/\",\"url\":\"\",\"contentUrl\":\"\",\"caption\":\"Atana\"},\"image\":{\"@id\":\"https:\/\/atana.pl\/#\/schema\/logo\/image\/\"},\"sameAs\":[\"https:\/\/www.facebook.com\/atanayachts\",\"https:\/\/www.instagram.com\/atanaboats\/\",\"https:\/\/www.youtube.com\/channel\/UClMMmVqqx17in9QzgxK90Mw\"]}]}<\/script>\n<!-- \/ Yoast SEO plugin. -->","yoast_head_json":{"title":"Grill W\u0119glowy Kuuma SnG 160 - Atana","description":"Grill w\u0119glowy na \u0142\u00f3dk\u0119 Kuuma \u2013 kompaktowy, trwa\u0142y i bezpieczny. Klasyczny smak grillowania w podr\u00f3\u017cy. Wysy\u0142ka 24h, akcesoria i wsparcie techniczne.","robots":{"index":"index","follow":"follow","max-snippet":"max-snippet:-1","max-image-preview":"max-image-preview:large","max-video-preview":"max-video-preview:-1"},"canonical":"https:\/\/atana.pl\/en\/online-shop\/barbecues-and-accessories\/grille-kuuma\/grill-weglowy-kuuma-sng-160\/","og_locale":"en_GB","og_type":"article","og_title":"Grill W\u0119glowy Kuuma SnG 160 - Atana","og_description":"Grill w\u0119glowy na \u0142\u00f3dk\u0119 Kuuma \u2013 kompaktowy, trwa\u0142y i bezpieczny. Klasyczny smak grillowania w podr\u00f3\u017cy. Wysy\u0142ka 24h, akcesoria i wsparcie techniczne.","og_url":"https:\/\/atana.pl\/en\/online-shop\/barbecues-and-accessories\/grille-kuuma\/grill-weglowy-kuuma-sng-160\/","og_site_name":"Atana","article_publisher":"https:\/\/www.facebook.com\/atanayachts","article_modified_time":"2025-11-18T14:06:18+00:00","og_image":[{"width":1200,"height":1200,"url":"https:\/\/atana.pl\/wp-content\/uploads\/1967\/01\/58110-kuuma-charcoal-grill-white-background.webp","type":"image\/webp"}],"twitter_card":"summary_large_image","twitter_misc":{"Estimated reading time":"1 minute"},"schema":{"@context":"https:\/\/schema.org","@graph":[{"@type":"WebPage","@id":"https:\/\/atana.pl\/sklep-on-line\/grille-i-akcesoria\/grille-kuuma\/grill-weglowy-kuuma-sng-160\/","url":"https:\/\/atana.pl\/sklep-on-line\/grille-i-akcesoria\/grille-kuuma\/grill-weglowy-kuuma-sng-160\/","name":"Grill W\u0119glowy Kuuma SnG 160 - Atana","isPartOf":{"@id":"https:\/\/atana.pl\/#website"},"primaryImageOfPage":{"@id":"https:\/\/atana.pl\/sklep-on-line\/grille-i-akcesoria\/grille-kuuma\/grill-weglowy-kuuma-sng-160\/#primaryimage"},"image":{"@id":"https:\/\/atana.pl\/sklep-on-line\/grille-i-akcesoria\/grille-kuuma\/grill-weglowy-kuuma-sng-160\/#primaryimage"},"thumbnailUrl":"https:\/\/atana.pl\/wp-content\/uploads\/1967\/01\/58110-kuuma-charcoal-grill-white-background.webp","datePublished":"2024-01-27T11:16:51+00:00","dateModified":"2025-11-18T14:06:18+00:00","description":"Grill w\u0119glowy na \u0142\u00f3dk\u0119 Kuuma \u2013 kompaktowy, trwa\u0142y i bezpieczny. Klasyczny smak grillowania w podr\u00f3\u017cy. Wysy\u0142ka 24h, akcesoria i wsparcie techniczne.","breadcrumb":{"@id":"https:\/\/atana.pl\/sklep-on-line\/grille-i-akcesoria\/grille-kuuma\/grill-weglowy-kuuma-sng-160\/#breadcrumb"},"inLanguage":"en-GB","potentialAction":[{"@type":"ReadAction","target":["https:\/\/atana.pl\/sklep-on-line\/grille-i-akcesoria\/grille-kuuma\/grill-weglowy-kuuma-sng-160\/"]}]},{"@type":"ImageObject","inLanguage":"en-GB","@id":"https:\/\/atana.pl\/sklep-on-line\/grille-i-akcesoria\/grille-kuuma\/grill-weglowy-kuuma-sng-160\/#primaryimage","url":"https:\/\/atana.pl\/wp-content\/uploads\/1967\/01\/58110-kuuma-charcoal-grill-white-background.webp","contentUrl":"https:\/\/atana.pl\/wp-content\/uploads\/1967\/01\/58110-kuuma-charcoal-grill-white-background.webp","width":1200,"height":1200,"caption":"58110 kuuma charcoal grill white background"},{"@type":"BreadcrumbList","@id":"https:\/\/atana.pl\/sklep-on-line\/grille-i-akcesoria\/grille-kuuma\/grill-weglowy-kuuma-sng-160\/#breadcrumb","itemListElement":[{"@type":"ListItem","position":1,"name":"Strona g\u0142\u00f3wna","item":"https:\/\/atana.pl\/"},{"@type":"ListItem","position":2,"name":"Sklep on-line","item":"https:\/\/atana.pl\/sklep-on-line\/"},{"@type":"ListItem","position":3,"name":"Grill W\u0119glowy Kuuma SnG 160"}]},{"@type":"WebSite","@id":"https:\/\/atana.pl\/#website","url":"https:\/\/atana.pl\/","name":"Atana","description":"Akcesoria do \u0142odzi, kamper\u00f3w i przyczep. \u0141odzie motorowe","publisher":{"@id":"https:\/\/atana.pl\/#organization"},"potentialAction":[{"@type":"SearchAction","target":{"@type":"EntryPoint","urlTemplate":"https:\/\/atana.pl\/?s={search_term_string}"},"query-input":{"@type":"PropertyValueSpecification","valueRequired":true,"valueName":"search_term_string"}}],"inLanguage":"en-GB"},{"@type":"Organization","@id":"https:\/\/atana.pl\/#organization","name":"Atana","url":"https:\/\/atana.pl\/","logo":{"@type":"ImageObject","inLanguage":"en-GB","@id":"https:\/\/atana.pl\/#\/schema\/logo\/image\/","url":"","contentUrl":"","caption":"Atana"},"image":{"@id":"https:\/\/atana.pl\/#\/schema\/logo\/image\/"},"sameAs":["https:\/\/www.facebook.com\/atanayachts","https:\/\/www.instagram.com\/atanaboats\/","https:\/\/www.youtube.com\/channel\/UClMMmVqqx17in9QzgxK90Mw"]}]}},"_links":{"self":[{"href":"https:\/\/atana.pl\/en\/wp-json\/wp\/v2\/product\/5914","targetHints":{"allow":["GET"]}}],"collection":[{"href":"https:\/\/atana.pl\/en\/wp-json\/wp\/v2\/product"}],"about":[{"href":"https:\/\/atana.pl\/en\/wp-json\/wp\/v2\/types\/product"}],"wp:featuredmedia":[{"embeddable":true,"href":"https:\/\/atana.pl\/en\/wp-json\/wp\/v2\/media\/7521"}],"wp:attachment":[{"href":"https:\/\/atana.pl\/en\/wp-json\/wp\/v2\/media?parent=5914"}],"wp:term":[{"taxonomy":"product_brand","embeddable":true,"href":"https:\/\/atana.pl\/en\/wp-json\/wp\/v2\/product_brand?post=5914"},{"taxonomy":"product_cat","embeddable":true,"href":"https:\/\/atana.pl\/en\/wp-json\/wp\/v2\/product_cat?post=5914"},{"taxonomy":"product_tag","embeddable":true,"href":"https:\/\/atana.pl\/en\/wp-json\/wp\/v2\/product_tag?post=5914"}],"curies":[{"name":"wp","href":"https:\/\/api.w.org\/{rel}","templated":true}]}}