{"id":5900,"date":"2022-01-27T12:16:50","date_gmt":"2022-01-27T11:16:50","guid":{"rendered":"https:\/\/atana.pl\/sklep-on-line\/pasy-transportowe-samozwijajace-25mm-183cm\/"},"modified":"2025-05-11T17:46:33","modified_gmt":"2025-05-11T15:46:33","slug":"pasy-transportowe-samozwijajace-25mm-183cm","status":"publish","type":"product","link":"https:\/\/atana.pl\/en\/online-shop\/camco\/pasy-transportowe-samozwijajace-25mm-183cm\/","title":{"rendered":"Self-winding transport straps - 25mm \/ 183cm"},"content":{"rendered":"<h2 class=\"\" data-start=\"225\" data-end=\"303\">\ud83d\udd12 Samozwijaj\u0105cy pas transportowy CAMCO \u2013 koniec z pl\u0105tanin\u0105 i strat\u0105 czasu<\/h2>\n<p class=\"\" data-start=\"305\" data-end=\"658\"><strong data-start=\"305\" data-end=\"332\">Pas samozwijaj\u0105cy CAMCO<\/strong> to innowacyjne, opatentowane rozwi\u0105zanie dla wszystkich, kt\u00f3rzy ceni\u0105 sobie porz\u0105dek, wygod\u0119 i bezpiecze\u0144stwo podczas transportu. Dzi\u0119ki wbudowanemu mechanizmowi, pas <strong data-start=\"500\" data-end=\"527\">zwija si\u0119 automatycznie<\/strong> \u2013 wystarczy jedno naci\u015bni\u0119cie czerwonego przycisku. To znaczy: <strong data-start=\"591\" data-end=\"658\">koniec z brudnymi, mokrymi, rozwleczonymi i popl\u0105tanymi pasami!<\/strong><\/p>\n<p class=\"\" data-start=\"660\" data-end=\"830\">Wyposa\u017cony w <strong data-start=\"673\" data-end=\"702\">dwa solidne haki mocuj\u0105ce<\/strong>, pas \u015bwietnie sprawdza si\u0119 podczas przewozu r\u00f3\u017cnego rodzaju \u0142adunk\u00f3w \u2013 od \u0142odzi, przez sprz\u0119t ogrodniczy, po motocykle i quady.<\/p>\n<hr class=\"\" data-start=\"1182\" data-end=\"1185\" \/>\n<h3 class=\"\" data-start=\"1187\" data-end=\"1209\">\u2705 Zalety produktu:<\/h3>\n<ul data-start=\"1210\" data-end=\"1741\">\n<li class=\"\" data-start=\"1210\" data-end=\"1274\">\n<p class=\"\" data-start=\"1212\" data-end=\"1274\"><strong data-start=\"1212\" data-end=\"1239\">Samozwijaj\u0105cy mechanizm<\/strong> \u2013 porz\u0105dek bez spl\u0105tanych pas\u00f3w.<\/p>\n<\/li>\n<li class=\"\" data-start=\"1275\" data-end=\"1356\">\n<p class=\"\" data-start=\"1277\" data-end=\"1356\"><strong data-start=\"1277\" data-end=\"1316\">Napinacz i blokada w ka\u017cdej pozycji<\/strong> \u2013 bezpieczne unieruchomienie \u0142adunku.<\/p>\n<\/li>\n<li class=\"\" data-start=\"1357\" data-end=\"1438\">\n<p class=\"\" data-start=\"1359\" data-end=\"1438\"><strong data-start=\"1359\" data-end=\"1412\">Regulacja d\u0142ugo\u015bci za pomoc\u0105 czerwonego przycisku<\/strong> \u2013 b\u0142yskawiczna obs\u0142uga.<\/p>\n<\/li>\n<li class=\"\" data-start=\"1439\" data-end=\"1512\">\n<p class=\"\" data-start=\"1441\" data-end=\"1512\"><strong data-start=\"1441\" data-end=\"1475\">Zajmuje ma\u0142o miejsca po u\u017cyciu<\/strong> \u2013 idealny do mobilnych zastosowa\u0144.<\/p>\n<\/li>\n<li class=\"\" data-start=\"1513\" data-end=\"1601\">\n<p class=\"\" data-start=\"1515\" data-end=\"1601\"><strong data-start=\"1515\" data-end=\"1555\">Mo\u017cliwo\u015b\u0107 przykr\u0119cenia pasa na sta\u0142e<\/strong> \u2013 wygodne rozwi\u0105zanie dla lawet i przyczep.<\/p>\n<\/li>\n<li class=\"\" data-start=\"1602\" data-end=\"1674\">\n<p class=\"\" data-start=\"1604\" data-end=\"1674\"><strong data-start=\"1604\" data-end=\"1629\">Brak lu\u017anych ko\u0144c\u00f3wek<\/strong> \u2013 komfort i bezpiecze\u0144stwo przy za\u0142adunku.<\/p>\n<\/li>\n<li class=\"\" data-start=\"1675\" data-end=\"1741\">\n<p class=\"\" data-start=\"1677\" data-end=\"1741\"><strong data-start=\"1677\" data-end=\"1711\">\u0141atwa obs\u0142uga nawet jedn\u0105 r\u0119k\u0105<\/strong> \u2013 oszcz\u0119dno\u015b\u0107 czasu i nerw\u00f3w.<\/p>\n<\/li>\n<\/ul>\n<hr class=\"\" data-start=\"1994\" data-end=\"1997\" \/>\n<h3 class=\"\" data-start=\"1999\" data-end=\"2027\">\ud83d\udce6 Zawarto\u015b\u0107 opakowania:<\/h3>\n<ul data-start=\"2028\" data-end=\"2075\">\n<li class=\"\" data-start=\"2028\" data-end=\"2075\">\n<p class=\"\" data-start=\"2030\" data-end=\"2075\">Samozwijaj\u0105cy pas transportowy CAMCO \u2013 1 szt.<\/p>\n<\/li>\n<\/ul>\n<hr class=\"\" data-start=\"2077\" data-end=\"2080\" \/>\n<p class=\"\" data-start=\"2082\" data-end=\"2210\">\ud83d\udee0\ufe0f <strong data-start=\"2086\" data-end=\"2210\">Dzi\u0119ki pasowi CAMCO Tw\u00f3j transport b\u0119dzie zawsze pod kontrol\u0105 \u2013 bez spl\u0105ta\u0144, bez straty czasu, z pe\u0142nym bezpiecze\u0144stwem.<\/strong><\/p>","protected":false},"excerpt":{"rendered":"<ul>\n<li>Pas samozwijaj\u0105cy CAMCO \u2013 183 cm.<\/li>\n<li>2 haki, blokada i szybkie zwijanie.<\/li>\n<li>Do lawet, przyczep i \u0142adunk\u00f3w specjalnych.<\/li>\n<\/ul>","protected":false},"featured_media":4515,"template":"","meta":{"_acf_changed":false},"product_brand":[],"product_cat":[118,114],"product_tag":[1246,1250,1237,1247,1248,1238,1244,1252,1251,1249,1239,1236],"class_list":{"0":"post-5900","1":"product","2":"type-product","3":"status-publish","4":"has-post-thumbnail","6":"product_cat-pasy","7":"product_cat-camco","8":"product_tag-akcesoria-transportowe-camco","9":"product_tag-pas-12v","10":"product_tag-pas-camco","11":"product_tag-pas-do-lodzi","12":"product_tag-pas-do-motocykla","13":"product_tag-pas-do-przyczepy","14":"product_tag-pas-do-quada","15":"product_tag-pas-transportowy-samozwijajacy-sie","16":"product_tag-pas-z-blokada","17":"product_tag-pas-z-hakami","18":"product_tag-pas-z-napinaczem","19":"product_tag-samozwijajacy-pas-transportowy","21":"first","22":"outofstock","23":"taxable","24":"shipping-taxable","25":"purchasable","26":"product-type-simple"},"acf":[],"yoast_head":"<!-- This site is optimized with the Yoast SEO plugin v25.2 - https:\/\/yoast.com\/wordpress\/plugins\/seo\/ -->\n<title>Pasy transportowe samozwijaj\u0105ce - 25mm \/ 183cm - Atana<\/title>\n<meta name=\"description\" content=\"Pas samozwijaj\u0105cy CAMCO \u2013 183 cm, 25 mm, 2 haki. Szybkie zwijanie, blokada w ka\u017cdej pozycji, idealny do \u0142odzi, motocykla, kosiarki i quada.\" \/>\n<meta name=\"robots\" content=\"index, follow, max-snippet:-1, max-image-preview:large, max-video-preview:-1\" \/>\n<link rel=\"canonical\" href=\"https:\/\/atana.pl\/en\/online-shop\/camco\/pasy-transportowe-samozwijajace-25mm-183cm\/\" \/>\n<meta property=\"og:locale\" content=\"en_GB\" \/>\n<meta property=\"og:type\" content=\"article\" \/>\n<meta property=\"og:title\" content=\"Pasy transportowe samozwijaj\u0105ce - 25mm \/ 183cm - Atana\" \/>\n<meta property=\"og:description\" content=\"Pas samozwijaj\u0105cy CAMCO \u2013 183 cm, 25 mm, 2 haki. Szybkie zwijanie, blokada w ka\u017cdej pozycji, idealny do \u0142odzi, motocykla, kosiarki i quada.\" \/>\n<meta property=\"og:url\" content=\"https:\/\/atana.pl\/en\/online-shop\/camco\/pasy-transportowe-samozwijajace-25mm-183cm\/\" \/>\n<meta property=\"og:site_name\" content=\"Atana\" \/>\n<meta property=\"article:publisher\" content=\"https:\/\/www.facebook.com\/atanayachts\" \/>\n<meta property=\"article:modified_time\" content=\"2025-05-11T15:46:33+00:00\" \/>\n<meta property=\"og:image\" content=\"https:\/\/atana.pl\/wp-content\/uploads\/2024\/04\/50033_out-Z.jpg\" \/>\n\t<meta property=\"og:image:width\" content=\"900\" \/>\n\t<meta property=\"og:image:height\" content=\"900\" \/>\n\t<meta property=\"og:image:type\" content=\"image\/jpeg\" \/>\n<meta name=\"twitter:card\" content=\"summary_large_image\" \/>\n<meta name=\"twitter:label1\" content=\"Estimated reading time\" \/>\n\t<meta name=\"twitter:data1\" content=\"1 minute\" \/>\n<script type=\"application\/ld+json\" class=\"yoast-schema-graph\">{\"@context\":\"https:\/\/schema.org\",\"@graph\":[{\"@type\":\"WebPage\",\"@id\":\"https:\/\/atana.pl\/sklep-on-line\/camco\/pasy-transportowe-samozwijajace-25mm-183cm\/\",\"url\":\"https:\/\/atana.pl\/sklep-on-line\/camco\/pasy-transportowe-samozwijajace-25mm-183cm\/\",\"name\":\"Pasy transportowe samozwijaj\u0105ce - 25mm \/ 183cm - Atana\",\"isPartOf\":{\"@id\":\"https:\/\/atana.pl\/#website\"},\"primaryImageOfPage\":{\"@id\":\"https:\/\/atana.pl\/sklep-on-line\/camco\/pasy-transportowe-samozwijajace-25mm-183cm\/#primaryimage\"},\"image\":{\"@id\":\"https:\/\/atana.pl\/sklep-on-line\/camco\/pasy-transportowe-samozwijajace-25mm-183cm\/#primaryimage\"},\"thumbnailUrl\":\"https:\/\/atana.pl\/wp-content\/uploads\/2024\/04\/50033_out-Z.jpg\",\"datePublished\":\"2022-01-27T11:16:50+00:00\",\"dateModified\":\"2025-05-11T15:46:33+00:00\",\"description\":\"Pas samozwijaj\u0105cy CAMCO \u2013 183 cm, 25 mm, 2 haki. Szybkie zwijanie, blokada w ka\u017cdej pozycji, idealny do \u0142odzi, motocykla, kosiarki i quada.\",\"breadcrumb\":{\"@id\":\"https:\/\/atana.pl\/sklep-on-line\/camco\/pasy-transportowe-samozwijajace-25mm-183cm\/#breadcrumb\"},\"inLanguage\":\"en-GB\",\"potentialAction\":[{\"@type\":\"ReadAction\",\"target\":[\"https:\/\/atana.pl\/sklep-on-line\/camco\/pasy-transportowe-samozwijajace-25mm-183cm\/\"]}]},{\"@type\":\"ImageObject\",\"inLanguage\":\"en-GB\",\"@id\":\"https:\/\/atana.pl\/sklep-on-line\/camco\/pasy-transportowe-samozwijajace-25mm-183cm\/#primaryimage\",\"url\":\"https:\/\/atana.pl\/wp-content\/uploads\/2024\/04\/50033_out-Z.jpg\",\"contentUrl\":\"https:\/\/atana.pl\/wp-content\/uploads\/2024\/04\/50033_out-Z.jpg\",\"width\":900,\"height\":900,\"caption\":\"Pasy transportowe samozwijaj\u0105ce &#8211; 25mm \/ 183cm\"},{\"@type\":\"BreadcrumbList\",\"@id\":\"https:\/\/atana.pl\/sklep-on-line\/camco\/pasy-transportowe-samozwijajace-25mm-183cm\/#breadcrumb\",\"itemListElement\":[{\"@type\":\"ListItem\",\"position\":1,\"name\":\"Strona g\u0142\u00f3wna\",\"item\":\"https:\/\/atana.pl\/\"},{\"@type\":\"ListItem\",\"position\":2,\"name\":\"Sklep on-line\",\"item\":\"https:\/\/atana.pl\/sklep-on-line\/\"},{\"@type\":\"ListItem\",\"position\":3,\"name\":\"Pasy transportowe samozwijaj\u0105ce &#8211; 25mm \/ 183cm\"}]},{\"@type\":\"WebSite\",\"@id\":\"https:\/\/atana.pl\/#website\",\"url\":\"https:\/\/atana.pl\/\",\"name\":\"Atana\",\"description\":\"Akcesoria do \u0142odzi, kamper\u00f3w i przyczep. \u0141odzie motorowe\",\"publisher\":{\"@id\":\"https:\/\/atana.pl\/#organization\"},\"potentialAction\":[{\"@type\":\"SearchAction\",\"target\":{\"@type\":\"EntryPoint\",\"urlTemplate\":\"https:\/\/atana.pl\/?s={search_term_string}\"},\"query-input\":{\"@type\":\"PropertyValueSpecification\",\"valueRequired\":true,\"valueName\":\"search_term_string\"}}],\"inLanguage\":\"en-GB\"},{\"@type\":\"Organization\",\"@id\":\"https:\/\/atana.pl\/#organization\",\"name\":\"Atana\",\"url\":\"https:\/\/atana.pl\/\",\"logo\":{\"@type\":\"ImageObject\",\"inLanguage\":\"en-GB\",\"@id\":\"https:\/\/atana.pl\/#\/schema\/logo\/image\/\",\"url\":\"\",\"contentUrl\":\"\",\"caption\":\"Atana\"},\"image\":{\"@id\":\"https:\/\/atana.pl\/#\/schema\/logo\/image\/\"},\"sameAs\":[\"https:\/\/www.facebook.com\/atanayachts\",\"https:\/\/www.instagram.com\/atanaboats\/\",\"https:\/\/www.youtube.com\/channel\/UClMMmVqqx17in9QzgxK90Mw\"]}]}<\/script>\n<!-- \/ Yoast SEO plugin. -->","yoast_head_json":{"title":"Pasy transportowe samozwijaj\u0105ce - 25mm \/ 183cm - Atana","description":"Pas samozwijaj\u0105cy CAMCO \u2013 183 cm, 25 mm, 2 haki. Szybkie zwijanie, blokada w ka\u017cdej pozycji, idealny do \u0142odzi, motocykla, kosiarki i quada.","robots":{"index":"index","follow":"follow","max-snippet":"max-snippet:-1","max-image-preview":"max-image-preview:large","max-video-preview":"max-video-preview:-1"},"canonical":"https:\/\/atana.pl\/en\/online-shop\/camco\/pasy-transportowe-samozwijajace-25mm-183cm\/","og_locale":"en_GB","og_type":"article","og_title":"Pasy transportowe samozwijaj\u0105ce - 25mm \/ 183cm - Atana","og_description":"Pas samozwijaj\u0105cy CAMCO \u2013 183 cm, 25 mm, 2 haki. Szybkie zwijanie, blokada w ka\u017cdej pozycji, idealny do \u0142odzi, motocykla, kosiarki i quada.","og_url":"https:\/\/atana.pl\/en\/online-shop\/camco\/pasy-transportowe-samozwijajace-25mm-183cm\/","og_site_name":"Atana","article_publisher":"https:\/\/www.facebook.com\/atanayachts","article_modified_time":"2025-05-11T15:46:33+00:00","og_image":[{"width":900,"height":900,"url":"https:\/\/atana.pl\/wp-content\/uploads\/2024\/04\/50033_out-Z.jpg","type":"image\/jpeg"}],"twitter_card":"summary_large_image","twitter_misc":{"Estimated reading time":"1 minute"},"schema":{"@context":"https:\/\/schema.org","@graph":[{"@type":"WebPage","@id":"https:\/\/atana.pl\/sklep-on-line\/camco\/pasy-transportowe-samozwijajace-25mm-183cm\/","url":"https:\/\/atana.pl\/sklep-on-line\/camco\/pasy-transportowe-samozwijajace-25mm-183cm\/","name":"Pasy transportowe samozwijaj\u0105ce - 25mm \/ 183cm - Atana","isPartOf":{"@id":"https:\/\/atana.pl\/#website"},"primaryImageOfPage":{"@id":"https:\/\/atana.pl\/sklep-on-line\/camco\/pasy-transportowe-samozwijajace-25mm-183cm\/#primaryimage"},"image":{"@id":"https:\/\/atana.pl\/sklep-on-line\/camco\/pasy-transportowe-samozwijajace-25mm-183cm\/#primaryimage"},"thumbnailUrl":"https:\/\/atana.pl\/wp-content\/uploads\/2024\/04\/50033_out-Z.jpg","datePublished":"2022-01-27T11:16:50+00:00","dateModified":"2025-05-11T15:46:33+00:00","description":"Pas samozwijaj\u0105cy CAMCO \u2013 183 cm, 25 mm, 2 haki. Szybkie zwijanie, blokada w ka\u017cdej pozycji, idealny do \u0142odzi, motocykla, kosiarki i quada.","breadcrumb":{"@id":"https:\/\/atana.pl\/sklep-on-line\/camco\/pasy-transportowe-samozwijajace-25mm-183cm\/#breadcrumb"},"inLanguage":"en-GB","potentialAction":[{"@type":"ReadAction","target":["https:\/\/atana.pl\/sklep-on-line\/camco\/pasy-transportowe-samozwijajace-25mm-183cm\/"]}]},{"@type":"ImageObject","inLanguage":"en-GB","@id":"https:\/\/atana.pl\/sklep-on-line\/camco\/pasy-transportowe-samozwijajace-25mm-183cm\/#primaryimage","url":"https:\/\/atana.pl\/wp-content\/uploads\/2024\/04\/50033_out-Z.jpg","contentUrl":"https:\/\/atana.pl\/wp-content\/uploads\/2024\/04\/50033_out-Z.jpg","width":900,"height":900,"caption":"Pasy transportowe samozwijaj\u0105ce &#8211; 25mm \/ 183cm"},{"@type":"BreadcrumbList","@id":"https:\/\/atana.pl\/sklep-on-line\/camco\/pasy-transportowe-samozwijajace-25mm-183cm\/#breadcrumb","itemListElement":[{"@type":"ListItem","position":1,"name":"Strona g\u0142\u00f3wna","item":"https:\/\/atana.pl\/"},{"@type":"ListItem","position":2,"name":"Sklep on-line","item":"https:\/\/atana.pl\/sklep-on-line\/"},{"@type":"ListItem","position":3,"name":"Pasy transportowe samozwijaj\u0105ce &#8211; 25mm \/ 183cm"}]},{"@type":"WebSite","@id":"https:\/\/atana.pl\/#website","url":"https:\/\/atana.pl\/","name":"Atana","description":"Akcesoria do \u0142odzi, kamper\u00f3w i przyczep. \u0141odzie motorowe","publisher":{"@id":"https:\/\/atana.pl\/#organization"},"potentialAction":[{"@type":"SearchAction","target":{"@type":"EntryPoint","urlTemplate":"https:\/\/atana.pl\/?s={search_term_string}"},"query-input":{"@type":"PropertyValueSpecification","valueRequired":true,"valueName":"search_term_string"}}],"inLanguage":"en-GB"},{"@type":"Organization","@id":"https:\/\/atana.pl\/#organization","name":"Atana","url":"https:\/\/atana.pl\/","logo":{"@type":"ImageObject","inLanguage":"en-GB","@id":"https:\/\/atana.pl\/#\/schema\/logo\/image\/","url":"","contentUrl":"","caption":"Atana"},"image":{"@id":"https:\/\/atana.pl\/#\/schema\/logo\/image\/"},"sameAs":["https:\/\/www.facebook.com\/atanayachts","https:\/\/www.instagram.com\/atanaboats\/","https:\/\/www.youtube.com\/channel\/UClMMmVqqx17in9QzgxK90Mw"]}]}},"_links":{"self":[{"href":"https:\/\/atana.pl\/en\/wp-json\/wp\/v2\/product\/5900","targetHints":{"allow":["GET"]}}],"collection":[{"href":"https:\/\/atana.pl\/en\/wp-json\/wp\/v2\/product"}],"about":[{"href":"https:\/\/atana.pl\/en\/wp-json\/wp\/v2\/types\/product"}],"wp:featuredmedia":[{"embeddable":true,"href":"https:\/\/atana.pl\/en\/wp-json\/wp\/v2\/media\/4515"}],"wp:attachment":[{"href":"https:\/\/atana.pl\/en\/wp-json\/wp\/v2\/media?parent=5900"}],"wp:term":[{"taxonomy":"product_brand","embeddable":true,"href":"https:\/\/atana.pl\/en\/wp-json\/wp\/v2\/product_brand?post=5900"},{"taxonomy":"product_cat","embeddable":true,"href":"https:\/\/atana.pl\/en\/wp-json\/wp\/v2\/product_cat?post=5900"},{"taxonomy":"product_tag","embeddable":true,"href":"https:\/\/atana.pl\/en\/wp-json\/wp\/v2\/product_tag?post=5900"}],"curies":[{"name":"wp","href":"https:\/\/api.w.org\/{rel}","templated":true}]}}