{"id":5877,"date":"2022-01-27T12:16:49","date_gmt":"2022-01-27T11:16:49","guid":{"rendered":"https:\/\/atana.pl\/sklep-on-line\/pasy-transportowe-samozwijajace-50mm-167cm\/"},"modified":"2025-05-12T10:40:58","modified_gmt":"2025-05-12T08:40:58","slug":"pasy-transportowe-samozwijajace-50mm-167cm","status":"publish","type":"product","link":"https:\/\/atana.pl\/en\/online-shop\/camco\/pasy-transportowe-samozwijajace-50mm-167cm\/","title":{"rendered":"Self-winding transport belt - 50mm \/ 167cm"},"content":{"rendered":"<h2 class=\"\" data-start=\"234\" data-end=\"317\">\ud83d\udd12 Samozwijaj\u0105cy pas transportowy CAMCO 50 mm \u2013 mocny, bezpieczny, bez spl\u0105tania<\/h2>\n<p class=\"\" data-start=\"319\" data-end=\"644\"><strong data-start=\"319\" data-end=\"352\">Pas samozwijaj\u0105cy CAMCO 50 mm<\/strong> to opatentowane rozwi\u0105zanie dla wymagaj\u0105cych u\u017cytkownik\u00f3w, kt\u00f3rzy oczekuj\u0105 porz\u0105dku, niezawodno\u015bci i wygody. Dzi\u0119ki zintegrowanemu <strong data-start=\"484\" data-end=\"512\">mechanizmowi zwijaj\u0105cemu<\/strong> wystarczy jedno naci\u015bni\u0119cie czerwonego przycisku, aby pas sam si\u0119 zwin\u0105\u0142 \u2013 <strong data-start=\"588\" data-end=\"644\">koniec z mokrymi, rozwleczonymi, spl\u0105tanymi ta\u015bmami!<\/strong><\/p>\n<p class=\"\" data-start=\"646\" data-end=\"819\">Model ten o zwi\u0119kszonej szeroko\u015bci (50 mm) i wytrzyma\u0142o\u015bci a\u017c <strong data-start=\"708\" data-end=\"731\">1496 kg na zerwanie<\/strong> \u015bwietnie sprawdzi si\u0119 przy zabezpieczaniu ci\u0119\u017cszych \u0142adunk\u00f3w na przyczepach i lawetach.<\/p>\n<hr class=\"\" data-start=\"1185\" data-end=\"1188\" \/>\n<h3 class=\"\" data-start=\"1190\" data-end=\"1212\">\u2705 Zalety produktu:<\/h3>\n<ul data-start=\"1213\" data-end=\"1687\">\n<li class=\"\" data-start=\"1213\" data-end=\"1289\">\n<p class=\"\" data-start=\"1215\" data-end=\"1289\"><strong data-start=\"1215\" data-end=\"1242\">Samozwijaj\u0105cy mechanizm<\/strong> \u2013 szybkie i schludne zwijanie bez pl\u0105taniny.<\/p>\n<\/li>\n<li class=\"\" data-start=\"1290\" data-end=\"1361\">\n<p class=\"\" data-start=\"1292\" data-end=\"1361\"><strong data-start=\"1292\" data-end=\"1324\">Regulacja d\u0142ugo\u015bci i blokada<\/strong> w ka\u017cdej pozycji \u2013 pe\u0142na kontrola.<\/p>\n<\/li>\n<li class=\"\" data-start=\"1362\" data-end=\"1430\">\n<p class=\"\" data-start=\"1364\" data-end=\"1430\"><strong data-start=\"1364\" data-end=\"1395\">Napinacz i zaciskowa klamra<\/strong> \u2013 pewne unieruchomienie \u0142adunku.<\/p>\n<\/li>\n<li class=\"\" data-start=\"1431\" data-end=\"1498\">\n<p class=\"\" data-start=\"1433\" data-end=\"1498\"><strong data-start=\"1433\" data-end=\"1463\">Mo\u017cliwo\u015b\u0107 monta\u017cu na sta\u0142e<\/strong> do przyczepy (\u015bruba w zestawie).<\/p>\n<\/li>\n<li class=\"\" data-start=\"1499\" data-end=\"1562\">\n<p class=\"\" data-start=\"1501\" data-end=\"1562\"><strong data-start=\"1501\" data-end=\"1526\">Brak lu\u017anych ko\u0144c\u00f3wek<\/strong> \u2013 nie przeszkadza przy za\u0142adunku.<\/p>\n<\/li>\n<li class=\"\" data-start=\"1563\" data-end=\"1615\">\n<p class=\"\" data-start=\"1565\" data-end=\"1615\"><strong data-start=\"1565\" data-end=\"1587\">Obs\u0142uga jedn\u0105 r\u0119k\u0105<\/strong> \u2013 wygodnie i bez wysi\u0142ku.<\/p>\n<\/li>\n<li class=\"\" data-start=\"1616\" data-end=\"1687\">\n<p class=\"\" data-start=\"1618\" data-end=\"1687\"><strong data-start=\"1618\" data-end=\"1652\">Zajmuje ma\u0142o miejsca po u\u017cyciu<\/strong> \u2013 idealny do mobilnych zastosowa\u0144.<\/p>\n<\/li>\n<\/ul>\n<hr class=\"\" data-start=\"1965\" data-end=\"1968\" \/>\n<h3 class=\"\" data-start=\"1970\" data-end=\"1998\">\ud83d\udce6 Zawarto\u015b\u0107 opakowania:<\/h3>\n<ul data-start=\"1999\" data-end=\"2076\">\n<li class=\"\" data-start=\"1999\" data-end=\"2048\">\n<p class=\"\" data-start=\"2001\" data-end=\"2048\">Samozwijaj\u0105cy pas transportowy CAMCO \u2013 1 szt.<\/p>\n<\/li>\n<li class=\"\" data-start=\"2049\" data-end=\"2076\">\n<p class=\"\" data-start=\"2051\" data-end=\"2076\">\u015aruba mocuj\u0105ca \u2013 1 szt.<\/p>\n<\/li>\n<\/ul>\n<hr class=\"\" data-start=\"2078\" data-end=\"2081\" \/>\n<p class=\"\" data-start=\"2083\" data-end=\"2186\">\ud83d\ude9b <strong data-start=\"2086\" data-end=\"2186\">Z CAMCO zabezpieczasz sprz\u0119t szybko, pewnie i bez ba\u0142aganu. To pas transportowy nowej generacji.<\/strong><\/p>","protected":false},"excerpt":{"rendered":"<ul>\n<li data-start=\"2792\" data-end=\"2914\">Samozwijaj\u0105cy pas transportowy CAMCO 50 mm.<\/li>\n<li data-start=\"2792\" data-end=\"2914\">Oryginalny, bezpo\u015brednio od producenta.<\/li>\n<li data-start=\"2792\" data-end=\"2914\">167 cm d\u0142ugo\u015bci, 499 kg \/ 1496 kg obci\u0105\u017cenia, hak i \u015bruba.<\/li>\n<li data-start=\"2792\" data-end=\"2914\">Przykr\u0119cany do przyczepy, bez pl\u0105tania, bez ba\u0142aganu.<\/li>\n<\/ul>","protected":false},"featured_media":4492,"template":"","meta":{"_acf_changed":false},"product_brand":[],"product_cat":[118,114],"product_tag":[1246,1265,1264,1263,1247,1238,1244,1266,1262,1251,1239,1261],"class_list":{"0":"post-5877","1":"product","2":"type-product","3":"status-publish","4":"has-post-thumbnail","6":"product_cat-pasy","7":"product_cat-camco","8":"product_tag-akcesoria-transportowe-camco","9":"product_tag-camco-167-cm","10":"product_tag-mocny-pas-transportowy","11":"product_tag-pas-do-lawety","12":"product_tag-pas-do-lodzi","13":"product_tag-pas-do-przyczepy","14":"product_tag-pas-do-quada","15":"product_tag-pas-samozwijajacy-z-hakiem","16":"product_tag-pas-transportowy-50-mm","17":"product_tag-pas-z-blokada","18":"product_tag-pas-z-napinaczem","19":"product_tag-samozwijajacy-pas-camco","21":"first","22":"outofstock","23":"taxable","24":"shipping-taxable","25":"purchasable","26":"product-type-simple"},"acf":[],"yoast_head":"<!-- This site is optimized with the Yoast SEO plugin v25.2 - https:\/\/yoast.com\/wordpress\/plugins\/seo\/ -->\n<title>Pas transportowy samozwijaj\u0105cy - 50mm \/ 167cm - Atana<\/title>\n<meta name=\"description\" content=\"Pas CAMCO samozwijaj\u0105cy 50 mm \u2013 167 cm, 499 kg no\u015bno\u015bci, blokada, napinacz, \u015bruba mocuj\u0105ca. Bezpieczne mocowanie \u0142adunku na przyczepie lub lawecie.\" \/>\n<meta name=\"robots\" content=\"index, follow, max-snippet:-1, max-image-preview:large, max-video-preview:-1\" \/>\n<link rel=\"canonical\" href=\"https:\/\/atana.pl\/en\/online-shop\/camco\/pasy-transportowe-samozwijajace-50mm-167cm\/\" \/>\n<meta property=\"og:locale\" content=\"en_GB\" \/>\n<meta property=\"og:type\" content=\"article\" \/>\n<meta property=\"og:title\" content=\"Pas transportowy samozwijaj\u0105cy - 50mm \/ 167cm - Atana\" \/>\n<meta property=\"og:description\" content=\"Pas CAMCO samozwijaj\u0105cy 50 mm \u2013 167 cm, 499 kg no\u015bno\u015bci, blokada, napinacz, \u015bruba mocuj\u0105ca. Bezpieczne mocowanie \u0142adunku na przyczepie lub lawecie.\" \/>\n<meta property=\"og:url\" content=\"https:\/\/atana.pl\/en\/online-shop\/camco\/pasy-transportowe-samozwijajace-50mm-167cm\/\" \/>\n<meta property=\"og:site_name\" content=\"Atana\" \/>\n<meta property=\"article:publisher\" content=\"https:\/\/www.facebook.com\/atanayachts\" \/>\n<meta property=\"article:modified_time\" content=\"2025-05-12T08:40:58+00:00\" \/>\n<meta property=\"og:image\" content=\"https:\/\/atana.pl\/wp-content\/uploads\/2024\/04\/50030_out-Z.jpg\" \/>\n\t<meta property=\"og:image:width\" content=\"900\" \/>\n\t<meta property=\"og:image:height\" content=\"900\" \/>\n\t<meta property=\"og:image:type\" content=\"image\/jpeg\" \/>\n<meta name=\"twitter:card\" content=\"summary_large_image\" \/>\n<meta name=\"twitter:label1\" content=\"Estimated reading time\" \/>\n\t<meta name=\"twitter:data1\" content=\"1 minute\" \/>\n<script type=\"application\/ld+json\" class=\"yoast-schema-graph\">{\"@context\":\"https:\/\/schema.org\",\"@graph\":[{\"@type\":\"WebPage\",\"@id\":\"https:\/\/atana.pl\/sklep-on-line\/camco\/pasy-transportowe-samozwijajace-50mm-167cm\/\",\"url\":\"https:\/\/atana.pl\/sklep-on-line\/camco\/pasy-transportowe-samozwijajace-50mm-167cm\/\",\"name\":\"Pas transportowy samozwijaj\u0105cy - 50mm \/ 167cm - Atana\",\"isPartOf\":{\"@id\":\"https:\/\/atana.pl\/#website\"},\"primaryImageOfPage\":{\"@id\":\"https:\/\/atana.pl\/sklep-on-line\/camco\/pasy-transportowe-samozwijajace-50mm-167cm\/#primaryimage\"},\"image\":{\"@id\":\"https:\/\/atana.pl\/sklep-on-line\/camco\/pasy-transportowe-samozwijajace-50mm-167cm\/#primaryimage\"},\"thumbnailUrl\":\"https:\/\/atana.pl\/wp-content\/uploads\/2024\/04\/50030_out-Z.jpg\",\"datePublished\":\"2022-01-27T11:16:49+00:00\",\"dateModified\":\"2025-05-12T08:40:58+00:00\",\"description\":\"Pas CAMCO samozwijaj\u0105cy 50 mm \u2013 167 cm, 499 kg no\u015bno\u015bci, blokada, napinacz, \u015bruba mocuj\u0105ca. Bezpieczne mocowanie \u0142adunku na przyczepie lub lawecie.\",\"breadcrumb\":{\"@id\":\"https:\/\/atana.pl\/sklep-on-line\/camco\/pasy-transportowe-samozwijajace-50mm-167cm\/#breadcrumb\"},\"inLanguage\":\"en-GB\",\"potentialAction\":[{\"@type\":\"ReadAction\",\"target\":[\"https:\/\/atana.pl\/sklep-on-line\/camco\/pasy-transportowe-samozwijajace-50mm-167cm\/\"]}]},{\"@type\":\"ImageObject\",\"inLanguage\":\"en-GB\",\"@id\":\"https:\/\/atana.pl\/sklep-on-line\/camco\/pasy-transportowe-samozwijajace-50mm-167cm\/#primaryimage\",\"url\":\"https:\/\/atana.pl\/wp-content\/uploads\/2024\/04\/50030_out-Z.jpg\",\"contentUrl\":\"https:\/\/atana.pl\/wp-content\/uploads\/2024\/04\/50030_out-Z.jpg\",\"width\":900,\"height\":900,\"caption\":\"Pas transportowy samozwijaj\u0105cy &#8211; 50mm \/ 167cm\"},{\"@type\":\"BreadcrumbList\",\"@id\":\"https:\/\/atana.pl\/sklep-on-line\/camco\/pasy-transportowe-samozwijajace-50mm-167cm\/#breadcrumb\",\"itemListElement\":[{\"@type\":\"ListItem\",\"position\":1,\"name\":\"Strona g\u0142\u00f3wna\",\"item\":\"https:\/\/atana.pl\/\"},{\"@type\":\"ListItem\",\"position\":2,\"name\":\"Sklep on-line\",\"item\":\"https:\/\/atana.pl\/sklep-on-line\/\"},{\"@type\":\"ListItem\",\"position\":3,\"name\":\"Pas transportowy samozwijaj\u0105cy &#8211; 50mm \/ 167cm\"}]},{\"@type\":\"WebSite\",\"@id\":\"https:\/\/atana.pl\/#website\",\"url\":\"https:\/\/atana.pl\/\",\"name\":\"Atana\",\"description\":\"Akcesoria do \u0142odzi, kamper\u00f3w i przyczep. \u0141odzie motorowe\",\"publisher\":{\"@id\":\"https:\/\/atana.pl\/#organization\"},\"potentialAction\":[{\"@type\":\"SearchAction\",\"target\":{\"@type\":\"EntryPoint\",\"urlTemplate\":\"https:\/\/atana.pl\/?s={search_term_string}\"},\"query-input\":{\"@type\":\"PropertyValueSpecification\",\"valueRequired\":true,\"valueName\":\"search_term_string\"}}],\"inLanguage\":\"en-GB\"},{\"@type\":\"Organization\",\"@id\":\"https:\/\/atana.pl\/#organization\",\"name\":\"Atana\",\"url\":\"https:\/\/atana.pl\/\",\"logo\":{\"@type\":\"ImageObject\",\"inLanguage\":\"en-GB\",\"@id\":\"https:\/\/atana.pl\/#\/schema\/logo\/image\/\",\"url\":\"\",\"contentUrl\":\"\",\"caption\":\"Atana\"},\"image\":{\"@id\":\"https:\/\/atana.pl\/#\/schema\/logo\/image\/\"},\"sameAs\":[\"https:\/\/www.facebook.com\/atanayachts\",\"https:\/\/www.instagram.com\/atanaboats\/\",\"https:\/\/www.youtube.com\/channel\/UClMMmVqqx17in9QzgxK90Mw\"]}]}<\/script>\n<!-- \/ Yoast SEO plugin. -->","yoast_head_json":{"title":"Pas transportowy samozwijaj\u0105cy - 50mm \/ 167cm - Atana","description":"Pas CAMCO samozwijaj\u0105cy 50 mm \u2013 167 cm, 499 kg no\u015bno\u015bci, blokada, napinacz, \u015bruba mocuj\u0105ca. Bezpieczne mocowanie \u0142adunku na przyczepie lub lawecie.","robots":{"index":"index","follow":"follow","max-snippet":"max-snippet:-1","max-image-preview":"max-image-preview:large","max-video-preview":"max-video-preview:-1"},"canonical":"https:\/\/atana.pl\/en\/online-shop\/camco\/pasy-transportowe-samozwijajace-50mm-167cm\/","og_locale":"en_GB","og_type":"article","og_title":"Pas transportowy samozwijaj\u0105cy - 50mm \/ 167cm - Atana","og_description":"Pas CAMCO samozwijaj\u0105cy 50 mm \u2013 167 cm, 499 kg no\u015bno\u015bci, blokada, napinacz, \u015bruba mocuj\u0105ca. Bezpieczne mocowanie \u0142adunku na przyczepie lub lawecie.","og_url":"https:\/\/atana.pl\/en\/online-shop\/camco\/pasy-transportowe-samozwijajace-50mm-167cm\/","og_site_name":"Atana","article_publisher":"https:\/\/www.facebook.com\/atanayachts","article_modified_time":"2025-05-12T08:40:58+00:00","og_image":[{"width":900,"height":900,"url":"https:\/\/atana.pl\/wp-content\/uploads\/2024\/04\/50030_out-Z.jpg","type":"image\/jpeg"}],"twitter_card":"summary_large_image","twitter_misc":{"Estimated reading time":"1 minute"},"schema":{"@context":"https:\/\/schema.org","@graph":[{"@type":"WebPage","@id":"https:\/\/atana.pl\/sklep-on-line\/camco\/pasy-transportowe-samozwijajace-50mm-167cm\/","url":"https:\/\/atana.pl\/sklep-on-line\/camco\/pasy-transportowe-samozwijajace-50mm-167cm\/","name":"Pas transportowy samozwijaj\u0105cy - 50mm \/ 167cm - Atana","isPartOf":{"@id":"https:\/\/atana.pl\/#website"},"primaryImageOfPage":{"@id":"https:\/\/atana.pl\/sklep-on-line\/camco\/pasy-transportowe-samozwijajace-50mm-167cm\/#primaryimage"},"image":{"@id":"https:\/\/atana.pl\/sklep-on-line\/camco\/pasy-transportowe-samozwijajace-50mm-167cm\/#primaryimage"},"thumbnailUrl":"https:\/\/atana.pl\/wp-content\/uploads\/2024\/04\/50030_out-Z.jpg","datePublished":"2022-01-27T11:16:49+00:00","dateModified":"2025-05-12T08:40:58+00:00","description":"Pas CAMCO samozwijaj\u0105cy 50 mm \u2013 167 cm, 499 kg no\u015bno\u015bci, blokada, napinacz, \u015bruba mocuj\u0105ca. Bezpieczne mocowanie \u0142adunku na przyczepie lub lawecie.","breadcrumb":{"@id":"https:\/\/atana.pl\/sklep-on-line\/camco\/pasy-transportowe-samozwijajace-50mm-167cm\/#breadcrumb"},"inLanguage":"en-GB","potentialAction":[{"@type":"ReadAction","target":["https:\/\/atana.pl\/sklep-on-line\/camco\/pasy-transportowe-samozwijajace-50mm-167cm\/"]}]},{"@type":"ImageObject","inLanguage":"en-GB","@id":"https:\/\/atana.pl\/sklep-on-line\/camco\/pasy-transportowe-samozwijajace-50mm-167cm\/#primaryimage","url":"https:\/\/atana.pl\/wp-content\/uploads\/2024\/04\/50030_out-Z.jpg","contentUrl":"https:\/\/atana.pl\/wp-content\/uploads\/2024\/04\/50030_out-Z.jpg","width":900,"height":900,"caption":"Pas transportowy samozwijaj\u0105cy &#8211; 50mm \/ 167cm"},{"@type":"BreadcrumbList","@id":"https:\/\/atana.pl\/sklep-on-line\/camco\/pasy-transportowe-samozwijajace-50mm-167cm\/#breadcrumb","itemListElement":[{"@type":"ListItem","position":1,"name":"Strona g\u0142\u00f3wna","item":"https:\/\/atana.pl\/"},{"@type":"ListItem","position":2,"name":"Sklep on-line","item":"https:\/\/atana.pl\/sklep-on-line\/"},{"@type":"ListItem","position":3,"name":"Pas transportowy samozwijaj\u0105cy &#8211; 50mm \/ 167cm"}]},{"@type":"WebSite","@id":"https:\/\/atana.pl\/#website","url":"https:\/\/atana.pl\/","name":"Atana","description":"Akcesoria do \u0142odzi, kamper\u00f3w i przyczep. \u0141odzie motorowe","publisher":{"@id":"https:\/\/atana.pl\/#organization"},"potentialAction":[{"@type":"SearchAction","target":{"@type":"EntryPoint","urlTemplate":"https:\/\/atana.pl\/?s={search_term_string}"},"query-input":{"@type":"PropertyValueSpecification","valueRequired":true,"valueName":"search_term_string"}}],"inLanguage":"en-GB"},{"@type":"Organization","@id":"https:\/\/atana.pl\/#organization","name":"Atana","url":"https:\/\/atana.pl\/","logo":{"@type":"ImageObject","inLanguage":"en-GB","@id":"https:\/\/atana.pl\/#\/schema\/logo\/image\/","url":"","contentUrl":"","caption":"Atana"},"image":{"@id":"https:\/\/atana.pl\/#\/schema\/logo\/image\/"},"sameAs":["https:\/\/www.facebook.com\/atanayachts","https:\/\/www.instagram.com\/atanaboats\/","https:\/\/www.youtube.com\/channel\/UClMMmVqqx17in9QzgxK90Mw"]}]}},"_links":{"self":[{"href":"https:\/\/atana.pl\/en\/wp-json\/wp\/v2\/product\/5877","targetHints":{"allow":["GET"]}}],"collection":[{"href":"https:\/\/atana.pl\/en\/wp-json\/wp\/v2\/product"}],"about":[{"href":"https:\/\/atana.pl\/en\/wp-json\/wp\/v2\/types\/product"}],"wp:featuredmedia":[{"embeddable":true,"href":"https:\/\/atana.pl\/en\/wp-json\/wp\/v2\/media\/4492"}],"wp:attachment":[{"href":"https:\/\/atana.pl\/en\/wp-json\/wp\/v2\/media?parent=5877"}],"wp:term":[{"taxonomy":"product_brand","embeddable":true,"href":"https:\/\/atana.pl\/en\/wp-json\/wp\/v2\/product_brand?post=5877"},{"taxonomy":"product_cat","embeddable":true,"href":"https:\/\/atana.pl\/en\/wp-json\/wp\/v2\/product_cat?post=5877"},{"taxonomy":"product_tag","embeddable":true,"href":"https:\/\/atana.pl\/en\/wp-json\/wp\/v2\/product_tag?post=5877"}],"curies":[{"name":"wp","href":"https:\/\/api.w.org\/{rel}","templated":true}]}}