{"id":5866,"date":"2022-01-27T12:16:49","date_gmt":"2022-01-27T11:16:49","guid":{"rendered":"https:\/\/atana.pl\/sklep-on-line\/mini-osuszacz-powietrza-camco\/"},"modified":"2025-12-15T10:04:17","modified_gmt":"2025-12-15T09:04:17","slug":"mini-osuszacz-powietrza-camco","status":"publish","type":"product","link":"https:\/\/atana.pl\/en\/online-shop\/camco\/mini-osuszacz-powietrza-camco\/","title":{"rendered":"Mini dehumidifier - CAMCO"},"content":{"rendered":"<h2 class=\"\" data-start=\"247\" data-end=\"317\">\ud83d\udca7 Poch\u0142aniacz wilgoci CAMCO \u2013 skuteczny spos\u00f3b na such\u0105 przestrze\u0144<\/h2>\n<p class=\"\" data-start=\"319\" data-end=\"677\">Poch\u0142aniacz wilgoci CAMCO to niezawodne rozwi\u0105zanie do walki z nadmiarem wilgoci w pomieszczeniach zamkni\u0119tych. Dzia\u0142a najskuteczniej w okresie jesienno-zimowym, kiedy pojawia si\u0119 r\u00f3\u017cnica temperatur, wilgotne powietrze oraz zjawisko skraplania. <strong data-start=\"564\" data-end=\"588\">Specjalne kryszta\u0142ki<\/strong> aktywnie absorbuj\u0105 wilgo\u0107 z powietrza \u2013 nawet do <strong data-start=\"638\" data-end=\"676\">3 razy wi\u0119cej, ni\u017c wynosi ich waga<\/strong>!<\/p>\n<p class=\"\" data-start=\"679\" data-end=\"935\">Regularne stosowanie poch\u0142aniacza poprawia komfort oddychania i zapobiega powstawaniu ple\u015bni, grzyb\u00f3w i nieprzyjemnych zapach\u00f3w. Jest <strong data-start=\"813\" data-end=\"875\">\u0142atwy w u\u017cyciu, nie wymaga zasilania i dzia\u0142a bezobs\u0142ugowo<\/strong> przez ok. 3 miesi\u0105ce \u2013 w zale\u017cno\u015bci od poziomu wilgotno\u015bci.<\/p>\n<hr class=\"\" data-start=\"1715\" data-end=\"1718\" \/>\n<h2 class=\"\" data-start=\"1720\" data-end=\"1766\">\ud83d\udca1 Dlaczego warto wybra\u0107 poch\u0142aniacz CAMCO?<\/h2>\n<ul data-start=\"1768\" data-end=\"2028\">\n<li class=\"\" data-start=\"1768\" data-end=\"1830\">\n<p class=\"\" data-start=\"1770\" data-end=\"1830\">\u2705 Dzia\u0142a samodzielnie \u2013 bez potrzeby pod\u0142\u0105czenia do pr\u0105du.<\/p>\n<\/li>\n<li class=\"\" data-start=\"1831\" data-end=\"1901\">\n<p class=\"\" data-start=\"1833\" data-end=\"1901\">\u2705 Poprawia jako\u015b\u0107 powietrza i komfort przebywania w pomieszczeniu.<\/p>\n<\/li>\n<li class=\"\" data-start=\"1902\" data-end=\"1976\">\n<p class=\"\" data-start=\"1904\" data-end=\"1976\">\u2705 Chroni przed zawilgoceniem wyposa\u017cenia, odzie\u017cy, tapicerki i drewna.<\/p>\n<\/li>\n<li class=\"\" data-start=\"1977\" data-end=\"2028\">\n<p class=\"\" data-start=\"1979\" data-end=\"2028\">\u2705 Kompaktowy rozmiar \u2013 pasuje do ka\u017cdego wn\u0119trza.<\/p>\n<\/li>\n<\/ul>\n<hr class=\"\" data-start=\"2030\" data-end=\"2033\" \/>\n<p class=\"\" data-start=\"2035\" data-end=\"2166\">\ud83d\udca7 <strong data-start=\"2038\" data-end=\"2166\">Poch\u0142aniacz wilgoci CAMCO to cichy, skuteczny sojusznik w walce z wilgoci\u0105 w ka\u017cdym miejscu \u2013 na wodzie, na l\u0105dzie i w domu.<\/strong><\/p>","protected":false},"excerpt":{"rendered":"<ul>\n<li data-start=\"2771\" data-end=\"2889\">Poch\u0142aniacz CAMCO<\/li>\n<li data-start=\"2771\" data-end=\"2889\">Skutecznie redukuje wilgo\u0107 i zapachy.<\/li>\n<li data-start=\"2771\" data-end=\"2889\">Do \u0142odzi, kampera, piwnicy i \u0142azienki.<\/li>\n<li data-start=\"2771\" data-end=\"2889\">Dzia\u0142a do 3 miesi\u0119cy.<\/li>\n<\/ul>","protected":false},"featured_media":5867,"template":"","meta":{"_acf_changed":false},"product_brand":[],"product_cat":[117,114],"product_tag":[1176,1234,1231,1228,1230,1232,1227,1235,1233,1229],"class_list":{"0":"post-5866","1":"product","2":"type-product","3":"status-publish","4":"has-post-thumbnail","6":"product_cat-akcesoria_do_zimowania","7":"product_cat-camco","8":"product_tag-akcesoria-camco","9":"product_tag-ochrona-przed-grzybem","10":"product_tag-osuszacz-do-przyczepy-kempingowej","11":"product_tag-osuszacz-powietrza","12":"product_tag-pochlaniacz-do-lodzi","13":"product_tag-pochlaniacz-plesni","14":"product_tag-pochlaniacz-wilgoci-camco","15":"product_tag-pochlaniacz-wilgoci-do-auta","16":"product_tag-redukcja-zapachu-stechlizny","17":"product_tag-srodek-na-wilgoc-do-kampera","19":"first","20":"instock","21":"taxable","22":"shipping-taxable","23":"purchasable","24":"product-type-simple"},"acf":[],"yoast_head":"<!-- This site is optimized with the Yoast SEO plugin v25.2 - https:\/\/yoast.com\/wordpress\/plugins\/seo\/ -->\n<title>Mini osuszacz powietrza - CAMCO - Atana<\/title>\n<meta name=\"description\" content=\"Poch\u0142aniacz wilgoci CAMCO \u2013 skuteczny, bezobs\u0142ugowy, do 3\u00d7 absorpcji. Chroni przed ple\u015bni\u0105, zaparowaniem i zapachami. Idealny do kampera, \u0142odzi i domu.\" \/>\n<meta name=\"robots\" content=\"index, follow, max-snippet:-1, max-image-preview:large, max-video-preview:-1\" \/>\n<link rel=\"canonical\" href=\"https:\/\/atana.pl\/en\/online-shop\/camco\/mini-osuszacz-powietrza-camco\/\" \/>\n<meta property=\"og:locale\" content=\"en_GB\" \/>\n<meta property=\"og:type\" content=\"article\" \/>\n<meta property=\"og:title\" content=\"Mini osuszacz powietrza - CAMCO - Atana\" \/>\n<meta property=\"og:description\" content=\"Poch\u0142aniacz wilgoci CAMCO \u2013 skuteczny, bezobs\u0142ugowy, do 3\u00d7 absorpcji. Chroni przed ple\u015bni\u0105, zaparowaniem i zapachami. Idealny do kampera, \u0142odzi i domu.\" \/>\n<meta property=\"og:url\" content=\"https:\/\/atana.pl\/en\/online-shop\/camco\/mini-osuszacz-powietrza-camco\/\" \/>\n<meta property=\"og:site_name\" content=\"Atana\" \/>\n<meta property=\"article:publisher\" content=\"https:\/\/www.facebook.com\/atanayachts\" \/>\n<meta property=\"article:modified_time\" content=\"2025-12-15T09:04:17+00:00\" \/>\n<meta property=\"og:image\" content=\"https:\/\/atana.pl\/wp-content\/uploads\/2024\/11\/44195_4-Z.jpg\" \/>\n\t<meta property=\"og:image:width\" content=\"900\" \/>\n\t<meta property=\"og:image:height\" content=\"900\" \/>\n\t<meta property=\"og:image:type\" content=\"image\/jpeg\" \/>\n<meta name=\"twitter:card\" content=\"summary_large_image\" \/>\n<meta name=\"twitter:label1\" content=\"Estimated reading time\" \/>\n\t<meta name=\"twitter:data1\" content=\"1 minute\" \/>\n<script type=\"application\/ld+json\" class=\"yoast-schema-graph\">{\"@context\":\"https:\/\/schema.org\",\"@graph\":[{\"@type\":\"WebPage\",\"@id\":\"https:\/\/atana.pl\/sklep-on-line\/camco\/mini-osuszacz-powietrza-camco\/\",\"url\":\"https:\/\/atana.pl\/sklep-on-line\/camco\/mini-osuszacz-powietrza-camco\/\",\"name\":\"Mini osuszacz powietrza - CAMCO - Atana\",\"isPartOf\":{\"@id\":\"https:\/\/atana.pl\/#website\"},\"primaryImageOfPage\":{\"@id\":\"https:\/\/atana.pl\/sklep-on-line\/camco\/mini-osuszacz-powietrza-camco\/#primaryimage\"},\"image\":{\"@id\":\"https:\/\/atana.pl\/sklep-on-line\/camco\/mini-osuszacz-powietrza-camco\/#primaryimage\"},\"thumbnailUrl\":\"https:\/\/atana.pl\/wp-content\/uploads\/2024\/11\/44195_4-Z.jpg\",\"datePublished\":\"2022-01-27T11:16:49+00:00\",\"dateModified\":\"2025-12-15T09:04:17+00:00\",\"description\":\"Poch\u0142aniacz wilgoci CAMCO \u2013 skuteczny, bezobs\u0142ugowy, do 3\u00d7 absorpcji. Chroni przed ple\u015bni\u0105, zaparowaniem i zapachami. Idealny do kampera, \u0142odzi i domu.\",\"breadcrumb\":{\"@id\":\"https:\/\/atana.pl\/sklep-on-line\/camco\/mini-osuszacz-powietrza-camco\/#breadcrumb\"},\"inLanguage\":\"en-GB\",\"potentialAction\":[{\"@type\":\"ReadAction\",\"target\":[\"https:\/\/atana.pl\/sklep-on-line\/camco\/mini-osuszacz-powietrza-camco\/\"]}]},{\"@type\":\"ImageObject\",\"inLanguage\":\"en-GB\",\"@id\":\"https:\/\/atana.pl\/sklep-on-line\/camco\/mini-osuszacz-powietrza-camco\/#primaryimage\",\"url\":\"https:\/\/atana.pl\/wp-content\/uploads\/2024\/11\/44195_4-Z.jpg\",\"contentUrl\":\"https:\/\/atana.pl\/wp-content\/uploads\/2024\/11\/44195_4-Z.jpg\",\"width\":900,\"height\":900,\"caption\":\"Mini osuszacz powietrza &#8211; CAMCO\"},{\"@type\":\"BreadcrumbList\",\"@id\":\"https:\/\/atana.pl\/sklep-on-line\/camco\/mini-osuszacz-powietrza-camco\/#breadcrumb\",\"itemListElement\":[{\"@type\":\"ListItem\",\"position\":1,\"name\":\"Strona g\u0142\u00f3wna\",\"item\":\"https:\/\/atana.pl\/\"},{\"@type\":\"ListItem\",\"position\":2,\"name\":\"Sklep on-line\",\"item\":\"https:\/\/atana.pl\/sklep-on-line\/\"},{\"@type\":\"ListItem\",\"position\":3,\"name\":\"Mini osuszacz powietrza &#8211; CAMCO\"}]},{\"@type\":\"WebSite\",\"@id\":\"https:\/\/atana.pl\/#website\",\"url\":\"https:\/\/atana.pl\/\",\"name\":\"Atana\",\"description\":\"Akcesoria do \u0142odzi, kamper\u00f3w i przyczep. \u0141odzie motorowe\",\"publisher\":{\"@id\":\"https:\/\/atana.pl\/#organization\"},\"potentialAction\":[{\"@type\":\"SearchAction\",\"target\":{\"@type\":\"EntryPoint\",\"urlTemplate\":\"https:\/\/atana.pl\/?s={search_term_string}\"},\"query-input\":{\"@type\":\"PropertyValueSpecification\",\"valueRequired\":true,\"valueName\":\"search_term_string\"}}],\"inLanguage\":\"en-GB\"},{\"@type\":\"Organization\",\"@id\":\"https:\/\/atana.pl\/#organization\",\"name\":\"Atana\",\"url\":\"https:\/\/atana.pl\/\",\"logo\":{\"@type\":\"ImageObject\",\"inLanguage\":\"en-GB\",\"@id\":\"https:\/\/atana.pl\/#\/schema\/logo\/image\/\",\"url\":\"\",\"contentUrl\":\"\",\"caption\":\"Atana\"},\"image\":{\"@id\":\"https:\/\/atana.pl\/#\/schema\/logo\/image\/\"},\"sameAs\":[\"https:\/\/www.facebook.com\/atanayachts\",\"https:\/\/www.instagram.com\/atanaboats\/\",\"https:\/\/www.youtube.com\/channel\/UClMMmVqqx17in9QzgxK90Mw\"]}]}<\/script>\n<!-- \/ Yoast SEO plugin. -->","yoast_head_json":{"title":"Mini osuszacz powietrza - CAMCO - Atana","description":"Poch\u0142aniacz wilgoci CAMCO \u2013 skuteczny, bezobs\u0142ugowy, do 3\u00d7 absorpcji. Chroni przed ple\u015bni\u0105, zaparowaniem i zapachami. Idealny do kampera, \u0142odzi i domu.","robots":{"index":"index","follow":"follow","max-snippet":"max-snippet:-1","max-image-preview":"max-image-preview:large","max-video-preview":"max-video-preview:-1"},"canonical":"https:\/\/atana.pl\/en\/online-shop\/camco\/mini-osuszacz-powietrza-camco\/","og_locale":"en_GB","og_type":"article","og_title":"Mini osuszacz powietrza - CAMCO - Atana","og_description":"Poch\u0142aniacz wilgoci CAMCO \u2013 skuteczny, bezobs\u0142ugowy, do 3\u00d7 absorpcji. Chroni przed ple\u015bni\u0105, zaparowaniem i zapachami. Idealny do kampera, \u0142odzi i domu.","og_url":"https:\/\/atana.pl\/en\/online-shop\/camco\/mini-osuszacz-powietrza-camco\/","og_site_name":"Atana","article_publisher":"https:\/\/www.facebook.com\/atanayachts","article_modified_time":"2025-12-15T09:04:17+00:00","og_image":[{"width":900,"height":900,"url":"https:\/\/atana.pl\/wp-content\/uploads\/2024\/11\/44195_4-Z.jpg","type":"image\/jpeg"}],"twitter_card":"summary_large_image","twitter_misc":{"Estimated reading time":"1 minute"},"schema":{"@context":"https:\/\/schema.org","@graph":[{"@type":"WebPage","@id":"https:\/\/atana.pl\/sklep-on-line\/camco\/mini-osuszacz-powietrza-camco\/","url":"https:\/\/atana.pl\/sklep-on-line\/camco\/mini-osuszacz-powietrza-camco\/","name":"Mini osuszacz powietrza - CAMCO - Atana","isPartOf":{"@id":"https:\/\/atana.pl\/#website"},"primaryImageOfPage":{"@id":"https:\/\/atana.pl\/sklep-on-line\/camco\/mini-osuszacz-powietrza-camco\/#primaryimage"},"image":{"@id":"https:\/\/atana.pl\/sklep-on-line\/camco\/mini-osuszacz-powietrza-camco\/#primaryimage"},"thumbnailUrl":"https:\/\/atana.pl\/wp-content\/uploads\/2024\/11\/44195_4-Z.jpg","datePublished":"2022-01-27T11:16:49+00:00","dateModified":"2025-12-15T09:04:17+00:00","description":"Poch\u0142aniacz wilgoci CAMCO \u2013 skuteczny, bezobs\u0142ugowy, do 3\u00d7 absorpcji. Chroni przed ple\u015bni\u0105, zaparowaniem i zapachami. Idealny do kampera, \u0142odzi i domu.","breadcrumb":{"@id":"https:\/\/atana.pl\/sklep-on-line\/camco\/mini-osuszacz-powietrza-camco\/#breadcrumb"},"inLanguage":"en-GB","potentialAction":[{"@type":"ReadAction","target":["https:\/\/atana.pl\/sklep-on-line\/camco\/mini-osuszacz-powietrza-camco\/"]}]},{"@type":"ImageObject","inLanguage":"en-GB","@id":"https:\/\/atana.pl\/sklep-on-line\/camco\/mini-osuszacz-powietrza-camco\/#primaryimage","url":"https:\/\/atana.pl\/wp-content\/uploads\/2024\/11\/44195_4-Z.jpg","contentUrl":"https:\/\/atana.pl\/wp-content\/uploads\/2024\/11\/44195_4-Z.jpg","width":900,"height":900,"caption":"Mini osuszacz powietrza &#8211; CAMCO"},{"@type":"BreadcrumbList","@id":"https:\/\/atana.pl\/sklep-on-line\/camco\/mini-osuszacz-powietrza-camco\/#breadcrumb","itemListElement":[{"@type":"ListItem","position":1,"name":"Strona g\u0142\u00f3wna","item":"https:\/\/atana.pl\/"},{"@type":"ListItem","position":2,"name":"Sklep on-line","item":"https:\/\/atana.pl\/sklep-on-line\/"},{"@type":"ListItem","position":3,"name":"Mini osuszacz powietrza &#8211; CAMCO"}]},{"@type":"WebSite","@id":"https:\/\/atana.pl\/#website","url":"https:\/\/atana.pl\/","name":"Atana","description":"Akcesoria do \u0142odzi, kamper\u00f3w i przyczep. \u0141odzie motorowe","publisher":{"@id":"https:\/\/atana.pl\/#organization"},"potentialAction":[{"@type":"SearchAction","target":{"@type":"EntryPoint","urlTemplate":"https:\/\/atana.pl\/?s={search_term_string}"},"query-input":{"@type":"PropertyValueSpecification","valueRequired":true,"valueName":"search_term_string"}}],"inLanguage":"en-GB"},{"@type":"Organization","@id":"https:\/\/atana.pl\/#organization","name":"Atana","url":"https:\/\/atana.pl\/","logo":{"@type":"ImageObject","inLanguage":"en-GB","@id":"https:\/\/atana.pl\/#\/schema\/logo\/image\/","url":"","contentUrl":"","caption":"Atana"},"image":{"@id":"https:\/\/atana.pl\/#\/schema\/logo\/image\/"},"sameAs":["https:\/\/www.facebook.com\/atanayachts","https:\/\/www.instagram.com\/atanaboats\/","https:\/\/www.youtube.com\/channel\/UClMMmVqqx17in9QzgxK90Mw"]}]}},"_links":{"self":[{"href":"https:\/\/atana.pl\/en\/wp-json\/wp\/v2\/product\/5866","targetHints":{"allow":["GET"]}}],"collection":[{"href":"https:\/\/atana.pl\/en\/wp-json\/wp\/v2\/product"}],"about":[{"href":"https:\/\/atana.pl\/en\/wp-json\/wp\/v2\/types\/product"}],"wp:featuredmedia":[{"embeddable":true,"href":"https:\/\/atana.pl\/en\/wp-json\/wp\/v2\/media\/5867"}],"wp:attachment":[{"href":"https:\/\/atana.pl\/en\/wp-json\/wp\/v2\/media?parent=5866"}],"wp:term":[{"taxonomy":"product_brand","embeddable":true,"href":"https:\/\/atana.pl\/en\/wp-json\/wp\/v2\/product_brand?post=5866"},{"taxonomy":"product_cat","embeddable":true,"href":"https:\/\/atana.pl\/en\/wp-json\/wp\/v2\/product_cat?post=5866"},{"taxonomy":"product_tag","embeddable":true,"href":"https:\/\/atana.pl\/en\/wp-json\/wp\/v2\/product_tag?post=5866"}],"curies":[{"name":"wp","href":"https:\/\/api.w.org\/{rel}","templated":true}]}}