{"id":5844,"date":"2022-01-27T12:16:49","date_gmt":"2022-01-27T11:16:49","guid":{"rendered":"https:\/\/atana.pl\/sklep-on-line\/dzwig-12v-trac\/"},"modified":"2025-06-11T08:16:31","modified_gmt":"2025-06-11T06:16:31","slug":"dzwig-12v-trac","status":"publish","type":"product","link":"https:\/\/atana.pl\/en\/online-shop\/dzwig\/dzwig-12v-trac\/","title":{"rendered":"Crane 12V - TRAC"},"content":{"rendered":"<h2 class=\"\" data-start=\"220\" data-end=\"291\">\ud83c\udfd7\ufe0f Mini \u017curaw TRAC 12V \u2013 mobilny d\u017awig do \u0142odzi, przyczep i na budow\u0119<\/h2>\n<p class=\"\" data-start=\"293\" data-end=\"656\">Mini \u017curaw TRAC zasilany napi\u0119ciem 12V to wszechstronne i kompaktowe urz\u0105dzenie, kt\u00f3re sprawdzi si\u0119 w najbardziej wymagaj\u0105cych warunkach: <strong data-start=\"432\" data-end=\"488\">na \u0142odzi, na przyczepie, na budowie czy w warsztacie<\/strong>. Dzi\u0119ki solidnej konstrukcji z aluminium i stali kwasoodpornej jest trwa\u0142y, odporny na korozj\u0119 i przystosowany do pracy w trudnym \u015brodowisku \u2013 r\u00f3wnie\u017c w s\u0142onej wodzie.<\/p>\n<p class=\"\" data-start=\"658\" data-end=\"867\">Unikalny mechanizm pozwala na <strong data-start=\"688\" data-end=\"723\">pe\u0142n\u0105 kontrol\u0119 nad podnoszeniem<\/strong> \u2013 lina wysuwa si\u0119 tylko wtedy, gdy u\u017cytkownik delikatnie j\u0105 poci\u0105gnie. W ka\u017cdej chwili mo\u017cna zatrzyma\u0107 prac\u0119 bez u\u017cycia dodatkowych przycisk\u00f3w.<\/p>\n<h4 data-start=\"658\" data-end=\"867\">Do \u017curawia, produkujemy obrotnic\u0119. Chcesz dowiedzie\u0107 si\u0119 wi\u0119cej to skontaktuj si\u0119 z nami.<\/h4>\n<hr class=\"\" data-start=\"869\" data-end=\"872\" \/>\n<h3 class=\"\" data-start=\"874\" data-end=\"894\">\ud83d\udd27 Application:<\/h3>\n<ul data-start=\"895\" data-end=\"1316\">\n<li class=\"\" data-start=\"895\" data-end=\"965\">\n<p class=\"\" data-start=\"897\" data-end=\"965\">Podnoszenie i opuszczanie \u0142adunk\u00f3w na pok\u0142adzie \u0142odzi lub pontonu.<\/p>\n<\/li>\n<li class=\"\" data-start=\"966\" data-end=\"1023\">\n<p class=\"\" data-start=\"968\" data-end=\"1023\">Praca na przyczepie, naczepie lub zabudowie mobilnej.<\/p>\n<\/li>\n<li class=\"\" data-start=\"1024\" data-end=\"1086\">\n<p class=\"\" data-start=\"1026\" data-end=\"1086\">Pomoc w za\u0142adunku i roz\u0142adunku podczas transportu sprz\u0119tu.<\/p>\n<\/li>\n<li class=\"\" data-start=\"1087\" data-end=\"1160\">\n<p class=\"\" data-start=\"1089\" data-end=\"1160\">U\u017cycie na placach budowy \u2013 do monta\u017cu, serwisu i prac wysoko\u015bciowych.<\/p>\n<\/li>\n<li class=\"\" data-start=\"1161\" data-end=\"1230\">\n<p class=\"\" data-start=\"1163\" data-end=\"1230\">Monta\u017c w miejscach trudno dost\u0119pnych dzi\u0119ki opcjonalnym uchwytom.<\/p>\n<\/li>\n<li class=\"\" data-start=\"1231\" data-end=\"1316\">\n<p class=\"\" data-start=\"1233\" data-end=\"1316\">Mo\u017cliwo\u015b\u0107 szybkiej wymiany z elektryczn\u0105 wind\u0105 kotwiczn\u0105 TRAC na wsp\u00f3lnej p\u0142ycie.<\/p>\n<\/li>\n<\/ul>\n<hr class=\"\" data-start=\"1318\" data-end=\"1321\" \/>\n<h3 class=\"\" data-start=\"1323\" data-end=\"1347\">\u2699\ufe0f Funkcje i zalety:<\/h3>\n<ul data-start=\"1348\" data-end=\"1764\">\n<li class=\"\" data-start=\"1348\" data-end=\"1417\">\n<p class=\"\" data-start=\"1350\" data-end=\"1417\">Mo\u017cliwo\u015b\u0107 u\u017cywania z dowoln\u0105 d\u0142ugo\u015bci\u0105 liny \u2013 elastyczno\u015b\u0107 pracy.<\/p>\n<\/li>\n<li class=\"\" data-start=\"1418\" data-end=\"1500\">\n<p class=\"\" data-start=\"1420\" data-end=\"1500\">Obs\u0142uga poprzez delikatne poci\u0105gni\u0119cie liny \u2013 pe\u0142na kontrola nad podnoszeniem.<\/p>\n<\/li>\n<li class=\"\" data-start=\"1501\" data-end=\"1574\">\n<p class=\"\" data-start=\"1503\" data-end=\"1574\">Automatyczne zatrzymanie w momencie zwolnienia liny \u2013 bezpiecze\u0144stwo.<\/p>\n<\/li>\n<li class=\"\" data-start=\"1575\" data-end=\"1638\">\n<p class=\"\" data-start=\"1577\" data-end=\"1638\">Monta\u017c na p\u0142askiej powierzchni za pomoc\u0105 uchwytu z zestawu.<\/p>\n<\/li>\n<li class=\"\" data-start=\"1639\" data-end=\"1689\">\n<p class=\"\" data-start=\"1641\" data-end=\"1689\">Prosty demonta\u017c \u2013 mo\u017cna zostawi\u0107 tylko uchwyt.<\/p>\n<\/li>\n<li class=\"\" data-start=\"1690\" data-end=\"1764\">\n<p class=\"\" data-start=\"1692\" data-end=\"1764\">Kompatybilno\u015b\u0107 z p\u0142yt\u0105 monta\u017cow\u0105 windy TRAC \u2013 szybka wymiana urz\u0105dze\u0144<\/p>\n<\/li>\n<\/ul>\n<hr class=\"\" data-start=\"2131\" data-end=\"2134\" \/>\n<h3 class=\"\" data-start=\"2136\" data-end=\"2169\">\ud83d\udd12 Trwa\u0142o\u015b\u0107 i bezpiecze\u0144stwo:<\/h3>\n<ul data-start=\"2170\" data-end=\"2355\">\n<li class=\"\" data-start=\"2170\" data-end=\"2221\">\n<p class=\"\" data-start=\"2172\" data-end=\"2221\">Obudowa z aluminium i stali odporna na korozj\u0119.<\/p>\n<\/li>\n<li class=\"\" data-start=\"2222\" data-end=\"2274\">\n<p class=\"\" data-start=\"2224\" data-end=\"2274\">Konstrukcja odporna na warunki morskie i wilgo\u0107.<\/p>\n<\/li>\n<li class=\"\" data-start=\"2275\" data-end=\"2355\">\n<p class=\"\" data-start=\"2277\" data-end=\"2355\">Zabezpieczenie przed przypadkowym podnoszeniem \u2013 tylko na \u017c\u0105danie u\u017cytkownika.<\/p>\n<\/li>\n<\/ul>\n<hr class=\"\" data-start=\"2357\" data-end=\"2360\" \/>\n<p class=\"\" data-start=\"2362\" data-end=\"2470\">\ud83c\udfd7\ufe0f <strong data-start=\"2366\" data-end=\"2470\">Mini \u017curaw CAMCO to lekki, trwa\u0142y i funkcjonalny d\u017awig mobilny, kt\u00f3ry dopasujesz do ka\u017cdej sytuacji.<\/strong><\/p>","protected":false},"excerpt":{"rendered":"<ul>\n<li>Mini \u017curaw TRAC 12V<\/li>\n<li>Do \u0142odzi, przyczep i na budow\u0119.<\/li>\n<li>Prosta obs\u0142uga, kompaktowy monta\u017c, odporny na warunki atmosferyczne.<\/li>\n<\/ul>","protected":false},"featured_media":4470,"template":"","meta":{"_acf_changed":false},"product_brand":[],"product_cat":[116],"product_tag":[160,1223,1217,1218,1215,1220,1216,1219,1224,1225,1226,1222,1221],"class_list":{"0":"post-5844","1":"product","2":"type-product","3":"status-publish","4":"has-post-thumbnail","6":"product_cat-dzwig","7":"product_tag-akcesoria-do-lodzi","8":"product_tag-dzwig-camco","9":"product_tag-dzwig-do-lodzi","10":"product_tag-dzwig-do-przyczepy","11":"product_tag-mini-dzwig-camco","12":"product_tag-mini-podnosnik-12v","13":"product_tag-mini-zuraw-12v","14":"product_tag-mobilny-dzwig","15":"product_tag-osprzet-do-windy-trac","16":"product_tag-plyta-montazowa-dzwigu","17":"product_tag-sprzet-budowlany-12v","18":"product_tag-zuraw-do-naczepy","19":"product_tag-zuraw-do-pontonu","21":"first","22":"instock","23":"taxable","24":"shipping-taxable","25":"purchasable","26":"product-type-simple"},"acf":[],"yoast_head":"<!-- This site is optimized with the Yoast SEO plugin v25.2 - https:\/\/yoast.com\/wordpress\/plugins\/seo\/ -->\n<title>D\u017awig 12V - TRAC - Atana<\/title>\n<meta name=\"description\" content=\"Mini d\u017awig CAMCO 12V \u2013 idealny do \u0142odzi, przyczep i placu budowy. Kontrola poprzez poci\u0105ganie liny, szybki monta\u017c, trwa\u0142a obudowa z aluminium i stali.\" \/>\n<meta name=\"robots\" content=\"index, follow, max-snippet:-1, max-image-preview:large, max-video-preview:-1\" \/>\n<link rel=\"canonical\" href=\"https:\/\/atana.pl\/en\/online-shop\/dzwig\/dzwig-12v-trac\/\" \/>\n<meta property=\"og:locale\" content=\"en_GB\" \/>\n<meta property=\"og:type\" content=\"article\" \/>\n<meta property=\"og:title\" content=\"D\u017awig 12V - TRAC - Atana\" \/>\n<meta property=\"og:description\" content=\"Mini d\u017awig CAMCO 12V \u2013 idealny do \u0142odzi, przyczep i placu budowy. Kontrola poprzez poci\u0105ganie liny, szybki monta\u017c, trwa\u0142a obudowa z aluminium i stali.\" \/>\n<meta property=\"og:url\" content=\"https:\/\/atana.pl\/en\/online-shop\/dzwig\/dzwig-12v-trac\/\" \/>\n<meta property=\"og:site_name\" content=\"Atana\" \/>\n<meta property=\"article:publisher\" content=\"https:\/\/www.facebook.com\/atanayachts\" \/>\n<meta property=\"article:modified_time\" content=\"2025-06-11T06:16:31+00:00\" \/>\n<meta property=\"og:image\" content=\"https:\/\/atana.pl\/wp-content\/uploads\/2024\/04\/69280_out_a-Z.jpg\" \/>\n\t<meta property=\"og:image:width\" content=\"900\" \/>\n\t<meta property=\"og:image:height\" content=\"900\" \/>\n\t<meta property=\"og:image:type\" content=\"image\/jpeg\" \/>\n<meta name=\"twitter:card\" content=\"summary_large_image\" \/>\n<meta name=\"twitter:label1\" content=\"Estimated reading time\" \/>\n\t<meta name=\"twitter:data1\" content=\"2 minutes\" \/>\n<script type=\"application\/ld+json\" class=\"yoast-schema-graph\">{\"@context\":\"https:\/\/schema.org\",\"@graph\":[{\"@type\":\"WebPage\",\"@id\":\"https:\/\/atana.pl\/sklep-on-line\/dzwig\/dzwig-12v-trac\/\",\"url\":\"https:\/\/atana.pl\/sklep-on-line\/dzwig\/dzwig-12v-trac\/\",\"name\":\"D\u017awig 12V - TRAC - Atana\",\"isPartOf\":{\"@id\":\"https:\/\/atana.pl\/#website\"},\"primaryImageOfPage\":{\"@id\":\"https:\/\/atana.pl\/sklep-on-line\/dzwig\/dzwig-12v-trac\/#primaryimage\"},\"image\":{\"@id\":\"https:\/\/atana.pl\/sklep-on-line\/dzwig\/dzwig-12v-trac\/#primaryimage\"},\"thumbnailUrl\":\"https:\/\/atana.pl\/wp-content\/uploads\/2024\/04\/69280_out_a-Z.jpg\",\"datePublished\":\"2022-01-27T11:16:49+00:00\",\"dateModified\":\"2025-06-11T06:16:31+00:00\",\"description\":\"Mini d\u017awig CAMCO 12V \u2013 idealny do \u0142odzi, przyczep i placu budowy. Kontrola poprzez poci\u0105ganie liny, szybki monta\u017c, trwa\u0142a obudowa z aluminium i stali.\",\"breadcrumb\":{\"@id\":\"https:\/\/atana.pl\/sklep-on-line\/dzwig\/dzwig-12v-trac\/#breadcrumb\"},\"inLanguage\":\"en-GB\",\"potentialAction\":[{\"@type\":\"ReadAction\",\"target\":[\"https:\/\/atana.pl\/sklep-on-line\/dzwig\/dzwig-12v-trac\/\"]}]},{\"@type\":\"ImageObject\",\"inLanguage\":\"en-GB\",\"@id\":\"https:\/\/atana.pl\/sklep-on-line\/dzwig\/dzwig-12v-trac\/#primaryimage\",\"url\":\"https:\/\/atana.pl\/wp-content\/uploads\/2024\/04\/69280_out_a-Z.jpg\",\"contentUrl\":\"https:\/\/atana.pl\/wp-content\/uploads\/2024\/04\/69280_out_a-Z.jpg\",\"width\":900,\"height\":900,\"caption\":\"D\u017awig 12V &#8211; TRAC\"},{\"@type\":\"BreadcrumbList\",\"@id\":\"https:\/\/atana.pl\/sklep-on-line\/dzwig\/dzwig-12v-trac\/#breadcrumb\",\"itemListElement\":[{\"@type\":\"ListItem\",\"position\":1,\"name\":\"Strona g\u0142\u00f3wna\",\"item\":\"https:\/\/atana.pl\/\"},{\"@type\":\"ListItem\",\"position\":2,\"name\":\"Sklep on-line\",\"item\":\"https:\/\/atana.pl\/sklep-on-line\/\"},{\"@type\":\"ListItem\",\"position\":3,\"name\":\"D\u017awig 12V &#8211; TRAC\"}]},{\"@type\":\"WebSite\",\"@id\":\"https:\/\/atana.pl\/#website\",\"url\":\"https:\/\/atana.pl\/\",\"name\":\"Atana\",\"description\":\"Akcesoria do \u0142odzi, kamper\u00f3w i przyczep. \u0141odzie motorowe\",\"publisher\":{\"@id\":\"https:\/\/atana.pl\/#organization\"},\"potentialAction\":[{\"@type\":\"SearchAction\",\"target\":{\"@type\":\"EntryPoint\",\"urlTemplate\":\"https:\/\/atana.pl\/?s={search_term_string}\"},\"query-input\":{\"@type\":\"PropertyValueSpecification\",\"valueRequired\":true,\"valueName\":\"search_term_string\"}}],\"inLanguage\":\"en-GB\"},{\"@type\":\"Organization\",\"@id\":\"https:\/\/atana.pl\/#organization\",\"name\":\"Atana\",\"url\":\"https:\/\/atana.pl\/\",\"logo\":{\"@type\":\"ImageObject\",\"inLanguage\":\"en-GB\",\"@id\":\"https:\/\/atana.pl\/#\/schema\/logo\/image\/\",\"url\":\"\",\"contentUrl\":\"\",\"caption\":\"Atana\"},\"image\":{\"@id\":\"https:\/\/atana.pl\/#\/schema\/logo\/image\/\"},\"sameAs\":[\"https:\/\/www.facebook.com\/atanayachts\",\"https:\/\/www.instagram.com\/atanaboats\/\",\"https:\/\/www.youtube.com\/channel\/UClMMmVqqx17in9QzgxK90Mw\"]}]}<\/script>\n<!-- \/ Yoast SEO plugin. -->","yoast_head_json":{"title":"D\u017awig 12V - TRAC - Atana","description":"Mini d\u017awig CAMCO 12V \u2013 idealny do \u0142odzi, przyczep i placu budowy. Kontrola poprzez poci\u0105ganie liny, szybki monta\u017c, trwa\u0142a obudowa z aluminium i stali.","robots":{"index":"index","follow":"follow","max-snippet":"max-snippet:-1","max-image-preview":"max-image-preview:large","max-video-preview":"max-video-preview:-1"},"canonical":"https:\/\/atana.pl\/en\/online-shop\/dzwig\/dzwig-12v-trac\/","og_locale":"en_GB","og_type":"article","og_title":"D\u017awig 12V - TRAC - Atana","og_description":"Mini d\u017awig CAMCO 12V \u2013 idealny do \u0142odzi, przyczep i placu budowy. Kontrola poprzez poci\u0105ganie liny, szybki monta\u017c, trwa\u0142a obudowa z aluminium i stali.","og_url":"https:\/\/atana.pl\/en\/online-shop\/dzwig\/dzwig-12v-trac\/","og_site_name":"Atana","article_publisher":"https:\/\/www.facebook.com\/atanayachts","article_modified_time":"2025-06-11T06:16:31+00:00","og_image":[{"width":900,"height":900,"url":"https:\/\/atana.pl\/wp-content\/uploads\/2024\/04\/69280_out_a-Z.jpg","type":"image\/jpeg"}],"twitter_card":"summary_large_image","twitter_misc":{"Estimated reading time":"2 minutes"},"schema":{"@context":"https:\/\/schema.org","@graph":[{"@type":"WebPage","@id":"https:\/\/atana.pl\/sklep-on-line\/dzwig\/dzwig-12v-trac\/","url":"https:\/\/atana.pl\/sklep-on-line\/dzwig\/dzwig-12v-trac\/","name":"D\u017awig 12V - TRAC - Atana","isPartOf":{"@id":"https:\/\/atana.pl\/#website"},"primaryImageOfPage":{"@id":"https:\/\/atana.pl\/sklep-on-line\/dzwig\/dzwig-12v-trac\/#primaryimage"},"image":{"@id":"https:\/\/atana.pl\/sklep-on-line\/dzwig\/dzwig-12v-trac\/#primaryimage"},"thumbnailUrl":"https:\/\/atana.pl\/wp-content\/uploads\/2024\/04\/69280_out_a-Z.jpg","datePublished":"2022-01-27T11:16:49+00:00","dateModified":"2025-06-11T06:16:31+00:00","description":"Mini d\u017awig CAMCO 12V \u2013 idealny do \u0142odzi, przyczep i placu budowy. Kontrola poprzez poci\u0105ganie liny, szybki monta\u017c, trwa\u0142a obudowa z aluminium i stali.","breadcrumb":{"@id":"https:\/\/atana.pl\/sklep-on-line\/dzwig\/dzwig-12v-trac\/#breadcrumb"},"inLanguage":"en-GB","potentialAction":[{"@type":"ReadAction","target":["https:\/\/atana.pl\/sklep-on-line\/dzwig\/dzwig-12v-trac\/"]}]},{"@type":"ImageObject","inLanguage":"en-GB","@id":"https:\/\/atana.pl\/sklep-on-line\/dzwig\/dzwig-12v-trac\/#primaryimage","url":"https:\/\/atana.pl\/wp-content\/uploads\/2024\/04\/69280_out_a-Z.jpg","contentUrl":"https:\/\/atana.pl\/wp-content\/uploads\/2024\/04\/69280_out_a-Z.jpg","width":900,"height":900,"caption":"D\u017awig 12V &#8211; TRAC"},{"@type":"BreadcrumbList","@id":"https:\/\/atana.pl\/sklep-on-line\/dzwig\/dzwig-12v-trac\/#breadcrumb","itemListElement":[{"@type":"ListItem","position":1,"name":"Strona g\u0142\u00f3wna","item":"https:\/\/atana.pl\/"},{"@type":"ListItem","position":2,"name":"Sklep on-line","item":"https:\/\/atana.pl\/sklep-on-line\/"},{"@type":"ListItem","position":3,"name":"D\u017awig 12V &#8211; TRAC"}]},{"@type":"WebSite","@id":"https:\/\/atana.pl\/#website","url":"https:\/\/atana.pl\/","name":"Atana","description":"Akcesoria do \u0142odzi, kamper\u00f3w i przyczep. \u0141odzie motorowe","publisher":{"@id":"https:\/\/atana.pl\/#organization"},"potentialAction":[{"@type":"SearchAction","target":{"@type":"EntryPoint","urlTemplate":"https:\/\/atana.pl\/?s={search_term_string}"},"query-input":{"@type":"PropertyValueSpecification","valueRequired":true,"valueName":"search_term_string"}}],"inLanguage":"en-GB"},{"@type":"Organization","@id":"https:\/\/atana.pl\/#organization","name":"Atana","url":"https:\/\/atana.pl\/","logo":{"@type":"ImageObject","inLanguage":"en-GB","@id":"https:\/\/atana.pl\/#\/schema\/logo\/image\/","url":"","contentUrl":"","caption":"Atana"},"image":{"@id":"https:\/\/atana.pl\/#\/schema\/logo\/image\/"},"sameAs":["https:\/\/www.facebook.com\/atanayachts","https:\/\/www.instagram.com\/atanaboats\/","https:\/\/www.youtube.com\/channel\/UClMMmVqqx17in9QzgxK90Mw"]}]}},"_links":{"self":[{"href":"https:\/\/atana.pl\/en\/wp-json\/wp\/v2\/product\/5844","targetHints":{"allow":["GET"]}}],"collection":[{"href":"https:\/\/atana.pl\/en\/wp-json\/wp\/v2\/product"}],"about":[{"href":"https:\/\/atana.pl\/en\/wp-json\/wp\/v2\/types\/product"}],"wp:featuredmedia":[{"embeddable":true,"href":"https:\/\/atana.pl\/en\/wp-json\/wp\/v2\/media\/4470"}],"wp:attachment":[{"href":"https:\/\/atana.pl\/en\/wp-json\/wp\/v2\/media?parent=5844"}],"wp:term":[{"taxonomy":"product_brand","embeddable":true,"href":"https:\/\/atana.pl\/en\/wp-json\/wp\/v2\/product_brand?post=5844"},{"taxonomy":"product_cat","embeddable":true,"href":"https:\/\/atana.pl\/en\/wp-json\/wp\/v2\/product_cat?post=5844"},{"taxonomy":"product_tag","embeddable":true,"href":"https:\/\/atana.pl\/en\/wp-json\/wp\/v2\/product_tag?post=5844"}],"curies":[{"name":"wp","href":"https:\/\/api.w.org\/{rel}","templated":true}]}}