{"id":5827,"date":"2005-01-27T12:16:48","date_gmt":"2005-01-27T11:16:48","guid":{"rendered":"https:\/\/atana.pl\/sklep-on-line\/zestaw-do-plandeki-podpora-76cm-127cm\/"},"modified":"2025-10-15T11:20:33","modified_gmt":"2025-10-15T09:20:33","slug":"zestaw-do-plandeki-podpora-76cm-127cm","status":"publish","type":"product","link":"https:\/\/atana.pl\/en\/online-shop\/camco\/zestaw-do-plandeki-podpora-76cm-127cm\/","title":{"rendered":"Tarpaulin set - support (73cm - 124cm)"},"content":{"rendered":"<h2 class=\"\" data-start=\"244\" data-end=\"323\">\u26f5 Zestaw CAMCO do podparcia plandeki \u2013 ochrona \u0142odzi przed wod\u0105 i deformacj\u0105<\/h2>\n<p class=\"\" data-start=\"325\" data-end=\"638\">Zestaw CAMCO do plandeki to funkcjonalny i prosty w u\u017cyciu system, kt\u00f3ry zapobiega gromadzeniu si\u0119 wody na pokrowcu \u0142odzi. Dzi\u0119ki <strong data-start=\"455\" data-end=\"520\">teleskopowej podporze o regulowanej wysoko\u015bci od 73 do 124 cm<\/strong> oraz paskowi nylonowemu o d\u0142ugo\u015bci 15,5 m, zestaw skutecznie utrzymuje pokrowiec w napi\u0119ciu i wyd\u0142u\u017ca jego \u017cywotno\u015b\u0107.<\/p>\n<p class=\"\" data-start=\"640\" data-end=\"896\">Podpory umieszczone s\u0105 na <strong data-start=\"666\" data-end=\"686\">piankowej p\u0142ycie<\/strong>, kt\u00f3ra stabilizuje ca\u0142o\u015b\u0107 i chroni pok\u0142ad przed zarysowaniami oraz przesuwaniem. G\u00f3rna p\u0142yta z otworami na pasy zapewnia dodatkowe podparcie. Ca\u0142o\u015b\u0107 jest \u0142atwa w monta\u017cu i po z\u0142o\u017ceniu zajmuje niewiele miejsca.<\/p>\n<hr class=\"\" data-start=\"1681\" data-end=\"1684\" \/>\n<h2 class=\"\" data-start=\"1686\" data-end=\"1707\">\ud83d\udce6 Zestaw zawiera:<\/h2>\n<ul data-start=\"1708\" data-end=\"1910\">\n<li class=\"\" data-start=\"1708\" data-end=\"1746\">\n<p class=\"\" data-start=\"1710\" data-end=\"1746\">\u2705 Nylonowy pasek o d\u0142ugo\u015bci 15,5 m<\/p>\n<\/li>\n<li class=\"\" data-start=\"1747\" data-end=\"1782\">\n<p class=\"\" data-start=\"1749\" data-end=\"1782\">\u2705 2 \u00d7 podpory z piank\u0105 ochronn\u0105<\/p>\n<\/li>\n<li class=\"\" data-start=\"1783\" data-end=\"1836\">\n<p class=\"\" data-start=\"1785\" data-end=\"1836\">\u2705 1 \u00d7 regulowany wspornik teleskopowy (73\u2013124 cm)<\/p>\n<\/li>\n<li class=\"\" data-start=\"1837\" data-end=\"1861\">\n<p class=\"\" data-start=\"1839\" data-end=\"1861\">\u2705 Adapter do podpory<\/p>\n<\/li>\n<li class=\"\" data-start=\"1862\" data-end=\"1910\">\n<p class=\"\" data-start=\"1864\" data-end=\"1910\">\u2705 Ko\u0144c\u00f3wka bosak (kompatybilna z kijami CAMCO)<\/p>\n<\/li>\n<\/ul>\n<hr class=\"\" data-start=\"1912\" data-end=\"1915\" \/>\n<h2 class=\"\" data-start=\"1917\" data-end=\"1938\">\ud83d\udd17 Kompatybilno\u015b\u0107:<\/h2>\n<p class=\"\" data-start=\"1939\" data-end=\"2042\">Wspornik teleskopowy CAMCO jest kompatybilny z innymi ko\u0144c\u00f3wkami z systemu CAMCO \u2013 mo\u017cna dokupi\u0107 m.in.:<\/p>\n<h4>Brushes:<\/h4>\n<div style=\"display: flex; flex-wrap: wrap; gap: 20px; justify-content: flex-start;\">\n<div style=\"width: 100px; text-align: center;\"><a href=\"https:\/\/link-do-produktu-1\" target=\"_blank\" rel=\"noopener\"><br \/>\n<\/a><a href=\"https:\/\/atana.pl\/en\/online-shop\/camco\/szczotka-bardzo-miekka-xs\/\" target=\"_blank\" rel=\"noopener\"><img decoding=\"async\" class=\"alignnone\" style=\"object-fit: contain;\" src=\"https:\/\/atana.pl\/wp-content\/uploads\/2022\/04\/Bardzo-miekka_XS.png\" alt=\"Very soft - XS\" width=\"100\" height=\"81\" \/><\/a><\/p>\n<div style=\"font-size: 12px; margin-top: 5px;\"><a href=\"https:\/\/atana.pl\/en\/online-shop\/camco\/szczotka-bardzo-miekka-xs\/\">B. soft <strong>XS<\/strong><\/a><\/div>\n<\/div>\n<div style=\"width: 100px; text-align: center;\"><a href=\"https:\/\/atana.pl\/en\/online-shop\/camco\/szczotka-miekka-s\/\" target=\"_blank\" rel=\"noopener\"><br \/>\n<img decoding=\"async\" style=\"object-fit: contain;\" src=\"https:\/\/atana.pl\/wp-content\/uploads\/2022\/04\/Miekka_S.png\" alt=\"Soft brush\" width=\"100\" height=\"81\" \/><br \/>\n<\/a><\/p>\n<div style=\"font-size: 12px; margin-top: 5px;\"><a href=\"https:\/\/atana.pl\/en\/online-shop\/camco\/szczotka-miekka-s\/\">Soft <strong>S<\/strong><\/a><\/div>\n<\/div>\n<div style=\"width: 100px; text-align: center;\"><a href=\"https:\/\/atana.pl\/en\/online-shop\/camco\/szczotka-srednia-m\/\" target=\"_blank\" rel=\"noopener\"><br \/>\n<img decoding=\"async\" style=\"object-fit: contain;\" src=\"https:\/\/atana.pl\/wp-content\/uploads\/2022\/04\/Srednia_M.png\" alt=\"Medium brush\" width=\"100\" height=\"81\" \/><br \/>\n<\/a><\/p>\n<div style=\"font-size: 12px; margin-top: 5px;\"><a href=\"https:\/\/atana.pl\/en\/online-shop\/camco\/szczotka-srednia-m\/\">Average<strong> M<\/strong><\/a><\/div>\n<\/div>\n<div style=\"width: 100px; text-align: center;\"><a href=\"https:\/\/atana.pl\/en\/online-shop\/camco\/szczotka-twarda-x\/\" target=\"_blank\" rel=\"noopener\"><br \/>\n<img loading=\"lazy\" decoding=\"async\" style=\"object-fit: contain;\" src=\"https:\/\/atana.pl\/wp-content\/uploads\/2022\/04\/Twarda_X.png\" alt=\"Hard brush\" width=\"100\" height=\"81\" \/><br \/>\n<\/a><\/p>\n<div style=\"font-size: 12px; margin-top: 5px;\"><a href=\"https:\/\/atana.pl\/en\/online-shop\/camco\/szczotka-twarda-x\/\">Hard <strong>X<\/strong><\/a><\/div>\n<\/div>\n<\/div>\n<h4><span style=\"font-size: 16px;\">Mops:<\/span><\/h4>\n<div style=\"display: flex; flex-wrap: wrap; gap: 20px; justify-content: flex-start;\">\n<div style=\"width: 100px; text-align: center;\"><a href=\"https:\/\/atana.pl\/en\/online-shop\/camco\/obrotowa-koncowka-do-mycia-z-mikrofibry\/\" target=\"_blank\" rel=\"noopener\"><br \/>\n<img loading=\"lazy\" decoding=\"async\" style=\"object-fit: contain;\" src=\"https:\/\/atana.pl\/wp-content\/uploads\/1967\/01\/Mikrofibra.png\" alt=\"Microfibre mop\" width=\"100\" height=\"81\" \/><br \/>\n<\/a><\/p>\n<div style=\"font-size: 12px; margin-top: 5px;\"><a href=\"https:\/\/atana.pl\/en\/online-shop\/camco\/obrotowa-koncowka-do-mycia-z-mikrofibry\/\">Microfibre mop<\/a><\/div>\n<\/div>\n<div style=\"width: 100px; text-align: center;\"><a href=\"https:\/\/atana.pl\/en\/online-shop\/camco\/obrotowa-koncowka-do-mycia-z-welny-syntetycznej\/\" target=\"_blank\" rel=\"noopener\"><br \/>\n<img loading=\"lazy\" decoding=\"async\" style=\"object-fit: contain;\" src=\"https:\/\/atana.pl\/wp-content\/uploads\/1967\/01\/Welna-syntetyczna.png\" alt=\"Synthetic wool mop\" width=\"100\" height=\"81\" \/><br \/>\n<\/a><\/p>\n<div style=\"font-size: 12px; margin-top: 5px;\"><a href=\"https:\/\/atana.pl\/en\/online-shop\/camco\/obrotowa-koncowka-do-mycia-z-welny-syntetycznej\/\">Synthetic wool mop<\/a><\/div>\n<\/div>\n<div style=\"width: 100px; text-align: center;\"><a href=\"https:\/\/atana.pl\/en\/online-shop\/camco\/mop\/\" target=\"_blank\" rel=\"noopener\"><br \/>\n<img loading=\"lazy\" decoding=\"async\" style=\"object-fit: contain;\" src=\"https:\/\/atana.pl\/wp-content\/uploads\/1967\/01\/Mop-z-paskow.png\" alt=\"Striped mop\" width=\"100\" height=\"81\" \/><br \/>\n<\/a><\/p>\n<div style=\"font-size: 12px; margin-top: 5px;\"><a href=\"https:\/\/atana.pl\/en\/online-shop\/camco\/mop\/\">Striped mop<\/a><\/div>\n<\/div>\n<\/div>\n<h4>Boat accessories and fishing accessories:<\/h4>\n<div style=\"display: flex; flex-wrap: wrap; gap: 20px; justify-content: flex-start;\">\n<div style=\"width: 100px; text-align: center;\"><a href=\"https:\/\/atana.pl\/en\/online-shop\/camco\/wioslo\/\" target=\"_blank\" rel=\"noopener\"><br \/>\n<img loading=\"lazy\" decoding=\"async\" style=\"object-fit: contain;\" src=\"https:\/\/atana.pl\/wp-content\/uploads\/1967\/01\/Wioslo.png\" alt=\"Paddle\" width=\"100\" height=\"81\" \/><br \/>\n<\/a><\/p>\n<div style=\"font-size: 12px; margin-top: 5px;\"><a href=\"https:\/\/atana.pl\/en\/online-shop\/camco\/wioslo\/\">Paddle<\/a><\/div>\n<\/div>\n<div style=\"width: 100px; text-align: center;\"><a href=\"https:\/\/atana.pl\/en\/online-shop\/camco\/podbierak\/\" target=\"_blank\" rel=\"noopener\"><br \/>\n<img loading=\"lazy\" decoding=\"async\" style=\"object-fit: contain;\" src=\"https:\/\/atana.pl\/wp-content\/uploads\/1967\/01\/Podbierak.png\" alt=\"Landing net\" width=\"100\" height=\"81\" \/><br \/>\n<\/a><\/p>\n<div style=\"font-size: 12px; margin-top: 5px;\"><a href=\"https:\/\/atana.pl\/en\/online-shop\/camco\/podbierak\/\">Landing net<\/a><\/div>\n<\/div>\n<div style=\"width: 100px; text-align: center;\"><a href=\"https:\/\/atana.pl\/en\/online-shop\/camco\/sciagaczka-do-wody-reczna-35cm\/\" target=\"_blank\" rel=\"noopener\"><br \/>\n<img loading=\"lazy\" decoding=\"async\" style=\"object-fit: contain;\" src=\"https:\/\/atana.pl\/wp-content\/uploads\/1967\/01\/Sciagaczka-do-wody.png\" alt=\"Water squeegee\" width=\"100\" height=\"81\" \/><br \/>\n<\/a><\/p>\n<div style=\"font-size: 12px; margin-top: 5px;\"><a href=\"https:\/\/atana.pl\/en\/online-shop\/camco\/sciagaczka-do-wody-reczna-35cm\/\">Water squeegee<\/a><\/div>\n<\/div>\n<div style=\"width: 100px; text-align: center;\"><a href=\"https:\/\/atana.pl\/en\/online-shop\/camco\/obrotowy-adapter-do-mocowania-sciagaczki-do-raczki-teleskopowej-camco\/\" target=\"_blank\" rel=\"noopener\"><br \/>\n<img loading=\"lazy\" decoding=\"async\" style=\"object-fit: contain;\" src=\"https:\/\/atana.pl\/wp-content\/uploads\/1967\/01\/Adapter-sciagaczki.png\" alt=\"Wiper adapter\" width=\"100\" height=\"81\" \/><br \/>\n<\/a><\/p>\n<div style=\"font-size: 12px; margin-top: 5px;\"><a href=\"https:\/\/atana.pl\/en\/online-shop\/camco\/obrotowy-adapter-do-mocowania-sciagaczki-do-raczki-teleskopowej-camco\/\">Wiper adapter<\/a><\/div>\n<\/div>\n<div style=\"width: 100px; text-align: center;\"><a href=\"https:\/\/atana.pl\/en\/online-shop\/promotions\/wiadro-prostokatne\/\" target=\"_blank\" rel=\"noopener\"><br \/>\n<img loading=\"lazy\" decoding=\"async\" style=\"object-fit: contain;\" src=\"https:\/\/atana.pl\/wp-content\/uploads\/1967\/01\/Skladane-wiadro.png\" alt=\"Folding bucket\" width=\"100\" height=\"81\" \/><br \/>\n<\/a><\/p>\n<div style=\"font-size: 12px; margin-top: 5px;\"><a href=\"https:\/\/atana.pl\/en\/online-shop\/promotions\/wiadro-prostokatne\/\">Folding bucket<\/a><\/div>\n<\/div>\n<div style=\"width: 100px; text-align: center;\"><a href=\"https:\/\/atana.pl\/en\/online-shop\/camco\/oseka\/\" target=\"_blank\" rel=\"noopener\"><br \/>\n<img loading=\"lazy\" decoding=\"async\" style=\"object-fit: contain;\" src=\"https:\/\/atana.pl\/wp-content\/uploads\/1967\/01\/Oseka.png\" alt=\"Os\u0119ka\" width=\"100\" height=\"81\" \/><br \/>\n<\/a><\/p>\n<div style=\"font-size: 12px; margin-top: 5px;\"><a href=\"https:\/\/atana.pl\/en\/online-shop\/camco\/oseka\/\">Os\u0119ka<\/a><\/div>\n<\/div>\n<div style=\"width: 100px; text-align: center;\"><a href=\"https:\/\/atana.pl\/en\/online-shop\/camco\/bosak\/\" target=\"_blank\" rel=\"noopener\"><br \/>\n<img loading=\"lazy\" decoding=\"async\" style=\"object-fit: contain;\" src=\"https:\/\/atana.pl\/wp-content\/uploads\/1967\/01\/Dodatkowy-bosak.png\" alt=\"Additional barefoot\" width=\"100\" height=\"81\" \/><br \/>\n<\/a><\/p>\n<div style=\"font-size: 12px; margin-top: 5px;\"><a href=\"https:\/\/atana.pl\/en\/online-shop\/camco\/bosak\/\">Additional barefoot<\/a><\/div>\n<\/div>\n<\/div>\n<h4>Snow clearing accessories:<\/h4>\n<div style=\"display: flex; flex-wrap: wrap; gap: 20px; justify-content: flex-start;\">\n<div style=\"width: 100px; text-align: center;\"><a href=\"http:\/\/www.frostguide.com\" target=\"_blank\" rel=\"noopener\"><br \/>\n<img loading=\"lazy\" decoding=\"async\" style=\"object-fit: contain;\" src=\"https:\/\/atana.pl\/wp-content\/uploads\/1967\/01\/Mini-plug.png\" alt=\"Mini plug\" width=\"100\" height=\"81\" \/><br \/>\n<\/a><\/p>\n<div style=\"font-size: 12px; margin-top: 5px;\"><a href=\"\/en\/frostguide.com\/\">Mini plug<\/a><\/div>\n<\/div>\n<div style=\"width: 100px; text-align: center;\"><a href=\"http:\/\/www.frostguide.com\" target=\"_blank\" rel=\"noopener\"><br \/>\n<img loading=\"lazy\" decoding=\"async\" style=\"object-fit: contain;\" src=\"https:\/\/atana.pl\/wp-content\/uploads\/1967\/01\/Grzybek.png\" alt=\"Mushroom\" width=\"100\" height=\"81\" \/><br \/>\n<\/a><\/p>\n<div style=\"font-size: 12px; margin-top: 5px;\"><a href=\"http:\/\/www.frostguide.com\">Mushroom<\/a><\/div>\n<\/div>\n<\/div>\n<hr class=\"\" data-start=\"2272\" data-end=\"2275\" \/>\n<p class=\"\" data-start=\"2277\" data-end=\"2412\">\u2693 <strong data-start=\"2279\" data-end=\"2412\">Prosty, skuteczny i uniwersalny \u2013 zestaw CAMCO to niezawodne rozwi\u0105zanie do ochrony Twojej \u0142odzi przed warunkami atmosferycznymi.<\/strong><\/p>","protected":false},"excerpt":{"rendered":"<ul>\n<li>Zestaw podpory do plandeki \u2013 CAMCO.<\/li>\n<li>Teleskopowa podpora, pasek 15,5 m.<\/li>\n<li>Stabilizacja pokrowca.<\/li>\n<li>Ochrona \u0142odzi.<\/li>\n<\/ul>","protected":false},"featured_media":4455,"template":"","meta":{"_acf_changed":false},"product_brand":[],"product_cat":[115,114],"product_tag":[160,1178,1199,1202,1196,1201,1203,1198,1197,1204,1200,1195],"class_list":{"0":"post-5827","1":"product","2":"type-product","3":"status-publish","4":"has-post-thumbnail","6":"product_cat-uchwyty-teleskopowe-wymienne-koncowki","7":"product_cat-camco","8":"product_tag-akcesoria-do-lodzi","9":"product_tag-bosak-camco","10":"product_tag-ochrona-pokrowca","11":"product_tag-pasek-do-plandeki","12":"product_tag-podpora-plandeki-lodzi","13":"product_tag-regulowana-podpora","14":"product_tag-system-do-zimowania-lodzi","15":"product_tag-system-napinania-plandeki","16":"product_tag-teleskopowy-wspornik-do-pokrowca","17":"product_tag-wyposazenie-pokladowe","18":"product_tag-zestaw-camco-do-plandeki","19":"product_tag-zestaw-do-plandeki-camco","20":"product_shipping_class-kurier-odbior-osobisty","22":"first","23":"instock","24":"taxable","25":"shipping-taxable","26":"purchasable","27":"product-type-simple"},"acf":[],"yoast_head":"<!-- This site is optimized with the Yoast SEO plugin v25.2 - https:\/\/yoast.com\/wordpress\/plugins\/seo\/ -->\n<title>Zestaw do plandeki - podpora (73cm - 124cm) - Atana<\/title>\n<meta name=\"description\" content=\"Zestaw CAMCO do plandeki z teleskopow\u0105 podpor\u0105 i paskami 15,5 m. Chroni pokrowiec \u0142odzi przed opadaniem i wod\u0105. Kompaktowy, trwa\u0142y, \u0142atwy w u\u017cyciu.\" \/>\n<meta name=\"robots\" content=\"index, follow, max-snippet:-1, max-image-preview:large, max-video-preview:-1\" \/>\n<link rel=\"canonical\" href=\"https:\/\/atana.pl\/en\/online-shop\/camco\/zestaw-do-plandeki-podpora-76cm-127cm\/\" \/>\n<meta property=\"og:locale\" content=\"en_GB\" \/>\n<meta property=\"og:type\" content=\"article\" \/>\n<meta property=\"og:title\" content=\"Zestaw do plandeki - podpora (73cm - 124cm) - Atana\" \/>\n<meta property=\"og:description\" content=\"Zestaw CAMCO do plandeki z teleskopow\u0105 podpor\u0105 i paskami 15,5 m. Chroni pokrowiec \u0142odzi przed opadaniem i wod\u0105. Kompaktowy, trwa\u0142y, \u0142atwy w u\u017cyciu.\" \/>\n<meta property=\"og:url\" content=\"https:\/\/atana.pl\/en\/online-shop\/camco\/zestaw-do-plandeki-podpora-76cm-127cm\/\" \/>\n<meta property=\"og:site_name\" content=\"Atana\" \/>\n<meta property=\"article:publisher\" content=\"https:\/\/www.facebook.com\/atanayachts\" \/>\n<meta property=\"article:modified_time\" content=\"2025-10-15T09:20:33+00:00\" \/>\n<meta property=\"og:image\" content=\"https:\/\/atana.pl\/wp-content\/uploads\/2024\/04\/Zestaw-do-plandeki_1.jpg\" \/>\n\t<meta property=\"og:image:width\" content=\"900\" \/>\n\t<meta property=\"og:image:height\" content=\"900\" \/>\n\t<meta property=\"og:image:type\" content=\"image\/jpeg\" \/>\n<meta name=\"twitter:card\" content=\"summary_large_image\" \/>\n<meta name=\"twitter:label1\" content=\"Estimated reading time\" \/>\n\t<meta name=\"twitter:data1\" content=\"1 minute\" \/>\n<script type=\"application\/ld+json\" class=\"yoast-schema-graph\">{\"@context\":\"https:\/\/schema.org\",\"@graph\":[{\"@type\":\"WebPage\",\"@id\":\"https:\/\/atana.pl\/sklep-on-line\/camco\/zestaw-do-plandeki-podpora-76cm-127cm\/\",\"url\":\"https:\/\/atana.pl\/sklep-on-line\/camco\/zestaw-do-plandeki-podpora-76cm-127cm\/\",\"name\":\"Zestaw do plandeki - podpora (73cm - 124cm) - Atana\",\"isPartOf\":{\"@id\":\"https:\/\/atana.pl\/#website\"},\"primaryImageOfPage\":{\"@id\":\"https:\/\/atana.pl\/sklep-on-line\/camco\/zestaw-do-plandeki-podpora-76cm-127cm\/#primaryimage\"},\"image\":{\"@id\":\"https:\/\/atana.pl\/sklep-on-line\/camco\/zestaw-do-plandeki-podpora-76cm-127cm\/#primaryimage\"},\"thumbnailUrl\":\"https:\/\/atana.pl\/wp-content\/uploads\/2024\/04\/Zestaw-do-plandeki_1.jpg\",\"datePublished\":\"2005-01-27T11:16:48+00:00\",\"dateModified\":\"2025-10-15T09:20:33+00:00\",\"description\":\"Zestaw CAMCO do plandeki z teleskopow\u0105 podpor\u0105 i paskami 15,5 m. Chroni pokrowiec \u0142odzi przed opadaniem i wod\u0105. Kompaktowy, trwa\u0142y, \u0142atwy w u\u017cyciu.\",\"breadcrumb\":{\"@id\":\"https:\/\/atana.pl\/sklep-on-line\/camco\/zestaw-do-plandeki-podpora-76cm-127cm\/#breadcrumb\"},\"inLanguage\":\"en-GB\",\"potentialAction\":[{\"@type\":\"ReadAction\",\"target\":[\"https:\/\/atana.pl\/sklep-on-line\/camco\/zestaw-do-plandeki-podpora-76cm-127cm\/\"]}]},{\"@type\":\"ImageObject\",\"inLanguage\":\"en-GB\",\"@id\":\"https:\/\/atana.pl\/sklep-on-line\/camco\/zestaw-do-plandeki-podpora-76cm-127cm\/#primaryimage\",\"url\":\"https:\/\/atana.pl\/wp-content\/uploads\/2024\/04\/Zestaw-do-plandeki_1.jpg\",\"contentUrl\":\"https:\/\/atana.pl\/wp-content\/uploads\/2024\/04\/Zestaw-do-plandeki_1.jpg\",\"width\":900,\"height\":900,\"caption\":\"Zestaw do plandeki &#8211; podpora (73cm &#8211; 124cm)\"},{\"@type\":\"BreadcrumbList\",\"@id\":\"https:\/\/atana.pl\/sklep-on-line\/camco\/zestaw-do-plandeki-podpora-76cm-127cm\/#breadcrumb\",\"itemListElement\":[{\"@type\":\"ListItem\",\"position\":1,\"name\":\"Strona g\u0142\u00f3wna\",\"item\":\"https:\/\/atana.pl\/\"},{\"@type\":\"ListItem\",\"position\":2,\"name\":\"Sklep on-line\",\"item\":\"https:\/\/atana.pl\/sklep-on-line\/\"},{\"@type\":\"ListItem\",\"position\":3,\"name\":\"Zestaw do plandeki &#8211; podpora (73cm &#8211; 124cm)\"}]},{\"@type\":\"WebSite\",\"@id\":\"https:\/\/atana.pl\/#website\",\"url\":\"https:\/\/atana.pl\/\",\"name\":\"Atana\",\"description\":\"Akcesoria do \u0142odzi, kamper\u00f3w i przyczep. \u0141odzie motorowe\",\"publisher\":{\"@id\":\"https:\/\/atana.pl\/#organization\"},\"potentialAction\":[{\"@type\":\"SearchAction\",\"target\":{\"@type\":\"EntryPoint\",\"urlTemplate\":\"https:\/\/atana.pl\/?s={search_term_string}\"},\"query-input\":{\"@type\":\"PropertyValueSpecification\",\"valueRequired\":true,\"valueName\":\"search_term_string\"}}],\"inLanguage\":\"en-GB\"},{\"@type\":\"Organization\",\"@id\":\"https:\/\/atana.pl\/#organization\",\"name\":\"Atana\",\"url\":\"https:\/\/atana.pl\/\",\"logo\":{\"@type\":\"ImageObject\",\"inLanguage\":\"en-GB\",\"@id\":\"https:\/\/atana.pl\/#\/schema\/logo\/image\/\",\"url\":\"\",\"contentUrl\":\"\",\"caption\":\"Atana\"},\"image\":{\"@id\":\"https:\/\/atana.pl\/#\/schema\/logo\/image\/\"},\"sameAs\":[\"https:\/\/www.facebook.com\/atanayachts\",\"https:\/\/www.instagram.com\/atanaboats\/\",\"https:\/\/www.youtube.com\/channel\/UClMMmVqqx17in9QzgxK90Mw\"]}]}<\/script>\n<!-- \/ Yoast SEO plugin. -->","yoast_head_json":{"title":"Zestaw do plandeki - podpora (73cm - 124cm) - Atana","description":"Zestaw CAMCO do plandeki z teleskopow\u0105 podpor\u0105 i paskami 15,5 m. Chroni pokrowiec \u0142odzi przed opadaniem i wod\u0105. Kompaktowy, trwa\u0142y, \u0142atwy w u\u017cyciu.","robots":{"index":"index","follow":"follow","max-snippet":"max-snippet:-1","max-image-preview":"max-image-preview:large","max-video-preview":"max-video-preview:-1"},"canonical":"https:\/\/atana.pl\/en\/online-shop\/camco\/zestaw-do-plandeki-podpora-76cm-127cm\/","og_locale":"en_GB","og_type":"article","og_title":"Zestaw do plandeki - podpora (73cm - 124cm) - Atana","og_description":"Zestaw CAMCO do plandeki z teleskopow\u0105 podpor\u0105 i paskami 15,5 m. Chroni pokrowiec \u0142odzi przed opadaniem i wod\u0105. Kompaktowy, trwa\u0142y, \u0142atwy w u\u017cyciu.","og_url":"https:\/\/atana.pl\/en\/online-shop\/camco\/zestaw-do-plandeki-podpora-76cm-127cm\/","og_site_name":"Atana","article_publisher":"https:\/\/www.facebook.com\/atanayachts","article_modified_time":"2025-10-15T09:20:33+00:00","og_image":[{"width":900,"height":900,"url":"https:\/\/atana.pl\/wp-content\/uploads\/2024\/04\/Zestaw-do-plandeki_1.jpg","type":"image\/jpeg"}],"twitter_card":"summary_large_image","twitter_misc":{"Estimated reading time":"1 minute"},"schema":{"@context":"https:\/\/schema.org","@graph":[{"@type":"WebPage","@id":"https:\/\/atana.pl\/sklep-on-line\/camco\/zestaw-do-plandeki-podpora-76cm-127cm\/","url":"https:\/\/atana.pl\/sklep-on-line\/camco\/zestaw-do-plandeki-podpora-76cm-127cm\/","name":"Zestaw do plandeki - podpora (73cm - 124cm) - Atana","isPartOf":{"@id":"https:\/\/atana.pl\/#website"},"primaryImageOfPage":{"@id":"https:\/\/atana.pl\/sklep-on-line\/camco\/zestaw-do-plandeki-podpora-76cm-127cm\/#primaryimage"},"image":{"@id":"https:\/\/atana.pl\/sklep-on-line\/camco\/zestaw-do-plandeki-podpora-76cm-127cm\/#primaryimage"},"thumbnailUrl":"https:\/\/atana.pl\/wp-content\/uploads\/2024\/04\/Zestaw-do-plandeki_1.jpg","datePublished":"2005-01-27T11:16:48+00:00","dateModified":"2025-10-15T09:20:33+00:00","description":"Zestaw CAMCO do plandeki z teleskopow\u0105 podpor\u0105 i paskami 15,5 m. Chroni pokrowiec \u0142odzi przed opadaniem i wod\u0105. Kompaktowy, trwa\u0142y, \u0142atwy w u\u017cyciu.","breadcrumb":{"@id":"https:\/\/atana.pl\/sklep-on-line\/camco\/zestaw-do-plandeki-podpora-76cm-127cm\/#breadcrumb"},"inLanguage":"en-GB","potentialAction":[{"@type":"ReadAction","target":["https:\/\/atana.pl\/sklep-on-line\/camco\/zestaw-do-plandeki-podpora-76cm-127cm\/"]}]},{"@type":"ImageObject","inLanguage":"en-GB","@id":"https:\/\/atana.pl\/sklep-on-line\/camco\/zestaw-do-plandeki-podpora-76cm-127cm\/#primaryimage","url":"https:\/\/atana.pl\/wp-content\/uploads\/2024\/04\/Zestaw-do-plandeki_1.jpg","contentUrl":"https:\/\/atana.pl\/wp-content\/uploads\/2024\/04\/Zestaw-do-plandeki_1.jpg","width":900,"height":900,"caption":"Zestaw do plandeki &#8211; podpora (73cm &#8211; 124cm)"},{"@type":"BreadcrumbList","@id":"https:\/\/atana.pl\/sklep-on-line\/camco\/zestaw-do-plandeki-podpora-76cm-127cm\/#breadcrumb","itemListElement":[{"@type":"ListItem","position":1,"name":"Strona g\u0142\u00f3wna","item":"https:\/\/atana.pl\/"},{"@type":"ListItem","position":2,"name":"Sklep on-line","item":"https:\/\/atana.pl\/sklep-on-line\/"},{"@type":"ListItem","position":3,"name":"Zestaw do plandeki &#8211; podpora (73cm &#8211; 124cm)"}]},{"@type":"WebSite","@id":"https:\/\/atana.pl\/#website","url":"https:\/\/atana.pl\/","name":"Atana","description":"Akcesoria do \u0142odzi, kamper\u00f3w i przyczep. \u0141odzie motorowe","publisher":{"@id":"https:\/\/atana.pl\/#organization"},"potentialAction":[{"@type":"SearchAction","target":{"@type":"EntryPoint","urlTemplate":"https:\/\/atana.pl\/?s={search_term_string}"},"query-input":{"@type":"PropertyValueSpecification","valueRequired":true,"valueName":"search_term_string"}}],"inLanguage":"en-GB"},{"@type":"Organization","@id":"https:\/\/atana.pl\/#organization","name":"Atana","url":"https:\/\/atana.pl\/","logo":{"@type":"ImageObject","inLanguage":"en-GB","@id":"https:\/\/atana.pl\/#\/schema\/logo\/image\/","url":"","contentUrl":"","caption":"Atana"},"image":{"@id":"https:\/\/atana.pl\/#\/schema\/logo\/image\/"},"sameAs":["https:\/\/www.facebook.com\/atanayachts","https:\/\/www.instagram.com\/atanaboats\/","https:\/\/www.youtube.com\/channel\/UClMMmVqqx17in9QzgxK90Mw"]}]}},"_links":{"self":[{"href":"https:\/\/atana.pl\/en\/wp-json\/wp\/v2\/product\/5827","targetHints":{"allow":["GET"]}}],"collection":[{"href":"https:\/\/atana.pl\/en\/wp-json\/wp\/v2\/product"}],"about":[{"href":"https:\/\/atana.pl\/en\/wp-json\/wp\/v2\/types\/product"}],"wp:featuredmedia":[{"embeddable":true,"href":"https:\/\/atana.pl\/en\/wp-json\/wp\/v2\/media\/4455"}],"wp:attachment":[{"href":"https:\/\/atana.pl\/en\/wp-json\/wp\/v2\/media?parent=5827"}],"wp:term":[{"taxonomy":"product_brand","embeddable":true,"href":"https:\/\/atana.pl\/en\/wp-json\/wp\/v2\/product_brand?post=5827"},{"taxonomy":"product_cat","embeddable":true,"href":"https:\/\/atana.pl\/en\/wp-json\/wp\/v2\/product_cat?post=5827"},{"taxonomy":"product_tag","embeddable":true,"href":"https:\/\/atana.pl\/en\/wp-json\/wp\/v2\/product_tag?post=5827"}],"curies":[{"name":"wp","href":"https:\/\/api.w.org\/{rel}","templated":true}]}}