{"id":5823,"date":"2013-01-27T12:16:48","date_gmt":"2013-01-27T11:16:48","guid":{"rendered":"https:\/\/atana.pl\/sklep-on-line\/wymienny-wklad-z-mikrofibry\/"},"modified":"2025-05-10T18:02:10","modified_gmt":"2025-05-10T16:02:10","slug":"wymienny-wklad-z-mikrofibry","status":"publish","type":"product","link":"https:\/\/atana.pl\/en\/online-shop\/camco\/wymienny-wklad-z-mikrofibry\/","title":{"rendered":"Wymienny wk\u0142ad z mikrofibry"},"content":{"rendered":"<h2 class=\"\" data-start=\"213\" data-end=\"282\">\ud83e\uddfd Wk\u0142ad z mikrofibry CAMCO \u2013 wymienna nak\u0142adka do obrotowego mopa<\/h2>\n<p class=\"\" data-start=\"284\" data-end=\"536\">Dodatkowy wk\u0142ad CAMCO wykonany z mikrofibry i rzepu to praktyczne uzupe\u0142nienie zestawu czyszcz\u0105cego. Nak\u0142adka jest <strong data-start=\"399\" data-end=\"420\">wyj\u0105tkowo ch\u0142onna<\/strong>, nie zostawia smug ani k\u0142aczk\u00f3w i \u015bwietnie sprawdza si\u0119 zar\u00f3wno na g\u0142adkich, jak i trudnodost\u0119pnych powierzchniach.<\/p>\n<p class=\"\" data-start=\"284\" data-end=\"536\">Wk\u0142ad pasuje jako element wymienny dla:<\/p>\n<p><a href=\"https:\/\/atana.pl\/en\/online-shop\/camco\/obrotowa-koncowka-do-mycia-z-mikrofibry\/\"><img decoding=\"async\" class=\"alignnone wp-image-7103 size-medium\" title=\"Link mop mikrofibra\" src=\"https:\/\/atana.pl\/wp-content\/uploads\/2013\/01\/Link_mop_mikrofibra-300x54.png\" alt=\"Link mop mikrofibra\" width=\"300\" height=\"54\" srcset=\"https:\/\/atana.pl\/wp-content\/uploads\/2013\/01\/Link_mop_mikrofibra-300x54.png 300w, https:\/\/atana.pl\/wp-content\/uploads\/2013\/01\/Link_mop_mikrofibra-1024x183.png 1024w, https:\/\/atana.pl\/wp-content\/uploads\/2013\/01\/Link_mop_mikrofibra-768x138.png 768w, https:\/\/atana.pl\/wp-content\/uploads\/2013\/01\/Link_mop_mikrofibra-1536x275.png 1536w, https:\/\/atana.pl\/wp-content\/uploads\/2013\/01\/Link_mop_mikrofibra-2048x367.png 2048w, https:\/\/atana.pl\/wp-content\/uploads\/2013\/01\/Link_mop_mikrofibra-18x3.png 18w, https:\/\/atana.pl\/wp-content\/uploads\/2013\/01\/Link_mop_mikrofibra-150x27.png 150w, https:\/\/atana.pl\/wp-content\/uploads\/2013\/01\/Link_mop_mikrofibra-600x107.png 600w, https:\/\/atana.pl\/wp-content\/uploads\/2013\/01\/Link_mop_mikrofibra-64x11.png 64w\" sizes=\"(max-width: 300px) 100vw, 300px\" \/><\/a><\/p>\n<p><a href=\"https:\/\/atana.pl\/en\/online-shop\/camco\/obrotowa-koncowka-do-mycia-z-welny-syntetycznej\/\"><img decoding=\"async\" class=\"alignnone wp-image-7104 size-medium\" title=\"Link mop we\u0142na\" src=\"https:\/\/atana.pl\/wp-content\/uploads\/2013\/01\/Link_mop_welna-300x54.png\" alt=\"Link mop we\u0142na\" width=\"300\" height=\"54\" srcset=\"https:\/\/atana.pl\/wp-content\/uploads\/2013\/01\/Link_mop_welna-300x54.png 300w, https:\/\/atana.pl\/wp-content\/uploads\/2013\/01\/Link_mop_welna-1024x183.png 1024w, https:\/\/atana.pl\/wp-content\/uploads\/2013\/01\/Link_mop_welna-768x138.png 768w, https:\/\/atana.pl\/wp-content\/uploads\/2013\/01\/Link_mop_welna-1536x275.png 1536w, https:\/\/atana.pl\/wp-content\/uploads\/2013\/01\/Link_mop_welna-2048x367.png 2048w, https:\/\/atana.pl\/wp-content\/uploads\/2013\/01\/Link_mop_welna-18x3.png 18w, https:\/\/atana.pl\/wp-content\/uploads\/2013\/01\/Link_mop_welna-150x27.png 150w, https:\/\/atana.pl\/wp-content\/uploads\/2013\/01\/Link_mop_welna-600x107.png 600w, https:\/\/atana.pl\/wp-content\/uploads\/2013\/01\/Link_mop_welna-64x11.png 64w\" sizes=\"(max-width: 300px) 100vw, 300px\" \/><\/a><\/p>\n<p data-start=\"284\" data-end=\"536\">Dzi\u0119ki rzepowi monta\u017c i demonta\u017c wk\u0142adu jest b\u0142yskawiczny. Mo\u017cna go wielokrotnie pra\u0107, bez utraty w\u0142a\u015bciwo\u015bci. Idealny dla os\u00f3b, kt\u00f3re regularnie czyszcz\u0105 jachty, kampery lub przestrzenie u\u017cytkowe.<\/p>\n<hr class=\"\" data-start=\"1383\" data-end=\"1386\" \/>\n<p class=\"\" data-start=\"1388\" data-end=\"1598\">\ud83d\udd04 <strong data-start=\"1391\" data-end=\"1467\">Zapasowy wk\u0142ad mo\u017cna stosowa\u0107 zamiennie z oryginaln\u0105 nak\u0142adk\u0105 mopa CAMCO<\/strong> wykonan\u0105 z aluminium i wytrzyma\u0142ego tworzywa sztucznego. Obrotowa g\u0142owica u\u0142atwia manewrowanie i czyszczenie ciasnych przestrzeni.<\/p>\n<hr class=\"\" data-start=\"1600\" data-end=\"1603\" \/>\n<p class=\"\" data-start=\"1605\" data-end=\"1720\">\u2693 <strong data-start=\"1607\" data-end=\"1720\">Praktyczne, higieniczne i trwa\u0142e rozwi\u0105zanie dla \u017ceglarzy, podr\u00f3\u017cnik\u00f3w i ka\u017cdego, kto ceni czysto\u015b\u0107 i wygod\u0119.<\/strong><\/p>","protected":false},"excerpt":{"rendered":"<ul>\n<li>Wymienny wk\u0142ad CAMCO z mikrofibry<\/li>\n<li>Do mopa p\u0142askiego, obrotowego.<\/li>\n<li>Ch\u0142onny, trwa\u0142y, nie zostawia smug.<\/li>\n<li>Pasuje do ko\u0144c\u00f3wki CAMCO i kij\u00f3w z systemem zatrzaskowym.<\/li>\n<\/ul>","protected":false},"featured_media":4452,"template":"","meta":{"_acf_changed":false},"product_brand":[],"product_cat":[115,114],"product_tag":[1131,1130,1132,1118,1119,1133,1128,1079,1065,1127,1134,1129],"class_list":{"0":"post-5823","1":"product","2":"type-product","3":"status-publish","4":"has-post-thumbnail","6":"product_cat-uchwyty-teleskopowe-wymienne-koncowki","7":"product_cat-camco","8":"product_tag-akcesoria-do-czyszczenia-lodzi","9":"product_tag-koncowka-do-mopa-camco","10":"product_tag-mikrofibra-camco","11":"product_tag-mop-do-jachtu","12":"product_tag-mop-do-kampera","13":"product_tag-nakladka-mopujaca","14":"product_tag-nakladka-z-mikrofibry","15":"product_tag-sprzet-serwisowy","16":"product_tag-system-camco","17":"product_tag-wklad-mop-camco","18":"product_tag-wklad-wymienny","19":"product_tag-zapasowy-wklad-mop","21":"first","22":"instock","23":"taxable","24":"shipping-taxable","25":"purchasable","26":"product-type-simple"},"acf":[],"yoast_head":"<!-- This site is optimized with the Yoast SEO plugin v25.2 - https:\/\/yoast.com\/wordpress\/plugins\/seo\/ -->\n<title>Wymienny wk\u0142ad z mikrofibry - Atana<\/title>\n<meta name=\"description\" content=\"Zapasowy wk\u0142ad CAMCO z mikrofibry \u2013 do mopa z obrotow\u0105 g\u0142owic\u0105. Ch\u0142onny, trwa\u0142y i \u0142atwy w czyszczeniu. Pasuje do kij\u00f3w CAMCO.\" \/>\n<meta name=\"robots\" content=\"index, follow, max-snippet:-1, max-image-preview:large, max-video-preview:-1\" \/>\n<link rel=\"canonical\" href=\"https:\/\/atana.pl\/en\/online-shop\/camco\/wymienny-wklad-z-mikrofibry\/\" \/>\n<meta property=\"og:locale\" content=\"en_GB\" \/>\n<meta property=\"og:type\" content=\"article\" \/>\n<meta property=\"og:title\" content=\"Wymienny wk\u0142ad z mikrofibry - Atana\" \/>\n<meta property=\"og:description\" content=\"Zapasowy wk\u0142ad CAMCO z mikrofibry \u2013 do mopa z obrotow\u0105 g\u0142owic\u0105. Ch\u0142onny, trwa\u0142y i \u0142atwy w czyszczeniu. Pasuje do kij\u00f3w CAMCO.\" \/>\n<meta property=\"og:url\" content=\"https:\/\/atana.pl\/en\/online-shop\/camco\/wymienny-wklad-z-mikrofibry\/\" \/>\n<meta property=\"og:site_name\" content=\"Atana\" \/>\n<meta property=\"article:publisher\" content=\"https:\/\/www.facebook.com\/atanayachts\" \/>\n<meta property=\"article:modified_time\" content=\"2025-05-10T16:02:10+00:00\" \/>\n<meta property=\"og:image\" content=\"https:\/\/atana.pl\/wp-content\/uploads\/2024\/04\/41950_1-Z.jpg\" \/>\n\t<meta property=\"og:image:width\" content=\"900\" \/>\n\t<meta property=\"og:image:height\" content=\"900\" \/>\n\t<meta property=\"og:image:type\" content=\"image\/jpeg\" \/>\n<meta name=\"twitter:card\" content=\"summary_large_image\" \/>\n<meta name=\"twitter:label1\" content=\"Estimated reading time\" \/>\n\t<meta name=\"twitter:data1\" content=\"1 minute\" \/>\n<script type=\"application\/ld+json\" class=\"yoast-schema-graph\">{\"@context\":\"https:\/\/schema.org\",\"@graph\":[{\"@type\":\"WebPage\",\"@id\":\"https:\/\/atana.pl\/sklep-on-line\/camco\/wymienny-wklad-z-mikrofibry\/\",\"url\":\"https:\/\/atana.pl\/sklep-on-line\/camco\/wymienny-wklad-z-mikrofibry\/\",\"name\":\"Wymienny wk\u0142ad z mikrofibry - Atana\",\"isPartOf\":{\"@id\":\"https:\/\/atana.pl\/#website\"},\"primaryImageOfPage\":{\"@id\":\"https:\/\/atana.pl\/sklep-on-line\/camco\/wymienny-wklad-z-mikrofibry\/#primaryimage\"},\"image\":{\"@id\":\"https:\/\/atana.pl\/sklep-on-line\/camco\/wymienny-wklad-z-mikrofibry\/#primaryimage\"},\"thumbnailUrl\":\"https:\/\/atana.pl\/wp-content\/uploads\/2024\/04\/41950_1-Z.jpg\",\"datePublished\":\"2013-01-27T11:16:48+00:00\",\"dateModified\":\"2025-05-10T16:02:10+00:00\",\"description\":\"Zapasowy wk\u0142ad CAMCO z mikrofibry \u2013 do mopa z obrotow\u0105 g\u0142owic\u0105. Ch\u0142onny, trwa\u0142y i \u0142atwy w czyszczeniu. Pasuje do kij\u00f3w CAMCO.\",\"breadcrumb\":{\"@id\":\"https:\/\/atana.pl\/sklep-on-line\/camco\/wymienny-wklad-z-mikrofibry\/#breadcrumb\"},\"inLanguage\":\"en-GB\",\"potentialAction\":[{\"@type\":\"ReadAction\",\"target\":[\"https:\/\/atana.pl\/sklep-on-line\/camco\/wymienny-wklad-z-mikrofibry\/\"]}]},{\"@type\":\"ImageObject\",\"inLanguage\":\"en-GB\",\"@id\":\"https:\/\/atana.pl\/sklep-on-line\/camco\/wymienny-wklad-z-mikrofibry\/#primaryimage\",\"url\":\"https:\/\/atana.pl\/wp-content\/uploads\/2024\/04\/41950_1-Z.jpg\",\"contentUrl\":\"https:\/\/atana.pl\/wp-content\/uploads\/2024\/04\/41950_1-Z.jpg\",\"width\":900,\"height\":900,\"caption\":\"Wymienny wk\u0142ad z mikrofibry\"},{\"@type\":\"BreadcrumbList\",\"@id\":\"https:\/\/atana.pl\/sklep-on-line\/camco\/wymienny-wklad-z-mikrofibry\/#breadcrumb\",\"itemListElement\":[{\"@type\":\"ListItem\",\"position\":1,\"name\":\"Strona g\u0142\u00f3wna\",\"item\":\"https:\/\/atana.pl\/\"},{\"@type\":\"ListItem\",\"position\":2,\"name\":\"Sklep on-line\",\"item\":\"https:\/\/atana.pl\/sklep-on-line\/\"},{\"@type\":\"ListItem\",\"position\":3,\"name\":\"Wymienny wk\u0142ad z mikrofibry\"}]},{\"@type\":\"WebSite\",\"@id\":\"https:\/\/atana.pl\/#website\",\"url\":\"https:\/\/atana.pl\/\",\"name\":\"Atana\",\"description\":\"Akcesoria do \u0142odzi, kamper\u00f3w i przyczep. \u0141odzie motorowe\",\"publisher\":{\"@id\":\"https:\/\/atana.pl\/#organization\"},\"potentialAction\":[{\"@type\":\"SearchAction\",\"target\":{\"@type\":\"EntryPoint\",\"urlTemplate\":\"https:\/\/atana.pl\/?s={search_term_string}\"},\"query-input\":{\"@type\":\"PropertyValueSpecification\",\"valueRequired\":true,\"valueName\":\"search_term_string\"}}],\"inLanguage\":\"en-GB\"},{\"@type\":\"Organization\",\"@id\":\"https:\/\/atana.pl\/#organization\",\"name\":\"Atana\",\"url\":\"https:\/\/atana.pl\/\",\"logo\":{\"@type\":\"ImageObject\",\"inLanguage\":\"en-GB\",\"@id\":\"https:\/\/atana.pl\/#\/schema\/logo\/image\/\",\"url\":\"\",\"contentUrl\":\"\",\"caption\":\"Atana\"},\"image\":{\"@id\":\"https:\/\/atana.pl\/#\/schema\/logo\/image\/\"},\"sameAs\":[\"https:\/\/www.facebook.com\/atanayachts\",\"https:\/\/www.instagram.com\/atanaboats\/\",\"https:\/\/www.youtube.com\/channel\/UClMMmVqqx17in9QzgxK90Mw\"]}]}<\/script>\n<!-- \/ Yoast SEO plugin. -->","yoast_head_json":{"title":"Wymienny wk\u0142ad z mikrofibry - Atana","description":"Zapasowy wk\u0142ad CAMCO z mikrofibry \u2013 do mopa z obrotow\u0105 g\u0142owic\u0105. Ch\u0142onny, trwa\u0142y i \u0142atwy w czyszczeniu. Pasuje do kij\u00f3w CAMCO.","robots":{"index":"index","follow":"follow","max-snippet":"max-snippet:-1","max-image-preview":"max-image-preview:large","max-video-preview":"max-video-preview:-1"},"canonical":"https:\/\/atana.pl\/en\/online-shop\/camco\/wymienny-wklad-z-mikrofibry\/","og_locale":"en_GB","og_type":"article","og_title":"Wymienny wk\u0142ad z mikrofibry - Atana","og_description":"Zapasowy wk\u0142ad CAMCO z mikrofibry \u2013 do mopa z obrotow\u0105 g\u0142owic\u0105. Ch\u0142onny, trwa\u0142y i \u0142atwy w czyszczeniu. Pasuje do kij\u00f3w CAMCO.","og_url":"https:\/\/atana.pl\/en\/online-shop\/camco\/wymienny-wklad-z-mikrofibry\/","og_site_name":"Atana","article_publisher":"https:\/\/www.facebook.com\/atanayachts","article_modified_time":"2025-05-10T16:02:10+00:00","og_image":[{"width":900,"height":900,"url":"https:\/\/atana.pl\/wp-content\/uploads\/2024\/04\/41950_1-Z.jpg","type":"image\/jpeg"}],"twitter_card":"summary_large_image","twitter_misc":{"Estimated reading time":"1 minute"},"schema":{"@context":"https:\/\/schema.org","@graph":[{"@type":"WebPage","@id":"https:\/\/atana.pl\/sklep-on-line\/camco\/wymienny-wklad-z-mikrofibry\/","url":"https:\/\/atana.pl\/sklep-on-line\/camco\/wymienny-wklad-z-mikrofibry\/","name":"Wymienny wk\u0142ad z mikrofibry - Atana","isPartOf":{"@id":"https:\/\/atana.pl\/#website"},"primaryImageOfPage":{"@id":"https:\/\/atana.pl\/sklep-on-line\/camco\/wymienny-wklad-z-mikrofibry\/#primaryimage"},"image":{"@id":"https:\/\/atana.pl\/sklep-on-line\/camco\/wymienny-wklad-z-mikrofibry\/#primaryimage"},"thumbnailUrl":"https:\/\/atana.pl\/wp-content\/uploads\/2024\/04\/41950_1-Z.jpg","datePublished":"2013-01-27T11:16:48+00:00","dateModified":"2025-05-10T16:02:10+00:00","description":"Zapasowy wk\u0142ad CAMCO z mikrofibry \u2013 do mopa z obrotow\u0105 g\u0142owic\u0105. Ch\u0142onny, trwa\u0142y i \u0142atwy w czyszczeniu. Pasuje do kij\u00f3w CAMCO.","breadcrumb":{"@id":"https:\/\/atana.pl\/sklep-on-line\/camco\/wymienny-wklad-z-mikrofibry\/#breadcrumb"},"inLanguage":"en-GB","potentialAction":[{"@type":"ReadAction","target":["https:\/\/atana.pl\/sklep-on-line\/camco\/wymienny-wklad-z-mikrofibry\/"]}]},{"@type":"ImageObject","inLanguage":"en-GB","@id":"https:\/\/atana.pl\/sklep-on-line\/camco\/wymienny-wklad-z-mikrofibry\/#primaryimage","url":"https:\/\/atana.pl\/wp-content\/uploads\/2024\/04\/41950_1-Z.jpg","contentUrl":"https:\/\/atana.pl\/wp-content\/uploads\/2024\/04\/41950_1-Z.jpg","width":900,"height":900,"caption":"Wymienny wk\u0142ad z mikrofibry"},{"@type":"BreadcrumbList","@id":"https:\/\/atana.pl\/sklep-on-line\/camco\/wymienny-wklad-z-mikrofibry\/#breadcrumb","itemListElement":[{"@type":"ListItem","position":1,"name":"Strona g\u0142\u00f3wna","item":"https:\/\/atana.pl\/"},{"@type":"ListItem","position":2,"name":"Sklep on-line","item":"https:\/\/atana.pl\/sklep-on-line\/"},{"@type":"ListItem","position":3,"name":"Wymienny wk\u0142ad z mikrofibry"}]},{"@type":"WebSite","@id":"https:\/\/atana.pl\/#website","url":"https:\/\/atana.pl\/","name":"Atana","description":"Akcesoria do \u0142odzi, kamper\u00f3w i przyczep. \u0141odzie motorowe","publisher":{"@id":"https:\/\/atana.pl\/#organization"},"potentialAction":[{"@type":"SearchAction","target":{"@type":"EntryPoint","urlTemplate":"https:\/\/atana.pl\/?s={search_term_string}"},"query-input":{"@type":"PropertyValueSpecification","valueRequired":true,"valueName":"search_term_string"}}],"inLanguage":"en-GB"},{"@type":"Organization","@id":"https:\/\/atana.pl\/#organization","name":"Atana","url":"https:\/\/atana.pl\/","logo":{"@type":"ImageObject","inLanguage":"en-GB","@id":"https:\/\/atana.pl\/#\/schema\/logo\/image\/","url":"","contentUrl":"","caption":"Atana"},"image":{"@id":"https:\/\/atana.pl\/#\/schema\/logo\/image\/"},"sameAs":["https:\/\/www.facebook.com\/atanayachts","https:\/\/www.instagram.com\/atanaboats\/","https:\/\/www.youtube.com\/channel\/UClMMmVqqx17in9QzgxK90Mw"]}]}},"_links":{"self":[{"href":"https:\/\/atana.pl\/en\/wp-json\/wp\/v2\/product\/5823","targetHints":{"allow":["GET"]}}],"collection":[{"href":"https:\/\/atana.pl\/en\/wp-json\/wp\/v2\/product"}],"about":[{"href":"https:\/\/atana.pl\/en\/wp-json\/wp\/v2\/types\/product"}],"wp:featuredmedia":[{"embeddable":true,"href":"https:\/\/atana.pl\/en\/wp-json\/wp\/v2\/media\/4452"}],"wp:attachment":[{"href":"https:\/\/atana.pl\/en\/wp-json\/wp\/v2\/media?parent=5823"}],"wp:term":[{"taxonomy":"product_brand","embeddable":true,"href":"https:\/\/atana.pl\/en\/wp-json\/wp\/v2\/product_brand?post=5823"},{"taxonomy":"product_cat","embeddable":true,"href":"https:\/\/atana.pl\/en\/wp-json\/wp\/v2\/product_cat?post=5823"},{"taxonomy":"product_tag","embeddable":true,"href":"https:\/\/atana.pl\/en\/wp-json\/wp\/v2\/product_tag?post=5823"}],"curies":[{"name":"wp","href":"https:\/\/api.w.org\/{rel}","templated":true}]}}