{"id":5805,"date":"2016-01-27T12:16:48","date_gmt":"2016-01-27T11:16:48","guid":{"rendered":"https:\/\/atana.pl\/sklep-on-line\/wioslo\/"},"modified":"2025-05-10T18:34:41","modified_gmt":"2025-05-10T16:34:41","slug":"wioslo","status":"publish","type":"product","link":"https:\/\/atana.pl\/en\/online-shop\/camco\/wioslo\/","title":{"rendered":"Paddle - CAMCO stick tip"},"content":{"rendered":"<h2 class=\"\" data-start=\"145\" data-end=\"200\">\ud83d\udea3\u200d\u2642\ufe0f Wios\u0142o CAMCO \u2013 lekkie, wytrzyma\u0142e i kompaktowe<\/h2>\n<p class=\"\" data-start=\"202\" data-end=\"503\">Wios\u0142o CAMCO to praktyczna ko\u0144c\u00f3wka montowana na kijach CAMCO, idealna jako awaryjne wios\u0142o na pok\u0142ad, do pontonu lub jako narz\u0119dzie pomocnicze przy manewrowaniu w porcie. Wykonane z <strong data-start=\"385\" data-end=\"440\">aluminium i bardzo wytrzyma\u0142ego tworzywa sztucznego<\/strong>, \u0142\u0105czy w sobie lekko\u015b\u0107, trwa\u0142o\u015b\u0107 i bezpiecze\u0144stwo u\u017cytkowania.<\/p>\n<p class=\"\" data-start=\"505\" data-end=\"752\">Dzi\u0119ki systemowi zatrzaskowemu CAMCO mo\u017cna je b\u0142yskawicznie po\u0142\u0105czy\u0107 z ka\u017cdym kompatybilnym kijem \u2013 zar\u00f3wno sta\u0142ym, jak i teleskopowym. Po z\u0142o\u017ceniu zajmuje bardzo ma\u0142o miejsca, wi\u0119c z \u0142atwo\u015bci\u0105 mie\u015bci si\u0119 w baki\u015bcie, schowku lub torbie serwisowej.<\/p>\n<hr class=\"\" data-start=\"1486\" data-end=\"1489\" \/>\n<h3 class=\"\" data-start=\"1550\" data-end=\"1607\">\ud83e\udde9 Do ko\u0144c\u00f3wki <span style=\"font-size: 16px;\">nale\u017cy dokupi\u0107 jeden z uchwyt\u00f3w CAMCO:<\/span><\/h3>\n<div style=\"display: flex; flex-wrap: wrap; gap: 20px; justify-content: flex-start;\">\n<div style=\"width: 100px; text-align: center;\"><a href=\"https:\/\/atana.pl\/en\/online-shop\/camco\/raczka-61-cm\/\" target=\"_blank\" rel=\"noopener\"><br \/>\n<img decoding=\"async\" style=\"object-fit: contain;\" src=\"https:\/\/atana.pl\/wp-content\/uploads\/1967\/01\/Kij63.png\" alt=\"Kij 63\" width=\"100\" height=\"81\" \/><br \/>\n<\/a><\/p>\n<div style=\"font-size: 12px; margin-top: 5px;\"><a href=\"https:\/\/atana.pl\/en\/online-shop\/camco\/raczka-61-cm\/\">Kij <strong>62 cm<\/strong><\/a><\/div>\n<\/div>\n<div style=\"width: 100px; text-align: center;\"><a href=\"https:\/\/atana.pl\/en\/online-shop\/camco\/raczka-123-cm\/\" target=\"_blank\" rel=\"noopener\"><br \/>\n<img decoding=\"async\" style=\"object-fit: contain;\" src=\"https:\/\/atana.pl\/wp-content\/uploads\/1967\/01\/Kij123.png\" alt=\"Kij 123\" width=\"100\" height=\"81\" \/><br \/>\n<\/a><\/p>\n<div style=\"font-size: 12px; margin-top: 5px;\"><a href=\"https:\/\/atana.pl\/en\/online-shop\/camco\/raczka-123-cm\/\">Kij <strong>123 cm<\/strong><\/a><\/div>\n<\/div>\n<div style=\"width: 100px; text-align: center;\"><a href=\"https:\/\/atana.pl\/en\/online-shop\/camco\/wielofunkcyjny-uchwyt-teleskopowy\/\" target=\"_blank\" rel=\"noopener\"><br \/>\n<img decoding=\"async\" style=\"object-fit: contain;\" src=\"https:\/\/atana.pl\/wp-content\/uploads\/1967\/01\/Kij73_123.png\" alt=\"Kij 73-123\" width=\"100\" height=\"81\" \/><br \/>\n<\/a><\/p>\n<div style=\"font-size: 12px; margin-top: 5px;\"><a href=\"https:\/\/atana.pl\/en\/online-shop\/camco\/wielofunkcyjny-uchwyt-teleskopowy\/\">Kij teleskopowy <strong>73\u2013123 cm<\/strong><\/a><\/div>\n<\/div>\n<div style=\"width: 100px; text-align: center;\"><a href=\"https:\/\/atana.pl\/en\/online-shop\/camco\/telescopic-handle-105cm-184cm\/\" target=\"_blank\" rel=\"noopener\"><br \/>\n<img loading=\"lazy\" decoding=\"async\" style=\"object-fit: contain;\" src=\"https:\/\/atana.pl\/wp-content\/uploads\/1967\/01\/Kij105_184.png\" alt=\"Kij 105-184\" width=\"100\" height=\"81\" \/><br \/>\n<\/a><\/p>\n<div style=\"font-size: 12px; margin-top: 5px;\"><a href=\"https:\/\/atana.pl\/en\/online-shop\/camco\/telescopic-handle-105cm-184cm\/\">Kij teleskopowy <strong>105\u2013184 cm<\/strong><\/a><\/div>\n<\/div>\n<div style=\"width: 100px; text-align: center;\"><a href=\"https:\/\/atana.pl\/en\/online-shop\/camco\/raczka-teleskopowa-154cm-275cm\/\" target=\"_blank\" rel=\"noopener\"><br \/>\n<img loading=\"lazy\" decoding=\"async\" style=\"object-fit: contain;\" src=\"https:\/\/atana.pl\/wp-content\/uploads\/1967\/01\/Kij154_275.png\" alt=\"Kij 154-275\" width=\"100\" height=\"81\" \/><br \/>\n<\/a><\/p>\n<div style=\"font-size: 12px; margin-top: 5px;\"><a href=\"https:\/\/atana.pl\/en\/online-shop\/camco\/raczka-teleskopowa-154cm-275cm\/\">Kij teleskopowy <strong>154\u2013275 cm<\/strong><\/a><\/div>\n<\/div>\n<\/div>\n<p data-start=\"1550\" data-end=\"1607\"><span style=\"font-size: 16px;\">Ka\u017cdy kij CAMCO wykonany jest z lekkiego, nierdzewnego aluminium, posiada profil w kszta\u0142cie kropli wody (dla sztywno\u015bci), gumowe uchwyty i system zatrzaskowy, kt\u00f3ry nie sk\u0142ada si\u0119 podczas u\u017cytkowania. Kije s\u0105 <\/span><strong style=\"font-size: 16px;\" data-start=\"1936\" data-end=\"1949\">p\u0142ywaj\u0105ce<\/strong><span style=\"font-size: 16px;\">.<\/span><\/p>\n<h3 class=\"\" data-start=\"2261\" data-end=\"2296\">\ud83e\udde9 Possibility to expand the set:<\/h3>\n<p data-start=\"1490\" data-end=\"1560\">Posiadaj\u0105c jeden kij, mo\u017cna rozbudowa\u0107 zestaw o wiele r\u00f3\u017cnych ko\u0144c\u00f3wek:<\/p>\n<h4>Dodatkowe szczotki:<\/h4>\n<div style=\"display: flex; flex-wrap: wrap; gap: 20px; justify-content: flex-start;\">\n<div style=\"width: 100px; text-align: center;\"><a href=\"https:\/\/link-do-produktu-1\" target=\"_blank\" rel=\"noopener\"><br \/>\n<\/a><a href=\"https:\/\/atana.pl\/en\/online-shop\/camco\/szczotka-bardzo-miekka-xs\/\" target=\"_blank\" rel=\"noopener\"><img loading=\"lazy\" decoding=\"async\" class=\"alignnone\" style=\"object-fit: contain;\" src=\"https:\/\/atana.pl\/wp-content\/uploads\/2022\/04\/Bardzo-miekka_XS.png\" alt=\"Very soft - XS\" width=\"100\" height=\"81\" \/><\/a><\/p>\n<div style=\"font-size: 12px; margin-top: 5px;\"><a href=\"https:\/\/atana.pl\/en\/online-shop\/camco\/szczotka-bardzo-miekka-xs\/\">B. soft <strong>XS<\/strong><\/a><\/div>\n<\/div>\n<div style=\"width: 100px; text-align: center;\"><a href=\"https:\/\/atana.pl\/en\/online-shop\/camco\/szczotka-miekka-s\/\" target=\"_blank\" rel=\"noopener\"><br \/>\n<img loading=\"lazy\" decoding=\"async\" style=\"object-fit: contain;\" src=\"https:\/\/atana.pl\/wp-content\/uploads\/2022\/04\/Miekka_S.png\" alt=\"Soft brush\" width=\"100\" height=\"81\" \/><br \/>\n<\/a><\/p>\n<div style=\"font-size: 12px; margin-top: 5px;\"><a href=\"https:\/\/atana.pl\/en\/online-shop\/camco\/szczotka-miekka-s\/\">Soft <strong>S<\/strong><\/a><\/div>\n<\/div>\n<div style=\"width: 100px; text-align: center;\"><a href=\"https:\/\/atana.pl\/en\/online-shop\/camco\/szczotka-srednia-m\/\" target=\"_blank\" rel=\"noopener\"><br \/>\n<img loading=\"lazy\" decoding=\"async\" style=\"object-fit: contain;\" src=\"https:\/\/atana.pl\/wp-content\/uploads\/2022\/04\/Srednia_M.png\" alt=\"Medium brush\" width=\"100\" height=\"81\" \/><br \/>\n<\/a><\/p>\n<div style=\"font-size: 12px; margin-top: 5px;\"><a href=\"https:\/\/atana.pl\/en\/online-shop\/camco\/szczotka-srednia-m\/\">Average<strong> M<\/strong><\/a><\/div>\n<\/div>\n<div style=\"width: 100px; text-align: center;\"><a href=\"https:\/\/atana.pl\/en\/online-shop\/camco\/szczotka-twarda-x\/\" target=\"_blank\" rel=\"noopener\"><br \/>\n<img loading=\"lazy\" decoding=\"async\" style=\"object-fit: contain;\" src=\"https:\/\/atana.pl\/wp-content\/uploads\/2022\/04\/Twarda_X.png\" alt=\"Hard brush\" width=\"100\" height=\"81\" \/><br \/>\n<\/a><\/p>\n<div style=\"font-size: 12px; margin-top: 5px;\"><a href=\"https:\/\/atana.pl\/en\/online-shop\/camco\/szczotka-twarda-x\/\">Hard <strong>X<\/strong><\/a><\/div>\n<\/div>\n<\/div>\n<h4><span style=\"font-size: 16px;\">Mops:<\/span><\/h4>\n<div style=\"display: flex; flex-wrap: wrap; gap: 20px; justify-content: flex-start;\">\n<div style=\"width: 100px; text-align: center;\"><a href=\"https:\/\/atana.pl\/en\/online-shop\/camco\/obrotowa-koncowka-do-mycia-z-mikrofibry\/\" target=\"_blank\" rel=\"noopener\"><br \/>\n<img loading=\"lazy\" decoding=\"async\" style=\"object-fit: contain;\" src=\"https:\/\/atana.pl\/wp-content\/uploads\/1967\/01\/Mikrofibra.png\" alt=\"Microfibre mop\" width=\"100\" height=\"81\" \/><br \/>\n<\/a><\/p>\n<div style=\"font-size: 12px; margin-top: 5px;\"><a href=\"https:\/\/atana.pl\/en\/online-shop\/camco\/obrotowa-koncowka-do-mycia-z-mikrofibry\/\">Microfibre mop<\/a><\/div>\n<\/div>\n<div style=\"width: 100px; text-align: center;\"><a href=\"https:\/\/atana.pl\/en\/online-shop\/camco\/obrotowa-koncowka-do-mycia-z-welny-syntetycznej\/\" target=\"_blank\" rel=\"noopener\"><br \/>\n<img loading=\"lazy\" decoding=\"async\" style=\"object-fit: contain;\" src=\"https:\/\/atana.pl\/wp-content\/uploads\/1967\/01\/Welna-syntetyczna.png\" alt=\"Synthetic wool mop\" width=\"100\" height=\"81\" \/><br \/>\n<\/a><\/p>\n<div style=\"font-size: 12px; margin-top: 5px;\"><a href=\"https:\/\/atana.pl\/en\/online-shop\/camco\/obrotowa-koncowka-do-mycia-z-welny-syntetycznej\/\">Synthetic wool mop<\/a><\/div>\n<\/div>\n<div style=\"width: 100px; text-align: center;\"><a href=\"https:\/\/atana.pl\/en\/online-shop\/camco\/mop\/\" target=\"_blank\" rel=\"noopener\"><br \/>\n<img loading=\"lazy\" decoding=\"async\" style=\"object-fit: contain;\" src=\"https:\/\/atana.pl\/wp-content\/uploads\/1967\/01\/Mop-z-paskow.png\" alt=\"Striped mop\" width=\"100\" height=\"81\" \/><br \/>\n<\/a><\/p>\n<div style=\"font-size: 12px; margin-top: 5px;\"><a href=\"https:\/\/atana.pl\/en\/online-shop\/camco\/mop\/\">Striped mop<\/a><\/div>\n<\/div>\n<\/div>\n<h4>Boat accessories and fishing accessories:<\/h4>\n<div style=\"display: flex; flex-wrap: wrap; gap: 20px; justify-content: flex-start;\">\n<div style=\"width: 100px; text-align: center;\"><a href=\"https:\/\/atana.pl\/en\/online-shop\/camco\/podbierak\/\" target=\"_blank\" rel=\"noopener\"><br \/>\n<img loading=\"lazy\" decoding=\"async\" style=\"object-fit: contain;\" src=\"https:\/\/atana.pl\/wp-content\/uploads\/1967\/01\/Podbierak.png\" alt=\"Landing net\" width=\"100\" height=\"81\" \/><br \/>\n<\/a><\/p>\n<div style=\"font-size: 12px; margin-top: 5px;\"><a href=\"https:\/\/atana.pl\/en\/online-shop\/camco\/podbierak\/\">Landing net<\/a><\/div>\n<\/div>\n<div style=\"width: 100px; text-align: center;\"><a href=\"https:\/\/atana.pl\/en\/online-shop\/camco\/sciagaczka-do-wody-reczna-35cm\/\" target=\"_blank\" rel=\"noopener\"><br \/>\n<img loading=\"lazy\" decoding=\"async\" style=\"object-fit: contain;\" src=\"https:\/\/atana.pl\/wp-content\/uploads\/1967\/01\/Sciagaczka-do-wody.png\" alt=\"Water squeegee\" width=\"100\" height=\"81\" \/><br \/>\n<\/a><\/p>\n<div style=\"font-size: 12px; margin-top: 5px;\"><a href=\"https:\/\/atana.pl\/en\/online-shop\/camco\/sciagaczka-do-wody-reczna-35cm\/\">Water squeegee<\/a><\/div>\n<\/div>\n<div style=\"width: 100px; text-align: center;\"><a href=\"https:\/\/atana.pl\/en\/online-shop\/camco\/obrotowy-adapter-do-mocowania-sciagaczki-do-raczki-teleskopowej-camco\/\" target=\"_blank\" rel=\"noopener\"><br \/>\n<img loading=\"lazy\" decoding=\"async\" style=\"object-fit: contain;\" src=\"https:\/\/atana.pl\/wp-content\/uploads\/1967\/01\/Adapter-sciagaczki.png\" alt=\"Wiper adapter\" width=\"100\" height=\"81\" \/><br \/>\n<\/a><\/p>\n<div style=\"font-size: 12px; margin-top: 5px;\"><a href=\"https:\/\/atana.pl\/en\/online-shop\/camco\/obrotowy-adapter-do-mocowania-sciagaczki-do-raczki-teleskopowej-camco\/\">Wiper adapter<\/a><\/div>\n<\/div>\n<div style=\"width: 100px; text-align: center;\"><a href=\"https:\/\/atana.pl\/en\/online-shop\/promotions\/wiadro-prostokatne\/\" target=\"_blank\" rel=\"noopener\"><br \/>\n<img loading=\"lazy\" decoding=\"async\" style=\"object-fit: contain;\" src=\"https:\/\/atana.pl\/wp-content\/uploads\/1967\/01\/Skladane-wiadro.png\" alt=\"Folding bucket\" width=\"100\" height=\"81\" \/><br \/>\n<\/a><\/p>\n<div style=\"font-size: 12px; margin-top: 5px;\"><a href=\"https:\/\/atana.pl\/en\/online-shop\/promotions\/wiadro-prostokatne\/\">Folding bucket<\/a><\/div>\n<\/div>\n<div style=\"width: 100px; text-align: center;\"><a href=\"https:\/\/atana.pl\/en\/online-shop\/camco\/oseka\/\" target=\"_blank\" rel=\"noopener\"><br \/>\n<img loading=\"lazy\" decoding=\"async\" style=\"object-fit: contain;\" src=\"https:\/\/atana.pl\/wp-content\/uploads\/1967\/01\/Oseka.png\" alt=\"Os\u0119ka\" width=\"100\" height=\"81\" \/><br \/>\n<\/a><\/p>\n<div style=\"font-size: 12px; margin-top: 5px;\"><a href=\"https:\/\/atana.pl\/en\/online-shop\/camco\/oseka\/\">Os\u0119ka<\/a><\/div>\n<\/div>\n<div style=\"width: 100px; text-align: center;\"><a href=\"https:\/\/atana.pl\/en\/online-shop\/camco\/bosak\/\" target=\"_blank\" rel=\"noopener\"><br \/>\n<img loading=\"lazy\" decoding=\"async\" style=\"object-fit: contain;\" src=\"https:\/\/atana.pl\/wp-content\/uploads\/1967\/01\/Dodatkowy-bosak.png\" alt=\"Additional barefoot\" width=\"100\" height=\"81\" \/><br \/>\n<\/a><\/p>\n<div style=\"font-size: 12px; margin-top: 5px;\"><a href=\"https:\/\/atana.pl\/en\/online-shop\/camco\/bosak\/\">Additional barefoot<\/a><\/div>\n<\/div>\n<\/div>\n<h4>Snow clearing accessories:<\/h4>\n<div style=\"display: flex; flex-wrap: wrap; gap: 20px; justify-content: flex-start;\">\n<div style=\"width: 100px; text-align: center;\"><a href=\"http:\/\/www.frostguide.com\" target=\"_blank\" rel=\"noopener\"><br \/>\n<img loading=\"lazy\" decoding=\"async\" style=\"object-fit: contain;\" src=\"https:\/\/atana.pl\/wp-content\/uploads\/1967\/01\/Mini-plug.png\" alt=\"Mini plug\" width=\"100\" height=\"81\" \/><br \/>\n<\/a><\/p>\n<div style=\"font-size: 12px; margin-top: 5px;\"><a href=\"\/en\/frostguide.com\/\">Mini plug<\/a><\/div>\n<\/div>\n<div style=\"width: 100px; text-align: center;\"><a href=\"http:\/\/www.frostguide.com\" target=\"_blank\" rel=\"noopener\"><br \/>\n<img loading=\"lazy\" decoding=\"async\" style=\"object-fit: contain;\" src=\"https:\/\/atana.pl\/wp-content\/uploads\/1967\/01\/Grzybek.png\" alt=\"Mushroom\" width=\"100\" height=\"81\" \/><br \/>\n<\/a><\/p>\n<div style=\"font-size: 12px; margin-top: 5px;\"><a href=\"http:\/\/www.frostguide.com\">Mushroom<\/a><\/div>\n<\/div>\n<\/div>\n<hr class=\"\" data-start=\"2098\" data-end=\"2101\" \/>\n<p class=\"\" data-start=\"2103\" data-end=\"2269\">\u2693 <strong data-start=\"2105\" data-end=\"2181\">Solidne, lekkie, niezawodne \u2013 idealne wios\u0142o pomocnicze na ka\u017cdy pok\u0142ad.<\/strong><br data-start=\"2181\" data-end=\"2184\" \/>Dzi\u0119ki systemowi CAMCO szybko zmienisz wios\u0142o na szczotk\u0119, mop lub osprz\u0119t serwisowy.<\/p>","protected":false},"excerpt":{"rendered":"<ul>\n<li>Wios\u0142o CAMCO \u2013 lekkie, trwa\u0142e i wygodne.<\/li>\n<li>Pasuje do kij\u00f3w CAMCO.<\/li>\n<li>Idealne jako wyposa\u017cenie \u0142odzi, pontonu i zestawu wielofunkcyjnego.<\/li>\n<\/ul>","protected":false},"featured_media":4436,"template":"","meta":{"_acf_changed":false},"product_brand":[],"product_cat":[115,114],"product_tag":[1094,1106,1101,1050,1098,1104,1103,1107,1102,1097,1100,1099,1105,844],"class_list":{"0":"post-5805","1":"product","2":"type-product","3":"status-publish","4":"has-post-thumbnail","6":"product_cat-uchwyty-teleskopowe-wymienne-koncowki","7":"product_cat-camco","8":"product_tag-akcesoria-pokladowe","9":"product_tag-akcesoria-wodne","10":"product_tag-awaryjne-wioslo","11":"product_tag-kij-teleskopowy-camco","12":"product_tag-koncowka-wioslo","13":"product_tag-koncowki-camco","14":"product_tag-osprzet-wielofunkcyjny-camco","15":"product_tag-osprzet-zeglarski","16":"product_tag-sprzet-ratunkowy-na-lodz","17":"product_tag-wioslo-camco","18":"product_tag-wioslo-do-jachtu","19":"product_tag-wioslo-do-pontonu","20":"product_tag-wioslo-teleskopowe","21":"product_tag-wyposazenie-lodzi","23":"first","24":"instock","25":"taxable","26":"shipping-taxable","27":"purchasable","28":"product-type-simple"},"acf":[],"yoast_head":"<!-- This site is optimized with the Yoast SEO plugin v25.2 - https:\/\/yoast.com\/wordpress\/plugins\/seo\/ -->\n<title>Wios\u0142o - ko\u0144c\u00f3wka do kija CAMCO - Atana<\/title>\n<meta name=\"description\" content=\"Wios\u0142o CAMCO \u2013 lekkie, wytrzyma\u0142e i kompatybilne z kijami CAMCO. Idealne jako wios\u0142o awaryjne do pontonu, jachtu i zestawu wielofunkcyjnego.\" \/>\n<meta name=\"robots\" content=\"index, follow, max-snippet:-1, max-image-preview:large, max-video-preview:-1\" \/>\n<link rel=\"canonical\" href=\"https:\/\/atana.pl\/en\/online-shop\/camco\/wioslo\/\" \/>\n<meta property=\"og:locale\" content=\"en_GB\" \/>\n<meta property=\"og:type\" content=\"article\" \/>\n<meta property=\"og:title\" content=\"Wios\u0142o - ko\u0144c\u00f3wka do kija CAMCO - Atana\" \/>\n<meta property=\"og:description\" content=\"Wios\u0142o CAMCO \u2013 lekkie, wytrzyma\u0142e i kompatybilne z kijami CAMCO. Idealne jako wios\u0142o awaryjne do pontonu, jachtu i zestawu wielofunkcyjnego.\" \/>\n<meta property=\"og:url\" content=\"https:\/\/atana.pl\/en\/online-shop\/camco\/wioslo\/\" \/>\n<meta property=\"og:site_name\" content=\"Atana\" \/>\n<meta property=\"article:publisher\" content=\"https:\/\/www.facebook.com\/atanayachts\" \/>\n<meta property=\"article:modified_time\" content=\"2025-05-10T16:34:41+00:00\" \/>\n<meta property=\"og:image\" content=\"https:\/\/atana.pl\/wp-content\/uploads\/2024\/04\/41946_1-Z.jpg\" \/>\n\t<meta property=\"og:image:width\" content=\"900\" \/>\n\t<meta property=\"og:image:height\" content=\"900\" \/>\n\t<meta property=\"og:image:type\" content=\"image\/jpeg\" \/>\n<meta name=\"twitter:card\" content=\"summary_large_image\" \/>\n<meta name=\"twitter:label1\" content=\"Estimated reading time\" \/>\n\t<meta name=\"twitter:data1\" content=\"1 minute\" \/>\n<script type=\"application\/ld+json\" class=\"yoast-schema-graph\">{\"@context\":\"https:\/\/schema.org\",\"@graph\":[{\"@type\":\"WebPage\",\"@id\":\"https:\/\/atana.pl\/sklep-on-line\/camco\/wioslo\/\",\"url\":\"https:\/\/atana.pl\/sklep-on-line\/camco\/wioslo\/\",\"name\":\"Wios\u0142o - ko\u0144c\u00f3wka do kija CAMCO - Atana\",\"isPartOf\":{\"@id\":\"https:\/\/atana.pl\/#website\"},\"primaryImageOfPage\":{\"@id\":\"https:\/\/atana.pl\/sklep-on-line\/camco\/wioslo\/#primaryimage\"},\"image\":{\"@id\":\"https:\/\/atana.pl\/sklep-on-line\/camco\/wioslo\/#primaryimage\"},\"thumbnailUrl\":\"https:\/\/atana.pl\/wp-content\/uploads\/2024\/04\/41946_1-Z.jpg\",\"datePublished\":\"2016-01-27T11:16:48+00:00\",\"dateModified\":\"2025-05-10T16:34:41+00:00\",\"description\":\"Wios\u0142o CAMCO \u2013 lekkie, wytrzyma\u0142e i kompatybilne z kijami CAMCO. Idealne jako wios\u0142o awaryjne do pontonu, jachtu i zestawu wielofunkcyjnego.\",\"breadcrumb\":{\"@id\":\"https:\/\/atana.pl\/sklep-on-line\/camco\/wioslo\/#breadcrumb\"},\"inLanguage\":\"en-GB\",\"potentialAction\":[{\"@type\":\"ReadAction\",\"target\":[\"https:\/\/atana.pl\/sklep-on-line\/camco\/wioslo\/\"]}]},{\"@type\":\"ImageObject\",\"inLanguage\":\"en-GB\",\"@id\":\"https:\/\/atana.pl\/sklep-on-line\/camco\/wioslo\/#primaryimage\",\"url\":\"https:\/\/atana.pl\/wp-content\/uploads\/2024\/04\/41946_1-Z.jpg\",\"contentUrl\":\"https:\/\/atana.pl\/wp-content\/uploads\/2024\/04\/41946_1-Z.jpg\",\"width\":900,\"height\":900,\"caption\":\"Wios\u0142o\"},{\"@type\":\"BreadcrumbList\",\"@id\":\"https:\/\/atana.pl\/sklep-on-line\/camco\/wioslo\/#breadcrumb\",\"itemListElement\":[{\"@type\":\"ListItem\",\"position\":1,\"name\":\"Strona g\u0142\u00f3wna\",\"item\":\"https:\/\/atana.pl\/\"},{\"@type\":\"ListItem\",\"position\":2,\"name\":\"Sklep on-line\",\"item\":\"https:\/\/atana.pl\/sklep-on-line\/\"},{\"@type\":\"ListItem\",\"position\":3,\"name\":\"Wios\u0142o &#8211; ko\u0144c\u00f3wka do kija CAMCO\"}]},{\"@type\":\"WebSite\",\"@id\":\"https:\/\/atana.pl\/#website\",\"url\":\"https:\/\/atana.pl\/\",\"name\":\"Atana\",\"description\":\"Akcesoria do \u0142odzi, kamper\u00f3w i przyczep. \u0141odzie motorowe\",\"publisher\":{\"@id\":\"https:\/\/atana.pl\/#organization\"},\"potentialAction\":[{\"@type\":\"SearchAction\",\"target\":{\"@type\":\"EntryPoint\",\"urlTemplate\":\"https:\/\/atana.pl\/?s={search_term_string}\"},\"query-input\":{\"@type\":\"PropertyValueSpecification\",\"valueRequired\":true,\"valueName\":\"search_term_string\"}}],\"inLanguage\":\"en-GB\"},{\"@type\":\"Organization\",\"@id\":\"https:\/\/atana.pl\/#organization\",\"name\":\"Atana\",\"url\":\"https:\/\/atana.pl\/\",\"logo\":{\"@type\":\"ImageObject\",\"inLanguage\":\"en-GB\",\"@id\":\"https:\/\/atana.pl\/#\/schema\/logo\/image\/\",\"url\":\"\",\"contentUrl\":\"\",\"caption\":\"Atana\"},\"image\":{\"@id\":\"https:\/\/atana.pl\/#\/schema\/logo\/image\/\"},\"sameAs\":[\"https:\/\/www.facebook.com\/atanayachts\",\"https:\/\/www.instagram.com\/atanaboats\/\",\"https:\/\/www.youtube.com\/channel\/UClMMmVqqx17in9QzgxK90Mw\"]}]}<\/script>\n<!-- \/ Yoast SEO plugin. -->","yoast_head_json":{"title":"Wios\u0142o - ko\u0144c\u00f3wka do kija CAMCO - Atana","description":"Wios\u0142o CAMCO \u2013 lekkie, wytrzyma\u0142e i kompatybilne z kijami CAMCO. Idealne jako wios\u0142o awaryjne do pontonu, jachtu i zestawu wielofunkcyjnego.","robots":{"index":"index","follow":"follow","max-snippet":"max-snippet:-1","max-image-preview":"max-image-preview:large","max-video-preview":"max-video-preview:-1"},"canonical":"https:\/\/atana.pl\/en\/online-shop\/camco\/wioslo\/","og_locale":"en_GB","og_type":"article","og_title":"Wios\u0142o - ko\u0144c\u00f3wka do kija CAMCO - Atana","og_description":"Wios\u0142o CAMCO \u2013 lekkie, wytrzyma\u0142e i kompatybilne z kijami CAMCO. Idealne jako wios\u0142o awaryjne do pontonu, jachtu i zestawu wielofunkcyjnego.","og_url":"https:\/\/atana.pl\/en\/online-shop\/camco\/wioslo\/","og_site_name":"Atana","article_publisher":"https:\/\/www.facebook.com\/atanayachts","article_modified_time":"2025-05-10T16:34:41+00:00","og_image":[{"width":900,"height":900,"url":"https:\/\/atana.pl\/wp-content\/uploads\/2024\/04\/41946_1-Z.jpg","type":"image\/jpeg"}],"twitter_card":"summary_large_image","twitter_misc":{"Estimated reading time":"1 minute"},"schema":{"@context":"https:\/\/schema.org","@graph":[{"@type":"WebPage","@id":"https:\/\/atana.pl\/sklep-on-line\/camco\/wioslo\/","url":"https:\/\/atana.pl\/sklep-on-line\/camco\/wioslo\/","name":"Wios\u0142o - ko\u0144c\u00f3wka do kija CAMCO - Atana","isPartOf":{"@id":"https:\/\/atana.pl\/#website"},"primaryImageOfPage":{"@id":"https:\/\/atana.pl\/sklep-on-line\/camco\/wioslo\/#primaryimage"},"image":{"@id":"https:\/\/atana.pl\/sklep-on-line\/camco\/wioslo\/#primaryimage"},"thumbnailUrl":"https:\/\/atana.pl\/wp-content\/uploads\/2024\/04\/41946_1-Z.jpg","datePublished":"2016-01-27T11:16:48+00:00","dateModified":"2025-05-10T16:34:41+00:00","description":"Wios\u0142o CAMCO \u2013 lekkie, wytrzyma\u0142e i kompatybilne z kijami CAMCO. Idealne jako wios\u0142o awaryjne do pontonu, jachtu i zestawu wielofunkcyjnego.","breadcrumb":{"@id":"https:\/\/atana.pl\/sklep-on-line\/camco\/wioslo\/#breadcrumb"},"inLanguage":"en-GB","potentialAction":[{"@type":"ReadAction","target":["https:\/\/atana.pl\/sklep-on-line\/camco\/wioslo\/"]}]},{"@type":"ImageObject","inLanguage":"en-GB","@id":"https:\/\/atana.pl\/sklep-on-line\/camco\/wioslo\/#primaryimage","url":"https:\/\/atana.pl\/wp-content\/uploads\/2024\/04\/41946_1-Z.jpg","contentUrl":"https:\/\/atana.pl\/wp-content\/uploads\/2024\/04\/41946_1-Z.jpg","width":900,"height":900,"caption":"Wios\u0142o"},{"@type":"BreadcrumbList","@id":"https:\/\/atana.pl\/sklep-on-line\/camco\/wioslo\/#breadcrumb","itemListElement":[{"@type":"ListItem","position":1,"name":"Strona g\u0142\u00f3wna","item":"https:\/\/atana.pl\/"},{"@type":"ListItem","position":2,"name":"Sklep on-line","item":"https:\/\/atana.pl\/sklep-on-line\/"},{"@type":"ListItem","position":3,"name":"Wios\u0142o &#8211; ko\u0144c\u00f3wka do kija CAMCO"}]},{"@type":"WebSite","@id":"https:\/\/atana.pl\/#website","url":"https:\/\/atana.pl\/","name":"Atana","description":"Akcesoria do \u0142odzi, kamper\u00f3w i przyczep. \u0141odzie motorowe","publisher":{"@id":"https:\/\/atana.pl\/#organization"},"potentialAction":[{"@type":"SearchAction","target":{"@type":"EntryPoint","urlTemplate":"https:\/\/atana.pl\/?s={search_term_string}"},"query-input":{"@type":"PropertyValueSpecification","valueRequired":true,"valueName":"search_term_string"}}],"inLanguage":"en-GB"},{"@type":"Organization","@id":"https:\/\/atana.pl\/#organization","name":"Atana","url":"https:\/\/atana.pl\/","logo":{"@type":"ImageObject","inLanguage":"en-GB","@id":"https:\/\/atana.pl\/#\/schema\/logo\/image\/","url":"","contentUrl":"","caption":"Atana"},"image":{"@id":"https:\/\/atana.pl\/#\/schema\/logo\/image\/"},"sameAs":["https:\/\/www.facebook.com\/atanayachts","https:\/\/www.instagram.com\/atanaboats\/","https:\/\/www.youtube.com\/channel\/UClMMmVqqx17in9QzgxK90Mw"]}]}},"_links":{"self":[{"href":"https:\/\/atana.pl\/en\/wp-json\/wp\/v2\/product\/5805","targetHints":{"allow":["GET"]}}],"collection":[{"href":"https:\/\/atana.pl\/en\/wp-json\/wp\/v2\/product"}],"about":[{"href":"https:\/\/atana.pl\/en\/wp-json\/wp\/v2\/types\/product"}],"wp:featuredmedia":[{"embeddable":true,"href":"https:\/\/atana.pl\/en\/wp-json\/wp\/v2\/media\/4436"}],"wp:attachment":[{"href":"https:\/\/atana.pl\/en\/wp-json\/wp\/v2\/media?parent=5805"}],"wp:term":[{"taxonomy":"product_brand","embeddable":true,"href":"https:\/\/atana.pl\/en\/wp-json\/wp\/v2\/product_brand?post=5805"},{"taxonomy":"product_cat","embeddable":true,"href":"https:\/\/atana.pl\/en\/wp-json\/wp\/v2\/product_cat?post=5805"},{"taxonomy":"product_tag","embeddable":true,"href":"https:\/\/atana.pl\/en\/wp-json\/wp\/v2\/product_tag?post=5805"}],"curies":[{"name":"wp","href":"https:\/\/api.w.org\/{rel}","templated":true}]}}