{"id":5790,"date":"2007-01-27T12:16:47","date_gmt":"2007-01-27T11:16:47","guid":{"rendered":"https:\/\/atana.pl\/sklep-on-line\/bosak\/"},"modified":"2025-05-20T07:20:40","modified_gmt":"2025-05-20T05:20:40","slug":"bosak","status":"publish","type":"product","link":"https:\/\/atana.pl\/en\/online-shop\/camco\/bosak\/","title":{"rendered":"Bosak &#8211; ko\u0144c\u00f3wka do kija CAMCO"},"content":{"rendered":"<h2 class=\"\" data-start=\"189\" data-end=\"251\">\u2693 Bosak CAMCO \u2013 lekki, wytrzyma\u0142y i niezawodny na pok\u0142adzie<\/h2>\n<p class=\"\" data-start=\"253\" data-end=\"540\">Bosak CAMCO to wszechstronna i trwa\u0142a ko\u0144c\u00f3wka do kij\u00f3w teleskopowych CAMCO, zaprojektowana z my\u015bl\u0105 o pracy na wodzie, w porcie, w transporcie i domu. Wykonany z aluminium oraz wzmocnionego tworzywa sztucznego, jest <strong data-start=\"469\" data-end=\"539\">odporny na uderzenia, nacisk i dzia\u0142anie s\u0142odkiej oraz s\u0142onej wody<\/strong>.<\/p>\n<p class=\"\" data-start=\"542\" data-end=\"761\">Thanks to <strong data-start=\"549\" data-end=\"582\">systemowi zatrzaskowemu CAMCO, <\/strong>\u00a0hak (bosak) b\u0142yskawicznie \u0142\u0105czy si\u0119 z kijem \u2013 zapewniaj\u0105c sztywno\u015b\u0107, bezpiecze\u0144stwo i komfort manewrowania. Po zako\u0144czonej pracy zajmuje minimaln\u0105 ilo\u015b\u0107 miejsca w baki\u015bcie lub schowku.<\/p>\n<hr class=\"\" data-start=\"1545\" data-end=\"1548\" \/>\n<h3 data-start=\"1550\" data-end=\"1586\">\ud83d\udd17 Kompatybilno\u015b\u0107 z kijami CAMCO:<\/h3>\n<div style=\"display: flex; flex-wrap: wrap; gap: 20px; justify-content: flex-start;\">\n<div style=\"width: 100px; text-align: center;\"><a href=\"https:\/\/atana.pl\/en\/online-shop\/camco\/raczka-61-cm\/\" target=\"_blank\" rel=\"noopener\"><br \/>\n<img decoding=\"async\" style=\"object-fit: contain;\" src=\"https:\/\/atana.pl\/wp-content\/uploads\/1967\/01\/Kij63.png\" alt=\"Kij 63\" width=\"100\" height=\"81\" \/><br \/>\n<\/a><\/p>\n<div style=\"font-size: 12px; margin-top: 5px;\"><a href=\"https:\/\/atana.pl\/en\/online-shop\/camco\/raczka-61-cm\/\">Kij <strong>62 cm<\/strong><\/a><\/div>\n<\/div>\n<div style=\"width: 100px; text-align: center;\"><a href=\"https:\/\/atana.pl\/en\/online-shop\/camco\/raczka-123-cm\/\" target=\"_blank\" rel=\"noopener\"><br \/>\n<img decoding=\"async\" style=\"object-fit: contain;\" src=\"https:\/\/atana.pl\/wp-content\/uploads\/1967\/01\/Kij123.png\" alt=\"Kij 123\" width=\"100\" height=\"81\" \/><br \/>\n<\/a><\/p>\n<div style=\"font-size: 12px; margin-top: 5px;\"><a href=\"https:\/\/atana.pl\/en\/online-shop\/camco\/raczka-123-cm\/\">Kij <strong>123 cm<\/strong><\/a><\/div>\n<\/div>\n<div style=\"width: 100px; text-align: center;\"><a href=\"https:\/\/atana.pl\/en\/online-shop\/camco\/wielofunkcyjny-uchwyt-teleskopowy\/\" target=\"_blank\" rel=\"noopener\"><br \/>\n<img decoding=\"async\" style=\"object-fit: contain;\" src=\"https:\/\/atana.pl\/wp-content\/uploads\/1967\/01\/Kij73_123.png\" alt=\"Kij 73-123\" width=\"100\" height=\"81\" \/><br \/>\n<\/a><\/p>\n<div style=\"font-size: 12px; margin-top: 5px;\"><a href=\"https:\/\/atana.pl\/en\/online-shop\/camco\/wielofunkcyjny-uchwyt-teleskopowy\/\">Kij teleskopowy <strong>73\u2013123 cm<\/strong><\/a><\/div>\n<\/div>\n<div style=\"width: 100px; text-align: center;\"><a href=\"https:\/\/atana.pl\/en\/online-shop\/camco\/telescopic-handle-105cm-184cm\/\" target=\"_blank\" rel=\"noopener\"><br \/>\n<img loading=\"lazy\" decoding=\"async\" style=\"object-fit: contain;\" src=\"https:\/\/atana.pl\/wp-content\/uploads\/1967\/01\/Kij105_184.png\" alt=\"Kij 105-184\" width=\"100\" height=\"81\" \/><br \/>\n<\/a><\/p>\n<div style=\"font-size: 12px; margin-top: 5px;\"><a href=\"https:\/\/atana.pl\/en\/online-shop\/camco\/telescopic-handle-105cm-184cm\/\">Kij teleskopowy <strong>105\u2013184 cm<\/strong><\/a><\/div>\n<\/div>\n<div style=\"width: 100px; text-align: center;\"><a href=\"https:\/\/atana.pl\/en\/online-shop\/camco\/raczka-teleskopowa-154cm-275cm\/\" target=\"_blank\" rel=\"noopener\"><br \/>\n<img loading=\"lazy\" decoding=\"async\" style=\"object-fit: contain;\" src=\"https:\/\/atana.pl\/wp-content\/uploads\/1967\/01\/Kij154_275.png\" alt=\"Kij 154-275\" width=\"100\" height=\"81\" \/><br \/>\n<\/a><\/p>\n<div style=\"font-size: 12px; margin-top: 5px;\"><a href=\"https:\/\/atana.pl\/en\/online-shop\/camco\/raczka-teleskopowa-154cm-275cm\/\">Kij teleskopowy <strong>154\u2013275 cm<\/strong><\/a><\/div>\n<\/div>\n<\/div>\n<p data-start=\"1550\" data-end=\"1607\"><span style=\"font-size: 16px;\">Ka\u017cdy kij CAMCO wykonany jest z lekkiego, nierdzewnego aluminium, posiada profil w kszta\u0142cie kropli wody (dla sztywno\u015bci), gumowe uchwyty i system zatrzaskowy, kt\u00f3ry nie sk\u0142ada si\u0119 podczas u\u017cytkowania. Kije s\u0105 <\/span><strong style=\"font-size: 16px;\" data-start=\"1936\" data-end=\"1949\">p\u0142ywaj\u0105ce<\/strong><span style=\"font-size: 16px;\">. Wszystkie kije poza modelem <strong>62cm<\/strong>, posiadaj\u0105 ko\u0144c\u00f3wk\u0119 bosak w zestawie. Kupuj\u0105c dodatkow\u0105 ko\u0144c\u00f3wk\u0119 osobno, b\u0119dziesz posiada\u0107 dwie.<\/span><\/p>\n<h3 class=\"\" data-start=\"2261\" data-end=\"2296\">\ud83e\udde9 Possibility to expand the set:<\/h3>\n<p data-start=\"1490\" data-end=\"1560\">Posiadaj\u0105c jeden kij, mo\u017cna rozbudowa\u0107 zestaw o wiele r\u00f3\u017cnych ko\u0144c\u00f3wek:<\/p>\n<h4>Dodatkowe szczotki:<\/h4>\n<div style=\"display: flex; flex-wrap: wrap; gap: 20px; justify-content: flex-start;\">\n<div style=\"width: 100px; text-align: center;\"><a href=\"https:\/\/link-do-produktu-1\" target=\"_blank\" rel=\"noopener\"><br \/>\n<\/a><a href=\"https:\/\/atana.pl\/en\/online-shop\/camco\/szczotka-bardzo-miekka-xs\/\" target=\"_blank\" rel=\"noopener\"><img loading=\"lazy\" decoding=\"async\" class=\"alignnone\" style=\"object-fit: contain;\" src=\"https:\/\/atana.pl\/wp-content\/uploads\/2022\/04\/Bardzo-miekka_XS.png\" alt=\"Very soft - XS\" width=\"100\" height=\"81\" \/><\/a><\/p>\n<div style=\"font-size: 12px; margin-top: 5px;\"><a href=\"https:\/\/atana.pl\/en\/online-shop\/camco\/szczotka-bardzo-miekka-xs\/\">B. soft <strong>XS<\/strong><\/a><\/div>\n<\/div>\n<div style=\"width: 100px; text-align: center;\"><a href=\"https:\/\/atana.pl\/en\/online-shop\/camco\/szczotka-miekka-s\/\" target=\"_blank\" rel=\"noopener\"><br \/>\n<img loading=\"lazy\" decoding=\"async\" style=\"object-fit: contain;\" src=\"https:\/\/atana.pl\/wp-content\/uploads\/2022\/04\/Miekka_S.png\" alt=\"Soft brush\" width=\"100\" height=\"81\" \/><br \/>\n<\/a><\/p>\n<div style=\"font-size: 12px; margin-top: 5px;\"><a href=\"https:\/\/atana.pl\/en\/online-shop\/camco\/szczotka-miekka-s\/\">Soft <strong>S<\/strong><\/a><\/div>\n<\/div>\n<div style=\"width: 100px; text-align: center;\"><a href=\"https:\/\/atana.pl\/en\/online-shop\/camco\/szczotka-srednia-m\/\" target=\"_blank\" rel=\"noopener\"><br \/>\n<img loading=\"lazy\" decoding=\"async\" style=\"object-fit: contain;\" src=\"https:\/\/atana.pl\/wp-content\/uploads\/2022\/04\/Srednia_M.png\" alt=\"Medium brush\" width=\"100\" height=\"81\" \/><br \/>\n<\/a><\/p>\n<div style=\"font-size: 12px; margin-top: 5px;\"><a href=\"https:\/\/atana.pl\/en\/online-shop\/camco\/szczotka-srednia-m\/\">Average<strong> M<\/strong><\/a><\/div>\n<\/div>\n<div style=\"width: 100px; text-align: center;\"><a href=\"https:\/\/atana.pl\/en\/online-shop\/camco\/szczotka-twarda-x\/\" target=\"_blank\" rel=\"noopener\"><br \/>\n<img loading=\"lazy\" decoding=\"async\" style=\"object-fit: contain;\" src=\"https:\/\/atana.pl\/wp-content\/uploads\/2022\/04\/Twarda_X.png\" alt=\"Hard brush\" width=\"100\" height=\"81\" \/><br \/>\n<\/a><\/p>\n<div style=\"font-size: 12px; margin-top: 5px;\"><a href=\"https:\/\/atana.pl\/en\/online-shop\/camco\/szczotka-twarda-x\/\">Hard <strong>X<\/strong><\/a><\/div>\n<\/div>\n<\/div>\n<h4><span style=\"font-size: 16px;\">Mops:<\/span><\/h4>\n<div style=\"display: flex; flex-wrap: wrap; gap: 20px; justify-content: flex-start;\">\n<div style=\"width: 100px; text-align: center;\"><a href=\"https:\/\/atana.pl\/en\/online-shop\/camco\/obrotowa-koncowka-do-mycia-z-mikrofibry\/\" target=\"_blank\" rel=\"noopener\"><br \/>\n<img loading=\"lazy\" decoding=\"async\" style=\"object-fit: contain;\" src=\"https:\/\/atana.pl\/wp-content\/uploads\/1967\/01\/Mikrofibra.png\" alt=\"Microfibre mop\" width=\"100\" height=\"81\" \/><br \/>\n<\/a><\/p>\n<div style=\"font-size: 12px; margin-top: 5px;\"><a href=\"https:\/\/atana.pl\/en\/online-shop\/camco\/obrotowa-koncowka-do-mycia-z-mikrofibry\/\">Microfibre mop<\/a><\/div>\n<\/div>\n<div style=\"width: 100px; text-align: center;\"><a href=\"https:\/\/atana.pl\/en\/online-shop\/camco\/obrotowa-koncowka-do-mycia-z-welny-syntetycznej\/\" target=\"_blank\" rel=\"noopener\"><br \/>\n<img loading=\"lazy\" decoding=\"async\" style=\"object-fit: contain;\" src=\"https:\/\/atana.pl\/wp-content\/uploads\/1967\/01\/Welna-syntetyczna.png\" alt=\"Synthetic wool mop\" width=\"100\" height=\"81\" \/><br \/>\n<\/a><\/p>\n<div style=\"font-size: 12px; margin-top: 5px;\"><a href=\"https:\/\/atana.pl\/en\/online-shop\/camco\/obrotowa-koncowka-do-mycia-z-welny-syntetycznej\/\">Synthetic wool mop<\/a><\/div>\n<\/div>\n<div style=\"width: 100px; text-align: center;\"><a href=\"https:\/\/atana.pl\/en\/online-shop\/camco\/mop\/\" target=\"_blank\" rel=\"noopener\"><br \/>\n<img loading=\"lazy\" decoding=\"async\" style=\"object-fit: contain;\" src=\"https:\/\/atana.pl\/wp-content\/uploads\/1967\/01\/Mop-z-paskow.png\" alt=\"Striped mop\" width=\"100\" height=\"81\" \/><br \/>\n<\/a><\/p>\n<div style=\"font-size: 12px; margin-top: 5px;\"><a href=\"https:\/\/atana.pl\/en\/online-shop\/camco\/mop\/\">Striped mop<\/a><\/div>\n<\/div>\n<\/div>\n<h4>Boat accessories and fishing accessories:<\/h4>\n<div style=\"display: flex; flex-wrap: wrap; gap: 20px; justify-content: flex-start;\">\n<div style=\"width: 100px; text-align: center;\"><a href=\"https:\/\/atana.pl\/en\/online-shop\/camco\/wioslo\/\" target=\"_blank\" rel=\"noopener\"><br \/>\n<img loading=\"lazy\" decoding=\"async\" style=\"object-fit: contain;\" src=\"https:\/\/atana.pl\/wp-content\/uploads\/1967\/01\/Wioslo.png\" alt=\"Paddle\" width=\"100\" height=\"81\" \/><br \/>\n<\/a><\/p>\n<div style=\"font-size: 12px; margin-top: 5px;\"><a href=\"https:\/\/atana.pl\/en\/online-shop\/camco\/wioslo\/\">Paddle<\/a><\/div>\n<\/div>\n<div style=\"width: 100px; text-align: center;\"><a href=\"https:\/\/atana.pl\/en\/online-shop\/camco\/podbierak\/\" target=\"_blank\" rel=\"noopener\"><br \/>\n<img loading=\"lazy\" decoding=\"async\" style=\"object-fit: contain;\" src=\"https:\/\/atana.pl\/wp-content\/uploads\/1967\/01\/Podbierak.png\" alt=\"Landing net\" width=\"100\" height=\"81\" \/><br \/>\n<\/a><\/p>\n<div style=\"font-size: 12px; margin-top: 5px;\"><a href=\"https:\/\/atana.pl\/en\/online-shop\/camco\/podbierak\/\">Landing net<\/a><\/div>\n<\/div>\n<div style=\"width: 100px; text-align: center;\"><a href=\"https:\/\/atana.pl\/en\/online-shop\/camco\/sciagaczka-do-wody-reczna-35cm\/\" target=\"_blank\" rel=\"noopener\"><br \/>\n<img loading=\"lazy\" decoding=\"async\" style=\"object-fit: contain;\" src=\"https:\/\/atana.pl\/wp-content\/uploads\/1967\/01\/Sciagaczka-do-wody.png\" alt=\"Water squeegee\" width=\"100\" height=\"81\" \/><br \/>\n<\/a><\/p>\n<div style=\"font-size: 12px; margin-top: 5px;\"><a href=\"https:\/\/atana.pl\/en\/online-shop\/camco\/sciagaczka-do-wody-reczna-35cm\/\">Water squeegee<\/a><\/div>\n<\/div>\n<div style=\"width: 100px; text-align: center;\"><a href=\"https:\/\/atana.pl\/en\/online-shop\/camco\/obrotowy-adapter-do-mocowania-sciagaczki-do-raczki-teleskopowej-camco\/\" target=\"_blank\" rel=\"noopener\"><br \/>\n<img loading=\"lazy\" decoding=\"async\" style=\"object-fit: contain;\" src=\"https:\/\/atana.pl\/wp-content\/uploads\/1967\/01\/Adapter-sciagaczki.png\" alt=\"Wiper adapter\" width=\"100\" height=\"81\" \/><br \/>\n<\/a><\/p>\n<div style=\"font-size: 12px; margin-top: 5px;\"><a href=\"https:\/\/atana.pl\/en\/online-shop\/camco\/obrotowy-adapter-do-mocowania-sciagaczki-do-raczki-teleskopowej-camco\/\">Wiper adapter<\/a><\/div>\n<\/div>\n<div style=\"width: 100px; text-align: center;\"><a href=\"https:\/\/atana.pl\/en\/online-shop\/promotions\/wiadro-prostokatne\/\" target=\"_blank\" rel=\"noopener\"><br \/>\n<img loading=\"lazy\" decoding=\"async\" style=\"object-fit: contain;\" src=\"https:\/\/atana.pl\/wp-content\/uploads\/1967\/01\/Skladane-wiadro.png\" alt=\"Folding bucket\" width=\"100\" height=\"81\" \/><br \/>\n<\/a><\/p>\n<div style=\"font-size: 12px; margin-top: 5px;\"><a href=\"https:\/\/atana.pl\/en\/online-shop\/promotions\/wiadro-prostokatne\/\">Folding bucket<\/a><\/div>\n<\/div>\n<div style=\"width: 100px; text-align: center;\"><a href=\"https:\/\/atana.pl\/en\/online-shop\/camco\/oseka\/\" target=\"_blank\" rel=\"noopener\"><br \/>\n<img loading=\"lazy\" decoding=\"async\" style=\"object-fit: contain;\" src=\"https:\/\/atana.pl\/wp-content\/uploads\/1967\/01\/Oseka.png\" alt=\"Os\u0119ka\" width=\"100\" height=\"81\" \/><br \/>\n<\/a><\/p>\n<div style=\"font-size: 12px; margin-top: 5px;\"><a href=\"https:\/\/atana.pl\/en\/online-shop\/camco\/oseka\/\">Os\u0119ka<\/a><\/div>\n<\/div>\n<\/div>\n<h4>Snow clearing accessories:<\/h4>\n<div style=\"display: flex; flex-wrap: wrap; gap: 20px; justify-content: flex-start;\">\n<div style=\"width: 100px; text-align: center;\"><a href=\"http:\/\/www.frostguide.com\" target=\"_blank\" rel=\"noopener\"><br \/>\n<img loading=\"lazy\" decoding=\"async\" style=\"object-fit: contain;\" src=\"https:\/\/atana.pl\/wp-content\/uploads\/1967\/01\/Mini-plug.png\" alt=\"Mini plug\" width=\"100\" height=\"81\" \/><br \/>\n<\/a><\/p>\n<div style=\"font-size: 12px; margin-top: 5px;\"><a href=\"\/en\/frostguide.com\/\">Mini plug<\/a><\/div>\n<\/div>\n<div style=\"width: 100px; text-align: center;\"><a href=\"http:\/\/www.frostguide.com\" target=\"_blank\" rel=\"noopener\"><br \/>\n<img loading=\"lazy\" decoding=\"async\" style=\"object-fit: contain;\" src=\"https:\/\/atana.pl\/wp-content\/uploads\/1967\/01\/Grzybek.png\" alt=\"Mushroom\" width=\"100\" height=\"81\" \/><br \/>\n<\/a><\/p>\n<div style=\"font-size: 12px; margin-top: 5px;\"><a href=\"http:\/\/www.frostguide.com\">Mushroom<\/a><\/div>\n<\/div>\n<\/div>\n<hr class=\"\" data-start=\"2308\" data-end=\"2311\" \/>\n<p class=\"\" data-start=\"2313\" data-end=\"2441\">\u2693 <strong data-start=\"2315\" data-end=\"2441\">Bosak CAMCO to niezb\u0119dne narz\u0119dzie ka\u017cdego wodniaka, \u017ceglarza, kierowcy ci\u0119\u017car\u00f3wki i u\u017cytkownika zestawu wielofunkcyjnego.<\/strong><\/p>","protected":false},"excerpt":{"rendered":"<ul>\n<li>Bosak &#8211; ko\u0144c\u00f3wka do kija CAMCO.<\/li>\n<li>Do pracy na wodzie, w transporcie i domu.<\/li>\n<li>Solidny, trwa\u0142y, lekki.<\/li>\n<\/ul>","protected":false},"featured_media":4424,"template":"","meta":{"_acf_changed":false},"product_brand":[],"product_cat":[115,114],"product_tag":[1094,1178,1183,1186,1180,1181,1182,1050,1179,1104,1184,1185,1065],"class_list":{"0":"post-5790","1":"product","2":"type-product","3":"status-publish","4":"has-post-thumbnail","6":"product_cat-uchwyty-teleskopowe-wymienne-koncowki","7":"product_cat-camco","8":"product_tag-akcesoria-pokladowe","9":"product_tag-bosak-camco","10":"product_tag-bosak-do-boi","11":"product_tag-bosak-do-ciezarowki","12":"product_tag-bosak-do-jachtu","13":"product_tag-bosak-do-lodzi","14":"product_tag-bosak-teleskopowy","15":"product_tag-kij-teleskopowy-camco","16":"product_tag-koncowka-bosak","17":"product_tag-koncowki-camco","18":"product_tag-narzedzia-zeglarskie","19":"product_tag-osprzet-cumowniczy","20":"product_tag-system-camco","22":"first","23":"instock","24":"taxable","25":"shipping-taxable","26":"purchasable","27":"product-type-simple"},"acf":[],"yoast_head":"<!-- This site is optimized with the Yoast SEO plugin v25.2 - https:\/\/yoast.com\/wordpress\/plugins\/seo\/ -->\n<title>Bosak - ko\u0144c\u00f3wka do kija CAMCO - Atana<\/title>\n<meta name=\"description\" content=\"Bosak CAMCO \u2013 lekki, odporny na uderzenia i wod\u0119. Do jachtu, \u0142odzi, przyczep i domu. Kompatybilny z kijami teleskopowymi CAMCO. Zajmuje ma\u0142o miejsca.\" \/>\n<meta name=\"robots\" content=\"index, follow, max-snippet:-1, max-image-preview:large, max-video-preview:-1\" \/>\n<link rel=\"canonical\" href=\"https:\/\/atana.pl\/en\/online-shop\/camco\/bosak\/\" \/>\n<meta property=\"og:locale\" content=\"en_GB\" \/>\n<meta property=\"og:type\" content=\"article\" \/>\n<meta property=\"og:title\" content=\"Bosak - ko\u0144c\u00f3wka do kija CAMCO - Atana\" \/>\n<meta property=\"og:description\" content=\"Bosak CAMCO \u2013 lekki, odporny na uderzenia i wod\u0119. Do jachtu, \u0142odzi, przyczep i domu. Kompatybilny z kijami teleskopowymi CAMCO. Zajmuje ma\u0142o miejsca.\" \/>\n<meta property=\"og:url\" content=\"https:\/\/atana.pl\/en\/online-shop\/camco\/bosak\/\" \/>\n<meta property=\"og:site_name\" content=\"Atana\" \/>\n<meta property=\"article:publisher\" content=\"https:\/\/www.facebook.com\/atanayachts\" \/>\n<meta property=\"article:modified_time\" content=\"2025-05-20T05:20:40+00:00\" \/>\n<meta property=\"og:image\" content=\"https:\/\/atana.pl\/wp-content\/uploads\/2024\/04\/41940_1-Z.jpg\" \/>\n\t<meta property=\"og:image:width\" content=\"900\" \/>\n\t<meta property=\"og:image:height\" content=\"900\" \/>\n\t<meta property=\"og:image:type\" content=\"image\/jpeg\" \/>\n<meta name=\"twitter:card\" content=\"summary_large_image\" \/>\n<meta name=\"twitter:label1\" content=\"Estimated reading time\" \/>\n\t<meta name=\"twitter:data1\" content=\"1 minute\" \/>\n<script type=\"application\/ld+json\" class=\"yoast-schema-graph\">{\"@context\":\"https:\/\/schema.org\",\"@graph\":[{\"@type\":\"WebPage\",\"@id\":\"https:\/\/atana.pl\/sklep-on-line\/camco\/bosak\/\",\"url\":\"https:\/\/atana.pl\/sklep-on-line\/camco\/bosak\/\",\"name\":\"Bosak - ko\u0144c\u00f3wka do kija CAMCO - Atana\",\"isPartOf\":{\"@id\":\"https:\/\/atana.pl\/#website\"},\"primaryImageOfPage\":{\"@id\":\"https:\/\/atana.pl\/sklep-on-line\/camco\/bosak\/#primaryimage\"},\"image\":{\"@id\":\"https:\/\/atana.pl\/sklep-on-line\/camco\/bosak\/#primaryimage\"},\"thumbnailUrl\":\"https:\/\/atana.pl\/wp-content\/uploads\/2024\/04\/41940_1-Z.jpg\",\"datePublished\":\"2007-01-27T11:16:47+00:00\",\"dateModified\":\"2025-05-20T05:20:40+00:00\",\"description\":\"Bosak CAMCO \u2013 lekki, odporny na uderzenia i wod\u0119. Do jachtu, \u0142odzi, przyczep i domu. Kompatybilny z kijami teleskopowymi CAMCO. Zajmuje ma\u0142o miejsca.\",\"breadcrumb\":{\"@id\":\"https:\/\/atana.pl\/sklep-on-line\/camco\/bosak\/#breadcrumb\"},\"inLanguage\":\"en-GB\",\"potentialAction\":[{\"@type\":\"ReadAction\",\"target\":[\"https:\/\/atana.pl\/sklep-on-line\/camco\/bosak\/\"]}]},{\"@type\":\"ImageObject\",\"inLanguage\":\"en-GB\",\"@id\":\"https:\/\/atana.pl\/sklep-on-line\/camco\/bosak\/#primaryimage\",\"url\":\"https:\/\/atana.pl\/wp-content\/uploads\/2024\/04\/41940_1-Z.jpg\",\"contentUrl\":\"https:\/\/atana.pl\/wp-content\/uploads\/2024\/04\/41940_1-Z.jpg\",\"width\":900,\"height\":900,\"caption\":\"Bosak\"},{\"@type\":\"BreadcrumbList\",\"@id\":\"https:\/\/atana.pl\/sklep-on-line\/camco\/bosak\/#breadcrumb\",\"itemListElement\":[{\"@type\":\"ListItem\",\"position\":1,\"name\":\"Strona g\u0142\u00f3wna\",\"item\":\"https:\/\/atana.pl\/\"},{\"@type\":\"ListItem\",\"position\":2,\"name\":\"Sklep on-line\",\"item\":\"https:\/\/atana.pl\/sklep-on-line\/\"},{\"@type\":\"ListItem\",\"position\":3,\"name\":\"Bosak &#8211; ko\u0144c\u00f3wka do kija CAMCO\"}]},{\"@type\":\"WebSite\",\"@id\":\"https:\/\/atana.pl\/#website\",\"url\":\"https:\/\/atana.pl\/\",\"name\":\"Atana\",\"description\":\"Akcesoria do \u0142odzi, kamper\u00f3w i przyczep. \u0141odzie motorowe\",\"publisher\":{\"@id\":\"https:\/\/atana.pl\/#organization\"},\"potentialAction\":[{\"@type\":\"SearchAction\",\"target\":{\"@type\":\"EntryPoint\",\"urlTemplate\":\"https:\/\/atana.pl\/?s={search_term_string}\"},\"query-input\":{\"@type\":\"PropertyValueSpecification\",\"valueRequired\":true,\"valueName\":\"search_term_string\"}}],\"inLanguage\":\"en-GB\"},{\"@type\":\"Organization\",\"@id\":\"https:\/\/atana.pl\/#organization\",\"name\":\"Atana\",\"url\":\"https:\/\/atana.pl\/\",\"logo\":{\"@type\":\"ImageObject\",\"inLanguage\":\"en-GB\",\"@id\":\"https:\/\/atana.pl\/#\/schema\/logo\/image\/\",\"url\":\"\",\"contentUrl\":\"\",\"caption\":\"Atana\"},\"image\":{\"@id\":\"https:\/\/atana.pl\/#\/schema\/logo\/image\/\"},\"sameAs\":[\"https:\/\/www.facebook.com\/atanayachts\",\"https:\/\/www.instagram.com\/atanaboats\/\",\"https:\/\/www.youtube.com\/channel\/UClMMmVqqx17in9QzgxK90Mw\"]}]}<\/script>\n<!-- \/ Yoast SEO plugin. -->","yoast_head_json":{"title":"Bosak - ko\u0144c\u00f3wka do kija CAMCO - Atana","description":"Bosak CAMCO \u2013 lekki, odporny na uderzenia i wod\u0119. Do jachtu, \u0142odzi, przyczep i domu. Kompatybilny z kijami teleskopowymi CAMCO. Zajmuje ma\u0142o miejsca.","robots":{"index":"index","follow":"follow","max-snippet":"max-snippet:-1","max-image-preview":"max-image-preview:large","max-video-preview":"max-video-preview:-1"},"canonical":"https:\/\/atana.pl\/en\/online-shop\/camco\/bosak\/","og_locale":"en_GB","og_type":"article","og_title":"Bosak - ko\u0144c\u00f3wka do kija CAMCO - Atana","og_description":"Bosak CAMCO \u2013 lekki, odporny na uderzenia i wod\u0119. Do jachtu, \u0142odzi, przyczep i domu. Kompatybilny z kijami teleskopowymi CAMCO. Zajmuje ma\u0142o miejsca.","og_url":"https:\/\/atana.pl\/en\/online-shop\/camco\/bosak\/","og_site_name":"Atana","article_publisher":"https:\/\/www.facebook.com\/atanayachts","article_modified_time":"2025-05-20T05:20:40+00:00","og_image":[{"width":900,"height":900,"url":"https:\/\/atana.pl\/wp-content\/uploads\/2024\/04\/41940_1-Z.jpg","type":"image\/jpeg"}],"twitter_card":"summary_large_image","twitter_misc":{"Estimated reading time":"1 minute"},"schema":{"@context":"https:\/\/schema.org","@graph":[{"@type":"WebPage","@id":"https:\/\/atana.pl\/sklep-on-line\/camco\/bosak\/","url":"https:\/\/atana.pl\/sklep-on-line\/camco\/bosak\/","name":"Bosak - ko\u0144c\u00f3wka do kija CAMCO - Atana","isPartOf":{"@id":"https:\/\/atana.pl\/#website"},"primaryImageOfPage":{"@id":"https:\/\/atana.pl\/sklep-on-line\/camco\/bosak\/#primaryimage"},"image":{"@id":"https:\/\/atana.pl\/sklep-on-line\/camco\/bosak\/#primaryimage"},"thumbnailUrl":"https:\/\/atana.pl\/wp-content\/uploads\/2024\/04\/41940_1-Z.jpg","datePublished":"2007-01-27T11:16:47+00:00","dateModified":"2025-05-20T05:20:40+00:00","description":"Bosak CAMCO \u2013 lekki, odporny na uderzenia i wod\u0119. Do jachtu, \u0142odzi, przyczep i domu. Kompatybilny z kijami teleskopowymi CAMCO. Zajmuje ma\u0142o miejsca.","breadcrumb":{"@id":"https:\/\/atana.pl\/sklep-on-line\/camco\/bosak\/#breadcrumb"},"inLanguage":"en-GB","potentialAction":[{"@type":"ReadAction","target":["https:\/\/atana.pl\/sklep-on-line\/camco\/bosak\/"]}]},{"@type":"ImageObject","inLanguage":"en-GB","@id":"https:\/\/atana.pl\/sklep-on-line\/camco\/bosak\/#primaryimage","url":"https:\/\/atana.pl\/wp-content\/uploads\/2024\/04\/41940_1-Z.jpg","contentUrl":"https:\/\/atana.pl\/wp-content\/uploads\/2024\/04\/41940_1-Z.jpg","width":900,"height":900,"caption":"Bosak"},{"@type":"BreadcrumbList","@id":"https:\/\/atana.pl\/sklep-on-line\/camco\/bosak\/#breadcrumb","itemListElement":[{"@type":"ListItem","position":1,"name":"Strona g\u0142\u00f3wna","item":"https:\/\/atana.pl\/"},{"@type":"ListItem","position":2,"name":"Sklep on-line","item":"https:\/\/atana.pl\/sklep-on-line\/"},{"@type":"ListItem","position":3,"name":"Bosak &#8211; ko\u0144c\u00f3wka do kija CAMCO"}]},{"@type":"WebSite","@id":"https:\/\/atana.pl\/#website","url":"https:\/\/atana.pl\/","name":"Atana","description":"Akcesoria do \u0142odzi, kamper\u00f3w i przyczep. \u0141odzie motorowe","publisher":{"@id":"https:\/\/atana.pl\/#organization"},"potentialAction":[{"@type":"SearchAction","target":{"@type":"EntryPoint","urlTemplate":"https:\/\/atana.pl\/?s={search_term_string}"},"query-input":{"@type":"PropertyValueSpecification","valueRequired":true,"valueName":"search_term_string"}}],"inLanguage":"en-GB"},{"@type":"Organization","@id":"https:\/\/atana.pl\/#organization","name":"Atana","url":"https:\/\/atana.pl\/","logo":{"@type":"ImageObject","inLanguage":"en-GB","@id":"https:\/\/atana.pl\/#\/schema\/logo\/image\/","url":"","contentUrl":"","caption":"Atana"},"image":{"@id":"https:\/\/atana.pl\/#\/schema\/logo\/image\/"},"sameAs":["https:\/\/www.facebook.com\/atanayachts","https:\/\/www.instagram.com\/atanaboats\/","https:\/\/www.youtube.com\/channel\/UClMMmVqqx17in9QzgxK90Mw"]}]}},"_links":{"self":[{"href":"https:\/\/atana.pl\/en\/wp-json\/wp\/v2\/product\/5790","targetHints":{"allow":["GET"]}}],"collection":[{"href":"https:\/\/atana.pl\/en\/wp-json\/wp\/v2\/product"}],"about":[{"href":"https:\/\/atana.pl\/en\/wp-json\/wp\/v2\/types\/product"}],"wp:featuredmedia":[{"embeddable":true,"href":"https:\/\/atana.pl\/en\/wp-json\/wp\/v2\/media\/4424"}],"wp:attachment":[{"href":"https:\/\/atana.pl\/en\/wp-json\/wp\/v2\/media?parent=5790"}],"wp:term":[{"taxonomy":"product_brand","embeddable":true,"href":"https:\/\/atana.pl\/en\/wp-json\/wp\/v2\/product_brand?post=5790"},{"taxonomy":"product_cat","embeddable":true,"href":"https:\/\/atana.pl\/en\/wp-json\/wp\/v2\/product_cat?post=5790"},{"taxonomy":"product_tag","embeddable":true,"href":"https:\/\/atana.pl\/en\/wp-json\/wp\/v2\/product_tag?post=5790"}],"curies":[{"name":"wp","href":"https:\/\/api.w.org\/{rel}","templated":true}]}}