{"id":5752,"date":"2010-01-27T12:16:45","date_gmt":"2010-01-27T11:16:45","guid":{"rendered":"https:\/\/atana.pl\/sklep-on-line\/obrotowa-koncowka-do-mycia-z-welny-syntetycznej\/"},"modified":"2025-05-10T18:39:11","modified_gmt":"2025-05-10T16:39:11","slug":"obrotowa-koncowka-do-mycia-z-welny-syntetycznej","status":"publish","type":"product","link":"https:\/\/atana.pl\/en\/online-shop\/camco\/obrotowa-koncowka-do-mycia-z-welny-syntetycznej\/","title":{"rendered":"Obrotowy mop z we\u0142ny syntetycznej &#8211; ko\u0144c\u00f3wka do kija CAMCO"},"content":{"rendered":"<h2 class=\"\" data-start=\"191\" data-end=\"269\">\ud83e\uddfc Mop CAMCO z we\u0142ny syntetycznej \u2013 do brudu, piasku i trudnych powierzchni<\/h2>\n<p class=\"\" data-start=\"271\" data-end=\"557\">Obrotowy mop CAMCO z we\u0142ny syntetycznej to profesjonalna ko\u0144c\u00f3wka czyszcz\u0105ca do wymagaj\u0105cych zada\u0144. Dzi\u0119ki grubym w\u0142\u00f3knom skutecznie zbiera piasek, b\u0142oto i inne zanieczyszczenia, zatrzymuj\u0105c je z dala od czyszczonej powierzchni. Jest delikatny dla powierzchni, ale bezlitosny dla brudu.<\/p>\n<p class=\"\" data-start=\"559\" data-end=\"747\">Nak\u0142adka mocowana na <strong data-start=\"580\" data-end=\"588\">rzep<\/strong> pozwala na szybkie zdejmowanie i pranie. Obrotowa g\u0142owica u\u0142atwia prac\u0119 w trudno dost\u0119pnych miejscach \u2013 na pok\u0142adzie, dachu pojazdu, czy w zakamarkach kabiny.<\/p>\n<hr class=\"\" data-start=\"1499\" data-end=\"1502\" \/>\n<h3 class=\"\" data-start=\"1550\" data-end=\"1607\">\ud83e\udde9 Do ko\u0144c\u00f3wki nale\u017cy dokupi\u0107 jeden z uchwyt\u00f3w CAMCO:<\/h3>\n<div style=\"display: flex; flex-wrap: wrap; gap: 20px; justify-content: flex-start;\">\n<div style=\"width: 100px; text-align: center;\"><a href=\"https:\/\/atana.pl\/en\/online-shop\/camco\/raczka-61-cm\/\" target=\"_blank\" rel=\"noopener\"><br \/>\n<img decoding=\"async\" style=\"object-fit: contain;\" src=\"https:\/\/atana.pl\/wp-content\/uploads\/1967\/01\/Kij63.png\" alt=\"Kij 63\" width=\"100\" height=\"81\" \/><br \/>\n<\/a><\/p>\n<div style=\"font-size: 12px; margin-top: 5px;\"><a href=\"https:\/\/atana.pl\/en\/online-shop\/camco\/raczka-61-cm\/\">Kij <strong>62 cm<\/strong><\/a><\/div>\n<\/div>\n<div style=\"width: 100px; text-align: center;\"><a href=\"https:\/\/atana.pl\/en\/online-shop\/camco\/raczka-123-cm\/\" target=\"_blank\" rel=\"noopener\"><br \/>\n<img decoding=\"async\" style=\"object-fit: contain;\" src=\"https:\/\/atana.pl\/wp-content\/uploads\/1967\/01\/Kij123.png\" alt=\"Kij 123\" width=\"100\" height=\"81\" \/><br \/>\n<\/a><\/p>\n<div style=\"font-size: 12px; margin-top: 5px;\"><a href=\"https:\/\/atana.pl\/en\/online-shop\/camco\/raczka-123-cm\/\">Kij <strong>123 cm<\/strong><\/a><\/div>\n<\/div>\n<div style=\"width: 100px; text-align: center;\"><a href=\"https:\/\/atana.pl\/en\/online-shop\/camco\/wielofunkcyjny-uchwyt-teleskopowy\/\" target=\"_blank\" rel=\"noopener\"><br \/>\n<img decoding=\"async\" style=\"object-fit: contain;\" src=\"https:\/\/atana.pl\/wp-content\/uploads\/1967\/01\/Kij73_123.png\" alt=\"Kij 73-123\" width=\"100\" height=\"81\" \/><br \/>\n<\/a><\/p>\n<div style=\"font-size: 12px; margin-top: 5px;\"><a href=\"https:\/\/atana.pl\/en\/online-shop\/camco\/wielofunkcyjny-uchwyt-teleskopowy\/\">Kij teleskopowy <strong>73\u2013123 cm<\/strong><\/a><\/div>\n<\/div>\n<div style=\"width: 100px; text-align: center;\"><a href=\"https:\/\/atana.pl\/en\/online-shop\/camco\/telescopic-handle-105cm-184cm\/\" target=\"_blank\" rel=\"noopener\"><br \/>\n<img loading=\"lazy\" decoding=\"async\" style=\"object-fit: contain;\" src=\"https:\/\/atana.pl\/wp-content\/uploads\/1967\/01\/Kij105_184.png\" alt=\"Kij 105-184\" width=\"100\" height=\"81\" \/><br \/>\n<\/a><\/p>\n<div style=\"font-size: 12px; margin-top: 5px;\"><a href=\"https:\/\/atana.pl\/en\/online-shop\/camco\/telescopic-handle-105cm-184cm\/\">Kij teleskopowy <strong>105\u2013184 cm<\/strong><\/a><\/div>\n<\/div>\n<div style=\"width: 100px; text-align: center;\"><a href=\"https:\/\/atana.pl\/en\/online-shop\/camco\/raczka-teleskopowa-154cm-275cm\/\" target=\"_blank\" rel=\"noopener\"><br \/>\n<img loading=\"lazy\" decoding=\"async\" style=\"object-fit: contain;\" src=\"https:\/\/atana.pl\/wp-content\/uploads\/1967\/01\/Kij154_275.png\" alt=\"Kij 154-275\" width=\"100\" height=\"81\" \/><br \/>\n<\/a><\/p>\n<div style=\"font-size: 12px; margin-top: 5px;\"><a href=\"https:\/\/atana.pl\/en\/online-shop\/camco\/raczka-teleskopowa-154cm-275cm\/\">Kij teleskopowy <strong>154\u2013275 cm<\/strong><\/a><\/div>\n<\/div>\n<\/div>\n<p data-start=\"1550\" data-end=\"1607\"><span style=\"font-size: 16px;\">Ka\u017cdy kij CAMCO wykonany jest z lekkiego, nierdzewnego aluminium, posiada profil w kszta\u0142cie kropli wody (dla sztywno\u015bci), gumowe uchwyty i system zatrzaskowy, kt\u00f3ry nie sk\u0142ada si\u0119 podczas u\u017cytkowania. Kije s\u0105 <\/span><strong style=\"font-size: 16px;\" data-start=\"1936\" data-end=\"1949\">p\u0142ywaj\u0105ce<\/strong><span style=\"font-size: 16px;\">.<\/span><\/p>\n<h3 class=\"\" data-start=\"2261\" data-end=\"2296\">\ud83e\udde9 Possibility to expand the set:<\/h3>\n<p data-start=\"1490\" data-end=\"1560\">Posiadaj\u0105c jeden kij, mo\u017cna rozbudowa\u0107 zestaw o wiele r\u00f3\u017cnych ko\u0144c\u00f3wek:<\/p>\n<h4>Dodatkowe szczotki:<\/h4>\n<div style=\"display: flex; flex-wrap: wrap; gap: 20px; justify-content: flex-start;\">\n<div style=\"width: 100px; text-align: center;\"><a href=\"https:\/\/link-do-produktu-1\" target=\"_blank\" rel=\"noopener\"><br \/>\n<\/a><a href=\"https:\/\/atana.pl\/en\/online-shop\/camco\/szczotka-bardzo-miekka-xs\/\" target=\"_blank\" rel=\"noopener\"><img loading=\"lazy\" decoding=\"async\" class=\"alignnone\" style=\"object-fit: contain;\" src=\"https:\/\/atana.pl\/wp-content\/uploads\/2022\/04\/Bardzo-miekka_XS.png\" alt=\"Very soft - XS\" width=\"100\" height=\"81\" \/><\/a><\/p>\n<div style=\"font-size: 12px; margin-top: 5px;\"><a href=\"https:\/\/atana.pl\/en\/online-shop\/camco\/szczotka-bardzo-miekka-xs\/\">B. soft <strong>XS<\/strong><\/a><\/div>\n<\/div>\n<div style=\"width: 100px; text-align: center;\"><a href=\"https:\/\/atana.pl\/en\/online-shop\/camco\/szczotka-miekka-s\/\" target=\"_blank\" rel=\"noopener\"><br \/>\n<img loading=\"lazy\" decoding=\"async\" style=\"object-fit: contain;\" src=\"https:\/\/atana.pl\/wp-content\/uploads\/2022\/04\/Miekka_S.png\" alt=\"Soft brush\" width=\"100\" height=\"81\" \/><br \/>\n<\/a><\/p>\n<div style=\"font-size: 12px; margin-top: 5px;\"><a href=\"https:\/\/atana.pl\/en\/online-shop\/camco\/szczotka-miekka-s\/\">Soft <strong>S<\/strong><\/a><\/div>\n<\/div>\n<div style=\"width: 100px; text-align: center;\"><a href=\"https:\/\/atana.pl\/en\/online-shop\/camco\/szczotka-srednia-m\/\" target=\"_blank\" rel=\"noopener\"><br \/>\n<img loading=\"lazy\" decoding=\"async\" style=\"object-fit: contain;\" src=\"https:\/\/atana.pl\/wp-content\/uploads\/2022\/04\/Srednia_M.png\" alt=\"Medium brush\" width=\"100\" height=\"81\" \/><br \/>\n<\/a><\/p>\n<div style=\"font-size: 12px; margin-top: 5px;\"><a href=\"https:\/\/atana.pl\/en\/online-shop\/camco\/szczotka-srednia-m\/\">Average<strong> M<\/strong><\/a><\/div>\n<\/div>\n<div style=\"width: 100px; text-align: center;\"><a href=\"https:\/\/atana.pl\/en\/online-shop\/camco\/szczotka-twarda-x\/\" target=\"_blank\" rel=\"noopener\"><br \/>\n<img loading=\"lazy\" decoding=\"async\" style=\"object-fit: contain;\" src=\"https:\/\/atana.pl\/wp-content\/uploads\/2022\/04\/Twarda_X.png\" alt=\"Hard brush\" width=\"100\" height=\"81\" \/><br \/>\n<\/a><\/p>\n<div style=\"font-size: 12px; margin-top: 5px;\"><a href=\"https:\/\/atana.pl\/en\/online-shop\/camco\/szczotka-twarda-x\/\">Hard <strong>X<\/strong><\/a><\/div>\n<\/div>\n<\/div>\n<h4><span style=\"font-size: 16px;\">Mops:<\/span><\/h4>\n<div style=\"display: flex; flex-wrap: wrap; gap: 20px; justify-content: flex-start;\">\n<div style=\"width: 100px; text-align: center;\"><a href=\"https:\/\/atana.pl\/en\/online-shop\/camco\/obrotowa-koncowka-do-mycia-z-mikrofibry\/\" target=\"_blank\" rel=\"noopener\"><br \/>\n<img loading=\"lazy\" decoding=\"async\" style=\"object-fit: contain;\" src=\"https:\/\/atana.pl\/wp-content\/uploads\/1967\/01\/Mikrofibra.png\" alt=\"Microfibre mop\" width=\"100\" height=\"81\" \/><br \/>\n<\/a><\/p>\n<div style=\"font-size: 12px; margin-top: 5px;\"><a href=\"https:\/\/atana.pl\/en\/online-shop\/camco\/obrotowa-koncowka-do-mycia-z-mikrofibry\/\">Microfibre mop<\/a><\/div>\n<\/div>\n<div style=\"width: 100px; text-align: center;\"><a href=\"https:\/\/atana.pl\/en\/online-shop\/camco\/obrotowa-koncowka-do-mycia-z-welny-syntetycznej\/\" target=\"_blank\" rel=\"noopener\"><br \/>\n<img loading=\"lazy\" decoding=\"async\" style=\"object-fit: contain;\" src=\"https:\/\/atana.pl\/wp-content\/uploads\/1967\/01\/Welna-syntetyczna.png\" alt=\"Synthetic wool mop\" width=\"100\" height=\"81\" \/><br \/>\n<\/a><\/p>\n<div style=\"font-size: 12px; margin-top: 5px;\"><a href=\"https:\/\/atana.pl\/en\/online-shop\/camco\/obrotowa-koncowka-do-mycia-z-welny-syntetycznej\/\">Synthetic wool mop<\/a><\/div>\n<\/div>\n<div style=\"width: 100px; text-align: center;\"><a href=\"https:\/\/atana.pl\/en\/online-shop\/camco\/mop\/\" target=\"_blank\" rel=\"noopener\"><br \/>\n<img loading=\"lazy\" decoding=\"async\" style=\"object-fit: contain;\" src=\"https:\/\/atana.pl\/wp-content\/uploads\/1967\/01\/Mop-z-paskow.png\" alt=\"Striped mop\" width=\"100\" height=\"81\" \/><br \/>\n<\/a><\/p>\n<div style=\"font-size: 12px; margin-top: 5px;\"><a href=\"https:\/\/atana.pl\/en\/online-shop\/camco\/mop\/\">Striped mop<\/a><\/div>\n<\/div>\n<\/div>\n<h4>Boat accessories and fishing accessories:<\/h4>\n<div style=\"display: flex; flex-wrap: wrap; gap: 20px; justify-content: flex-start;\">\n<div style=\"width: 100px; text-align: center;\"><a href=\"https:\/\/atana.pl\/en\/online-shop\/camco\/wioslo\/\" target=\"_blank\" rel=\"noopener\"><br \/>\n<img loading=\"lazy\" decoding=\"async\" style=\"object-fit: contain;\" src=\"https:\/\/atana.pl\/wp-content\/uploads\/1967\/01\/Wioslo.png\" alt=\"Paddle\" width=\"100\" height=\"81\" \/><br \/>\n<\/a><\/p>\n<div style=\"font-size: 12px; margin-top: 5px;\"><a href=\"https:\/\/atana.pl\/en\/online-shop\/camco\/wioslo\/\">Paddle<\/a><\/div>\n<\/div>\n<div style=\"width: 100px; text-align: center;\"><a href=\"https:\/\/atana.pl\/en\/online-shop\/camco\/podbierak\/\" target=\"_blank\" rel=\"noopener\"><br \/>\n<img loading=\"lazy\" decoding=\"async\" style=\"object-fit: contain;\" src=\"https:\/\/atana.pl\/wp-content\/uploads\/1967\/01\/Podbierak.png\" alt=\"Landing net\" width=\"100\" height=\"81\" \/><br \/>\n<\/a><\/p>\n<div style=\"font-size: 12px; margin-top: 5px;\"><a href=\"https:\/\/atana.pl\/en\/online-shop\/camco\/podbierak\/\">Landing net<\/a><\/div>\n<\/div>\n<div style=\"width: 100px; text-align: center;\"><a href=\"https:\/\/atana.pl\/en\/online-shop\/camco\/sciagaczka-do-wody-reczna-35cm\/\" target=\"_blank\" rel=\"noopener\"><br \/>\n<img loading=\"lazy\" decoding=\"async\" style=\"object-fit: contain;\" src=\"https:\/\/atana.pl\/wp-content\/uploads\/1967\/01\/Sciagaczka-do-wody.png\" alt=\"Water squeegee\" width=\"100\" height=\"81\" \/><br \/>\n<\/a><\/p>\n<div style=\"font-size: 12px; margin-top: 5px;\"><a href=\"https:\/\/atana.pl\/en\/online-shop\/camco\/sciagaczka-do-wody-reczna-35cm\/\">Water squeegee<\/a><\/div>\n<\/div>\n<div style=\"width: 100px; text-align: center;\"><a href=\"https:\/\/atana.pl\/en\/online-shop\/camco\/obrotowy-adapter-do-mocowania-sciagaczki-do-raczki-teleskopowej-camco\/\" target=\"_blank\" rel=\"noopener\"><br \/>\n<img loading=\"lazy\" decoding=\"async\" style=\"object-fit: contain;\" src=\"https:\/\/atana.pl\/wp-content\/uploads\/1967\/01\/Adapter-sciagaczki.png\" alt=\"Wiper adapter\" width=\"100\" height=\"81\" \/><br \/>\n<\/a><\/p>\n<div style=\"font-size: 12px; margin-top: 5px;\"><a href=\"https:\/\/atana.pl\/en\/online-shop\/camco\/obrotowy-adapter-do-mocowania-sciagaczki-do-raczki-teleskopowej-camco\/\">Wiper adapter<\/a><\/div>\n<\/div>\n<div style=\"width: 100px; text-align: center;\"><a href=\"https:\/\/atana.pl\/en\/online-shop\/promotions\/wiadro-prostokatne\/\" target=\"_blank\" rel=\"noopener\"><br \/>\n<img loading=\"lazy\" decoding=\"async\" style=\"object-fit: contain;\" src=\"https:\/\/atana.pl\/wp-content\/uploads\/1967\/01\/Skladane-wiadro.png\" alt=\"Folding bucket\" width=\"100\" height=\"81\" \/><br \/>\n<\/a><\/p>\n<div style=\"font-size: 12px; margin-top: 5px;\"><a href=\"https:\/\/atana.pl\/en\/online-shop\/promotions\/wiadro-prostokatne\/\">Folding bucket<\/a><\/div>\n<\/div>\n<div style=\"width: 100px; text-align: center;\"><a href=\"https:\/\/atana.pl\/en\/online-shop\/camco\/oseka\/\" target=\"_blank\" rel=\"noopener\"><br \/>\n<img loading=\"lazy\" decoding=\"async\" style=\"object-fit: contain;\" src=\"https:\/\/atana.pl\/wp-content\/uploads\/1967\/01\/Oseka.png\" alt=\"Os\u0119ka\" width=\"100\" height=\"81\" \/><br \/>\n<\/a><\/p>\n<div style=\"font-size: 12px; margin-top: 5px;\"><a href=\"https:\/\/atana.pl\/en\/online-shop\/camco\/oseka\/\">Os\u0119ka<\/a><\/div>\n<\/div>\n<div style=\"width: 100px; text-align: center;\"><a href=\"https:\/\/atana.pl\/en\/online-shop\/camco\/bosak\/\" target=\"_blank\" rel=\"noopener\"><br \/>\n<img loading=\"lazy\" decoding=\"async\" style=\"object-fit: contain;\" src=\"https:\/\/atana.pl\/wp-content\/uploads\/1967\/01\/Dodatkowy-bosak.png\" alt=\"Additional barefoot\" width=\"100\" height=\"81\" \/><br \/>\n<\/a><\/p>\n<div style=\"font-size: 12px; margin-top: 5px;\"><a href=\"https:\/\/atana.pl\/en\/online-shop\/camco\/bosak\/\">Additional barefoot<\/a><\/div>\n<\/div>\n<\/div>\n<h4>Snow clearing accessories:<\/h4>\n<div style=\"display: flex; flex-wrap: wrap; gap: 20px; justify-content: flex-start;\">\n<div style=\"width: 100px; text-align: center;\"><a href=\"http:\/\/www.frostguide.com\" target=\"_blank\" rel=\"noopener\"><br \/>\n<img loading=\"lazy\" decoding=\"async\" style=\"object-fit: contain;\" src=\"https:\/\/atana.pl\/wp-content\/uploads\/1967\/01\/Mini-plug.png\" alt=\"Mini plug\" width=\"100\" height=\"81\" \/><br \/>\n<\/a><\/p>\n<div style=\"font-size: 12px; margin-top: 5px;\"><a href=\"\/en\/frostguide.com\/\">Mini plug<\/a><\/div>\n<\/div>\n<div style=\"width: 100px; text-align: center;\"><a href=\"http:\/\/www.frostguide.com\" target=\"_blank\" rel=\"noopener\"><br \/>\n<img loading=\"lazy\" decoding=\"async\" style=\"object-fit: contain;\" src=\"https:\/\/atana.pl\/wp-content\/uploads\/1967\/01\/Grzybek.png\" alt=\"Mushroom\" width=\"100\" height=\"81\" \/><br \/>\n<\/a><\/p>\n<div style=\"font-size: 12px; margin-top: 5px;\"><a href=\"http:\/\/www.frostguide.com\">Mushroom<\/a><\/div>\n<\/div>\n<\/div>\n<hr class=\"\" data-start=\"2248\" data-end=\"2251\" \/>\n<p class=\"\" data-start=\"2253\" data-end=\"2391\">\ud83e\uddfd <strong data-start=\"2256\" data-end=\"2391\">Skuteczno\u015b\u0107, wygoda i trwa\u0142o\u015b\u0107 \u2013 mop CAMCO z we\u0142ny syntetycznej to niezast\u0105pione narz\u0119dzie do zada\u0144 specjalnych na wodzie i l\u0105dzie.<\/strong><\/p>","protected":false},"excerpt":{"rendered":"<ul>\n<li>Obrotowy mop CAMCO z we\u0142ny syntetycznej<\/li>\n<li>Do brudu, piachu i trudno dost\u0119pnych miejsc.<\/li>\n<li>Kompatybilny z kijami CAMCO.<\/li>\n<\/ul>","protected":false},"featured_media":4391,"template":"","meta":{"_acf_changed":false},"product_brand":[],"product_cat":[115,114],"product_tag":[1163,1157,1104,1154,1160,1119,1155,1156,1159,1158,1162,1161,1149],"class_list":{"0":"post-5752","1":"product","2":"type-product","3":"status-publish","4":"has-post-thumbnail","6":"product_cat-uchwyty-teleskopowe-wymienne-koncowki","7":"product_cat-camco","8":"product_tag-akcesoria-do-czyszczenia-pojazdow","9":"product_tag-koncowka-czyszczaca-camco","10":"product_tag-koncowki-camco","11":"product_tag-mop-camco-z-welny-syntetycznej","12":"product_tag-mop-do-brudu-i-piachu","13":"product_tag-mop-do-kampera","14":"product_tag-mop-do-lodzi","15":"product_tag-mop-do-naczep","16":"product_tag-mop-na-rzep","17":"product_tag-mop-obrotowy","18":"product_tag-mop-teleskopowy-camco","19":"product_tag-sprzet-detailingowy","20":"product_tag-wyposazenie-jachtu","22":"first","23":"instock","24":"taxable","25":"shipping-taxable","26":"purchasable","27":"product-type-simple"},"acf":[],"yoast_head":"<!-- This site is optimized with the Yoast SEO plugin v25.2 - https:\/\/yoast.com\/wordpress\/plugins\/seo\/ -->\n<title>Obrotowy mop z we\u0142ny syntetycznej - ko\u0144c\u00f3wka do kija CAMCO - Atana<\/title>\n<meta name=\"description\" content=\"Mop CAMCO z we\u0142ny syntetycznej \u2013 idealny do czyszczenia jacht\u00f3w, kamper\u00f3w i pojazd\u00f3w. Obrotowa g\u0142owica, rzep, kompatybilno\u015b\u0107 z kijami CAMCO.\" \/>\n<meta name=\"robots\" content=\"index, follow, max-snippet:-1, max-image-preview:large, max-video-preview:-1\" \/>\n<link rel=\"canonical\" href=\"https:\/\/atana.pl\/en\/online-shop\/camco\/obrotowa-koncowka-do-mycia-z-welny-syntetycznej\/\" \/>\n<meta property=\"og:locale\" content=\"en_GB\" \/>\n<meta property=\"og:type\" content=\"article\" \/>\n<meta property=\"og:title\" content=\"Obrotowy mop z we\u0142ny syntetycznej - ko\u0144c\u00f3wka do kija CAMCO - Atana\" \/>\n<meta property=\"og:description\" content=\"Mop CAMCO z we\u0142ny syntetycznej \u2013 idealny do czyszczenia jacht\u00f3w, kamper\u00f3w i pojazd\u00f3w. Obrotowa g\u0142owica, rzep, kompatybilno\u015b\u0107 z kijami CAMCO.\" \/>\n<meta property=\"og:url\" content=\"https:\/\/atana.pl\/en\/online-shop\/camco\/obrotowa-koncowka-do-mycia-z-welny-syntetycznej\/\" \/>\n<meta property=\"og:site_name\" content=\"Atana\" \/>\n<meta property=\"article:publisher\" content=\"https:\/\/www.facebook.com\/atanayachts\" \/>\n<meta property=\"article:modified_time\" content=\"2025-05-10T16:39:11+00:00\" \/>\n<meta property=\"og:image\" content=\"https:\/\/atana.pl\/wp-content\/uploads\/2024\/04\/41930_4-Z.jpg\" \/>\n\t<meta property=\"og:image:width\" content=\"900\" \/>\n\t<meta property=\"og:image:height\" content=\"900\" \/>\n\t<meta property=\"og:image:type\" content=\"image\/jpeg\" \/>\n<meta name=\"twitter:card\" content=\"summary_large_image\" \/>\n<meta name=\"twitter:label1\" content=\"Estimated reading time\" \/>\n\t<meta name=\"twitter:data1\" content=\"1 minute\" \/>\n<script type=\"application\/ld+json\" class=\"yoast-schema-graph\">{\"@context\":\"https:\/\/schema.org\",\"@graph\":[{\"@type\":\"WebPage\",\"@id\":\"https:\/\/atana.pl\/sklep-on-line\/camco\/obrotowa-koncowka-do-mycia-z-welny-syntetycznej\/\",\"url\":\"https:\/\/atana.pl\/sklep-on-line\/camco\/obrotowa-koncowka-do-mycia-z-welny-syntetycznej\/\",\"name\":\"Obrotowy mop z we\u0142ny syntetycznej - ko\u0144c\u00f3wka do kija CAMCO - Atana\",\"isPartOf\":{\"@id\":\"https:\/\/atana.pl\/#website\"},\"primaryImageOfPage\":{\"@id\":\"https:\/\/atana.pl\/sklep-on-line\/camco\/obrotowa-koncowka-do-mycia-z-welny-syntetycznej\/#primaryimage\"},\"image\":{\"@id\":\"https:\/\/atana.pl\/sklep-on-line\/camco\/obrotowa-koncowka-do-mycia-z-welny-syntetycznej\/#primaryimage\"},\"thumbnailUrl\":\"https:\/\/atana.pl\/wp-content\/uploads\/2024\/04\/41930_4-Z.jpg\",\"datePublished\":\"2010-01-27T11:16:45+00:00\",\"dateModified\":\"2025-05-10T16:39:11+00:00\",\"description\":\"Mop CAMCO z we\u0142ny syntetycznej \u2013 idealny do czyszczenia jacht\u00f3w, kamper\u00f3w i pojazd\u00f3w. Obrotowa g\u0142owica, rzep, kompatybilno\u015b\u0107 z kijami CAMCO.\",\"breadcrumb\":{\"@id\":\"https:\/\/atana.pl\/sklep-on-line\/camco\/obrotowa-koncowka-do-mycia-z-welny-syntetycznej\/#breadcrumb\"},\"inLanguage\":\"en-GB\",\"potentialAction\":[{\"@type\":\"ReadAction\",\"target\":[\"https:\/\/atana.pl\/sklep-on-line\/camco\/obrotowa-koncowka-do-mycia-z-welny-syntetycznej\/\"]}]},{\"@type\":\"ImageObject\",\"inLanguage\":\"en-GB\",\"@id\":\"https:\/\/atana.pl\/sklep-on-line\/camco\/obrotowa-koncowka-do-mycia-z-welny-syntetycznej\/#primaryimage\",\"url\":\"https:\/\/atana.pl\/wp-content\/uploads\/2024\/04\/41930_4-Z.jpg\",\"contentUrl\":\"https:\/\/atana.pl\/wp-content\/uploads\/2024\/04\/41930_4-Z.jpg\",\"width\":900,\"height\":900,\"caption\":\"Obrotowa ko\u0144c\u00f3wka do mycia z we\u0142ny syntetycznej\"},{\"@type\":\"BreadcrumbList\",\"@id\":\"https:\/\/atana.pl\/sklep-on-line\/camco\/obrotowa-koncowka-do-mycia-z-welny-syntetycznej\/#breadcrumb\",\"itemListElement\":[{\"@type\":\"ListItem\",\"position\":1,\"name\":\"Strona g\u0142\u00f3wna\",\"item\":\"https:\/\/atana.pl\/\"},{\"@type\":\"ListItem\",\"position\":2,\"name\":\"Sklep on-line\",\"item\":\"https:\/\/atana.pl\/sklep-on-line\/\"},{\"@type\":\"ListItem\",\"position\":3,\"name\":\"Obrotowy mop z we\u0142ny syntetycznej &#8211; ko\u0144c\u00f3wka do kija CAMCO\"}]},{\"@type\":\"WebSite\",\"@id\":\"https:\/\/atana.pl\/#website\",\"url\":\"https:\/\/atana.pl\/\",\"name\":\"Atana\",\"description\":\"Akcesoria do \u0142odzi, kamper\u00f3w i przyczep. \u0141odzie motorowe\",\"publisher\":{\"@id\":\"https:\/\/atana.pl\/#organization\"},\"potentialAction\":[{\"@type\":\"SearchAction\",\"target\":{\"@type\":\"EntryPoint\",\"urlTemplate\":\"https:\/\/atana.pl\/?s={search_term_string}\"},\"query-input\":{\"@type\":\"PropertyValueSpecification\",\"valueRequired\":true,\"valueName\":\"search_term_string\"}}],\"inLanguage\":\"en-GB\"},{\"@type\":\"Organization\",\"@id\":\"https:\/\/atana.pl\/#organization\",\"name\":\"Atana\",\"url\":\"https:\/\/atana.pl\/\",\"logo\":{\"@type\":\"ImageObject\",\"inLanguage\":\"en-GB\",\"@id\":\"https:\/\/atana.pl\/#\/schema\/logo\/image\/\",\"url\":\"\",\"contentUrl\":\"\",\"caption\":\"Atana\"},\"image\":{\"@id\":\"https:\/\/atana.pl\/#\/schema\/logo\/image\/\"},\"sameAs\":[\"https:\/\/www.facebook.com\/atanayachts\",\"https:\/\/www.instagram.com\/atanaboats\/\",\"https:\/\/www.youtube.com\/channel\/UClMMmVqqx17in9QzgxK90Mw\"]}]}<\/script>\n<!-- \/ Yoast SEO plugin. -->","yoast_head_json":{"title":"Obrotowy mop z we\u0142ny syntetycznej - ko\u0144c\u00f3wka do kija CAMCO - Atana","description":"Mop CAMCO z we\u0142ny syntetycznej \u2013 idealny do czyszczenia jacht\u00f3w, kamper\u00f3w i pojazd\u00f3w. Obrotowa g\u0142owica, rzep, kompatybilno\u015b\u0107 z kijami CAMCO.","robots":{"index":"index","follow":"follow","max-snippet":"max-snippet:-1","max-image-preview":"max-image-preview:large","max-video-preview":"max-video-preview:-1"},"canonical":"https:\/\/atana.pl\/en\/online-shop\/camco\/obrotowa-koncowka-do-mycia-z-welny-syntetycznej\/","og_locale":"en_GB","og_type":"article","og_title":"Obrotowy mop z we\u0142ny syntetycznej - ko\u0144c\u00f3wka do kija CAMCO - Atana","og_description":"Mop CAMCO z we\u0142ny syntetycznej \u2013 idealny do czyszczenia jacht\u00f3w, kamper\u00f3w i pojazd\u00f3w. Obrotowa g\u0142owica, rzep, kompatybilno\u015b\u0107 z kijami CAMCO.","og_url":"https:\/\/atana.pl\/en\/online-shop\/camco\/obrotowa-koncowka-do-mycia-z-welny-syntetycznej\/","og_site_name":"Atana","article_publisher":"https:\/\/www.facebook.com\/atanayachts","article_modified_time":"2025-05-10T16:39:11+00:00","og_image":[{"width":900,"height":900,"url":"https:\/\/atana.pl\/wp-content\/uploads\/2024\/04\/41930_4-Z.jpg","type":"image\/jpeg"}],"twitter_card":"summary_large_image","twitter_misc":{"Estimated reading time":"1 minute"},"schema":{"@context":"https:\/\/schema.org","@graph":[{"@type":"WebPage","@id":"https:\/\/atana.pl\/sklep-on-line\/camco\/obrotowa-koncowka-do-mycia-z-welny-syntetycznej\/","url":"https:\/\/atana.pl\/sklep-on-line\/camco\/obrotowa-koncowka-do-mycia-z-welny-syntetycznej\/","name":"Obrotowy mop z we\u0142ny syntetycznej - ko\u0144c\u00f3wka do kija CAMCO - Atana","isPartOf":{"@id":"https:\/\/atana.pl\/#website"},"primaryImageOfPage":{"@id":"https:\/\/atana.pl\/sklep-on-line\/camco\/obrotowa-koncowka-do-mycia-z-welny-syntetycznej\/#primaryimage"},"image":{"@id":"https:\/\/atana.pl\/sklep-on-line\/camco\/obrotowa-koncowka-do-mycia-z-welny-syntetycznej\/#primaryimage"},"thumbnailUrl":"https:\/\/atana.pl\/wp-content\/uploads\/2024\/04\/41930_4-Z.jpg","datePublished":"2010-01-27T11:16:45+00:00","dateModified":"2025-05-10T16:39:11+00:00","description":"Mop CAMCO z we\u0142ny syntetycznej \u2013 idealny do czyszczenia jacht\u00f3w, kamper\u00f3w i pojazd\u00f3w. Obrotowa g\u0142owica, rzep, kompatybilno\u015b\u0107 z kijami CAMCO.","breadcrumb":{"@id":"https:\/\/atana.pl\/sklep-on-line\/camco\/obrotowa-koncowka-do-mycia-z-welny-syntetycznej\/#breadcrumb"},"inLanguage":"en-GB","potentialAction":[{"@type":"ReadAction","target":["https:\/\/atana.pl\/sklep-on-line\/camco\/obrotowa-koncowka-do-mycia-z-welny-syntetycznej\/"]}]},{"@type":"ImageObject","inLanguage":"en-GB","@id":"https:\/\/atana.pl\/sklep-on-line\/camco\/obrotowa-koncowka-do-mycia-z-welny-syntetycznej\/#primaryimage","url":"https:\/\/atana.pl\/wp-content\/uploads\/2024\/04\/41930_4-Z.jpg","contentUrl":"https:\/\/atana.pl\/wp-content\/uploads\/2024\/04\/41930_4-Z.jpg","width":900,"height":900,"caption":"Obrotowa ko\u0144c\u00f3wka do mycia z we\u0142ny syntetycznej"},{"@type":"BreadcrumbList","@id":"https:\/\/atana.pl\/sklep-on-line\/camco\/obrotowa-koncowka-do-mycia-z-welny-syntetycznej\/#breadcrumb","itemListElement":[{"@type":"ListItem","position":1,"name":"Strona g\u0142\u00f3wna","item":"https:\/\/atana.pl\/"},{"@type":"ListItem","position":2,"name":"Sklep on-line","item":"https:\/\/atana.pl\/sklep-on-line\/"},{"@type":"ListItem","position":3,"name":"Obrotowy mop z we\u0142ny syntetycznej &#8211; ko\u0144c\u00f3wka do kija CAMCO"}]},{"@type":"WebSite","@id":"https:\/\/atana.pl\/#website","url":"https:\/\/atana.pl\/","name":"Atana","description":"Akcesoria do \u0142odzi, kamper\u00f3w i przyczep. \u0141odzie motorowe","publisher":{"@id":"https:\/\/atana.pl\/#organization"},"potentialAction":[{"@type":"SearchAction","target":{"@type":"EntryPoint","urlTemplate":"https:\/\/atana.pl\/?s={search_term_string}"},"query-input":{"@type":"PropertyValueSpecification","valueRequired":true,"valueName":"search_term_string"}}],"inLanguage":"en-GB"},{"@type":"Organization","@id":"https:\/\/atana.pl\/#organization","name":"Atana","url":"https:\/\/atana.pl\/","logo":{"@type":"ImageObject","inLanguage":"en-GB","@id":"https:\/\/atana.pl\/#\/schema\/logo\/image\/","url":"","contentUrl":"","caption":"Atana"},"image":{"@id":"https:\/\/atana.pl\/#\/schema\/logo\/image\/"},"sameAs":["https:\/\/www.facebook.com\/atanayachts","https:\/\/www.instagram.com\/atanaboats\/","https:\/\/www.youtube.com\/channel\/UClMMmVqqx17in9QzgxK90Mw"]}]}},"_links":{"self":[{"href":"https:\/\/atana.pl\/en\/wp-json\/wp\/v2\/product\/5752","targetHints":{"allow":["GET"]}}],"collection":[{"href":"https:\/\/atana.pl\/en\/wp-json\/wp\/v2\/product"}],"about":[{"href":"https:\/\/atana.pl\/en\/wp-json\/wp\/v2\/types\/product"}],"wp:featuredmedia":[{"embeddable":true,"href":"https:\/\/atana.pl\/en\/wp-json\/wp\/v2\/media\/4391"}],"wp:attachment":[{"href":"https:\/\/atana.pl\/en\/wp-json\/wp\/v2\/media?parent=5752"}],"wp:term":[{"taxonomy":"product_brand","embeddable":true,"href":"https:\/\/atana.pl\/en\/wp-json\/wp\/v2\/product_brand?post=5752"},{"taxonomy":"product_cat","embeddable":true,"href":"https:\/\/atana.pl\/en\/wp-json\/wp\/v2\/product_cat?post=5752"},{"taxonomy":"product_tag","embeddable":true,"href":"https:\/\/atana.pl\/en\/wp-json\/wp\/v2\/product_tag?post=5752"}],"curies":[{"name":"wp","href":"https:\/\/api.w.org\/{rel}","templated":true}]}}