{"id":5704,"date":"2021-01-27T12:16:44","date_gmt":"2021-01-27T11:16:44","guid":{"rendered":"https:\/\/atana.pl\/sklep-on-line\/raczka-teleskopowa-154cm-275cm\/"},"modified":"2025-06-11T08:17:58","modified_gmt":"2025-06-11T06:17:58","slug":"raczka-teleskopowa-154cm-275cm","status":"publish","type":"product","link":"https:\/\/atana.pl\/en\/online-shop\/camco\/raczka-teleskopowa-154cm-275cm\/","title":{"rendered":"Telescopic pole multifunctional 154cm - 275cm (with bosk)"},"content":{"rendered":"<h2 class=\"\" data-start=\"213\" data-end=\"287\">\ud83d\udee0\ufe0f Wielofunkcyjny kij teleskopowy CAMCO 154\u2013275 cm z bosakiem \ud83d\udea4\ud83d\ude9b\ud83c\udfed<\/h2>\n<p class=\"\" data-start=\"288\" data-end=\"383\"><strong data-start=\"288\" data-end=\"383\">Profesjonalne narz\u0119dzie do pracy na \u0142odziach, w kamperach, przemy\u015ble i bran\u017cy transportowej<\/strong><\/p>\n<p class=\"\" data-start=\"385\" data-end=\"750\"><strong data-start=\"385\" data-end=\"425\">Wielofunkcyjny kij teleskopowy CAMCO<\/strong> o zakresie regulacji 154\u2013275 cm to idealne rozwi\u0105zanie do pracy na wi\u0119kszych jednostkach, przy wysokich pojazdach oraz w obiektach przemys\u0142owych.<br data-start=\"571\" data-end=\"574\" \/>Thanks to <strong data-start=\"581\" data-end=\"620\">systemowi wymiennych ko\u0144c\u00f3wek CAMCO<\/strong> mo\u017cesz szybko dostosowa\u0107 kij do swoich potrzeb \u2013 zamieniaj\u0105c go w szczotk\u0119, mop, podbierak, wios\u0142o, os\u0119k\u0119 lub \u015bci\u0105gaczk\u0119 do wody.<\/p>\n<p class=\"\" data-start=\"752\" data-end=\"842\">The kit includes <strong data-start=\"776\" data-end=\"793\">solidny bosak<\/strong>, kt\u00f3ry od razu rozszerza funkcjonalno\u015b\u0107 uchwytu.<\/p>\n<hr class=\"\" data-start=\"1318\" data-end=\"1321\" \/>\n<h3 class=\"\" data-start=\"1323\" data-end=\"1346\">\ud83d\udca1 Product benefits:<\/h3>\n<p class=\"\" data-start=\"1347\" data-end=\"2008\">\u2714\ufe0f <strong data-start=\"1350\" data-end=\"1371\">Range of adjustment:<\/strong> od 154 cm do a\u017c 275 cm \u2013 idealny do wysokich i trudno dost\u0119pnych miejsc<br data-start=\"1443\" data-end=\"1446\" \/>\u2714\ufe0f <strong data-start=\"1449\" data-end=\"1489\">Water drop-shaped pole profile:<\/strong> zapewnia zwi\u0119kszon\u0105 sztywno\u015b\u0107, stabilno\u015b\u0107 i wygodny chwyt<br data-start=\"1547\" data-end=\"1550\" \/>\u2714\ufe0f <strong data-start=\"1553\" data-end=\"1582\">CAMCO snap-in system:<\/strong> szybkie sk\u0142adanie i rozk\u0142adanie bez konieczno\u015bci skr\u0119cania<br data-start=\"1641\" data-end=\"1644\" \/>\u2714\ufe0f <strong data-start=\"1647\" data-end=\"1679\">Brak samoczynnego sk\u0142adania:<\/strong> solidna blokada d\u0142ugo\u015bci<br data-start=\"1704\" data-end=\"1707\" \/>\u2714\ufe0f <strong data-start=\"1710\" data-end=\"1733\">Two rubber grips:<\/strong> wygodna i pewna obs\u0142uga nawet w trudnych warunkach<br data-start=\"1784\" data-end=\"1787\" \/>\u2714\ufe0f <strong data-start=\"1790\" data-end=\"1816\">Floating design:<\/strong> bezpiecze\u0144stwo podczas pracy na wodzie<br data-start=\"1855\" data-end=\"1858\" \/>\u2714\ufe0f <strong data-start=\"1861\" data-end=\"1907\">Lekka i wytrzyma\u0142a konstrukcja aluminiowa:<\/strong> odporno\u015b\u0107 na korozj\u0119 i intensywn\u0105 eksploatacj\u0119<br data-start=\"1954\" data-end=\"1957\" \/>\u2714\ufe0f <strong data-start=\"1960\" data-end=\"2008\">Kompatybilno\u015b\u0107 z wszystkimi ko\u0144c\u00f3wkami CAMCO<\/strong><\/p>\n<hr class=\"\" data-start=\"2256\" data-end=\"2259\" \/>\n<h3 class=\"\" data-start=\"2261\" data-end=\"2296\">\ud83e\udde9 Possibility to expand the set:<\/h3>\n<p data-start=\"1490\" data-end=\"1560\">You can buy compatible CAMCO tips for the multifunction stick (tips available separately):<\/p>\n<h4>Brushes:<\/h4>\n<div style=\"display: flex; flex-wrap: wrap; gap: 20px; justify-content: flex-start;\">\n<div style=\"width: 100px; text-align: center;\"><a href=\"https:\/\/link-do-produktu-1\" target=\"_blank\" rel=\"noopener\"><br \/>\n<\/a><a href=\"https:\/\/atana.pl\/en\/online-shop\/camco\/szczotka-bardzo-miekka-xs\/\" target=\"_blank\" rel=\"noopener\"><img decoding=\"async\" class=\"alignnone\" style=\"object-fit: contain;\" src=\"https:\/\/atana.pl\/wp-content\/uploads\/2022\/04\/Bardzo-miekka_XS.png\" alt=\"Very soft - XS\" width=\"100\" height=\"81\" \/><\/a><\/p>\n<div style=\"font-size: 12px; margin-top: 5px;\"><a href=\"https:\/\/atana.pl\/en\/online-shop\/camco\/szczotka-bardzo-miekka-xs\/\">B. soft <strong>XS<\/strong><\/a><\/div>\n<\/div>\n<div style=\"width: 100px; text-align: center;\"><a href=\"https:\/\/atana.pl\/en\/online-shop\/camco\/szczotka-miekka-s\/\" target=\"_blank\" rel=\"noopener\"><br \/>\n<img decoding=\"async\" style=\"object-fit: contain;\" src=\"https:\/\/atana.pl\/wp-content\/uploads\/2022\/04\/Miekka_S.png\" alt=\"Soft brush\" width=\"100\" height=\"81\" data-wp-editing=\"1\" \/><br \/>\n<\/a><\/p>\n<div style=\"font-size: 12px; margin-top: 5px;\"><a href=\"https:\/\/atana.pl\/en\/online-shop\/camco\/szczotka-miekka-s\/\">Soft <strong>S<\/strong><\/a><\/div>\n<\/div>\n<div style=\"width: 100px; text-align: center;\"><a href=\"https:\/\/atana.pl\/en\/online-shop\/camco\/szczotka-srednia-m\/\" target=\"_blank\" rel=\"noopener\"><br \/>\n<img decoding=\"async\" style=\"object-fit: contain;\" src=\"https:\/\/atana.pl\/wp-content\/uploads\/2022\/04\/Srednia_M.png\" alt=\"Medium brush\" width=\"100\" height=\"81\" \/><br \/>\n<\/a><\/p>\n<div style=\"font-size: 12px; margin-top: 5px;\"><a href=\"https:\/\/atana.pl\/en\/online-shop\/camco\/szczotka-srednia-m\/\">Average<strong> M<\/strong><\/a><\/div>\n<\/div>\n<div style=\"width: 100px; text-align: center;\"><a href=\"https:\/\/atana.pl\/en\/online-shop\/camco\/szczotka-twarda-x\/\" target=\"_blank\" rel=\"noopener\"><br \/>\n<img loading=\"lazy\" decoding=\"async\" style=\"object-fit: contain;\" src=\"https:\/\/atana.pl\/wp-content\/uploads\/2022\/04\/Twarda_X.png\" alt=\"Hard brush\" width=\"100\" height=\"81\" \/><br \/>\n<\/a><\/p>\n<div style=\"font-size: 12px; margin-top: 5px;\"><a href=\"https:\/\/atana.pl\/en\/online-shop\/camco\/szczotka-twarda-x\/\">Hard <strong>X<\/strong><\/a><\/div>\n<\/div>\n<\/div>\n<h4>Mops:<\/h4>\n<div style=\"display: flex; flex-wrap: wrap; gap: 20px; justify-content: flex-start;\">\n<div style=\"width: 100px; text-align: center;\"><a href=\"https:\/\/atana.pl\/en\/online-shop\/camco\/obrotowa-koncowka-do-mycia-z-mikrofibry\/\" target=\"_blank\" rel=\"noopener\"><br \/>\n<img loading=\"lazy\" decoding=\"async\" style=\"object-fit: contain;\" src=\"https:\/\/atana.pl\/wp-content\/uploads\/1967\/01\/Mikrofibra.png\" alt=\"Microfibre mop\" width=\"100\" height=\"81\" \/><br \/>\n<\/a><\/p>\n<div style=\"font-size: 12px; margin-top: 5px;\"><a href=\"https:\/\/atana.pl\/en\/online-shop\/camco\/obrotowa-koncowka-do-mycia-z-mikrofibry\/\">Microfibre mop<\/a><\/div>\n<\/div>\n<div style=\"width: 100px; text-align: center;\"><a href=\"https:\/\/atana.pl\/en\/online-shop\/camco\/obrotowa-koncowka-do-mycia-z-welny-syntetycznej\/\" target=\"_blank\" rel=\"noopener\"><br \/>\n<img loading=\"lazy\" decoding=\"async\" style=\"object-fit: contain;\" src=\"https:\/\/atana.pl\/wp-content\/uploads\/1967\/01\/Welna-syntetyczna.png\" alt=\"Synthetic wool mop\" width=\"100\" height=\"81\" \/><br \/>\n<\/a><\/p>\n<div style=\"font-size: 12px; margin-top: 5px;\"><a href=\"https:\/\/atana.pl\/en\/online-shop\/camco\/obrotowa-koncowka-do-mycia-z-welny-syntetycznej\/\">Synthetic wool mop<\/a><\/div>\n<\/div>\n<div style=\"width: 100px; text-align: center;\"><a href=\"https:\/\/atana.pl\/en\/online-shop\/camco\/mop\/\" target=\"_blank\" rel=\"noopener\"><br \/>\n<img loading=\"lazy\" decoding=\"async\" style=\"object-fit: contain;\" src=\"https:\/\/atana.pl\/wp-content\/uploads\/1967\/01\/Mop-z-paskow.png\" alt=\"Striped mop\" width=\"100\" height=\"81\" \/><br \/>\n<\/a><\/p>\n<div style=\"font-size: 12px; margin-top: 5px;\"><a href=\"https:\/\/atana.pl\/en\/online-shop\/camco\/mop\/\">Striped mop<\/a><\/div>\n<\/div>\n<\/div>\n<h4>Boat accessories and fishing accessories:<\/h4>\n<div style=\"display: flex; flex-wrap: wrap; gap: 20px; justify-content: flex-start;\">\n<div style=\"width: 100px; text-align: center;\"><a href=\"https:\/\/atana.pl\/en\/online-shop\/camco\/wioslo\/\" target=\"_blank\" rel=\"noopener\"><br \/>\n<img loading=\"lazy\" decoding=\"async\" style=\"object-fit: contain;\" src=\"https:\/\/atana.pl\/wp-content\/uploads\/1967\/01\/Wioslo.png\" alt=\"Paddle\" width=\"100\" height=\"81\" \/><br \/>\n<\/a><\/p>\n<div style=\"font-size: 12px; margin-top: 5px;\"><a href=\"https:\/\/atana.pl\/en\/online-shop\/camco\/wioslo\/\">Paddle<\/a><\/div>\n<\/div>\n<div style=\"width: 100px; text-align: center;\"><a href=\"https:\/\/atana.pl\/en\/online-shop\/camco\/podbierak\/\" target=\"_blank\" rel=\"noopener\"><br \/>\n<img loading=\"lazy\" decoding=\"async\" style=\"object-fit: contain;\" src=\"https:\/\/atana.pl\/wp-content\/uploads\/1967\/01\/Podbierak.png\" alt=\"Landing net\" width=\"100\" height=\"81\" \/><br \/>\n<\/a><\/p>\n<div style=\"font-size: 12px; margin-top: 5px;\"><a href=\"https:\/\/atana.pl\/en\/online-shop\/camco\/podbierak\/\">Landing net<\/a><\/div>\n<\/div>\n<div style=\"width: 100px; text-align: center;\"><a href=\"https:\/\/atana.pl\/en\/online-shop\/camco\/sciagaczka-do-wody-reczna-35cm\/\" target=\"_blank\" rel=\"noopener\"><br \/>\n<img loading=\"lazy\" decoding=\"async\" style=\"object-fit: contain;\" src=\"https:\/\/atana.pl\/wp-content\/uploads\/1967\/01\/Sciagaczka-do-wody.png\" alt=\"Water squeegee\" width=\"100\" height=\"81\" \/><br \/>\n<\/a><\/p>\n<div style=\"font-size: 12px; margin-top: 5px;\"><a href=\"https:\/\/atana.pl\/en\/online-shop\/camco\/sciagaczka-do-wody-reczna-35cm\/\">Water squeegee<\/a><\/div>\n<\/div>\n<div style=\"width: 100px; text-align: center;\"><a href=\"https:\/\/atana.pl\/en\/online-shop\/camco\/obrotowy-adapter-do-mocowania-sciagaczki-do-raczki-teleskopowej-camco\/\" target=\"_blank\" rel=\"noopener\"><br \/>\n<img loading=\"lazy\" decoding=\"async\" style=\"object-fit: contain;\" src=\"https:\/\/atana.pl\/wp-content\/uploads\/1967\/01\/Adapter-sciagaczki.png\" alt=\"Wiper adapter\" width=\"100\" height=\"81\" \/><br \/>\n<\/a><\/p>\n<div style=\"font-size: 12px; margin-top: 5px;\"><a href=\"https:\/\/atana.pl\/en\/online-shop\/camco\/obrotowy-adapter-do-mocowania-sciagaczki-do-raczki-teleskopowej-camco\/\">Wiper adapter<\/a><\/div>\n<\/div>\n<div style=\"width: 100px; text-align: center;\"><a href=\"https:\/\/atana.pl\/en\/online-shop\/promotions\/wiadro-prostokatne\/\" target=\"_blank\" rel=\"noopener\"><br \/>\n<img loading=\"lazy\" decoding=\"async\" style=\"object-fit: contain;\" src=\"https:\/\/atana.pl\/wp-content\/uploads\/1967\/01\/Skladane-wiadro.png\" alt=\"Folding bucket\" width=\"100\" height=\"81\" \/><br \/>\n<\/a><\/p>\n<div style=\"font-size: 12px; margin-top: 5px;\"><a href=\"https:\/\/atana.pl\/en\/online-shop\/promotions\/wiadro-prostokatne\/\">Folding bucket<\/a><\/div>\n<\/div>\n<div style=\"width: 100px; text-align: center;\"><a href=\"https:\/\/atana.pl\/en\/online-shop\/camco\/oseka\/\" target=\"_blank\" rel=\"noopener\"><br \/>\n<img loading=\"lazy\" decoding=\"async\" style=\"object-fit: contain;\" src=\"https:\/\/atana.pl\/wp-content\/uploads\/1967\/01\/Oseka.png\" alt=\"Os\u0119ka\" width=\"100\" height=\"81\" \/><br \/>\n<\/a><\/p>\n<div style=\"font-size: 12px; margin-top: 5px;\"><a href=\"https:\/\/atana.pl\/en\/online-shop\/camco\/oseka\/\">Os\u0119ka<\/a><\/div>\n<\/div>\n<div style=\"width: 100px; text-align: center;\"><a href=\"https:\/\/atana.pl\/en\/online-shop\/camco\/bosak\/\" target=\"_blank\" rel=\"noopener\"><br \/>\n<img loading=\"lazy\" decoding=\"async\" style=\"object-fit: contain;\" src=\"https:\/\/atana.pl\/wp-content\/uploads\/1967\/01\/Dodatkowy-bosak.png\" alt=\"Additional barefoot\" width=\"100\" height=\"81\" \/><br \/>\n<\/a><\/p>\n<div style=\"font-size: 12px; margin-top: 5px;\"><a href=\"https:\/\/atana.pl\/en\/online-shop\/camco\/bosak\/\">Additional barefoot<\/a><\/div>\n<\/div>\n<\/div>\n<h4>Snow clearing accessories:<\/h4>\n<div style=\"display: flex; flex-wrap: wrap; gap: 20px; justify-content: flex-start;\">\n<div style=\"width: 100px; text-align: center;\"><a href=\"http:\/\/www.frostguide.com\" target=\"_blank\" rel=\"noopener\"><br \/>\n<img loading=\"lazy\" decoding=\"async\" style=\"object-fit: contain;\" src=\"https:\/\/atana.pl\/wp-content\/uploads\/1967\/01\/Mini-plug.png\" alt=\"Mini plug\" width=\"100\" height=\"81\" \/><br \/>\n<\/a><\/p>\n<div style=\"font-size: 12px; margin-top: 5px;\"><a href=\"\/en\/frostguide.com\/\">Mini plug<\/a><\/div>\n<\/div>\n<div style=\"width: 100px; text-align: center;\"><a href=\"http:\/\/www.frostguide.com\" target=\"_blank\" rel=\"noopener\"><br \/>\n<img loading=\"lazy\" decoding=\"async\" style=\"object-fit: contain;\" src=\"https:\/\/atana.pl\/wp-content\/uploads\/1967\/01\/Grzybek.png\" alt=\"Mushroom\" width=\"100\" height=\"81\" \/><br \/>\n<\/a><\/p>\n<div style=\"font-size: 12px; margin-top: 5px;\"><a href=\"http:\/\/www.frostguide.com\">Mushroom<\/a><\/div>\n<\/div>\n<\/div>\n<hr class=\"\" data-start=\"2602\" data-end=\"2605\" \/>\n<h2 class=\"\" data-start=\"2607\" data-end=\"2670\">\ud83d\udea4\ud83d\ude9b\ud83d\udeeb Najlepsze rozwi\u0105zanie dla wymagaj\u0105cych u\u017cytkownik\u00f3w<\/h2>\n<p class=\"\" data-start=\"2671\" data-end=\"2810\"><strong data-start=\"2671\" data-end=\"2707\">Kij teleskopowy CAMCO 154\u2013275 cm<\/strong> \u0142\u0105czy w sobie trwa\u0142o\u015b\u0107, funkcjonalno\u015b\u0107 i maksymalny zasi\u0119g \u2013 doskona\u0142y do pracy na wodzie i na l\u0105dzie.<\/p>","protected":false},"excerpt":{"rendered":"<ul>\n<li>CAMCO multi-purpose stick with a bosk.<\/li>\n<li>Teleskopowy, zakres 154 cm &#8211; 275 cm.<\/li>\n<li>For boats, campers, industrial halls, buses, aircraft.<\/li>\n<li>Aluminium, floating.<\/li>\n<li>Profil \u0142ezki &#8211; dodatkowa sztywno\u015b\u0107.<\/li>\n<\/ul>","protected":false},"featured_media":7060,"template":"","meta":{"_acf_changed":false},"product_brand":[],"product_cat":[115,114],"product_tag":[1056,1042,1053,1057,1041,1058,1050,1047],"class_list":{"0":"post-5704","1":"product","2":"type-product","3":"status-publish","4":"has-post-thumbnail","6":"product_cat-uchwyty-teleskopowe-wymienne-koncowki","7":"product_cat-camco","8":"product_tag-kij-154-275-cm","9":"product_tag-kij-do-autobusow","10":"product_tag-kij-do-ciezarowek","11":"product_tag-kij-do-lodzi","12":"product_tag-kij-przemyslowy","13":"product_tag-kij-serwisowy-do-samolotow","14":"product_tag-kij-teleskopowy-camco","15":"product_tag-kij-wielofunkcyjny-do-czyszczenia","16":"product_shipping_class-kurier-odbior-osobisty","18":"first","19":"outofstock","20":"taxable","21":"shipping-taxable","22":"purchasable","23":"product-type-simple"},"acf":[],"yoast_head":"<!-- This site is optimized with the Yoast SEO plugin v25.2 - https:\/\/yoast.com\/wordpress\/plugins\/seo\/ -->\n<title>Kij teleskopowy wielofunkcyjny 154cm - 275cm (z bosakiem) - Atana<\/title>\n<meta name=\"description\" content=\"Wielofunkcyjny kij teleskopowy CAMCO 154\u2013275 cm z bosakiem. System zatrzaskowy, aluminiowa konstrukcja. Do \u0142odzi, kamper\u00f3w, przemys\u0142u i transportu\" \/>\n<meta name=\"robots\" content=\"index, follow, max-snippet:-1, max-image-preview:large, max-video-preview:-1\" \/>\n<link rel=\"canonical\" href=\"https:\/\/atana.pl\/en\/online-shop\/camco\/raczka-teleskopowa-154cm-275cm\/\" \/>\n<meta property=\"og:locale\" content=\"en_GB\" \/>\n<meta property=\"og:type\" content=\"article\" \/>\n<meta property=\"og:title\" content=\"Kij teleskopowy wielofunkcyjny 154cm - 275cm (z bosakiem) - Atana\" \/>\n<meta property=\"og:description\" content=\"Wielofunkcyjny kij teleskopowy CAMCO 154\u2013275 cm z bosakiem. System zatrzaskowy, aluminiowa konstrukcja. Do \u0142odzi, kamper\u00f3w, przemys\u0142u i transportu\" \/>\n<meta property=\"og:url\" content=\"https:\/\/atana.pl\/en\/online-shop\/camco\/raczka-teleskopowa-154cm-275cm\/\" \/>\n<meta property=\"og:site_name\" content=\"Atana\" \/>\n<meta property=\"article:publisher\" content=\"https:\/\/www.facebook.com\/atanayachts\" \/>\n<meta property=\"article:modified_time\" content=\"2025-06-11T06:17:58+00:00\" \/>\n<meta property=\"og:image\" content=\"https:\/\/atana.pl\/wp-content\/uploads\/2025\/04\/41914_Kij_154_275.png\" \/>\n\t<meta property=\"og:image:width\" content=\"900\" \/>\n\t<meta property=\"og:image:height\" content=\"900\" \/>\n\t<meta property=\"og:image:type\" content=\"image\/png\" \/>\n<meta name=\"twitter:card\" content=\"summary_large_image\" \/>\n<meta name=\"twitter:label1\" content=\"Estimated reading time\" \/>\n\t<meta name=\"twitter:data1\" content=\"2 minutes\" \/>\n<script type=\"application\/ld+json\" class=\"yoast-schema-graph\">{\"@context\":\"https:\/\/schema.org\",\"@graph\":[{\"@type\":\"WebPage\",\"@id\":\"https:\/\/atana.pl\/sklep-on-line\/camco\/raczka-teleskopowa-154cm-275cm\/\",\"url\":\"https:\/\/atana.pl\/sklep-on-line\/camco\/raczka-teleskopowa-154cm-275cm\/\",\"name\":\"Kij teleskopowy wielofunkcyjny 154cm - 275cm (z bosakiem) - Atana\",\"isPartOf\":{\"@id\":\"https:\/\/atana.pl\/#website\"},\"primaryImageOfPage\":{\"@id\":\"https:\/\/atana.pl\/sklep-on-line\/camco\/raczka-teleskopowa-154cm-275cm\/#primaryimage\"},\"image\":{\"@id\":\"https:\/\/atana.pl\/sklep-on-line\/camco\/raczka-teleskopowa-154cm-275cm\/#primaryimage\"},\"thumbnailUrl\":\"https:\/\/atana.pl\/wp-content\/uploads\/2025\/04\/41914_Kij_154_275.png\",\"datePublished\":\"2021-01-27T11:16:44+00:00\",\"dateModified\":\"2025-06-11T06:17:58+00:00\",\"description\":\"Wielofunkcyjny kij teleskopowy CAMCO 154\u2013275 cm z bosakiem. System zatrzaskowy, aluminiowa konstrukcja. Do \u0142odzi, kamper\u00f3w, przemys\u0142u i transportu\",\"breadcrumb\":{\"@id\":\"https:\/\/atana.pl\/sklep-on-line\/camco\/raczka-teleskopowa-154cm-275cm\/#breadcrumb\"},\"inLanguage\":\"en-GB\",\"potentialAction\":[{\"@type\":\"ReadAction\",\"target\":[\"https:\/\/atana.pl\/sklep-on-line\/camco\/raczka-teleskopowa-154cm-275cm\/\"]}]},{\"@type\":\"ImageObject\",\"inLanguage\":\"en-GB\",\"@id\":\"https:\/\/atana.pl\/sklep-on-line\/camco\/raczka-teleskopowa-154cm-275cm\/#primaryimage\",\"url\":\"https:\/\/atana.pl\/wp-content\/uploads\/2025\/04\/41914_Kij_154_275.png\",\"contentUrl\":\"https:\/\/atana.pl\/wp-content\/uploads\/2025\/04\/41914_Kij_154_275.png\",\"width\":900,\"height\":900,\"caption\":\"41914 Kij 154 275\"},{\"@type\":\"BreadcrumbList\",\"@id\":\"https:\/\/atana.pl\/sklep-on-line\/camco\/raczka-teleskopowa-154cm-275cm\/#breadcrumb\",\"itemListElement\":[{\"@type\":\"ListItem\",\"position\":1,\"name\":\"Strona g\u0142\u00f3wna\",\"item\":\"https:\/\/atana.pl\/\"},{\"@type\":\"ListItem\",\"position\":2,\"name\":\"Sklep on-line\",\"item\":\"https:\/\/atana.pl\/sklep-on-line\/\"},{\"@type\":\"ListItem\",\"position\":3,\"name\":\"Kij teleskopowy wielofunkcyjny 154cm &#8211; 275cm (z bosakiem)\"}]},{\"@type\":\"WebSite\",\"@id\":\"https:\/\/atana.pl\/#website\",\"url\":\"https:\/\/atana.pl\/\",\"name\":\"Atana\",\"description\":\"Akcesoria do \u0142odzi, kamper\u00f3w i przyczep. \u0141odzie motorowe\",\"publisher\":{\"@id\":\"https:\/\/atana.pl\/#organization\"},\"potentialAction\":[{\"@type\":\"SearchAction\",\"target\":{\"@type\":\"EntryPoint\",\"urlTemplate\":\"https:\/\/atana.pl\/?s={search_term_string}\"},\"query-input\":{\"@type\":\"PropertyValueSpecification\",\"valueRequired\":true,\"valueName\":\"search_term_string\"}}],\"inLanguage\":\"en-GB\"},{\"@type\":\"Organization\",\"@id\":\"https:\/\/atana.pl\/#organization\",\"name\":\"Atana\",\"url\":\"https:\/\/atana.pl\/\",\"logo\":{\"@type\":\"ImageObject\",\"inLanguage\":\"en-GB\",\"@id\":\"https:\/\/atana.pl\/#\/schema\/logo\/image\/\",\"url\":\"\",\"contentUrl\":\"\",\"caption\":\"Atana\"},\"image\":{\"@id\":\"https:\/\/atana.pl\/#\/schema\/logo\/image\/\"},\"sameAs\":[\"https:\/\/www.facebook.com\/atanayachts\",\"https:\/\/www.instagram.com\/atanaboats\/\",\"https:\/\/www.youtube.com\/channel\/UClMMmVqqx17in9QzgxK90Mw\"]}]}<\/script>\n<!-- \/ Yoast SEO plugin. -->","yoast_head_json":{"title":"Kij teleskopowy wielofunkcyjny 154cm - 275cm (z bosakiem) - Atana","description":"Wielofunkcyjny kij teleskopowy CAMCO 154\u2013275 cm z bosakiem. System zatrzaskowy, aluminiowa konstrukcja. Do \u0142odzi, kamper\u00f3w, przemys\u0142u i transportu","robots":{"index":"index","follow":"follow","max-snippet":"max-snippet:-1","max-image-preview":"max-image-preview:large","max-video-preview":"max-video-preview:-1"},"canonical":"https:\/\/atana.pl\/en\/online-shop\/camco\/raczka-teleskopowa-154cm-275cm\/","og_locale":"en_GB","og_type":"article","og_title":"Kij teleskopowy wielofunkcyjny 154cm - 275cm (z bosakiem) - Atana","og_description":"Wielofunkcyjny kij teleskopowy CAMCO 154\u2013275 cm z bosakiem. System zatrzaskowy, aluminiowa konstrukcja. Do \u0142odzi, kamper\u00f3w, przemys\u0142u i transportu","og_url":"https:\/\/atana.pl\/en\/online-shop\/camco\/raczka-teleskopowa-154cm-275cm\/","og_site_name":"Atana","article_publisher":"https:\/\/www.facebook.com\/atanayachts","article_modified_time":"2025-06-11T06:17:58+00:00","og_image":[{"width":900,"height":900,"url":"https:\/\/atana.pl\/wp-content\/uploads\/2025\/04\/41914_Kij_154_275.png","type":"image\/png"}],"twitter_card":"summary_large_image","twitter_misc":{"Estimated reading time":"2 minutes"},"schema":{"@context":"https:\/\/schema.org","@graph":[{"@type":"WebPage","@id":"https:\/\/atana.pl\/sklep-on-line\/camco\/raczka-teleskopowa-154cm-275cm\/","url":"https:\/\/atana.pl\/sklep-on-line\/camco\/raczka-teleskopowa-154cm-275cm\/","name":"Kij teleskopowy wielofunkcyjny 154cm - 275cm (z bosakiem) - Atana","isPartOf":{"@id":"https:\/\/atana.pl\/#website"},"primaryImageOfPage":{"@id":"https:\/\/atana.pl\/sklep-on-line\/camco\/raczka-teleskopowa-154cm-275cm\/#primaryimage"},"image":{"@id":"https:\/\/atana.pl\/sklep-on-line\/camco\/raczka-teleskopowa-154cm-275cm\/#primaryimage"},"thumbnailUrl":"https:\/\/atana.pl\/wp-content\/uploads\/2025\/04\/41914_Kij_154_275.png","datePublished":"2021-01-27T11:16:44+00:00","dateModified":"2025-06-11T06:17:58+00:00","description":"Wielofunkcyjny kij teleskopowy CAMCO 154\u2013275 cm z bosakiem. System zatrzaskowy, aluminiowa konstrukcja. Do \u0142odzi, kamper\u00f3w, przemys\u0142u i transportu","breadcrumb":{"@id":"https:\/\/atana.pl\/sklep-on-line\/camco\/raczka-teleskopowa-154cm-275cm\/#breadcrumb"},"inLanguage":"en-GB","potentialAction":[{"@type":"ReadAction","target":["https:\/\/atana.pl\/sklep-on-line\/camco\/raczka-teleskopowa-154cm-275cm\/"]}]},{"@type":"ImageObject","inLanguage":"en-GB","@id":"https:\/\/atana.pl\/sklep-on-line\/camco\/raczka-teleskopowa-154cm-275cm\/#primaryimage","url":"https:\/\/atana.pl\/wp-content\/uploads\/2025\/04\/41914_Kij_154_275.png","contentUrl":"https:\/\/atana.pl\/wp-content\/uploads\/2025\/04\/41914_Kij_154_275.png","width":900,"height":900,"caption":"41914 Kij 154 275"},{"@type":"BreadcrumbList","@id":"https:\/\/atana.pl\/sklep-on-line\/camco\/raczka-teleskopowa-154cm-275cm\/#breadcrumb","itemListElement":[{"@type":"ListItem","position":1,"name":"Strona g\u0142\u00f3wna","item":"https:\/\/atana.pl\/"},{"@type":"ListItem","position":2,"name":"Sklep on-line","item":"https:\/\/atana.pl\/sklep-on-line\/"},{"@type":"ListItem","position":3,"name":"Kij teleskopowy wielofunkcyjny 154cm &#8211; 275cm (z bosakiem)"}]},{"@type":"WebSite","@id":"https:\/\/atana.pl\/#website","url":"https:\/\/atana.pl\/","name":"Atana","description":"Akcesoria do \u0142odzi, kamper\u00f3w i przyczep. \u0141odzie motorowe","publisher":{"@id":"https:\/\/atana.pl\/#organization"},"potentialAction":[{"@type":"SearchAction","target":{"@type":"EntryPoint","urlTemplate":"https:\/\/atana.pl\/?s={search_term_string}"},"query-input":{"@type":"PropertyValueSpecification","valueRequired":true,"valueName":"search_term_string"}}],"inLanguage":"en-GB"},{"@type":"Organization","@id":"https:\/\/atana.pl\/#organization","name":"Atana","url":"https:\/\/atana.pl\/","logo":{"@type":"ImageObject","inLanguage":"en-GB","@id":"https:\/\/atana.pl\/#\/schema\/logo\/image\/","url":"","contentUrl":"","caption":"Atana"},"image":{"@id":"https:\/\/atana.pl\/#\/schema\/logo\/image\/"},"sameAs":["https:\/\/www.facebook.com\/atanayachts","https:\/\/www.instagram.com\/atanaboats\/","https:\/\/www.youtube.com\/channel\/UClMMmVqqx17in9QzgxK90Mw"]}]}},"_links":{"self":[{"href":"https:\/\/atana.pl\/en\/wp-json\/wp\/v2\/product\/5704","targetHints":{"allow":["GET"]}}],"collection":[{"href":"https:\/\/atana.pl\/en\/wp-json\/wp\/v2\/product"}],"about":[{"href":"https:\/\/atana.pl\/en\/wp-json\/wp\/v2\/types\/product"}],"wp:featuredmedia":[{"embeddable":true,"href":"https:\/\/atana.pl\/en\/wp-json\/wp\/v2\/media\/7060"}],"wp:attachment":[{"href":"https:\/\/atana.pl\/en\/wp-json\/wp\/v2\/media?parent=5704"}],"wp:term":[{"taxonomy":"product_brand","embeddable":true,"href":"https:\/\/atana.pl\/en\/wp-json\/wp\/v2\/product_brand?post=5704"},{"taxonomy":"product_cat","embeddable":true,"href":"https:\/\/atana.pl\/en\/wp-json\/wp\/v2\/product_cat?post=5704"},{"taxonomy":"product_tag","embeddable":true,"href":"https:\/\/atana.pl\/en\/wp-json\/wp\/v2\/product_tag?post=5704"}],"curies":[{"name":"wp","href":"https:\/\/api.w.org\/{rel}","templated":true}]}}