{"id":5694,"date":"2022-01-27T12:16:44","date_gmt":"2022-01-27T11:16:44","guid":{"rendered":"https:\/\/atana.pl\/sklep-on-line\/raczka-teleskopowa-105cm-184cm\/"},"modified":"2025-09-05T21:34:22","modified_gmt":"2025-09-05T19:34:22","slug":"telescopic-handle-105cm-184cm","status":"publish","type":"product","link":"https:\/\/atana.pl\/en\/online-shop\/camco\/telescopic-handle-105cm-184cm\/","title":{"rendered":"Multipurpose telescopic pole 105cm - 184cm (with bosk)"},"content":{"rendered":"<h2 class=\"\" data-start=\"240\" data-end=\"314\">\ud83d\udee0\ufe0f Multi-functional CAMCO 105-184 cm telescopic pole with bosk \ud83d\udea4\ud83d\ude9b\ud83c\udfed<\/h2>\n<p class=\"\" data-start=\"315\" data-end=\"424\"><strong data-start=\"315\" data-end=\"424\">A versatile tool for watermen, travellers and industry and transport professionals<\/strong><\/p>\n<p class=\"\" data-start=\"426\" data-end=\"771\"><strong data-start=\"426\" data-end=\"451\">CAMCO telescopic pole<\/strong> with an adjustment range of 105-184 cm, it is an extensive solution for all cleaning jobs on the water, on the move and in demanding industrial environments.<br data-start=\"607\" data-end=\"610\" \/>An interchangeable tip system allows you to instantly transform your stick into a brush, mop, landing net, paddle, wasp or squeegee. <strong data-start=\"744\" data-end=\"771\">one pole is enough!<\/strong><\/p>\n<p class=\"\" data-start=\"773\" data-end=\"865\">The kit includes <strong data-start=\"797\" data-end=\"806\">bosak<\/strong>and the whole system works with all CAMCO terminals.<\/p>\n<hr class=\"\" data-start=\"1294\" data-end=\"1297\" \/>\n<h3 class=\"\" data-start=\"1299\" data-end=\"1322\">\ud83d\udca1 Product benefits:<\/h3>\n<p class=\"\" data-start=\"1323\" data-end=\"1924\">\u2714\ufe0f <strong data-start=\"1326\" data-end=\"1347\">Range of adjustment:<\/strong> 105-184 cm - for small and large units and high areas<br data-start=\"1416\" data-end=\"1419\" \/>\u2714\ufe0f <strong data-start=\"1422\" data-end=\"1462\">Water drop-shaped pole profile:<\/strong> increased rigidity, better grip, ergonomic handling<br data-start=\"1519\" data-end=\"1522\" \/>\u2714\ufe0f <strong data-start=\"1525\" data-end=\"1554\">CAMCO snap-in system:<\/strong> reliable length locking and bit change without twisting<br data-start=\"1621\" data-end=\"1624\" \/>\u2714\ufe0f <strong data-start=\"1627\" data-end=\"1653\">Floating design:<\/strong> water safety - the pole will not sink<br data-start=\"1696\" data-end=\"1699\" \/>\u2714\ufe0f <strong data-start=\"1702\" data-end=\"1725\">Two rubber grips:<\/strong> comfortable to work with, even with wet hands<br data-start=\"1759\" data-end=\"1762\" \/>\u2714\ufe0f <strong data-start=\"1765\" data-end=\"1792\">Aluminium construction:<\/strong> robustness, lightness, corrosion resistance<br data-start=\"1836\" data-end=\"1839\" \/>\u2714\ufe0f <strong data-start=\"1842\" data-end=\"1883\">Compatibility with the entire CAMCO system<\/strong> - wide range of tips for every job<\/p>\n<hr class=\"\" data-start=\"2172\" data-end=\"2175\" \/>\n<h3 class=\"\" data-start=\"2177\" data-end=\"2212\">\ud83e\udde9 Possibility to expand the set:<\/h3>\n<p data-start=\"1490\" data-end=\"1560\">You can buy compatible CAMCO tips for the multifunction stick (tips available separately):<\/p>\n<h4>Brushes:<\/h4>\n<div style=\"display: flex; flex-wrap: wrap; gap: 20px; justify-content: flex-start;\">\n<div style=\"width: 100px; text-align: center;\"><a href=\"https:\/\/link-do-produktu-1\" target=\"_blank\" rel=\"noopener\"><br \/>\n<\/a><a href=\"https:\/\/atana.pl\/en\/online-shop\/camco\/szczotka-bardzo-miekka-xs\/\" target=\"_blank\" rel=\"noopener\"><img decoding=\"async\" class=\"alignnone\" style=\"object-fit: contain;\" src=\"https:\/\/atana.pl\/wp-content\/uploads\/2022\/04\/Bardzo-miekka_XS.png\" alt=\"Very soft - XS\" width=\"100\" height=\"81\" \/><\/a><\/p>\n<div style=\"font-size: 12px; margin-top: 5px;\"><a href=\"https:\/\/atana.pl\/en\/online-shop\/camco\/szczotka-bardzo-miekka-xs\/\">B. soft <strong>XS<\/strong><\/a><\/div>\n<\/div>\n<div style=\"width: 100px; text-align: center;\"><a href=\"https:\/\/atana.pl\/en\/online-shop\/camco\/szczotka-miekka-s\/\" target=\"_blank\" rel=\"noopener\"><br \/>\n<img decoding=\"async\" style=\"object-fit: contain;\" src=\"https:\/\/atana.pl\/wp-content\/uploads\/2022\/04\/Miekka_S.png\" alt=\"Soft brush\" width=\"100\" height=\"81\" data-wp-editing=\"1\" \/><br \/>\n<\/a><\/p>\n<div style=\"font-size: 12px; margin-top: 5px;\"><a href=\"https:\/\/atana.pl\/en\/online-shop\/camco\/szczotka-miekka-s\/\">Soft <strong>S<\/strong><\/a><\/div>\n<\/div>\n<div style=\"width: 100px; text-align: center;\"><a href=\"https:\/\/atana.pl\/en\/online-shop\/camco\/szczotka-srednia-m\/\" target=\"_blank\" rel=\"noopener\"><br \/>\n<img decoding=\"async\" style=\"object-fit: contain;\" src=\"https:\/\/atana.pl\/wp-content\/uploads\/2022\/04\/Srednia_M.png\" alt=\"Medium brush\" width=\"100\" height=\"81\" \/><br \/>\n<\/a><\/p>\n<div style=\"font-size: 12px; margin-top: 5px;\"><a href=\"https:\/\/atana.pl\/en\/online-shop\/camco\/szczotka-srednia-m\/\">Average<strong> M<\/strong><\/a><\/div>\n<\/div>\n<div style=\"width: 100px; text-align: center;\"><a href=\"https:\/\/atana.pl\/en\/online-shop\/camco\/szczotka-twarda-x\/\" target=\"_blank\" rel=\"noopener\"><br \/>\n<img loading=\"lazy\" decoding=\"async\" style=\"object-fit: contain;\" src=\"https:\/\/atana.pl\/wp-content\/uploads\/2022\/04\/Twarda_X.png\" alt=\"Hard brush\" width=\"100\" height=\"81\" \/><br \/>\n<\/a><\/p>\n<div style=\"font-size: 12px; margin-top: 5px;\"><a href=\"https:\/\/atana.pl\/en\/online-shop\/camco\/szczotka-twarda-x\/\">Hard <strong>X<\/strong><\/a><\/div>\n<\/div>\n<\/div>\n<h4>Mops:<\/h4>\n<div style=\"display: flex; flex-wrap: wrap; gap: 20px; justify-content: flex-start;\">\n<div style=\"width: 100px; text-align: center;\"><a href=\"https:\/\/atana.pl\/en\/online-shop\/camco\/obrotowa-koncowka-do-mycia-z-mikrofibry\/\" target=\"_blank\" rel=\"noopener\"><br \/>\n<img loading=\"lazy\" decoding=\"async\" style=\"object-fit: contain;\" src=\"https:\/\/atana.pl\/wp-content\/uploads\/1967\/01\/Mikrofibra.png\" alt=\"Microfibre mop\" width=\"100\" height=\"81\" \/><br \/>\n<\/a><\/p>\n<div style=\"font-size: 12px; margin-top: 5px;\"><a href=\"https:\/\/atana.pl\/en\/online-shop\/camco\/obrotowa-koncowka-do-mycia-z-mikrofibry\/\">Microfibre mop<\/a><\/div>\n<\/div>\n<div style=\"width: 100px; text-align: center;\"><a href=\"https:\/\/atana.pl\/en\/online-shop\/camco\/obrotowa-koncowka-do-mycia-z-welny-syntetycznej\/\" target=\"_blank\" rel=\"noopener\"><br \/>\n<img loading=\"lazy\" decoding=\"async\" style=\"object-fit: contain;\" src=\"https:\/\/atana.pl\/wp-content\/uploads\/1967\/01\/Welna-syntetyczna.png\" alt=\"Synthetic wool mop\" width=\"100\" height=\"81\" \/><br \/>\n<\/a><\/p>\n<div style=\"font-size: 12px; margin-top: 5px;\"><a href=\"https:\/\/atana.pl\/en\/online-shop\/camco\/obrotowa-koncowka-do-mycia-z-welny-syntetycznej\/\">Synthetic wool mop<\/a><\/div>\n<\/div>\n<div style=\"width: 100px; text-align: center;\"><a href=\"https:\/\/atana.pl\/en\/online-shop\/camco\/mop\/\" target=\"_blank\" rel=\"noopener\"><br \/>\n<img loading=\"lazy\" decoding=\"async\" style=\"object-fit: contain;\" src=\"https:\/\/atana.pl\/wp-content\/uploads\/1967\/01\/Mop-z-paskow.png\" alt=\"Striped mop\" width=\"100\" height=\"81\" \/><br \/>\n<\/a><\/p>\n<div style=\"font-size: 12px; margin-top: 5px;\"><a href=\"https:\/\/atana.pl\/en\/online-shop\/camco\/mop\/\">Striped mop<\/a><\/div>\n<\/div>\n<\/div>\n<h4>Boat accessories and fishing accessories:<\/h4>\n<div style=\"display: flex; flex-wrap: wrap; gap: 20px; justify-content: flex-start;\">\n<div style=\"width: 100px; text-align: center;\"><a href=\"https:\/\/atana.pl\/en\/online-shop\/camco\/wioslo\/\" target=\"_blank\" rel=\"noopener\"><br \/>\n<img loading=\"lazy\" decoding=\"async\" style=\"object-fit: contain;\" src=\"https:\/\/atana.pl\/wp-content\/uploads\/1967\/01\/Wioslo.png\" alt=\"Paddle\" width=\"100\" height=\"81\" \/><br \/>\n<\/a><\/p>\n<div style=\"font-size: 12px; margin-top: 5px;\"><a href=\"https:\/\/atana.pl\/en\/online-shop\/camco\/wioslo\/\">Paddle<\/a><\/div>\n<\/div>\n<div style=\"width: 100px; text-align: center;\"><a href=\"https:\/\/atana.pl\/en\/online-shop\/camco\/podbierak\/\" target=\"_blank\" rel=\"noopener\"><br \/>\n<img loading=\"lazy\" decoding=\"async\" style=\"object-fit: contain;\" src=\"https:\/\/atana.pl\/wp-content\/uploads\/1967\/01\/Podbierak.png\" alt=\"Landing net\" width=\"100\" height=\"81\" \/><br \/>\n<\/a><\/p>\n<div style=\"font-size: 12px; margin-top: 5px;\"><a href=\"https:\/\/atana.pl\/en\/online-shop\/camco\/podbierak\/\">Landing net<\/a><\/div>\n<\/div>\n<div style=\"width: 100px; text-align: center;\"><a href=\"https:\/\/atana.pl\/en\/online-shop\/camco\/sciagaczka-do-wody-reczna-35cm\/\" target=\"_blank\" rel=\"noopener\"><br \/>\n<img loading=\"lazy\" decoding=\"async\" style=\"object-fit: contain;\" src=\"https:\/\/atana.pl\/wp-content\/uploads\/1967\/01\/Sciagaczka-do-wody.png\" alt=\"Water squeegee\" width=\"100\" height=\"81\" \/><br \/>\n<\/a><\/p>\n<div style=\"font-size: 12px; margin-top: 5px;\"><a href=\"https:\/\/atana.pl\/en\/online-shop\/camco\/sciagaczka-do-wody-reczna-35cm\/\">Water squeegee<\/a><\/div>\n<\/div>\n<div style=\"width: 100px; text-align: center;\"><a href=\"https:\/\/atana.pl\/en\/online-shop\/camco\/obrotowy-adapter-do-mocowania-sciagaczki-do-raczki-teleskopowej-camco\/\" target=\"_blank\" rel=\"noopener\"><br \/>\n<img loading=\"lazy\" decoding=\"async\" style=\"object-fit: contain;\" src=\"https:\/\/atana.pl\/wp-content\/uploads\/1967\/01\/Adapter-sciagaczki.png\" alt=\"Wiper adapter\" width=\"100\" height=\"81\" \/><br \/>\n<\/a><\/p>\n<div style=\"font-size: 12px; margin-top: 5px;\"><a href=\"https:\/\/atana.pl\/en\/online-shop\/camco\/obrotowy-adapter-do-mocowania-sciagaczki-do-raczki-teleskopowej-camco\/\">Wiper adapter<\/a><\/div>\n<\/div>\n<div style=\"width: 100px; text-align: center;\"><a href=\"https:\/\/atana.pl\/en\/online-shop\/promotions\/wiadro-prostokatne\/\" target=\"_blank\" rel=\"noopener\"><br \/>\n<img loading=\"lazy\" decoding=\"async\" style=\"object-fit: contain;\" src=\"https:\/\/atana.pl\/wp-content\/uploads\/1967\/01\/Skladane-wiadro.png\" alt=\"Folding bucket\" width=\"100\" height=\"81\" \/><br \/>\n<\/a><\/p>\n<div style=\"font-size: 12px; margin-top: 5px;\"><a href=\"https:\/\/atana.pl\/en\/online-shop\/promotions\/wiadro-prostokatne\/\">Folding bucket<\/a><\/div>\n<\/div>\n<div style=\"width: 100px; text-align: center;\"><a href=\"https:\/\/atana.pl\/en\/online-shop\/camco\/oseka\/\" target=\"_blank\" rel=\"noopener\"><br \/>\n<img loading=\"lazy\" decoding=\"async\" style=\"object-fit: contain;\" src=\"https:\/\/atana.pl\/wp-content\/uploads\/1967\/01\/Oseka.png\" alt=\"Os\u0119ka\" width=\"100\" height=\"81\" \/><br \/>\n<\/a><\/p>\n<div style=\"font-size: 12px; margin-top: 5px;\"><a href=\"https:\/\/atana.pl\/en\/online-shop\/camco\/oseka\/\">Os\u0119ka<\/a><\/div>\n<\/div>\n<div style=\"width: 100px; text-align: center;\"><a href=\"https:\/\/atana.pl\/en\/online-shop\/camco\/bosak\/\" target=\"_blank\" rel=\"noopener\"><br \/>\n<img loading=\"lazy\" decoding=\"async\" style=\"object-fit: contain;\" src=\"https:\/\/atana.pl\/wp-content\/uploads\/1967\/01\/Dodatkowy-bosak.png\" alt=\"Additional barefoot\" width=\"100\" height=\"81\" \/><br \/>\n<\/a><\/p>\n<div style=\"font-size: 12px; margin-top: 5px;\"><a href=\"https:\/\/atana.pl\/en\/online-shop\/camco\/bosak\/\">Additional barefoot<\/a><\/div>\n<\/div>\n<\/div>\n<h4>Snow clearing accessories:<\/h4>\n<div style=\"display: flex; flex-wrap: wrap; gap: 20px; justify-content: flex-start;\">\n<div style=\"width: 100px; text-align: center;\"><a href=\"http:\/\/www.frostguide.com\" target=\"_blank\" rel=\"noopener\"><br \/>\n<img loading=\"lazy\" decoding=\"async\" style=\"object-fit: contain;\" src=\"https:\/\/atana.pl\/wp-content\/uploads\/1967\/01\/Mini-plug.png\" alt=\"Mini plug\" width=\"100\" height=\"81\" \/><br \/>\n<\/a><\/p>\n<div style=\"font-size: 12px; margin-top: 5px;\"><a href=\"\/en\/frostguide.com\/\">Mini plug<\/a><\/div>\n<\/div>\n<div style=\"width: 100px; text-align: center;\"><a href=\"http:\/\/www.frostguide.com\" target=\"_blank\" rel=\"noopener\"><br \/>\n<img loading=\"lazy\" decoding=\"async\" style=\"object-fit: contain;\" src=\"https:\/\/atana.pl\/wp-content\/uploads\/1967\/01\/Grzybek.png\" alt=\"Mushroom\" width=\"100\" height=\"81\" \/><br \/>\n<\/a><\/p>\n<div style=\"font-size: 12px; margin-top: 5px;\"><a href=\"http:\/\/www.frostguide.com\">Mushroom<\/a><\/div>\n<\/div>\n<\/div>\n<hr class=\"\" data-start=\"2496\" data-end=\"2499\" \/>\n<h2 class=\"\" data-start=\"2501\" data-end=\"2547\">\ud83d\udea4\ud83d\udefb\u2708\ufe0f One tool - hundreds of applications<\/h2>\n<p class=\"\" data-start=\"2548\" data-end=\"2767\"><strong data-start=\"2548\" data-end=\"2572\">CAMCO stick 105-184 cm<\/strong> is a piece of equipment that watermen, transport and industry professionals alike will love. Reliable, functional and of the highest build quality - exactly what you are looking for.<\/p>","protected":false},"excerpt":{"rendered":"<ul>\n<li>CAMCO multi-purpose stick with a bosk.<\/li>\n<li>Teleskopowy, zakres 105 cm &#8211; 184 cm.<\/li>\n<li>For boats, campers, industrial halls, buses, aircraft.<\/li>\n<li>Aluminium, floating.<\/li>\n<li>Profil \u0142ezki &#8211; dodatkowa sztywno\u015b\u0107.<\/li>\n<\/ul>","protected":false},"featured_media":7059,"template":"","meta":{"_acf_changed":false},"product_brand":[],"product_cat":[115,114],"product_tag":[1054,1042,1053,1052,1044,1050,1055,1051],"class_list":{"0":"post-5694","1":"product","2":"type-product","3":"status-publish","4":"has-post-thumbnail","6":"product_cat-uchwyty-teleskopowe-wymienne-koncowki","7":"product_cat-camco","8":"product_tag-akcesoria-do-kamperow","9":"product_tag-kij-do-autobusow","10":"product_tag-kij-do-ciezarowek","11":"product_tag-kij-do-czyszczenia-lodzi","12":"product_tag-kij-do-samolotow","13":"product_tag-kij-teleskopowy-camco","14":"product_tag-narzedzia-do-przemyslu","15":"product_tag-regulowany-kij-wielofunkcyjny","16":"product_shipping_class-kurier-odbior-osobisty","18":"first","19":"instock","20":"taxable","21":"shipping-taxable","22":"purchasable","23":"product-type-simple"},"acf":[],"yoast_head":"<!-- This site is optimized with the Yoast SEO plugin v25.2 - https:\/\/yoast.com\/wordpress\/plugins\/seo\/ -->\n<title>Kij teleskopowy wielofunkcyjny 105cm - 184cm (z bosakiem) - Atana<\/title>\n<meta name=\"description\" content=\"Wielofunkcyjny kij teleskopowy CAMCO 105\u2013184 cm z bosakiem. Aluminiowy, p\u0142ywaj\u0105cy, z zatrzaskowym systemem. Do \u0142odzi, kamper\u00f3w, przemys\u0142u i transportu.\" \/>\n<meta name=\"robots\" content=\"index, follow, max-snippet:-1, max-image-preview:large, max-video-preview:-1\" \/>\n<link rel=\"canonical\" href=\"https:\/\/atana.pl\/en\/online-shop\/camco\/telescopic-handle-105cm-184cm\/\" \/>\n<meta property=\"og:locale\" content=\"en_GB\" \/>\n<meta property=\"og:type\" content=\"article\" \/>\n<meta property=\"og:title\" content=\"Kij teleskopowy wielofunkcyjny 105cm - 184cm (z bosakiem) - Atana\" \/>\n<meta property=\"og:description\" content=\"Wielofunkcyjny kij teleskopowy CAMCO 105\u2013184 cm z bosakiem. Aluminiowy, p\u0142ywaj\u0105cy, z zatrzaskowym systemem. Do \u0142odzi, kamper\u00f3w, przemys\u0142u i transportu.\" \/>\n<meta property=\"og:url\" content=\"https:\/\/atana.pl\/en\/online-shop\/camco\/telescopic-handle-105cm-184cm\/\" \/>\n<meta property=\"og:site_name\" content=\"Atana\" \/>\n<meta property=\"article:publisher\" content=\"https:\/\/www.facebook.com\/atanayachts\" \/>\n<meta property=\"article:modified_time\" content=\"2025-09-05T19:34:22+00:00\" \/>\n<meta property=\"og:image\" content=\"https:\/\/atana.pl\/wp-content\/uploads\/2025\/04\/41912_Kij_105_184.png\" \/>\n\t<meta property=\"og:image:width\" content=\"900\" \/>\n\t<meta property=\"og:image:height\" content=\"900\" \/>\n\t<meta property=\"og:image:type\" content=\"image\/png\" \/>\n<meta name=\"twitter:card\" content=\"summary_large_image\" \/>\n<meta name=\"twitter:label1\" content=\"Estimated reading time\" \/>\n\t<meta name=\"twitter:data1\" content=\"2 minutes\" \/>\n<script type=\"application\/ld+json\" class=\"yoast-schema-graph\">{\"@context\":\"https:\/\/schema.org\",\"@graph\":[{\"@type\":\"WebPage\",\"@id\":\"https:\/\/atana.pl\/sklep-on-line\/camco\/raczka-teleskopowa-105cm-184cm\/\",\"url\":\"https:\/\/atana.pl\/sklep-on-line\/camco\/raczka-teleskopowa-105cm-184cm\/\",\"name\":\"Kij teleskopowy wielofunkcyjny 105cm - 184cm (z bosakiem) - Atana\",\"isPartOf\":{\"@id\":\"https:\/\/atana.pl\/#website\"},\"primaryImageOfPage\":{\"@id\":\"https:\/\/atana.pl\/sklep-on-line\/camco\/raczka-teleskopowa-105cm-184cm\/#primaryimage\"},\"image\":{\"@id\":\"https:\/\/atana.pl\/sklep-on-line\/camco\/raczka-teleskopowa-105cm-184cm\/#primaryimage\"},\"thumbnailUrl\":\"https:\/\/atana.pl\/wp-content\/uploads\/2025\/04\/41912_Kij_105_184.png\",\"datePublished\":\"2022-01-27T11:16:44+00:00\",\"dateModified\":\"2025-09-05T19:34:22+00:00\",\"description\":\"Wielofunkcyjny kij teleskopowy CAMCO 105\u2013184 cm z bosakiem. Aluminiowy, p\u0142ywaj\u0105cy, z zatrzaskowym systemem. Do \u0142odzi, kamper\u00f3w, przemys\u0142u i transportu.\",\"breadcrumb\":{\"@id\":\"https:\/\/atana.pl\/sklep-on-line\/camco\/raczka-teleskopowa-105cm-184cm\/#breadcrumb\"},\"inLanguage\":\"en-GB\",\"potentialAction\":[{\"@type\":\"ReadAction\",\"target\":[\"https:\/\/atana.pl\/sklep-on-line\/camco\/raczka-teleskopowa-105cm-184cm\/\"]}]},{\"@type\":\"ImageObject\",\"inLanguage\":\"en-GB\",\"@id\":\"https:\/\/atana.pl\/sklep-on-line\/camco\/raczka-teleskopowa-105cm-184cm\/#primaryimage\",\"url\":\"https:\/\/atana.pl\/wp-content\/uploads\/2025\/04\/41912_Kij_105_184.png\",\"contentUrl\":\"https:\/\/atana.pl\/wp-content\/uploads\/2025\/04\/41912_Kij_105_184.png\",\"width\":900,\"height\":900,\"caption\":\"41912 Kij 105 184\"},{\"@type\":\"BreadcrumbList\",\"@id\":\"https:\/\/atana.pl\/sklep-on-line\/camco\/raczka-teleskopowa-105cm-184cm\/#breadcrumb\",\"itemListElement\":[{\"@type\":\"ListItem\",\"position\":1,\"name\":\"Strona g\u0142\u00f3wna\",\"item\":\"https:\/\/atana.pl\/\"},{\"@type\":\"ListItem\",\"position\":2,\"name\":\"Sklep on-line\",\"item\":\"https:\/\/atana.pl\/sklep-on-line\/\"},{\"@type\":\"ListItem\",\"position\":3,\"name\":\"Kij teleskopowy wielofunkcyjny 105cm &#8211; 184cm (z bosakiem)\"}]},{\"@type\":\"WebSite\",\"@id\":\"https:\/\/atana.pl\/#website\",\"url\":\"https:\/\/atana.pl\/\",\"name\":\"Atana\",\"description\":\"Akcesoria do \u0142odzi, kamper\u00f3w i przyczep. \u0141odzie motorowe\",\"publisher\":{\"@id\":\"https:\/\/atana.pl\/#organization\"},\"potentialAction\":[{\"@type\":\"SearchAction\",\"target\":{\"@type\":\"EntryPoint\",\"urlTemplate\":\"https:\/\/atana.pl\/?s={search_term_string}\"},\"query-input\":{\"@type\":\"PropertyValueSpecification\",\"valueRequired\":true,\"valueName\":\"search_term_string\"}}],\"inLanguage\":\"en-GB\"},{\"@type\":\"Organization\",\"@id\":\"https:\/\/atana.pl\/#organization\",\"name\":\"Atana\",\"url\":\"https:\/\/atana.pl\/\",\"logo\":{\"@type\":\"ImageObject\",\"inLanguage\":\"en-GB\",\"@id\":\"https:\/\/atana.pl\/#\/schema\/logo\/image\/\",\"url\":\"\",\"contentUrl\":\"\",\"caption\":\"Atana\"},\"image\":{\"@id\":\"https:\/\/atana.pl\/#\/schema\/logo\/image\/\"},\"sameAs\":[\"https:\/\/www.facebook.com\/atanayachts\",\"https:\/\/www.instagram.com\/atanaboats\/\",\"https:\/\/www.youtube.com\/channel\/UClMMmVqqx17in9QzgxK90Mw\"]}]}<\/script>\n<!-- \/ Yoast SEO plugin. -->","yoast_head_json":{"title":"Kij teleskopowy wielofunkcyjny 105cm - 184cm (z bosakiem) - Atana","description":"Wielofunkcyjny kij teleskopowy CAMCO 105\u2013184 cm z bosakiem. Aluminiowy, p\u0142ywaj\u0105cy, z zatrzaskowym systemem. Do \u0142odzi, kamper\u00f3w, przemys\u0142u i transportu.","robots":{"index":"index","follow":"follow","max-snippet":"max-snippet:-1","max-image-preview":"max-image-preview:large","max-video-preview":"max-video-preview:-1"},"canonical":"https:\/\/atana.pl\/en\/online-shop\/camco\/telescopic-handle-105cm-184cm\/","og_locale":"en_GB","og_type":"article","og_title":"Kij teleskopowy wielofunkcyjny 105cm - 184cm (z bosakiem) - Atana","og_description":"Wielofunkcyjny kij teleskopowy CAMCO 105\u2013184 cm z bosakiem. Aluminiowy, p\u0142ywaj\u0105cy, z zatrzaskowym systemem. Do \u0142odzi, kamper\u00f3w, przemys\u0142u i transportu.","og_url":"https:\/\/atana.pl\/en\/online-shop\/camco\/telescopic-handle-105cm-184cm\/","og_site_name":"Atana","article_publisher":"https:\/\/www.facebook.com\/atanayachts","article_modified_time":"2025-09-05T19:34:22+00:00","og_image":[{"width":900,"height":900,"url":"https:\/\/atana.pl\/wp-content\/uploads\/2025\/04\/41912_Kij_105_184.png","type":"image\/png"}],"twitter_card":"summary_large_image","twitter_misc":{"Estimated reading time":"2 minutes"},"schema":{"@context":"https:\/\/schema.org","@graph":[{"@type":"WebPage","@id":"https:\/\/atana.pl\/sklep-on-line\/camco\/raczka-teleskopowa-105cm-184cm\/","url":"https:\/\/atana.pl\/sklep-on-line\/camco\/raczka-teleskopowa-105cm-184cm\/","name":"Kij teleskopowy wielofunkcyjny 105cm - 184cm (z bosakiem) - Atana","isPartOf":{"@id":"https:\/\/atana.pl\/#website"},"primaryImageOfPage":{"@id":"https:\/\/atana.pl\/sklep-on-line\/camco\/raczka-teleskopowa-105cm-184cm\/#primaryimage"},"image":{"@id":"https:\/\/atana.pl\/sklep-on-line\/camco\/raczka-teleskopowa-105cm-184cm\/#primaryimage"},"thumbnailUrl":"https:\/\/atana.pl\/wp-content\/uploads\/2025\/04\/41912_Kij_105_184.png","datePublished":"2022-01-27T11:16:44+00:00","dateModified":"2025-09-05T19:34:22+00:00","description":"Wielofunkcyjny kij teleskopowy CAMCO 105\u2013184 cm z bosakiem. Aluminiowy, p\u0142ywaj\u0105cy, z zatrzaskowym systemem. Do \u0142odzi, kamper\u00f3w, przemys\u0142u i transportu.","breadcrumb":{"@id":"https:\/\/atana.pl\/sklep-on-line\/camco\/raczka-teleskopowa-105cm-184cm\/#breadcrumb"},"inLanguage":"en-GB","potentialAction":[{"@type":"ReadAction","target":["https:\/\/atana.pl\/sklep-on-line\/camco\/raczka-teleskopowa-105cm-184cm\/"]}]},{"@type":"ImageObject","inLanguage":"en-GB","@id":"https:\/\/atana.pl\/sklep-on-line\/camco\/raczka-teleskopowa-105cm-184cm\/#primaryimage","url":"https:\/\/atana.pl\/wp-content\/uploads\/2025\/04\/41912_Kij_105_184.png","contentUrl":"https:\/\/atana.pl\/wp-content\/uploads\/2025\/04\/41912_Kij_105_184.png","width":900,"height":900,"caption":"41912 Kij 105 184"},{"@type":"BreadcrumbList","@id":"https:\/\/atana.pl\/sklep-on-line\/camco\/raczka-teleskopowa-105cm-184cm\/#breadcrumb","itemListElement":[{"@type":"ListItem","position":1,"name":"Strona g\u0142\u00f3wna","item":"https:\/\/atana.pl\/"},{"@type":"ListItem","position":2,"name":"Sklep on-line","item":"https:\/\/atana.pl\/sklep-on-line\/"},{"@type":"ListItem","position":3,"name":"Kij teleskopowy wielofunkcyjny 105cm &#8211; 184cm (z bosakiem)"}]},{"@type":"WebSite","@id":"https:\/\/atana.pl\/#website","url":"https:\/\/atana.pl\/","name":"Atana","description":"Akcesoria do \u0142odzi, kamper\u00f3w i przyczep. \u0141odzie motorowe","publisher":{"@id":"https:\/\/atana.pl\/#organization"},"potentialAction":[{"@type":"SearchAction","target":{"@type":"EntryPoint","urlTemplate":"https:\/\/atana.pl\/?s={search_term_string}"},"query-input":{"@type":"PropertyValueSpecification","valueRequired":true,"valueName":"search_term_string"}}],"inLanguage":"en-GB"},{"@type":"Organization","@id":"https:\/\/atana.pl\/#organization","name":"Atana","url":"https:\/\/atana.pl\/","logo":{"@type":"ImageObject","inLanguage":"en-GB","@id":"https:\/\/atana.pl\/#\/schema\/logo\/image\/","url":"","contentUrl":"","caption":"Atana"},"image":{"@id":"https:\/\/atana.pl\/#\/schema\/logo\/image\/"},"sameAs":["https:\/\/www.facebook.com\/atanayachts","https:\/\/www.instagram.com\/atanaboats\/","https:\/\/www.youtube.com\/channel\/UClMMmVqqx17in9QzgxK90Mw"]}]}},"_links":{"self":[{"href":"https:\/\/atana.pl\/en\/wp-json\/wp\/v2\/product\/5694","targetHints":{"allow":["GET"]}}],"collection":[{"href":"https:\/\/atana.pl\/en\/wp-json\/wp\/v2\/product"}],"about":[{"href":"https:\/\/atana.pl\/en\/wp-json\/wp\/v2\/types\/product"}],"wp:featuredmedia":[{"embeddable":true,"href":"https:\/\/atana.pl\/en\/wp-json\/wp\/v2\/media\/7059"}],"wp:attachment":[{"href":"https:\/\/atana.pl\/en\/wp-json\/wp\/v2\/media?parent=5694"}],"wp:term":[{"taxonomy":"product_brand","embeddable":true,"href":"https:\/\/atana.pl\/en\/wp-json\/wp\/v2\/product_brand?post=5694"},{"taxonomy":"product_cat","embeddable":true,"href":"https:\/\/atana.pl\/en\/wp-json\/wp\/v2\/product_cat?post=5694"},{"taxonomy":"product_tag","embeddable":true,"href":"https:\/\/atana.pl\/en\/wp-json\/wp\/v2\/product_tag?post=5694"}],"curies":[{"name":"wp","href":"https:\/\/api.w.org\/{rel}","templated":true}]}}