{"id":5654,"date":"1962-01-27T12:16:42","date_gmt":"1962-01-27T11:16:42","guid":{"rendered":"https:\/\/atana.pl\/sklep-on-line\/cyfrowy-wylacznik-zwarciowy-z-wyswietlaczem-12v-10-25-amp\/"},"modified":"2025-06-05T16:21:22","modified_gmt":"2025-06-05T14:21:22","slug":"cyfrowy-wylacznik-zwarciowy-z-wyswietlaczem-12v-10-25-amp","status":"publish","type":"product","link":"https:\/\/atana.pl\/en\/online-shop\/trac\/cyfrowy-wylacznik-zwarciowy-z-wyswietlaczem-12v-10-25-amp\/","title":{"rendered":"Digital short circuit breaker with display - 12V, 10-25 Amp"},"content":{"rendered":"<h2 class=\"\" data-start=\"90\" data-end=\"166\">\u26a1 Cyfrowy wy\u0142\u0105cznik zwarciowy TRAC z wy\u015bwietlaczem<\/h2>\n<h2 class=\"\" data-start=\"90\" data-end=\"166\">\ud83d\udd0b12V, 10-25 Amp.<\/h2>\n<p class=\"\" data-start=\"167\" data-end=\"231\"><strong data-start=\"167\" data-end=\"231\">Inteligentna ochrona instalacji z podgl\u0105dem parametr\u00f3w pracy<\/strong><\/p>\n<p class=\"\" data-start=\"233\" data-end=\"562\"><strong data-start=\"233\" data-end=\"289\">Cyfrowy wy\u0142\u0105cznik zwarciowy TRAC z wy\u015bwietlaczem LED<\/strong> to zaawansowane urz\u0105dzenie do ochrony instalacji 12V przed przeci\u0105\u017ceniem i zwarciem.<br data-start=\"374\" data-end=\"377\" \/>Thanks to <strong data-start=\"384\" data-end=\"423\">programowalnemu zakresowi pr\u0105dowemu<\/strong> (10A, 15A, 20A, 25A) oraz <strong data-start=\"450\" data-end=\"480\">wbudowanemu wy\u015bwietlaczowi<\/strong>, masz mo\u017cliwo\u015b\u0107 pe\u0142nej kontroli napi\u0119cia i nat\u0119\u017cenia pr\u0105du w czasie rzeczywistym.<\/p>\n<p class=\"\" data-start=\"564\" data-end=\"690\">Zaawansowany <strong data-start=\"577\" data-end=\"599\">mikroprocesor TRAC<\/strong> stale monitoruje parametry pracy, zapewniaj\u0105c szybk\u0105 reakcj\u0119 na wszelkie nieprawid\u0142owo\u015bci.<\/p>\n<hr class=\"\" data-start=\"692\" data-end=\"695\" \/>\n<h3 class=\"\" data-start=\"697\" data-end=\"716\">\u2705 Application:<\/h3>\n<ul data-start=\"717\" data-end=\"938\">\n<li class=\"\" data-start=\"717\" data-end=\"773\">\n<p class=\"\" data-start=\"719\" data-end=\"773\">Ochrona instalacji trollingowych o mniejszym poborze<\/p>\n<\/li>\n<li class=\"\" data-start=\"774\" data-end=\"834\">\n<p class=\"\" data-start=\"776\" data-end=\"834\">Systemy zasilania 12V w \u0142odziach, przyczepach, pojazdach<\/p>\n<\/li>\n<li class=\"\" data-start=\"835\" data-end=\"884\">\n<p class=\"\" data-start=\"837\" data-end=\"884\">Instalacje solarnych system\u00f3w akumulatorowych<\/p>\n<\/li>\n<li class=\"\" data-start=\"885\" data-end=\"938\">\n<p class=\"\" data-start=\"887\" data-end=\"938\">Monitoring napi\u0119cia i pr\u0105du w czasie rzeczywistym<\/p>\n<\/li>\n<\/ul>\n<hr class=\"\" data-start=\"940\" data-end=\"943\" \/>\n<h3 class=\"\" data-start=\"945\" data-end=\"968\">\ud83d\udca1 Product benefits:<\/h3>\n<p class=\"\" data-start=\"969\" data-end=\"1384\">\u2714\ufe0f <strong data-start=\"972\" data-end=\"1003\">Programowalny zakres pr\u0105du:<\/strong> 10A, 15A, 20A lub 25A<br data-start=\"1025\" data-end=\"1028\" \/>\u2714\ufe0f <strong data-start=\"1031\" data-end=\"1051\">Wy\u015bwietlacz LED:<\/strong> odczyt napi\u0119cia i pr\u0105du w czasie rzeczywistym<br data-start=\"1097\" data-end=\"1100\" \/>\u2714\ufe0f <strong data-start=\"1103\" data-end=\"1138\">Mikroprocesorowe monitorowanie:<\/strong> szybka ochrona przed przeci\u0105\u017ceniem i zwarciem<br data-start=\"1184\" data-end=\"1187\" \/>\u2714\ufe0f <strong data-start=\"1190\" data-end=\"1226\">Automatyczny lub manualny reset:<\/strong> elastyczno\u015b\u0107 w dzia\u0142aniu<br data-start=\"1251\" data-end=\"1254\" \/>\u2714\ufe0f <strong data-start=\"1257\" data-end=\"1290\">\u0141atwa obs\u0142uga i konfiguracja:<\/strong> przejrzyste przyciski steruj\u0105ce<br data-start=\"1322\" data-end=\"1325\" \/>\u2714\ufe0f <strong data-start=\"1328\" data-end=\"1352\">Kompaktowe rozmiary:<\/strong> idealne do ma\u0142ych przestrzeni<\/p>\n<hr class=\"\" data-start=\"1810\" data-end=\"1813\" \/>\n<h4 data-start=\"146\" data-end=\"206\">\u26a1 Schemat pod\u0142\u0105czenia:<\/h4>\n<p><img fetchpriority=\"high\" decoding=\"async\" class=\"alignnone wp-image-7024\" title=\"69410 8\" src=\"https:\/\/atana.pl\/wp-content\/uploads\/1964\/01\/Schemat-podlaczenia-wylacznika-zwarciowego-284x300.png\" alt=\"Schemat pod\u0142\u0105czenia wy\u0142\u0105cznika zwarciowego\" width=\"380\" height=\"402\" srcset=\"https:\/\/atana.pl\/wp-content\/uploads\/1964\/01\/Schemat-podlaczenia-wylacznika-zwarciowego-284x300.png 284w, https:\/\/atana.pl\/wp-content\/uploads\/1964\/01\/Schemat-podlaczenia-wylacznika-zwarciowego-969x1024.png 969w, https:\/\/atana.pl\/wp-content\/uploads\/1964\/01\/Schemat-podlaczenia-wylacznika-zwarciowego-768x812.png 768w, https:\/\/atana.pl\/wp-content\/uploads\/1964\/01\/Schemat-podlaczenia-wylacznika-zwarciowego-1453x1536.png 1453w, https:\/\/atana.pl\/wp-content\/uploads\/1964\/01\/Schemat-podlaczenia-wylacznika-zwarciowego-1938x2048.png 1938w, https:\/\/atana.pl\/wp-content\/uploads\/1964\/01\/Schemat-podlaczenia-wylacznika-zwarciowego-11x12.png 11w, https:\/\/atana.pl\/wp-content\/uploads\/1964\/01\/Schemat-podlaczenia-wylacznika-zwarciowego-142x150.png 142w, https:\/\/atana.pl\/wp-content\/uploads\/1964\/01\/Schemat-podlaczenia-wylacznika-zwarciowego-600x634.png 600w, https:\/\/atana.pl\/wp-content\/uploads\/1964\/01\/Schemat-podlaczenia-wylacznika-zwarciowego-64x68.png 64w\" sizes=\"(max-width: 380px) 100vw, 380px\" \/><\/p>\n<hr class=\"\" data-start=\"1710\" data-end=\"1713\" \/>\n<h2 class=\"\" data-start=\"1715\" data-end=\"1761\">\ud83d\udea4 Ochrona i kontrola w jednym urz\u0105dzeniu<\/h2>\n<p class=\"\" data-start=\"1762\" data-end=\"1932\">Z cyfrowym wy\u0142\u0105cznikiem TRAC z wy\u015bwietlaczem nie tylko zabezpieczasz instalacj\u0119, ale te\u017c monitorujesz jej parametry w czasie rzeczywistym \u2013 dla pe\u0142nej pewno\u015bci dzia\u0142ania.<\/p>","protected":false},"excerpt":{"rendered":"<ul>\n<li>Cyfrowy wy\u0142\u0105cznik zwarciowy TRAC 10-25A z wy\u015bwietlaczem.<\/li>\n<li>Inteligentna ochrona instalacji 12V.<\/li>\n<li>Programowalny zakres, mikroprocesor.<\/li>\n<li>Automatyczny lub manualny reset.<\/li>\n<\/ul>","protected":false},"featured_media":4314,"template":"","meta":{"_acf_changed":false},"product_brand":[],"product_cat":[113,102],"product_tag":[1028,1030,1027,1029,789,1031],"class_list":{"0":"post-5654","1":"product","2":"type-product","3":"status-publish","4":"has-post-thumbnail","6":"product_cat-akcesoria_elektryczne","7":"product_cat-trac","8":"product_tag-bezpiecznik-programowalny-12v","9":"product_tag-cyfrowy-bezpiecznik-trac","10":"product_tag-cyfrowy-wylacznik-zwarciowy-z-wyswietlaczem","11":"product_tag-monitoring-napiecia-i-pradu","12":"product_tag-ochrona-instalacji-12v","13":"product_tag-trolling-motor-protection","15":"first","16":"outofstock","17":"taxable","18":"shipping-taxable","19":"purchasable","20":"product-type-simple"},"acf":[],"yoast_head":"<!-- This site is optimized with the Yoast SEO plugin v25.2 - https:\/\/yoast.com\/wordpress\/plugins\/seo\/ -->\n<title>Cyfrowy wy\u0142\u0105cznik zwarciowy z wy\u015bwietlaczem - 12V, 10-25 Amp - Atana<\/title>\n<meta name=\"description\" content=\"Cyfrowy wy\u0142\u0105cznik zwarciowy TRAC 10-25A z wy\u015bwietlaczem \u2013 ochrona i monitoring instalacji 12V. Programowalny zakres pr\u0105du, automatyczny lub r\u0119czny reset.\" \/>\n<meta name=\"robots\" content=\"index, follow, max-snippet:-1, max-image-preview:large, max-video-preview:-1\" \/>\n<link rel=\"canonical\" href=\"https:\/\/atana.pl\/en\/online-shop\/trac\/cyfrowy-wylacznik-zwarciowy-z-wyswietlaczem-12v-10-25-amp\/\" \/>\n<meta property=\"og:locale\" content=\"en_GB\" \/>\n<meta property=\"og:type\" content=\"article\" \/>\n<meta property=\"og:title\" content=\"Cyfrowy wy\u0142\u0105cznik zwarciowy z wy\u015bwietlaczem - 12V, 10-25 Amp - Atana\" \/>\n<meta property=\"og:description\" content=\"Cyfrowy wy\u0142\u0105cznik zwarciowy TRAC 10-25A z wy\u015bwietlaczem \u2013 ochrona i monitoring instalacji 12V. Programowalny zakres pr\u0105du, automatyczny lub r\u0119czny reset.\" \/>\n<meta property=\"og:url\" content=\"https:\/\/atana.pl\/en\/online-shop\/trac\/cyfrowy-wylacznik-zwarciowy-z-wyswietlaczem-12v-10-25-amp\/\" \/>\n<meta property=\"og:site_name\" content=\"Atana\" \/>\n<meta property=\"article:publisher\" content=\"https:\/\/www.facebook.com\/atanayachts\" \/>\n<meta property=\"article:modified_time\" content=\"2025-06-05T14:21:22+00:00\" \/>\n<meta property=\"og:image\" content=\"https:\/\/atana.pl\/wp-content\/uploads\/2024\/04\/69401-Cyfrowy-wyl.-zwar-z-wyswietlaczem-10-25-Amp.png\" \/>\n\t<meta property=\"og:image:width\" content=\"613\" \/>\n\t<meta property=\"og:image:height\" content=\"613\" \/>\n\t<meta property=\"og:image:type\" content=\"image\/png\" \/>\n<meta name=\"twitter:card\" content=\"summary_large_image\" \/>\n<meta name=\"twitter:label1\" content=\"Estimated reading time\" \/>\n\t<meta name=\"twitter:data1\" content=\"1 minute\" \/>\n<script type=\"application\/ld+json\" class=\"yoast-schema-graph\">{\"@context\":\"https:\/\/schema.org\",\"@graph\":[{\"@type\":\"WebPage\",\"@id\":\"https:\/\/atana.pl\/sklep-on-line\/trac\/cyfrowy-wylacznik-zwarciowy-z-wyswietlaczem-12v-10-25-amp\/\",\"url\":\"https:\/\/atana.pl\/sklep-on-line\/trac\/cyfrowy-wylacznik-zwarciowy-z-wyswietlaczem-12v-10-25-amp\/\",\"name\":\"Cyfrowy wy\u0142\u0105cznik zwarciowy z wy\u015bwietlaczem - 12V, 10-25 Amp - Atana\",\"isPartOf\":{\"@id\":\"https:\/\/atana.pl\/#website\"},\"primaryImageOfPage\":{\"@id\":\"https:\/\/atana.pl\/sklep-on-line\/trac\/cyfrowy-wylacznik-zwarciowy-z-wyswietlaczem-12v-10-25-amp\/#primaryimage\"},\"image\":{\"@id\":\"https:\/\/atana.pl\/sklep-on-line\/trac\/cyfrowy-wylacznik-zwarciowy-z-wyswietlaczem-12v-10-25-amp\/#primaryimage\"},\"thumbnailUrl\":\"https:\/\/atana.pl\/wp-content\/uploads\/2024\/04\/69401-Cyfrowy-wyl.-zwar-z-wyswietlaczem-10-25-Amp.png\",\"datePublished\":\"1962-01-27T11:16:42+00:00\",\"dateModified\":\"2025-06-05T14:21:22+00:00\",\"description\":\"Cyfrowy wy\u0142\u0105cznik zwarciowy TRAC 10-25A z wy\u015bwietlaczem \u2013 ochrona i monitoring instalacji 12V. Programowalny zakres pr\u0105du, automatyczny lub r\u0119czny reset.\",\"breadcrumb\":{\"@id\":\"https:\/\/atana.pl\/sklep-on-line\/trac\/cyfrowy-wylacznik-zwarciowy-z-wyswietlaczem-12v-10-25-amp\/#breadcrumb\"},\"inLanguage\":\"en-GB\",\"potentialAction\":[{\"@type\":\"ReadAction\",\"target\":[\"https:\/\/atana.pl\/sklep-on-line\/trac\/cyfrowy-wylacznik-zwarciowy-z-wyswietlaczem-12v-10-25-amp\/\"]}]},{\"@type\":\"ImageObject\",\"inLanguage\":\"en-GB\",\"@id\":\"https:\/\/atana.pl\/sklep-on-line\/trac\/cyfrowy-wylacznik-zwarciowy-z-wyswietlaczem-12v-10-25-amp\/#primaryimage\",\"url\":\"https:\/\/atana.pl\/wp-content\/uploads\/2024\/04\/69401-Cyfrowy-wyl.-zwar-z-wyswietlaczem-10-25-Amp.png\",\"contentUrl\":\"https:\/\/atana.pl\/wp-content\/uploads\/2024\/04\/69401-Cyfrowy-wyl.-zwar-z-wyswietlaczem-10-25-Amp.png\",\"width\":613,\"height\":613,\"caption\":\"Cyfrowy wy\u0142\u0105cznik zwarciowy z wy\u015bwietlaczem &#8211; 12V, 10-25 Amp\"},{\"@type\":\"BreadcrumbList\",\"@id\":\"https:\/\/atana.pl\/sklep-on-line\/trac\/cyfrowy-wylacznik-zwarciowy-z-wyswietlaczem-12v-10-25-amp\/#breadcrumb\",\"itemListElement\":[{\"@type\":\"ListItem\",\"position\":1,\"name\":\"Strona g\u0142\u00f3wna\",\"item\":\"https:\/\/atana.pl\/\"},{\"@type\":\"ListItem\",\"position\":2,\"name\":\"Sklep on-line\",\"item\":\"https:\/\/atana.pl\/sklep-on-line\/\"},{\"@type\":\"ListItem\",\"position\":3,\"name\":\"Cyfrowy wy\u0142\u0105cznik zwarciowy z wy\u015bwietlaczem &#8211; 12V, 10-25 Amp\"}]},{\"@type\":\"WebSite\",\"@id\":\"https:\/\/atana.pl\/#website\",\"url\":\"https:\/\/atana.pl\/\",\"name\":\"Atana\",\"description\":\"Akcesoria do \u0142odzi, kamper\u00f3w i przyczep. \u0141odzie motorowe\",\"publisher\":{\"@id\":\"https:\/\/atana.pl\/#organization\"},\"potentialAction\":[{\"@type\":\"SearchAction\",\"target\":{\"@type\":\"EntryPoint\",\"urlTemplate\":\"https:\/\/atana.pl\/?s={search_term_string}\"},\"query-input\":{\"@type\":\"PropertyValueSpecification\",\"valueRequired\":true,\"valueName\":\"search_term_string\"}}],\"inLanguage\":\"en-GB\"},{\"@type\":\"Organization\",\"@id\":\"https:\/\/atana.pl\/#organization\",\"name\":\"Atana\",\"url\":\"https:\/\/atana.pl\/\",\"logo\":{\"@type\":\"ImageObject\",\"inLanguage\":\"en-GB\",\"@id\":\"https:\/\/atana.pl\/#\/schema\/logo\/image\/\",\"url\":\"\",\"contentUrl\":\"\",\"caption\":\"Atana\"},\"image\":{\"@id\":\"https:\/\/atana.pl\/#\/schema\/logo\/image\/\"},\"sameAs\":[\"https:\/\/www.facebook.com\/atanayachts\",\"https:\/\/www.instagram.com\/atanaboats\/\",\"https:\/\/www.youtube.com\/channel\/UClMMmVqqx17in9QzgxK90Mw\"]}]}<\/script>\n<!-- \/ Yoast SEO plugin. -->","yoast_head_json":{"title":"Cyfrowy wy\u0142\u0105cznik zwarciowy z wy\u015bwietlaczem - 12V, 10-25 Amp - Atana","description":"Cyfrowy wy\u0142\u0105cznik zwarciowy TRAC 10-25A z wy\u015bwietlaczem \u2013 ochrona i monitoring instalacji 12V. Programowalny zakres pr\u0105du, automatyczny lub r\u0119czny reset.","robots":{"index":"index","follow":"follow","max-snippet":"max-snippet:-1","max-image-preview":"max-image-preview:large","max-video-preview":"max-video-preview:-1"},"canonical":"https:\/\/atana.pl\/en\/online-shop\/trac\/cyfrowy-wylacznik-zwarciowy-z-wyswietlaczem-12v-10-25-amp\/","og_locale":"en_GB","og_type":"article","og_title":"Cyfrowy wy\u0142\u0105cznik zwarciowy z wy\u015bwietlaczem - 12V, 10-25 Amp - Atana","og_description":"Cyfrowy wy\u0142\u0105cznik zwarciowy TRAC 10-25A z wy\u015bwietlaczem \u2013 ochrona i monitoring instalacji 12V. Programowalny zakres pr\u0105du, automatyczny lub r\u0119czny reset.","og_url":"https:\/\/atana.pl\/en\/online-shop\/trac\/cyfrowy-wylacznik-zwarciowy-z-wyswietlaczem-12v-10-25-amp\/","og_site_name":"Atana","article_publisher":"https:\/\/www.facebook.com\/atanayachts","article_modified_time":"2025-06-05T14:21:22+00:00","og_image":[{"width":613,"height":613,"url":"https:\/\/atana.pl\/wp-content\/uploads\/2024\/04\/69401-Cyfrowy-wyl.-zwar-z-wyswietlaczem-10-25-Amp.png","type":"image\/png"}],"twitter_card":"summary_large_image","twitter_misc":{"Estimated reading time":"1 minute"},"schema":{"@context":"https:\/\/schema.org","@graph":[{"@type":"WebPage","@id":"https:\/\/atana.pl\/sklep-on-line\/trac\/cyfrowy-wylacznik-zwarciowy-z-wyswietlaczem-12v-10-25-amp\/","url":"https:\/\/atana.pl\/sklep-on-line\/trac\/cyfrowy-wylacznik-zwarciowy-z-wyswietlaczem-12v-10-25-amp\/","name":"Cyfrowy wy\u0142\u0105cznik zwarciowy z wy\u015bwietlaczem - 12V, 10-25 Amp - Atana","isPartOf":{"@id":"https:\/\/atana.pl\/#website"},"primaryImageOfPage":{"@id":"https:\/\/atana.pl\/sklep-on-line\/trac\/cyfrowy-wylacznik-zwarciowy-z-wyswietlaczem-12v-10-25-amp\/#primaryimage"},"image":{"@id":"https:\/\/atana.pl\/sklep-on-line\/trac\/cyfrowy-wylacznik-zwarciowy-z-wyswietlaczem-12v-10-25-amp\/#primaryimage"},"thumbnailUrl":"https:\/\/atana.pl\/wp-content\/uploads\/2024\/04\/69401-Cyfrowy-wyl.-zwar-z-wyswietlaczem-10-25-Amp.png","datePublished":"1962-01-27T11:16:42+00:00","dateModified":"2025-06-05T14:21:22+00:00","description":"Cyfrowy wy\u0142\u0105cznik zwarciowy TRAC 10-25A z wy\u015bwietlaczem \u2013 ochrona i monitoring instalacji 12V. Programowalny zakres pr\u0105du, automatyczny lub r\u0119czny reset.","breadcrumb":{"@id":"https:\/\/atana.pl\/sklep-on-line\/trac\/cyfrowy-wylacznik-zwarciowy-z-wyswietlaczem-12v-10-25-amp\/#breadcrumb"},"inLanguage":"en-GB","potentialAction":[{"@type":"ReadAction","target":["https:\/\/atana.pl\/sklep-on-line\/trac\/cyfrowy-wylacznik-zwarciowy-z-wyswietlaczem-12v-10-25-amp\/"]}]},{"@type":"ImageObject","inLanguage":"en-GB","@id":"https:\/\/atana.pl\/sklep-on-line\/trac\/cyfrowy-wylacznik-zwarciowy-z-wyswietlaczem-12v-10-25-amp\/#primaryimage","url":"https:\/\/atana.pl\/wp-content\/uploads\/2024\/04\/69401-Cyfrowy-wyl.-zwar-z-wyswietlaczem-10-25-Amp.png","contentUrl":"https:\/\/atana.pl\/wp-content\/uploads\/2024\/04\/69401-Cyfrowy-wyl.-zwar-z-wyswietlaczem-10-25-Amp.png","width":613,"height":613,"caption":"Cyfrowy wy\u0142\u0105cznik zwarciowy z wy\u015bwietlaczem &#8211; 12V, 10-25 Amp"},{"@type":"BreadcrumbList","@id":"https:\/\/atana.pl\/sklep-on-line\/trac\/cyfrowy-wylacznik-zwarciowy-z-wyswietlaczem-12v-10-25-amp\/#breadcrumb","itemListElement":[{"@type":"ListItem","position":1,"name":"Strona g\u0142\u00f3wna","item":"https:\/\/atana.pl\/"},{"@type":"ListItem","position":2,"name":"Sklep on-line","item":"https:\/\/atana.pl\/sklep-on-line\/"},{"@type":"ListItem","position":3,"name":"Cyfrowy wy\u0142\u0105cznik zwarciowy z wy\u015bwietlaczem &#8211; 12V, 10-25 Amp"}]},{"@type":"WebSite","@id":"https:\/\/atana.pl\/#website","url":"https:\/\/atana.pl\/","name":"Atana","description":"Akcesoria do \u0142odzi, kamper\u00f3w i przyczep. \u0141odzie motorowe","publisher":{"@id":"https:\/\/atana.pl\/#organization"},"potentialAction":[{"@type":"SearchAction","target":{"@type":"EntryPoint","urlTemplate":"https:\/\/atana.pl\/?s={search_term_string}"},"query-input":{"@type":"PropertyValueSpecification","valueRequired":true,"valueName":"search_term_string"}}],"inLanguage":"en-GB"},{"@type":"Organization","@id":"https:\/\/atana.pl\/#organization","name":"Atana","url":"https:\/\/atana.pl\/","logo":{"@type":"ImageObject","inLanguage":"en-GB","@id":"https:\/\/atana.pl\/#\/schema\/logo\/image\/","url":"","contentUrl":"","caption":"Atana"},"image":{"@id":"https:\/\/atana.pl\/#\/schema\/logo\/image\/"},"sameAs":["https:\/\/www.facebook.com\/atanayachts","https:\/\/www.instagram.com\/atanaboats\/","https:\/\/www.youtube.com\/channel\/UClMMmVqqx17in9QzgxK90Mw"]}]}},"_links":{"self":[{"href":"https:\/\/atana.pl\/en\/wp-json\/wp\/v2\/product\/5654","targetHints":{"allow":["GET"]}}],"collection":[{"href":"https:\/\/atana.pl\/en\/wp-json\/wp\/v2\/product"}],"about":[{"href":"https:\/\/atana.pl\/en\/wp-json\/wp\/v2\/types\/product"}],"wp:featuredmedia":[{"embeddable":true,"href":"https:\/\/atana.pl\/en\/wp-json\/wp\/v2\/media\/4314"}],"wp:attachment":[{"href":"https:\/\/atana.pl\/en\/wp-json\/wp\/v2\/media?parent=5654"}],"wp:term":[{"taxonomy":"product_brand","embeddable":true,"href":"https:\/\/atana.pl\/en\/wp-json\/wp\/v2\/product_brand?post=5654"},{"taxonomy":"product_cat","embeddable":true,"href":"https:\/\/atana.pl\/en\/wp-json\/wp\/v2\/product_cat?post=5654"},{"taxonomy":"product_tag","embeddable":true,"href":"https:\/\/atana.pl\/en\/wp-json\/wp\/v2\/product_tag?post=5654"}],"curies":[{"name":"wp","href":"https:\/\/api.w.org\/{rel}","templated":true}]}}