{"id":5631,"date":"1964-01-27T12:16:42","date_gmt":"1964-01-27T11:16:42","guid":{"rendered":"https:\/\/atana.pl\/sklep-on-line\/cyfrowy-wylacznik-zwarciowy-12v-10-25-amp\/"},"modified":"2025-04-27T20:00:38","modified_gmt":"2025-04-27T18:00:38","slug":"cyfrowy-wylacznik-zwarciowy-12v-10-25-amp","status":"publish","type":"product","link":"https:\/\/atana.pl\/en\/online-shop\/trac\/cyfrowy-wylacznik-zwarciowy-12v-10-25-amp\/","title":{"rendered":"Digital short circuit breaker - 12V 10-25 Amp"},"content":{"rendered":"<h2 class=\"\" data-start=\"146\" data-end=\"206\">\u26a1 Cyfrowy wy\u0142\u0105cznik zwarciowy TRAC<\/h2>\n<h2 class=\"\" data-start=\"146\" data-end=\"206\">\ud83d\udd0b12V, 10-25 Amp.<\/h2>\n<p class=\"\" data-start=\"207\" data-end=\"262\"><strong data-start=\"207\" data-end=\"262\">Inteligentna ochrona Twojej instalacji elektrycznej<\/strong><\/p>\n<p class=\"\" data-start=\"264\" data-end=\"667\"><strong data-start=\"264\" data-end=\"300\">Cyfrowy wy\u0142\u0105cznik zwarciowy TRAC<\/strong> to nowoczesne urz\u0105dzenie, kt\u00f3re zapewnia skuteczn\u0105 ochron\u0119 obwod\u00f3w elektrycznych przed przeci\u0105\u017ceniem i zwarciem.<br data-start=\"413\" data-end=\"416\" \/>Thanks to <strong data-start=\"423\" data-end=\"462\">programowalnemu zakresowi pr\u0105dowemu<\/strong> (10\/15\/20\/25 Amp) mo\u017cesz dostosowa\u0107 zabezpieczenie do konkretnej aplikacji.<br data-start=\"538\" data-end=\"541\" \/>Zaawansowany <strong data-start=\"554\" data-end=\"576\">mikroprocesor TRAC<\/strong> w czasie rzeczywistym monitoruje napi\u0119cie i nat\u0119\u017cenie, natychmiast reaguj\u0105c na zagro\u017cenia.<\/p>\n<p class=\"\" data-start=\"669\" data-end=\"790\">Po odci\u0119ciu zasilania wy\u0142\u0105cznik mo\u017ce zosta\u0107 <strong data-start=\"713\" data-end=\"763\">ponownie za\u0142\u0105czony automatycznie lub manualnie<\/strong>, w zale\u017cno\u015bci od ustawie\u0144.<\/p>\n<hr class=\"\" data-start=\"1064\" data-end=\"1067\" \/>\n<h3 class=\"\" data-start=\"1069\" data-end=\"1092\">\ud83d\udca1 Product benefits:<\/h3>\n<p class=\"\" data-start=\"1093\" data-end=\"1529\">\u2714\ufe0f <strong data-start=\"1096\" data-end=\"1126\">Programowalny zakres pracy<\/strong> \u2013 mo\u017cliwo\u015b\u0107 ustawienia pr\u0105du 10A, 15A, 20A lub 25A<br data-start=\"1177\" data-end=\"1180\" \/>\u2714\ufe0f <strong data-start=\"1183\" data-end=\"1214\">Mikroprocesorowe sterowanie<\/strong> \u2013 monitorowanie parametr\u00f3w w czasie rzeczywistym<br data-start=\"1263\" data-end=\"1266\" \/>\u2714\ufe0f <strong data-start=\"1269\" data-end=\"1325\">Automatyczne lub manualne za\u0142\u0105czenie po przeci\u0105\u017ceniu<\/strong><br data-start=\"1325\" data-end=\"1328\" \/>\u2714\ufe0f <strong data-start=\"1331\" data-end=\"1371\">Wysoka niezawodno\u015b\u0107 i szybka reakcja<\/strong><br data-start=\"1371\" data-end=\"1374\" \/>\u2714\ufe0f <strong data-start=\"1377\" data-end=\"1451\">Brak wy\u015bwietlacza \u2013 prostota obs\u0142ugi i odporno\u015b\u0107 na warunki zewn\u0119trzne<\/strong><br data-start=\"1451\" data-end=\"1454\" \/>\u2714\ufe0f <strong data-start=\"1457\" data-end=\"1479\">Kompaktowe wymiary<\/strong> \u2013 \u0142atwy monta\u017c nawet w ograniczonej przestrzeni<\/p>\n<hr class=\"\" data-start=\"1810\" data-end=\"1813\" \/>\n<h4 data-start=\"146\" data-end=\"206\">\u26a1 Schemat pod\u0142\u0105czenia:<\/h4>\n<p><img fetchpriority=\"high\" decoding=\"async\" class=\"alignnone wp-image-7024\" title=\"69410 8\" src=\"https:\/\/atana.pl\/wp-content\/uploads\/1964\/01\/Schemat-podlaczenia-wylacznika-zwarciowego-284x300.png\" alt=\"Schemat pod\u0142\u0105czenia wy\u0142\u0105cznika zwarciowego\" width=\"380\" height=\"402\" srcset=\"https:\/\/atana.pl\/wp-content\/uploads\/1964\/01\/Schemat-podlaczenia-wylacznika-zwarciowego-284x300.png 284w, https:\/\/atana.pl\/wp-content\/uploads\/1964\/01\/Schemat-podlaczenia-wylacznika-zwarciowego-969x1024.png 969w, https:\/\/atana.pl\/wp-content\/uploads\/1964\/01\/Schemat-podlaczenia-wylacznika-zwarciowego-768x812.png 768w, https:\/\/atana.pl\/wp-content\/uploads\/1964\/01\/Schemat-podlaczenia-wylacznika-zwarciowego-1453x1536.png 1453w, https:\/\/atana.pl\/wp-content\/uploads\/1964\/01\/Schemat-podlaczenia-wylacznika-zwarciowego-1938x2048.png 1938w, https:\/\/atana.pl\/wp-content\/uploads\/1964\/01\/Schemat-podlaczenia-wylacznika-zwarciowego-11x12.png 11w, https:\/\/atana.pl\/wp-content\/uploads\/1964\/01\/Schemat-podlaczenia-wylacznika-zwarciowego-142x150.png 142w, https:\/\/atana.pl\/wp-content\/uploads\/1964\/01\/Schemat-podlaczenia-wylacznika-zwarciowego-600x634.png 600w, https:\/\/atana.pl\/wp-content\/uploads\/1964\/01\/Schemat-podlaczenia-wylacznika-zwarciowego-64x68.png 64w\" sizes=\"(max-width: 380px) 100vw, 380px\" \/><\/p>\n<hr class=\"\" data-start=\"1810\" data-end=\"1813\" \/>\n<h2 class=\"\" data-start=\"1815\" data-end=\"1865\">\ud83d\udea4 Inteligentna ochrona obwod\u00f3w elektrycznych<\/h2>\n<p class=\"\" data-start=\"1866\" data-end=\"2000\">Dzi\u0119ki cyfrowemu wy\u0142\u0105cznikowi zwarciowemu TRAC zabezpieczysz swoj\u0105 instalacj\u0119 skutecznie i elastycznie, niezale\u017cnie od warunk\u00f3w pracy.<\/p>","protected":false},"excerpt":{"rendered":"<ul>\n<li>Cyfrowy wy\u0142\u0105cznik zwarciowy TRAC 10-25A.<\/li>\n<li>Inteligentna ochrona instalacji 12V.<\/li>\n<li>Programowalny zakres, mikroprocesor.<\/li>\n<li>Automatyczny lub manualny reset.<\/li>\n<\/ul>","protected":false},"featured_media":4293,"template":"","meta":{"_acf_changed":false},"product_brand":[],"product_cat":[113,102],"product_tag":[1018,1016,1015,789,1020,1019,1017],"class_list":{"0":"post-5631","1":"product","2":"type-product","3":"status-publish","4":"has-post-thumbnail","6":"product_cat-akcesoria_elektryczne","7":"product_cat-trac","8":"product_tag-automatyczny-bezpiecznik-trac","9":"product_tag-bezpiecznik-programowalny","10":"product_tag-cyfrowy-wylacznik-zwarciowy","11":"product_tag-ochrona-instalacji-12v","12":"product_tag-silnik-dziobowy","13":"product_tag-wylacznik-trolling-motor","14":"product_tag-zabezpieczenie-obwodu-elektrycznego","16":"first","17":"instock","18":"taxable","19":"shipping-taxable","20":"purchasable","21":"product-type-simple"},"acf":[],"yoast_head":"<!-- This site is optimized with the Yoast SEO plugin v25.2 - https:\/\/yoast.com\/wordpress\/plugins\/seo\/ -->\n<title>Cyfrowy wy\u0142\u0105cznik zwarciowy - 12V 10-25 Amp - Atana<\/title>\n<meta name=\"description\" content=\"Cyfrowy wy\u0142\u0105cznik zwarciowy TRAC 10-25A \u2013 programowalna ochrona instalacji 12V. Automatyczny lub manualny reset. Monitoruj\u0105cy napi\u0119cie i nat\u0119\u017cenie\" \/>\n<meta name=\"robots\" content=\"index, follow, max-snippet:-1, max-image-preview:large, max-video-preview:-1\" \/>\n<link rel=\"canonical\" href=\"https:\/\/atana.pl\/en\/online-shop\/trac\/cyfrowy-wylacznik-zwarciowy-12v-10-25-amp\/\" \/>\n<meta property=\"og:locale\" content=\"en_GB\" \/>\n<meta property=\"og:type\" content=\"article\" \/>\n<meta property=\"og:title\" content=\"Cyfrowy wy\u0142\u0105cznik zwarciowy - 12V 10-25 Amp - Atana\" \/>\n<meta property=\"og:description\" content=\"Cyfrowy wy\u0142\u0105cznik zwarciowy TRAC 10-25A \u2013 programowalna ochrona instalacji 12V. Automatyczny lub manualny reset. Monitoruj\u0105cy napi\u0119cie i nat\u0119\u017cenie\" \/>\n<meta property=\"og:url\" content=\"https:\/\/atana.pl\/en\/online-shop\/trac\/cyfrowy-wylacznik-zwarciowy-12v-10-25-amp\/\" \/>\n<meta property=\"og:site_name\" content=\"Atana\" \/>\n<meta property=\"article:publisher\" content=\"https:\/\/www.facebook.com\/atanayachts\" \/>\n<meta property=\"article:modified_time\" content=\"2025-04-27T18:00:38+00:00\" \/>\n<meta property=\"og:image\" content=\"https:\/\/atana.pl\/wp-content\/uploads\/2024\/04\/69410-Cyfrowy-wylacznik-zwarciowy-10-25-Amp.png\" \/>\n\t<meta property=\"og:image:width\" content=\"468\" \/>\n\t<meta property=\"og:image:height\" content=\"468\" \/>\n\t<meta property=\"og:image:type\" content=\"image\/png\" \/>\n<meta name=\"twitter:card\" content=\"summary_large_image\" \/>\n<meta name=\"twitter:label1\" content=\"Estimated reading time\" \/>\n\t<meta name=\"twitter:data1\" content=\"1 minute\" \/>\n<script type=\"application\/ld+json\" class=\"yoast-schema-graph\">{\"@context\":\"https:\/\/schema.org\",\"@graph\":[{\"@type\":\"WebPage\",\"@id\":\"https:\/\/atana.pl\/sklep-on-line\/trac\/cyfrowy-wylacznik-zwarciowy-12v-10-25-amp\/\",\"url\":\"https:\/\/atana.pl\/sklep-on-line\/trac\/cyfrowy-wylacznik-zwarciowy-12v-10-25-amp\/\",\"name\":\"Cyfrowy wy\u0142\u0105cznik zwarciowy - 12V 10-25 Amp - Atana\",\"isPartOf\":{\"@id\":\"https:\/\/atana.pl\/#website\"},\"primaryImageOfPage\":{\"@id\":\"https:\/\/atana.pl\/sklep-on-line\/trac\/cyfrowy-wylacznik-zwarciowy-12v-10-25-amp\/#primaryimage\"},\"image\":{\"@id\":\"https:\/\/atana.pl\/sklep-on-line\/trac\/cyfrowy-wylacznik-zwarciowy-12v-10-25-amp\/#primaryimage\"},\"thumbnailUrl\":\"https:\/\/atana.pl\/wp-content\/uploads\/2024\/04\/69410-Cyfrowy-wylacznik-zwarciowy-10-25-Amp.png\",\"datePublished\":\"1964-01-27T11:16:42+00:00\",\"dateModified\":\"2025-04-27T18:00:38+00:00\",\"description\":\"Cyfrowy wy\u0142\u0105cznik zwarciowy TRAC 10-25A \u2013 programowalna ochrona instalacji 12V. Automatyczny lub manualny reset. Monitoruj\u0105cy napi\u0119cie i nat\u0119\u017cenie\",\"breadcrumb\":{\"@id\":\"https:\/\/atana.pl\/sklep-on-line\/trac\/cyfrowy-wylacznik-zwarciowy-12v-10-25-amp\/#breadcrumb\"},\"inLanguage\":\"en-GB\",\"potentialAction\":[{\"@type\":\"ReadAction\",\"target\":[\"https:\/\/atana.pl\/sklep-on-line\/trac\/cyfrowy-wylacznik-zwarciowy-12v-10-25-amp\/\"]}]},{\"@type\":\"ImageObject\",\"inLanguage\":\"en-GB\",\"@id\":\"https:\/\/atana.pl\/sklep-on-line\/trac\/cyfrowy-wylacznik-zwarciowy-12v-10-25-amp\/#primaryimage\",\"url\":\"https:\/\/atana.pl\/wp-content\/uploads\/2024\/04\/69410-Cyfrowy-wylacznik-zwarciowy-10-25-Amp.png\",\"contentUrl\":\"https:\/\/atana.pl\/wp-content\/uploads\/2024\/04\/69410-Cyfrowy-wylacznik-zwarciowy-10-25-Amp.png\",\"width\":468,\"height\":468,\"caption\":\"Cyfrowy wy\u0142\u0105cznik zwarciowy &#8211; 12V 10-25 Amp\"},{\"@type\":\"BreadcrumbList\",\"@id\":\"https:\/\/atana.pl\/sklep-on-line\/trac\/cyfrowy-wylacznik-zwarciowy-12v-10-25-amp\/#breadcrumb\",\"itemListElement\":[{\"@type\":\"ListItem\",\"position\":1,\"name\":\"Strona g\u0142\u00f3wna\",\"item\":\"https:\/\/atana.pl\/\"},{\"@type\":\"ListItem\",\"position\":2,\"name\":\"Sklep on-line\",\"item\":\"https:\/\/atana.pl\/sklep-on-line\/\"},{\"@type\":\"ListItem\",\"position\":3,\"name\":\"Cyfrowy wy\u0142\u0105cznik zwarciowy &#8211; 12V 10-25 Amp\"}]},{\"@type\":\"WebSite\",\"@id\":\"https:\/\/atana.pl\/#website\",\"url\":\"https:\/\/atana.pl\/\",\"name\":\"Atana\",\"description\":\"Akcesoria do \u0142odzi, kamper\u00f3w i przyczep. \u0141odzie motorowe\",\"publisher\":{\"@id\":\"https:\/\/atana.pl\/#organization\"},\"potentialAction\":[{\"@type\":\"SearchAction\",\"target\":{\"@type\":\"EntryPoint\",\"urlTemplate\":\"https:\/\/atana.pl\/?s={search_term_string}\"},\"query-input\":{\"@type\":\"PropertyValueSpecification\",\"valueRequired\":true,\"valueName\":\"search_term_string\"}}],\"inLanguage\":\"en-GB\"},{\"@type\":\"Organization\",\"@id\":\"https:\/\/atana.pl\/#organization\",\"name\":\"Atana\",\"url\":\"https:\/\/atana.pl\/\",\"logo\":{\"@type\":\"ImageObject\",\"inLanguage\":\"en-GB\",\"@id\":\"https:\/\/atana.pl\/#\/schema\/logo\/image\/\",\"url\":\"\",\"contentUrl\":\"\",\"caption\":\"Atana\"},\"image\":{\"@id\":\"https:\/\/atana.pl\/#\/schema\/logo\/image\/\"},\"sameAs\":[\"https:\/\/www.facebook.com\/atanayachts\",\"https:\/\/www.instagram.com\/atanaboats\/\",\"https:\/\/www.youtube.com\/channel\/UClMMmVqqx17in9QzgxK90Mw\"]}]}<\/script>\n<!-- \/ Yoast SEO plugin. -->","yoast_head_json":{"title":"Cyfrowy wy\u0142\u0105cznik zwarciowy - 12V 10-25 Amp - Atana","description":"Cyfrowy wy\u0142\u0105cznik zwarciowy TRAC 10-25A \u2013 programowalna ochrona instalacji 12V. Automatyczny lub manualny reset. Monitoruj\u0105cy napi\u0119cie i nat\u0119\u017cenie","robots":{"index":"index","follow":"follow","max-snippet":"max-snippet:-1","max-image-preview":"max-image-preview:large","max-video-preview":"max-video-preview:-1"},"canonical":"https:\/\/atana.pl\/en\/online-shop\/trac\/cyfrowy-wylacznik-zwarciowy-12v-10-25-amp\/","og_locale":"en_GB","og_type":"article","og_title":"Cyfrowy wy\u0142\u0105cznik zwarciowy - 12V 10-25 Amp - Atana","og_description":"Cyfrowy wy\u0142\u0105cznik zwarciowy TRAC 10-25A \u2013 programowalna ochrona instalacji 12V. Automatyczny lub manualny reset. Monitoruj\u0105cy napi\u0119cie i nat\u0119\u017cenie","og_url":"https:\/\/atana.pl\/en\/online-shop\/trac\/cyfrowy-wylacznik-zwarciowy-12v-10-25-amp\/","og_site_name":"Atana","article_publisher":"https:\/\/www.facebook.com\/atanayachts","article_modified_time":"2025-04-27T18:00:38+00:00","og_image":[{"width":468,"height":468,"url":"https:\/\/atana.pl\/wp-content\/uploads\/2024\/04\/69410-Cyfrowy-wylacznik-zwarciowy-10-25-Amp.png","type":"image\/png"}],"twitter_card":"summary_large_image","twitter_misc":{"Estimated reading time":"1 minute"},"schema":{"@context":"https:\/\/schema.org","@graph":[{"@type":"WebPage","@id":"https:\/\/atana.pl\/sklep-on-line\/trac\/cyfrowy-wylacznik-zwarciowy-12v-10-25-amp\/","url":"https:\/\/atana.pl\/sklep-on-line\/trac\/cyfrowy-wylacznik-zwarciowy-12v-10-25-amp\/","name":"Cyfrowy wy\u0142\u0105cznik zwarciowy - 12V 10-25 Amp - Atana","isPartOf":{"@id":"https:\/\/atana.pl\/#website"},"primaryImageOfPage":{"@id":"https:\/\/atana.pl\/sklep-on-line\/trac\/cyfrowy-wylacznik-zwarciowy-12v-10-25-amp\/#primaryimage"},"image":{"@id":"https:\/\/atana.pl\/sklep-on-line\/trac\/cyfrowy-wylacznik-zwarciowy-12v-10-25-amp\/#primaryimage"},"thumbnailUrl":"https:\/\/atana.pl\/wp-content\/uploads\/2024\/04\/69410-Cyfrowy-wylacznik-zwarciowy-10-25-Amp.png","datePublished":"1964-01-27T11:16:42+00:00","dateModified":"2025-04-27T18:00:38+00:00","description":"Cyfrowy wy\u0142\u0105cznik zwarciowy TRAC 10-25A \u2013 programowalna ochrona instalacji 12V. Automatyczny lub manualny reset. Monitoruj\u0105cy napi\u0119cie i nat\u0119\u017cenie","breadcrumb":{"@id":"https:\/\/atana.pl\/sklep-on-line\/trac\/cyfrowy-wylacznik-zwarciowy-12v-10-25-amp\/#breadcrumb"},"inLanguage":"en-GB","potentialAction":[{"@type":"ReadAction","target":["https:\/\/atana.pl\/sklep-on-line\/trac\/cyfrowy-wylacznik-zwarciowy-12v-10-25-amp\/"]}]},{"@type":"ImageObject","inLanguage":"en-GB","@id":"https:\/\/atana.pl\/sklep-on-line\/trac\/cyfrowy-wylacznik-zwarciowy-12v-10-25-amp\/#primaryimage","url":"https:\/\/atana.pl\/wp-content\/uploads\/2024\/04\/69410-Cyfrowy-wylacznik-zwarciowy-10-25-Amp.png","contentUrl":"https:\/\/atana.pl\/wp-content\/uploads\/2024\/04\/69410-Cyfrowy-wylacznik-zwarciowy-10-25-Amp.png","width":468,"height":468,"caption":"Cyfrowy wy\u0142\u0105cznik zwarciowy &#8211; 12V 10-25 Amp"},{"@type":"BreadcrumbList","@id":"https:\/\/atana.pl\/sklep-on-line\/trac\/cyfrowy-wylacznik-zwarciowy-12v-10-25-amp\/#breadcrumb","itemListElement":[{"@type":"ListItem","position":1,"name":"Strona g\u0142\u00f3wna","item":"https:\/\/atana.pl\/"},{"@type":"ListItem","position":2,"name":"Sklep on-line","item":"https:\/\/atana.pl\/sklep-on-line\/"},{"@type":"ListItem","position":3,"name":"Cyfrowy wy\u0142\u0105cznik zwarciowy &#8211; 12V 10-25 Amp"}]},{"@type":"WebSite","@id":"https:\/\/atana.pl\/#website","url":"https:\/\/atana.pl\/","name":"Atana","description":"Akcesoria do \u0142odzi, kamper\u00f3w i przyczep. \u0141odzie motorowe","publisher":{"@id":"https:\/\/atana.pl\/#organization"},"potentialAction":[{"@type":"SearchAction","target":{"@type":"EntryPoint","urlTemplate":"https:\/\/atana.pl\/?s={search_term_string}"},"query-input":{"@type":"PropertyValueSpecification","valueRequired":true,"valueName":"search_term_string"}}],"inLanguage":"en-GB"},{"@type":"Organization","@id":"https:\/\/atana.pl\/#organization","name":"Atana","url":"https:\/\/atana.pl\/","logo":{"@type":"ImageObject","inLanguage":"en-GB","@id":"https:\/\/atana.pl\/#\/schema\/logo\/image\/","url":"","contentUrl":"","caption":"Atana"},"image":{"@id":"https:\/\/atana.pl\/#\/schema\/logo\/image\/"},"sameAs":["https:\/\/www.facebook.com\/atanayachts","https:\/\/www.instagram.com\/atanaboats\/","https:\/\/www.youtube.com\/channel\/UClMMmVqqx17in9QzgxK90Mw"]}]}},"_links":{"self":[{"href":"https:\/\/atana.pl\/en\/wp-json\/wp\/v2\/product\/5631","targetHints":{"allow":["GET"]}}],"collection":[{"href":"https:\/\/atana.pl\/en\/wp-json\/wp\/v2\/product"}],"about":[{"href":"https:\/\/atana.pl\/en\/wp-json\/wp\/v2\/types\/product"}],"wp:featuredmedia":[{"embeddable":true,"href":"https:\/\/atana.pl\/en\/wp-json\/wp\/v2\/media\/4293"}],"wp:attachment":[{"href":"https:\/\/atana.pl\/en\/wp-json\/wp\/v2\/media?parent=5631"}],"wp:term":[{"taxonomy":"product_brand","embeddable":true,"href":"https:\/\/atana.pl\/en\/wp-json\/wp\/v2\/product_brand?post=5631"},{"taxonomy":"product_cat","embeddable":true,"href":"https:\/\/atana.pl\/en\/wp-json\/wp\/v2\/product_cat?post=5631"},{"taxonomy":"product_tag","embeddable":true,"href":"https:\/\/atana.pl\/en\/wp-json\/wp\/v2\/product_tag?post=5631"}],"curies":[{"name":"wp","href":"https:\/\/api.w.org\/{rel}","templated":true}]}}