{"id":5621,"date":"1967-01-27T12:16:42","date_gmt":"1967-01-27T11:16:42","guid":{"rendered":"https:\/\/atana.pl\/sklep-on-line\/automatyczny-bezpiecznik-wodoszczelny-12v-60amp\/"},"modified":"2025-04-18T15:05:28","modified_gmt":"2025-04-18T13:05:28","slug":"automatyczny-bezpiecznik-wodoszczelny-12v-60amp","status":"publish","type":"product","link":"https:\/\/atana.pl\/en\/online-shop\/trailer-accessories\/akcesoria-elektryczne\/automatyczny-bezpiecznik-wodoszczelny-12v-60amp\/","title":{"rendered":"Automatic fuse, watertight 12V\/60Amp"},"content":{"rendered":"<h2 class=\"\" data-start=\"246\" data-end=\"300\">\u26a1 Automatyczny bezpiecznik 12V \/ 60A \u2013 wodoszczelny<\/h2>\n<p class=\"\" data-start=\"302\" data-end=\"512\"><strong data-start=\"302\" data-end=\"354\">Profesjonalny bezpiecznik automatyczny 12V \/ 60A<\/strong> to niezawodna ochrona dla system\u00f3w elektrycznych w \u0142odziach, przyczepach, kamperach, a tak\u017ce pojazdach terenowych.<br data-start=\"469\" data-end=\"472\" \/>Przeznaczony do instalacji zasilaj\u0105cych:<\/p>\n<ul data-start=\"513\" data-end=\"654\">\n<li class=\"\" data-start=\"513\" data-end=\"537\">\n<p class=\"\" data-start=\"515\" data-end=\"537\">silniki elektryczne,<\/p>\n<\/li>\n<li class=\"\" data-start=\"538\" data-end=\"553\">\n<p class=\"\" data-start=\"540\" data-end=\"553\">wyci\u0105garki,<\/p>\n<\/li>\n<li class=\"\" data-start=\"554\" data-end=\"574\">\n<p class=\"\" data-start=\"556\" data-end=\"574\">windy kotwiczne,<\/p>\n<\/li>\n<li class=\"\" data-start=\"575\" data-end=\"654\">\n<p class=\"\" data-start=\"577\" data-end=\"654\">oraz wszelkie inne urz\u0105dzenia wymagaj\u0105ce zabezpieczenia pr\u0105dowego 60 amper\u00f3w.<\/p>\n<\/li>\n<\/ul>\n<p class=\"\" data-start=\"656\" data-end=\"830\">Thanks to <strong data-start=\"663\" data-end=\"700\">funkcji resetowania<\/strong> i <strong data-start=\"703\" data-end=\"732\">wodoszczelnej konstrukcji<\/strong>, ten bezpiecznik doskonale sprawdza si\u0119 nawet w wymagaj\u0105cych warunkach morskich lub outdoorowych.<\/p>\n<hr class=\"\" data-start=\"1190\" data-end=\"1193\" \/>\n<h3 class=\"\" data-start=\"1195\" data-end=\"1224\">\ud83d\udee1\ufe0f Gwarancja i wsparcie:<\/h3>\n<p class=\"\" data-start=\"1226\" data-end=\"1422\">\u2714\ufe0f 2-year warranty<br data-start=\"1245\" data-end=\"1248\" \/>\u2714\ufe0f Wsparcie techniczne przy doborze komponent\u00f3w<br data-start=\"1295\" data-end=\"1298\" \/>\u2714\ufe0f Kompatybilno\u015b\u0107 z instalacjami 12V w \u0142odziach, pojazdach, przyczepach<br data-start=\"1369\" data-end=\"1372\" \/>\u2714\ufe0f Mo\u017cliwo\u015b\u0107 u\u017cycia jako g\u0142\u00f3wny bezpiecznik obwodu<\/p>\n<hr class=\"\" data-start=\"1424\" data-end=\"1427\" \/>\n<p class=\"\" data-start=\"1429\" data-end=\"1634\">Zabezpiecz sw\u00f3j system zasilania tak, jak nale\u017cy!<br data-start=\"1478\" data-end=\"1481\" \/>Automatyczny bezpiecznik 12V \/ 60A chroni urz\u0105dzenia przed przeci\u0105\u017ceniem i zwarciem, a jednocze\u015bnie pozwala na szybki reset bez potrzeby wymiany wk\u0142adek.<\/p>\n<p class=\"\" data-start=\"1636\" data-end=\"1759\">Idealne rozwi\u0105zanie do zastosowa\u0144 morskich, terenowych i mobilnych \u2013 kiedy liczy si\u0119 trwa\u0142o\u015b\u0107, odporno\u015b\u0107 i \u0142atwo\u015b\u0107 obs\u0142ugi.<\/p>","protected":false},"excerpt":{"rendered":"<ul>\n<li>Automatic fuse<\/li>\n<li>12V \/ 60 Amp<\/li>\n<li>Wodoszczelny<\/li>\n<\/ul>","protected":false},"featured_media":4273,"template":"","meta":{"_acf_changed":false},"product_brand":[],"product_cat":[113,131,101,102],"product_tag":[782,781,783,791,784,790,786,788,789,792,785,787],"class_list":{"0":"post-5621","1":"product","2":"type-product","3":"status-publish","4":"has-post-thumbnail","6":"product_cat-akcesoria_elektryczne","7":"product_cat-akcesoria-elektryczne","8":"product_cat-promocje","9":"product_cat-trac","10":"product_tag-automatyczny-bezpiecznik-lodz","11":"product_tag-bezpiecznik-12v-60a","12":"product_tag-bezpiecznik-do-silnika-elektrycznego","13":"product_tag-bezpiecznik-do-windy-kotwicznej","14":"product_tag-bezpiecznik-do-wyciagarki","15":"product_tag-bezpiecznik-marine","16":"product_tag-bezpiecznik-z-resetem","17":"product_tag-elektryka-do-przyczepy","18":"product_tag-ochrona-instalacji-12v","19":"product_tag-resetowalny-bezpiecznik-12v","20":"product_tag-wodoszczelny-bezpiecznik","21":"product_tag-zabezpieczenie-60-amper","23":"first","24":"instock","25":"sale","26":"taxable","27":"shipping-taxable","28":"purchasable","29":"product-type-simple"},"acf":[],"yoast_head":"<!-- This site is optimized with the Yoast SEO plugin v25.2 - https:\/\/yoast.com\/wordpress\/plugins\/seo\/ -->\n<title>Automatyczny bezpiecznik, wodoszczelny 12V\/60Amp - Atana<\/title>\n<meta name=\"description\" content=\"Wodoszczelny bezpiecznik automatyczny 60A do instalacji 12V. Idealny do silnik\u00f3w elektrycznych, wyci\u0105garek i wind. Bezpieczna ochrona i szybki reset.\" \/>\n<meta name=\"robots\" content=\"index, follow, max-snippet:-1, max-image-preview:large, max-video-preview:-1\" \/>\n<link rel=\"canonical\" href=\"https:\/\/atana.pl\/en\/online-shop\/trailer-accessories\/akcesoria-elektryczne\/automatyczny-bezpiecznik-wodoszczelny-12v-60amp\/\" \/>\n<meta property=\"og:locale\" content=\"en_GB\" \/>\n<meta property=\"og:type\" content=\"article\" \/>\n<meta property=\"og:title\" content=\"Automatyczny bezpiecznik, wodoszczelny 12V\/60Amp - Atana\" \/>\n<meta property=\"og:description\" content=\"Wodoszczelny bezpiecznik automatyczny 60A do instalacji 12V. Idealny do silnik\u00f3w elektrycznych, wyci\u0105garek i wind. Bezpieczna ochrona i szybki reset.\" \/>\n<meta property=\"og:url\" content=\"https:\/\/atana.pl\/en\/online-shop\/trailer-accessories\/akcesoria-elektryczne\/automatyczny-bezpiecznik-wodoszczelny-12v-60amp\/\" \/>\n<meta property=\"og:site_name\" content=\"Atana\" \/>\n<meta property=\"article:publisher\" content=\"https:\/\/www.facebook.com\/atanayachts\" \/>\n<meta property=\"article:modified_time\" content=\"2025-04-18T13:05:28+00:00\" \/>\n<meta property=\"og:image\" content=\"https:\/\/atana.pl\/wp-content\/uploads\/2024\/04\/69420_5-Z.jpg\" \/>\n\t<meta property=\"og:image:width\" content=\"900\" \/>\n\t<meta property=\"og:image:height\" content=\"900\" \/>\n\t<meta property=\"og:image:type\" content=\"image\/jpeg\" \/>\n<meta name=\"twitter:card\" content=\"summary_large_image\" \/>\n<meta name=\"twitter:label1\" content=\"Estimated reading time\" \/>\n\t<meta name=\"twitter:data1\" content=\"1 minute\" \/>\n<script type=\"application\/ld+json\" class=\"yoast-schema-graph\">{\"@context\":\"https:\/\/schema.org\",\"@graph\":[{\"@type\":\"WebPage\",\"@id\":\"https:\/\/atana.pl\/sklep-on-line\/akcesoria-do-przyczep\/akcesoria-elektryczne\/automatyczny-bezpiecznik-wodoszczelny-12v-60amp\/\",\"url\":\"https:\/\/atana.pl\/sklep-on-line\/akcesoria-do-przyczep\/akcesoria-elektryczne\/automatyczny-bezpiecznik-wodoszczelny-12v-60amp\/\",\"name\":\"Automatyczny bezpiecznik, wodoszczelny 12V\/60Amp - Atana\",\"isPartOf\":{\"@id\":\"https:\/\/atana.pl\/#website\"},\"primaryImageOfPage\":{\"@id\":\"https:\/\/atana.pl\/sklep-on-line\/akcesoria-do-przyczep\/akcesoria-elektryczne\/automatyczny-bezpiecznik-wodoszczelny-12v-60amp\/#primaryimage\"},\"image\":{\"@id\":\"https:\/\/atana.pl\/sklep-on-line\/akcesoria-do-przyczep\/akcesoria-elektryczne\/automatyczny-bezpiecznik-wodoszczelny-12v-60amp\/#primaryimage\"},\"thumbnailUrl\":\"https:\/\/atana.pl\/wp-content\/uploads\/2024\/04\/69420_5-Z.jpg\",\"datePublished\":\"1967-01-27T11:16:42+00:00\",\"dateModified\":\"2025-04-18T13:05:28+00:00\",\"description\":\"Wodoszczelny bezpiecznik automatyczny 60A do instalacji 12V. Idealny do silnik\u00f3w elektrycznych, wyci\u0105garek i wind. Bezpieczna ochrona i szybki reset.\",\"breadcrumb\":{\"@id\":\"https:\/\/atana.pl\/sklep-on-line\/akcesoria-do-przyczep\/akcesoria-elektryczne\/automatyczny-bezpiecznik-wodoszczelny-12v-60amp\/#breadcrumb\"},\"inLanguage\":\"en-GB\",\"potentialAction\":[{\"@type\":\"ReadAction\",\"target\":[\"https:\/\/atana.pl\/sklep-on-line\/akcesoria-do-przyczep\/akcesoria-elektryczne\/automatyczny-bezpiecznik-wodoszczelny-12v-60amp\/\"]}]},{\"@type\":\"ImageObject\",\"inLanguage\":\"en-GB\",\"@id\":\"https:\/\/atana.pl\/sklep-on-line\/akcesoria-do-przyczep\/akcesoria-elektryczne\/automatyczny-bezpiecznik-wodoszczelny-12v-60amp\/#primaryimage\",\"url\":\"https:\/\/atana.pl\/wp-content\/uploads\/2024\/04\/69420_5-Z.jpg\",\"contentUrl\":\"https:\/\/atana.pl\/wp-content\/uploads\/2024\/04\/69420_5-Z.jpg\",\"width\":900,\"height\":900,\"caption\":\"Automatyczny bezpiecznik, wodoszczelny 12V\/60Amp\"},{\"@type\":\"BreadcrumbList\",\"@id\":\"https:\/\/atana.pl\/sklep-on-line\/akcesoria-do-przyczep\/akcesoria-elektryczne\/automatyczny-bezpiecznik-wodoszczelny-12v-60amp\/#breadcrumb\",\"itemListElement\":[{\"@type\":\"ListItem\",\"position\":1,\"name\":\"Strona g\u0142\u00f3wna\",\"item\":\"https:\/\/atana.pl\/\"},{\"@type\":\"ListItem\",\"position\":2,\"name\":\"Sklep on-line\",\"item\":\"https:\/\/atana.pl\/sklep-on-line\/\"},{\"@type\":\"ListItem\",\"position\":3,\"name\":\"Automatyczny bezpiecznik, wodoszczelny 12V\/60Amp\"}]},{\"@type\":\"WebSite\",\"@id\":\"https:\/\/atana.pl\/#website\",\"url\":\"https:\/\/atana.pl\/\",\"name\":\"Atana\",\"description\":\"Akcesoria do \u0142odzi, kamper\u00f3w i przyczep. \u0141odzie motorowe\",\"publisher\":{\"@id\":\"https:\/\/atana.pl\/#organization\"},\"potentialAction\":[{\"@type\":\"SearchAction\",\"target\":{\"@type\":\"EntryPoint\",\"urlTemplate\":\"https:\/\/atana.pl\/?s={search_term_string}\"},\"query-input\":{\"@type\":\"PropertyValueSpecification\",\"valueRequired\":true,\"valueName\":\"search_term_string\"}}],\"inLanguage\":\"en-GB\"},{\"@type\":\"Organization\",\"@id\":\"https:\/\/atana.pl\/#organization\",\"name\":\"Atana\",\"url\":\"https:\/\/atana.pl\/\",\"logo\":{\"@type\":\"ImageObject\",\"inLanguage\":\"en-GB\",\"@id\":\"https:\/\/atana.pl\/#\/schema\/logo\/image\/\",\"url\":\"\",\"contentUrl\":\"\",\"caption\":\"Atana\"},\"image\":{\"@id\":\"https:\/\/atana.pl\/#\/schema\/logo\/image\/\"},\"sameAs\":[\"https:\/\/www.facebook.com\/atanayachts\",\"https:\/\/www.instagram.com\/atanaboats\/\",\"https:\/\/www.youtube.com\/channel\/UClMMmVqqx17in9QzgxK90Mw\"]}]}<\/script>\n<!-- \/ Yoast SEO plugin. -->","yoast_head_json":{"title":"Automatyczny bezpiecznik, wodoszczelny 12V\/60Amp - Atana","description":"Wodoszczelny bezpiecznik automatyczny 60A do instalacji 12V. Idealny do silnik\u00f3w elektrycznych, wyci\u0105garek i wind. Bezpieczna ochrona i szybki reset.","robots":{"index":"index","follow":"follow","max-snippet":"max-snippet:-1","max-image-preview":"max-image-preview:large","max-video-preview":"max-video-preview:-1"},"canonical":"https:\/\/atana.pl\/en\/online-shop\/trailer-accessories\/akcesoria-elektryczne\/automatyczny-bezpiecznik-wodoszczelny-12v-60amp\/","og_locale":"en_GB","og_type":"article","og_title":"Automatyczny bezpiecznik, wodoszczelny 12V\/60Amp - Atana","og_description":"Wodoszczelny bezpiecznik automatyczny 60A do instalacji 12V. Idealny do silnik\u00f3w elektrycznych, wyci\u0105garek i wind. Bezpieczna ochrona i szybki reset.","og_url":"https:\/\/atana.pl\/en\/online-shop\/trailer-accessories\/akcesoria-elektryczne\/automatyczny-bezpiecznik-wodoszczelny-12v-60amp\/","og_site_name":"Atana","article_publisher":"https:\/\/www.facebook.com\/atanayachts","article_modified_time":"2025-04-18T13:05:28+00:00","og_image":[{"width":900,"height":900,"url":"https:\/\/atana.pl\/wp-content\/uploads\/2024\/04\/69420_5-Z.jpg","type":"image\/jpeg"}],"twitter_card":"summary_large_image","twitter_misc":{"Estimated reading time":"1 minute"},"schema":{"@context":"https:\/\/schema.org","@graph":[{"@type":"WebPage","@id":"https:\/\/atana.pl\/sklep-on-line\/akcesoria-do-przyczep\/akcesoria-elektryczne\/automatyczny-bezpiecznik-wodoszczelny-12v-60amp\/","url":"https:\/\/atana.pl\/sklep-on-line\/akcesoria-do-przyczep\/akcesoria-elektryczne\/automatyczny-bezpiecznik-wodoszczelny-12v-60amp\/","name":"Automatyczny bezpiecznik, wodoszczelny 12V\/60Amp - Atana","isPartOf":{"@id":"https:\/\/atana.pl\/#website"},"primaryImageOfPage":{"@id":"https:\/\/atana.pl\/sklep-on-line\/akcesoria-do-przyczep\/akcesoria-elektryczne\/automatyczny-bezpiecznik-wodoszczelny-12v-60amp\/#primaryimage"},"image":{"@id":"https:\/\/atana.pl\/sklep-on-line\/akcesoria-do-przyczep\/akcesoria-elektryczne\/automatyczny-bezpiecznik-wodoszczelny-12v-60amp\/#primaryimage"},"thumbnailUrl":"https:\/\/atana.pl\/wp-content\/uploads\/2024\/04\/69420_5-Z.jpg","datePublished":"1967-01-27T11:16:42+00:00","dateModified":"2025-04-18T13:05:28+00:00","description":"Wodoszczelny bezpiecznik automatyczny 60A do instalacji 12V. Idealny do silnik\u00f3w elektrycznych, wyci\u0105garek i wind. Bezpieczna ochrona i szybki reset.","breadcrumb":{"@id":"https:\/\/atana.pl\/sklep-on-line\/akcesoria-do-przyczep\/akcesoria-elektryczne\/automatyczny-bezpiecznik-wodoszczelny-12v-60amp\/#breadcrumb"},"inLanguage":"en-GB","potentialAction":[{"@type":"ReadAction","target":["https:\/\/atana.pl\/sklep-on-line\/akcesoria-do-przyczep\/akcesoria-elektryczne\/automatyczny-bezpiecznik-wodoszczelny-12v-60amp\/"]}]},{"@type":"ImageObject","inLanguage":"en-GB","@id":"https:\/\/atana.pl\/sklep-on-line\/akcesoria-do-przyczep\/akcesoria-elektryczne\/automatyczny-bezpiecznik-wodoszczelny-12v-60amp\/#primaryimage","url":"https:\/\/atana.pl\/wp-content\/uploads\/2024\/04\/69420_5-Z.jpg","contentUrl":"https:\/\/atana.pl\/wp-content\/uploads\/2024\/04\/69420_5-Z.jpg","width":900,"height":900,"caption":"Automatyczny bezpiecznik, wodoszczelny 12V\/60Amp"},{"@type":"BreadcrumbList","@id":"https:\/\/atana.pl\/sklep-on-line\/akcesoria-do-przyczep\/akcesoria-elektryczne\/automatyczny-bezpiecznik-wodoszczelny-12v-60amp\/#breadcrumb","itemListElement":[{"@type":"ListItem","position":1,"name":"Strona g\u0142\u00f3wna","item":"https:\/\/atana.pl\/"},{"@type":"ListItem","position":2,"name":"Sklep on-line","item":"https:\/\/atana.pl\/sklep-on-line\/"},{"@type":"ListItem","position":3,"name":"Automatyczny bezpiecznik, wodoszczelny 12V\/60Amp"}]},{"@type":"WebSite","@id":"https:\/\/atana.pl\/#website","url":"https:\/\/atana.pl\/","name":"Atana","description":"Akcesoria do \u0142odzi, kamper\u00f3w i przyczep. \u0141odzie motorowe","publisher":{"@id":"https:\/\/atana.pl\/#organization"},"potentialAction":[{"@type":"SearchAction","target":{"@type":"EntryPoint","urlTemplate":"https:\/\/atana.pl\/?s={search_term_string}"},"query-input":{"@type":"PropertyValueSpecification","valueRequired":true,"valueName":"search_term_string"}}],"inLanguage":"en-GB"},{"@type":"Organization","@id":"https:\/\/atana.pl\/#organization","name":"Atana","url":"https:\/\/atana.pl\/","logo":{"@type":"ImageObject","inLanguage":"en-GB","@id":"https:\/\/atana.pl\/#\/schema\/logo\/image\/","url":"","contentUrl":"","caption":"Atana"},"image":{"@id":"https:\/\/atana.pl\/#\/schema\/logo\/image\/"},"sameAs":["https:\/\/www.facebook.com\/atanayachts","https:\/\/www.instagram.com\/atanaboats\/","https:\/\/www.youtube.com\/channel\/UClMMmVqqx17in9QzgxK90Mw"]}]}},"_links":{"self":[{"href":"https:\/\/atana.pl\/en\/wp-json\/wp\/v2\/product\/5621","targetHints":{"allow":["GET"]}}],"collection":[{"href":"https:\/\/atana.pl\/en\/wp-json\/wp\/v2\/product"}],"about":[{"href":"https:\/\/atana.pl\/en\/wp-json\/wp\/v2\/types\/product"}],"wp:featuredmedia":[{"embeddable":true,"href":"https:\/\/atana.pl\/en\/wp-json\/wp\/v2\/media\/4273"}],"wp:attachment":[{"href":"https:\/\/atana.pl\/en\/wp-json\/wp\/v2\/media?parent=5621"}],"wp:term":[{"taxonomy":"product_brand","embeddable":true,"href":"https:\/\/atana.pl\/en\/wp-json\/wp\/v2\/product_brand?post=5621"},{"taxonomy":"product_cat","embeddable":true,"href":"https:\/\/atana.pl\/en\/wp-json\/wp\/v2\/product_cat?post=5621"},{"taxonomy":"product_tag","embeddable":true,"href":"https:\/\/atana.pl\/en\/wp-json\/wp\/v2\/product_tag?post=5621"}],"curies":[{"name":"wp","href":"https:\/\/api.w.org\/{rel}","templated":true}]}}