{"id":5605,"date":"1968-01-27T12:16:41","date_gmt":"1968-01-27T11:16:41","guid":{"rendered":"https:\/\/atana.pl\/sklep-on-line\/wtyczka-z-gniazdem-12v-60amp\/"},"modified":"2025-08-12T07:39:27","modified_gmt":"2025-08-12T05:39:27","slug":"wtyczka-z-gniazdem-12v-60amp","status":"publish","type":"product","link":"https:\/\/atana.pl\/en\/online-shop\/trailer-accessories\/akcesoria-elektryczne\/wtyczka-z-gniazdem-12v-60amp\/","title":{"rendered":"Connector 12V, 24V, 36V \/60Amp - Plug with socket"},"content":{"rendered":"<h2 class=\"\" data-start=\"185\" data-end=\"268\">\ud83d\udd0c Wtyczka z gniazdem 12V\/60A \u2013 szybkie i bezpieczne zasilanie urz\u0105dze\u0144 na \u0142odzi<\/h2>\n<p class=\"\" data-start=\"270\" data-end=\"525\"><strong data-start=\"270\" data-end=\"300\">Wtyczka z gniazdem 12V\/60A<\/strong> to niezawodne z\u0142\u0105cze elektryczne stworzone z my\u015bl\u0105 o \u0142odziach, jachtach i jednostkach rekreacyjnych, w kt\u00f3rych stosowane s\u0105 silniki elektryczne, wyci\u0105garki, windy kotwiczne lub inne urz\u0105dzenia wymagaj\u0105ce solidnego zasilania. Z\u0142\u0105cza s\u0105 wyposa\u017cone w przewody 8mm\u00b2 ale mo\u017cna te\u017c \u0142\u0105czy\u0107 z cie\u0144szymi przewodami je\u017celi z\u0142\u0105cze b\u0119dziemy u\u017cywa\u0107 do mniejszych nat\u0119\u017ce\u0144.<\/p>\n<p class=\"\" data-start=\"527\" data-end=\"846\">Zestaw umo\u017cliwia <strong data-start=\"544\" data-end=\"597\">szybkie pod\u0142\u0105czanie i od\u0142\u0105czanie r\u00f3\u017cnych urz\u0105dze\u0144<\/strong> do jednego \u017ar\u00f3d\u0142a pr\u0105du \u2013 bez potrzeby skomplikowanej instalacji czy dodatkowych kabli. Wysoka jako\u015b\u0107 wykonania i a\u017c <strong data-start=\"715\" data-end=\"736\">3 sposoby monta\u017cu<\/strong> zapewniaj\u0105 uniwersalno\u015b\u0107 zastosowania zar\u00f3wno na pok\u0142adzie, jak i w innych miejscach na jednostce p\u0142ywaj\u0105cej.<\/p>\n<hr class=\"\" data-start=\"848\" data-end=\"851\" \/>\n<p data-start=\"527\" data-end=\"846\">W naszej ofercie dost\u0119pna jest r\u00f3wnie\u017c sama <a href=\"https:\/\/atana.pl\/en\/online-shop\/trailer-accessories\/akcesoria-elektryczne\/wtyczka-12v-60amp\/\">wtyczka<\/a> pasuj\u0105ca do tego zestawu. Mo\u017cna stosowa\u0107 dowoln\u0105 ilo\u015b\u0107 wtyczek aby zamiennie pod\u0142\u0105cza\u0107 r\u00f3\u017cne urz\u0105dzenia do jednego gniazda.<\/p>\n<hr class=\"\" data-start=\"848\" data-end=\"851\" \/>\n<h3 class=\"\" data-start=\"853\" data-end=\"911\">\u2699\ufe0f Dlaczego warto wybra\u0107 ten zestaw wtyczka + gniazdo?<\/h3>\n<p class=\"\" data-start=\"913\" data-end=\"1276\">\u2705 Uniwersalne zastosowanie \u2013 do silnik\u00f3w, wind kotwicznych, wyci\u0105garek<br data-start=\"983\" data-end=\"986\" \/>\u2705 Wysoka wydajno\u015b\u0107 \u2013 obs\u0142uguje napi\u0119cia 12V, 24V i 36V oraz pr\u0105d do 60A<br data-start=\"1057\" data-end=\"1060\" \/>\u2705 3 sposoby monta\u017cu \u2013 p\u0142aski, doczepny lub bez sta\u0142ego mocowania<br data-start=\"1124\" data-end=\"1127\" \/>\u2705 Trwa\u0142o\u015b\u0107 i bezpiecze\u0144stwo \u2013 z\u0142\u0105cza zamykane, odporne na warunki morskie<br data-start=\"1200\" data-end=\"1203\" \/>\u2705 Mo\u017cliwo\u015b\u0107 szybkiej wymiany urz\u0105dze\u0144 \u2013 jedno gniazdo, wiele zastosowa\u0144<\/p>\n<hr class=\"\" data-start=\"1278\" data-end=\"1281\" \/>\n<h3 class=\"\" data-start=\"1283\" data-end=\"1306\">\ud83d\udd27 Sposoby monta\u017cu:<\/h3>\n<ul data-start=\"1308\" data-end=\"1517\">\n<li class=\"\" data-start=\"1308\" data-end=\"1378\">\n<p class=\"\" data-start=\"1310\" data-end=\"1378\"><strong data-start=\"1310\" data-end=\"1323\">Na p\u0142asko<\/strong> (flush-mount) \u2013 np. w \u015bcianie technicznej lub panelu. Monta\u017c odbywa si\u0119 poprzez wywiercenie otworu o \u015brednicy 38mm i zamontowanie rozety ze z\u0142\u0105czem.<\/p>\n<p><img fetchpriority=\"high\" decoding=\"async\" class=\"alignnone wp-image-6894\" title=\"69441 Z\u0142\u0105cze Monta\u017c Ce\u00f3wka\" src=\"https:\/\/atana.pl\/wp-content\/uploads\/1968\/01\/69441_Zlacze_Montaz-flush-mount_CLO2-300x91.png\" alt=\"69441 Z\u0142\u0105cze Monta\u017c flush mount CLO2\" width=\"621\" height=\"188\" srcset=\"https:\/\/atana.pl\/wp-content\/uploads\/1968\/01\/69441_Zlacze_Montaz-flush-mount_CLO2-300x91.png 300w, https:\/\/atana.pl\/wp-content\/uploads\/1968\/01\/69441_Zlacze_Montaz-flush-mount_CLO2-1024x310.png 1024w, https:\/\/atana.pl\/wp-content\/uploads\/1968\/01\/69441_Zlacze_Montaz-flush-mount_CLO2-768x233.png 768w, https:\/\/atana.pl\/wp-content\/uploads\/1968\/01\/69441_Zlacze_Montaz-flush-mount_CLO2-1536x465.png 1536w, https:\/\/atana.pl\/wp-content\/uploads\/1968\/01\/69441_Zlacze_Montaz-flush-mount_CLO2-18x5.png 18w, https:\/\/atana.pl\/wp-content\/uploads\/1968\/01\/69441_Zlacze_Montaz-flush-mount_CLO2-150x45.png 150w, https:\/\/atana.pl\/wp-content\/uploads\/1968\/01\/69441_Zlacze_Montaz-flush-mount_CLO2-600x182.png 600w, https:\/\/atana.pl\/wp-content\/uploads\/1968\/01\/69441_Zlacze_Montaz-flush-mount_CLO2-64x19.png 64w, https:\/\/atana.pl\/wp-content\/uploads\/1968\/01\/69441_Zlacze_Montaz-flush-mount_CLO2.png 1585w\" sizes=\"(max-width: 621px) 100vw, 621px\" \/><\/li>\n<li class=\"\" data-start=\"1379\" data-end=\"1446\">\n<p class=\"\" data-start=\"1381\" data-end=\"1446\"><strong data-start=\"1381\" data-end=\"1405\">Z uchwytem &#8222;C&#8221; z zestawu<\/strong><\/p>\n<p><img decoding=\"async\" class=\"alignnone wp-image-6895\" title=\"69441 Z\u0142\u0105cze Monta\u017c Ce\u00f3wka\" src=\"https:\/\/atana.pl\/wp-content\/uploads\/1968\/01\/69441_Zlacze_Montaz-Ceowka_CLO2-300x114.png\" alt=\"69441 Z\u0142\u0105cze Monta\u017c Ce\u00f3wka CLO2\" width=\"494\" height=\"188\" srcset=\"https:\/\/atana.pl\/wp-content\/uploads\/1968\/01\/69441_Zlacze_Montaz-Ceowka_CLO2-300x114.png 300w, https:\/\/atana.pl\/wp-content\/uploads\/1968\/01\/69441_Zlacze_Montaz-Ceowka_CLO2-1024x390.png 1024w, https:\/\/atana.pl\/wp-content\/uploads\/1968\/01\/69441_Zlacze_Montaz-Ceowka_CLO2-768x292.png 768w, https:\/\/atana.pl\/wp-content\/uploads\/1968\/01\/69441_Zlacze_Montaz-Ceowka_CLO2-18x7.png 18w, https:\/\/atana.pl\/wp-content\/uploads\/1968\/01\/69441_Zlacze_Montaz-Ceowka_CLO2-150x57.png 150w, https:\/\/atana.pl\/wp-content\/uploads\/1968\/01\/69441_Zlacze_Montaz-Ceowka_CLO2-600x228.png 600w, https:\/\/atana.pl\/wp-content\/uploads\/1968\/01\/69441_Zlacze_Montaz-Ceowka_CLO2-64x24.png 64w, https:\/\/atana.pl\/wp-content\/uploads\/1968\/01\/69441_Zlacze_Montaz-Ceowka_CLO2.png 1238w\" sizes=\"(max-width: 494px) 100vw, 494px\" \/><\/li>\n<li class=\"\" data-start=\"1447\" data-end=\"1517\">\n<p class=\"\" data-start=\"1449\" data-end=\"1517\"><strong data-start=\"1449\" data-end=\"1472\">Bez monta\u017cu sta\u0142ego<\/strong> \u2013 po\u0142\u0105czenie przewod\u00f3w do czasowego u\u017cytku<\/p>\n<p><img decoding=\"async\" class=\"alignnone wp-image-6897\" title=\"69441 Z\u0142\u0105cze Monta\u017c brak CL\" src=\"https:\/\/atana.pl\/wp-content\/uploads\/1968\/01\/69441_Zlacze_Montaz-brak_2-300x205.png\" alt=\"69441 Z\u0142\u0105cze Monta\u017c brak 2\" width=\"275\" height=\"188\" srcset=\"https:\/\/atana.pl\/wp-content\/uploads\/1968\/01\/69441_Zlacze_Montaz-brak_2-300x205.png 300w, https:\/\/atana.pl\/wp-content\/uploads\/1968\/01\/69441_Zlacze_Montaz-brak_2-18x12.png 18w, https:\/\/atana.pl\/wp-content\/uploads\/1968\/01\/69441_Zlacze_Montaz-brak_2-150x102.png 150w, https:\/\/atana.pl\/wp-content\/uploads\/1968\/01\/69441_Zlacze_Montaz-brak_2-600x410.png 600w, https:\/\/atana.pl\/wp-content\/uploads\/1968\/01\/69441_Zlacze_Montaz-brak_2-64x44.png 64w, https:\/\/atana.pl\/wp-content\/uploads\/1968\/01\/69441_Zlacze_Montaz-brak_2.png 682w\" sizes=\"(max-width: 275px) 100vw, 275px\" \/><\/li>\n<\/ul>\n<hr class=\"\" data-start=\"1805\" data-end=\"1808\" \/>\n<h3 class=\"\" data-start=\"1810\" data-end=\"1838\">\ud83d\udee1\ufe0f Gwarancja i obs\u0142uga:<\/h3>\n<p class=\"\" data-start=\"1840\" data-end=\"1927\">\u2714\ufe0f <strong data-start=\"1843\" data-end=\"1863\">2 lata gwarancji<\/strong><br data-start=\"1863\" data-end=\"1866\" \/>\u2714\ufe0f Wsparcie techniczne<br data-start=\"1888\" data-end=\"1891\" \/>\u2714\ufe0f Szybka wysy\u0142ka \u2013 realizacja w 24h<\/p>\n<hr class=\"\" data-start=\"1929\" data-end=\"1932\" \/>\n<p class=\"\" data-start=\"1934\" data-end=\"2232\">Dzi\u0119ki temu zestawowi mo\u017cesz \u0142atwo i bezpiecznie zasila\u0107 urz\u0105dzenia na swojej \u0142odzi. Wysokopr\u0105dowe z\u0142\u0105cze 60A to pewno\u015b\u0107 niezawodnego dzia\u0142ania nawet przy intensywnym u\u017cytkowaniu. Postaw na wygod\u0119, bezpiecze\u0144stwo i trwa\u0142o\u015b\u0107 \u2013 wybierz sprawdzony zestaw wtyczka + gniazdo dla urz\u0105dze\u0144 12V, 24V i 36V.<\/p>","protected":false},"excerpt":{"rendered":"<ul>\n<li>Z\u0142\u0105cze elektryczne.<\/li>\n<li>Zasilanie: 12V\/24V\/36V Max 60 Amp.<\/li>\n<li>Zestaw gniazdo &amp; wtyczka.<\/li>\n<\/ul>","protected":false},"featured_media":4275,"template":"","meta":{"_acf_changed":false},"product_brand":[],"product_cat":[131,108,104,113,102],"product_tag":[761,760,755,758,766,767,765,763,762,753,759,756,752,757,764,768,754],"class_list":{"0":"post-5605","1":"product","2":"type-product","3":"status-publish","4":"has-post-thumbnail","6":"product_cat-akcesoria-elektryczne","7":"product_cat-akcesoria-montazowe","8":"product_cat-windy_akcesoria","9":"product_cat-akcesoria_elektryczne","10":"product_cat-trac","11":"product_tag-akcesoria-elektryczne-do-jachtu","12":"product_tag-elektryczne-zlacze-60a","13":"product_tag-gniazdo-do-windy-kotwicznej","14":"product_tag-gniazdo-do-wyciagarki","15":"product_tag-gniazdo-do-zasilania-24v","16":"product_tag-gniazdo-pokladowe-60a","17":"product_tag-marine-connector","18":"product_tag-montaz-gniazda-12v","19":"product_tag-szybkozlacze-do-silnika","20":"product_tag-wtyczka-60a-do-lodzi","21":"product_tag-wtyczka-do-lodzi","22":"product_tag-wtyczka-marine","23":"product_tag-wtyczka-z-gniazdem-12v","24":"product_tag-zasilanie-12v-60a","25":"product_tag-zestaw-wtyczka-i-gniazdo","26":"product_tag-zlacze-12v-24v-36v","27":"product_tag-zlacze-do-silnika-elektrycznego","29":"first","30":"outofstock","31":"taxable","32":"shipping-taxable","33":"purchasable","34":"product-type-simple"},"acf":[],"yoast_head":"<!-- This site is optimized with the Yoast SEO plugin v25.2 - https:\/\/yoast.com\/wordpress\/plugins\/seo\/ -->\n<title>Z\u0142\u0105cze 12V, 24V, 36V \/60Amp - Wtyczka z gniazdem - Atana<\/title>\n<meta name=\"description\" content=\"Zestaw wtyczka + gniazdo 12V\/60A do silnik\u00f3w i wind kotwicznych. Uniwersalny monta\u017c, obs\u0142uga 12\/24\/36V, maks. 60A. Bezpieczne i szybkie pod\u0142\u0105czenie.\" \/>\n<meta name=\"robots\" content=\"index, follow, max-snippet:-1, max-image-preview:large, max-video-preview:-1\" \/>\n<link rel=\"canonical\" href=\"https:\/\/atana.pl\/en\/online-shop\/trailer-accessories\/akcesoria-elektryczne\/wtyczka-z-gniazdem-12v-60amp\/\" \/>\n<meta property=\"og:locale\" content=\"en_GB\" \/>\n<meta property=\"og:type\" content=\"article\" \/>\n<meta property=\"og:title\" content=\"Z\u0142\u0105cze 12V, 24V, 36V \/60Amp - Wtyczka z gniazdem - Atana\" \/>\n<meta property=\"og:description\" content=\"Zestaw wtyczka + gniazdo 12V\/60A do silnik\u00f3w i wind kotwicznych. Uniwersalny monta\u017c, obs\u0142uga 12\/24\/36V, maks. 60A. Bezpieczne i szybkie pod\u0142\u0105czenie.\" \/>\n<meta property=\"og:url\" content=\"https:\/\/atana.pl\/en\/online-shop\/trailer-accessories\/akcesoria-elektryczne\/wtyczka-z-gniazdem-12v-60amp\/\" \/>\n<meta property=\"og:site_name\" content=\"Atana\" \/>\n<meta property=\"article:publisher\" content=\"https:\/\/www.facebook.com\/atanayachts\" \/>\n<meta property=\"article:modified_time\" content=\"2025-08-12T05:39:27+00:00\" \/>\n<meta property=\"og:image\" content=\"https:\/\/atana.pl\/wp-content\/uploads\/2024\/04\/69441_18-Z.jpg\" \/>\n\t<meta property=\"og:image:width\" content=\"900\" \/>\n\t<meta property=\"og:image:height\" content=\"900\" \/>\n\t<meta property=\"og:image:type\" content=\"image\/jpeg\" \/>\n<meta name=\"twitter:card\" content=\"summary_large_image\" \/>\n<meta name=\"twitter:label1\" content=\"Estimated reading time\" \/>\n\t<meta name=\"twitter:data1\" content=\"2 minutes\" \/>\n<script type=\"application\/ld+json\" class=\"yoast-schema-graph\">{\"@context\":\"https:\/\/schema.org\",\"@graph\":[{\"@type\":\"WebPage\",\"@id\":\"https:\/\/atana.pl\/sklep-on-line\/akcesoria-do-przyczep\/akcesoria-elektryczne\/wtyczka-z-gniazdem-12v-60amp\/\",\"url\":\"https:\/\/atana.pl\/sklep-on-line\/akcesoria-do-przyczep\/akcesoria-elektryczne\/wtyczka-z-gniazdem-12v-60amp\/\",\"name\":\"Z\u0142\u0105cze 12V, 24V, 36V \/60Amp - Wtyczka z gniazdem - Atana\",\"isPartOf\":{\"@id\":\"https:\/\/atana.pl\/#website\"},\"primaryImageOfPage\":{\"@id\":\"https:\/\/atana.pl\/sklep-on-line\/akcesoria-do-przyczep\/akcesoria-elektryczne\/wtyczka-z-gniazdem-12v-60amp\/#primaryimage\"},\"image\":{\"@id\":\"https:\/\/atana.pl\/sklep-on-line\/akcesoria-do-przyczep\/akcesoria-elektryczne\/wtyczka-z-gniazdem-12v-60amp\/#primaryimage\"},\"thumbnailUrl\":\"https:\/\/atana.pl\/wp-content\/uploads\/2024\/04\/69441_18-Z.jpg\",\"datePublished\":\"1968-01-27T11:16:41+00:00\",\"dateModified\":\"2025-08-12T05:39:27+00:00\",\"description\":\"Zestaw wtyczka + gniazdo 12V\/60A do silnik\u00f3w i wind kotwicznych. Uniwersalny monta\u017c, obs\u0142uga 12\/24\/36V, maks. 60A. Bezpieczne i szybkie pod\u0142\u0105czenie.\",\"breadcrumb\":{\"@id\":\"https:\/\/atana.pl\/sklep-on-line\/akcesoria-do-przyczep\/akcesoria-elektryczne\/wtyczka-z-gniazdem-12v-60amp\/#breadcrumb\"},\"inLanguage\":\"en-GB\",\"potentialAction\":[{\"@type\":\"ReadAction\",\"target\":[\"https:\/\/atana.pl\/sklep-on-line\/akcesoria-do-przyczep\/akcesoria-elektryczne\/wtyczka-z-gniazdem-12v-60amp\/\"]}]},{\"@type\":\"ImageObject\",\"inLanguage\":\"en-GB\",\"@id\":\"https:\/\/atana.pl\/sklep-on-line\/akcesoria-do-przyczep\/akcesoria-elektryczne\/wtyczka-z-gniazdem-12v-60amp\/#primaryimage\",\"url\":\"https:\/\/atana.pl\/wp-content\/uploads\/2024\/04\/69441_18-Z.jpg\",\"contentUrl\":\"https:\/\/atana.pl\/wp-content\/uploads\/2024\/04\/69441_18-Z.jpg\",\"width\":900,\"height\":900,\"caption\":\"Wtyczka z gniazdem 12V, 24V, 36V \/60Amp\"},{\"@type\":\"BreadcrumbList\",\"@id\":\"https:\/\/atana.pl\/sklep-on-line\/akcesoria-do-przyczep\/akcesoria-elektryczne\/wtyczka-z-gniazdem-12v-60amp\/#breadcrumb\",\"itemListElement\":[{\"@type\":\"ListItem\",\"position\":1,\"name\":\"Strona g\u0142\u00f3wna\",\"item\":\"https:\/\/atana.pl\/\"},{\"@type\":\"ListItem\",\"position\":2,\"name\":\"Sklep on-line\",\"item\":\"https:\/\/atana.pl\/sklep-on-line\/\"},{\"@type\":\"ListItem\",\"position\":3,\"name\":\"Z\u0142\u0105cze 12V, 24V, 36V \/60Amp &#8211; Wtyczka z gniazdem\"}]},{\"@type\":\"WebSite\",\"@id\":\"https:\/\/atana.pl\/#website\",\"url\":\"https:\/\/atana.pl\/\",\"name\":\"Atana\",\"description\":\"Akcesoria do \u0142odzi, kamper\u00f3w i przyczep. \u0141odzie motorowe\",\"publisher\":{\"@id\":\"https:\/\/atana.pl\/#organization\"},\"potentialAction\":[{\"@type\":\"SearchAction\",\"target\":{\"@type\":\"EntryPoint\",\"urlTemplate\":\"https:\/\/atana.pl\/?s={search_term_string}\"},\"query-input\":{\"@type\":\"PropertyValueSpecification\",\"valueRequired\":true,\"valueName\":\"search_term_string\"}}],\"inLanguage\":\"en-GB\"},{\"@type\":\"Organization\",\"@id\":\"https:\/\/atana.pl\/#organization\",\"name\":\"Atana\",\"url\":\"https:\/\/atana.pl\/\",\"logo\":{\"@type\":\"ImageObject\",\"inLanguage\":\"en-GB\",\"@id\":\"https:\/\/atana.pl\/#\/schema\/logo\/image\/\",\"url\":\"\",\"contentUrl\":\"\",\"caption\":\"Atana\"},\"image\":{\"@id\":\"https:\/\/atana.pl\/#\/schema\/logo\/image\/\"},\"sameAs\":[\"https:\/\/www.facebook.com\/atanayachts\",\"https:\/\/www.instagram.com\/atanaboats\/\",\"https:\/\/www.youtube.com\/channel\/UClMMmVqqx17in9QzgxK90Mw\"]}]}<\/script>\n<!-- \/ Yoast SEO plugin. -->","yoast_head_json":{"title":"Z\u0142\u0105cze 12V, 24V, 36V \/60Amp - Wtyczka z gniazdem - Atana","description":"Zestaw wtyczka + gniazdo 12V\/60A do silnik\u00f3w i wind kotwicznych. Uniwersalny monta\u017c, obs\u0142uga 12\/24\/36V, maks. 60A. Bezpieczne i szybkie pod\u0142\u0105czenie.","robots":{"index":"index","follow":"follow","max-snippet":"max-snippet:-1","max-image-preview":"max-image-preview:large","max-video-preview":"max-video-preview:-1"},"canonical":"https:\/\/atana.pl\/en\/online-shop\/trailer-accessories\/akcesoria-elektryczne\/wtyczka-z-gniazdem-12v-60amp\/","og_locale":"en_GB","og_type":"article","og_title":"Z\u0142\u0105cze 12V, 24V, 36V \/60Amp - Wtyczka z gniazdem - Atana","og_description":"Zestaw wtyczka + gniazdo 12V\/60A do silnik\u00f3w i wind kotwicznych. Uniwersalny monta\u017c, obs\u0142uga 12\/24\/36V, maks. 60A. Bezpieczne i szybkie pod\u0142\u0105czenie.","og_url":"https:\/\/atana.pl\/en\/online-shop\/trailer-accessories\/akcesoria-elektryczne\/wtyczka-z-gniazdem-12v-60amp\/","og_site_name":"Atana","article_publisher":"https:\/\/www.facebook.com\/atanayachts","article_modified_time":"2025-08-12T05:39:27+00:00","og_image":[{"width":900,"height":900,"url":"https:\/\/atana.pl\/wp-content\/uploads\/2024\/04\/69441_18-Z.jpg","type":"image\/jpeg"}],"twitter_card":"summary_large_image","twitter_misc":{"Estimated reading time":"2 minutes"},"schema":{"@context":"https:\/\/schema.org","@graph":[{"@type":"WebPage","@id":"https:\/\/atana.pl\/sklep-on-line\/akcesoria-do-przyczep\/akcesoria-elektryczne\/wtyczka-z-gniazdem-12v-60amp\/","url":"https:\/\/atana.pl\/sklep-on-line\/akcesoria-do-przyczep\/akcesoria-elektryczne\/wtyczka-z-gniazdem-12v-60amp\/","name":"Z\u0142\u0105cze 12V, 24V, 36V \/60Amp - Wtyczka z gniazdem - Atana","isPartOf":{"@id":"https:\/\/atana.pl\/#website"},"primaryImageOfPage":{"@id":"https:\/\/atana.pl\/sklep-on-line\/akcesoria-do-przyczep\/akcesoria-elektryczne\/wtyczka-z-gniazdem-12v-60amp\/#primaryimage"},"image":{"@id":"https:\/\/atana.pl\/sklep-on-line\/akcesoria-do-przyczep\/akcesoria-elektryczne\/wtyczka-z-gniazdem-12v-60amp\/#primaryimage"},"thumbnailUrl":"https:\/\/atana.pl\/wp-content\/uploads\/2024\/04\/69441_18-Z.jpg","datePublished":"1968-01-27T11:16:41+00:00","dateModified":"2025-08-12T05:39:27+00:00","description":"Zestaw wtyczka + gniazdo 12V\/60A do silnik\u00f3w i wind kotwicznych. Uniwersalny monta\u017c, obs\u0142uga 12\/24\/36V, maks. 60A. Bezpieczne i szybkie pod\u0142\u0105czenie.","breadcrumb":{"@id":"https:\/\/atana.pl\/sklep-on-line\/akcesoria-do-przyczep\/akcesoria-elektryczne\/wtyczka-z-gniazdem-12v-60amp\/#breadcrumb"},"inLanguage":"en-GB","potentialAction":[{"@type":"ReadAction","target":["https:\/\/atana.pl\/sklep-on-line\/akcesoria-do-przyczep\/akcesoria-elektryczne\/wtyczka-z-gniazdem-12v-60amp\/"]}]},{"@type":"ImageObject","inLanguage":"en-GB","@id":"https:\/\/atana.pl\/sklep-on-line\/akcesoria-do-przyczep\/akcesoria-elektryczne\/wtyczka-z-gniazdem-12v-60amp\/#primaryimage","url":"https:\/\/atana.pl\/wp-content\/uploads\/2024\/04\/69441_18-Z.jpg","contentUrl":"https:\/\/atana.pl\/wp-content\/uploads\/2024\/04\/69441_18-Z.jpg","width":900,"height":900,"caption":"Wtyczka z gniazdem 12V, 24V, 36V \/60Amp"},{"@type":"BreadcrumbList","@id":"https:\/\/atana.pl\/sklep-on-line\/akcesoria-do-przyczep\/akcesoria-elektryczne\/wtyczka-z-gniazdem-12v-60amp\/#breadcrumb","itemListElement":[{"@type":"ListItem","position":1,"name":"Strona g\u0142\u00f3wna","item":"https:\/\/atana.pl\/"},{"@type":"ListItem","position":2,"name":"Sklep on-line","item":"https:\/\/atana.pl\/sklep-on-line\/"},{"@type":"ListItem","position":3,"name":"Z\u0142\u0105cze 12V, 24V, 36V \/60Amp &#8211; Wtyczka z gniazdem"}]},{"@type":"WebSite","@id":"https:\/\/atana.pl\/#website","url":"https:\/\/atana.pl\/","name":"Atana","description":"Akcesoria do \u0142odzi, kamper\u00f3w i przyczep. \u0141odzie motorowe","publisher":{"@id":"https:\/\/atana.pl\/#organization"},"potentialAction":[{"@type":"SearchAction","target":{"@type":"EntryPoint","urlTemplate":"https:\/\/atana.pl\/?s={search_term_string}"},"query-input":{"@type":"PropertyValueSpecification","valueRequired":true,"valueName":"search_term_string"}}],"inLanguage":"en-GB"},{"@type":"Organization","@id":"https:\/\/atana.pl\/#organization","name":"Atana","url":"https:\/\/atana.pl\/","logo":{"@type":"ImageObject","inLanguage":"en-GB","@id":"https:\/\/atana.pl\/#\/schema\/logo\/image\/","url":"","contentUrl":"","caption":"Atana"},"image":{"@id":"https:\/\/atana.pl\/#\/schema\/logo\/image\/"},"sameAs":["https:\/\/www.facebook.com\/atanayachts","https:\/\/www.instagram.com\/atanaboats\/","https:\/\/www.youtube.com\/channel\/UClMMmVqqx17in9QzgxK90Mw"]}]}},"_links":{"self":[{"href":"https:\/\/atana.pl\/en\/wp-json\/wp\/v2\/product\/5605","targetHints":{"allow":["GET"]}}],"collection":[{"href":"https:\/\/atana.pl\/en\/wp-json\/wp\/v2\/product"}],"about":[{"href":"https:\/\/atana.pl\/en\/wp-json\/wp\/v2\/types\/product"}],"wp:featuredmedia":[{"embeddable":true,"href":"https:\/\/atana.pl\/en\/wp-json\/wp\/v2\/media\/4275"}],"wp:attachment":[{"href":"https:\/\/atana.pl\/en\/wp-json\/wp\/v2\/media?parent=5605"}],"wp:term":[{"taxonomy":"product_brand","embeddable":true,"href":"https:\/\/atana.pl\/en\/wp-json\/wp\/v2\/product_brand?post=5605"},{"taxonomy":"product_cat","embeddable":true,"href":"https:\/\/atana.pl\/en\/wp-json\/wp\/v2\/product_cat?post=5605"},{"taxonomy":"product_tag","embeddable":true,"href":"https:\/\/atana.pl\/en\/wp-json\/wp\/v2\/product_tag?post=5605"}],"curies":[{"name":"wp","href":"https:\/\/api.w.org\/{rel}","templated":true}]}}