{"id":5592,"date":"1966-01-27T12:16:40","date_gmt":"1966-01-27T11:16:40","guid":{"rendered":"https:\/\/atana.pl\/sklep-on-line\/zestaw-podlaczeniowy-wyciagarki\/"},"modified":"2025-04-18T15:24:18","modified_gmt":"2025-04-18T13:24:18","slug":"zestaw-podlaczeniowy-wyciagarki","status":"publish","type":"product","link":"https:\/\/atana.pl\/en\/online-shop\/trailer-accessories\/akcesoria-elektryczne\/zestaw-podlaczeniowy-wyciagarki\/","title":{"rendered":"Winch connection kit"},"content":{"rendered":"<h2 class=\"\" data-start=\"323\" data-end=\"416\">\ud83d\udd0c Zestaw pod\u0142\u0105czeniowy do zasilania wyci\u0105garki 12V \u2013 z bezpiecznikiem 60A i przewodem 7 m<\/h2>\n<p class=\"\" data-start=\"418\" data-end=\"633\"><strong data-start=\"418\" data-end=\"481\">Kompletny zestaw do pod\u0142\u0105czenia wyci\u0105garki elektrycznej 12V<\/strong> w samochodzie, przyczepie lub na lawecie.<br data-start=\"523\" data-end=\"526\" \/>Zestaw zawiera wszystko, czego potrzebujesz do szybkiego, trwa\u0142ego i bezpiecznego monta\u017cu uk\u0142adu zasilania:<\/p>\n<ul data-start=\"635\" data-end=\"776\">\n<li class=\"\" data-start=\"635\" data-end=\"675\">\n<p class=\"\" data-start=\"637\" data-end=\"675\"><strong data-start=\"637\" data-end=\"672\">automatyczny bezpiecznik 60 Amp<\/strong>,<\/p>\n<\/li>\n<li class=\"\" data-start=\"676\" data-end=\"712\">\n<p class=\"\" data-start=\"678\" data-end=\"712\"><strong data-start=\"678\" data-end=\"709\">wtyczk\u0119 i gniazdo z obudow\u0105<\/strong>,<\/p>\n<\/li>\n<li class=\"\" data-start=\"713\" data-end=\"776\">\n<p class=\"\" data-start=\"715\" data-end=\"776\"><strong data-start=\"715\" data-end=\"775\">wysokiej jako\u015bci przewody zasilaj\u0105ce o d\u0142ugo\u015bci 7 metr\u00f3w<\/strong>.<\/p>\n<\/li>\n<\/ul>\n<p class=\"\" data-start=\"778\" data-end=\"956\">Idealne rozwi\u0105zanie do monta\u017cu wyci\u0105garki w instalacjach 12V \u2013 zar\u00f3wno w pojazdach u\u017cytkowych, jak i w zestawach z przyczepami pod\u0142odziowymi, lawetami czy w\u00f3zkami transportowymi.<\/p>\n<p data-start=\"778\" data-end=\"956\">W przypadku potrzeby zasilania r\u00f3\u017cnych urz\u0105dze\u0144 na wielu przyczepach, wystarczy do ka\u017cdego dodatkowego odbiornika zainstalowa\u0107 sam\u0105 wtyczk\u0119:<\/p>\n<h5><a href=\"https:\/\/atana.pl\/en\/online-shop\/trailer-accessories\/akcesoria-elektryczne\/wtyczka-12v-60amp\/\">Wtyczka 12V \/ 24V \/ 36v \/ 60 Amp<\/a><\/h5>\n<hr class=\"\" data-start=\"1442\" data-end=\"1445\" \/>\n<h3 class=\"\" data-start=\"1447\" data-end=\"1475\">\ud83d\udee1\ufe0f Gwarancja i obs\u0142uga:<\/h3>\n<p class=\"\" data-start=\"1477\" data-end=\"1623\">\u2714\ufe0f 2-year warranty<br data-start=\"1496\" data-end=\"1499\" \/>\u2714\ufe0f Profesjonalne wsparcie techniczne<br data-start=\"1535\" data-end=\"1538\" \/>\u2714\ufe0f Kompatybilno\u015b\u0107 z wi\u0119kszo\u015bci\u0105 wyci\u0105garek 12V<br data-start=\"1584\" data-end=\"1587\" \/>\u2714\ufe0f Szybka wysy\u0142ka \u2013 realizacja w 24h<\/p>\n<hr class=\"\" data-start=\"1625\" data-end=\"1628\" \/>\n<p class=\"\" data-start=\"1630\" data-end=\"1913\">Zestaw do pod\u0142\u0105czenia wyci\u0105garki 12V to wygodne, bezpieczne i sprawdzone rozwi\u0105zanie dla ka\u017cdego, kto potrzebuje zasilania o du\u017cej mocy.<br data-start=\"1766\" data-end=\"1769\" \/>Dzi\u0119ki d\u0142ugim przewodom i gotowym komponentom, instalacja przebiega szybko i bezproblemowo \u2013 nawet w trudnych warunkach terenowych lub morskich.<\/p>\n<p class=\"\" data-start=\"1915\" data-end=\"2028\">Zadbaj o bezpieczne i niezawodne zasilanie swojej wyci\u0105garki \u2013 postaw na kompletne rozwi\u0105zanie gotowe do monta\u017cu.<\/p>","protected":false},"excerpt":{"rendered":"<ul>\n<li>Zestaw pod\u0142\u0105czeniowy<\/li>\n<li>Bezinwazyjny zestaw wysoko pr\u0105dowy do samochodu<\/li>\n<li>Do zasilania urz\u0105dze\u0144 elektrycznych na przyczepie<\/li>\n<\/ul>","protected":false},"featured_media":4262,"template":"","meta":{"_acf_changed":false},"product_brand":[],"product_cat":[131,113,102],"product_tag":[803,797,801,796,802,804,799,800,795,794,793,798,805],"class_list":{"0":"post-5592","1":"product","2":"type-product","3":"status-publish","4":"has-post-thumbnail","6":"product_cat-akcesoria-elektryczne","7":"product_cat-akcesoria_elektryczne","8":"product_cat-trac","9":"product_tag-akcesoria-do-lawety","10":"product_tag-bezpiecznik-60a","11":"product_tag-elektryka-przyczepy","12":"product_tag-instalacja-wyciagarki","13":"product_tag-montaz-wyciagarki-12v","14":"product_tag-podlaczenie-wyciagarki","15":"product_tag-przewody-do-wyciagarki","16":"product_tag-wtyczka-i-gniazdo-60a","17":"product_tag-wyciagarka-samochodowa","18":"product_tag-zasilanie-wyciagarki-12v","19":"product_tag-zestaw-do-wyciagarki","20":"product_tag-zestaw-kabli-do-wyciagarki","21":"product_tag-zestaw-z-bezpiecznikiem","23":"first","24":"instock","25":"taxable","26":"shipping-taxable","27":"purchasable","28":"product-type-simple"},"acf":[],"yoast_head":"<!-- This site is optimized with the Yoast SEO plugin v25.2 - https:\/\/yoast.com\/wordpress\/plugins\/seo\/ -->\n<title>Zestaw pod\u0142\u0105czeniowy wyci\u0105garki - Atana<\/title>\n<meta name=\"description\" content=\"Kompletny zestaw do zasilania wyci\u0105garki 12V \u2013 przew\u00f3d 7 m, bezpiecznik 60A, wtyczka i gniazdo. Do przyczep, lawet i pojazd\u00f3w. Gwarancja 2 lata.\" \/>\n<meta name=\"robots\" content=\"index, follow, max-snippet:-1, max-image-preview:large, max-video-preview:-1\" \/>\n<link rel=\"canonical\" href=\"https:\/\/atana.pl\/en\/online-shop\/trailer-accessories\/akcesoria-elektryczne\/zestaw-podlaczeniowy-wyciagarki\/\" \/>\n<meta property=\"og:locale\" content=\"en_GB\" \/>\n<meta property=\"og:type\" content=\"article\" \/>\n<meta property=\"og:title\" content=\"Zestaw pod\u0142\u0105czeniowy wyci\u0105garki - Atana\" \/>\n<meta property=\"og:description\" content=\"Kompletny zestaw do zasilania wyci\u0105garki 12V \u2013 przew\u00f3d 7 m, bezpiecznik 60A, wtyczka i gniazdo. Do przyczep, lawet i pojazd\u00f3w. Gwarancja 2 lata.\" \/>\n<meta property=\"og:url\" content=\"https:\/\/atana.pl\/en\/online-shop\/trailer-accessories\/akcesoria-elektryczne\/zestaw-podlaczeniowy-wyciagarki\/\" \/>\n<meta property=\"og:site_name\" content=\"Atana\" \/>\n<meta property=\"article:publisher\" content=\"https:\/\/www.facebook.com\/atanayachts\" \/>\n<meta property=\"article:modified_time\" content=\"2025-04-18T13:24:18+00:00\" \/>\n<meta property=\"og:image\" content=\"https:\/\/atana.pl\/wp-content\/uploads\/2024\/04\/69140_out-Z.jpg\" \/>\n\t<meta property=\"og:image:width\" content=\"900\" \/>\n\t<meta property=\"og:image:height\" content=\"900\" \/>\n\t<meta property=\"og:image:type\" content=\"image\/jpeg\" \/>\n<meta name=\"twitter:card\" content=\"summary_large_image\" \/>\n<meta name=\"twitter:label1\" content=\"Estimated reading time\" \/>\n\t<meta name=\"twitter:data1\" content=\"1 minute\" \/>\n<script type=\"application\/ld+json\" class=\"yoast-schema-graph\">{\"@context\":\"https:\/\/schema.org\",\"@graph\":[{\"@type\":\"WebPage\",\"@id\":\"https:\/\/atana.pl\/sklep-on-line\/akcesoria-do-przyczep\/akcesoria-elektryczne\/zestaw-podlaczeniowy-wyciagarki\/\",\"url\":\"https:\/\/atana.pl\/sklep-on-line\/akcesoria-do-przyczep\/akcesoria-elektryczne\/zestaw-podlaczeniowy-wyciagarki\/\",\"name\":\"Zestaw pod\u0142\u0105czeniowy wyci\u0105garki - Atana\",\"isPartOf\":{\"@id\":\"https:\/\/atana.pl\/#website\"},\"primaryImageOfPage\":{\"@id\":\"https:\/\/atana.pl\/sklep-on-line\/akcesoria-do-przyczep\/akcesoria-elektryczne\/zestaw-podlaczeniowy-wyciagarki\/#primaryimage\"},\"image\":{\"@id\":\"https:\/\/atana.pl\/sklep-on-line\/akcesoria-do-przyczep\/akcesoria-elektryczne\/zestaw-podlaczeniowy-wyciagarki\/#primaryimage\"},\"thumbnailUrl\":\"https:\/\/atana.pl\/wp-content\/uploads\/2024\/04\/69140_out-Z.jpg\",\"datePublished\":\"1966-01-27T11:16:40+00:00\",\"dateModified\":\"2025-04-18T13:24:18+00:00\",\"description\":\"Kompletny zestaw do zasilania wyci\u0105garki 12V \u2013 przew\u00f3d 7 m, bezpiecznik 60A, wtyczka i gniazdo. Do przyczep, lawet i pojazd\u00f3w. Gwarancja 2 lata.\",\"breadcrumb\":{\"@id\":\"https:\/\/atana.pl\/sklep-on-line\/akcesoria-do-przyczep\/akcesoria-elektryczne\/zestaw-podlaczeniowy-wyciagarki\/#breadcrumb\"},\"inLanguage\":\"en-GB\",\"potentialAction\":[{\"@type\":\"ReadAction\",\"target\":[\"https:\/\/atana.pl\/sklep-on-line\/akcesoria-do-przyczep\/akcesoria-elektryczne\/zestaw-podlaczeniowy-wyciagarki\/\"]}]},{\"@type\":\"ImageObject\",\"inLanguage\":\"en-GB\",\"@id\":\"https:\/\/atana.pl\/sklep-on-line\/akcesoria-do-przyczep\/akcesoria-elektryczne\/zestaw-podlaczeniowy-wyciagarki\/#primaryimage\",\"url\":\"https:\/\/atana.pl\/wp-content\/uploads\/2024\/04\/69140_out-Z.jpg\",\"contentUrl\":\"https:\/\/atana.pl\/wp-content\/uploads\/2024\/04\/69140_out-Z.jpg\",\"width\":900,\"height\":900,\"caption\":\"Zestaw pod\u0142\u0105czeniowy wyci\u0105garki\"},{\"@type\":\"BreadcrumbList\",\"@id\":\"https:\/\/atana.pl\/sklep-on-line\/akcesoria-do-przyczep\/akcesoria-elektryczne\/zestaw-podlaczeniowy-wyciagarki\/#breadcrumb\",\"itemListElement\":[{\"@type\":\"ListItem\",\"position\":1,\"name\":\"Strona g\u0142\u00f3wna\",\"item\":\"https:\/\/atana.pl\/\"},{\"@type\":\"ListItem\",\"position\":2,\"name\":\"Sklep on-line\",\"item\":\"https:\/\/atana.pl\/sklep-on-line\/\"},{\"@type\":\"ListItem\",\"position\":3,\"name\":\"Zestaw pod\u0142\u0105czeniowy wyci\u0105garki\"}]},{\"@type\":\"WebSite\",\"@id\":\"https:\/\/atana.pl\/#website\",\"url\":\"https:\/\/atana.pl\/\",\"name\":\"Atana\",\"description\":\"Akcesoria do \u0142odzi, kamper\u00f3w i przyczep. \u0141odzie motorowe\",\"publisher\":{\"@id\":\"https:\/\/atana.pl\/#organization\"},\"potentialAction\":[{\"@type\":\"SearchAction\",\"target\":{\"@type\":\"EntryPoint\",\"urlTemplate\":\"https:\/\/atana.pl\/?s={search_term_string}\"},\"query-input\":{\"@type\":\"PropertyValueSpecification\",\"valueRequired\":true,\"valueName\":\"search_term_string\"}}],\"inLanguage\":\"en-GB\"},{\"@type\":\"Organization\",\"@id\":\"https:\/\/atana.pl\/#organization\",\"name\":\"Atana\",\"url\":\"https:\/\/atana.pl\/\",\"logo\":{\"@type\":\"ImageObject\",\"inLanguage\":\"en-GB\",\"@id\":\"https:\/\/atana.pl\/#\/schema\/logo\/image\/\",\"url\":\"\",\"contentUrl\":\"\",\"caption\":\"Atana\"},\"image\":{\"@id\":\"https:\/\/atana.pl\/#\/schema\/logo\/image\/\"},\"sameAs\":[\"https:\/\/www.facebook.com\/atanayachts\",\"https:\/\/www.instagram.com\/atanaboats\/\",\"https:\/\/www.youtube.com\/channel\/UClMMmVqqx17in9QzgxK90Mw\"]}]}<\/script>\n<!-- \/ Yoast SEO plugin. -->","yoast_head_json":{"title":"Zestaw pod\u0142\u0105czeniowy wyci\u0105garki - Atana","description":"Kompletny zestaw do zasilania wyci\u0105garki 12V \u2013 przew\u00f3d 7 m, bezpiecznik 60A, wtyczka i gniazdo. Do przyczep, lawet i pojazd\u00f3w. Gwarancja 2 lata.","robots":{"index":"index","follow":"follow","max-snippet":"max-snippet:-1","max-image-preview":"max-image-preview:large","max-video-preview":"max-video-preview:-1"},"canonical":"https:\/\/atana.pl\/en\/online-shop\/trailer-accessories\/akcesoria-elektryczne\/zestaw-podlaczeniowy-wyciagarki\/","og_locale":"en_GB","og_type":"article","og_title":"Zestaw pod\u0142\u0105czeniowy wyci\u0105garki - Atana","og_description":"Kompletny zestaw do zasilania wyci\u0105garki 12V \u2013 przew\u00f3d 7 m, bezpiecznik 60A, wtyczka i gniazdo. Do przyczep, lawet i pojazd\u00f3w. Gwarancja 2 lata.","og_url":"https:\/\/atana.pl\/en\/online-shop\/trailer-accessories\/akcesoria-elektryczne\/zestaw-podlaczeniowy-wyciagarki\/","og_site_name":"Atana","article_publisher":"https:\/\/www.facebook.com\/atanayachts","article_modified_time":"2025-04-18T13:24:18+00:00","og_image":[{"width":900,"height":900,"url":"https:\/\/atana.pl\/wp-content\/uploads\/2024\/04\/69140_out-Z.jpg","type":"image\/jpeg"}],"twitter_card":"summary_large_image","twitter_misc":{"Estimated reading time":"1 minute"},"schema":{"@context":"https:\/\/schema.org","@graph":[{"@type":"WebPage","@id":"https:\/\/atana.pl\/sklep-on-line\/akcesoria-do-przyczep\/akcesoria-elektryczne\/zestaw-podlaczeniowy-wyciagarki\/","url":"https:\/\/atana.pl\/sklep-on-line\/akcesoria-do-przyczep\/akcesoria-elektryczne\/zestaw-podlaczeniowy-wyciagarki\/","name":"Zestaw pod\u0142\u0105czeniowy wyci\u0105garki - Atana","isPartOf":{"@id":"https:\/\/atana.pl\/#website"},"primaryImageOfPage":{"@id":"https:\/\/atana.pl\/sklep-on-line\/akcesoria-do-przyczep\/akcesoria-elektryczne\/zestaw-podlaczeniowy-wyciagarki\/#primaryimage"},"image":{"@id":"https:\/\/atana.pl\/sklep-on-line\/akcesoria-do-przyczep\/akcesoria-elektryczne\/zestaw-podlaczeniowy-wyciagarki\/#primaryimage"},"thumbnailUrl":"https:\/\/atana.pl\/wp-content\/uploads\/2024\/04\/69140_out-Z.jpg","datePublished":"1966-01-27T11:16:40+00:00","dateModified":"2025-04-18T13:24:18+00:00","description":"Kompletny zestaw do zasilania wyci\u0105garki 12V \u2013 przew\u00f3d 7 m, bezpiecznik 60A, wtyczka i gniazdo. Do przyczep, lawet i pojazd\u00f3w. Gwarancja 2 lata.","breadcrumb":{"@id":"https:\/\/atana.pl\/sklep-on-line\/akcesoria-do-przyczep\/akcesoria-elektryczne\/zestaw-podlaczeniowy-wyciagarki\/#breadcrumb"},"inLanguage":"en-GB","potentialAction":[{"@type":"ReadAction","target":["https:\/\/atana.pl\/sklep-on-line\/akcesoria-do-przyczep\/akcesoria-elektryczne\/zestaw-podlaczeniowy-wyciagarki\/"]}]},{"@type":"ImageObject","inLanguage":"en-GB","@id":"https:\/\/atana.pl\/sklep-on-line\/akcesoria-do-przyczep\/akcesoria-elektryczne\/zestaw-podlaczeniowy-wyciagarki\/#primaryimage","url":"https:\/\/atana.pl\/wp-content\/uploads\/2024\/04\/69140_out-Z.jpg","contentUrl":"https:\/\/atana.pl\/wp-content\/uploads\/2024\/04\/69140_out-Z.jpg","width":900,"height":900,"caption":"Zestaw pod\u0142\u0105czeniowy wyci\u0105garki"},{"@type":"BreadcrumbList","@id":"https:\/\/atana.pl\/sklep-on-line\/akcesoria-do-przyczep\/akcesoria-elektryczne\/zestaw-podlaczeniowy-wyciagarki\/#breadcrumb","itemListElement":[{"@type":"ListItem","position":1,"name":"Strona g\u0142\u00f3wna","item":"https:\/\/atana.pl\/"},{"@type":"ListItem","position":2,"name":"Sklep on-line","item":"https:\/\/atana.pl\/sklep-on-line\/"},{"@type":"ListItem","position":3,"name":"Zestaw pod\u0142\u0105czeniowy wyci\u0105garki"}]},{"@type":"WebSite","@id":"https:\/\/atana.pl\/#website","url":"https:\/\/atana.pl\/","name":"Atana","description":"Akcesoria do \u0142odzi, kamper\u00f3w i przyczep. \u0141odzie motorowe","publisher":{"@id":"https:\/\/atana.pl\/#organization"},"potentialAction":[{"@type":"SearchAction","target":{"@type":"EntryPoint","urlTemplate":"https:\/\/atana.pl\/?s={search_term_string}"},"query-input":{"@type":"PropertyValueSpecification","valueRequired":true,"valueName":"search_term_string"}}],"inLanguage":"en-GB"},{"@type":"Organization","@id":"https:\/\/atana.pl\/#organization","name":"Atana","url":"https:\/\/atana.pl\/","logo":{"@type":"ImageObject","inLanguage":"en-GB","@id":"https:\/\/atana.pl\/#\/schema\/logo\/image\/","url":"","contentUrl":"","caption":"Atana"},"image":{"@id":"https:\/\/atana.pl\/#\/schema\/logo\/image\/"},"sameAs":["https:\/\/www.facebook.com\/atanayachts","https:\/\/www.instagram.com\/atanaboats\/","https:\/\/www.youtube.com\/channel\/UClMMmVqqx17in9QzgxK90Mw"]}]}},"_links":{"self":[{"href":"https:\/\/atana.pl\/en\/wp-json\/wp\/v2\/product\/5592","targetHints":{"allow":["GET"]}}],"collection":[{"href":"https:\/\/atana.pl\/en\/wp-json\/wp\/v2\/product"}],"about":[{"href":"https:\/\/atana.pl\/en\/wp-json\/wp\/v2\/types\/product"}],"wp:featuredmedia":[{"embeddable":true,"href":"https:\/\/atana.pl\/en\/wp-json\/wp\/v2\/media\/4262"}],"wp:attachment":[{"href":"https:\/\/atana.pl\/en\/wp-json\/wp\/v2\/media?parent=5592"}],"wp:term":[{"taxonomy":"product_brand","embeddable":true,"href":"https:\/\/atana.pl\/en\/wp-json\/wp\/v2\/product_brand?post=5592"},{"taxonomy":"product_cat","embeddable":true,"href":"https:\/\/atana.pl\/en\/wp-json\/wp\/v2\/product_cat?post=5592"},{"taxonomy":"product_tag","embeddable":true,"href":"https:\/\/atana.pl\/en\/wp-json\/wp\/v2\/product_tag?post=5592"}],"curies":[{"name":"wp","href":"https:\/\/api.w.org\/{rel}","templated":true}]}}