{"id":5580,"date":"1965-01-27T12:16:40","date_gmt":"1965-01-27T11:16:40","guid":{"rendered":"https:\/\/atana.pl\/sklep-on-line\/zestaw-podlaczeniowy-silnika-elektrycznego-12v-24v-36v\/"},"modified":"2025-04-26T19:55:11","modified_gmt":"2025-04-26T17:55:11","slug":"zestaw-podlaczeniowy-silnika-elektrycznego-12v-24v-36v","status":"publish","type":"product","link":"https:\/\/atana.pl\/en\/online-shop\/trac\/zestaw-podlaczeniowy-silnika-elektrycznego-12v-24v-36v\/","title":{"rendered":"Electric motor connection kit 12V\/24V\/36V"},"content":{"rendered":"<h2 class=\"\" data-start=\"108\" data-end=\"171\">\u26a1 Zestaw pod\u0142\u0105czeniowy silnika elektrycznego do \u0142odzi \ud83d\udea4\ud83d\udd0b<\/h2>\n<p class=\"\" data-start=\"172\" data-end=\"242\"><strong data-start=\"172\" data-end=\"242\">Kompletny i bezpieczny system do instalacji silnik\u00f3w elektrycznych<\/strong><\/p>\n<p class=\"\" data-start=\"244\" data-end=\"526\"><strong data-start=\"244\" data-end=\"290\">Zestaw pod\u0142\u0105czeniowy silnika elektrycznego<\/strong> to wszystko, czego potrzebujesz, aby szybko i bezpiecznie zamontowa\u0107 silnik elektryczny na \u0142odzi.<br data-start=\"388\" data-end=\"391\" \/>Sprawdzi si\u0119 zar\u00f3wno przy silnikach dziobowych, do trollingu, jak i innych jednostkach elektrycznych o poborze pr\u0105du do <strong data-start=\"511\" data-end=\"525\">60 Amper\u00f3w<\/strong>.<\/p>\n<p class=\"\" data-start=\"528\" data-end=\"714\">Wysokiej jako\u015bci komponenty, w tym os\u0142oni\u0119te przewody, solidne gniazdo i wtyczka oraz automatyczny bezpiecznik, gwarantuj\u0105 niezawodne po\u0142\u0105czenie i ochron\u0119 instalacji w ka\u017cdych warunkach.<\/p>\n<hr class=\"\" data-start=\"716\" data-end=\"719\" \/>\n<h3 class=\"\" data-start=\"721\" data-end=\"740\">\u2705 Application:<\/h3>\n<ul data-start=\"741\" data-end=\"934\">\n<li class=\"\" data-start=\"741\" data-end=\"775\">\n<p class=\"\" data-start=\"743\" data-end=\"775\">Pod\u0142\u0105czenie silnika dziobowego<\/p>\n<\/li>\n<li class=\"\" data-start=\"776\" data-end=\"811\">\n<p class=\"\" data-start=\"778\" data-end=\"811\">Instalacja silnika do trollingu<\/p>\n<\/li>\n<li class=\"\" data-start=\"812\" data-end=\"873\">\n<p class=\"\" data-start=\"814\" data-end=\"873\">Pod\u0142\u0105czenie standardowych silnik\u00f3w elektrycznych na \u0142odzi<\/p>\n<\/li>\n<li class=\"\" data-start=\"874\" data-end=\"934\">\n<p class=\"\" data-start=\"876\" data-end=\"934\">Modernizacja lub wymiana istniej\u0105cych system\u00f3w zasilania<\/p>\n<\/li>\n<\/ul>\n<hr class=\"\" data-start=\"936\" data-end=\"939\" \/>\n<h3 class=\"\" data-start=\"941\" data-end=\"964\">\ud83d\udca1 Product benefits:<\/h3>\n<p class=\"\" data-start=\"965\" data-end=\"1403\">\u2714\ufe0f <strong data-start=\"968\" data-end=\"988\">Kompletny zestaw<\/strong> \u2013 wszystko, czego potrzebujesz do monta\u017cu w jednej paczce<br data-start=\"1046\" data-end=\"1049\" \/>\u2714\ufe0f <strong data-start=\"1052\" data-end=\"1081\">Wysokiej jako\u015bci przewody<\/strong> \u2013 trwa\u0142a os\u0142ona chroni przed przetarciami i warunkami atmosferycznymi<br data-start=\"1151\" data-end=\"1154\" \/>\u2714\ufe0f <strong data-start=\"1157\" data-end=\"1182\">Bezpieczne po\u0142\u0105czenie<\/strong> \u2013 automatyczny bezpiecznik 60A zabezpiecza uk\u0142ad przed przeci\u0105\u017ceniem<br data-start=\"1251\" data-end=\"1254\" \/>\u2714\ufe0f <strong data-start=\"1257\" data-end=\"1273\">\u0141atwy monta\u017c<\/strong> \u2013 intuicyjne pod\u0142\u0105czenie dzi\u0119ki do\u0142\u0105czonym \u015brubom<br data-start=\"1323\" data-end=\"1326\" \/>\u2714\ufe0f <strong data-start=\"1329\" data-end=\"1346\">Versatility<\/strong> \u2013 kompatybilny z r\u00f3\u017cnymi typami silnik\u00f3w elektrycznych<\/p>\n<hr class=\"\" data-start=\"1800\" data-end=\"1803\" \/>\n<h2 class=\"\" data-start=\"1805\" data-end=\"1866\">\ud83d\udea4 Bezpieczna i solidna instalacja silnika elektrycznego<\/h2>\n<p class=\"\" data-start=\"1867\" data-end=\"2014\">Postaw na wygod\u0119, trwa\u0142o\u015b\u0107 i bezpiecze\u0144stwo. Ten zestaw pod\u0142\u0105czeniowy zapewni niezawodne po\u0142\u0105czenie Twojego silnika z zasilaniem \u2013 bez kompromis\u00f3w.<\/p>","protected":false},"excerpt":{"rendered":"<ul>\n<li>Zestaw pod\u0142\u0105czeniowy silnika elektrycznego na \u0142odzi<\/li>\n<li>Przewody 10m, gniazdo, wtyczka i bezpiecznik 60A.<\/li>\n<li>Kompletny i \u0142atwy monta\u017c.<\/li>\n<\/ul>","protected":false},"featured_media":4250,"template":"","meta":{"_acf_changed":false},"product_brand":[],"product_cat":[113,102],"product_tag":[783,1012,1013,1011,1014,1010],"class_list":{"0":"post-5580","1":"product","2":"type-product","3":"status-publish","4":"has-post-thumbnail","6":"product_cat-akcesoria_elektryczne","7":"product_cat-trac","8":"product_tag-bezpiecznik-do-silnika-elektrycznego","9":"product_tag-instalacja-silnika-dziobowego","10":"product_tag-instalacja-silnika-trollingowego","11":"product_tag-podlaczenie-silnika-elektrycznego","12":"product_tag-przewody-do-lodzi","13":"product_tag-zestaw-podlaczeniowy-silnika","15":"first","16":"instock","17":"taxable","18":"shipping-taxable","19":"purchasable","20":"product-type-simple"},"acf":[],"yoast_head":"<!-- This site is optimized with the Yoast SEO plugin v25.2 - https:\/\/yoast.com\/wordpress\/plugins\/seo\/ -->\n<title>Zestaw pod\u0142\u0105czeniowy silnika elektrycznego 12V\/24V\/36V - Atana<\/title>\n<meta name=\"description\" content=\"Kompletny zestaw pod\u0142\u0105czeniowy silnika elektrycznego do \u0142odzi \u2013 przewody 10m, gniazdo, wtyczka, bezpiecznik 60A. Szybka i bezpieczna instalacja. Gwarancja.\" \/>\n<meta name=\"robots\" content=\"index, follow, max-snippet:-1, max-image-preview:large, max-video-preview:-1\" \/>\n<link rel=\"canonical\" href=\"https:\/\/atana.pl\/en\/online-shop\/trac\/zestaw-podlaczeniowy-silnika-elektrycznego-12v-24v-36v\/\" \/>\n<meta property=\"og:locale\" content=\"en_GB\" \/>\n<meta property=\"og:type\" content=\"article\" \/>\n<meta property=\"og:title\" content=\"Zestaw pod\u0142\u0105czeniowy silnika elektrycznego 12V\/24V\/36V - Atana\" \/>\n<meta property=\"og:description\" content=\"Kompletny zestaw pod\u0142\u0105czeniowy silnika elektrycznego do \u0142odzi \u2013 przewody 10m, gniazdo, wtyczka, bezpiecznik 60A. Szybka i bezpieczna instalacja. Gwarancja.\" \/>\n<meta property=\"og:url\" content=\"https:\/\/atana.pl\/en\/online-shop\/trac\/zestaw-podlaczeniowy-silnika-elektrycznego-12v-24v-36v\/\" \/>\n<meta property=\"og:site_name\" content=\"Atana\" \/>\n<meta property=\"article:publisher\" content=\"https:\/\/www.facebook.com\/atanayachts\" \/>\n<meta property=\"article:modified_time\" content=\"2025-04-26T17:55:11+00:00\" \/>\n<meta property=\"og:image\" content=\"https:\/\/atana.pl\/wp-content\/uploads\/2024\/04\/69440_out-Z.jpg\" \/>\n\t<meta property=\"og:image:width\" content=\"900\" \/>\n\t<meta property=\"og:image:height\" content=\"900\" \/>\n\t<meta property=\"og:image:type\" content=\"image\/jpeg\" \/>\n<meta name=\"twitter:card\" content=\"summary_large_image\" \/>\n<meta name=\"twitter:label1\" content=\"Estimated reading time\" \/>\n\t<meta name=\"twitter:data1\" content=\"1 minute\" \/>\n<script type=\"application\/ld+json\" class=\"yoast-schema-graph\">{\"@context\":\"https:\/\/schema.org\",\"@graph\":[{\"@type\":\"WebPage\",\"@id\":\"https:\/\/atana.pl\/sklep-on-line\/trac\/zestaw-podlaczeniowy-silnika-elektrycznego-12v-24v-36v\/\",\"url\":\"https:\/\/atana.pl\/sklep-on-line\/trac\/zestaw-podlaczeniowy-silnika-elektrycznego-12v-24v-36v\/\",\"name\":\"Zestaw pod\u0142\u0105czeniowy silnika elektrycznego 12V\/24V\/36V - Atana\",\"isPartOf\":{\"@id\":\"https:\/\/atana.pl\/#website\"},\"primaryImageOfPage\":{\"@id\":\"https:\/\/atana.pl\/sklep-on-line\/trac\/zestaw-podlaczeniowy-silnika-elektrycznego-12v-24v-36v\/#primaryimage\"},\"image\":{\"@id\":\"https:\/\/atana.pl\/sklep-on-line\/trac\/zestaw-podlaczeniowy-silnika-elektrycznego-12v-24v-36v\/#primaryimage\"},\"thumbnailUrl\":\"https:\/\/atana.pl\/wp-content\/uploads\/2024\/04\/69440_out-Z.jpg\",\"datePublished\":\"1965-01-27T11:16:40+00:00\",\"dateModified\":\"2025-04-26T17:55:11+00:00\",\"description\":\"Kompletny zestaw pod\u0142\u0105czeniowy silnika elektrycznego do \u0142odzi \u2013 przewody 10m, gniazdo, wtyczka, bezpiecznik 60A. Szybka i bezpieczna instalacja. Gwarancja.\",\"breadcrumb\":{\"@id\":\"https:\/\/atana.pl\/sklep-on-line\/trac\/zestaw-podlaczeniowy-silnika-elektrycznego-12v-24v-36v\/#breadcrumb\"},\"inLanguage\":\"en-GB\",\"potentialAction\":[{\"@type\":\"ReadAction\",\"target\":[\"https:\/\/atana.pl\/sklep-on-line\/trac\/zestaw-podlaczeniowy-silnika-elektrycznego-12v-24v-36v\/\"]}]},{\"@type\":\"ImageObject\",\"inLanguage\":\"en-GB\",\"@id\":\"https:\/\/atana.pl\/sklep-on-line\/trac\/zestaw-podlaczeniowy-silnika-elektrycznego-12v-24v-36v\/#primaryimage\",\"url\":\"https:\/\/atana.pl\/wp-content\/uploads\/2024\/04\/69440_out-Z.jpg\",\"contentUrl\":\"https:\/\/atana.pl\/wp-content\/uploads\/2024\/04\/69440_out-Z.jpg\",\"width\":900,\"height\":900,\"caption\":\"Zestaw pod\u0142\u0105czeniowy silnika elektrycznego 12V\/24V\/36V\"},{\"@type\":\"BreadcrumbList\",\"@id\":\"https:\/\/atana.pl\/sklep-on-line\/trac\/zestaw-podlaczeniowy-silnika-elektrycznego-12v-24v-36v\/#breadcrumb\",\"itemListElement\":[{\"@type\":\"ListItem\",\"position\":1,\"name\":\"Strona g\u0142\u00f3wna\",\"item\":\"https:\/\/atana.pl\/\"},{\"@type\":\"ListItem\",\"position\":2,\"name\":\"Sklep on-line\",\"item\":\"https:\/\/atana.pl\/sklep-on-line\/\"},{\"@type\":\"ListItem\",\"position\":3,\"name\":\"Zestaw pod\u0142\u0105czeniowy silnika elektrycznego 12V\/24V\/36V\"}]},{\"@type\":\"WebSite\",\"@id\":\"https:\/\/atana.pl\/#website\",\"url\":\"https:\/\/atana.pl\/\",\"name\":\"Atana\",\"description\":\"Akcesoria do \u0142odzi, kamper\u00f3w i przyczep. \u0141odzie motorowe\",\"publisher\":{\"@id\":\"https:\/\/atana.pl\/#organization\"},\"potentialAction\":[{\"@type\":\"SearchAction\",\"target\":{\"@type\":\"EntryPoint\",\"urlTemplate\":\"https:\/\/atana.pl\/?s={search_term_string}\"},\"query-input\":{\"@type\":\"PropertyValueSpecification\",\"valueRequired\":true,\"valueName\":\"search_term_string\"}}],\"inLanguage\":\"en-GB\"},{\"@type\":\"Organization\",\"@id\":\"https:\/\/atana.pl\/#organization\",\"name\":\"Atana\",\"url\":\"https:\/\/atana.pl\/\",\"logo\":{\"@type\":\"ImageObject\",\"inLanguage\":\"en-GB\",\"@id\":\"https:\/\/atana.pl\/#\/schema\/logo\/image\/\",\"url\":\"\",\"contentUrl\":\"\",\"caption\":\"Atana\"},\"image\":{\"@id\":\"https:\/\/atana.pl\/#\/schema\/logo\/image\/\"},\"sameAs\":[\"https:\/\/www.facebook.com\/atanayachts\",\"https:\/\/www.instagram.com\/atanaboats\/\",\"https:\/\/www.youtube.com\/channel\/UClMMmVqqx17in9QzgxK90Mw\"]}]}<\/script>\n<!-- \/ Yoast SEO plugin. -->","yoast_head_json":{"title":"Zestaw pod\u0142\u0105czeniowy silnika elektrycznego 12V\/24V\/36V - Atana","description":"Kompletny zestaw pod\u0142\u0105czeniowy silnika elektrycznego do \u0142odzi \u2013 przewody 10m, gniazdo, wtyczka, bezpiecznik 60A. Szybka i bezpieczna instalacja. Gwarancja.","robots":{"index":"index","follow":"follow","max-snippet":"max-snippet:-1","max-image-preview":"max-image-preview:large","max-video-preview":"max-video-preview:-1"},"canonical":"https:\/\/atana.pl\/en\/online-shop\/trac\/zestaw-podlaczeniowy-silnika-elektrycznego-12v-24v-36v\/","og_locale":"en_GB","og_type":"article","og_title":"Zestaw pod\u0142\u0105czeniowy silnika elektrycznego 12V\/24V\/36V - Atana","og_description":"Kompletny zestaw pod\u0142\u0105czeniowy silnika elektrycznego do \u0142odzi \u2013 przewody 10m, gniazdo, wtyczka, bezpiecznik 60A. Szybka i bezpieczna instalacja. Gwarancja.","og_url":"https:\/\/atana.pl\/en\/online-shop\/trac\/zestaw-podlaczeniowy-silnika-elektrycznego-12v-24v-36v\/","og_site_name":"Atana","article_publisher":"https:\/\/www.facebook.com\/atanayachts","article_modified_time":"2025-04-26T17:55:11+00:00","og_image":[{"width":900,"height":900,"url":"https:\/\/atana.pl\/wp-content\/uploads\/2024\/04\/69440_out-Z.jpg","type":"image\/jpeg"}],"twitter_card":"summary_large_image","twitter_misc":{"Estimated reading time":"1 minute"},"schema":{"@context":"https:\/\/schema.org","@graph":[{"@type":"WebPage","@id":"https:\/\/atana.pl\/sklep-on-line\/trac\/zestaw-podlaczeniowy-silnika-elektrycznego-12v-24v-36v\/","url":"https:\/\/atana.pl\/sklep-on-line\/trac\/zestaw-podlaczeniowy-silnika-elektrycznego-12v-24v-36v\/","name":"Zestaw pod\u0142\u0105czeniowy silnika elektrycznego 12V\/24V\/36V - Atana","isPartOf":{"@id":"https:\/\/atana.pl\/#website"},"primaryImageOfPage":{"@id":"https:\/\/atana.pl\/sklep-on-line\/trac\/zestaw-podlaczeniowy-silnika-elektrycznego-12v-24v-36v\/#primaryimage"},"image":{"@id":"https:\/\/atana.pl\/sklep-on-line\/trac\/zestaw-podlaczeniowy-silnika-elektrycznego-12v-24v-36v\/#primaryimage"},"thumbnailUrl":"https:\/\/atana.pl\/wp-content\/uploads\/2024\/04\/69440_out-Z.jpg","datePublished":"1965-01-27T11:16:40+00:00","dateModified":"2025-04-26T17:55:11+00:00","description":"Kompletny zestaw pod\u0142\u0105czeniowy silnika elektrycznego do \u0142odzi \u2013 przewody 10m, gniazdo, wtyczka, bezpiecznik 60A. Szybka i bezpieczna instalacja. Gwarancja.","breadcrumb":{"@id":"https:\/\/atana.pl\/sklep-on-line\/trac\/zestaw-podlaczeniowy-silnika-elektrycznego-12v-24v-36v\/#breadcrumb"},"inLanguage":"en-GB","potentialAction":[{"@type":"ReadAction","target":["https:\/\/atana.pl\/sklep-on-line\/trac\/zestaw-podlaczeniowy-silnika-elektrycznego-12v-24v-36v\/"]}]},{"@type":"ImageObject","inLanguage":"en-GB","@id":"https:\/\/atana.pl\/sklep-on-line\/trac\/zestaw-podlaczeniowy-silnika-elektrycznego-12v-24v-36v\/#primaryimage","url":"https:\/\/atana.pl\/wp-content\/uploads\/2024\/04\/69440_out-Z.jpg","contentUrl":"https:\/\/atana.pl\/wp-content\/uploads\/2024\/04\/69440_out-Z.jpg","width":900,"height":900,"caption":"Zestaw pod\u0142\u0105czeniowy silnika elektrycznego 12V\/24V\/36V"},{"@type":"BreadcrumbList","@id":"https:\/\/atana.pl\/sklep-on-line\/trac\/zestaw-podlaczeniowy-silnika-elektrycznego-12v-24v-36v\/#breadcrumb","itemListElement":[{"@type":"ListItem","position":1,"name":"Strona g\u0142\u00f3wna","item":"https:\/\/atana.pl\/"},{"@type":"ListItem","position":2,"name":"Sklep on-line","item":"https:\/\/atana.pl\/sklep-on-line\/"},{"@type":"ListItem","position":3,"name":"Zestaw pod\u0142\u0105czeniowy silnika elektrycznego 12V\/24V\/36V"}]},{"@type":"WebSite","@id":"https:\/\/atana.pl\/#website","url":"https:\/\/atana.pl\/","name":"Atana","description":"Akcesoria do \u0142odzi, kamper\u00f3w i przyczep. \u0141odzie motorowe","publisher":{"@id":"https:\/\/atana.pl\/#organization"},"potentialAction":[{"@type":"SearchAction","target":{"@type":"EntryPoint","urlTemplate":"https:\/\/atana.pl\/?s={search_term_string}"},"query-input":{"@type":"PropertyValueSpecification","valueRequired":true,"valueName":"search_term_string"}}],"inLanguage":"en-GB"},{"@type":"Organization","@id":"https:\/\/atana.pl\/#organization","name":"Atana","url":"https:\/\/atana.pl\/","logo":{"@type":"ImageObject","inLanguage":"en-GB","@id":"https:\/\/atana.pl\/#\/schema\/logo\/image\/","url":"","contentUrl":"","caption":"Atana"},"image":{"@id":"https:\/\/atana.pl\/#\/schema\/logo\/image\/"},"sameAs":["https:\/\/www.facebook.com\/atanayachts","https:\/\/www.instagram.com\/atanaboats\/","https:\/\/www.youtube.com\/channel\/UClMMmVqqx17in9QzgxK90Mw"]}]}},"_links":{"self":[{"href":"https:\/\/atana.pl\/en\/wp-json\/wp\/v2\/product\/5580","targetHints":{"allow":["GET"]}}],"collection":[{"href":"https:\/\/atana.pl\/en\/wp-json\/wp\/v2\/product"}],"about":[{"href":"https:\/\/atana.pl\/en\/wp-json\/wp\/v2\/types\/product"}],"wp:featuredmedia":[{"embeddable":true,"href":"https:\/\/atana.pl\/en\/wp-json\/wp\/v2\/media\/4250"}],"wp:attachment":[{"href":"https:\/\/atana.pl\/en\/wp-json\/wp\/v2\/media?parent=5580"}],"wp:term":[{"taxonomy":"product_brand","embeddable":true,"href":"https:\/\/atana.pl\/en\/wp-json\/wp\/v2\/product_brand?post=5580"},{"taxonomy":"product_cat","embeddable":true,"href":"https:\/\/atana.pl\/en\/wp-json\/wp\/v2\/product_cat?post=5580"},{"taxonomy":"product_tag","embeddable":true,"href":"https:\/\/atana.pl\/en\/wp-json\/wp\/v2\/product_tag?post=5580"}],"curies":[{"name":"wp","href":"https:\/\/api.w.org\/{rel}","templated":true}]}}