{"id":5571,"date":"2022-01-27T12:16:40","date_gmt":"2022-01-27T11:16:40","guid":{"rendered":"https:\/\/atana.pl\/sklep-on-line\/pompka-do-smaru\/"},"modified":"2025-04-26T19:20:06","modified_gmt":"2025-04-26T17:20:06","slug":"pompka-do-smaru","status":"publish","type":"product","link":"https:\/\/atana.pl\/en\/online-shop\/promotions\/pompka-do-smaru\/","title":{"rendered":"Grease pump"},"content":{"rendered":"<h2 class=\"\" data-start=\"88\" data-end=\"143\">\ud83d\udee0\ufe0f Pompka do smaru \u2013 do silnik\u00f3w zaburtowych \u2693\ud83d\udee5\ufe0f<\/h2>\n<p class=\"\" data-start=\"144\" data-end=\"204\"><strong data-start=\"144\" data-end=\"204\">Precyzyjna aplikacja smaru w trudno dost\u0119pnych miejscach<\/strong><\/p>\n<p class=\"\" data-start=\"206\" data-end=\"547\"><strong data-start=\"206\" data-end=\"225\">Grease pump<\/strong> to niezawodne narz\u0119dzie stworzone z my\u015bl\u0105 o aplikacji smaru w kluczowych punktach, takich jak <strong data-start=\"320\" data-end=\"352\">spodzina silnika zaburtowego<\/strong>.<br data-start=\"353\" data-end=\"356\" \/>Dzi\u0119ki bezpo\u015bredniemu monta\u017cowi na pojemniku ze smarem oraz specjalnej aluminiowej z\u0142\u0105czce, urz\u0105dzenie pasuje do wielu popularnych marek silnik\u00f3w: <strong data-start=\"503\" data-end=\"546\">Mercury, Mariner, Johnson oraz Evinrude<\/strong>.<\/p>\n<p class=\"\" data-start=\"549\" data-end=\"718\">Solidna konstrukcja oraz wygodna obs\u0142uga sprawiaj\u0105, \u017ce pompka idealnie sprawdzi si\u0119 zar\u00f3wno podczas serwisowania jednostek p\u0142ywaj\u0105cych, jak i w warsztatach technicznych.<\/p>\n<hr class=\"\" data-start=\"978\" data-end=\"981\" \/>\n<h3 class=\"\" data-start=\"983\" data-end=\"1006\">\ud83d\udca1 Product benefits:<\/h3>\n<p class=\"\" data-start=\"1007\" data-end=\"1386\">\u2714\ufe0f <strong data-start=\"1010\" data-end=\"1055\">Bezpo\u015bredni monta\u017c na pojemniku ze smarem<\/strong> \u2013 szybka i wygodna aplikacja<br data-start=\"1084\" data-end=\"1087\" \/>\u2714\ufe0f <strong data-start=\"1090\" data-end=\"1112\">Aluminiowa z\u0142\u0105czka<\/strong> \u2013 kompatybilna z najpopularniejszymi silnikami zaburtowymi<br data-start=\"1171\" data-end=\"1174\" \/>\u2714\ufe0f <strong data-start=\"1177\" data-end=\"1201\">Precyzyjna aplikacja<\/strong> \u2013 dok\u0142adne smarowanie bez rozlewania<br data-start=\"1238\" data-end=\"1241\" \/>\u2714\ufe0f <strong data-start=\"1244\" data-end=\"1267\">Solidna konstrukcja<\/strong> \u2013 trwa\u0142o\u015b\u0107 i niezawodno\u015b\u0107 w codziennym u\u017cyciu<br data-start=\"1313\" data-end=\"1316\" \/>\u2714\ufe0f <strong data-start=\"1319\" data-end=\"1336\">\u0141atwa obs\u0142uga<\/strong> \u2013 wygodna praca nawet w ciasnych przestrzeniach<\/p>\n<hr class=\"\" data-start=\"1661\" data-end=\"1664\" \/>\n<h2 class=\"\" data-start=\"1666\" data-end=\"1715\">\ud83d\udea4 Niezb\u0119dna w serwisie silnik\u00f3w zaburtowych<\/h2>\n<p class=\"\" data-start=\"1716\" data-end=\"1840\">Zadbaj o niezawodno\u015b\u0107 i \u017cywotno\u015b\u0107 swojego silnika dzi\u0119ki precyzyjnemu smarowaniu \u2014 szybciej, \u0142atwiej i bez ryzyka zabrudze\u0144!<\/p>","protected":false},"excerpt":{"rendered":"<ul>\n<li>Grease pump<\/li>\n<li>Do silnik\u00f3w zaburtowych Mercury, Mariner, Johnson i Evinrude.<\/li>\n<li>Precyzyjna aplikacja smaru.<\/li>\n<\/ul>","protected":false},"featured_media":4241,"template":"","meta":{"_acf_changed":false},"product_brand":[],"product_cat":[101,102,103],"product_tag":[1009,1004,1005,1003,1007,1006,1008],"class_list":{"0":"post-5571","1":"product","2":"type-product","3":"status-publish","4":"has-post-thumbnail","6":"product_cat-promocje","7":"product_cat-trac","8":"product_cat-wysysarki","9":"product_tag-akcesoria-serwisowe-do-lodzi","10":"product_tag-aplikator-smaru","11":"product_tag-pompka-do-silnikow-zaburtowych","12":"product_tag-pompka-do-smaru","13":"product_tag-pompka-smarownicza","14":"product_tag-serwis-silnikow-mercury","15":"product_tag-smarowanie-spodziny","17":"first","18":"instock","19":"sale","20":"taxable","21":"shipping-taxable","22":"purchasable","23":"product-type-simple"},"acf":[],"yoast_head":"<!-- This site is optimized with the Yoast SEO plugin v25.2 - https:\/\/yoast.com\/wordpress\/plugins\/seo\/ -->\n<title>Pompka do smaru - Atana<\/title>\n<meta name=\"description\" content=\"Pompka do smaru do silnik\u00f3w zaburtowych \u2013 monta\u017c bezpo\u015brednio na pojemniku. Kompatybilna z Mercury, Mariner, Johnson i Evinrude. Precyzyjna i trwa\u0142a.\" \/>\n<meta name=\"robots\" content=\"index, follow, max-snippet:-1, max-image-preview:large, max-video-preview:-1\" \/>\n<link rel=\"canonical\" href=\"https:\/\/atana.pl\/en\/online-shop\/promotions\/pompka-do-smaru\/\" \/>\n<meta property=\"og:locale\" content=\"en_GB\" \/>\n<meta property=\"og:type\" content=\"article\" \/>\n<meta property=\"og:title\" content=\"Pompka do smaru - Atana\" \/>\n<meta property=\"og:description\" content=\"Pompka do smaru do silnik\u00f3w zaburtowych \u2013 monta\u017c bezpo\u015brednio na pojemniku. Kompatybilna z Mercury, Mariner, Johnson i Evinrude. Precyzyjna i trwa\u0142a.\" \/>\n<meta property=\"og:url\" content=\"https:\/\/atana.pl\/en\/online-shop\/promotions\/pompka-do-smaru\/\" \/>\n<meta property=\"og:site_name\" content=\"Atana\" \/>\n<meta property=\"article:publisher\" content=\"https:\/\/www.facebook.com\/atanayachts\" \/>\n<meta property=\"article:modified_time\" content=\"2025-04-26T17:20:06+00:00\" \/>\n<meta property=\"og:image\" content=\"https:\/\/atana.pl\/wp-content\/uploads\/2024\/04\/69363_out-Z.jpg\" \/>\n\t<meta property=\"og:image:width\" content=\"900\" \/>\n\t<meta property=\"og:image:height\" content=\"900\" \/>\n\t<meta property=\"og:image:type\" content=\"image\/jpeg\" \/>\n<meta name=\"twitter:card\" content=\"summary_large_image\" \/>\n<meta name=\"twitter:label1\" content=\"Estimated reading time\" \/>\n\t<meta name=\"twitter:data1\" content=\"1 minute\" \/>\n<script type=\"application\/ld+json\" class=\"yoast-schema-graph\">{\"@context\":\"https:\/\/schema.org\",\"@graph\":[{\"@type\":\"WebPage\",\"@id\":\"https:\/\/atana.pl\/sklep-on-line\/promocje\/pompka-do-smaru\/\",\"url\":\"https:\/\/atana.pl\/sklep-on-line\/promocje\/pompka-do-smaru\/\",\"name\":\"Pompka do smaru - Atana\",\"isPartOf\":{\"@id\":\"https:\/\/atana.pl\/#website\"},\"primaryImageOfPage\":{\"@id\":\"https:\/\/atana.pl\/sklep-on-line\/promocje\/pompka-do-smaru\/#primaryimage\"},\"image\":{\"@id\":\"https:\/\/atana.pl\/sklep-on-line\/promocje\/pompka-do-smaru\/#primaryimage\"},\"thumbnailUrl\":\"https:\/\/atana.pl\/wp-content\/uploads\/2024\/04\/69363_out-Z.jpg\",\"datePublished\":\"2022-01-27T11:16:40+00:00\",\"dateModified\":\"2025-04-26T17:20:06+00:00\",\"description\":\"Pompka do smaru do silnik\u00f3w zaburtowych \u2013 monta\u017c bezpo\u015brednio na pojemniku. Kompatybilna z Mercury, Mariner, Johnson i Evinrude. Precyzyjna i trwa\u0142a.\",\"breadcrumb\":{\"@id\":\"https:\/\/atana.pl\/sklep-on-line\/promocje\/pompka-do-smaru\/#breadcrumb\"},\"inLanguage\":\"en-GB\",\"potentialAction\":[{\"@type\":\"ReadAction\",\"target\":[\"https:\/\/atana.pl\/sklep-on-line\/promocje\/pompka-do-smaru\/\"]}]},{\"@type\":\"ImageObject\",\"inLanguage\":\"en-GB\",\"@id\":\"https:\/\/atana.pl\/sklep-on-line\/promocje\/pompka-do-smaru\/#primaryimage\",\"url\":\"https:\/\/atana.pl\/wp-content\/uploads\/2024\/04\/69363_out-Z.jpg\",\"contentUrl\":\"https:\/\/atana.pl\/wp-content\/uploads\/2024\/04\/69363_out-Z.jpg\",\"width\":900,\"height\":900,\"caption\":\"Pompka do smaru\"},{\"@type\":\"BreadcrumbList\",\"@id\":\"https:\/\/atana.pl\/sklep-on-line\/promocje\/pompka-do-smaru\/#breadcrumb\",\"itemListElement\":[{\"@type\":\"ListItem\",\"position\":1,\"name\":\"Strona g\u0142\u00f3wna\",\"item\":\"https:\/\/atana.pl\/\"},{\"@type\":\"ListItem\",\"position\":2,\"name\":\"Sklep on-line\",\"item\":\"https:\/\/atana.pl\/sklep-on-line\/\"},{\"@type\":\"ListItem\",\"position\":3,\"name\":\"Pompka do smaru\"}]},{\"@type\":\"WebSite\",\"@id\":\"https:\/\/atana.pl\/#website\",\"url\":\"https:\/\/atana.pl\/\",\"name\":\"Atana\",\"description\":\"Akcesoria do \u0142odzi, kamper\u00f3w i przyczep. \u0141odzie motorowe\",\"publisher\":{\"@id\":\"https:\/\/atana.pl\/#organization\"},\"potentialAction\":[{\"@type\":\"SearchAction\",\"target\":{\"@type\":\"EntryPoint\",\"urlTemplate\":\"https:\/\/atana.pl\/?s={search_term_string}\"},\"query-input\":{\"@type\":\"PropertyValueSpecification\",\"valueRequired\":true,\"valueName\":\"search_term_string\"}}],\"inLanguage\":\"en-GB\"},{\"@type\":\"Organization\",\"@id\":\"https:\/\/atana.pl\/#organization\",\"name\":\"Atana\",\"url\":\"https:\/\/atana.pl\/\",\"logo\":{\"@type\":\"ImageObject\",\"inLanguage\":\"en-GB\",\"@id\":\"https:\/\/atana.pl\/#\/schema\/logo\/image\/\",\"url\":\"\",\"contentUrl\":\"\",\"caption\":\"Atana\"},\"image\":{\"@id\":\"https:\/\/atana.pl\/#\/schema\/logo\/image\/\"},\"sameAs\":[\"https:\/\/www.facebook.com\/atanayachts\",\"https:\/\/www.instagram.com\/atanaboats\/\",\"https:\/\/www.youtube.com\/channel\/UClMMmVqqx17in9QzgxK90Mw\"]}]}<\/script>\n<!-- \/ Yoast SEO plugin. -->","yoast_head_json":{"title":"Pompka do smaru - Atana","description":"Pompka do smaru do silnik\u00f3w zaburtowych \u2013 monta\u017c bezpo\u015brednio na pojemniku. Kompatybilna z Mercury, Mariner, Johnson i Evinrude. Precyzyjna i trwa\u0142a.","robots":{"index":"index","follow":"follow","max-snippet":"max-snippet:-1","max-image-preview":"max-image-preview:large","max-video-preview":"max-video-preview:-1"},"canonical":"https:\/\/atana.pl\/en\/online-shop\/promotions\/pompka-do-smaru\/","og_locale":"en_GB","og_type":"article","og_title":"Pompka do smaru - Atana","og_description":"Pompka do smaru do silnik\u00f3w zaburtowych \u2013 monta\u017c bezpo\u015brednio na pojemniku. Kompatybilna z Mercury, Mariner, Johnson i Evinrude. Precyzyjna i trwa\u0142a.","og_url":"https:\/\/atana.pl\/en\/online-shop\/promotions\/pompka-do-smaru\/","og_site_name":"Atana","article_publisher":"https:\/\/www.facebook.com\/atanayachts","article_modified_time":"2025-04-26T17:20:06+00:00","og_image":[{"width":900,"height":900,"url":"https:\/\/atana.pl\/wp-content\/uploads\/2024\/04\/69363_out-Z.jpg","type":"image\/jpeg"}],"twitter_card":"summary_large_image","twitter_misc":{"Estimated reading time":"1 minute"},"schema":{"@context":"https:\/\/schema.org","@graph":[{"@type":"WebPage","@id":"https:\/\/atana.pl\/sklep-on-line\/promocje\/pompka-do-smaru\/","url":"https:\/\/atana.pl\/sklep-on-line\/promocje\/pompka-do-smaru\/","name":"Pompka do smaru - Atana","isPartOf":{"@id":"https:\/\/atana.pl\/#website"},"primaryImageOfPage":{"@id":"https:\/\/atana.pl\/sklep-on-line\/promocje\/pompka-do-smaru\/#primaryimage"},"image":{"@id":"https:\/\/atana.pl\/sklep-on-line\/promocje\/pompka-do-smaru\/#primaryimage"},"thumbnailUrl":"https:\/\/atana.pl\/wp-content\/uploads\/2024\/04\/69363_out-Z.jpg","datePublished":"2022-01-27T11:16:40+00:00","dateModified":"2025-04-26T17:20:06+00:00","description":"Pompka do smaru do silnik\u00f3w zaburtowych \u2013 monta\u017c bezpo\u015brednio na pojemniku. Kompatybilna z Mercury, Mariner, Johnson i Evinrude. Precyzyjna i trwa\u0142a.","breadcrumb":{"@id":"https:\/\/atana.pl\/sklep-on-line\/promocje\/pompka-do-smaru\/#breadcrumb"},"inLanguage":"en-GB","potentialAction":[{"@type":"ReadAction","target":["https:\/\/atana.pl\/sklep-on-line\/promocje\/pompka-do-smaru\/"]}]},{"@type":"ImageObject","inLanguage":"en-GB","@id":"https:\/\/atana.pl\/sklep-on-line\/promocje\/pompka-do-smaru\/#primaryimage","url":"https:\/\/atana.pl\/wp-content\/uploads\/2024\/04\/69363_out-Z.jpg","contentUrl":"https:\/\/atana.pl\/wp-content\/uploads\/2024\/04\/69363_out-Z.jpg","width":900,"height":900,"caption":"Pompka do smaru"},{"@type":"BreadcrumbList","@id":"https:\/\/atana.pl\/sklep-on-line\/promocje\/pompka-do-smaru\/#breadcrumb","itemListElement":[{"@type":"ListItem","position":1,"name":"Strona g\u0142\u00f3wna","item":"https:\/\/atana.pl\/"},{"@type":"ListItem","position":2,"name":"Sklep on-line","item":"https:\/\/atana.pl\/sklep-on-line\/"},{"@type":"ListItem","position":3,"name":"Pompka do smaru"}]},{"@type":"WebSite","@id":"https:\/\/atana.pl\/#website","url":"https:\/\/atana.pl\/","name":"Atana","description":"Akcesoria do \u0142odzi, kamper\u00f3w i przyczep. \u0141odzie motorowe","publisher":{"@id":"https:\/\/atana.pl\/#organization"},"potentialAction":[{"@type":"SearchAction","target":{"@type":"EntryPoint","urlTemplate":"https:\/\/atana.pl\/?s={search_term_string}"},"query-input":{"@type":"PropertyValueSpecification","valueRequired":true,"valueName":"search_term_string"}}],"inLanguage":"en-GB"},{"@type":"Organization","@id":"https:\/\/atana.pl\/#organization","name":"Atana","url":"https:\/\/atana.pl\/","logo":{"@type":"ImageObject","inLanguage":"en-GB","@id":"https:\/\/atana.pl\/#\/schema\/logo\/image\/","url":"","contentUrl":"","caption":"Atana"},"image":{"@id":"https:\/\/atana.pl\/#\/schema\/logo\/image\/"},"sameAs":["https:\/\/www.facebook.com\/atanayachts","https:\/\/www.instagram.com\/atanaboats\/","https:\/\/www.youtube.com\/channel\/UClMMmVqqx17in9QzgxK90Mw"]}]}},"_links":{"self":[{"href":"https:\/\/atana.pl\/en\/wp-json\/wp\/v2\/product\/5571","targetHints":{"allow":["GET"]}}],"collection":[{"href":"https:\/\/atana.pl\/en\/wp-json\/wp\/v2\/product"}],"about":[{"href":"https:\/\/atana.pl\/en\/wp-json\/wp\/v2\/types\/product"}],"wp:featuredmedia":[{"embeddable":true,"href":"https:\/\/atana.pl\/en\/wp-json\/wp\/v2\/media\/4241"}],"wp:attachment":[{"href":"https:\/\/atana.pl\/en\/wp-json\/wp\/v2\/media?parent=5571"}],"wp:term":[{"taxonomy":"product_brand","embeddable":true,"href":"https:\/\/atana.pl\/en\/wp-json\/wp\/v2\/product_brand?post=5571"},{"taxonomy":"product_cat","embeddable":true,"href":"https:\/\/atana.pl\/en\/wp-json\/wp\/v2\/product_cat?post=5571"},{"taxonomy":"product_tag","embeddable":true,"href":"https:\/\/atana.pl\/en\/wp-json\/wp\/v2\/product_tag?post=5571"}],"curies":[{"name":"wp","href":"https:\/\/api.w.org\/{rel}","templated":true}]}}