{"id":5520,"date":"2014-01-27T12:16:38","date_gmt":"2014-01-27T11:16:38","guid":{"rendered":"https:\/\/atana.pl\/sklep-on-line\/przenosna-pompa-zezowa-3-x-r20\/"},"modified":"2025-04-03T14:33:17","modified_gmt":"2025-04-03T12:33:17","slug":"przenosna-pompa-zezowa-3-x-r20","status":"publish","type":"product","link":"https:\/\/atana.pl\/en\/online-shop\/trac\/przenosna-pompa-zezowa-3-x-r20\/","title":{"rendered":"Portable bilge pump 3 x R20"},"content":{"rendered":"<h2 class=\"\" data-start=\"187\" data-end=\"237\">\ud83d\udef6 Pompa z\u0119zowa na baterie \u2013 250 GPH (16 L\/min)<\/h2>\n<h3 class=\"\" data-start=\"239\" data-end=\"257\">Product description:<\/h3>\n<p class=\"\" data-start=\"258\" data-end=\"598\"><strong data-start=\"258\" data-end=\"285\">Pompa z\u0119zowa na baterie<\/strong> to praktyczne i mobilne rozwi\u0105zanie do wypompowywania wody z ma\u0142ych jednostek p\u0142ywaj\u0105cych, kt\u00f3re nie posiadaj\u0105 instalacji elektrycznej. Zasilana trzema bateriami R20 (nie do\u0142\u0105czone), doskonale sprawdzi si\u0119 wsz\u0119dzie tam, gdzie liczy si\u0119 niezale\u017cno\u015b\u0107 i prostota dzia\u0142ania \u2013 bez potrzeby pod\u0142\u0105czenia do akumulatora.<\/p>\n<p class=\"\" data-start=\"600\" data-end=\"611\">Idealna do:<\/p>\n<p>\u00a0 \u00a0\ud83d\udef6\u00a0 \u00a0<strong data-start=\"824\" data-end=\"835\">kajak\u00f3w<\/strong><br data-start=\"835\" data-end=\"838\" \/>\u00a0 \u00a0\ud83d\udeb2\ud83c\udf0a\u00a0 \u00a0<strong data-start=\"843\" data-end=\"862\">rower\u00f3w wodnych<\/strong><br data-start=\"862\" data-end=\"865\" \/>\u00a0 \u00a0\ud83d\udea4\ud83d\udee5\ufe0f\u00a0 \u00a0<strong data-start=\"871\" data-end=\"895\">ma\u0142ych \u0142odzi i \u0142\u00f3dek<\/strong><br data-start=\"895\" data-end=\"898\" \/>\u00a0 \u00a0\ud83d\udedf\ud83d\udef6\u00a0 \u00a0<strong data-start=\"903\" data-end=\"923\">ponton\u00f3w, dinghy<\/strong><br data-start=\"923\" data-end=\"926\" \/>\u00a0 \u00a0\u26f5\ud83d\udd0b\u2716\ufe0f\u00a0 \u00a0<strong data-start=\"932\" data-end=\"960\">\u017cagl\u00f3wek bez akumulatora<\/strong><br data-start=\"960\" data-end=\"963\" \/>\u00a0 \u00a0\ud83c\udfd6\ufe0f\ud83c\udd98\ud83d\udea8\u00a0 \u00a0<strong data-start=\"971\" data-end=\"1011\">sprz\u0119tu rekreacyjnego i ratowniczego<\/strong><\/p>\n<p class=\"\" data-start=\"762\" data-end=\"944\">Pompa umo\u017cliwia szybkie usuwanie nadmiaru wody z kokpitu, dna kad\u0142uba czy wn\u0119trza pontonu \u2013 <strong data-start=\"854\" data-end=\"895\">bez monta\u017cu, bez kabli i bez narz\u0119dzi<\/strong>. Wystarczy w\u0142o\u017cy\u0107 baterie, zanurzy\u0107 i uruchomi\u0107.<\/p>\n<p data-start=\"762\" data-end=\"944\"><a href=\"https:\/\/www.trac.net.pl\/pompy\/\" target=\"_blank\" rel=\"noopener\">\u2139\ufe0f\u00a0 Czytaj wi\u0119cej o wszystkich pompach TRAC&#8230;<\/a><\/p>\n<hr class=\"\" data-start=\"946\" data-end=\"949\" \/>\n<h3 class=\"\" data-start=\"951\" data-end=\"976\">Parametry techniczne:<\/h3>\n<p class=\"\" data-start=\"979\" data-end=\"1029\">\u00a0 \u00a0\ud83d\udea3\u200d\u2642\ufe0f\u00a0 \u00a0<strong data-start=\"633\" data-end=\"671\">Zasilana trzema bateriami typu R20<\/strong> (tzw. \u201edu\u017ce paluszki\u201d) \u2013 brak w zestawie<br data-start=\"712\" data-end=\"715\" \/>\u00a0 \u00a0\ud83d\udca6\u00a0 \u00a0<strong data-start=\"718\" data-end=\"739\">Wydajno\u015b\u0107 250 GPH<\/strong> \u2013 oko\u0142o <strong data-start=\"748\" data-end=\"771\">16 litr\u00f3w na minut\u0119<\/strong><br data-start=\"771\" data-end=\"774\" \/>\u00a0 \u00a0\ud83d\udef6\u00a0 \u00a0Nie wymaga akumulatora ani instalacji \u2013 gotowa do u\u017cycia w ka\u017cdych warunkach<br data-start=\"853\" data-end=\"856\" \/>\u00a0 \u00a0\ud83c\udf92\u00a0 \u00a0Lekka i przeno\u015bna \u2013 zmie\u015bci si\u0119 w torbie, luku baga\u017cowym lub schowku<br data-start=\"927\" data-end=\"930\" \/>\u00a0 \u00a0\ud83d\udee1\ufe0f\u00a0 \u00a0<strong data-start=\"934\" data-end=\"954\">Gwarancja 2 lata<\/strong><\/p>\n<hr class=\"\" data-start=\"946\" data-end=\"949\" \/>\n<p data-start=\"979\" data-end=\"1029\">Dzi\u0119ki niewielkim rozmiarom i prostocie dzia\u0142ania jest to niezast\u0105pione narz\u0119dzie dla ka\u017cdego, kto porusza si\u0119 po wodzie sprz\u0119tem rekreacyjnym i potrzebuje szybkiego sposobu na usuni\u0119cie wody z kokpitu czy z\u0119zy.<\/p>","protected":false},"excerpt":{"rendered":"<ul>\n<li>Battery-powered pump<\/li>\n<li>3 x R20<\/li>\n<\/ul>","protected":false},"featured_media":4190,"template":"","meta":{"_acf_changed":false},"product_brand":[],"product_cat":[112,102],"product_tag":[468,470,472,475,467,478,474,466,476,465,471,477,473,469],"class_list":{"0":"post-5520","1":"product","2":"type-product","3":"status-publish","4":"has-post-thumbnail","6":"product_cat-pompy","7":"product_cat-trac","8":"product_tag-bilge-pump","9":"product_tag-kajak","10":"product_tag-lodka","11":"product_tag-mobilna-pompa","12":"product_tag-pompa-250-gph","13":"product_tag-pompa-awaryjna","14":"product_tag-pompa-bez-akumulatora","15":"product_tag-pompa-na-baterie","16":"product_tag-pompa-reczna-alternatywa","17":"product_tag-pompa-zezowa","18":"product_tag-ponton","19":"product_tag-r20","20":"product_tag-rower-wodny","21":"product_tag-wypompowywanie-wody","23":"first","24":"outofstock","25":"taxable","26":"shipping-taxable","27":"purchasable","28":"product-type-simple"},"acf":[],"yoast_head":"<!-- This site is optimized with the Yoast SEO plugin v25.2 - https:\/\/yoast.com\/wordpress\/plugins\/seo\/ -->\n<title>Przeno\u015bna pompa z\u0119zowa 3 x R20 - Atana<\/title>\n<meta name=\"description\" content=\"Mobilna pompa z\u0119zowa 250 GPH zasilana na baterie R20. Idealna do kajak\u00f3w, ponton\u00f3w, \u017cagl\u00f3wek i ma\u0142ych \u0142odzi. Bez monta\u017cu. Wydajna i wygodna.\" \/>\n<meta name=\"robots\" content=\"index, follow, max-snippet:-1, max-image-preview:large, max-video-preview:-1\" \/>\n<link rel=\"canonical\" href=\"https:\/\/atana.pl\/en\/online-shop\/trac\/przenosna-pompa-zezowa-3-x-r20\/\" \/>\n<meta property=\"og:locale\" content=\"en_GB\" \/>\n<meta property=\"og:type\" content=\"article\" \/>\n<meta property=\"og:title\" content=\"Przeno\u015bna pompa z\u0119zowa 3 x R20 - Atana\" \/>\n<meta property=\"og:description\" content=\"Mobilna pompa z\u0119zowa 250 GPH zasilana na baterie R20. Idealna do kajak\u00f3w, ponton\u00f3w, \u017cagl\u00f3wek i ma\u0142ych \u0142odzi. Bez monta\u017cu. Wydajna i wygodna.\" \/>\n<meta property=\"og:url\" content=\"https:\/\/atana.pl\/en\/online-shop\/trac\/przenosna-pompa-zezowa-3-x-r20\/\" \/>\n<meta property=\"og:site_name\" content=\"Atana\" \/>\n<meta property=\"article:publisher\" content=\"https:\/\/www.facebook.com\/atanayachts\" \/>\n<meta property=\"article:modified_time\" content=\"2025-04-03T12:33:17+00:00\" \/>\n<meta property=\"og:image\" content=\"https:\/\/atana.pl\/wp-content\/uploads\/2024\/04\/69341_out_a-Z.jpg\" \/>\n\t<meta property=\"og:image:width\" content=\"900\" \/>\n\t<meta property=\"og:image:height\" content=\"900\" \/>\n\t<meta property=\"og:image:type\" content=\"image\/jpeg\" \/>\n<meta name=\"twitter:card\" content=\"summary_large_image\" \/>\n<meta name=\"twitter:label1\" content=\"Estimated reading time\" \/>\n\t<meta name=\"twitter:data1\" content=\"1 minute\" \/>\n<script type=\"application\/ld+json\" class=\"yoast-schema-graph\">{\"@context\":\"https:\/\/schema.org\",\"@graph\":[{\"@type\":\"WebPage\",\"@id\":\"https:\/\/atana.pl\/sklep-on-line\/trac\/przenosna-pompa-zezowa-3-x-r20\/\",\"url\":\"https:\/\/atana.pl\/sklep-on-line\/trac\/przenosna-pompa-zezowa-3-x-r20\/\",\"name\":\"Przeno\u015bna pompa z\u0119zowa 3 x R20 - Atana\",\"isPartOf\":{\"@id\":\"https:\/\/atana.pl\/#website\"},\"primaryImageOfPage\":{\"@id\":\"https:\/\/atana.pl\/sklep-on-line\/trac\/przenosna-pompa-zezowa-3-x-r20\/#primaryimage\"},\"image\":{\"@id\":\"https:\/\/atana.pl\/sklep-on-line\/trac\/przenosna-pompa-zezowa-3-x-r20\/#primaryimage\"},\"thumbnailUrl\":\"https:\/\/atana.pl\/wp-content\/uploads\/2024\/04\/69341_out_a-Z.jpg\",\"datePublished\":\"2014-01-27T11:16:38+00:00\",\"dateModified\":\"2025-04-03T12:33:17+00:00\",\"description\":\"Mobilna pompa z\u0119zowa 250 GPH zasilana na baterie R20. Idealna do kajak\u00f3w, ponton\u00f3w, \u017cagl\u00f3wek i ma\u0142ych \u0142odzi. Bez monta\u017cu. Wydajna i wygodna.\",\"breadcrumb\":{\"@id\":\"https:\/\/atana.pl\/sklep-on-line\/trac\/przenosna-pompa-zezowa-3-x-r20\/#breadcrumb\"},\"inLanguage\":\"en-GB\",\"potentialAction\":[{\"@type\":\"ReadAction\",\"target\":[\"https:\/\/atana.pl\/sklep-on-line\/trac\/przenosna-pompa-zezowa-3-x-r20\/\"]}]},{\"@type\":\"ImageObject\",\"inLanguage\":\"en-GB\",\"@id\":\"https:\/\/atana.pl\/sklep-on-line\/trac\/przenosna-pompa-zezowa-3-x-r20\/#primaryimage\",\"url\":\"https:\/\/atana.pl\/wp-content\/uploads\/2024\/04\/69341_out_a-Z.jpg\",\"contentUrl\":\"https:\/\/atana.pl\/wp-content\/uploads\/2024\/04\/69341_out_a-Z.jpg\",\"width\":900,\"height\":900,\"caption\":\"Przeno\u015bna pompa z\u0119zowa 3 x R20\"},{\"@type\":\"BreadcrumbList\",\"@id\":\"https:\/\/atana.pl\/sklep-on-line\/trac\/przenosna-pompa-zezowa-3-x-r20\/#breadcrumb\",\"itemListElement\":[{\"@type\":\"ListItem\",\"position\":1,\"name\":\"Strona g\u0142\u00f3wna\",\"item\":\"https:\/\/atana.pl\/\"},{\"@type\":\"ListItem\",\"position\":2,\"name\":\"Sklep on-line\",\"item\":\"https:\/\/atana.pl\/sklep-on-line\/\"},{\"@type\":\"ListItem\",\"position\":3,\"name\":\"Przeno\u015bna pompa z\u0119zowa 3 x R20\"}]},{\"@type\":\"WebSite\",\"@id\":\"https:\/\/atana.pl\/#website\",\"url\":\"https:\/\/atana.pl\/\",\"name\":\"Atana\",\"description\":\"Akcesoria do \u0142odzi, kamper\u00f3w i przyczep. \u0141odzie motorowe\",\"publisher\":{\"@id\":\"https:\/\/atana.pl\/#organization\"},\"potentialAction\":[{\"@type\":\"SearchAction\",\"target\":{\"@type\":\"EntryPoint\",\"urlTemplate\":\"https:\/\/atana.pl\/?s={search_term_string}\"},\"query-input\":{\"@type\":\"PropertyValueSpecification\",\"valueRequired\":true,\"valueName\":\"search_term_string\"}}],\"inLanguage\":\"en-GB\"},{\"@type\":\"Organization\",\"@id\":\"https:\/\/atana.pl\/#organization\",\"name\":\"Atana\",\"url\":\"https:\/\/atana.pl\/\",\"logo\":{\"@type\":\"ImageObject\",\"inLanguage\":\"en-GB\",\"@id\":\"https:\/\/atana.pl\/#\/schema\/logo\/image\/\",\"url\":\"\",\"contentUrl\":\"\",\"caption\":\"Atana\"},\"image\":{\"@id\":\"https:\/\/atana.pl\/#\/schema\/logo\/image\/\"},\"sameAs\":[\"https:\/\/www.facebook.com\/atanayachts\",\"https:\/\/www.instagram.com\/atanaboats\/\",\"https:\/\/www.youtube.com\/channel\/UClMMmVqqx17in9QzgxK90Mw\"]}]}<\/script>\n<!-- \/ Yoast SEO plugin. -->","yoast_head_json":{"title":"Przeno\u015bna pompa z\u0119zowa 3 x R20 - Atana","description":"Mobilna pompa z\u0119zowa 250 GPH zasilana na baterie R20. Idealna do kajak\u00f3w, ponton\u00f3w, \u017cagl\u00f3wek i ma\u0142ych \u0142odzi. Bez monta\u017cu. Wydajna i wygodna.","robots":{"index":"index","follow":"follow","max-snippet":"max-snippet:-1","max-image-preview":"max-image-preview:large","max-video-preview":"max-video-preview:-1"},"canonical":"https:\/\/atana.pl\/en\/online-shop\/trac\/przenosna-pompa-zezowa-3-x-r20\/","og_locale":"en_GB","og_type":"article","og_title":"Przeno\u015bna pompa z\u0119zowa 3 x R20 - Atana","og_description":"Mobilna pompa z\u0119zowa 250 GPH zasilana na baterie R20. Idealna do kajak\u00f3w, ponton\u00f3w, \u017cagl\u00f3wek i ma\u0142ych \u0142odzi. Bez monta\u017cu. Wydajna i wygodna.","og_url":"https:\/\/atana.pl\/en\/online-shop\/trac\/przenosna-pompa-zezowa-3-x-r20\/","og_site_name":"Atana","article_publisher":"https:\/\/www.facebook.com\/atanayachts","article_modified_time":"2025-04-03T12:33:17+00:00","og_image":[{"width":900,"height":900,"url":"https:\/\/atana.pl\/wp-content\/uploads\/2024\/04\/69341_out_a-Z.jpg","type":"image\/jpeg"}],"twitter_card":"summary_large_image","twitter_misc":{"Estimated reading time":"1 minute"},"schema":{"@context":"https:\/\/schema.org","@graph":[{"@type":"WebPage","@id":"https:\/\/atana.pl\/sklep-on-line\/trac\/przenosna-pompa-zezowa-3-x-r20\/","url":"https:\/\/atana.pl\/sklep-on-line\/trac\/przenosna-pompa-zezowa-3-x-r20\/","name":"Przeno\u015bna pompa z\u0119zowa 3 x R20 - Atana","isPartOf":{"@id":"https:\/\/atana.pl\/#website"},"primaryImageOfPage":{"@id":"https:\/\/atana.pl\/sklep-on-line\/trac\/przenosna-pompa-zezowa-3-x-r20\/#primaryimage"},"image":{"@id":"https:\/\/atana.pl\/sklep-on-line\/trac\/przenosna-pompa-zezowa-3-x-r20\/#primaryimage"},"thumbnailUrl":"https:\/\/atana.pl\/wp-content\/uploads\/2024\/04\/69341_out_a-Z.jpg","datePublished":"2014-01-27T11:16:38+00:00","dateModified":"2025-04-03T12:33:17+00:00","description":"Mobilna pompa z\u0119zowa 250 GPH zasilana na baterie R20. Idealna do kajak\u00f3w, ponton\u00f3w, \u017cagl\u00f3wek i ma\u0142ych \u0142odzi. Bez monta\u017cu. Wydajna i wygodna.","breadcrumb":{"@id":"https:\/\/atana.pl\/sklep-on-line\/trac\/przenosna-pompa-zezowa-3-x-r20\/#breadcrumb"},"inLanguage":"en-GB","potentialAction":[{"@type":"ReadAction","target":["https:\/\/atana.pl\/sklep-on-line\/trac\/przenosna-pompa-zezowa-3-x-r20\/"]}]},{"@type":"ImageObject","inLanguage":"en-GB","@id":"https:\/\/atana.pl\/sklep-on-line\/trac\/przenosna-pompa-zezowa-3-x-r20\/#primaryimage","url":"https:\/\/atana.pl\/wp-content\/uploads\/2024\/04\/69341_out_a-Z.jpg","contentUrl":"https:\/\/atana.pl\/wp-content\/uploads\/2024\/04\/69341_out_a-Z.jpg","width":900,"height":900,"caption":"Przeno\u015bna pompa z\u0119zowa 3 x R20"},{"@type":"BreadcrumbList","@id":"https:\/\/atana.pl\/sklep-on-line\/trac\/przenosna-pompa-zezowa-3-x-r20\/#breadcrumb","itemListElement":[{"@type":"ListItem","position":1,"name":"Strona g\u0142\u00f3wna","item":"https:\/\/atana.pl\/"},{"@type":"ListItem","position":2,"name":"Sklep on-line","item":"https:\/\/atana.pl\/sklep-on-line\/"},{"@type":"ListItem","position":3,"name":"Przeno\u015bna pompa z\u0119zowa 3 x R20"}]},{"@type":"WebSite","@id":"https:\/\/atana.pl\/#website","url":"https:\/\/atana.pl\/","name":"Atana","description":"Akcesoria do \u0142odzi, kamper\u00f3w i przyczep. \u0141odzie motorowe","publisher":{"@id":"https:\/\/atana.pl\/#organization"},"potentialAction":[{"@type":"SearchAction","target":{"@type":"EntryPoint","urlTemplate":"https:\/\/atana.pl\/?s={search_term_string}"},"query-input":{"@type":"PropertyValueSpecification","valueRequired":true,"valueName":"search_term_string"}}],"inLanguage":"en-GB"},{"@type":"Organization","@id":"https:\/\/atana.pl\/#organization","name":"Atana","url":"https:\/\/atana.pl\/","logo":{"@type":"ImageObject","inLanguage":"en-GB","@id":"https:\/\/atana.pl\/#\/schema\/logo\/image\/","url":"","contentUrl":"","caption":"Atana"},"image":{"@id":"https:\/\/atana.pl\/#\/schema\/logo\/image\/"},"sameAs":["https:\/\/www.facebook.com\/atanayachts","https:\/\/www.instagram.com\/atanaboats\/","https:\/\/www.youtube.com\/channel\/UClMMmVqqx17in9QzgxK90Mw"]}]}},"_links":{"self":[{"href":"https:\/\/atana.pl\/en\/wp-json\/wp\/v2\/product\/5520","targetHints":{"allow":["GET"]}}],"collection":[{"href":"https:\/\/atana.pl\/en\/wp-json\/wp\/v2\/product"}],"about":[{"href":"https:\/\/atana.pl\/en\/wp-json\/wp\/v2\/types\/product"}],"wp:featuredmedia":[{"embeddable":true,"href":"https:\/\/atana.pl\/en\/wp-json\/wp\/v2\/media\/4190"}],"wp:attachment":[{"href":"https:\/\/atana.pl\/en\/wp-json\/wp\/v2\/media?parent=5520"}],"wp:term":[{"taxonomy":"product_brand","embeddable":true,"href":"https:\/\/atana.pl\/en\/wp-json\/wp\/v2\/product_brand?post=5520"},{"taxonomy":"product_cat","embeddable":true,"href":"https:\/\/atana.pl\/en\/wp-json\/wp\/v2\/product_cat?post=5520"},{"taxonomy":"product_tag","embeddable":true,"href":"https:\/\/atana.pl\/en\/wp-json\/wp\/v2\/product_tag?post=5520"}],"curies":[{"name":"wp","href":"https:\/\/api.w.org\/{rel}","templated":true}]}}