{"id":5465,"date":"2019-01-27T12:16:36","date_gmt":"2019-01-27T11:16:36","guid":{"rendered":"https:\/\/atana.pl\/sklep-on-line\/plywak-wlacznik-12v-20a\/"},"modified":"2025-04-03T14:35:14","modified_gmt":"2025-04-03T12:35:14","slug":"plywak-wlacznik-12v-20a","status":"publish","type":"product","link":"https:\/\/atana.pl\/en\/online-shop\/trac\/plywak-wlacznik-12v-20a\/","title":{"rendered":"Float switch 12V\/20A"},"content":{"rendered":"<h2 data-pm-slice=\"1 1 []\">\ud83c\udf0a P\u0142ywak \u2013 w\u0142\u0105cznik automatyczny do pomp z\u0119zowych TRAC<\/h2>\n<p><strong>P\u0142ywak TRAC<\/strong> to automatyczny w\u0142\u0105cznik pompy z\u0119zowej, kt\u00f3ry uruchamia pomp\u0119 w momencie wzrostu poziomu wody. To proste i skuteczne rozwi\u0105zanie pozwala na <strong>bezobs\u0142ugowe dzia\u0142anie systemu odwadniania<\/strong>, chroni\u0105c jednostk\u0119 przed zalaniem i utrzymuj\u0105c z\u0119z\u0119 w odpowiednim stanie.<\/p>\n<p>\ud83c\udf21\ufe0f P\u0142ywak charakteryzuje si\u0119 kompaktow\u0105 konstrukcj\u0105, mo\u017cliwo\u015bci\u0105 \u0142atwego czyszczenia oraz niezawodnym mechanizmem w\u0142\u0105czania pompy.<\/p>\n<p>\ud83d\udd0b Zasilanie i dzia\u0142anie zale\u017cne od podpi\u0119tej pompy. Zalecany do stosowania z:<\/p>\n<p>\ud83d\udca7 <a href=\"https:\/\/atana.pl\/en\/online-shop\/trac\/pompa-zezowa-trac-600-gph\/\"><strong>Bilge pump TRAC 600 GPH<\/strong> (SKU: 69300)<\/a><\/p>\n<p>\ud83d\udca7 <a href=\"https:\/\/atana.pl\/en\/online-shop\/trac\/pompa-zezowa-trac-800-1100-gph\/\"><strong>Bilge pump TRAC 800\/1100 GPH<\/strong> (SKU: 69301)<\/a><\/p>\n<p><a href=\"https:\/\/www.trac.net.pl\/pompy\/\" target=\"_blank\" rel=\"noopener\">\u2139\ufe0f\u00a0 Czytaj wi\u0119cej o wszystkich pompach TRAC&#8230;<\/a><\/p>\n<p>\ud83d\udee1\ufe0f Gwarancja: 2 lata<\/p>","protected":false},"excerpt":{"rendered":"<ul>\n<li data-pm-slice=\"1 1 []\">Automatyczny p\u0142ywak do pomp z\u0119zowych.<\/li>\n<li data-pm-slice=\"1 1 []\">Uruchamia pomp\u0119 przy wzro\u015bcie poziomu wody.<\/li>\n<li data-pm-slice=\"1 1 []\">Kompaktowy, niezawodny, gwarancja 2 lata.<\/li>\n<\/ul>","protected":false},"featured_media":4137,"template":"","meta":{"_acf_changed":false},"product_brand":[],"product_cat":[112,102],"product_tag":[531,529,528,525,530,523,465,527,526,524],"class_list":{"0":"post-5465","1":"product","2":"type-product","3":"status-publish","4":"has-post-thumbnail","6":"product_cat-pompy","7":"product_cat-trac","8":"product_tag-automatyczne-odpompowywanie","9":"product_tag-czujnik-poziomu-wody","10":"product_tag-odwadnianie-lodzi","11":"product_tag-plywak-do-pompy","12":"product_tag-plywak-pompa","13":"product_tag-plywak-trac","14":"product_tag-pompa-zezowa","15":"product_tag-trac-1100-gph","16":"product_tag-trac-600-gph","17":"product_tag-wlacznik-automatyczny","19":"first","20":"instock","21":"taxable","22":"shipping-taxable","23":"purchasable","24":"product-type-simple"},"acf":[],"yoast_head":"<!-- This site is optimized with the Yoast SEO plugin v25.2 - https:\/\/yoast.com\/wordpress\/plugins\/seo\/ -->\n<title>P\u0142ywak - w\u0142\u0105cznik 12V\/20A - Atana<\/title>\n<meta name=\"description\" content=\"Automatyczny p\u0142ywak do pomp z\u0119zowych TRAC 600 i 1100 GPH. Uruchamia pomp\u0119 przy podniesieniu poziomu wody. Prosty w czyszczeniu. Gwarancja 2 lata.\" \/>\n<meta name=\"robots\" content=\"index, follow, max-snippet:-1, max-image-preview:large, max-video-preview:-1\" \/>\n<link rel=\"canonical\" href=\"https:\/\/atana.pl\/en\/online-shop\/trac\/plywak-wlacznik-12v-20a\/\" \/>\n<meta property=\"og:locale\" content=\"en_GB\" \/>\n<meta property=\"og:type\" content=\"article\" \/>\n<meta property=\"og:title\" content=\"P\u0142ywak - w\u0142\u0105cznik 12V\/20A - Atana\" \/>\n<meta property=\"og:description\" content=\"Automatyczny p\u0142ywak do pomp z\u0119zowych TRAC 600 i 1100 GPH. Uruchamia pomp\u0119 przy podniesieniu poziomu wody. Prosty w czyszczeniu. Gwarancja 2 lata.\" \/>\n<meta property=\"og:url\" content=\"https:\/\/atana.pl\/en\/online-shop\/trac\/plywak-wlacznik-12v-20a\/\" \/>\n<meta property=\"og:site_name\" content=\"Atana\" \/>\n<meta property=\"article:publisher\" content=\"https:\/\/www.facebook.com\/atanayachts\" \/>\n<meta property=\"article:modified_time\" content=\"2025-04-03T12:35:14+00:00\" \/>\n<meta property=\"og:image\" content=\"https:\/\/atana.pl\/wp-content\/uploads\/2024\/04\/69330_4-Z.jpg\" \/>\n\t<meta property=\"og:image:width\" content=\"900\" \/>\n\t<meta property=\"og:image:height\" content=\"900\" \/>\n\t<meta property=\"og:image:type\" content=\"image\/jpeg\" \/>\n<meta name=\"twitter:card\" content=\"summary_large_image\" \/>\n<meta name=\"twitter:label1\" content=\"Estimated reading time\" \/>\n\t<meta name=\"twitter:data1\" content=\"1 minute\" \/>\n<script type=\"application\/ld+json\" class=\"yoast-schema-graph\">{\"@context\":\"https:\/\/schema.org\",\"@graph\":[{\"@type\":\"WebPage\",\"@id\":\"https:\/\/atana.pl\/sklep-on-line\/trac\/plywak-wlacznik-12v-20a\/\",\"url\":\"https:\/\/atana.pl\/sklep-on-line\/trac\/plywak-wlacznik-12v-20a\/\",\"name\":\"P\u0142ywak - w\u0142\u0105cznik 12V\/20A - Atana\",\"isPartOf\":{\"@id\":\"https:\/\/atana.pl\/#website\"},\"primaryImageOfPage\":{\"@id\":\"https:\/\/atana.pl\/sklep-on-line\/trac\/plywak-wlacznik-12v-20a\/#primaryimage\"},\"image\":{\"@id\":\"https:\/\/atana.pl\/sklep-on-line\/trac\/plywak-wlacznik-12v-20a\/#primaryimage\"},\"thumbnailUrl\":\"https:\/\/atana.pl\/wp-content\/uploads\/2024\/04\/69330_4-Z.jpg\",\"datePublished\":\"2019-01-27T11:16:36+00:00\",\"dateModified\":\"2025-04-03T12:35:14+00:00\",\"description\":\"Automatyczny p\u0142ywak do pomp z\u0119zowych TRAC 600 i 1100 GPH. Uruchamia pomp\u0119 przy podniesieniu poziomu wody. Prosty w czyszczeniu. Gwarancja 2 lata.\",\"breadcrumb\":{\"@id\":\"https:\/\/atana.pl\/sklep-on-line\/trac\/plywak-wlacznik-12v-20a\/#breadcrumb\"},\"inLanguage\":\"en-GB\",\"potentialAction\":[{\"@type\":\"ReadAction\",\"target\":[\"https:\/\/atana.pl\/sklep-on-line\/trac\/plywak-wlacznik-12v-20a\/\"]}]},{\"@type\":\"ImageObject\",\"inLanguage\":\"en-GB\",\"@id\":\"https:\/\/atana.pl\/sklep-on-line\/trac\/plywak-wlacznik-12v-20a\/#primaryimage\",\"url\":\"https:\/\/atana.pl\/wp-content\/uploads\/2024\/04\/69330_4-Z.jpg\",\"contentUrl\":\"https:\/\/atana.pl\/wp-content\/uploads\/2024\/04\/69330_4-Z.jpg\",\"width\":900,\"height\":900,\"caption\":\"P\u0142ywak &#8211; w\u0142\u0105cznik 12V\/20A\"},{\"@type\":\"BreadcrumbList\",\"@id\":\"https:\/\/atana.pl\/sklep-on-line\/trac\/plywak-wlacznik-12v-20a\/#breadcrumb\",\"itemListElement\":[{\"@type\":\"ListItem\",\"position\":1,\"name\":\"Strona g\u0142\u00f3wna\",\"item\":\"https:\/\/atana.pl\/\"},{\"@type\":\"ListItem\",\"position\":2,\"name\":\"Sklep on-line\",\"item\":\"https:\/\/atana.pl\/sklep-on-line\/\"},{\"@type\":\"ListItem\",\"position\":3,\"name\":\"P\u0142ywak &#8211; w\u0142\u0105cznik 12V\/20A\"}]},{\"@type\":\"WebSite\",\"@id\":\"https:\/\/atana.pl\/#website\",\"url\":\"https:\/\/atana.pl\/\",\"name\":\"Atana\",\"description\":\"Akcesoria do \u0142odzi, kamper\u00f3w i przyczep. \u0141odzie motorowe\",\"publisher\":{\"@id\":\"https:\/\/atana.pl\/#organization\"},\"potentialAction\":[{\"@type\":\"SearchAction\",\"target\":{\"@type\":\"EntryPoint\",\"urlTemplate\":\"https:\/\/atana.pl\/?s={search_term_string}\"},\"query-input\":{\"@type\":\"PropertyValueSpecification\",\"valueRequired\":true,\"valueName\":\"search_term_string\"}}],\"inLanguage\":\"en-GB\"},{\"@type\":\"Organization\",\"@id\":\"https:\/\/atana.pl\/#organization\",\"name\":\"Atana\",\"url\":\"https:\/\/atana.pl\/\",\"logo\":{\"@type\":\"ImageObject\",\"inLanguage\":\"en-GB\",\"@id\":\"https:\/\/atana.pl\/#\/schema\/logo\/image\/\",\"url\":\"\",\"contentUrl\":\"\",\"caption\":\"Atana\"},\"image\":{\"@id\":\"https:\/\/atana.pl\/#\/schema\/logo\/image\/\"},\"sameAs\":[\"https:\/\/www.facebook.com\/atanayachts\",\"https:\/\/www.instagram.com\/atanaboats\/\",\"https:\/\/www.youtube.com\/channel\/UClMMmVqqx17in9QzgxK90Mw\"]}]}<\/script>\n<!-- \/ Yoast SEO plugin. -->","yoast_head_json":{"title":"P\u0142ywak - w\u0142\u0105cznik 12V\/20A - Atana","description":"Automatyczny p\u0142ywak do pomp z\u0119zowych TRAC 600 i 1100 GPH. Uruchamia pomp\u0119 przy podniesieniu poziomu wody. Prosty w czyszczeniu. Gwarancja 2 lata.","robots":{"index":"index","follow":"follow","max-snippet":"max-snippet:-1","max-image-preview":"max-image-preview:large","max-video-preview":"max-video-preview:-1"},"canonical":"https:\/\/atana.pl\/en\/online-shop\/trac\/plywak-wlacznik-12v-20a\/","og_locale":"en_GB","og_type":"article","og_title":"P\u0142ywak - w\u0142\u0105cznik 12V\/20A - Atana","og_description":"Automatyczny p\u0142ywak do pomp z\u0119zowych TRAC 600 i 1100 GPH. Uruchamia pomp\u0119 przy podniesieniu poziomu wody. Prosty w czyszczeniu. Gwarancja 2 lata.","og_url":"https:\/\/atana.pl\/en\/online-shop\/trac\/plywak-wlacznik-12v-20a\/","og_site_name":"Atana","article_publisher":"https:\/\/www.facebook.com\/atanayachts","article_modified_time":"2025-04-03T12:35:14+00:00","og_image":[{"width":900,"height":900,"url":"https:\/\/atana.pl\/wp-content\/uploads\/2024\/04\/69330_4-Z.jpg","type":"image\/jpeg"}],"twitter_card":"summary_large_image","twitter_misc":{"Estimated reading time":"1 minute"},"schema":{"@context":"https:\/\/schema.org","@graph":[{"@type":"WebPage","@id":"https:\/\/atana.pl\/sklep-on-line\/trac\/plywak-wlacznik-12v-20a\/","url":"https:\/\/atana.pl\/sklep-on-line\/trac\/plywak-wlacznik-12v-20a\/","name":"P\u0142ywak - w\u0142\u0105cznik 12V\/20A - Atana","isPartOf":{"@id":"https:\/\/atana.pl\/#website"},"primaryImageOfPage":{"@id":"https:\/\/atana.pl\/sklep-on-line\/trac\/plywak-wlacznik-12v-20a\/#primaryimage"},"image":{"@id":"https:\/\/atana.pl\/sklep-on-line\/trac\/plywak-wlacznik-12v-20a\/#primaryimage"},"thumbnailUrl":"https:\/\/atana.pl\/wp-content\/uploads\/2024\/04\/69330_4-Z.jpg","datePublished":"2019-01-27T11:16:36+00:00","dateModified":"2025-04-03T12:35:14+00:00","description":"Automatyczny p\u0142ywak do pomp z\u0119zowych TRAC 600 i 1100 GPH. Uruchamia pomp\u0119 przy podniesieniu poziomu wody. Prosty w czyszczeniu. Gwarancja 2 lata.","breadcrumb":{"@id":"https:\/\/atana.pl\/sklep-on-line\/trac\/plywak-wlacznik-12v-20a\/#breadcrumb"},"inLanguage":"en-GB","potentialAction":[{"@type":"ReadAction","target":["https:\/\/atana.pl\/sklep-on-line\/trac\/plywak-wlacznik-12v-20a\/"]}]},{"@type":"ImageObject","inLanguage":"en-GB","@id":"https:\/\/atana.pl\/sklep-on-line\/trac\/plywak-wlacznik-12v-20a\/#primaryimage","url":"https:\/\/atana.pl\/wp-content\/uploads\/2024\/04\/69330_4-Z.jpg","contentUrl":"https:\/\/atana.pl\/wp-content\/uploads\/2024\/04\/69330_4-Z.jpg","width":900,"height":900,"caption":"P\u0142ywak &#8211; w\u0142\u0105cznik 12V\/20A"},{"@type":"BreadcrumbList","@id":"https:\/\/atana.pl\/sklep-on-line\/trac\/plywak-wlacznik-12v-20a\/#breadcrumb","itemListElement":[{"@type":"ListItem","position":1,"name":"Strona g\u0142\u00f3wna","item":"https:\/\/atana.pl\/"},{"@type":"ListItem","position":2,"name":"Sklep on-line","item":"https:\/\/atana.pl\/sklep-on-line\/"},{"@type":"ListItem","position":3,"name":"P\u0142ywak &#8211; w\u0142\u0105cznik 12V\/20A"}]},{"@type":"WebSite","@id":"https:\/\/atana.pl\/#website","url":"https:\/\/atana.pl\/","name":"Atana","description":"Akcesoria do \u0142odzi, kamper\u00f3w i przyczep. \u0141odzie motorowe","publisher":{"@id":"https:\/\/atana.pl\/#organization"},"potentialAction":[{"@type":"SearchAction","target":{"@type":"EntryPoint","urlTemplate":"https:\/\/atana.pl\/?s={search_term_string}"},"query-input":{"@type":"PropertyValueSpecification","valueRequired":true,"valueName":"search_term_string"}}],"inLanguage":"en-GB"},{"@type":"Organization","@id":"https:\/\/atana.pl\/#organization","name":"Atana","url":"https:\/\/atana.pl\/","logo":{"@type":"ImageObject","inLanguage":"en-GB","@id":"https:\/\/atana.pl\/#\/schema\/logo\/image\/","url":"","contentUrl":"","caption":"Atana"},"image":{"@id":"https:\/\/atana.pl\/#\/schema\/logo\/image\/"},"sameAs":["https:\/\/www.facebook.com\/atanayachts","https:\/\/www.instagram.com\/atanaboats\/","https:\/\/www.youtube.com\/channel\/UClMMmVqqx17in9QzgxK90Mw"]}]}},"_links":{"self":[{"href":"https:\/\/atana.pl\/en\/wp-json\/wp\/v2\/product\/5465","targetHints":{"allow":["GET"]}}],"collection":[{"href":"https:\/\/atana.pl\/en\/wp-json\/wp\/v2\/product"}],"about":[{"href":"https:\/\/atana.pl\/en\/wp-json\/wp\/v2\/types\/product"}],"wp:featuredmedia":[{"embeddable":true,"href":"https:\/\/atana.pl\/en\/wp-json\/wp\/v2\/media\/4137"}],"wp:attachment":[{"href":"https:\/\/atana.pl\/en\/wp-json\/wp\/v2\/media?parent=5465"}],"wp:term":[{"taxonomy":"product_brand","embeddable":true,"href":"https:\/\/atana.pl\/en\/wp-json\/wp\/v2\/product_brand?post=5465"},{"taxonomy":"product_cat","embeddable":true,"href":"https:\/\/atana.pl\/en\/wp-json\/wp\/v2\/product_cat?post=5465"},{"taxonomy":"product_tag","embeddable":true,"href":"https:\/\/atana.pl\/en\/wp-json\/wp\/v2\/product_tag?post=5465"}],"curies":[{"name":"wp","href":"https:\/\/api.w.org\/{rel}","templated":true}]}}