{"id":5437,"date":"1988-01-27T12:16:35","date_gmt":"1988-01-27T11:16:35","guid":{"rendered":"https:\/\/atana.pl\/sklep-on-line\/kotwica-bruce-ocynkowana-15-kg\/"},"modified":"2025-04-22T16:41:23","modified_gmt":"2025-04-22T14:41:23","slug":"kotwica-bruce-ocynkowana-15-kg","status":"publish","type":"product","link":"https:\/\/atana.pl\/en\/online-shop\/lifts_accessories\/kotwice\/kotwica-bruce-ocynkowana-15-kg\/","title":{"rendered":"Bruce galvanised anchor - 15 kg"},"content":{"rendered":"<h3 class=\"\" data-start=\"125\" data-end=\"196\">\u2693 Kotwica Bruce 15 kg \u2013 maksymalne trzymanie na ka\u017cdym rodzaju dna<\/h3>\n<p class=\"\" data-start=\"198\" data-end=\"479\"><strong data-start=\"198\" data-end=\"222\">Kotwica Bruce-a 15 kg<\/strong>, znana r\u00f3wnie\u017c jako <strong data-start=\"243\" data-end=\"262\">kotwica p\u0142ugowa<\/strong>, to wyj\u0105tkowo solidny model stworzony z <strong data-start=\"303\" data-end=\"328\">jednego kawa\u0142ka stali<\/strong> i <strong data-start=\"331\" data-end=\"364\">ca\u0142kowicie ocynkowany ogniowo<\/strong>, co gwarantuje wysok\u0105 odporno\u015b\u0107 na korozj\u0119 i d\u0142ugowieczno\u015b\u0107, nawet przy intensywnym u\u017cytkowaniu w wodach morskich.<\/p>\n<p class=\"\" data-start=\"481\" data-end=\"862\">Konstrukcja kotwicy pozwala jej <strong data-start=\"513\" data-end=\"571\">natychmiast zakotwiczy\u0107 si\u0119 na niemal ka\u017cdym typie dna<\/strong> \u2013 od piasku, przez b\u0142oto, a\u017c po ska\u0142y i rafy koralowe. Dzi\u0119ki temu jest jednym z najbardziej zaufanych rozwi\u0105za\u0144 dla w\u0142a\u015bcicieli jacht\u00f3w, \u0142odzi i ponton\u00f3w. Kotwica Bruce \u015bwietnie sprawdza si\u0119 r\u00f3wnie\u017c z <strong data-start=\"774\" data-end=\"795\">kr\u00f3tkim \u0142a\u0144cuchem<\/strong>, a dla jeszcze wi\u0119kszej si\u0142y trzymania zaleca si\u0119 jego doci\u0105\u017cenie.<\/p>\n<p class=\"\" data-start=\"864\" data-end=\"1009\">Wyposa\u017cona jest w <strong data-start=\"882\" data-end=\"935\">otwory do pod\u0142\u0105czenia liny, \u0142a\u0144cucha lub kr\u0119tlika<\/strong>, a tak\u017ce miejsce na bojrep \u2013 wszystko dla Twojej wygody i bezpiecze\u0144stwa.<\/p>\n<p data-start=\"643\" data-end=\"869\">Kotwica mo\u017ce by\u0107 obs\u0142ugiwana r\u0119cznie. Zalecane rolki kotwiczne:<\/p>\n<p>\u00a0 \u00a0\u00a0 \u00a0<img decoding=\"async\" class=\"alignnone wp-image-5318\" title=\"RKP305_1\" src=\"https:\/\/atana.pl\/wp-content\/uploads\/2024\/11\/RKU355_1-300x300.png\" alt=\"\" width=\"80\" height=\"80\" srcset=\"https:\/\/atana.pl\/wp-content\/uploads\/2024\/11\/RKU355_1-300x300.png 300w, https:\/\/atana.pl\/wp-content\/uploads\/2024\/11\/RKU355_1-1024x1024.png 1024w, https:\/\/atana.pl\/wp-content\/uploads\/2024\/11\/RKU355_1-150x150.png 150w, https:\/\/atana.pl\/wp-content\/uploads\/2024\/11\/RKU355_1-768x768.png 768w, https:\/\/atana.pl\/wp-content\/uploads\/2024\/11\/RKU355_1-1536x1536.png 1536w, https:\/\/atana.pl\/wp-content\/uploads\/2024\/11\/RKU355_1-600x600.png 600w, https:\/\/atana.pl\/wp-content\/uploads\/2024\/11\/RKU355_1-100x100.png 100w, https:\/\/atana.pl\/wp-content\/uploads\/2024\/11\/RKU355_1-64x64.png 64w, https:\/\/atana.pl\/wp-content\/uploads\/2024\/11\/RKU355_1.png 2000w\" sizes=\"(max-width: 80px) 100vw, 80px\" \/><\/p>\n<h4 data-start=\"643\" data-end=\"869\">Lub pracowa\u0107 w po\u0142\u0105czeniu z\u00a0 Wind\u0105 kotwiczn\u0105 TRAC:<\/h4>\n<h4 data-start=\"643\" data-end=\"869\">\u2714\ufe0f <a href=\"https:\/\/atana.pl\/en\/online-shop\/lifts_accessories\/lifts\/trac-pontoon-35\/\">Pontoon 35<\/a><br \/>\n\u2714\ufe0f <a href=\"https:\/\/atana.pl\/en\/online-shop\/lifts_accessories\/lifts\/trac-angler-30-autodeploy\/\">Angler 30 Auto Deploy<\/a><br \/>\n\u2714\ufe0f<a href=\"https:\/\/atana.pl\/en\/online-shop\/lifts_accessories\/lifts\/trac-deckboat-40-autodeploy\/\"> Deckboat 40 Auto Deploy<\/a><br \/>\n\u2714\ufe0f<a href=\"https:\/\/atana.pl\/en\/online-shop\/lifts_accessories\/lifts\/trac-seaside-40-autodeploy\/\"> SeaSide 40 Auto Deploy<\/a><\/h4>\n<hr class=\"\" data-start=\"1011\" data-end=\"1014\" \/>\n<h3 class=\"\" data-start=\"1016\" data-end=\"1065\">\u2705 Dlaczego warto wybra\u0107 kotwic\u0119 Bruce 15 kg?<\/h3>\n<ul data-start=\"1067\" data-end=\"1451\">\n<li class=\"\" data-start=\"1067\" data-end=\"1141\">\n<p class=\"\" data-start=\"1069\" data-end=\"1141\">Stal jednocz\u0119\u015bciowa \u2013 maksymalna wytrzyma\u0142o\u015b\u0107 i brak s\u0142abych punkt\u00f3w<\/p>\n<\/li>\n<li class=\"\" data-start=\"1142\" data-end=\"1212\">\n<p class=\"\" data-start=\"1144\" data-end=\"1212\">Ocynkowanie ogniowe \u2013 ochrona przed korozj\u0105 w \u015brodowisku morskim<\/p>\n<\/li>\n<li class=\"\" data-start=\"1213\" data-end=\"1267\">\n<p class=\"\" data-start=\"1215\" data-end=\"1267\">Szybkie i skuteczne zakotwiczenie na ka\u017cdym dnie<\/p>\n<\/li>\n<li class=\"\" data-start=\"1268\" data-end=\"1320\">\n<p class=\"\" data-start=\"1270\" data-end=\"1320\">Kompatybilno\u015b\u0107 z linami, kr\u0119tlikami, bojrepami<\/p>\n<\/li>\n<li class=\"\" data-start=\"1321\" data-end=\"1399\">\n<p class=\"\" data-start=\"1323\" data-end=\"1399\">Dzia\u0142a nawet przy kr\u00f3tkim \u0142a\u0144cuchu \u2013 idealna na ma\u0142e i \u015brednie jednostki<\/p>\n<\/li>\n<li class=\"\" data-start=\"1400\" data-end=\"1451\">\n<p class=\"\" data-start=\"1402\" data-end=\"1451\">Najwy\u017cszy poziom bezpiecze\u0144stwa i niezawodno\u015bci<\/p>\n<\/li>\n<\/ul>\n<hr class=\"\" data-start=\"1898\" data-end=\"1901\" \/>\n<h3 class=\"\" data-start=\"1903\" data-end=\"1930\">\ud83d\udee1\ufe0f Gwarancja i obs\u0142uga<\/h3>\n<p class=\"\" data-start=\"1932\" data-end=\"2107\">\u2714\ufe0f Gwarancja 2 lata<br data-start=\"1951\" data-end=\"1954\" \/>\u2714\ufe0f Profesjonalne doradztwo przy doborze kotwicy i akcesori\u00f3w<br data-start=\"2014\" data-end=\"2017\" \/>\u2714\ufe0f Szybka wysy\u0142ka \u2013 realizacja zam\u00f3wienia w 24h<br data-start=\"2064\" data-end=\"2067\" \/>\u2714\ufe0f Serwis i dost\u0119pno\u015b\u0107 cz\u0119\u015bci zamiennych<\/p>\n<hr class=\"\" data-start=\"2109\" data-end=\"2112\" \/>\n<h3 class=\"\" data-start=\"2114\" data-end=\"2133\">\ud83d\udedf Podsumowanie<\/h3>\n<p class=\"\" data-start=\"2135\" data-end=\"2432\"><strong data-start=\"2135\" data-end=\"2159\">Kotwica Bruce-a 15 kg<\/strong> to sprz\u0119t, kt\u00f3ry nie zawiedzie Ci\u0119 w \u017cadnych warunkach. Jej niezawodno\u015b\u0107, uniwersalno\u015b\u0107 i odporno\u015b\u0107 na korozj\u0119 sprawiaj\u0105, \u017ce to idealny wyb\u00f3r na wszelkie wyprawy wodne. Je\u015bli zale\u017cy Ci na spokojnym cumowaniu i bezpiecze\u0144stwie jednostki \u2013 ten model jest w\u0142a\u015bnie dla Ciebie.<\/p>","protected":false},"excerpt":{"rendered":"<p>Bruce galvanised anchor - 15 kg<\/p>","protected":false},"featured_media":4108,"template":"","meta":{"_acf_changed":false},"product_brand":[],"product_cat":[104,111,102],"product_tag":[958,949,224,159,961,962,954,960,856,959],"class_list":{"0":"post-5437","1":"product","2":"type-product","3":"status-publish","4":"has-post-thumbnail","6":"product_cat-windy_akcesoria","7":"product_cat-kotwice","8":"product_cat-trac","9":"product_tag-kotwica-15-kg","10":"product_tag-kotwica-bruce","11":"product_tag-kotwica-do-jachtu","12":"product_tag-kotwica-do-lodzi","13":"product_tag-kotwica-morska","14":"product_tag-kotwica-na-rafy","15":"product_tag-kotwica-na-skaly","16":"product_tag-kotwica-ocynkowana","17":"product_tag-kotwica-plugowa","18":"product_tag-kotwica-stalowa","20":"first","21":"instock","22":"taxable","23":"shipping-taxable","24":"purchasable","25":"product-type-simple"},"acf":[],"yoast_head":"<!-- This site is optimized with the Yoast SEO plugin v25.2 - https:\/\/yoast.com\/wordpress\/plugins\/seo\/ -->\n<title>Kotwica Bruce ocynkowana - 15 kg - Atana<\/title>\n<meta name=\"description\" content=\"Kotwica Brucea 15 kg \u2013 p\u0142ugowa, stalowa i ocynkowana ogniowo. Skutecznie zakotwicza na ka\u017cdym dnie. Uniwersalne zastosowanie do jacht\u00f3w, \u0142odzi i ponton\u00f3w.\" \/>\n<meta name=\"robots\" content=\"index, follow, max-snippet:-1, max-image-preview:large, max-video-preview:-1\" \/>\n<link rel=\"canonical\" href=\"https:\/\/atana.pl\/en\/online-shop\/lifts_accessories\/kotwice\/kotwica-bruce-ocynkowana-15-kg\/\" \/>\n<meta property=\"og:locale\" content=\"en_GB\" \/>\n<meta property=\"og:type\" content=\"article\" \/>\n<meta property=\"og:title\" content=\"Kotwica Bruce ocynkowana - 15 kg - Atana\" \/>\n<meta property=\"og:description\" content=\"Kotwica Brucea 15 kg \u2013 p\u0142ugowa, stalowa i ocynkowana ogniowo. Skutecznie zakotwicza na ka\u017cdym dnie. Uniwersalne zastosowanie do jacht\u00f3w, \u0142odzi i ponton\u00f3w.\" \/>\n<meta property=\"og:url\" content=\"https:\/\/atana.pl\/en\/online-shop\/lifts_accessories\/kotwice\/kotwica-bruce-ocynkowana-15-kg\/\" \/>\n<meta property=\"og:site_name\" content=\"Atana\" \/>\n<meta property=\"article:publisher\" content=\"https:\/\/www.facebook.com\/atanayachts\" \/>\n<meta property=\"article:modified_time\" content=\"2025-04-22T14:41:23+00:00\" \/>\n<meta property=\"og:image\" content=\"https:\/\/atana.pl\/wp-content\/uploads\/2024\/04\/Kotwica-Bruce_15kg_1.jpg\" \/>\n\t<meta property=\"og:image:width\" content=\"600\" \/>\n\t<meta property=\"og:image:height\" content=\"430\" \/>\n\t<meta property=\"og:image:type\" content=\"image\/jpeg\" \/>\n<meta name=\"twitter:card\" content=\"summary_large_image\" \/>\n<meta name=\"twitter:label1\" content=\"Estimated reading time\" \/>\n\t<meta name=\"twitter:data1\" content=\"2 minutes\" \/>\n<script type=\"application\/ld+json\" class=\"yoast-schema-graph\">{\"@context\":\"https:\/\/schema.org\",\"@graph\":[{\"@type\":\"WebPage\",\"@id\":\"https:\/\/atana.pl\/sklep-on-line\/windy_akcesoria\/kotwice\/kotwica-bruce-ocynkowana-15-kg\/\",\"url\":\"https:\/\/atana.pl\/sklep-on-line\/windy_akcesoria\/kotwice\/kotwica-bruce-ocynkowana-15-kg\/\",\"name\":\"Kotwica Bruce ocynkowana - 15 kg - Atana\",\"isPartOf\":{\"@id\":\"https:\/\/atana.pl\/#website\"},\"primaryImageOfPage\":{\"@id\":\"https:\/\/atana.pl\/sklep-on-line\/windy_akcesoria\/kotwice\/kotwica-bruce-ocynkowana-15-kg\/#primaryimage\"},\"image\":{\"@id\":\"https:\/\/atana.pl\/sklep-on-line\/windy_akcesoria\/kotwice\/kotwica-bruce-ocynkowana-15-kg\/#primaryimage\"},\"thumbnailUrl\":\"https:\/\/atana.pl\/wp-content\/uploads\/2024\/04\/Kotwica-Bruce_15kg_1.jpg\",\"datePublished\":\"1988-01-27T11:16:35+00:00\",\"dateModified\":\"2025-04-22T14:41:23+00:00\",\"description\":\"Kotwica Brucea 15 kg \u2013 p\u0142ugowa, stalowa i ocynkowana ogniowo. Skutecznie zakotwicza na ka\u017cdym dnie. Uniwersalne zastosowanie do jacht\u00f3w, \u0142odzi i ponton\u00f3w.\",\"breadcrumb\":{\"@id\":\"https:\/\/atana.pl\/sklep-on-line\/windy_akcesoria\/kotwice\/kotwica-bruce-ocynkowana-15-kg\/#breadcrumb\"},\"inLanguage\":\"en-GB\",\"potentialAction\":[{\"@type\":\"ReadAction\",\"target\":[\"https:\/\/atana.pl\/sklep-on-line\/windy_akcesoria\/kotwice\/kotwica-bruce-ocynkowana-15-kg\/\"]}]},{\"@type\":\"ImageObject\",\"inLanguage\":\"en-GB\",\"@id\":\"https:\/\/atana.pl\/sklep-on-line\/windy_akcesoria\/kotwice\/kotwica-bruce-ocynkowana-15-kg\/#primaryimage\",\"url\":\"https:\/\/atana.pl\/wp-content\/uploads\/2024\/04\/Kotwica-Bruce_15kg_1.jpg\",\"contentUrl\":\"https:\/\/atana.pl\/wp-content\/uploads\/2024\/04\/Kotwica-Bruce_15kg_1.jpg\",\"width\":600,\"height\":430,\"caption\":\"Kotwica Bruce ocynkowana &#8211; 15 kg\"},{\"@type\":\"BreadcrumbList\",\"@id\":\"https:\/\/atana.pl\/sklep-on-line\/windy_akcesoria\/kotwice\/kotwica-bruce-ocynkowana-15-kg\/#breadcrumb\",\"itemListElement\":[{\"@type\":\"ListItem\",\"position\":1,\"name\":\"Strona g\u0142\u00f3wna\",\"item\":\"https:\/\/atana.pl\/\"},{\"@type\":\"ListItem\",\"position\":2,\"name\":\"Sklep on-line\",\"item\":\"https:\/\/atana.pl\/sklep-on-line\/\"},{\"@type\":\"ListItem\",\"position\":3,\"name\":\"Kotwica Bruce ocynkowana &#8211; 15 kg\"}]},{\"@type\":\"WebSite\",\"@id\":\"https:\/\/atana.pl\/#website\",\"url\":\"https:\/\/atana.pl\/\",\"name\":\"Atana\",\"description\":\"Akcesoria do \u0142odzi, kamper\u00f3w i przyczep. \u0141odzie motorowe\",\"publisher\":{\"@id\":\"https:\/\/atana.pl\/#organization\"},\"potentialAction\":[{\"@type\":\"SearchAction\",\"target\":{\"@type\":\"EntryPoint\",\"urlTemplate\":\"https:\/\/atana.pl\/?s={search_term_string}\"},\"query-input\":{\"@type\":\"PropertyValueSpecification\",\"valueRequired\":true,\"valueName\":\"search_term_string\"}}],\"inLanguage\":\"en-GB\"},{\"@type\":\"Organization\",\"@id\":\"https:\/\/atana.pl\/#organization\",\"name\":\"Atana\",\"url\":\"https:\/\/atana.pl\/\",\"logo\":{\"@type\":\"ImageObject\",\"inLanguage\":\"en-GB\",\"@id\":\"https:\/\/atana.pl\/#\/schema\/logo\/image\/\",\"url\":\"\",\"contentUrl\":\"\",\"caption\":\"Atana\"},\"image\":{\"@id\":\"https:\/\/atana.pl\/#\/schema\/logo\/image\/\"},\"sameAs\":[\"https:\/\/www.facebook.com\/atanayachts\",\"https:\/\/www.instagram.com\/atanaboats\/\",\"https:\/\/www.youtube.com\/channel\/UClMMmVqqx17in9QzgxK90Mw\"]}]}<\/script>\n<!-- \/ Yoast SEO plugin. -->","yoast_head_json":{"title":"Kotwica Bruce ocynkowana - 15 kg - Atana","description":"Kotwica Brucea 15 kg \u2013 p\u0142ugowa, stalowa i ocynkowana ogniowo. Skutecznie zakotwicza na ka\u017cdym dnie. Uniwersalne zastosowanie do jacht\u00f3w, \u0142odzi i ponton\u00f3w.","robots":{"index":"index","follow":"follow","max-snippet":"max-snippet:-1","max-image-preview":"max-image-preview:large","max-video-preview":"max-video-preview:-1"},"canonical":"https:\/\/atana.pl\/en\/online-shop\/lifts_accessories\/kotwice\/kotwica-bruce-ocynkowana-15-kg\/","og_locale":"en_GB","og_type":"article","og_title":"Kotwica Bruce ocynkowana - 15 kg - Atana","og_description":"Kotwica Brucea 15 kg \u2013 p\u0142ugowa, stalowa i ocynkowana ogniowo. Skutecznie zakotwicza na ka\u017cdym dnie. Uniwersalne zastosowanie do jacht\u00f3w, \u0142odzi i ponton\u00f3w.","og_url":"https:\/\/atana.pl\/en\/online-shop\/lifts_accessories\/kotwice\/kotwica-bruce-ocynkowana-15-kg\/","og_site_name":"Atana","article_publisher":"https:\/\/www.facebook.com\/atanayachts","article_modified_time":"2025-04-22T14:41:23+00:00","og_image":[{"width":600,"height":430,"url":"https:\/\/atana.pl\/wp-content\/uploads\/2024\/04\/Kotwica-Bruce_15kg_1.jpg","type":"image\/jpeg"}],"twitter_card":"summary_large_image","twitter_misc":{"Estimated reading time":"2 minutes"},"schema":{"@context":"https:\/\/schema.org","@graph":[{"@type":"WebPage","@id":"https:\/\/atana.pl\/sklep-on-line\/windy_akcesoria\/kotwice\/kotwica-bruce-ocynkowana-15-kg\/","url":"https:\/\/atana.pl\/sklep-on-line\/windy_akcesoria\/kotwice\/kotwica-bruce-ocynkowana-15-kg\/","name":"Kotwica Bruce ocynkowana - 15 kg - Atana","isPartOf":{"@id":"https:\/\/atana.pl\/#website"},"primaryImageOfPage":{"@id":"https:\/\/atana.pl\/sklep-on-line\/windy_akcesoria\/kotwice\/kotwica-bruce-ocynkowana-15-kg\/#primaryimage"},"image":{"@id":"https:\/\/atana.pl\/sklep-on-line\/windy_akcesoria\/kotwice\/kotwica-bruce-ocynkowana-15-kg\/#primaryimage"},"thumbnailUrl":"https:\/\/atana.pl\/wp-content\/uploads\/2024\/04\/Kotwica-Bruce_15kg_1.jpg","datePublished":"1988-01-27T11:16:35+00:00","dateModified":"2025-04-22T14:41:23+00:00","description":"Kotwica Brucea 15 kg \u2013 p\u0142ugowa, stalowa i ocynkowana ogniowo. Skutecznie zakotwicza na ka\u017cdym dnie. Uniwersalne zastosowanie do jacht\u00f3w, \u0142odzi i ponton\u00f3w.","breadcrumb":{"@id":"https:\/\/atana.pl\/sklep-on-line\/windy_akcesoria\/kotwice\/kotwica-bruce-ocynkowana-15-kg\/#breadcrumb"},"inLanguage":"en-GB","potentialAction":[{"@type":"ReadAction","target":["https:\/\/atana.pl\/sklep-on-line\/windy_akcesoria\/kotwice\/kotwica-bruce-ocynkowana-15-kg\/"]}]},{"@type":"ImageObject","inLanguage":"en-GB","@id":"https:\/\/atana.pl\/sklep-on-line\/windy_akcesoria\/kotwice\/kotwica-bruce-ocynkowana-15-kg\/#primaryimage","url":"https:\/\/atana.pl\/wp-content\/uploads\/2024\/04\/Kotwica-Bruce_15kg_1.jpg","contentUrl":"https:\/\/atana.pl\/wp-content\/uploads\/2024\/04\/Kotwica-Bruce_15kg_1.jpg","width":600,"height":430,"caption":"Kotwica Bruce ocynkowana &#8211; 15 kg"},{"@type":"BreadcrumbList","@id":"https:\/\/atana.pl\/sklep-on-line\/windy_akcesoria\/kotwice\/kotwica-bruce-ocynkowana-15-kg\/#breadcrumb","itemListElement":[{"@type":"ListItem","position":1,"name":"Strona g\u0142\u00f3wna","item":"https:\/\/atana.pl\/"},{"@type":"ListItem","position":2,"name":"Sklep on-line","item":"https:\/\/atana.pl\/sklep-on-line\/"},{"@type":"ListItem","position":3,"name":"Kotwica Bruce ocynkowana &#8211; 15 kg"}]},{"@type":"WebSite","@id":"https:\/\/atana.pl\/#website","url":"https:\/\/atana.pl\/","name":"Atana","description":"Akcesoria do \u0142odzi, kamper\u00f3w i przyczep. \u0141odzie motorowe","publisher":{"@id":"https:\/\/atana.pl\/#organization"},"potentialAction":[{"@type":"SearchAction","target":{"@type":"EntryPoint","urlTemplate":"https:\/\/atana.pl\/?s={search_term_string}"},"query-input":{"@type":"PropertyValueSpecification","valueRequired":true,"valueName":"search_term_string"}}],"inLanguage":"en-GB"},{"@type":"Organization","@id":"https:\/\/atana.pl\/#organization","name":"Atana","url":"https:\/\/atana.pl\/","logo":{"@type":"ImageObject","inLanguage":"en-GB","@id":"https:\/\/atana.pl\/#\/schema\/logo\/image\/","url":"","contentUrl":"","caption":"Atana"},"image":{"@id":"https:\/\/atana.pl\/#\/schema\/logo\/image\/"},"sameAs":["https:\/\/www.facebook.com\/atanayachts","https:\/\/www.instagram.com\/atanaboats\/","https:\/\/www.youtube.com\/channel\/UClMMmVqqx17in9QzgxK90Mw"]}]}},"_links":{"self":[{"href":"https:\/\/atana.pl\/en\/wp-json\/wp\/v2\/product\/5437","targetHints":{"allow":["GET"]}}],"collection":[{"href":"https:\/\/atana.pl\/en\/wp-json\/wp\/v2\/product"}],"about":[{"href":"https:\/\/atana.pl\/en\/wp-json\/wp\/v2\/types\/product"}],"wp:featuredmedia":[{"embeddable":true,"href":"https:\/\/atana.pl\/en\/wp-json\/wp\/v2\/media\/4108"}],"wp:attachment":[{"href":"https:\/\/atana.pl\/en\/wp-json\/wp\/v2\/media?parent=5437"}],"wp:term":[{"taxonomy":"product_brand","embeddable":true,"href":"https:\/\/atana.pl\/en\/wp-json\/wp\/v2\/product_brand?post=5437"},{"taxonomy":"product_cat","embeddable":true,"href":"https:\/\/atana.pl\/en\/wp-json\/wp\/v2\/product_cat?post=5437"},{"taxonomy":"product_tag","embeddable":true,"href":"https:\/\/atana.pl\/en\/wp-json\/wp\/v2\/product_tag?post=5437"}],"curies":[{"name":"wp","href":"https:\/\/api.w.org\/{rel}","templated":true}]}}