{"id":5422,"date":"1990-01-27T12:16:34","date_gmt":"1990-01-27T11:16:34","guid":{"rendered":"https:\/\/atana.pl\/sklep-on-line\/kotwica-river-30-136-kg\/"},"modified":"2026-03-20T16:11:34","modified_gmt":"2026-03-20T15:11:34","slug":"kotwica-river-30-136-kg","status":"publish","type":"product","link":"https:\/\/atana.pl\/en\/online-shop\/lifts_accessories\/kotwice\/kotwica-river-30-136-kg\/","title":{"rendered":"RIVER 30 anchor - 13.6 kg"},"content":{"rendered":"<h3 class=\"\" data-start=\"148\" data-end=\"234\">\u2693 Kotwica RIVER 30 LBS (13,6 kg) \u2013 maksymalna si\u0142a trzymania nawet w silnym nurcie<\/h3>\n<p class=\"\" data-start=\"236\" data-end=\"604\"><strong data-start=\"236\" data-end=\"275\">Kotwica typu RIVER 30 LBS (13,6 kg)<\/strong> to najmocniejszy model z serii kotwic trzyramiennych, dedykowany dla w\u0142a\u015bcicieli du\u017cych \u0142odzi i ponton\u00f3w do 7 metr\u00f3w d\u0142ugo\u015bci. Dzi\u0119ki <strong data-start=\"410\" data-end=\"443\">solidnej konstrukcji z \u017celiwa<\/strong> oraz <strong data-start=\"449\" data-end=\"464\">pow\u0142oce PVC<\/strong>, kotwica jest odporna na uszkodzenia mechaniczne i korozj\u0119, a jednocze\u015bnie bezpieczna dla powierzchni \u0142odzi \u2013 nie posiada ostrych kraw\u0119dzi.<\/p>\n<p class=\"\" data-start=\"606\" data-end=\"861\">Trzy p\u0142aty kotwicy zapewniaj\u0105 wyj\u0105tkowe wnikanie w dno zbiornika \u2013 niezale\u017cnie, czy to rzeka z silnym nurtem, jezioro czy zalew. Jest to idealne rozwi\u0105zanie na ka\u017cdy akwen, gdzie liczy si\u0119 pewno\u015b\u0107 kotwiczenia i brak potrzeby poprawiania pozycji jednostki.<\/p>\n<p data-start=\"643\" data-end=\"869\">Kotwica mo\u017ce by\u0107 obs\u0142ugiwana r\u0119cznie. Zalecane rolki kotwiczne:<\/p>\n<p>\u00a0 \u00a0<a href=\"https:\/\/atana.pl\/en\/online-shop\/lifts_accessories\/anchor-rollers-guide-rollers\/rolka-trac-a30-2\/\"><img decoding=\"async\" class=\"alignnone wp-image-4670\" title=\"rolka-kotwiczna_A30_RKT30_TRAC-01\" src=\"https:\/\/atana.pl\/wp-content\/uploads\/2024\/04\/rolka-kotwiczna_A30_RKT30_TRAC-01.jpg\" alt=\"TRAC A30 roller\" width=\"80\" height=\"80\" srcset=\"https:\/\/atana.pl\/wp-content\/uploads\/2024\/04\/rolka-kotwiczna_A30_RKT30_TRAC-01.jpg 900w, https:\/\/atana.pl\/wp-content\/uploads\/2024\/04\/rolka-kotwiczna_A30_RKT30_TRAC-01-300x300.jpg 300w, https:\/\/atana.pl\/wp-content\/uploads\/2024\/04\/rolka-kotwiczna_A30_RKT30_TRAC-01-100x100.jpg 100w, https:\/\/atana.pl\/wp-content\/uploads\/2024\/04\/rolka-kotwiczna_A30_RKT30_TRAC-01-600x600.jpg 600w, https:\/\/atana.pl\/wp-content\/uploads\/2024\/04\/rolka-kotwiczna_A30_RKT30_TRAC-01-64x64.jpg 64w\" sizes=\"(max-width: 80px) 100vw, 80px\" \/><\/a>\u00a0 \u00a0<a href=\"https:\/\/atana.pl\/en\/online-shop\/lifts_accessories\/anchor-rollers-guide-rollers\/rolka-kotwiczna-nierdzewna-polerowana\/\"><img decoding=\"async\" class=\"alignnone wp-image-4041\" title=\"RKP305_1\" src=\"https:\/\/atana.pl\/wp-content\/uploads\/2024\/04\/RKP305_1.png\" alt=\"Stainless steel anchor roller - Polished\" width=\"80\" height=\"80\" srcset=\"https:\/\/atana.pl\/wp-content\/uploads\/2024\/04\/RKP305_1.png 2000w, https:\/\/atana.pl\/wp-content\/uploads\/2024\/04\/RKP305_1-300x300.png 300w, https:\/\/atana.pl\/wp-content\/uploads\/2024\/04\/RKP305_1-100x100.png 100w, https:\/\/atana.pl\/wp-content\/uploads\/2024\/04\/RKP305_1-600x600.png 600w, https:\/\/atana.pl\/wp-content\/uploads\/2024\/04\/RKP305_1-64x64.png 64w\" sizes=\"(max-width: 80px) 100vw, 80px\" \/><\/a><\/p>\n<h4 data-start=\"643\" data-end=\"869\">Lub pracowa\u0107 w po\u0142\u0105czeniu z\u00a0 Wind\u0105 kotwiczn\u0105 TRAC:<\/h4>\n<h4 data-start=\"643\" data-end=\"869\">\u2714\ufe0f <a href=\"https:\/\/atana.pl\/en\/online-shop\/lifts_accessories\/lifts\/trac-pontoon-35\/\">Pontoon 35<\/a><br \/>\n\u2714\ufe0f <a href=\"https:\/\/atana.pl\/en\/online-shop\/lifts_accessories\/lifts\/trac-angler-30-autodeploy\/\">Angler 30 Auto Deploy<\/a><br \/>\n\u2714\ufe0f<a href=\"https:\/\/atana.pl\/en\/online-shop\/lifts_accessories\/lifts\/trac-deckboat-40-autodeploy\/\"> Deckboat 40 Auto Deploy<\/a><br \/>\n\u2714\ufe0f<a href=\"https:\/\/atana.pl\/en\/online-shop\/lifts_accessories\/lifts\/trac-seaside-40-autodeploy\/\"> SeaSide 40 Auto Deploy<\/a><\/h4>\n<hr class=\"\" data-start=\"863\" data-end=\"866\" \/>\n<h3 class=\"\" data-start=\"868\" data-end=\"917\">\u2705 Dlaczego warto wybra\u0107 kotwic\u0119 RIVER 30 LBS?<\/h3>\n<ul data-start=\"919\" data-end=\"1291\">\n<li class=\"\" data-start=\"919\" data-end=\"971\">\n<p class=\"\" data-start=\"921\" data-end=\"971\">Du\u017ca masa \u2013 idealna dla wi\u0119kszych \u0142odzi do 7 m<\/p>\n<\/li>\n<li class=\"\" data-start=\"972\" data-end=\"1041\">\n<p class=\"\" data-start=\"974\" data-end=\"1041\">Trzy p\u0142aty kotwicy \u2013 doskona\u0142e zakotwiczenie w ka\u017cdym typie dna<\/p>\n<\/li>\n<li class=\"\" data-start=\"1042\" data-end=\"1119\">\n<p class=\"\" data-start=\"1044\" data-end=\"1119\">Winylowa pow\u0142oka PVC \u2013 \u0142atwe czyszczenie, brak ryzyka uszkodze\u0144 kad\u0142uba<\/p>\n<\/li>\n<li class=\"\" data-start=\"1120\" data-end=\"1179\">\n<p class=\"\" data-start=\"1122\" data-end=\"1179\">Kompatybilna z elektrycznymi windami kotwicznymi TRAC<\/p>\n<\/li>\n<li class=\"\" data-start=\"1180\" data-end=\"1237\">\n<p class=\"\" data-start=\"1182\" data-end=\"1237\">Odporno\u015b\u0107 na warunki wodne i d\u0142ugotrwa\u0142e zanurzenie<\/p>\n<\/li>\n<li class=\"\" data-start=\"1238\" data-end=\"1291\">\n<p class=\"\" data-start=\"1240\" data-end=\"1291\">Idealna do u\u017cytku rekreacyjnego i profesjonalnego<\/p>\n<\/li>\n<\/ul>\n<hr class=\"\" data-start=\"1664\" data-end=\"1667\" \/>\n<h3 class=\"\" data-start=\"1669\" data-end=\"1681\">\u26a0\ufe0f Uwaga<\/h3>\n<p class=\"\" data-start=\"1683\" data-end=\"1858\">Podczas transportu \u0142odzi na przyczepie <strong data-start=\"1722\" data-end=\"1754\">nale\u017cy zdj\u0105\u0107 kotwic\u0119 z rolki<\/strong> i zabezpieczy\u0107 j\u0105 w baki\u015bcie lub baga\u017cniku samochodu, aby unikn\u0105\u0107 uszkodze\u0144 i przesuni\u0119\u0107 podczas jazdy.<\/p>\n<hr class=\"\" data-start=\"2051\" data-end=\"2054\" \/>\n<h3 class=\"\" data-start=\"2056\" data-end=\"2075\">\ud83d\udedf Podsumowanie<\/h3>\n<p class=\"\" data-start=\"2077\" data-end=\"2409\"><strong data-start=\"2077\" data-end=\"2111\">Kotwica RIVER 30 LBS (13,6 kg)<\/strong> to synonim niezawodno\u015bci dla du\u017cych \u0142odzi i trudnych akwen\u00f3w. Jej konstrukcja zapewnia pewno\u015b\u0107 trzymania nawet w nurcie rzeki, a zastosowane materia\u0142y gwarantuj\u0105 d\u0142ug\u0105 \u017cywotno\u015b\u0107 i odporno\u015b\u0107 na czynniki zewn\u0119trzne. Je\u015bli potrzebujesz solidnego, sprawdzonego mocowania \u2013 to model w\u0142a\u015bnie dla Ciebie.<\/p>","protected":false},"excerpt":{"rendered":"<p>RIVER 30 anchor - 13.6 kg<\/p>","protected":false},"featured_media":4106,"template":"","meta":{"_acf_changed":false},"product_brand":[],"product_cat":[104,111,102],"product_tag":[946,945,948,838,947,912,920,831,937,915],"class_list":{"0":"post-5422","1":"product","2":"type-product","3":"status-publish","4":"has-post-thumbnail","6":"product_cat-windy_akcesoria","7":"product_cat-kotwice","8":"product_cat-trac","9":"product_tag-6-kg","10":"product_tag-kotwica-13","11":"product_tag-kotwica-3-platowa","12":"product_tag-kotwica-30-lbs","13":"product_tag-kotwica-do-lodzi-7m","14":"product_tag-kotwica-do-pontonu","15":"product_tag-kotwica-pvc","16":"product_tag-kotwica-river","17":"product_tag-kotwica-winylowa","18":"product_tag-kotwica-zeliwna","20":"first","21":"outofstock","22":"taxable","23":"shipping-taxable","24":"purchasable","25":"product-type-simple"},"acf":[],"yoast_head":"<!-- This site is optimized with the Yoast SEO plugin v25.2 - https:\/\/yoast.com\/wordpress\/plugins\/seo\/ -->\n<title>Kotwica RIVER 30 - 13,6 kg - Atana<\/title>\n<meta name=\"description\" content=\"Kotwica RIVER 30 LBS (13,6 kg) \u2013 \u017celiwna, powlekana PVC, trzy p\u0142aty. Idealna do \u0142odzi do 7 m. Kompatybilna z windami TRAC.\" \/>\n<meta name=\"robots\" content=\"index, follow, max-snippet:-1, max-image-preview:large, max-video-preview:-1\" \/>\n<link rel=\"canonical\" href=\"https:\/\/atana.pl\/en\/online-shop\/lifts_accessories\/kotwice\/kotwica-river-30-136-kg\/\" \/>\n<meta property=\"og:locale\" content=\"en_GB\" \/>\n<meta property=\"og:type\" content=\"article\" \/>\n<meta property=\"og:title\" content=\"Kotwica RIVER 30 - 13,6 kg - Atana\" \/>\n<meta property=\"og:description\" content=\"Kotwica RIVER 30 LBS (13,6 kg) \u2013 \u017celiwna, powlekana PVC, trzy p\u0142aty. Idealna do \u0142odzi do 7 m. Kompatybilna z windami TRAC.\" \/>\n<meta property=\"og:url\" content=\"https:\/\/atana.pl\/en\/online-shop\/lifts_accessories\/kotwice\/kotwica-river-30-136-kg\/\" \/>\n<meta property=\"og:site_name\" content=\"Atana\" \/>\n<meta property=\"article:publisher\" content=\"https:\/\/www.facebook.com\/atanayachts\" \/>\n<meta property=\"article:modified_time\" content=\"2026-03-20T15:11:34+00:00\" \/>\n<meta property=\"og:image\" content=\"https:\/\/atana.pl\/wp-content\/uploads\/2024\/04\/KR30_River30_136-kg-1.jpg\" \/>\n\t<meta property=\"og:image:width\" content=\"1280\" \/>\n\t<meta property=\"og:image:height\" content=\"1280\" \/>\n\t<meta property=\"og:image:type\" content=\"image\/jpeg\" \/>\n<meta name=\"twitter:card\" content=\"summary_large_image\" \/>\n<meta name=\"twitter:label1\" content=\"Estimated reading time\" \/>\n\t<meta name=\"twitter:data1\" content=\"1 minute\" \/>\n<script type=\"application\/ld+json\" class=\"yoast-schema-graph\">{\"@context\":\"https:\/\/schema.org\",\"@graph\":[{\"@type\":\"WebPage\",\"@id\":\"https:\/\/atana.pl\/sklep-on-line\/windy_akcesoria\/kotwice\/kotwica-river-30-136-kg\/\",\"url\":\"https:\/\/atana.pl\/sklep-on-line\/windy_akcesoria\/kotwice\/kotwica-river-30-136-kg\/\",\"name\":\"Kotwica RIVER 30 - 13,6 kg - Atana\",\"isPartOf\":{\"@id\":\"https:\/\/atana.pl\/#website\"},\"primaryImageOfPage\":{\"@id\":\"https:\/\/atana.pl\/sklep-on-line\/windy_akcesoria\/kotwice\/kotwica-river-30-136-kg\/#primaryimage\"},\"image\":{\"@id\":\"https:\/\/atana.pl\/sklep-on-line\/windy_akcesoria\/kotwice\/kotwica-river-30-136-kg\/#primaryimage\"},\"thumbnailUrl\":\"https:\/\/atana.pl\/wp-content\/uploads\/2024\/04\/KR30_River30_136-kg-1.jpg\",\"datePublished\":\"1990-01-27T11:16:34+00:00\",\"dateModified\":\"2026-03-20T15:11:34+00:00\",\"description\":\"Kotwica RIVER 30 LBS (13,6 kg) \u2013 \u017celiwna, powlekana PVC, trzy p\u0142aty. Idealna do \u0142odzi do 7 m. Kompatybilna z windami TRAC.\",\"breadcrumb\":{\"@id\":\"https:\/\/atana.pl\/sklep-on-line\/windy_akcesoria\/kotwice\/kotwica-river-30-136-kg\/#breadcrumb\"},\"inLanguage\":\"en-GB\",\"potentialAction\":[{\"@type\":\"ReadAction\",\"target\":[\"https:\/\/atana.pl\/sklep-on-line\/windy_akcesoria\/kotwice\/kotwica-river-30-136-kg\/\"]}]},{\"@type\":\"ImageObject\",\"inLanguage\":\"en-GB\",\"@id\":\"https:\/\/atana.pl\/sklep-on-line\/windy_akcesoria\/kotwice\/kotwica-river-30-136-kg\/#primaryimage\",\"url\":\"https:\/\/atana.pl\/wp-content\/uploads\/2024\/04\/KR30_River30_136-kg-1.jpg\",\"contentUrl\":\"https:\/\/atana.pl\/wp-content\/uploads\/2024\/04\/KR30_River30_136-kg-1.jpg\",\"width\":1280,\"height\":1280,\"caption\":\"Kotwica RIVER 30 &#8211; 13,6 kg\"},{\"@type\":\"BreadcrumbList\",\"@id\":\"https:\/\/atana.pl\/sklep-on-line\/windy_akcesoria\/kotwice\/kotwica-river-30-136-kg\/#breadcrumb\",\"itemListElement\":[{\"@type\":\"ListItem\",\"position\":1,\"name\":\"Strona g\u0142\u00f3wna\",\"item\":\"https:\/\/atana.pl\/\"},{\"@type\":\"ListItem\",\"position\":2,\"name\":\"Sklep on-line\",\"item\":\"https:\/\/atana.pl\/sklep-on-line\/\"},{\"@type\":\"ListItem\",\"position\":3,\"name\":\"Kotwica RIVER 30 &#8211; 13,6 kg\"}]},{\"@type\":\"WebSite\",\"@id\":\"https:\/\/atana.pl\/#website\",\"url\":\"https:\/\/atana.pl\/\",\"name\":\"Atana\",\"description\":\"Akcesoria do \u0142odzi, kamper\u00f3w i przyczep. \u0141odzie motorowe\",\"publisher\":{\"@id\":\"https:\/\/atana.pl\/#organization\"},\"potentialAction\":[{\"@type\":\"SearchAction\",\"target\":{\"@type\":\"EntryPoint\",\"urlTemplate\":\"https:\/\/atana.pl\/?s={search_term_string}\"},\"query-input\":{\"@type\":\"PropertyValueSpecification\",\"valueRequired\":true,\"valueName\":\"search_term_string\"}}],\"inLanguage\":\"en-GB\"},{\"@type\":\"Organization\",\"@id\":\"https:\/\/atana.pl\/#organization\",\"name\":\"Atana\",\"url\":\"https:\/\/atana.pl\/\",\"logo\":{\"@type\":\"ImageObject\",\"inLanguage\":\"en-GB\",\"@id\":\"https:\/\/atana.pl\/#\/schema\/logo\/image\/\",\"url\":\"\",\"contentUrl\":\"\",\"caption\":\"Atana\"},\"image\":{\"@id\":\"https:\/\/atana.pl\/#\/schema\/logo\/image\/\"},\"sameAs\":[\"https:\/\/www.facebook.com\/atanayachts\",\"https:\/\/www.instagram.com\/atanaboats\/\",\"https:\/\/www.youtube.com\/channel\/UClMMmVqqx17in9QzgxK90Mw\"]}]}<\/script>\n<!-- \/ Yoast SEO plugin. -->","yoast_head_json":{"title":"Kotwica RIVER 30 - 13,6 kg - Atana","description":"Kotwica RIVER 30 LBS (13,6 kg) \u2013 \u017celiwna, powlekana PVC, trzy p\u0142aty. Idealna do \u0142odzi do 7 m. Kompatybilna z windami TRAC.","robots":{"index":"index","follow":"follow","max-snippet":"max-snippet:-1","max-image-preview":"max-image-preview:large","max-video-preview":"max-video-preview:-1"},"canonical":"https:\/\/atana.pl\/en\/online-shop\/lifts_accessories\/kotwice\/kotwica-river-30-136-kg\/","og_locale":"en_GB","og_type":"article","og_title":"Kotwica RIVER 30 - 13,6 kg - Atana","og_description":"Kotwica RIVER 30 LBS (13,6 kg) \u2013 \u017celiwna, powlekana PVC, trzy p\u0142aty. Idealna do \u0142odzi do 7 m. Kompatybilna z windami TRAC.","og_url":"https:\/\/atana.pl\/en\/online-shop\/lifts_accessories\/kotwice\/kotwica-river-30-136-kg\/","og_site_name":"Atana","article_publisher":"https:\/\/www.facebook.com\/atanayachts","article_modified_time":"2026-03-20T15:11:34+00:00","og_image":[{"width":1280,"height":1280,"url":"https:\/\/atana.pl\/wp-content\/uploads\/2024\/04\/KR30_River30_136-kg-1.jpg","type":"image\/jpeg"}],"twitter_card":"summary_large_image","twitter_misc":{"Estimated reading time":"1 minute"},"schema":{"@context":"https:\/\/schema.org","@graph":[{"@type":"WebPage","@id":"https:\/\/atana.pl\/sklep-on-line\/windy_akcesoria\/kotwice\/kotwica-river-30-136-kg\/","url":"https:\/\/atana.pl\/sklep-on-line\/windy_akcesoria\/kotwice\/kotwica-river-30-136-kg\/","name":"Kotwica RIVER 30 - 13,6 kg - Atana","isPartOf":{"@id":"https:\/\/atana.pl\/#website"},"primaryImageOfPage":{"@id":"https:\/\/atana.pl\/sklep-on-line\/windy_akcesoria\/kotwice\/kotwica-river-30-136-kg\/#primaryimage"},"image":{"@id":"https:\/\/atana.pl\/sklep-on-line\/windy_akcesoria\/kotwice\/kotwica-river-30-136-kg\/#primaryimage"},"thumbnailUrl":"https:\/\/atana.pl\/wp-content\/uploads\/2024\/04\/KR30_River30_136-kg-1.jpg","datePublished":"1990-01-27T11:16:34+00:00","dateModified":"2026-03-20T15:11:34+00:00","description":"Kotwica RIVER 30 LBS (13,6 kg) \u2013 \u017celiwna, powlekana PVC, trzy p\u0142aty. Idealna do \u0142odzi do 7 m. Kompatybilna z windami TRAC.","breadcrumb":{"@id":"https:\/\/atana.pl\/sklep-on-line\/windy_akcesoria\/kotwice\/kotwica-river-30-136-kg\/#breadcrumb"},"inLanguage":"en-GB","potentialAction":[{"@type":"ReadAction","target":["https:\/\/atana.pl\/sklep-on-line\/windy_akcesoria\/kotwice\/kotwica-river-30-136-kg\/"]}]},{"@type":"ImageObject","inLanguage":"en-GB","@id":"https:\/\/atana.pl\/sklep-on-line\/windy_akcesoria\/kotwice\/kotwica-river-30-136-kg\/#primaryimage","url":"https:\/\/atana.pl\/wp-content\/uploads\/2024\/04\/KR30_River30_136-kg-1.jpg","contentUrl":"https:\/\/atana.pl\/wp-content\/uploads\/2024\/04\/KR30_River30_136-kg-1.jpg","width":1280,"height":1280,"caption":"Kotwica RIVER 30 &#8211; 13,6 kg"},{"@type":"BreadcrumbList","@id":"https:\/\/atana.pl\/sklep-on-line\/windy_akcesoria\/kotwice\/kotwica-river-30-136-kg\/#breadcrumb","itemListElement":[{"@type":"ListItem","position":1,"name":"Strona g\u0142\u00f3wna","item":"https:\/\/atana.pl\/"},{"@type":"ListItem","position":2,"name":"Sklep on-line","item":"https:\/\/atana.pl\/sklep-on-line\/"},{"@type":"ListItem","position":3,"name":"Kotwica RIVER 30 &#8211; 13,6 kg"}]},{"@type":"WebSite","@id":"https:\/\/atana.pl\/#website","url":"https:\/\/atana.pl\/","name":"Atana","description":"Akcesoria do \u0142odzi, kamper\u00f3w i przyczep. \u0141odzie motorowe","publisher":{"@id":"https:\/\/atana.pl\/#organization"},"potentialAction":[{"@type":"SearchAction","target":{"@type":"EntryPoint","urlTemplate":"https:\/\/atana.pl\/?s={search_term_string}"},"query-input":{"@type":"PropertyValueSpecification","valueRequired":true,"valueName":"search_term_string"}}],"inLanguage":"en-GB"},{"@type":"Organization","@id":"https:\/\/atana.pl\/#organization","name":"Atana","url":"https:\/\/atana.pl\/","logo":{"@type":"ImageObject","inLanguage":"en-GB","@id":"https:\/\/atana.pl\/#\/schema\/logo\/image\/","url":"","contentUrl":"","caption":"Atana"},"image":{"@id":"https:\/\/atana.pl\/#\/schema\/logo\/image\/"},"sameAs":["https:\/\/www.facebook.com\/atanayachts","https:\/\/www.instagram.com\/atanaboats\/","https:\/\/www.youtube.com\/channel\/UClMMmVqqx17in9QzgxK90Mw"]}]}},"_links":{"self":[{"href":"https:\/\/atana.pl\/en\/wp-json\/wp\/v2\/product\/5422","targetHints":{"allow":["GET"]}}],"collection":[{"href":"https:\/\/atana.pl\/en\/wp-json\/wp\/v2\/product"}],"about":[{"href":"https:\/\/atana.pl\/en\/wp-json\/wp\/v2\/types\/product"}],"wp:featuredmedia":[{"embeddable":true,"href":"https:\/\/atana.pl\/en\/wp-json\/wp\/v2\/media\/4106"}],"wp:attachment":[{"href":"https:\/\/atana.pl\/en\/wp-json\/wp\/v2\/media?parent=5422"}],"wp:term":[{"taxonomy":"product_brand","embeddable":true,"href":"https:\/\/atana.pl\/en\/wp-json\/wp\/v2\/product_brand?post=5422"},{"taxonomy":"product_cat","embeddable":true,"href":"https:\/\/atana.pl\/en\/wp-json\/wp\/v2\/product_cat?post=5422"},{"taxonomy":"product_tag","embeddable":true,"href":"https:\/\/atana.pl\/en\/wp-json\/wp\/v2\/product_tag?post=5422"}],"curies":[{"name":"wp","href":"https:\/\/api.w.org\/{rel}","templated":true}]}}