{"id":5359,"date":"1996-01-27T12:16:32","date_gmt":"1996-01-27T11:16:32","guid":{"rendered":"https:\/\/atana.pl\/sklep-on-line\/kotwica-river-12-55-kg\/"},"modified":"2025-04-22T13:51:42","modified_gmt":"2025-04-22T11:51:42","slug":"kotwica-river-12-55-kg","status":"publish","type":"product","link":"https:\/\/atana.pl\/en\/online-shop\/lifts_accessories\/kotwice\/kotwica-river-12-55-kg\/","title":{"rendered":"Anchor RIVER 12 - 5.5 kg"},"content":{"rendered":"<h3 class=\"\" data-start=\"199\" data-end=\"270\">\u2693 Kotwica RIVER 12 LBS (5,5 kg) \u2013 3-p\u0142atowa, \u017celiwna, powlekana PVC<\/h3>\n<p class=\"\" data-start=\"272\" data-end=\"609\"><strong data-start=\"272\" data-end=\"305\">Kotwica RIVER 12 LBS (5,5 kg)<\/strong> to trwa\u0142e i niezawodne rozwi\u0105zanie do kotwiczenia ma\u0142ych jednostek p\u0142ywaj\u0105cych, takich jak pontony, kajaki czy \u0142odzie do 4 metr\u00f3w d\u0142ugo\u015bci.<br data-start=\"445\" data-end=\"448\" \/>Zosta\u0142a wykonana z solidnego <strong data-start=\"477\" data-end=\"497\">odlewu \u017celiwnego<\/strong> i pokryta <strong data-start=\"508\" data-end=\"540\">trwa\u0142\u0105, winylow\u0105 pow\u0142ok\u0105 PVC<\/strong>, kt\u00f3ra chroni kad\u0142ub \u0142odzi oraz zapobiega przywieraniu b\u0142ota i mu\u0142u.<\/p>\n<p data-start=\"643\" data-end=\"869\">Kotwica mo\u017ce by\u0107 obs\u0142ugiwana r\u0119cznie. Zalecane rolki kotwiczne:<\/p>\n<p><a href=\"https:\/\/atana.pl\/en\/online-shop\/lifts_accessories\/anchor-rollers-guide-rollers\/rolka-trac-sz25\/\"><img decoding=\"async\" class=\"alignnone wp-image-4664\" title=\"rolka-kotwiczna_SZ25_RKT25_TRAC-01\" src=\"https:\/\/atana.pl\/wp-content\/uploads\/2024\/04\/rolka-kotwiczna_SZ25_RKT25_TRAC-01.jpg\" alt=\"TRAC roller SZ25\" width=\"80\" height=\"80\" srcset=\"https:\/\/atana.pl\/wp-content\/uploads\/2024\/04\/rolka-kotwiczna_SZ25_RKT25_TRAC-01.jpg 900w, https:\/\/atana.pl\/wp-content\/uploads\/2024\/04\/rolka-kotwiczna_SZ25_RKT25_TRAC-01-300x300.jpg 300w, https:\/\/atana.pl\/wp-content\/uploads\/2024\/04\/rolka-kotwiczna_SZ25_RKT25_TRAC-01-100x100.jpg 100w, https:\/\/atana.pl\/wp-content\/uploads\/2024\/04\/rolka-kotwiczna_SZ25_RKT25_TRAC-01-600x600.jpg 600w, https:\/\/atana.pl\/wp-content\/uploads\/2024\/04\/rolka-kotwiczna_SZ25_RKT25_TRAC-01-64x64.jpg 64w\" sizes=\"(max-width: 80px) 100vw, 80px\" \/><\/a>\u00a0 \u00a0<a href=\"https:\/\/atana.pl\/en\/online-shop\/lifts_accessories\/anchor-rollers-guide-rollers\/rolka-trac-a30-2\/\"><img decoding=\"async\" class=\"alignnone wp-image-4670\" title=\"rolka-kotwiczna_A30_RKT30_TRAC-01\" src=\"https:\/\/atana.pl\/wp-content\/uploads\/2024\/04\/rolka-kotwiczna_A30_RKT30_TRAC-01.jpg\" alt=\"TRAC A30 roller\" width=\"80\" height=\"80\" srcset=\"https:\/\/atana.pl\/wp-content\/uploads\/2024\/04\/rolka-kotwiczna_A30_RKT30_TRAC-01.jpg 900w, https:\/\/atana.pl\/wp-content\/uploads\/2024\/04\/rolka-kotwiczna_A30_RKT30_TRAC-01-300x300.jpg 300w, https:\/\/atana.pl\/wp-content\/uploads\/2024\/04\/rolka-kotwiczna_A30_RKT30_TRAC-01-100x100.jpg 100w, https:\/\/atana.pl\/wp-content\/uploads\/2024\/04\/rolka-kotwiczna_A30_RKT30_TRAC-01-600x600.jpg 600w, https:\/\/atana.pl\/wp-content\/uploads\/2024\/04\/rolka-kotwiczna_A30_RKT30_TRAC-01-64x64.jpg 64w\" sizes=\"(max-width: 80px) 100vw, 80px\" \/><\/a>\u00a0 \u00a0<a href=\"https:\/\/atana.pl\/en\/online-shop\/lifts_accessories\/anchor-rollers-guide-rollers\/rolka-kotwiczna-nierdzewna-polerowana\/\"><img decoding=\"async\" class=\"alignnone wp-image-4041\" title=\"RKP305_1\" src=\"https:\/\/atana.pl\/wp-content\/uploads\/2024\/04\/RKP305_1.png\" alt=\"Stainless steel anchor roller - Polished\" width=\"80\" height=\"80\" srcset=\"https:\/\/atana.pl\/wp-content\/uploads\/2024\/04\/RKP305_1.png 2000w, https:\/\/atana.pl\/wp-content\/uploads\/2024\/04\/RKP305_1-300x300.png 300w, https:\/\/atana.pl\/wp-content\/uploads\/2024\/04\/RKP305_1-100x100.png 100w, https:\/\/atana.pl\/wp-content\/uploads\/2024\/04\/RKP305_1-600x600.png 600w, https:\/\/atana.pl\/wp-content\/uploads\/2024\/04\/RKP305_1-64x64.png 64w\" sizes=\"(max-width: 80px) 100vw, 80px\" \/><\/a><\/p>\n<p data-start=\"643\" data-end=\"869\">Lub pracowa\u0107 w po\u0142\u0105czeniu z dowoln\u0105 <a href=\"https:\/\/atana.pl\/en\/products\/lifts_accessories\/lifts\/\">wind\u0105 kotwiczn\u0105 TRAC<\/a>.<\/p>\n<p class=\"\" data-start=\"611\" data-end=\"879\">Thanks to <strong data-start=\"618\" data-end=\"643\">trzem solidnym p\u0142atom<\/strong>, kotwica g\u0142\u0119boko wnika w dno i utrzymuje \u0142\u00f3d\u017a w miejscu nawet przy silnym nurcie lub podmuchach wiatru. Jej wywa\u017cona konstrukcja zapewnia stabilno\u015b\u0107 i skuteczno\u015b\u0107 dzia\u0142ania na r\u00f3\u017cnych typach dna \u2013 b\u0142otnistym, piaszczystym czy mulistym.<\/p>\n<hr class=\"\" data-start=\"881\" data-end=\"884\" \/>\n<h3 class=\"\" data-start=\"886\" data-end=\"935\">\u2705 Dlaczego warto wybra\u0107 kotwic\u0119 RIVER 12 LBS?<\/h3>\n<ul data-start=\"937\" data-end=\"1306\">\n<li class=\"\" data-start=\"937\" data-end=\"1009\">\n<p class=\"\" data-start=\"939\" data-end=\"1009\">Wytrzyma\u0142a konstrukcja z \u017celiwa \u2013 odporna na uszkodzenia i korozj\u0119<\/p>\n<\/li>\n<li class=\"\" data-start=\"1010\" data-end=\"1075\">\n<p class=\"\" data-start=\"1012\" data-end=\"1075\">Winylowa pow\u0142oka \u2013 brak ostrych kraw\u0119dzi, \u0142atwe czyszczenie<\/p>\n<\/li>\n<li class=\"\" data-start=\"1076\" data-end=\"1140\">\n<p class=\"\" data-start=\"1078\" data-end=\"1140\">Skuteczne zakotwiczenie \u2013 idealna w rzekach i na jeziorach<\/p>\n<\/li>\n<li class=\"\" data-start=\"1141\" data-end=\"1186\">\n<p class=\"\" data-start=\"1143\" data-end=\"1186\">Kompatybilna z windami kotwicznymi TRAC<\/p>\n<\/li>\n<li class=\"\" data-start=\"1187\" data-end=\"1253\">\n<p class=\"\" data-start=\"1189\" data-end=\"1253\">Sprawdza si\u0119 w ka\u017cdych warunkach \u2013 tak\u017ce przy silnym pr\u0105dzie<\/p>\n<\/li>\n<li class=\"\" data-start=\"1254\" data-end=\"1306\">\n<p class=\"\" data-start=\"1256\" data-end=\"1306\">Lekka i wygodna w obs\u0142udze \u2013 nawet w pojedynk\u0119<\/p>\n<\/li>\n<\/ul>\n<hr class=\"\" data-start=\"1638\" data-end=\"1641\" \/>\n<h3 class=\"\" data-start=\"1643\" data-end=\"1655\">\u26a0\ufe0f Uwaga<\/h3>\n<p class=\"\" data-start=\"1657\" data-end=\"1802\">Podczas transportu \u0142odzi na przyczepie, <strong data-start=\"1697\" data-end=\"1740\">kotwic\u0119 nale\u017cy zdj\u0105\u0107 z rolki kotwicznej<\/strong> i schowa\u0107 j\u0105 w bezpieczne miejsce \u2013 np. bakist\u0119 lub baga\u017cnik.<\/p>\n<hr class=\"\" data-start=\"2033\" data-end=\"2036\" \/>\n<h3 class=\"\" data-start=\"2038\" data-end=\"2057\">\ud83d\udedf Podsumowanie<\/h3>\n<p class=\"\" data-start=\"2059\" data-end=\"2342\"><strong data-start=\"2059\" data-end=\"2092\">Kotwica RIVER 12 LBS (5,5 kg)<\/strong> to \u015bwietny wyb\u00f3r dla wszystkich, kt\u00f3rzy poszukuj\u0105 pewno\u015bci, prostoty i niezawodno\u015bci podczas kotwiczenia.<br data-start=\"2198\" data-end=\"2201\" \/>Jej przemy\u015blana konstrukcja oraz trwa\u0142a pow\u0142oka winylowa gwarantuj\u0105 bezpiecze\u0144stwo i wygod\u0119 u\u017cytkowania, niezale\u017cnie od warunk\u00f3w na wodzie. \u2693<\/p>","protected":false},"excerpt":{"rendered":"<p>Anchor RIVER 12 - 5.5 kg<\/p>","protected":false},"featured_media":4081,"template":"","meta":{"_acf_changed":false},"product_brand":[],"product_cat":[104,111,102],"product_tag":[825,830,922,921,913,923,912,924,920,831,915],"class_list":{"0":"post-5359","1":"product","2":"type-product","3":"status-publish","4":"has-post-thumbnail","6":"product_cat-windy_akcesoria","7":"product_cat-kotwice","8":"product_cat-trac","9":"product_tag-5-kg","10":"product_tag-akcesoria-kotwiczne","11":"product_tag-kotwica-12-lbs","12":"product_tag-kotwica-5","13":"product_tag-kotwica-do-kajaka","14":"product_tag-kotwica-do-lodzi-4m","15":"product_tag-kotwica-do-pontonu","16":"product_tag-kotwica-do-windy","17":"product_tag-kotwica-pvc","18":"product_tag-kotwica-river","19":"product_tag-kotwica-zeliwna","21":"first","22":"instock","23":"taxable","24":"shipping-taxable","25":"purchasable","26":"product-type-simple"},"acf":[],"yoast_head":"<!-- This site is optimized with the Yoast SEO plugin v25.2 - https:\/\/yoast.com\/wordpress\/plugins\/seo\/ -->\n<title>Kotwica RIVER 12 - 5,5 kg - Atana<\/title>\n<meta name=\"description\" content=\"Kotwica RIVER 12 LBS (5,5 kg), 3-p\u0142atowa, \u017celiwna z pow\u0142ok\u0105 PVC. Do ponton\u00f3w, kajak\u00f3w, \u0142odzi do 4 m. Trwa\u0142a, bezpieczna i kompatybilna z windami. Gwarancja\" \/>\n<meta name=\"robots\" content=\"index, follow, max-snippet:-1, max-image-preview:large, max-video-preview:-1\" \/>\n<link rel=\"canonical\" href=\"https:\/\/atana.pl\/en\/online-shop\/lifts_accessories\/kotwice\/kotwica-river-12-55-kg\/\" \/>\n<meta property=\"og:locale\" content=\"en_GB\" \/>\n<meta property=\"og:type\" content=\"article\" \/>\n<meta property=\"og:title\" content=\"Kotwica RIVER 12 - 5,5 kg - Atana\" \/>\n<meta property=\"og:description\" content=\"Kotwica RIVER 12 LBS (5,5 kg), 3-p\u0142atowa, \u017celiwna z pow\u0142ok\u0105 PVC. Do ponton\u00f3w, kajak\u00f3w, \u0142odzi do 4 m. Trwa\u0142a, bezpieczna i kompatybilna z windami. Gwarancja\" \/>\n<meta property=\"og:url\" content=\"https:\/\/atana.pl\/en\/online-shop\/lifts_accessories\/kotwice\/kotwica-river-12-55-kg\/\" \/>\n<meta property=\"og:site_name\" content=\"Atana\" \/>\n<meta property=\"article:publisher\" content=\"https:\/\/www.facebook.com\/atanayachts\" \/>\n<meta property=\"article:modified_time\" content=\"2025-04-22T11:51:42+00:00\" \/>\n<meta property=\"og:image\" content=\"https:\/\/atana.pl\/wp-content\/uploads\/2024\/04\/KR12_River12_55-kg.jpg\" \/>\n\t<meta property=\"og:image:width\" content=\"1280\" \/>\n\t<meta property=\"og:image:height\" content=\"1280\" \/>\n\t<meta property=\"og:image:type\" content=\"image\/jpeg\" \/>\n<meta name=\"twitter:card\" content=\"summary_large_image\" \/>\n<meta name=\"twitter:label1\" content=\"Estimated reading time\" \/>\n\t<meta name=\"twitter:data1\" content=\"1 minute\" \/>\n<script type=\"application\/ld+json\" class=\"yoast-schema-graph\">{\"@context\":\"https:\/\/schema.org\",\"@graph\":[{\"@type\":\"WebPage\",\"@id\":\"https:\/\/atana.pl\/sklep-on-line\/windy_akcesoria\/kotwice\/kotwica-river-12-55-kg\/\",\"url\":\"https:\/\/atana.pl\/sklep-on-line\/windy_akcesoria\/kotwice\/kotwica-river-12-55-kg\/\",\"name\":\"Kotwica RIVER 12 - 5,5 kg - Atana\",\"isPartOf\":{\"@id\":\"https:\/\/atana.pl\/#website\"},\"primaryImageOfPage\":{\"@id\":\"https:\/\/atana.pl\/sklep-on-line\/windy_akcesoria\/kotwice\/kotwica-river-12-55-kg\/#primaryimage\"},\"image\":{\"@id\":\"https:\/\/atana.pl\/sklep-on-line\/windy_akcesoria\/kotwice\/kotwica-river-12-55-kg\/#primaryimage\"},\"thumbnailUrl\":\"https:\/\/atana.pl\/wp-content\/uploads\/2024\/04\/KR12_River12_55-kg.jpg\",\"datePublished\":\"1996-01-27T11:16:32+00:00\",\"dateModified\":\"2025-04-22T11:51:42+00:00\",\"description\":\"Kotwica RIVER 12 LBS (5,5 kg), 3-p\u0142atowa, \u017celiwna z pow\u0142ok\u0105 PVC. Do ponton\u00f3w, kajak\u00f3w, \u0142odzi do 4 m. Trwa\u0142a, bezpieczna i kompatybilna z windami. Gwarancja\",\"breadcrumb\":{\"@id\":\"https:\/\/atana.pl\/sklep-on-line\/windy_akcesoria\/kotwice\/kotwica-river-12-55-kg\/#breadcrumb\"},\"inLanguage\":\"en-GB\",\"potentialAction\":[{\"@type\":\"ReadAction\",\"target\":[\"https:\/\/atana.pl\/sklep-on-line\/windy_akcesoria\/kotwice\/kotwica-river-12-55-kg\/\"]}]},{\"@type\":\"ImageObject\",\"inLanguage\":\"en-GB\",\"@id\":\"https:\/\/atana.pl\/sklep-on-line\/windy_akcesoria\/kotwice\/kotwica-river-12-55-kg\/#primaryimage\",\"url\":\"https:\/\/atana.pl\/wp-content\/uploads\/2024\/04\/KR12_River12_55-kg.jpg\",\"contentUrl\":\"https:\/\/atana.pl\/wp-content\/uploads\/2024\/04\/KR12_River12_55-kg.jpg\",\"width\":1280,\"height\":1280,\"caption\":\"Kotwica RIVER 12 &#8211; 5,5 kg\"},{\"@type\":\"BreadcrumbList\",\"@id\":\"https:\/\/atana.pl\/sklep-on-line\/windy_akcesoria\/kotwice\/kotwica-river-12-55-kg\/#breadcrumb\",\"itemListElement\":[{\"@type\":\"ListItem\",\"position\":1,\"name\":\"Strona g\u0142\u00f3wna\",\"item\":\"https:\/\/atana.pl\/\"},{\"@type\":\"ListItem\",\"position\":2,\"name\":\"Sklep on-line\",\"item\":\"https:\/\/atana.pl\/sklep-on-line\/\"},{\"@type\":\"ListItem\",\"position\":3,\"name\":\"Kotwica RIVER 12 &#8211; 5,5 kg\"}]},{\"@type\":\"WebSite\",\"@id\":\"https:\/\/atana.pl\/#website\",\"url\":\"https:\/\/atana.pl\/\",\"name\":\"Atana\",\"description\":\"Akcesoria do \u0142odzi, kamper\u00f3w i przyczep. \u0141odzie motorowe\",\"publisher\":{\"@id\":\"https:\/\/atana.pl\/#organization\"},\"potentialAction\":[{\"@type\":\"SearchAction\",\"target\":{\"@type\":\"EntryPoint\",\"urlTemplate\":\"https:\/\/atana.pl\/?s={search_term_string}\"},\"query-input\":{\"@type\":\"PropertyValueSpecification\",\"valueRequired\":true,\"valueName\":\"search_term_string\"}}],\"inLanguage\":\"en-GB\"},{\"@type\":\"Organization\",\"@id\":\"https:\/\/atana.pl\/#organization\",\"name\":\"Atana\",\"url\":\"https:\/\/atana.pl\/\",\"logo\":{\"@type\":\"ImageObject\",\"inLanguage\":\"en-GB\",\"@id\":\"https:\/\/atana.pl\/#\/schema\/logo\/image\/\",\"url\":\"\",\"contentUrl\":\"\",\"caption\":\"Atana\"},\"image\":{\"@id\":\"https:\/\/atana.pl\/#\/schema\/logo\/image\/\"},\"sameAs\":[\"https:\/\/www.facebook.com\/atanayachts\",\"https:\/\/www.instagram.com\/atanaboats\/\",\"https:\/\/www.youtube.com\/channel\/UClMMmVqqx17in9QzgxK90Mw\"]}]}<\/script>\n<!-- \/ Yoast SEO plugin. -->","yoast_head_json":{"title":"Kotwica RIVER 12 - 5,5 kg - Atana","description":"Kotwica RIVER 12 LBS (5,5 kg), 3-p\u0142atowa, \u017celiwna z pow\u0142ok\u0105 PVC. Do ponton\u00f3w, kajak\u00f3w, \u0142odzi do 4 m. Trwa\u0142a, bezpieczna i kompatybilna z windami. Gwarancja","robots":{"index":"index","follow":"follow","max-snippet":"max-snippet:-1","max-image-preview":"max-image-preview:large","max-video-preview":"max-video-preview:-1"},"canonical":"https:\/\/atana.pl\/en\/online-shop\/lifts_accessories\/kotwice\/kotwica-river-12-55-kg\/","og_locale":"en_GB","og_type":"article","og_title":"Kotwica RIVER 12 - 5,5 kg - Atana","og_description":"Kotwica RIVER 12 LBS (5,5 kg), 3-p\u0142atowa, \u017celiwna z pow\u0142ok\u0105 PVC. Do ponton\u00f3w, kajak\u00f3w, \u0142odzi do 4 m. Trwa\u0142a, bezpieczna i kompatybilna z windami. Gwarancja","og_url":"https:\/\/atana.pl\/en\/online-shop\/lifts_accessories\/kotwice\/kotwica-river-12-55-kg\/","og_site_name":"Atana","article_publisher":"https:\/\/www.facebook.com\/atanayachts","article_modified_time":"2025-04-22T11:51:42+00:00","og_image":[{"width":1280,"height":1280,"url":"https:\/\/atana.pl\/wp-content\/uploads\/2024\/04\/KR12_River12_55-kg.jpg","type":"image\/jpeg"}],"twitter_card":"summary_large_image","twitter_misc":{"Estimated reading time":"1 minute"},"schema":{"@context":"https:\/\/schema.org","@graph":[{"@type":"WebPage","@id":"https:\/\/atana.pl\/sklep-on-line\/windy_akcesoria\/kotwice\/kotwica-river-12-55-kg\/","url":"https:\/\/atana.pl\/sklep-on-line\/windy_akcesoria\/kotwice\/kotwica-river-12-55-kg\/","name":"Kotwica RIVER 12 - 5,5 kg - Atana","isPartOf":{"@id":"https:\/\/atana.pl\/#website"},"primaryImageOfPage":{"@id":"https:\/\/atana.pl\/sklep-on-line\/windy_akcesoria\/kotwice\/kotwica-river-12-55-kg\/#primaryimage"},"image":{"@id":"https:\/\/atana.pl\/sklep-on-line\/windy_akcesoria\/kotwice\/kotwica-river-12-55-kg\/#primaryimage"},"thumbnailUrl":"https:\/\/atana.pl\/wp-content\/uploads\/2024\/04\/KR12_River12_55-kg.jpg","datePublished":"1996-01-27T11:16:32+00:00","dateModified":"2025-04-22T11:51:42+00:00","description":"Kotwica RIVER 12 LBS (5,5 kg), 3-p\u0142atowa, \u017celiwna z pow\u0142ok\u0105 PVC. Do ponton\u00f3w, kajak\u00f3w, \u0142odzi do 4 m. Trwa\u0142a, bezpieczna i kompatybilna z windami. Gwarancja","breadcrumb":{"@id":"https:\/\/atana.pl\/sklep-on-line\/windy_akcesoria\/kotwice\/kotwica-river-12-55-kg\/#breadcrumb"},"inLanguage":"en-GB","potentialAction":[{"@type":"ReadAction","target":["https:\/\/atana.pl\/sklep-on-line\/windy_akcesoria\/kotwice\/kotwica-river-12-55-kg\/"]}]},{"@type":"ImageObject","inLanguage":"en-GB","@id":"https:\/\/atana.pl\/sklep-on-line\/windy_akcesoria\/kotwice\/kotwica-river-12-55-kg\/#primaryimage","url":"https:\/\/atana.pl\/wp-content\/uploads\/2024\/04\/KR12_River12_55-kg.jpg","contentUrl":"https:\/\/atana.pl\/wp-content\/uploads\/2024\/04\/KR12_River12_55-kg.jpg","width":1280,"height":1280,"caption":"Kotwica RIVER 12 &#8211; 5,5 kg"},{"@type":"BreadcrumbList","@id":"https:\/\/atana.pl\/sklep-on-line\/windy_akcesoria\/kotwice\/kotwica-river-12-55-kg\/#breadcrumb","itemListElement":[{"@type":"ListItem","position":1,"name":"Strona g\u0142\u00f3wna","item":"https:\/\/atana.pl\/"},{"@type":"ListItem","position":2,"name":"Sklep on-line","item":"https:\/\/atana.pl\/sklep-on-line\/"},{"@type":"ListItem","position":3,"name":"Kotwica RIVER 12 &#8211; 5,5 kg"}]},{"@type":"WebSite","@id":"https:\/\/atana.pl\/#website","url":"https:\/\/atana.pl\/","name":"Atana","description":"Akcesoria do \u0142odzi, kamper\u00f3w i przyczep. \u0141odzie motorowe","publisher":{"@id":"https:\/\/atana.pl\/#organization"},"potentialAction":[{"@type":"SearchAction","target":{"@type":"EntryPoint","urlTemplate":"https:\/\/atana.pl\/?s={search_term_string}"},"query-input":{"@type":"PropertyValueSpecification","valueRequired":true,"valueName":"search_term_string"}}],"inLanguage":"en-GB"},{"@type":"Organization","@id":"https:\/\/atana.pl\/#organization","name":"Atana","url":"https:\/\/atana.pl\/","logo":{"@type":"ImageObject","inLanguage":"en-GB","@id":"https:\/\/atana.pl\/#\/schema\/logo\/image\/","url":"","contentUrl":"","caption":"Atana"},"image":{"@id":"https:\/\/atana.pl\/#\/schema\/logo\/image\/"},"sameAs":["https:\/\/www.facebook.com\/atanayachts","https:\/\/www.instagram.com\/atanaboats\/","https:\/\/www.youtube.com\/channel\/UClMMmVqqx17in9QzgxK90Mw"]}]}},"_links":{"self":[{"href":"https:\/\/atana.pl\/en\/wp-json\/wp\/v2\/product\/5359","targetHints":{"allow":["GET"]}}],"collection":[{"href":"https:\/\/atana.pl\/en\/wp-json\/wp\/v2\/product"}],"about":[{"href":"https:\/\/atana.pl\/en\/wp-json\/wp\/v2\/types\/product"}],"wp:featuredmedia":[{"embeddable":true,"href":"https:\/\/atana.pl\/en\/wp-json\/wp\/v2\/media\/4081"}],"wp:attachment":[{"href":"https:\/\/atana.pl\/en\/wp-json\/wp\/v2\/media?parent=5359"}],"wp:term":[{"taxonomy":"product_brand","embeddable":true,"href":"https:\/\/atana.pl\/en\/wp-json\/wp\/v2\/product_brand?post=5359"},{"taxonomy":"product_cat","embeddable":true,"href":"https:\/\/atana.pl\/en\/wp-json\/wp\/v2\/product_cat?post=5359"},{"taxonomy":"product_tag","embeddable":true,"href":"https:\/\/atana.pl\/en\/wp-json\/wp\/v2\/product_tag?post=5359"}],"curies":[{"name":"wp","href":"https:\/\/api.w.org\/{rel}","templated":true}]}}