{"id":5348,"date":"1997-01-27T12:16:32","date_gmt":"1997-01-27T11:16:32","guid":{"rendered":"https:\/\/atana.pl\/sklep-on-line\/kotwica-river-10-45-kg\/"},"modified":"2025-04-26T14:44:54","modified_gmt":"2025-04-26T12:44:54","slug":"kotwica-river-10-45-kg","status":"publish","type":"product","link":"https:\/\/atana.pl\/en\/online-shop\/lifts_accessories\/kotwice\/kotwica-river-10-45-kg\/","title":{"rendered":"Anchor RIVER 10 - 4.5 kg"},"content":{"rendered":"<h3 class=\"\" data-start=\"185\" data-end=\"256\">\u2693 Kotwica RIVER 10 LBS (4,5 kg) \u2013 3-p\u0142atowa, \u017celiwna, powlekana PVC<\/h3>\n<p class=\"\" data-start=\"258\" data-end=\"644\"><strong data-start=\"258\" data-end=\"291\">Kotwica RIVER 10 LBS (4,5 kg)<\/strong> to solidna i kompaktowa kotwica idealna dla mniejszych jednostek, takich jak pontony, kajaki czy \u0142odzie do 3,5 m d\u0142ugo\u015bci.<br data-start=\"414\" data-end=\"417\" \/>Zosta\u0142a wykonana z wytrzyma\u0142ego <strong data-start=\"449\" data-end=\"469\">\u017celiwnego odlewu<\/strong> i powleczona <strong data-start=\"483\" data-end=\"516\">trwa\u0142\u0105 pow\u0142ok\u0105 winylow\u0105 (PVC)<\/strong>, co sprawia, \u017ce jest odporna na uszkodzenia mechaniczne oraz \u0142atwa do czyszczenia \u2013 b\u0142oto i mu\u0142 nie przywieraj\u0105 do powierzchni.<\/p>\n<p data-start=\"643\" data-end=\"869\">Kotwica mo\u017ce by\u0107 obs\u0142ugiwana r\u0119cznie. Zalecane rolki kotwiczne:<\/p>\n<p><a href=\"https:\/\/atana.pl\/en\/online-shop\/lifts_accessories\/anchor-rollers-guide-rollers\/rolka-trac-sz25\/\"><img decoding=\"async\" class=\"alignnone wp-image-4664\" title=\"rolka-kotwiczna_SZ25_RKT25_TRAC-01\" src=\"https:\/\/atana.pl\/wp-content\/uploads\/2024\/04\/rolka-kotwiczna_SZ25_RKT25_TRAC-01.jpg\" alt=\"TRAC roller SZ25\" width=\"80\" height=\"80\" srcset=\"https:\/\/atana.pl\/wp-content\/uploads\/2024\/04\/rolka-kotwiczna_SZ25_RKT25_TRAC-01.jpg 900w, https:\/\/atana.pl\/wp-content\/uploads\/2024\/04\/rolka-kotwiczna_SZ25_RKT25_TRAC-01-300x300.jpg 300w, https:\/\/atana.pl\/wp-content\/uploads\/2024\/04\/rolka-kotwiczna_SZ25_RKT25_TRAC-01-100x100.jpg 100w, https:\/\/atana.pl\/wp-content\/uploads\/2024\/04\/rolka-kotwiczna_SZ25_RKT25_TRAC-01-600x600.jpg 600w, https:\/\/atana.pl\/wp-content\/uploads\/2024\/04\/rolka-kotwiczna_SZ25_RKT25_TRAC-01-64x64.jpg 64w\" sizes=\"(max-width: 80px) 100vw, 80px\" \/><\/a>\u00a0 \u00a0<a href=\"https:\/\/atana.pl\/en\/online-shop\/lifts_accessories\/anchor-rollers-guide-rollers\/rolka-trac-a30-2\/\"><img decoding=\"async\" class=\"alignnone wp-image-4670\" title=\"rolka-kotwiczna_A30_RKT30_TRAC-01\" src=\"https:\/\/atana.pl\/wp-content\/uploads\/2024\/04\/rolka-kotwiczna_A30_RKT30_TRAC-01.jpg\" alt=\"TRAC A30 roller\" width=\"80\" height=\"80\" srcset=\"https:\/\/atana.pl\/wp-content\/uploads\/2024\/04\/rolka-kotwiczna_A30_RKT30_TRAC-01.jpg 900w, https:\/\/atana.pl\/wp-content\/uploads\/2024\/04\/rolka-kotwiczna_A30_RKT30_TRAC-01-300x300.jpg 300w, https:\/\/atana.pl\/wp-content\/uploads\/2024\/04\/rolka-kotwiczna_A30_RKT30_TRAC-01-100x100.jpg 100w, https:\/\/atana.pl\/wp-content\/uploads\/2024\/04\/rolka-kotwiczna_A30_RKT30_TRAC-01-600x600.jpg 600w, https:\/\/atana.pl\/wp-content\/uploads\/2024\/04\/rolka-kotwiczna_A30_RKT30_TRAC-01-64x64.jpg 64w\" sizes=\"(max-width: 80px) 100vw, 80px\" \/><\/a>\u00a0 \u00a0<a href=\"https:\/\/atana.pl\/en\/online-shop\/lifts_accessories\/anchor-rollers-guide-rollers\/rolka-kotwiczna-nierdzewna-polerowana\/\"><img decoding=\"async\" class=\"alignnone wp-image-4041\" title=\"RKP305_1\" src=\"https:\/\/atana.pl\/wp-content\/uploads\/2024\/04\/RKP305_1.png\" alt=\"Stainless steel anchor roller - Polished\" width=\"80\" height=\"80\" srcset=\"https:\/\/atana.pl\/wp-content\/uploads\/2024\/04\/RKP305_1.png 2000w, https:\/\/atana.pl\/wp-content\/uploads\/2024\/04\/RKP305_1-300x300.png 300w, https:\/\/atana.pl\/wp-content\/uploads\/2024\/04\/RKP305_1-100x100.png 100w, https:\/\/atana.pl\/wp-content\/uploads\/2024\/04\/RKP305_1-600x600.png 600w, https:\/\/atana.pl\/wp-content\/uploads\/2024\/04\/RKP305_1-64x64.png 64w\" sizes=\"(max-width: 80px) 100vw, 80px\" \/><\/a><\/p>\n<p data-start=\"643\" data-end=\"869\">Lub pracowa\u0107 w po\u0142\u0105czeniu z dowoln\u0105 <a href=\"https:\/\/atana.pl\/en\/products\/lifts_accessories\/lifts\/\">wind\u0105 kotwiczn\u0105 TRAC<\/a>.<\/p>\n<p class=\"\" data-start=\"646\" data-end=\"844\">Trzy wyprofilowane p\u0142aty kotwicy <strong data-start=\"679\" data-end=\"711\">skutecznie wbijaj\u0105 si\u0119 w dno<\/strong>, zapewniaj\u0105c pewne zakotwiczenie w ka\u017cdych warunkach \u2013 niezale\u017cnie od tego, czy \u0142\u00f3d\u017a stoi na spokojnym jeziorze, czy w nurcie rzeki.<\/p>\n<hr class=\"\" data-start=\"846\" data-end=\"849\" \/>\n<h3 class=\"\" data-start=\"851\" data-end=\"900\">\u2705 Dlaczego warto wybra\u0107 kotwic\u0119 RIVER 10 LBS?<\/h3>\n<ul data-start=\"902\" data-end=\"1283\">\n<li class=\"\" data-start=\"902\" data-end=\"985\">\n<p class=\"\" data-start=\"904\" data-end=\"985\">Kompaktowa, a jednocze\u015bnie bardzo skuteczna \u2013 idealna do mniejszych jednostek<\/p>\n<\/li>\n<li class=\"\" data-start=\"986\" data-end=\"1058\">\n<p class=\"\" data-start=\"988\" data-end=\"1058\">Odporna na uszkodzenia i \u0142atwa w utrzymaniu \u2013 winylowa pow\u0142oka PVC<\/p>\n<\/li>\n<li class=\"\" data-start=\"1059\" data-end=\"1132\">\n<p class=\"\" data-start=\"1061\" data-end=\"1132\">G\u0142\u0119bokie wnikanie w dno \u2013 skuteczne trzymanie \u0142odzi nawet w pr\u0105dzie<\/p>\n<\/li>\n<li class=\"\" data-start=\"1133\" data-end=\"1191\">\n<p class=\"\" data-start=\"1135\" data-end=\"1191\">Brak ostrych kraw\u0119dzi \u2013 bezpieczna dla pok\u0142adu i r\u0105k<\/p>\n<\/li>\n<li class=\"\" data-start=\"1192\" data-end=\"1246\">\n<p class=\"\" data-start=\"1194\" data-end=\"1246\">Kompatybilna z elektrycznymi windami kotwicznymi<\/p>\n<\/li>\n<li class=\"\" data-start=\"1247\" data-end=\"1283\">\n<p class=\"\" data-start=\"1249\" data-end=\"1283\">Doskona\u0142a w b\u0142ocie, mule, piasku<\/p>\n<\/li>\n<\/ul>\n<hr class=\"\" data-start=\"1610\" data-end=\"1613\" \/>\n<h3 class=\"\" data-start=\"1615\" data-end=\"1627\">\u26a0\ufe0f Uwaga<\/h3>\n<p class=\"\" data-start=\"1629\" data-end=\"1786\">Podczas transportu \u0142odzi na przyczepie <strong data-start=\"1668\" data-end=\"1724\">zawsze nale\u017cy zdemontowa\u0107 kotwic\u0119 z rolki kotwicznej<\/strong> i umie\u015bci\u0107 j\u0105 bezpiecznie w baki\u015bcie lub baga\u017cniku samochodu.<\/p>\n<hr class=\"\" data-start=\"2022\" data-end=\"2025\" \/>\n<h3 class=\"\" data-start=\"2027\" data-end=\"2046\">\ud83d\udedf Podsumowanie<\/h3>\n<p class=\"\" data-start=\"2048\" data-end=\"2394\"><strong data-start=\"2048\" data-end=\"2081\">Kotwica RIVER 10 LBS (4,5 kg)<\/strong> to niezawodne rozwi\u0105zanie dla wszystkich, kt\u00f3rzy oczekuj\u0105 skutecznego kotwiczenia przy zachowaniu niewielkich rozmiar\u00f3w i \u0142atwo\u015bci u\u017cytkowania.<br data-start=\"2225\" data-end=\"2228\" \/>Dzi\u0119ki pow\u0142oce PVC, trwa\u0142ej konstrukcji i wyprofilowanym p\u0142atom \u2013 sprawdzi si\u0119 zar\u00f3wno podczas spokojnych rejs\u00f3w, jak i w bardziej wymagaj\u0105cych warunkach rzecznych. \u2693<\/p>","protected":false},"excerpt":{"rendered":"<p>Anchor RIVER 10 - 4.5 kg<\/p>","protected":false},"featured_media":4078,"template":"","meta":{"_acf_changed":false},"product_brand":[],"product_cat":[104,111,102],"product_tag":[825,908,830,919,918,913,914,912,920,831,917,915],"class_list":{"0":"post-5348","1":"product","2":"type-product","3":"status-publish","4":"has-post-thumbnail","6":"product_cat-windy_akcesoria","7":"product_cat-kotwice","8":"product_cat-trac","9":"product_tag-5-kg","10":"product_tag-5-m","11":"product_tag-akcesoria-kotwiczne","12":"product_tag-kotwica-10-lbs","13":"product_tag-kotwica-4","14":"product_tag-kotwica-do-kajaka","15":"product_tag-kotwica-do-lodzi-3","16":"product_tag-kotwica-do-pontonu","17":"product_tag-kotwica-pvc","18":"product_tag-kotwica-river","19":"product_tag-kotwica-trac","20":"product_tag-kotwica-zeliwna","22":"first","23":"instock","24":"taxable","25":"shipping-taxable","26":"purchasable","27":"product-type-simple"},"acf":[],"yoast_head":"<!-- This site is optimized with the Yoast SEO plugin v25.2 - https:\/\/yoast.com\/wordpress\/plugins\/seo\/ -->\n<title>Kotwica RIVER 10 - 4,5 kg - Atana<\/title>\n<meta name=\"description\" content=\"Kotwica RIVER 10 LBS (4,5 kg), 3-p\u0142atowa, z \u017celiwa powlekanego PVC. Idealna do ponton\u00f3w, kajak\u00f3w i \u0142odzi do 3,5 m. Kompatybilna z windami kotwicznymi.\" \/>\n<meta name=\"robots\" content=\"index, follow, max-snippet:-1, max-image-preview:large, max-video-preview:-1\" \/>\n<link rel=\"canonical\" href=\"https:\/\/atana.pl\/en\/online-shop\/lifts_accessories\/kotwice\/kotwica-river-10-45-kg\/\" \/>\n<meta property=\"og:locale\" content=\"en_GB\" \/>\n<meta property=\"og:type\" content=\"article\" \/>\n<meta property=\"og:title\" content=\"Kotwica RIVER 10 - 4,5 kg - Atana\" \/>\n<meta property=\"og:description\" content=\"Kotwica RIVER 10 LBS (4,5 kg), 3-p\u0142atowa, z \u017celiwa powlekanego PVC. Idealna do ponton\u00f3w, kajak\u00f3w i \u0142odzi do 3,5 m. Kompatybilna z windami kotwicznymi.\" \/>\n<meta property=\"og:url\" content=\"https:\/\/atana.pl\/en\/online-shop\/lifts_accessories\/kotwice\/kotwica-river-10-45-kg\/\" \/>\n<meta property=\"og:site_name\" content=\"Atana\" \/>\n<meta property=\"article:publisher\" content=\"https:\/\/www.facebook.com\/atanayachts\" \/>\n<meta property=\"article:modified_time\" content=\"2025-04-26T12:44:54+00:00\" \/>\n<meta property=\"og:image\" content=\"https:\/\/atana.pl\/wp-content\/uploads\/2024\/04\/KR10_River10_45-kg.jpg\" \/>\n\t<meta property=\"og:image:width\" content=\"1280\" \/>\n\t<meta property=\"og:image:height\" content=\"1280\" \/>\n\t<meta property=\"og:image:type\" content=\"image\/jpeg\" \/>\n<meta name=\"twitter:card\" content=\"summary_large_image\" \/>\n<meta name=\"twitter:label1\" content=\"Estimated reading time\" \/>\n\t<meta name=\"twitter:data1\" content=\"1 minute\" \/>\n<script type=\"application\/ld+json\" class=\"yoast-schema-graph\">{\"@context\":\"https:\/\/schema.org\",\"@graph\":[{\"@type\":\"WebPage\",\"@id\":\"https:\/\/atana.pl\/sklep-on-line\/windy_akcesoria\/kotwice\/kotwica-river-10-45-kg\/\",\"url\":\"https:\/\/atana.pl\/sklep-on-line\/windy_akcesoria\/kotwice\/kotwica-river-10-45-kg\/\",\"name\":\"Kotwica RIVER 10 - 4,5 kg - Atana\",\"isPartOf\":{\"@id\":\"https:\/\/atana.pl\/#website\"},\"primaryImageOfPage\":{\"@id\":\"https:\/\/atana.pl\/sklep-on-line\/windy_akcesoria\/kotwice\/kotwica-river-10-45-kg\/#primaryimage\"},\"image\":{\"@id\":\"https:\/\/atana.pl\/sklep-on-line\/windy_akcesoria\/kotwice\/kotwica-river-10-45-kg\/#primaryimage\"},\"thumbnailUrl\":\"https:\/\/atana.pl\/wp-content\/uploads\/2024\/04\/KR10_River10_45-kg.jpg\",\"datePublished\":\"1997-01-27T11:16:32+00:00\",\"dateModified\":\"2025-04-26T12:44:54+00:00\",\"description\":\"Kotwica RIVER 10 LBS (4,5 kg), 3-p\u0142atowa, z \u017celiwa powlekanego PVC. Idealna do ponton\u00f3w, kajak\u00f3w i \u0142odzi do 3,5 m. Kompatybilna z windami kotwicznymi.\",\"breadcrumb\":{\"@id\":\"https:\/\/atana.pl\/sklep-on-line\/windy_akcesoria\/kotwice\/kotwica-river-10-45-kg\/#breadcrumb\"},\"inLanguage\":\"en-GB\",\"potentialAction\":[{\"@type\":\"ReadAction\",\"target\":[\"https:\/\/atana.pl\/sklep-on-line\/windy_akcesoria\/kotwice\/kotwica-river-10-45-kg\/\"]}]},{\"@type\":\"ImageObject\",\"inLanguage\":\"en-GB\",\"@id\":\"https:\/\/atana.pl\/sklep-on-line\/windy_akcesoria\/kotwice\/kotwica-river-10-45-kg\/#primaryimage\",\"url\":\"https:\/\/atana.pl\/wp-content\/uploads\/2024\/04\/KR10_River10_45-kg.jpg\",\"contentUrl\":\"https:\/\/atana.pl\/wp-content\/uploads\/2024\/04\/KR10_River10_45-kg.jpg\",\"width\":1280,\"height\":1280,\"caption\":\"Kotwica RIVER 10 &#8211; 4,5 kg\"},{\"@type\":\"BreadcrumbList\",\"@id\":\"https:\/\/atana.pl\/sklep-on-line\/windy_akcesoria\/kotwice\/kotwica-river-10-45-kg\/#breadcrumb\",\"itemListElement\":[{\"@type\":\"ListItem\",\"position\":1,\"name\":\"Strona g\u0142\u00f3wna\",\"item\":\"https:\/\/atana.pl\/\"},{\"@type\":\"ListItem\",\"position\":2,\"name\":\"Sklep on-line\",\"item\":\"https:\/\/atana.pl\/sklep-on-line\/\"},{\"@type\":\"ListItem\",\"position\":3,\"name\":\"Kotwica RIVER 10 &#8211; 4,5 kg\"}]},{\"@type\":\"WebSite\",\"@id\":\"https:\/\/atana.pl\/#website\",\"url\":\"https:\/\/atana.pl\/\",\"name\":\"Atana\",\"description\":\"Akcesoria do \u0142odzi, kamper\u00f3w i przyczep. \u0141odzie motorowe\",\"publisher\":{\"@id\":\"https:\/\/atana.pl\/#organization\"},\"potentialAction\":[{\"@type\":\"SearchAction\",\"target\":{\"@type\":\"EntryPoint\",\"urlTemplate\":\"https:\/\/atana.pl\/?s={search_term_string}\"},\"query-input\":{\"@type\":\"PropertyValueSpecification\",\"valueRequired\":true,\"valueName\":\"search_term_string\"}}],\"inLanguage\":\"en-GB\"},{\"@type\":\"Organization\",\"@id\":\"https:\/\/atana.pl\/#organization\",\"name\":\"Atana\",\"url\":\"https:\/\/atana.pl\/\",\"logo\":{\"@type\":\"ImageObject\",\"inLanguage\":\"en-GB\",\"@id\":\"https:\/\/atana.pl\/#\/schema\/logo\/image\/\",\"url\":\"\",\"contentUrl\":\"\",\"caption\":\"Atana\"},\"image\":{\"@id\":\"https:\/\/atana.pl\/#\/schema\/logo\/image\/\"},\"sameAs\":[\"https:\/\/www.facebook.com\/atanayachts\",\"https:\/\/www.instagram.com\/atanaboats\/\",\"https:\/\/www.youtube.com\/channel\/UClMMmVqqx17in9QzgxK90Mw\"]}]}<\/script>\n<!-- \/ Yoast SEO plugin. -->","yoast_head_json":{"title":"Kotwica RIVER 10 - 4,5 kg - Atana","description":"Kotwica RIVER 10 LBS (4,5 kg), 3-p\u0142atowa, z \u017celiwa powlekanego PVC. Idealna do ponton\u00f3w, kajak\u00f3w i \u0142odzi do 3,5 m. Kompatybilna z windami kotwicznymi.","robots":{"index":"index","follow":"follow","max-snippet":"max-snippet:-1","max-image-preview":"max-image-preview:large","max-video-preview":"max-video-preview:-1"},"canonical":"https:\/\/atana.pl\/en\/online-shop\/lifts_accessories\/kotwice\/kotwica-river-10-45-kg\/","og_locale":"en_GB","og_type":"article","og_title":"Kotwica RIVER 10 - 4,5 kg - Atana","og_description":"Kotwica RIVER 10 LBS (4,5 kg), 3-p\u0142atowa, z \u017celiwa powlekanego PVC. Idealna do ponton\u00f3w, kajak\u00f3w i \u0142odzi do 3,5 m. Kompatybilna z windami kotwicznymi.","og_url":"https:\/\/atana.pl\/en\/online-shop\/lifts_accessories\/kotwice\/kotwica-river-10-45-kg\/","og_site_name":"Atana","article_publisher":"https:\/\/www.facebook.com\/atanayachts","article_modified_time":"2025-04-26T12:44:54+00:00","og_image":[{"width":1280,"height":1280,"url":"https:\/\/atana.pl\/wp-content\/uploads\/2024\/04\/KR10_River10_45-kg.jpg","type":"image\/jpeg"}],"twitter_card":"summary_large_image","twitter_misc":{"Estimated reading time":"1 minute"},"schema":{"@context":"https:\/\/schema.org","@graph":[{"@type":"WebPage","@id":"https:\/\/atana.pl\/sklep-on-line\/windy_akcesoria\/kotwice\/kotwica-river-10-45-kg\/","url":"https:\/\/atana.pl\/sklep-on-line\/windy_akcesoria\/kotwice\/kotwica-river-10-45-kg\/","name":"Kotwica RIVER 10 - 4,5 kg - Atana","isPartOf":{"@id":"https:\/\/atana.pl\/#website"},"primaryImageOfPage":{"@id":"https:\/\/atana.pl\/sklep-on-line\/windy_akcesoria\/kotwice\/kotwica-river-10-45-kg\/#primaryimage"},"image":{"@id":"https:\/\/atana.pl\/sklep-on-line\/windy_akcesoria\/kotwice\/kotwica-river-10-45-kg\/#primaryimage"},"thumbnailUrl":"https:\/\/atana.pl\/wp-content\/uploads\/2024\/04\/KR10_River10_45-kg.jpg","datePublished":"1997-01-27T11:16:32+00:00","dateModified":"2025-04-26T12:44:54+00:00","description":"Kotwica RIVER 10 LBS (4,5 kg), 3-p\u0142atowa, z \u017celiwa powlekanego PVC. Idealna do ponton\u00f3w, kajak\u00f3w i \u0142odzi do 3,5 m. Kompatybilna z windami kotwicznymi.","breadcrumb":{"@id":"https:\/\/atana.pl\/sklep-on-line\/windy_akcesoria\/kotwice\/kotwica-river-10-45-kg\/#breadcrumb"},"inLanguage":"en-GB","potentialAction":[{"@type":"ReadAction","target":["https:\/\/atana.pl\/sklep-on-line\/windy_akcesoria\/kotwice\/kotwica-river-10-45-kg\/"]}]},{"@type":"ImageObject","inLanguage":"en-GB","@id":"https:\/\/atana.pl\/sklep-on-line\/windy_akcesoria\/kotwice\/kotwica-river-10-45-kg\/#primaryimage","url":"https:\/\/atana.pl\/wp-content\/uploads\/2024\/04\/KR10_River10_45-kg.jpg","contentUrl":"https:\/\/atana.pl\/wp-content\/uploads\/2024\/04\/KR10_River10_45-kg.jpg","width":1280,"height":1280,"caption":"Kotwica RIVER 10 &#8211; 4,5 kg"},{"@type":"BreadcrumbList","@id":"https:\/\/atana.pl\/sklep-on-line\/windy_akcesoria\/kotwice\/kotwica-river-10-45-kg\/#breadcrumb","itemListElement":[{"@type":"ListItem","position":1,"name":"Strona g\u0142\u00f3wna","item":"https:\/\/atana.pl\/"},{"@type":"ListItem","position":2,"name":"Sklep on-line","item":"https:\/\/atana.pl\/sklep-on-line\/"},{"@type":"ListItem","position":3,"name":"Kotwica RIVER 10 &#8211; 4,5 kg"}]},{"@type":"WebSite","@id":"https:\/\/atana.pl\/#website","url":"https:\/\/atana.pl\/","name":"Atana","description":"Akcesoria do \u0142odzi, kamper\u00f3w i przyczep. \u0141odzie motorowe","publisher":{"@id":"https:\/\/atana.pl\/#organization"},"potentialAction":[{"@type":"SearchAction","target":{"@type":"EntryPoint","urlTemplate":"https:\/\/atana.pl\/?s={search_term_string}"},"query-input":{"@type":"PropertyValueSpecification","valueRequired":true,"valueName":"search_term_string"}}],"inLanguage":"en-GB"},{"@type":"Organization","@id":"https:\/\/atana.pl\/#organization","name":"Atana","url":"https:\/\/atana.pl\/","logo":{"@type":"ImageObject","inLanguage":"en-GB","@id":"https:\/\/atana.pl\/#\/schema\/logo\/image\/","url":"","contentUrl":"","caption":"Atana"},"image":{"@id":"https:\/\/atana.pl\/#\/schema\/logo\/image\/"},"sameAs":["https:\/\/www.facebook.com\/atanayachts","https:\/\/www.instagram.com\/atanaboats\/","https:\/\/www.youtube.com\/channel\/UClMMmVqqx17in9QzgxK90Mw"]}]}},"_links":{"self":[{"href":"https:\/\/atana.pl\/en\/wp-json\/wp\/v2\/product\/5348","targetHints":{"allow":["GET"]}}],"collection":[{"href":"https:\/\/atana.pl\/en\/wp-json\/wp\/v2\/product"}],"about":[{"href":"https:\/\/atana.pl\/en\/wp-json\/wp\/v2\/types\/product"}],"wp:featuredmedia":[{"embeddable":true,"href":"https:\/\/atana.pl\/en\/wp-json\/wp\/v2\/media\/4078"}],"wp:attachment":[{"href":"https:\/\/atana.pl\/en\/wp-json\/wp\/v2\/media?parent=5348"}],"wp:term":[{"taxonomy":"product_brand","embeddable":true,"href":"https:\/\/atana.pl\/en\/wp-json\/wp\/v2\/product_brand?post=5348"},{"taxonomy":"product_cat","embeddable":true,"href":"https:\/\/atana.pl\/en\/wp-json\/wp\/v2\/product_cat?post=5348"},{"taxonomy":"product_tag","embeddable":true,"href":"https:\/\/atana.pl\/en\/wp-json\/wp\/v2\/product_tag?post=5348"}],"curies":[{"name":"wp","href":"https:\/\/api.w.org\/{rel}","templated":true}]}}