{"id":5337,"date":"1998-01-27T12:16:32","date_gmt":"1998-01-27T11:16:32","guid":{"rendered":"https:\/\/atana.pl\/sklep-on-line\/kotwica-river-8-35-kg\/"},"modified":"2025-04-22T13:50:49","modified_gmt":"2025-04-22T11:50:49","slug":"kotwica-river-8-35-kg","status":"publish","type":"product","link":"https:\/\/atana.pl\/en\/online-shop\/lifts_accessories\/kotwice\/kotwica-river-8-35-kg\/","title":{"rendered":"Anchor RIVER 8 - 3.5 kg"},"content":{"rendered":"<h3 class=\"\" data-start=\"211\" data-end=\"281\">\u2693 Kotwica RIVER 8 LBS (3,5 kg) \u2013 3-p\u0142atowa, \u017celiwna, powlekana PVC<\/h3>\n<p class=\"\" data-start=\"283\" data-end=\"641\"><strong data-start=\"283\" data-end=\"315\">Kotwica RIVER 8 LBS (3,5 kg)<\/strong> to kompaktowe i niezawodne rozwi\u0105zanie do kotwiczenia mniejszych jednostek p\u0142ywaj\u0105cych, takich jak pontony, kajaki czy \u0142odzie do 3,5 m d\u0142ugo\u015bci.<br data-start=\"460\" data-end=\"463\" \/>Wykonana z <strong data-start=\"474\" data-end=\"504\">odpornego odlewu \u017celiwnego<\/strong> i pokryta <strong data-start=\"515\" data-end=\"539\">winylow\u0105 pow\u0142ok\u0105 PVC<\/strong>, \u0142\u0105czy trwa\u0142o\u015b\u0107 z bezpiecze\u0144stwem \u2013 brak ostrych kraw\u0119dzi chroni pok\u0142ad i kad\u0142ub przed uszkodzeniami.<\/p>\n<p class=\"\" data-start=\"643\" data-end=\"869\"><strong data-start=\"643\" data-end=\"665\">Trzy solidne p\u0142aty<\/strong> zapewniaj\u0105 pewne zakotwiczenie nawet w trudnych warunkach \u2013 doskonale wnikaj\u0105 w b\u0142otniste, muliste i piaszczyste dno. Dzi\u0119ki temu kotwica idealnie sprawdza si\u0119 zar\u00f3wno na jeziorach, jak i w nurcie rzeki.<\/p>\n<p data-start=\"643\" data-end=\"869\">Kotwica mo\u017ce by\u0107 obs\u0142ugiwana r\u0119cznie. Zalecane rolki kotwiczne:<\/p>\n<p><a href=\"https:\/\/atana.pl\/en\/online-shop\/lifts_accessories\/anchor-rollers-guide-rollers\/rolka-trac-sz25\/\"><img decoding=\"async\" class=\"alignnone wp-image-4664\" title=\"rolka-kotwiczna_SZ25_RKT25_TRAC-01\" src=\"https:\/\/atana.pl\/wp-content\/uploads\/2024\/04\/rolka-kotwiczna_SZ25_RKT25_TRAC-01.jpg\" alt=\"TRAC roller SZ25\" width=\"80\" height=\"80\" srcset=\"https:\/\/atana.pl\/wp-content\/uploads\/2024\/04\/rolka-kotwiczna_SZ25_RKT25_TRAC-01.jpg 900w, https:\/\/atana.pl\/wp-content\/uploads\/2024\/04\/rolka-kotwiczna_SZ25_RKT25_TRAC-01-300x300.jpg 300w, https:\/\/atana.pl\/wp-content\/uploads\/2024\/04\/rolka-kotwiczna_SZ25_RKT25_TRAC-01-100x100.jpg 100w, https:\/\/atana.pl\/wp-content\/uploads\/2024\/04\/rolka-kotwiczna_SZ25_RKT25_TRAC-01-600x600.jpg 600w, https:\/\/atana.pl\/wp-content\/uploads\/2024\/04\/rolka-kotwiczna_SZ25_RKT25_TRAC-01-64x64.jpg 64w\" sizes=\"(max-width: 80px) 100vw, 80px\" \/><\/a>\u00a0 \u00a0<a href=\"https:\/\/atana.pl\/en\/online-shop\/lifts_accessories\/anchor-rollers-guide-rollers\/rolka-trac-a30-2\/\"><img decoding=\"async\" class=\"alignnone wp-image-4670\" title=\"rolka-kotwiczna_A30_RKT30_TRAC-01\" src=\"https:\/\/atana.pl\/wp-content\/uploads\/2024\/04\/rolka-kotwiczna_A30_RKT30_TRAC-01.jpg\" alt=\"TRAC A30 roller\" width=\"80\" height=\"80\" srcset=\"https:\/\/atana.pl\/wp-content\/uploads\/2024\/04\/rolka-kotwiczna_A30_RKT30_TRAC-01.jpg 900w, https:\/\/atana.pl\/wp-content\/uploads\/2024\/04\/rolka-kotwiczna_A30_RKT30_TRAC-01-300x300.jpg 300w, https:\/\/atana.pl\/wp-content\/uploads\/2024\/04\/rolka-kotwiczna_A30_RKT30_TRAC-01-100x100.jpg 100w, https:\/\/atana.pl\/wp-content\/uploads\/2024\/04\/rolka-kotwiczna_A30_RKT30_TRAC-01-600x600.jpg 600w, https:\/\/atana.pl\/wp-content\/uploads\/2024\/04\/rolka-kotwiczna_A30_RKT30_TRAC-01-64x64.jpg 64w\" sizes=\"(max-width: 80px) 100vw, 80px\" \/><\/a>\u00a0 \u00a0<a href=\"https:\/\/atana.pl\/en\/online-shop\/lifts_accessories\/anchor-rollers-guide-rollers\/rolka-kotwiczna-nierdzewna-polerowana\/\"><img decoding=\"async\" class=\"alignnone wp-image-4041\" title=\"RKP305_1\" src=\"https:\/\/atana.pl\/wp-content\/uploads\/2024\/04\/RKP305_1.png\" alt=\"Stainless steel anchor roller - Polished\" width=\"80\" height=\"80\" srcset=\"https:\/\/atana.pl\/wp-content\/uploads\/2024\/04\/RKP305_1.png 2000w, https:\/\/atana.pl\/wp-content\/uploads\/2024\/04\/RKP305_1-300x300.png 300w, https:\/\/atana.pl\/wp-content\/uploads\/2024\/04\/RKP305_1-100x100.png 100w, https:\/\/atana.pl\/wp-content\/uploads\/2024\/04\/RKP305_1-600x600.png 600w, https:\/\/atana.pl\/wp-content\/uploads\/2024\/04\/RKP305_1-64x64.png 64w\" sizes=\"(max-width: 80px) 100vw, 80px\" \/><\/a><\/p>\n<p data-start=\"643\" data-end=\"869\">Lub pracowa\u0107 w po\u0142\u0105czeniu z dowoln\u0105 <a href=\"https:\/\/atana.pl\/en\/products\/lifts_accessories\/lifts\/\">wind\u0105 kotwiczn\u0105 TRAC<\/a>.<\/p>\n<p class=\"\" data-start=\"871\" data-end=\"987\">Dzi\u0119ki swojej konstrukcji i wyko\u0144czeniu, kotwica jest \u0142atwa do czyszczenia \u2013 b\u0142oto i mu\u0142 nie przywieraj\u0105 do pow\u0142oki.<\/p>\n<hr class=\"\" data-start=\"989\" data-end=\"992\" \/>\n<h3 class=\"\" data-start=\"994\" data-end=\"1042\">\u2705 Dlaczego warto wybra\u0107 kotwic\u0119 RIVER 8 LBS?<\/h3>\n<ul data-start=\"1044\" data-end=\"1433\">\n<li class=\"\" data-start=\"1044\" data-end=\"1106\">\n<p class=\"\" data-start=\"1046\" data-end=\"1106\">Trwa\u0142a konstrukcja \u2013 wykonana z \u017celiwa i pokryta winylem<\/p>\n<\/li>\n<li class=\"\" data-start=\"1107\" data-end=\"1173\">\n<p class=\"\" data-start=\"1109\" data-end=\"1173\">Bezpieczna dla \u0142odzi \u2013 brak ostrych kraw\u0119dzi, mi\u0119kka pow\u0142oka<\/p>\n<\/li>\n<li class=\"\" data-start=\"1174\" data-end=\"1247\">\n<p class=\"\" data-start=\"1176\" data-end=\"1247\">Doskona\u0142e trzymanie \u2013 \u015bwietnie sprawdza si\u0119 w b\u0142ocie, mule i piachu<\/p>\n<\/li>\n<li class=\"\" data-start=\"1248\" data-end=\"1302\">\n<p class=\"\" data-start=\"1250\" data-end=\"1302\">Kompatybilna z elektrycznymi windami kotwicznymi<\/p>\n<\/li>\n<li class=\"\" data-start=\"1303\" data-end=\"1359\">\n<p class=\"\" data-start=\"1305\" data-end=\"1359\">Lekka i por\u0119czna \u2013 idealna do mniejszych jednostek<\/p>\n<\/li>\n<li class=\"\" data-start=\"1360\" data-end=\"1433\">\n<p class=\"\" data-start=\"1362\" data-end=\"1433\">\u0141atwa w czyszczeniu \u2013 pow\u0142oka zapobiega przywieraniu zanieczyszcze\u0144<\/p>\n<\/li>\n<\/ul>\n<hr class=\"\" data-start=\"1745\" data-end=\"1748\" \/>\n<h3 class=\"\" data-start=\"1750\" data-end=\"1762\">\u26a0\ufe0f Uwaga<\/h3>\n<p class=\"\" data-start=\"1764\" data-end=\"1921\">Podczas transportu \u0142odzi na przyczepie, <strong data-start=\"1804\" data-end=\"1860\">zawsze nale\u017cy zdemontowa\u0107 kotwic\u0119 z rolki kotwicznej<\/strong> i bezpiecznie schowa\u0107 j\u0105 do bakisty lub baga\u017cnika samochodu.<\/p>\n<hr class=\"\" data-start=\"2162\" data-end=\"2165\" \/>\n<h3 class=\"\" data-start=\"2167\" data-end=\"2186\">\ud83d\udedf Podsumowanie<\/h3>\n<p class=\"\" data-start=\"2188\" data-end=\"2554\"><strong data-start=\"2188\" data-end=\"2220\">Kotwica RIVER 8 LBS (3,5 kg)<\/strong> to idealne rozwi\u0105zanie dla ka\u017cdego, kto potrzebuje lekkiej, trwa\u0142ej i skutecznej kotwicy do mniejszych jednostek.<br data-start=\"2334\" data-end=\"2337\" \/>Dzi\u0119ki pow\u0142oce winylowej i 3-p\u0142atowej konstrukcji zyskujesz pewno\u015b\u0107, \u017ce \u0142\u00f3d\u017a pozostanie w miejscu nawet w silnym nurcie.<br data-start=\"2457\" data-end=\"2460\" \/>Postaw na jako\u015b\u0107, bezpiecze\u0144stwo i wygod\u0119 kotwiczenia \u2013 zar\u00f3wno na jeziorze, jak i na rzece. \u2693<\/p>","protected":false},"excerpt":{"rendered":"<p>Anchor RIVER 8 - 3.5 kg<\/p>","protected":false},"featured_media":4067,"template":"","meta":{"_acf_changed":false},"product_brand":[],"product_cat":[104,111,102],"product_tag":[825,908,830,910,911,913,914,912,916,831,917,915],"class_list":{"0":"post-5337","1":"product","2":"type-product","3":"status-publish","4":"has-post-thumbnail","6":"product_cat-windy_akcesoria","7":"product_cat-kotwice","8":"product_cat-trac","9":"product_tag-5-kg","10":"product_tag-5-m","11":"product_tag-akcesoria-kotwiczne","12":"product_tag-kotwica-3","13":"product_tag-kotwica-8-lbs","14":"product_tag-kotwica-do-kajaka","15":"product_tag-kotwica-do-lodzi-3","16":"product_tag-kotwica-do-pontonu","17":"product_tag-kotwica-powlekana-pcv","18":"product_tag-kotwica-river","19":"product_tag-kotwica-trac","20":"product_tag-kotwica-zeliwna","22":"first","23":"instock","24":"taxable","25":"shipping-taxable","26":"purchasable","27":"product-type-simple"},"acf":[],"yoast_head":"<!-- This site is optimized with the Yoast SEO plugin v25.2 - https:\/\/yoast.com\/wordpress\/plugins\/seo\/ -->\n<title>Kotwica RIVER 8 - 3,5 kg - Atana<\/title>\n<meta name=\"description\" content=\"Kotwica RIVER 8 LBS (3,5 kg), 3-p\u0142atowa, powlekana winylem. Do ponton\u00f3w, kajak\u00f3w, \u0142odzi do 3,5 m. Kompatybilna z windami. Trwa\u0142a i bezpieczna. Gwarancja\" \/>\n<meta name=\"robots\" content=\"index, follow, max-snippet:-1, max-image-preview:large, max-video-preview:-1\" \/>\n<link rel=\"canonical\" href=\"https:\/\/atana.pl\/en\/online-shop\/lifts_accessories\/kotwice\/kotwica-river-8-35-kg\/\" \/>\n<meta property=\"og:locale\" content=\"en_GB\" \/>\n<meta property=\"og:type\" content=\"article\" \/>\n<meta property=\"og:title\" content=\"Kotwica RIVER 8 - 3,5 kg - Atana\" \/>\n<meta property=\"og:description\" content=\"Kotwica RIVER 8 LBS (3,5 kg), 3-p\u0142atowa, powlekana winylem. Do ponton\u00f3w, kajak\u00f3w, \u0142odzi do 3,5 m. Kompatybilna z windami. Trwa\u0142a i bezpieczna. Gwarancja\" \/>\n<meta property=\"og:url\" content=\"https:\/\/atana.pl\/en\/online-shop\/lifts_accessories\/kotwice\/kotwica-river-8-35-kg\/\" \/>\n<meta property=\"og:site_name\" content=\"Atana\" \/>\n<meta property=\"article:publisher\" content=\"https:\/\/www.facebook.com\/atanayachts\" \/>\n<meta property=\"article:modified_time\" content=\"2025-04-22T11:50:49+00:00\" \/>\n<meta property=\"og:image\" content=\"https:\/\/atana.pl\/wp-content\/uploads\/2024\/04\/KR8_River8_35-kg.jpg\" \/>\n\t<meta property=\"og:image:width\" content=\"1280\" \/>\n\t<meta property=\"og:image:height\" content=\"1280\" \/>\n\t<meta property=\"og:image:type\" content=\"image\/jpeg\" \/>\n<meta name=\"twitter:card\" content=\"summary_large_image\" \/>\n<meta name=\"twitter:label1\" content=\"Estimated reading time\" \/>\n\t<meta name=\"twitter:data1\" content=\"1 minute\" \/>\n<script type=\"application\/ld+json\" class=\"yoast-schema-graph\">{\"@context\":\"https:\/\/schema.org\",\"@graph\":[{\"@type\":\"WebPage\",\"@id\":\"https:\/\/atana.pl\/sklep-on-line\/windy_akcesoria\/kotwice\/kotwica-river-8-35-kg\/\",\"url\":\"https:\/\/atana.pl\/sklep-on-line\/windy_akcesoria\/kotwice\/kotwica-river-8-35-kg\/\",\"name\":\"Kotwica RIVER 8 - 3,5 kg - Atana\",\"isPartOf\":{\"@id\":\"https:\/\/atana.pl\/#website\"},\"primaryImageOfPage\":{\"@id\":\"https:\/\/atana.pl\/sklep-on-line\/windy_akcesoria\/kotwice\/kotwica-river-8-35-kg\/#primaryimage\"},\"image\":{\"@id\":\"https:\/\/atana.pl\/sklep-on-line\/windy_akcesoria\/kotwice\/kotwica-river-8-35-kg\/#primaryimage\"},\"thumbnailUrl\":\"https:\/\/atana.pl\/wp-content\/uploads\/2024\/04\/KR8_River8_35-kg.jpg\",\"datePublished\":\"1998-01-27T11:16:32+00:00\",\"dateModified\":\"2025-04-22T11:50:49+00:00\",\"description\":\"Kotwica RIVER 8 LBS (3,5 kg), 3-p\u0142atowa, powlekana winylem. Do ponton\u00f3w, kajak\u00f3w, \u0142odzi do 3,5 m. Kompatybilna z windami. Trwa\u0142a i bezpieczna. Gwarancja\",\"breadcrumb\":{\"@id\":\"https:\/\/atana.pl\/sklep-on-line\/windy_akcesoria\/kotwice\/kotwica-river-8-35-kg\/#breadcrumb\"},\"inLanguage\":\"en-GB\",\"potentialAction\":[{\"@type\":\"ReadAction\",\"target\":[\"https:\/\/atana.pl\/sklep-on-line\/windy_akcesoria\/kotwice\/kotwica-river-8-35-kg\/\"]}]},{\"@type\":\"ImageObject\",\"inLanguage\":\"en-GB\",\"@id\":\"https:\/\/atana.pl\/sklep-on-line\/windy_akcesoria\/kotwice\/kotwica-river-8-35-kg\/#primaryimage\",\"url\":\"https:\/\/atana.pl\/wp-content\/uploads\/2024\/04\/KR8_River8_35-kg.jpg\",\"contentUrl\":\"https:\/\/atana.pl\/wp-content\/uploads\/2024\/04\/KR8_River8_35-kg.jpg\",\"width\":1280,\"height\":1280,\"caption\":\"Kotwica RIVER 8 &#8211; 3,5 kg\"},{\"@type\":\"BreadcrumbList\",\"@id\":\"https:\/\/atana.pl\/sklep-on-line\/windy_akcesoria\/kotwice\/kotwica-river-8-35-kg\/#breadcrumb\",\"itemListElement\":[{\"@type\":\"ListItem\",\"position\":1,\"name\":\"Strona g\u0142\u00f3wna\",\"item\":\"https:\/\/atana.pl\/\"},{\"@type\":\"ListItem\",\"position\":2,\"name\":\"Sklep on-line\",\"item\":\"https:\/\/atana.pl\/sklep-on-line\/\"},{\"@type\":\"ListItem\",\"position\":3,\"name\":\"Kotwica RIVER 8 &#8211; 3,5 kg\"}]},{\"@type\":\"WebSite\",\"@id\":\"https:\/\/atana.pl\/#website\",\"url\":\"https:\/\/atana.pl\/\",\"name\":\"Atana\",\"description\":\"Akcesoria do \u0142odzi, kamper\u00f3w i przyczep. \u0141odzie motorowe\",\"publisher\":{\"@id\":\"https:\/\/atana.pl\/#organization\"},\"potentialAction\":[{\"@type\":\"SearchAction\",\"target\":{\"@type\":\"EntryPoint\",\"urlTemplate\":\"https:\/\/atana.pl\/?s={search_term_string}\"},\"query-input\":{\"@type\":\"PropertyValueSpecification\",\"valueRequired\":true,\"valueName\":\"search_term_string\"}}],\"inLanguage\":\"en-GB\"},{\"@type\":\"Organization\",\"@id\":\"https:\/\/atana.pl\/#organization\",\"name\":\"Atana\",\"url\":\"https:\/\/atana.pl\/\",\"logo\":{\"@type\":\"ImageObject\",\"inLanguage\":\"en-GB\",\"@id\":\"https:\/\/atana.pl\/#\/schema\/logo\/image\/\",\"url\":\"\",\"contentUrl\":\"\",\"caption\":\"Atana\"},\"image\":{\"@id\":\"https:\/\/atana.pl\/#\/schema\/logo\/image\/\"},\"sameAs\":[\"https:\/\/www.facebook.com\/atanayachts\",\"https:\/\/www.instagram.com\/atanaboats\/\",\"https:\/\/www.youtube.com\/channel\/UClMMmVqqx17in9QzgxK90Mw\"]}]}<\/script>\n<!-- \/ Yoast SEO plugin. -->","yoast_head_json":{"title":"Kotwica RIVER 8 - 3,5 kg - Atana","description":"Kotwica RIVER 8 LBS (3,5 kg), 3-p\u0142atowa, powlekana winylem. Do ponton\u00f3w, kajak\u00f3w, \u0142odzi do 3,5 m. Kompatybilna z windami. Trwa\u0142a i bezpieczna. Gwarancja","robots":{"index":"index","follow":"follow","max-snippet":"max-snippet:-1","max-image-preview":"max-image-preview:large","max-video-preview":"max-video-preview:-1"},"canonical":"https:\/\/atana.pl\/en\/online-shop\/lifts_accessories\/kotwice\/kotwica-river-8-35-kg\/","og_locale":"en_GB","og_type":"article","og_title":"Kotwica RIVER 8 - 3,5 kg - Atana","og_description":"Kotwica RIVER 8 LBS (3,5 kg), 3-p\u0142atowa, powlekana winylem. Do ponton\u00f3w, kajak\u00f3w, \u0142odzi do 3,5 m. Kompatybilna z windami. Trwa\u0142a i bezpieczna. Gwarancja","og_url":"https:\/\/atana.pl\/en\/online-shop\/lifts_accessories\/kotwice\/kotwica-river-8-35-kg\/","og_site_name":"Atana","article_publisher":"https:\/\/www.facebook.com\/atanayachts","article_modified_time":"2025-04-22T11:50:49+00:00","og_image":[{"width":1280,"height":1280,"url":"https:\/\/atana.pl\/wp-content\/uploads\/2024\/04\/KR8_River8_35-kg.jpg","type":"image\/jpeg"}],"twitter_card":"summary_large_image","twitter_misc":{"Estimated reading time":"1 minute"},"schema":{"@context":"https:\/\/schema.org","@graph":[{"@type":"WebPage","@id":"https:\/\/atana.pl\/sklep-on-line\/windy_akcesoria\/kotwice\/kotwica-river-8-35-kg\/","url":"https:\/\/atana.pl\/sklep-on-line\/windy_akcesoria\/kotwice\/kotwica-river-8-35-kg\/","name":"Kotwica RIVER 8 - 3,5 kg - Atana","isPartOf":{"@id":"https:\/\/atana.pl\/#website"},"primaryImageOfPage":{"@id":"https:\/\/atana.pl\/sklep-on-line\/windy_akcesoria\/kotwice\/kotwica-river-8-35-kg\/#primaryimage"},"image":{"@id":"https:\/\/atana.pl\/sklep-on-line\/windy_akcesoria\/kotwice\/kotwica-river-8-35-kg\/#primaryimage"},"thumbnailUrl":"https:\/\/atana.pl\/wp-content\/uploads\/2024\/04\/KR8_River8_35-kg.jpg","datePublished":"1998-01-27T11:16:32+00:00","dateModified":"2025-04-22T11:50:49+00:00","description":"Kotwica RIVER 8 LBS (3,5 kg), 3-p\u0142atowa, powlekana winylem. Do ponton\u00f3w, kajak\u00f3w, \u0142odzi do 3,5 m. Kompatybilna z windami. Trwa\u0142a i bezpieczna. Gwarancja","breadcrumb":{"@id":"https:\/\/atana.pl\/sklep-on-line\/windy_akcesoria\/kotwice\/kotwica-river-8-35-kg\/#breadcrumb"},"inLanguage":"en-GB","potentialAction":[{"@type":"ReadAction","target":["https:\/\/atana.pl\/sklep-on-line\/windy_akcesoria\/kotwice\/kotwica-river-8-35-kg\/"]}]},{"@type":"ImageObject","inLanguage":"en-GB","@id":"https:\/\/atana.pl\/sklep-on-line\/windy_akcesoria\/kotwice\/kotwica-river-8-35-kg\/#primaryimage","url":"https:\/\/atana.pl\/wp-content\/uploads\/2024\/04\/KR8_River8_35-kg.jpg","contentUrl":"https:\/\/atana.pl\/wp-content\/uploads\/2024\/04\/KR8_River8_35-kg.jpg","width":1280,"height":1280,"caption":"Kotwica RIVER 8 &#8211; 3,5 kg"},{"@type":"BreadcrumbList","@id":"https:\/\/atana.pl\/sklep-on-line\/windy_akcesoria\/kotwice\/kotwica-river-8-35-kg\/#breadcrumb","itemListElement":[{"@type":"ListItem","position":1,"name":"Strona g\u0142\u00f3wna","item":"https:\/\/atana.pl\/"},{"@type":"ListItem","position":2,"name":"Sklep on-line","item":"https:\/\/atana.pl\/sklep-on-line\/"},{"@type":"ListItem","position":3,"name":"Kotwica RIVER 8 &#8211; 3,5 kg"}]},{"@type":"WebSite","@id":"https:\/\/atana.pl\/#website","url":"https:\/\/atana.pl\/","name":"Atana","description":"Akcesoria do \u0142odzi, kamper\u00f3w i przyczep. \u0141odzie motorowe","publisher":{"@id":"https:\/\/atana.pl\/#organization"},"potentialAction":[{"@type":"SearchAction","target":{"@type":"EntryPoint","urlTemplate":"https:\/\/atana.pl\/?s={search_term_string}"},"query-input":{"@type":"PropertyValueSpecification","valueRequired":true,"valueName":"search_term_string"}}],"inLanguage":"en-GB"},{"@type":"Organization","@id":"https:\/\/atana.pl\/#organization","name":"Atana","url":"https:\/\/atana.pl\/","logo":{"@type":"ImageObject","inLanguage":"en-GB","@id":"https:\/\/atana.pl\/#\/schema\/logo\/image\/","url":"","contentUrl":"","caption":"Atana"},"image":{"@id":"https:\/\/atana.pl\/#\/schema\/logo\/image\/"},"sameAs":["https:\/\/www.facebook.com\/atanayachts","https:\/\/www.instagram.com\/atanaboats\/","https:\/\/www.youtube.com\/channel\/UClMMmVqqx17in9QzgxK90Mw"]}]}},"_links":{"self":[{"href":"https:\/\/atana.pl\/en\/wp-json\/wp\/v2\/product\/5337","targetHints":{"allow":["GET"]}}],"collection":[{"href":"https:\/\/atana.pl\/en\/wp-json\/wp\/v2\/product"}],"about":[{"href":"https:\/\/atana.pl\/en\/wp-json\/wp\/v2\/types\/product"}],"wp:featuredmedia":[{"embeddable":true,"href":"https:\/\/atana.pl\/en\/wp-json\/wp\/v2\/media\/4067"}],"wp:attachment":[{"href":"https:\/\/atana.pl\/en\/wp-json\/wp\/v2\/media?parent=5337"}],"wp:term":[{"taxonomy":"product_brand","embeddable":true,"href":"https:\/\/atana.pl\/en\/wp-json\/wp\/v2\/product_brand?post=5337"},{"taxonomy":"product_cat","embeddable":true,"href":"https:\/\/atana.pl\/en\/wp-json\/wp\/v2\/product_cat?post=5337"},{"taxonomy":"product_tag","embeddable":true,"href":"https:\/\/atana.pl\/en\/wp-json\/wp\/v2\/product_tag?post=5337"}],"curies":[{"name":"wp","href":"https:\/\/api.w.org\/{rel}","templated":true}]}}