{"id":5332,"date":"2000-01-27T12:16:31","date_gmt":"2000-01-27T11:16:31","guid":{"rendered":"https:\/\/atana.pl\/sklep-on-line\/rolka-prowadzaca-do-liny-lancucha\/"},"modified":"2026-03-09T11:47:39","modified_gmt":"2026-03-09T10:47:39","slug":"rolka-prowadzaca-do-liny-lancucha","status":"publish","type":"product","link":"https:\/\/atana.pl\/en\/online-shop\/lifts_accessories\/akcesoria-montazowe\/rolka-prowadzaca-do-liny-lancucha\/","title":{"rendered":"Guide roller for rope, chain"},"content":{"rendered":"<h2 class=\"\" data-start=\"336\" data-end=\"406\">\u2693 Rolka prowadz\u0105ca do liny i \u0142a\u0144cucha \u2013 stal nierdzewna, polerowana<\/h2>\n<p class=\"\" data-start=\"408\" data-end=\"736\"><strong data-start=\"408\" data-end=\"449\">Rolka prowadz\u0105ca ze stali nierdzewnej<\/strong> to solidne, estetyczne i niezwykle praktyczne uzupe\u0142nienie systemu kotwicznego ka\u017cdej \u0142odzi. Wykonana z <strong data-start=\"554\" data-end=\"592\">high-grade stainless steel<\/strong>, zosta\u0142a <strong data-start=\"602\" data-end=\"624\">r\u0119cznie polerowana<\/strong> dla uzyskania idealnego po\u0142ysku, odporno\u015bci na korozj\u0119 i maksymalnej trwa\u0142o\u015bci \u2013 nawet w warunkach s\u0142onej wody.<\/p>\n<p class=\"\" data-start=\"738\" data-end=\"1074\">Dzi\u0119ki swojej konstrukcji, mo\u017ce by\u0107 montowana jako <strong data-start=\"789\" data-end=\"840\">samodzielny element prowadz\u0105cy lin\u0119 lub \u0142a\u0144cuch<\/strong>, albo jako <strong data-start=\"852\" data-end=\"893\">wsparcie dla g\u0142\u00f3wnej rolki kotwicznej<\/strong>, stabilizuj\u0105c prowadzenie i poprawiaj\u0105c funkcjonowanie windy kotwicznej.<br data-start=\"966\" data-end=\"969\" \/>To uniwersalne rozwi\u0105zanie, kt\u00f3re sprawdzi si\u0119 na jachtach, \u0142odziach motorowych, w\u0119dkarskich i pontonach.<\/p>\n<p data-start=\"738\" data-end=\"1074\">Rolka prowadz\u0105ca ma ten sam rozstaw otwor\u00f3w co <a href=\"https:\/\/atana.pl\/en\/online-shop\/lifts_accessories\/anchor-rollers-guide-rollers\/rolka-kotwiczna-uchylna-nierdzewna-polerowana\/\">rolka kotwiczna uchylna<\/a>. Oraz mie\u015bci si\u0119 wewn\u0105trz konstrukcji, pozwala to na monta\u017c obu rolek w tych samych otworach monta\u017cowych.<\/p>\n<p data-start=\"738\" data-end=\"1074\"><a href=\"https:\/\/atana.pl\/en\/sposoby-montazu-elektrycznych-wind-kotwicznych-trac\/\">&#8230;Czytaj wi\u0119cej o sposobach monta\u017cu.<\/a><\/p>\n<hr class=\"\" data-start=\"1076\" data-end=\"1079\" \/>\n<h3 class=\"\" data-start=\"1081\" data-end=\"1126\">\u2705 Dlaczego warto wybra\u0107 rolk\u0119 prowadz\u0105c\u0105:<\/h3>\n<ul data-start=\"1128\" data-end=\"1571\">\n<li class=\"\" data-start=\"1128\" data-end=\"1199\">\n<p class=\"\" data-start=\"1130\" data-end=\"1199\"><strong data-start=\"1130\" data-end=\"1166\">Wysokiej jako\u015bci stal nierdzewna<\/strong> \u2013 odporna na korozj\u0119, s\u00f3l i UV<\/p>\n<\/li>\n<li class=\"\" data-start=\"1200\" data-end=\"1270\">\n<p class=\"\" data-start=\"1202\" data-end=\"1270\"><strong data-start=\"1202\" data-end=\"1224\">R\u0119cznie polerowana<\/strong> \u2013 perfekcyjne wyko\u0144czenie, elegancki wygl\u0105d<\/p>\n<\/li>\n<li class=\"\" data-start=\"1271\" data-end=\"1343\">\n<p class=\"\" data-start=\"1273\" data-end=\"1343\"><strong data-start=\"1273\" data-end=\"1296\">Kompaktowa i trwa\u0142a<\/strong> \u2013 idealna do ciasnych przestrzeni na dziobie<\/p>\n<\/li>\n<li class=\"\" data-start=\"1344\" data-end=\"1413\">\n<p class=\"\" data-start=\"1346\" data-end=\"1413\"><strong data-start=\"1346\" data-end=\"1384\">Kompatybilna z linami i \u0142a\u0144cuchami<\/strong> \u2013 uniwersalno\u015b\u0107 zastosowa\u0144<\/p>\n<\/li>\n<li class=\"\" data-start=\"1414\" data-end=\"1499\">\n<p class=\"\" data-start=\"1416\" data-end=\"1499\"><strong data-start=\"1416\" data-end=\"1460\">Mo\u017ce wsp\u00f3\u0142pracowa\u0107 z rolkami kotwicznymi<\/strong> \u2013 zwi\u0119ksza precyzj\u0119 i bezpiecze\u0144stwo<\/p>\n<\/li>\n<li class=\"\" data-start=\"1500\" data-end=\"1571\">\n<p class=\"\" data-start=\"1502\" data-end=\"1571\"><strong data-start=\"1502\" data-end=\"1522\">Polska produkcja<\/strong> \u2013 najwy\u017cszy poziom rzemios\u0142a i dba\u0142o\u015bci o detale<\/p>\n<\/li>\n<\/ul>\n<hr class=\"\" data-start=\"2084\" data-end=\"2087\" \/>\n<h3 class=\"\" data-start=\"2089\" data-end=\"2109\">\ud83d\udd1a Podsumowanie:<\/h3>\n<p class=\"\" data-start=\"2111\" data-end=\"2329\"><strong data-start=\"2111\" data-end=\"2150\">Rolka prowadz\u0105ca do liny i \u0142a\u0144cucha<\/strong> to niewielki, ale bardzo wa\u017cny element w systemie kotwicznym. Zwi\u0119ksza precyzj\u0119 dzia\u0142ania windy, chroni kad\u0142ub przed uszkodzeniem i zapewnia p\u0142ynno\u015b\u0107 ka\u017cdej operacji kotwiczenia.<\/p>\n<p class=\"\" data-start=\"2331\" data-end=\"2514\">To doskona\u0142y wyb\u00f3r dla \u017ceglarzy i motorowodniak\u00f3w, kt\u00f3rzy stawiaj\u0105 na jako\u015b\u0107, estetyk\u0119 i funkcjonalno\u015b\u0107. Postaw na polsk\u0105 produkcj\u0119 \u2013 wybierz sprz\u0119t zaprojektowany i wykonany z pasj\u0105.<\/p>","protected":false},"excerpt":{"rendered":"<ul>\n<li>Stainless guide roller<\/li>\n<li>Do lin i \u0142a\u0144cuch\u00f3w<\/li>\n<\/ul>","protected":false},"featured_media":8673,"template":"","meta":{"_acf_changed":false},"product_brand":[],"product_cat":[108,104,110,102],"product_tag":[830,867,866,852,863,862,835,864,865,861,143],"class_list":{"0":"post-5332","1":"product","2":"type-product","3":"status-publish","4":"has-post-thumbnail","6":"product_cat-akcesoria-montazowe","7":"product_cat-windy_akcesoria","8":"product_cat-rolki-kotwiczne-rolki-prowadzace","9":"product_cat-trac","10":"product_tag-akcesoria-kotwiczne","11":"product_tag-anchor-chain-roller","12":"product_tag-marine-rope-roller","13":"product_tag-polska-rolka-kotwiczna","14":"product_tag-rolka-do-lancucha","15":"product_tag-rolka-do-liny","16":"product_tag-rolka-do-windy-kotwicznej","17":"product_tag-rolka-polerowana","18":"product_tag-rolka-pomocnicza-do-kotwicy","19":"product_tag-rolka-prowadzaca","20":"product_tag-stal-nierdzewna","22":"first","23":"instock","24":"taxable","25":"shipping-taxable","26":"purchasable","27":"product-type-simple"},"acf":[],"yoast_head":"<!-- This site is optimized with the Yoast SEO plugin v25.2 - https:\/\/yoast.com\/wordpress\/plugins\/seo\/ -->\n<title>Rolka prowadz\u0105ca do liny, \u0142a\u0144cucha - Atana<\/title>\n<meta name=\"description\" content=\"Rolka prowadz\u0105ca ze stali nierdzewnej do liny i \u0142a\u0144cucha. R\u0119cznie polerowana. Idealna do system\u00f3w kotwicznych. Gwarancja 2 lata. Polska produkcja.\" \/>\n<meta name=\"robots\" content=\"index, follow, max-snippet:-1, max-image-preview:large, max-video-preview:-1\" \/>\n<link rel=\"canonical\" href=\"https:\/\/atana.pl\/en\/online-shop\/lifts_accessories\/akcesoria-montazowe\/rolka-prowadzaca-do-liny-lancucha\/\" \/>\n<meta property=\"og:locale\" content=\"en_GB\" \/>\n<meta property=\"og:type\" content=\"article\" \/>\n<meta property=\"og:title\" content=\"Rolka prowadz\u0105ca do liny, \u0142a\u0144cucha - Atana\" \/>\n<meta property=\"og:description\" content=\"Rolka prowadz\u0105ca ze stali nierdzewnej do liny i \u0142a\u0144cucha. R\u0119cznie polerowana. Idealna do system\u00f3w kotwicznych. Gwarancja 2 lata. Polska produkcja.\" \/>\n<meta property=\"og:url\" content=\"https:\/\/atana.pl\/en\/online-shop\/lifts_accessories\/akcesoria-montazowe\/rolka-prowadzaca-do-liny-lancucha\/\" \/>\n<meta property=\"og:site_name\" content=\"Atana\" \/>\n<meta property=\"article:publisher\" content=\"https:\/\/www.facebook.com\/atanayachts\" \/>\n<meta property=\"article:modified_time\" content=\"2026-03-09T10:47:39+00:00\" \/>\n<meta property=\"og:image\" content=\"https:\/\/atana.pl\/wp-content\/uploads\/1967\/01\/rolka-prowadzaca-lina-lancuch-RP110_biale-tlo.webp\" \/>\n\t<meta property=\"og:image:width\" content=\"1200\" \/>\n\t<meta property=\"og:image:height\" content=\"1200\" \/>\n\t<meta property=\"og:image:type\" content=\"image\/webp\" \/>\n<meta name=\"twitter:card\" content=\"summary_large_image\" \/>\n<meta name=\"twitter:label1\" content=\"Estimated reading time\" \/>\n\t<meta name=\"twitter:data1\" content=\"1 minute\" \/>\n<script type=\"application\/ld+json\" class=\"yoast-schema-graph\">{\"@context\":\"https:\/\/schema.org\",\"@graph\":[{\"@type\":\"WebPage\",\"@id\":\"https:\/\/atana.pl\/sklep-on-line\/windy_akcesoria\/akcesoria-montazowe\/rolka-prowadzaca-do-liny-lancucha\/\",\"url\":\"https:\/\/atana.pl\/sklep-on-line\/windy_akcesoria\/akcesoria-montazowe\/rolka-prowadzaca-do-liny-lancucha\/\",\"name\":\"Rolka prowadz\u0105ca do liny, \u0142a\u0144cucha - Atana\",\"isPartOf\":{\"@id\":\"https:\/\/atana.pl\/#website\"},\"primaryImageOfPage\":{\"@id\":\"https:\/\/atana.pl\/sklep-on-line\/windy_akcesoria\/akcesoria-montazowe\/rolka-prowadzaca-do-liny-lancucha\/#primaryimage\"},\"image\":{\"@id\":\"https:\/\/atana.pl\/sklep-on-line\/windy_akcesoria\/akcesoria-montazowe\/rolka-prowadzaca-do-liny-lancucha\/#primaryimage\"},\"thumbnailUrl\":\"https:\/\/atana.pl\/wp-content\/uploads\/1967\/01\/rolka-prowadzaca-lina-lancuch-RP110_biale-tlo.webp\",\"datePublished\":\"2000-01-27T11:16:31+00:00\",\"dateModified\":\"2026-03-09T10:47:39+00:00\",\"description\":\"Rolka prowadz\u0105ca ze stali nierdzewnej do liny i \u0142a\u0144cucha. R\u0119cznie polerowana. Idealna do system\u00f3w kotwicznych. Gwarancja 2 lata. Polska produkcja.\",\"breadcrumb\":{\"@id\":\"https:\/\/atana.pl\/sklep-on-line\/windy_akcesoria\/akcesoria-montazowe\/rolka-prowadzaca-do-liny-lancucha\/#breadcrumb\"},\"inLanguage\":\"en-GB\",\"potentialAction\":[{\"@type\":\"ReadAction\",\"target\":[\"https:\/\/atana.pl\/sklep-on-line\/windy_akcesoria\/akcesoria-montazowe\/rolka-prowadzaca-do-liny-lancucha\/\"]}]},{\"@type\":\"ImageObject\",\"inLanguage\":\"en-GB\",\"@id\":\"https:\/\/atana.pl\/sklep-on-line\/windy_akcesoria\/akcesoria-montazowe\/rolka-prowadzaca-do-liny-lancucha\/#primaryimage\",\"url\":\"https:\/\/atana.pl\/wp-content\/uploads\/1967\/01\/rolka-prowadzaca-lina-lancuch-RP110_biale-tlo.webp\",\"contentUrl\":\"https:\/\/atana.pl\/wp-content\/uploads\/1967\/01\/rolka-prowadzaca-lina-lancuch-RP110_biale-tlo.webp\",\"width\":1200,\"height\":1200,\"caption\":\"rolka prowadzaca lina lancuch RP110 biale tlo\"},{\"@type\":\"BreadcrumbList\",\"@id\":\"https:\/\/atana.pl\/sklep-on-line\/windy_akcesoria\/akcesoria-montazowe\/rolka-prowadzaca-do-liny-lancucha\/#breadcrumb\",\"itemListElement\":[{\"@type\":\"ListItem\",\"position\":1,\"name\":\"Strona g\u0142\u00f3wna\",\"item\":\"https:\/\/atana.pl\/\"},{\"@type\":\"ListItem\",\"position\":2,\"name\":\"Sklep on-line\",\"item\":\"https:\/\/atana.pl\/sklep-on-line\/\"},{\"@type\":\"ListItem\",\"position\":3,\"name\":\"Rolka prowadz\u0105ca do liny, \u0142a\u0144cucha\"}]},{\"@type\":\"WebSite\",\"@id\":\"https:\/\/atana.pl\/#website\",\"url\":\"https:\/\/atana.pl\/\",\"name\":\"Atana\",\"description\":\"Akcesoria do \u0142odzi, kamper\u00f3w i przyczep. \u0141odzie motorowe\",\"publisher\":{\"@id\":\"https:\/\/atana.pl\/#organization\"},\"potentialAction\":[{\"@type\":\"SearchAction\",\"target\":{\"@type\":\"EntryPoint\",\"urlTemplate\":\"https:\/\/atana.pl\/?s={search_term_string}\"},\"query-input\":{\"@type\":\"PropertyValueSpecification\",\"valueRequired\":true,\"valueName\":\"search_term_string\"}}],\"inLanguage\":\"en-GB\"},{\"@type\":\"Organization\",\"@id\":\"https:\/\/atana.pl\/#organization\",\"name\":\"Atana\",\"url\":\"https:\/\/atana.pl\/\",\"logo\":{\"@type\":\"ImageObject\",\"inLanguage\":\"en-GB\",\"@id\":\"https:\/\/atana.pl\/#\/schema\/logo\/image\/\",\"url\":\"\",\"contentUrl\":\"\",\"caption\":\"Atana\"},\"image\":{\"@id\":\"https:\/\/atana.pl\/#\/schema\/logo\/image\/\"},\"sameAs\":[\"https:\/\/www.facebook.com\/atanayachts\",\"https:\/\/www.instagram.com\/atanaboats\/\",\"https:\/\/www.youtube.com\/channel\/UClMMmVqqx17in9QzgxK90Mw\"]}]}<\/script>\n<!-- \/ Yoast SEO plugin. -->","yoast_head_json":{"title":"Rolka prowadz\u0105ca do liny, \u0142a\u0144cucha - Atana","description":"Rolka prowadz\u0105ca ze stali nierdzewnej do liny i \u0142a\u0144cucha. R\u0119cznie polerowana. Idealna do system\u00f3w kotwicznych. Gwarancja 2 lata. Polska produkcja.","robots":{"index":"index","follow":"follow","max-snippet":"max-snippet:-1","max-image-preview":"max-image-preview:large","max-video-preview":"max-video-preview:-1"},"canonical":"https:\/\/atana.pl\/en\/online-shop\/lifts_accessories\/akcesoria-montazowe\/rolka-prowadzaca-do-liny-lancucha\/","og_locale":"en_GB","og_type":"article","og_title":"Rolka prowadz\u0105ca do liny, \u0142a\u0144cucha - Atana","og_description":"Rolka prowadz\u0105ca ze stali nierdzewnej do liny i \u0142a\u0144cucha. R\u0119cznie polerowana. Idealna do system\u00f3w kotwicznych. Gwarancja 2 lata. Polska produkcja.","og_url":"https:\/\/atana.pl\/en\/online-shop\/lifts_accessories\/akcesoria-montazowe\/rolka-prowadzaca-do-liny-lancucha\/","og_site_name":"Atana","article_publisher":"https:\/\/www.facebook.com\/atanayachts","article_modified_time":"2026-03-09T10:47:39+00:00","og_image":[{"width":1200,"height":1200,"url":"https:\/\/atana.pl\/wp-content\/uploads\/1967\/01\/rolka-prowadzaca-lina-lancuch-RP110_biale-tlo.webp","type":"image\/webp"}],"twitter_card":"summary_large_image","twitter_misc":{"Estimated reading time":"1 minute"},"schema":{"@context":"https:\/\/schema.org","@graph":[{"@type":"WebPage","@id":"https:\/\/atana.pl\/sklep-on-line\/windy_akcesoria\/akcesoria-montazowe\/rolka-prowadzaca-do-liny-lancucha\/","url":"https:\/\/atana.pl\/sklep-on-line\/windy_akcesoria\/akcesoria-montazowe\/rolka-prowadzaca-do-liny-lancucha\/","name":"Rolka prowadz\u0105ca do liny, \u0142a\u0144cucha - Atana","isPartOf":{"@id":"https:\/\/atana.pl\/#website"},"primaryImageOfPage":{"@id":"https:\/\/atana.pl\/sklep-on-line\/windy_akcesoria\/akcesoria-montazowe\/rolka-prowadzaca-do-liny-lancucha\/#primaryimage"},"image":{"@id":"https:\/\/atana.pl\/sklep-on-line\/windy_akcesoria\/akcesoria-montazowe\/rolka-prowadzaca-do-liny-lancucha\/#primaryimage"},"thumbnailUrl":"https:\/\/atana.pl\/wp-content\/uploads\/1967\/01\/rolka-prowadzaca-lina-lancuch-RP110_biale-tlo.webp","datePublished":"2000-01-27T11:16:31+00:00","dateModified":"2026-03-09T10:47:39+00:00","description":"Rolka prowadz\u0105ca ze stali nierdzewnej do liny i \u0142a\u0144cucha. R\u0119cznie polerowana. Idealna do system\u00f3w kotwicznych. Gwarancja 2 lata. Polska produkcja.","breadcrumb":{"@id":"https:\/\/atana.pl\/sklep-on-line\/windy_akcesoria\/akcesoria-montazowe\/rolka-prowadzaca-do-liny-lancucha\/#breadcrumb"},"inLanguage":"en-GB","potentialAction":[{"@type":"ReadAction","target":["https:\/\/atana.pl\/sklep-on-line\/windy_akcesoria\/akcesoria-montazowe\/rolka-prowadzaca-do-liny-lancucha\/"]}]},{"@type":"ImageObject","inLanguage":"en-GB","@id":"https:\/\/atana.pl\/sklep-on-line\/windy_akcesoria\/akcesoria-montazowe\/rolka-prowadzaca-do-liny-lancucha\/#primaryimage","url":"https:\/\/atana.pl\/wp-content\/uploads\/1967\/01\/rolka-prowadzaca-lina-lancuch-RP110_biale-tlo.webp","contentUrl":"https:\/\/atana.pl\/wp-content\/uploads\/1967\/01\/rolka-prowadzaca-lina-lancuch-RP110_biale-tlo.webp","width":1200,"height":1200,"caption":"rolka prowadzaca lina lancuch RP110 biale tlo"},{"@type":"BreadcrumbList","@id":"https:\/\/atana.pl\/sklep-on-line\/windy_akcesoria\/akcesoria-montazowe\/rolka-prowadzaca-do-liny-lancucha\/#breadcrumb","itemListElement":[{"@type":"ListItem","position":1,"name":"Strona g\u0142\u00f3wna","item":"https:\/\/atana.pl\/"},{"@type":"ListItem","position":2,"name":"Sklep on-line","item":"https:\/\/atana.pl\/sklep-on-line\/"},{"@type":"ListItem","position":3,"name":"Rolka prowadz\u0105ca do liny, \u0142a\u0144cucha"}]},{"@type":"WebSite","@id":"https:\/\/atana.pl\/#website","url":"https:\/\/atana.pl\/","name":"Atana","description":"Akcesoria do \u0142odzi, kamper\u00f3w i przyczep. \u0141odzie motorowe","publisher":{"@id":"https:\/\/atana.pl\/#organization"},"potentialAction":[{"@type":"SearchAction","target":{"@type":"EntryPoint","urlTemplate":"https:\/\/atana.pl\/?s={search_term_string}"},"query-input":{"@type":"PropertyValueSpecification","valueRequired":true,"valueName":"search_term_string"}}],"inLanguage":"en-GB"},{"@type":"Organization","@id":"https:\/\/atana.pl\/#organization","name":"Atana","url":"https:\/\/atana.pl\/","logo":{"@type":"ImageObject","inLanguage":"en-GB","@id":"https:\/\/atana.pl\/#\/schema\/logo\/image\/","url":"","contentUrl":"","caption":"Atana"},"image":{"@id":"https:\/\/atana.pl\/#\/schema\/logo\/image\/"},"sameAs":["https:\/\/www.facebook.com\/atanayachts","https:\/\/www.instagram.com\/atanaboats\/","https:\/\/www.youtube.com\/channel\/UClMMmVqqx17in9QzgxK90Mw"]}]}},"_links":{"self":[{"href":"https:\/\/atana.pl\/en\/wp-json\/wp\/v2\/product\/5332","targetHints":{"allow":["GET"]}}],"collection":[{"href":"https:\/\/atana.pl\/en\/wp-json\/wp\/v2\/product"}],"about":[{"href":"https:\/\/atana.pl\/en\/wp-json\/wp\/v2\/types\/product"}],"wp:featuredmedia":[{"embeddable":true,"href":"https:\/\/atana.pl\/en\/wp-json\/wp\/v2\/media\/8673"}],"wp:attachment":[{"href":"https:\/\/atana.pl\/en\/wp-json\/wp\/v2\/media?parent=5332"}],"wp:term":[{"taxonomy":"product_brand","embeddable":true,"href":"https:\/\/atana.pl\/en\/wp-json\/wp\/v2\/product_brand?post=5332"},{"taxonomy":"product_cat","embeddable":true,"href":"https:\/\/atana.pl\/en\/wp-json\/wp\/v2\/product_cat?post=5332"},{"taxonomy":"product_tag","embeddable":true,"href":"https:\/\/atana.pl\/en\/wp-json\/wp\/v2\/product_tag?post=5332"}],"curies":[{"name":"wp","href":"https:\/\/api.w.org\/{rel}","templated":true}]}}