{"id":5326,"date":"2002-01-27T12:16:31","date_gmt":"2002-01-27T11:16:31","guid":{"rendered":"https:\/\/atana.pl\/sklep-on-line\/rolka-uchylna-trac\/"},"modified":"2026-03-09T11:48:54","modified_gmt":"2026-03-09T10:48:54","slug":"rolka-uchylna-trac","status":"publish","type":"product","link":"https:\/\/atana.pl\/en\/online-shop\/lifts_accessories\/anchor-rollers-guide-rollers\/rolka-uchylna-trac\/","title":{"rendered":"Rolka kotwiczna uchylna TRAC &#8211; Kotwice P\u0141UGOWE, PAZUROWE &#038; P\u0141YTOWE"},"content":{"rendered":"<h2 class=\"\" data-start=\"262\" data-end=\"325\">\u2693 Rolka kotwiczna uchylna TRAC \u2013 stal nierdzewna, polerowana<\/h2>\n<p class=\"\" data-start=\"327\" data-end=\"704\"><strong data-start=\"327\" data-end=\"359\">TRAC swivel anchor roller<\/strong> to solidne i nowoczesne rozwi\u0105zanie do obs\u0142ugi <a href=\"https:\/\/atana.pl\/en\/?s=ocynkowana&amp;post_type=product&amp;dgwt_wcas=1\">kotwic p\u0142ugowych<\/a> i innych typ\u00f3w kotwic, kt\u00f3re wymagaj\u0105 stabilnego i precyzyjnego prowadzenia liny lub \u0142a\u0144cucha.<\/p>\n<p class=\"\" data-start=\"327\" data-end=\"704\">Rolka kotwiczna wsp\u00f3\u0142pracuje z szerok\u0105 gam\u0105 kotwic stosowanych na \u0142odziach \u017caglowych i motorowych, w tym z modelami p\u0142ugowymi (CQR, Delta, Kobra, Brittany, Lewmar Plough, Plastimo Plough, Manson Plough), pazurowymi typu Bruce i Claw, p\u0142ytowymi Danforth oraz Fortress, a tak\u017ce z nowoczesnymi konstrukcjami z\u0119batymi i hybrydowymi, takimi jak Rocna, Manta Ray, Spade, Ultra czy Bulwagga. Obs\u0142uguje r\u00f3wnie\u017c kotwice tradycyjne typu Admiralicji (Fisherman) oraz lekkie kotwice pomocnicze Grapnel i Kedge. Konstrukcja rolki zapewnia stabilne prowadzenie kotwicy podczas opuszczania i bezpieczne wybieranie jej na pok\u0142ad.<\/p>\n<p class=\"\" data-start=\"327\" data-end=\"704\">Wykonana z <strong data-start=\"532\" data-end=\"565\">polerowanej stali nierdzewnej<\/strong>, zapewnia nie tylko wyj\u0105tkow\u0105 odporno\u015b\u0107 na korozj\u0119, ale r\u00f3wnie\u017c elegancki wygl\u0105d, kt\u00f3ry podkre\u015bli wyposa\u017cenie ka\u017cdej jednostki p\u0142ywaj\u0105cej.<\/p>\n<p class=\"\" data-start=\"706\" data-end=\"1025\">Uniwersalna konstrukcja uchylna pozwala na prac\u0119 zar\u00f3wno z linami, jak i z \u0142a\u0144cuchami kotwicznymi. System dzia\u0142a p\u0142ynnie i niezawodnie \u2013 nawet w trudnych warunkach morskich lub na wodach \u015br\u00f3dl\u0105dowych. U\u0142atwia prowadzenie kotwicy, zmniejszaj\u0105c si\u0142\u0119 potrzebn\u0105 do jej wci\u0105gni\u0119cia i poprawiaj\u0105c bezpiecze\u0144stwo manewrowania.<\/p>\n<p data-start=\"706\" data-end=\"1025\">Rolka jest kompatybilna z dowoln\u0105 wind\u0105 kotwiczn\u0105 w tym, wszystkimi <a href=\"https:\/\/atana.pl\/en\/products\/lifts_accessories\/lifts\/\">elektrycznymi windami TRAC<\/a>\u00a0oraz z <a href=\"https:\/\/atana.pl\/en\/online-shop\/lifts_accessories\/akcesoria-montazowe\/rolka-prowadzaca-do-liny-lancucha\/\">rolk\u0105 prowadz\u0105c\u0105<\/a>.<\/p>\n<p data-start=\"706\" data-end=\"1025\"><a href=\"https:\/\/atana.pl\/en\/sposoby-montazu-elektrycznych-wind-kotwicznych-trac\/\">&#8230;Czytaj wi\u0119cej o sposobach monta\u017cu.<\/a><\/p>\n<hr class=\"\" data-start=\"1027\" data-end=\"1030\" \/>\n<h3 class=\"\" data-start=\"1032\" data-end=\"1053\">\u2705 Cechy i zalety:<\/h3>\n<ul data-start=\"1055\" data-end=\"1491\">\n<li class=\"\" data-start=\"1055\" data-end=\"1123\">\n<p class=\"\" data-start=\"1057\" data-end=\"1123\"><strong data-start=\"1057\" data-end=\"1087\">Polerowana stal nierdzewna<\/strong> \u2013 maksymalna odporno\u015b\u0107 i estetyka<\/p>\n<\/li>\n<li class=\"\" data-start=\"1124\" data-end=\"1200\">\n<p class=\"\" data-start=\"1126\" data-end=\"1200\"><strong data-start=\"1126\" data-end=\"1149\">Uchylna konstrukcja<\/strong> \u2013 sprawne prowadzenie kotwicy i zmniejszony op\u00f3r<\/p>\n<\/li>\n<li class=\"\" data-start=\"1201\" data-end=\"1278\">\n<p class=\"\" data-start=\"1203\" data-end=\"1278\"><strong data-start=\"1203\" data-end=\"1243\">Kompatybilno\u015b\u0107 z linami i \u0142a\u0144cuchami<\/strong> \u2013 pe\u0142na elastyczno\u015b\u0107 u\u017cytkowania<\/p>\n<\/li>\n<li class=\"\" data-start=\"1279\" data-end=\"1339\">\n<p class=\"\" data-start=\"1281\" data-end=\"1339\"><strong data-start=\"1281\" data-end=\"1300\">Wysoka trwa\u0142o\u015b\u0107<\/strong> \u2013 odporno\u015b\u0107 na korozj\u0119, s\u00f3l i wilgo\u0107<\/p>\n<\/li>\n<li class=\"\" data-start=\"1340\" data-end=\"1417\">\n<p class=\"\" data-start=\"1342\" data-end=\"1417\"><strong data-start=\"1342\" data-end=\"1376\">Dedykowana do kotwic p\u0142ugowych<\/strong> \u2013 precyzyjne centrowanie i prowadzenie<\/p>\n<\/li>\n<li class=\"\" data-start=\"1418\" data-end=\"1491\">\n<p class=\"\" data-start=\"1420\" data-end=\"1491\"><strong data-start=\"1420\" data-end=\"1441\">Estetyczny wygl\u0105d<\/strong> \u2013 eleganckie wyko\u0144czenie dziobu lub pok\u0142adu \u0142odzi<\/p>\n<\/li>\n<\/ul>\n<hr class=\"\" data-start=\"1812\" data-end=\"1815\" \/>\n<h3 class=\"\" data-start=\"1817\" data-end=\"1845\">\ud83d\udee1\ufe0f Gwarancja i obs\u0142uga:<\/h3>\n<p class=\"\" data-start=\"1847\" data-end=\"2019\">\u2714\ufe0f 2-year warranty<br data-start=\"1866\" data-end=\"1869\" \/>\u2714\ufe0f Profesjonalne doradztwo przy doborze kotwicy, windy i akcesori\u00f3w<br data-start=\"1936\" data-end=\"1939\" \/>\u2714\ufe0f Szybka dostawa \u2013 wysy\u0142ka w 24h<br data-start=\"1972\" data-end=\"1975\" \/>\u2714\ufe0f Serwis i cz\u0119\u015bci zamienne dost\u0119pne od r\u0119ki<\/p>\n<hr class=\"\" data-start=\"2021\" data-end=\"2024\" \/>\n<h3 class=\"\" data-start=\"2026\" data-end=\"2046\">\ud83d\udd1a Podsumowanie:<\/h3>\n<p class=\"\" data-start=\"2048\" data-end=\"2336\"><strong data-start=\"2048\" data-end=\"2080\">TRAC swivel anchor roller<\/strong> to wyb\u00f3r dla os\u00f3b, kt\u00f3re ceni\u0105 <strong data-start=\"2112\" data-end=\"2151\">funkcjonalno\u015b\u0107, trwa\u0142o\u015b\u0107 i estetyk\u0119<\/strong>.<br data-start=\"2152\" data-end=\"2155\" \/>Dzi\u0119ki uniwersalnej konstrukcji uchylnej i najwy\u017cszej jako\u015bci wykonania, sprawdzi si\u0119 na ka\u017cdej jednostce \u2013 zapewniaj\u0105c komfort i bezpiecze\u0144stwo podczas ka\u017cdej operacji kotwiczenia.<\/p>\n<p class=\"\" data-start=\"2338\" data-end=\"2432\">Zaufaj jako\u015bci TRAC \u2013 i postaw na rozwi\u0105zanie, kt\u00f3re dzia\u0142a niezawodnie przez wiele sezon\u00f3w. \u2693<\/p>","protected":false},"excerpt":{"rendered":"<ul>\n<li>TRAC stainless steel anchor roller<\/li>\n<li>Do kotwic p\u0142ugowych<\/li>\n<\/ul>","protected":false},"featured_media":8662,"template":"","meta":{"_acf_changed":false},"product_brand":[],"product_cat":[104,110,102],"product_tag":[858,846,856,845,827,859,860,822,855,857,849],"class_list":{"0":"post-5326","1":"product","2":"type-product","3":"status-publish","4":"has-post-thumbnail","6":"product_cat-windy_akcesoria","7":"product_cat-rolki-kotwiczne-rolki-prowadzace","8":"product_cat-trac","9":"product_tag-akcesoria-kotwiczne-trac","10":"product_tag-anchor-bow-roller","11":"product_tag-kotwica-plugowa","12":"product_tag-marine-anchor-roller","13":"product_tag-mocowanie-kotwicy","14":"product_tag-polerowana-rolka","15":"product_tag-rolka-do-kotwicy-plugowej","16":"product_tag-rolka-do-lodzi","17":"product_tag-rolka-kotwiczna-trac","18":"product_tag-stal-nierdzewna-rolka","19":"product_tag-uchylna-rolka-kotwiczna","21":"first","22":"outofstock","23":"taxable","24":"shipping-taxable","25":"purchasable","26":"product-type-simple"},"acf":[],"yoast_head":"<!-- This site is optimized with the Yoast SEO plugin v25.2 - https:\/\/yoast.com\/wordpress\/plugins\/seo\/ -->\n<title>Rolka kotwiczna uchylna TRAC - Kotwice P\u0141UGOWE, PAZUROWE &amp; P\u0141YTOWE - Atana<\/title>\n<meta name=\"description\" content=\"Uchylna rolka kotwiczna TRAC ze stali nierdzewnej. Polerowana, trwa\u0142a, kompatybilna z kotwicami p\u0142ugowymi, linami i \u0142a\u0144cuchami. Gwarancja 2 lata. Wysy\u0142ka 24\" \/>\n<meta name=\"robots\" content=\"index, follow, max-snippet:-1, max-image-preview:large, max-video-preview:-1\" \/>\n<link rel=\"canonical\" href=\"https:\/\/atana.pl\/en\/online-shop\/lifts_accessories\/anchor-rollers-guide-rollers\/rolka-uchylna-trac\/\" \/>\n<meta property=\"og:locale\" content=\"en_GB\" \/>\n<meta property=\"og:type\" content=\"article\" \/>\n<meta property=\"og:title\" content=\"Rolka kotwiczna uchylna TRAC - Kotwice P\u0141UGOWE, PAZUROWE &amp; P\u0141YTOWE - Atana\" \/>\n<meta property=\"og:description\" content=\"Uchylna rolka kotwiczna TRAC ze stali nierdzewnej. Polerowana, trwa\u0142a, kompatybilna z kotwicami p\u0142ugowymi, linami i \u0142a\u0144cuchami. Gwarancja 2 lata. Wysy\u0142ka 24\" \/>\n<meta property=\"og:url\" content=\"https:\/\/atana.pl\/en\/online-shop\/lifts_accessories\/anchor-rollers-guide-rollers\/rolka-uchylna-trac\/\" \/>\n<meta property=\"og:site_name\" content=\"Atana\" \/>\n<meta property=\"article:publisher\" content=\"https:\/\/www.facebook.com\/atanayachts\" \/>\n<meta property=\"article:modified_time\" content=\"2026-03-09T10:48:54+00:00\" \/>\n<meta property=\"og:image\" content=\"https:\/\/atana.pl\/wp-content\/uploads\/2002\/01\/Rolka-kotwiczna-nierdzewna-uchylna_trac-69062_kotwice-plugowe_biale-tlo.webp\" \/>\n\t<meta property=\"og:image:width\" content=\"1200\" \/>\n\t<meta property=\"og:image:height\" content=\"1200\" \/>\n\t<meta property=\"og:image:type\" content=\"image\/webp\" \/>\n<meta name=\"twitter:card\" content=\"summary_large_image\" \/>\n<meta name=\"twitter:label1\" content=\"Estimated reading time\" \/>\n\t<meta name=\"twitter:data1\" content=\"2 minutes\" \/>\n<script type=\"application\/ld+json\" class=\"yoast-schema-graph\">{\"@context\":\"https:\/\/schema.org\",\"@graph\":[{\"@type\":\"WebPage\",\"@id\":\"https:\/\/atana.pl\/sklep-on-line\/windy_akcesoria\/rolki-kotwiczne-rolki-prowadzace\/rolka-uchylna-trac\/\",\"url\":\"https:\/\/atana.pl\/sklep-on-line\/windy_akcesoria\/rolki-kotwiczne-rolki-prowadzace\/rolka-uchylna-trac\/\",\"name\":\"Rolka kotwiczna uchylna TRAC - Kotwice P\u0141UGOWE, PAZUROWE & P\u0141YTOWE - Atana\",\"isPartOf\":{\"@id\":\"https:\/\/atana.pl\/#website\"},\"primaryImageOfPage\":{\"@id\":\"https:\/\/atana.pl\/sklep-on-line\/windy_akcesoria\/rolki-kotwiczne-rolki-prowadzace\/rolka-uchylna-trac\/#primaryimage\"},\"image\":{\"@id\":\"https:\/\/atana.pl\/sklep-on-line\/windy_akcesoria\/rolki-kotwiczne-rolki-prowadzace\/rolka-uchylna-trac\/#primaryimage\"},\"thumbnailUrl\":\"https:\/\/atana.pl\/wp-content\/uploads\/2002\/01\/Rolka-kotwiczna-nierdzewna-uchylna_trac-69062_kotwice-plugowe_biale-tlo.webp\",\"datePublished\":\"2002-01-27T11:16:31+00:00\",\"dateModified\":\"2026-03-09T10:48:54+00:00\",\"description\":\"Uchylna rolka kotwiczna TRAC ze stali nierdzewnej. Polerowana, trwa\u0142a, kompatybilna z kotwicami p\u0142ugowymi, linami i \u0142a\u0144cuchami. Gwarancja 2 lata. Wysy\u0142ka 24\",\"breadcrumb\":{\"@id\":\"https:\/\/atana.pl\/sklep-on-line\/windy_akcesoria\/rolki-kotwiczne-rolki-prowadzace\/rolka-uchylna-trac\/#breadcrumb\"},\"inLanguage\":\"en-GB\",\"potentialAction\":[{\"@type\":\"ReadAction\",\"target\":[\"https:\/\/atana.pl\/sklep-on-line\/windy_akcesoria\/rolki-kotwiczne-rolki-prowadzace\/rolka-uchylna-trac\/\"]}]},{\"@type\":\"ImageObject\",\"inLanguage\":\"en-GB\",\"@id\":\"https:\/\/atana.pl\/sklep-on-line\/windy_akcesoria\/rolki-kotwiczne-rolki-prowadzace\/rolka-uchylna-trac\/#primaryimage\",\"url\":\"https:\/\/atana.pl\/wp-content\/uploads\/2002\/01\/Rolka-kotwiczna-nierdzewna-uchylna_trac-69062_kotwice-plugowe_biale-tlo.webp\",\"contentUrl\":\"https:\/\/atana.pl\/wp-content\/uploads\/2002\/01\/Rolka-kotwiczna-nierdzewna-uchylna_trac-69062_kotwice-plugowe_biale-tlo.webp\",\"width\":1200,\"height\":1200,\"caption\":\"Rolka kotwiczna nierdzewna uchylna trac 69062 kotwice plugowe biale tlo\"},{\"@type\":\"BreadcrumbList\",\"@id\":\"https:\/\/atana.pl\/sklep-on-line\/windy_akcesoria\/rolki-kotwiczne-rolki-prowadzace\/rolka-uchylna-trac\/#breadcrumb\",\"itemListElement\":[{\"@type\":\"ListItem\",\"position\":1,\"name\":\"Strona g\u0142\u00f3wna\",\"item\":\"https:\/\/atana.pl\/\"},{\"@type\":\"ListItem\",\"position\":2,\"name\":\"Sklep on-line\",\"item\":\"https:\/\/atana.pl\/sklep-on-line\/\"},{\"@type\":\"ListItem\",\"position\":3,\"name\":\"Rolka kotwiczna uchylna TRAC &#8211; Kotwice P\u0141UGOWE, PAZUROWE &#038; P\u0141YTOWE\"}]},{\"@type\":\"WebSite\",\"@id\":\"https:\/\/atana.pl\/#website\",\"url\":\"https:\/\/atana.pl\/\",\"name\":\"Atana\",\"description\":\"Akcesoria do \u0142odzi, kamper\u00f3w i przyczep. \u0141odzie motorowe\",\"publisher\":{\"@id\":\"https:\/\/atana.pl\/#organization\"},\"potentialAction\":[{\"@type\":\"SearchAction\",\"target\":{\"@type\":\"EntryPoint\",\"urlTemplate\":\"https:\/\/atana.pl\/?s={search_term_string}\"},\"query-input\":{\"@type\":\"PropertyValueSpecification\",\"valueRequired\":true,\"valueName\":\"search_term_string\"}}],\"inLanguage\":\"en-GB\"},{\"@type\":\"Organization\",\"@id\":\"https:\/\/atana.pl\/#organization\",\"name\":\"Atana\",\"url\":\"https:\/\/atana.pl\/\",\"logo\":{\"@type\":\"ImageObject\",\"inLanguage\":\"en-GB\",\"@id\":\"https:\/\/atana.pl\/#\/schema\/logo\/image\/\",\"url\":\"\",\"contentUrl\":\"\",\"caption\":\"Atana\"},\"image\":{\"@id\":\"https:\/\/atana.pl\/#\/schema\/logo\/image\/\"},\"sameAs\":[\"https:\/\/www.facebook.com\/atanayachts\",\"https:\/\/www.instagram.com\/atanaboats\/\",\"https:\/\/www.youtube.com\/channel\/UClMMmVqqx17in9QzgxK90Mw\"]}]}<\/script>\n<!-- \/ Yoast SEO plugin. -->","yoast_head_json":{"title":"Rolka kotwiczna uchylna TRAC - Kotwice P\u0141UGOWE, PAZUROWE & P\u0141YTOWE - Atana","description":"Uchylna rolka kotwiczna TRAC ze stali nierdzewnej. Polerowana, trwa\u0142a, kompatybilna z kotwicami p\u0142ugowymi, linami i \u0142a\u0144cuchami. Gwarancja 2 lata. Wysy\u0142ka 24","robots":{"index":"index","follow":"follow","max-snippet":"max-snippet:-1","max-image-preview":"max-image-preview:large","max-video-preview":"max-video-preview:-1"},"canonical":"https:\/\/atana.pl\/en\/online-shop\/lifts_accessories\/anchor-rollers-guide-rollers\/rolka-uchylna-trac\/","og_locale":"en_GB","og_type":"article","og_title":"Rolka kotwiczna uchylna TRAC - Kotwice P\u0141UGOWE, PAZUROWE & P\u0141YTOWE - Atana","og_description":"Uchylna rolka kotwiczna TRAC ze stali nierdzewnej. Polerowana, trwa\u0142a, kompatybilna z kotwicami p\u0142ugowymi, linami i \u0142a\u0144cuchami. Gwarancja 2 lata. Wysy\u0142ka 24","og_url":"https:\/\/atana.pl\/en\/online-shop\/lifts_accessories\/anchor-rollers-guide-rollers\/rolka-uchylna-trac\/","og_site_name":"Atana","article_publisher":"https:\/\/www.facebook.com\/atanayachts","article_modified_time":"2026-03-09T10:48:54+00:00","og_image":[{"width":1200,"height":1200,"url":"https:\/\/atana.pl\/wp-content\/uploads\/2002\/01\/Rolka-kotwiczna-nierdzewna-uchylna_trac-69062_kotwice-plugowe_biale-tlo.webp","type":"image\/webp"}],"twitter_card":"summary_large_image","twitter_misc":{"Estimated reading time":"2 minutes"},"schema":{"@context":"https:\/\/schema.org","@graph":[{"@type":"WebPage","@id":"https:\/\/atana.pl\/sklep-on-line\/windy_akcesoria\/rolki-kotwiczne-rolki-prowadzace\/rolka-uchylna-trac\/","url":"https:\/\/atana.pl\/sklep-on-line\/windy_akcesoria\/rolki-kotwiczne-rolki-prowadzace\/rolka-uchylna-trac\/","name":"Rolka kotwiczna uchylna TRAC - Kotwice P\u0141UGOWE, PAZUROWE & P\u0141YTOWE - Atana","isPartOf":{"@id":"https:\/\/atana.pl\/#website"},"primaryImageOfPage":{"@id":"https:\/\/atana.pl\/sklep-on-line\/windy_akcesoria\/rolki-kotwiczne-rolki-prowadzace\/rolka-uchylna-trac\/#primaryimage"},"image":{"@id":"https:\/\/atana.pl\/sklep-on-line\/windy_akcesoria\/rolki-kotwiczne-rolki-prowadzace\/rolka-uchylna-trac\/#primaryimage"},"thumbnailUrl":"https:\/\/atana.pl\/wp-content\/uploads\/2002\/01\/Rolka-kotwiczna-nierdzewna-uchylna_trac-69062_kotwice-plugowe_biale-tlo.webp","datePublished":"2002-01-27T11:16:31+00:00","dateModified":"2026-03-09T10:48:54+00:00","description":"Uchylna rolka kotwiczna TRAC ze stali nierdzewnej. Polerowana, trwa\u0142a, kompatybilna z kotwicami p\u0142ugowymi, linami i \u0142a\u0144cuchami. Gwarancja 2 lata. Wysy\u0142ka 24","breadcrumb":{"@id":"https:\/\/atana.pl\/sklep-on-line\/windy_akcesoria\/rolki-kotwiczne-rolki-prowadzace\/rolka-uchylna-trac\/#breadcrumb"},"inLanguage":"en-GB","potentialAction":[{"@type":"ReadAction","target":["https:\/\/atana.pl\/sklep-on-line\/windy_akcesoria\/rolki-kotwiczne-rolki-prowadzace\/rolka-uchylna-trac\/"]}]},{"@type":"ImageObject","inLanguage":"en-GB","@id":"https:\/\/atana.pl\/sklep-on-line\/windy_akcesoria\/rolki-kotwiczne-rolki-prowadzace\/rolka-uchylna-trac\/#primaryimage","url":"https:\/\/atana.pl\/wp-content\/uploads\/2002\/01\/Rolka-kotwiczna-nierdzewna-uchylna_trac-69062_kotwice-plugowe_biale-tlo.webp","contentUrl":"https:\/\/atana.pl\/wp-content\/uploads\/2002\/01\/Rolka-kotwiczna-nierdzewna-uchylna_trac-69062_kotwice-plugowe_biale-tlo.webp","width":1200,"height":1200,"caption":"Rolka kotwiczna nierdzewna uchylna trac 69062 kotwice plugowe biale tlo"},{"@type":"BreadcrumbList","@id":"https:\/\/atana.pl\/sklep-on-line\/windy_akcesoria\/rolki-kotwiczne-rolki-prowadzace\/rolka-uchylna-trac\/#breadcrumb","itemListElement":[{"@type":"ListItem","position":1,"name":"Strona g\u0142\u00f3wna","item":"https:\/\/atana.pl\/"},{"@type":"ListItem","position":2,"name":"Sklep on-line","item":"https:\/\/atana.pl\/sklep-on-line\/"},{"@type":"ListItem","position":3,"name":"Rolka kotwiczna uchylna TRAC &#8211; Kotwice P\u0141UGOWE, PAZUROWE &#038; P\u0141YTOWE"}]},{"@type":"WebSite","@id":"https:\/\/atana.pl\/#website","url":"https:\/\/atana.pl\/","name":"Atana","description":"Akcesoria do \u0142odzi, kamper\u00f3w i przyczep. \u0141odzie motorowe","publisher":{"@id":"https:\/\/atana.pl\/#organization"},"potentialAction":[{"@type":"SearchAction","target":{"@type":"EntryPoint","urlTemplate":"https:\/\/atana.pl\/?s={search_term_string}"},"query-input":{"@type":"PropertyValueSpecification","valueRequired":true,"valueName":"search_term_string"}}],"inLanguage":"en-GB"},{"@type":"Organization","@id":"https:\/\/atana.pl\/#organization","name":"Atana","url":"https:\/\/atana.pl\/","logo":{"@type":"ImageObject","inLanguage":"en-GB","@id":"https:\/\/atana.pl\/#\/schema\/logo\/image\/","url":"","contentUrl":"","caption":"Atana"},"image":{"@id":"https:\/\/atana.pl\/#\/schema\/logo\/image\/"},"sameAs":["https:\/\/www.facebook.com\/atanayachts","https:\/\/www.instagram.com\/atanaboats\/","https:\/\/www.youtube.com\/channel\/UClMMmVqqx17in9QzgxK90Mw"]}]}},"_links":{"self":[{"href":"https:\/\/atana.pl\/en\/wp-json\/wp\/v2\/product\/5326","targetHints":{"allow":["GET"]}}],"collection":[{"href":"https:\/\/atana.pl\/en\/wp-json\/wp\/v2\/product"}],"about":[{"href":"https:\/\/atana.pl\/en\/wp-json\/wp\/v2\/types\/product"}],"wp:featuredmedia":[{"embeddable":true,"href":"https:\/\/atana.pl\/en\/wp-json\/wp\/v2\/media\/8662"}],"wp:attachment":[{"href":"https:\/\/atana.pl\/en\/wp-json\/wp\/v2\/media?parent=5326"}],"wp:term":[{"taxonomy":"product_brand","embeddable":true,"href":"https:\/\/atana.pl\/en\/wp-json\/wp\/v2\/product_brand?post=5326"},{"taxonomy":"product_cat","embeddable":true,"href":"https:\/\/atana.pl\/en\/wp-json\/wp\/v2\/product_cat?post=5326"},{"taxonomy":"product_tag","embeddable":true,"href":"https:\/\/atana.pl\/en\/wp-json\/wp\/v2\/product_tag?post=5326"}],"curies":[{"name":"wp","href":"https:\/\/api.w.org\/{rel}","templated":true}]}}