{"id":5309,"date":"2004-01-27T12:16:30","date_gmt":"2004-01-27T11:16:30","guid":{"rendered":"https:\/\/atana.pl\/sklep-on-line\/rolka-kotwiczna-nierdzewna-polerowana\/"},"modified":"2026-03-09T11:49:54","modified_gmt":"2026-03-09T10:49:54","slug":"rolka-kotwiczna-nierdzewna-polerowana","status":"publish","type":"product","link":"https:\/\/atana.pl\/en\/online-shop\/lifts_accessories\/anchor-rollers-guide-rollers\/rolka-kotwiczna-nierdzewna-polerowana\/","title":{"rendered":"Rolka kotwiczna nierdzewna &#8211; Kotwice RIVER\/GRZYBEK"},"content":{"rendered":"<h2 class=\"\" data-start=\"282\" data-end=\"351\">\u2693 Rolka kotwiczna nierdzewna<\/h2>\n<p class=\"\" data-start=\"353\" data-end=\"703\"><strong data-start=\"353\" data-end=\"396\">Rolka kotwiczna nierdzewna \u2013 polerowana<\/strong> to wysokiej klasy akcesorium \u017ceglarskie, wykonane z trwa\u0142ej stali nierdzewnej i r\u0119cznie polerowane dla uzyskania eleganckiego wygl\u0105du oraz maksymalnej odporno\u015bci na korozj\u0119.<br data-start=\"570\" data-end=\"573\" \/>To niezawodne rozwi\u0105zanie do pracy z kotwicami typu <a href=\"https:\/\/atana.pl\/en\/products\/lifts_accessories\/kotwice\/\"><strong data-start=\"625\" data-end=\"634\">River<\/strong><span data-start=\"625\" data-end=\"634\">, <\/span><strong data-start=\"637\" data-end=\"648\">Grzybek oraz Bruce<\/strong><\/a>, a tak\u017ce z r\u00f3\u017cnymi typami lin i \u0142a\u0144cuch\u00f3w kotwicznych.<\/p>\n<p class=\"\" data-start=\"705\" data-end=\"996\">Rolka jest w pe\u0142ni kompatybilna z elektrycznymi <a href=\"https:\/\/atana.pl\/en\/products\/lifts_accessories\/lifts\/\">windami kotwicznymi TRAC.<\/a><\/p>\n<p data-start=\"705\" data-end=\"996\"><a href=\"https:\/\/atana.pl\/en\/sposoby-montazu-elektrycznych-wind-kotwicznych-trac\/\">&#8230;Czytaj wi\u0119cej o sposobach monta\u017cu.<\/a><\/p>\n<hr class=\"\" data-start=\"998\" data-end=\"1001\" \/>\n<h3 class=\"\" data-start=\"1003\" data-end=\"1045\">\u2705 Zalety rolki kotwicznej nierdzewnej:<\/h3>\n<ul data-start=\"1047\" data-end=\"1418\">\n<li class=\"\" data-start=\"1047\" data-end=\"1105\">\n<p class=\"\" data-start=\"1049\" data-end=\"1105\">Wysokiej jako\u015bci <strong data-start=\"1066\" data-end=\"1085\">stal nierdzewna<\/strong>, odporna na korozj\u0119<\/p>\n<\/li>\n<li class=\"\" data-start=\"1106\" data-end=\"1171\">\n<p class=\"\" data-start=\"1108\" data-end=\"1171\"><strong data-start=\"1108\" data-end=\"1130\">R\u0119czne polerowanie<\/strong> \u2013 elegancki wygl\u0105d i g\u0142adkie wyko\u0144czenie<\/p>\n<\/li>\n<li class=\"\" data-start=\"1172\" data-end=\"1240\">\n<p class=\"\" data-start=\"1174\" data-end=\"1240\">Precyzyjne spasowanie \u2013 doskona\u0142a praca nawet z delikatnymi linami<\/p>\n<\/li>\n<li class=\"\" data-start=\"1241\" data-end=\"1305\">\n<p class=\"\" data-start=\"1243\" data-end=\"1305\">Kompatybilno\u015b\u0107 z <strong data-start=\"1260\" data-end=\"1288\">kotwicami River, Grzybek <\/strong>oraz niekt\u00f3rymi kotwicami <strong data-start=\"1260\" data-end=\"1288\">p\u0142ugowymi.<\/strong><\/p>\n<\/li>\n<li class=\"\" data-start=\"1306\" data-end=\"1360\">\n<p class=\"\" data-start=\"1308\" data-end=\"1360\">Pasuje do monta\u017cu w standardowych punktach mocowania<\/p>\n<\/li>\n<li class=\"\" data-start=\"1361\" data-end=\"1418\">\n<p class=\"\" data-start=\"1363\" data-end=\"1418\"><strong data-start=\"1363\" data-end=\"1383\">Polska produkcja<\/strong> \u2013 wysoka jako\u015b\u0107 i dba\u0142o\u015b\u0107 o detale<\/p>\n<\/li>\n<\/ul>\n<hr class=\"\" data-start=\"1692\" data-end=\"1695\" \/>\n<h3 class=\"\" data-start=\"1697\" data-end=\"1725\">\ud83d\udee1\ufe0f Gwarancja i obs\u0142uga:<\/h3>\n<p class=\"\" data-start=\"1727\" data-end=\"1897\">\u2714\ufe0f 2-year warranty<br data-start=\"1746\" data-end=\"1749\" \/>\u2714\ufe0f Serwis i cz\u0119\u015bci zamienne dost\u0119pne od r\u0119ki<br data-start=\"1793\" data-end=\"1796\" \/>\u2714\ufe0f Pomoc techniczna przy doborze system\u00f3w kotwicznych<br data-start=\"1849\" data-end=\"1852\" \/>\u2714\ufe0f Szybka realizacja zam\u00f3wie\u0144 \u2013 wysy\u0142ka w 24h<\/p>\n<hr class=\"\" data-start=\"1899\" data-end=\"1902\" \/>\n<h3 class=\"\" data-start=\"1904\" data-end=\"1924\">\ud83d\udd1a Podsumowanie:<\/h3>\n<p class=\"\" data-start=\"1926\" data-end=\"2176\"><strong data-start=\"1926\" data-end=\"1977\">Polerowana rolka kotwiczna ze stali nierdzewnej<\/strong> to po\u0142\u0105czenie estetyki, trwa\u0142o\u015bci i najwy\u017cszej funkcjonalno\u015bci. To rozwi\u0105zanie dla wymagaj\u0105cych wodniak\u00f3w, kt\u00f3rzy oczekuj\u0105 niezawodnego dzia\u0142ania, bezpiecze\u0144stwa i eleganckiego wygl\u0105du na pok\u0142adzie.<\/p>\n<p class=\"\" data-start=\"2178\" data-end=\"2377\">Dzi\u0119ki precyzyjnemu wykonaniu i kompatybilno\u015bci z najpopularniejszymi systemami, rolka sprawdzi si\u0119 zar\u00f3wno jako element podstawowego wyposa\u017cenia, jak i jako element modernizacji systemu kotwicznego.<\/p>\n<p class=\"\" data-start=\"2379\" data-end=\"2467\">Postaw na jako\u015b\u0107 \u2013 wybierz produkt, kt\u00f3ry zosta\u0142 zaprojektowany z pasj\u0105 do \u017ceglarstwa. \u2693<\/p>","protected":false},"excerpt":{"rendered":"<ul>\n<li>Rolka kotwiczna nierdzewna.<\/li>\n<li>Do kotwic River, Grzybek do 13,5 kg oraz niekt\u00f3rych kotwic p\u0142ugowych do 10 kg.<\/li>\n<li>Mo\u017ce pracowa\u0107 z elektrycznymi windami kotwicznymi.<\/li>\n<\/ul>","protected":false},"featured_media":8629,"template":"","meta":{"_acf_changed":false},"product_brand":[],"product_cat":[104,110,102],"product_tag":[842,846,843,845,827,840,820,819,823,836,228,841,844],"class_list":{"0":"post-5309","1":"product","2":"type-product","3":"status-publish","4":"has-post-thumbnail","6":"product_cat-windy_akcesoria","7":"product_cat-rolki-kotwiczne-rolki-prowadzace","8":"product_cat-trac","9":"product_tag-akcesoria-zeglarskie","10":"product_tag-anchor-bow-roller","11":"product_tag-kotwica-13-kg","12":"product_tag-marine-anchor-roller","13":"product_tag-mocowanie-kotwicy","14":"product_tag-polerowana-rolka-do-kotwicy","15":"product_tag-rolka-do-kotwicy-grzybek","16":"product_tag-rolka-do-kotwicy-river","17":"product_tag-rolka-do-windy-trac","18":"product_tag-rolka-dziobowa","19":"product_tag-rolka-kotwiczna-nierdzewna","20":"product_tag-stal-nierdzewna-kotwica","21":"product_tag-wyposazenie-lodzi","23":"first","24":"instock","25":"taxable","26":"shipping-taxable","27":"purchasable","28":"product-type-simple"},"acf":[],"yoast_head":"<!-- This site is optimized with the Yoast SEO plugin v25.2 - https:\/\/yoast.com\/wordpress\/plugins\/seo\/ -->\n<title>Rolka kotwiczna nierdzewna - Kotwice RIVER\/GRZYBEK - Atana<\/title>\n<meta name=\"description\" content=\"Rolka kotwiczna ze stali nierdzewnej, r\u0119cznie polerowana. Kompatybilna z kotwicami River i Grzybek oraz windami TRAC. Polski produkt, 2 lata gwarancji.\" \/>\n<meta name=\"robots\" content=\"index, follow, max-snippet:-1, max-image-preview:large, max-video-preview:-1\" \/>\n<link rel=\"canonical\" href=\"https:\/\/atana.pl\/en\/online-shop\/lifts_accessories\/anchor-rollers-guide-rollers\/rolka-kotwiczna-nierdzewna-polerowana\/\" \/>\n<meta property=\"og:locale\" content=\"en_GB\" \/>\n<meta property=\"og:type\" content=\"article\" \/>\n<meta property=\"og:title\" content=\"Rolka kotwiczna nierdzewna - Kotwice RIVER\/GRZYBEK - Atana\" \/>\n<meta property=\"og:description\" content=\"Rolka kotwiczna ze stali nierdzewnej, r\u0119cznie polerowana. Kompatybilna z kotwicami River i Grzybek oraz windami TRAC. Polski produkt, 2 lata gwarancji.\" \/>\n<meta property=\"og:url\" content=\"https:\/\/atana.pl\/en\/online-shop\/lifts_accessories\/anchor-rollers-guide-rollers\/rolka-kotwiczna-nierdzewna-polerowana\/\" \/>\n<meta property=\"og:site_name\" content=\"Atana\" \/>\n<meta property=\"article:publisher\" content=\"https:\/\/www.facebook.com\/atanayachts\" \/>\n<meta property=\"article:modified_time\" content=\"2026-03-09T10:49:54+00:00\" \/>\n<meta property=\"og:image\" content=\"https:\/\/atana.pl\/wp-content\/uploads\/1967\/01\/Rolka-kotwiczna-nierdzewna_RKP305_kotwice-river-grzybek_biale-tlo.webp\" \/>\n\t<meta property=\"og:image:width\" content=\"1200\" \/>\n\t<meta property=\"og:image:height\" content=\"1200\" \/>\n\t<meta property=\"og:image:type\" content=\"image\/webp\" \/>\n<meta name=\"twitter:card\" content=\"summary_large_image\" \/>\n<meta name=\"twitter:label1\" content=\"Estimated reading time\" \/>\n\t<meta name=\"twitter:data1\" content=\"1 minute\" \/>\n<script type=\"application\/ld+json\" class=\"yoast-schema-graph\">{\"@context\":\"https:\/\/schema.org\",\"@graph\":[{\"@type\":\"WebPage\",\"@id\":\"https:\/\/atana.pl\/sklep-on-line\/windy_akcesoria\/rolki-kotwiczne-rolki-prowadzace\/rolka-kotwiczna-nierdzewna-polerowana\/\",\"url\":\"https:\/\/atana.pl\/sklep-on-line\/windy_akcesoria\/rolki-kotwiczne-rolki-prowadzace\/rolka-kotwiczna-nierdzewna-polerowana\/\",\"name\":\"Rolka kotwiczna nierdzewna - Kotwice RIVER\/GRZYBEK - Atana\",\"isPartOf\":{\"@id\":\"https:\/\/atana.pl\/#website\"},\"primaryImageOfPage\":{\"@id\":\"https:\/\/atana.pl\/sklep-on-line\/windy_akcesoria\/rolki-kotwiczne-rolki-prowadzace\/rolka-kotwiczna-nierdzewna-polerowana\/#primaryimage\"},\"image\":{\"@id\":\"https:\/\/atana.pl\/sklep-on-line\/windy_akcesoria\/rolki-kotwiczne-rolki-prowadzace\/rolka-kotwiczna-nierdzewna-polerowana\/#primaryimage\"},\"thumbnailUrl\":\"https:\/\/atana.pl\/wp-content\/uploads\/1967\/01\/Rolka-kotwiczna-nierdzewna_RKP305_kotwice-river-grzybek_biale-tlo.webp\",\"datePublished\":\"2004-01-27T11:16:30+00:00\",\"dateModified\":\"2026-03-09T10:49:54+00:00\",\"description\":\"Rolka kotwiczna ze stali nierdzewnej, r\u0119cznie polerowana. Kompatybilna z kotwicami River i Grzybek oraz windami TRAC. Polski produkt, 2 lata gwarancji.\",\"breadcrumb\":{\"@id\":\"https:\/\/atana.pl\/sklep-on-line\/windy_akcesoria\/rolki-kotwiczne-rolki-prowadzace\/rolka-kotwiczna-nierdzewna-polerowana\/#breadcrumb\"},\"inLanguage\":\"en-GB\",\"potentialAction\":[{\"@type\":\"ReadAction\",\"target\":[\"https:\/\/atana.pl\/sklep-on-line\/windy_akcesoria\/rolki-kotwiczne-rolki-prowadzace\/rolka-kotwiczna-nierdzewna-polerowana\/\"]}]},{\"@type\":\"ImageObject\",\"inLanguage\":\"en-GB\",\"@id\":\"https:\/\/atana.pl\/sklep-on-line\/windy_akcesoria\/rolki-kotwiczne-rolki-prowadzace\/rolka-kotwiczna-nierdzewna-polerowana\/#primaryimage\",\"url\":\"https:\/\/atana.pl\/wp-content\/uploads\/1967\/01\/Rolka-kotwiczna-nierdzewna_RKP305_kotwice-river-grzybek_biale-tlo.webp\",\"contentUrl\":\"https:\/\/atana.pl\/wp-content\/uploads\/1967\/01\/Rolka-kotwiczna-nierdzewna_RKP305_kotwice-river-grzybek_biale-tlo.webp\",\"width\":1200,\"height\":1200,\"caption\":\"Rolka kotwiczna nierdzewna RKP305 kotwice river grzybek biale tlo\"},{\"@type\":\"BreadcrumbList\",\"@id\":\"https:\/\/atana.pl\/sklep-on-line\/windy_akcesoria\/rolki-kotwiczne-rolki-prowadzace\/rolka-kotwiczna-nierdzewna-polerowana\/#breadcrumb\",\"itemListElement\":[{\"@type\":\"ListItem\",\"position\":1,\"name\":\"Strona g\u0142\u00f3wna\",\"item\":\"https:\/\/atana.pl\/\"},{\"@type\":\"ListItem\",\"position\":2,\"name\":\"Sklep on-line\",\"item\":\"https:\/\/atana.pl\/sklep-on-line\/\"},{\"@type\":\"ListItem\",\"position\":3,\"name\":\"Rolka kotwiczna nierdzewna &#8211; Kotwice RIVER\/GRZYBEK\"}]},{\"@type\":\"WebSite\",\"@id\":\"https:\/\/atana.pl\/#website\",\"url\":\"https:\/\/atana.pl\/\",\"name\":\"Atana\",\"description\":\"Akcesoria do \u0142odzi, kamper\u00f3w i przyczep. \u0141odzie motorowe\",\"publisher\":{\"@id\":\"https:\/\/atana.pl\/#organization\"},\"potentialAction\":[{\"@type\":\"SearchAction\",\"target\":{\"@type\":\"EntryPoint\",\"urlTemplate\":\"https:\/\/atana.pl\/?s={search_term_string}\"},\"query-input\":{\"@type\":\"PropertyValueSpecification\",\"valueRequired\":true,\"valueName\":\"search_term_string\"}}],\"inLanguage\":\"en-GB\"},{\"@type\":\"Organization\",\"@id\":\"https:\/\/atana.pl\/#organization\",\"name\":\"Atana\",\"url\":\"https:\/\/atana.pl\/\",\"logo\":{\"@type\":\"ImageObject\",\"inLanguage\":\"en-GB\",\"@id\":\"https:\/\/atana.pl\/#\/schema\/logo\/image\/\",\"url\":\"\",\"contentUrl\":\"\",\"caption\":\"Atana\"},\"image\":{\"@id\":\"https:\/\/atana.pl\/#\/schema\/logo\/image\/\"},\"sameAs\":[\"https:\/\/www.facebook.com\/atanayachts\",\"https:\/\/www.instagram.com\/atanaboats\/\",\"https:\/\/www.youtube.com\/channel\/UClMMmVqqx17in9QzgxK90Mw\"]}]}<\/script>\n<!-- \/ Yoast SEO plugin. -->","yoast_head_json":{"title":"Rolka kotwiczna nierdzewna - Kotwice RIVER\/GRZYBEK - Atana","description":"Rolka kotwiczna ze stali nierdzewnej, r\u0119cznie polerowana. Kompatybilna z kotwicami River i Grzybek oraz windami TRAC. Polski produkt, 2 lata gwarancji.","robots":{"index":"index","follow":"follow","max-snippet":"max-snippet:-1","max-image-preview":"max-image-preview:large","max-video-preview":"max-video-preview:-1"},"canonical":"https:\/\/atana.pl\/en\/online-shop\/lifts_accessories\/anchor-rollers-guide-rollers\/rolka-kotwiczna-nierdzewna-polerowana\/","og_locale":"en_GB","og_type":"article","og_title":"Rolka kotwiczna nierdzewna - Kotwice RIVER\/GRZYBEK - Atana","og_description":"Rolka kotwiczna ze stali nierdzewnej, r\u0119cznie polerowana. Kompatybilna z kotwicami River i Grzybek oraz windami TRAC. Polski produkt, 2 lata gwarancji.","og_url":"https:\/\/atana.pl\/en\/online-shop\/lifts_accessories\/anchor-rollers-guide-rollers\/rolka-kotwiczna-nierdzewna-polerowana\/","og_site_name":"Atana","article_publisher":"https:\/\/www.facebook.com\/atanayachts","article_modified_time":"2026-03-09T10:49:54+00:00","og_image":[{"width":1200,"height":1200,"url":"https:\/\/atana.pl\/wp-content\/uploads\/1967\/01\/Rolka-kotwiczna-nierdzewna_RKP305_kotwice-river-grzybek_biale-tlo.webp","type":"image\/webp"}],"twitter_card":"summary_large_image","twitter_misc":{"Estimated reading time":"1 minute"},"schema":{"@context":"https:\/\/schema.org","@graph":[{"@type":"WebPage","@id":"https:\/\/atana.pl\/sklep-on-line\/windy_akcesoria\/rolki-kotwiczne-rolki-prowadzace\/rolka-kotwiczna-nierdzewna-polerowana\/","url":"https:\/\/atana.pl\/sklep-on-line\/windy_akcesoria\/rolki-kotwiczne-rolki-prowadzace\/rolka-kotwiczna-nierdzewna-polerowana\/","name":"Rolka kotwiczna nierdzewna - Kotwice RIVER\/GRZYBEK - Atana","isPartOf":{"@id":"https:\/\/atana.pl\/#website"},"primaryImageOfPage":{"@id":"https:\/\/atana.pl\/sklep-on-line\/windy_akcesoria\/rolki-kotwiczne-rolki-prowadzace\/rolka-kotwiczna-nierdzewna-polerowana\/#primaryimage"},"image":{"@id":"https:\/\/atana.pl\/sklep-on-line\/windy_akcesoria\/rolki-kotwiczne-rolki-prowadzace\/rolka-kotwiczna-nierdzewna-polerowana\/#primaryimage"},"thumbnailUrl":"https:\/\/atana.pl\/wp-content\/uploads\/1967\/01\/Rolka-kotwiczna-nierdzewna_RKP305_kotwice-river-grzybek_biale-tlo.webp","datePublished":"2004-01-27T11:16:30+00:00","dateModified":"2026-03-09T10:49:54+00:00","description":"Rolka kotwiczna ze stali nierdzewnej, r\u0119cznie polerowana. Kompatybilna z kotwicami River i Grzybek oraz windami TRAC. Polski produkt, 2 lata gwarancji.","breadcrumb":{"@id":"https:\/\/atana.pl\/sklep-on-line\/windy_akcesoria\/rolki-kotwiczne-rolki-prowadzace\/rolka-kotwiczna-nierdzewna-polerowana\/#breadcrumb"},"inLanguage":"en-GB","potentialAction":[{"@type":"ReadAction","target":["https:\/\/atana.pl\/sklep-on-line\/windy_akcesoria\/rolki-kotwiczne-rolki-prowadzace\/rolka-kotwiczna-nierdzewna-polerowana\/"]}]},{"@type":"ImageObject","inLanguage":"en-GB","@id":"https:\/\/atana.pl\/sklep-on-line\/windy_akcesoria\/rolki-kotwiczne-rolki-prowadzace\/rolka-kotwiczna-nierdzewna-polerowana\/#primaryimage","url":"https:\/\/atana.pl\/wp-content\/uploads\/1967\/01\/Rolka-kotwiczna-nierdzewna_RKP305_kotwice-river-grzybek_biale-tlo.webp","contentUrl":"https:\/\/atana.pl\/wp-content\/uploads\/1967\/01\/Rolka-kotwiczna-nierdzewna_RKP305_kotwice-river-grzybek_biale-tlo.webp","width":1200,"height":1200,"caption":"Rolka kotwiczna nierdzewna RKP305 kotwice river grzybek biale tlo"},{"@type":"BreadcrumbList","@id":"https:\/\/atana.pl\/sklep-on-line\/windy_akcesoria\/rolki-kotwiczne-rolki-prowadzace\/rolka-kotwiczna-nierdzewna-polerowana\/#breadcrumb","itemListElement":[{"@type":"ListItem","position":1,"name":"Strona g\u0142\u00f3wna","item":"https:\/\/atana.pl\/"},{"@type":"ListItem","position":2,"name":"Sklep on-line","item":"https:\/\/atana.pl\/sklep-on-line\/"},{"@type":"ListItem","position":3,"name":"Rolka kotwiczna nierdzewna &#8211; Kotwice RIVER\/GRZYBEK"}]},{"@type":"WebSite","@id":"https:\/\/atana.pl\/#website","url":"https:\/\/atana.pl\/","name":"Atana","description":"Akcesoria do \u0142odzi, kamper\u00f3w i przyczep. \u0141odzie motorowe","publisher":{"@id":"https:\/\/atana.pl\/#organization"},"potentialAction":[{"@type":"SearchAction","target":{"@type":"EntryPoint","urlTemplate":"https:\/\/atana.pl\/?s={search_term_string}"},"query-input":{"@type":"PropertyValueSpecification","valueRequired":true,"valueName":"search_term_string"}}],"inLanguage":"en-GB"},{"@type":"Organization","@id":"https:\/\/atana.pl\/#organization","name":"Atana","url":"https:\/\/atana.pl\/","logo":{"@type":"ImageObject","inLanguage":"en-GB","@id":"https:\/\/atana.pl\/#\/schema\/logo\/image\/","url":"","contentUrl":"","caption":"Atana"},"image":{"@id":"https:\/\/atana.pl\/#\/schema\/logo\/image\/"},"sameAs":["https:\/\/www.facebook.com\/atanayachts","https:\/\/www.instagram.com\/atanaboats\/","https:\/\/www.youtube.com\/channel\/UClMMmVqqx17in9QzgxK90Mw"]}]}},"_links":{"self":[{"href":"https:\/\/atana.pl\/en\/wp-json\/wp\/v2\/product\/5309","targetHints":{"allow":["GET"]}}],"collection":[{"href":"https:\/\/atana.pl\/en\/wp-json\/wp\/v2\/product"}],"about":[{"href":"https:\/\/atana.pl\/en\/wp-json\/wp\/v2\/types\/product"}],"wp:featuredmedia":[{"embeddable":true,"href":"https:\/\/atana.pl\/en\/wp-json\/wp\/v2\/media\/8629"}],"wp:attachment":[{"href":"https:\/\/atana.pl\/en\/wp-json\/wp\/v2\/media?parent=5309"}],"wp:term":[{"taxonomy":"product_brand","embeddable":true,"href":"https:\/\/atana.pl\/en\/wp-json\/wp\/v2\/product_brand?post=5309"},{"taxonomy":"product_cat","embeddable":true,"href":"https:\/\/atana.pl\/en\/wp-json\/wp\/v2\/product_cat?post=5309"},{"taxonomy":"product_tag","embeddable":true,"href":"https:\/\/atana.pl\/en\/wp-json\/wp\/v2\/product_tag?post=5309"}],"curies":[{"name":"wp","href":"https:\/\/api.w.org\/{rel}","templated":true}]}}