{"id":5283,"date":"1984-01-27T12:16:28","date_gmt":"1984-01-27T11:16:28","guid":{"rendered":"https:\/\/atana.pl\/sklep-on-line\/lina-kotwiczna-6mm-x-30m-z-szekla\/"},"modified":"2025-04-19T13:44:08","modified_gmt":"2025-04-19T11:44:08","slug":"lina-kotwiczna-6mm-x-30m-z-szekla","status":"publish","type":"product","link":"https:\/\/atana.pl\/en\/online-shop\/lifts_accessories\/liny-lancuchy\/lina-kotwiczna-6mm-x-30m-z-szekla\/","title":{"rendered":"TRAC anchor windlass rope, 6mm x 30m, with shackle"},"content":{"rendered":"<h3 class=\"\" data-start=\"258\" data-end=\"313\">\u2693 Lina kotwiczna TRAC 6 mm \u2013 30 m z kausz\u0105 i szekl\u0105<\/h3>\n<p class=\"\" data-start=\"315\" data-end=\"610\"><strong data-start=\"315\" data-end=\"354\">Lina kotwiczna TRAC o \u015brednicy 6 mm<\/strong> to oryginalny komponent zaprojektowany z my\u015bl\u0105 o u\u017cytkownikach elektrycznych wind kotwicznych.<\/p>\n<p class=\"\" data-start=\"315\" data-end=\"610\">Lina jest dedykowana do modelu <a href=\"https:\/\/atana.pl\/en\/online-shop\/lifts_accessories\/lifts\/trac-seaside-40-autodeploy\/\">TRAC Seaside 40 A\/D<\/a> ale mo\u017ce r\u00f3wnie\u017c pracowa\u0107 z windami Fisherman, Pontoon, Angler oraz Deckboat.<\/p>\n<p class=\"\" data-start=\"315\" data-end=\"610\">Thanks to <strong data-start=\"459\" data-end=\"488\">rdzeniowi usztywniaj\u0105cemu<\/strong>, lina doskonale nawija si\u0119 na b\u0119ben wyci\u0105garki, co zapewnia p\u0142ynn\u0105, bezawaryjn\u0105 prac\u0119 nawet przy intensywnym u\u017cytkowaniu.<\/p>\n<p class=\"\" data-start=\"612\" data-end=\"853\">Zako\u0144czenie w postaci <strong data-start=\"634\" data-end=\"665\">kauszy ze stali nierdzewnej<\/strong> oraz <strong data-start=\"671\" data-end=\"681\">szekli<\/strong> umo\u017cliwia szybkie i bezpieczne po\u0142\u0105czenie z kotwic\u0105.<br data-start=\"734\" data-end=\"737\" \/>Kolor niebieski poprawia widoczno\u015b\u0107 liny w wodzie i na pok\u0142adzie \u2013 zwi\u0119kszaj\u0105c bezpiecze\u0144stwo i wygod\u0119 manewrowania.<\/p>\n<p class=\"\" data-start=\"855\" data-end=\"917\">Pasuje do wyci\u0105garek TRAC z b\u0119bnem przeznaczonym do liny 5 lub 6 mm.<\/p>\n<hr class=\"\" data-start=\"919\" data-end=\"922\" \/>\n<h3 class=\"\" data-start=\"924\" data-end=\"967\">\u2705 Dlaczego warto wybra\u0107 lin\u0119 TRAC 6 mm?<\/h3>\n<ul data-start=\"969\" data-end=\"1314\">\n<li class=\"\" data-start=\"969\" data-end=\"1022\">\n<p class=\"\" data-start=\"971\" data-end=\"1022\">Oryginalna lina pasuj\u0105ca do wind kotwicznych TRAC<\/p>\n<\/li>\n<li class=\"\" data-start=\"1023\" data-end=\"1083\">\n<p class=\"\" data-start=\"1025\" data-end=\"1083\">Rdze\u0144 usztywniaj\u0105cy \u2013 lepsza praca na b\u0119bnie, bez zaci\u0119\u0107<\/p>\n<\/li>\n<li class=\"\" data-start=\"1084\" data-end=\"1145\">\n<p class=\"\" data-start=\"1086\" data-end=\"1145\">Zako\u0144czona nierdzewn\u0105 kausz\u0105 i szekl\u0105 \u2013 gotowa do monta\u017cu<\/p>\n<\/li>\n<li class=\"\" data-start=\"1146\" data-end=\"1209\">\n<p class=\"\" data-start=\"1148\" data-end=\"1209\">Kolor niebieski \u2013 wysoka widoczno\u015b\u0107 w wodzie i na pok\u0142adzie<\/p>\n<\/li>\n<li class=\"\" data-start=\"1210\" data-end=\"1256\">\n<p class=\"\" data-start=\"1212\" data-end=\"1256\">Odporna na przetarcia, skr\u0119canie i korozj\u0119<\/p>\n<\/li>\n<li class=\"\" data-start=\"1257\" data-end=\"1314\">\n<p class=\"\" data-start=\"1259\" data-end=\"1314\">Sprawdzona jako\u015b\u0107 \u2013 stworzona z my\u015bl\u0105 o pracy na wodzie<\/p>\n<\/li>\n<\/ul>\n<hr class=\"\" data-start=\"1764\" data-end=\"1767\" \/>\n<h3 class=\"\" data-start=\"1769\" data-end=\"1788\">\ud83d\udedf Podsumowanie<\/h3>\n<p class=\"\" data-start=\"1790\" data-end=\"2176\">Je\u015bli zale\u017cy Ci na bezproblemowym i szybkim kotwiczeniu \u2013 <strong data-start=\"1848\" data-end=\"1866\">lina TRAC 6 mm<\/strong> to niezawodne rozwi\u0105zanie.<br data-start=\"1893\" data-end=\"1896\" \/>Dzi\u0119ki wysokiej jako\u015bci wykonania, solidnym zako\u0144czeniom i precyzyjnemu prowadzeniu, sprawdzi si\u0119 zar\u00f3wno podczas kr\u00f3tkich wypad\u00f3w, jak i d\u0142ugich rejs\u00f3w.<br data-start=\"2049\" data-end=\"2052\" \/>Postaw na <strong data-start=\"2062\" data-end=\"2091\">oryginalne akcesoria TRAC<\/strong> \u2013 zaprojektowane specjalnie z my\u015bl\u0105 o Twoim komforcie i bezpiecze\u0144stwie na wodzie. \u2693<\/p>","protected":false},"excerpt":{"rendered":"<ul>\n<li>Lina do windy TRAC<\/li>\n<li>\u015arednica: 6 mm.<\/li>\n<li>D\u0142ugo\u015b\u0107: 30 m.<\/li>\n<li>Pasuje do windy TRAC Seaside 40 A\/D<\/li>\n<\/ul>","protected":false},"featured_media":4033,"template":"","meta":{"_acf_changed":false},"product_brand":[],"product_cat":[104,109,102],"product_tag":[830,885,878,870,886,868,869,873,874,876],"class_list":{"0":"post-5283","1":"product","2":"type-product","3":"status-publish","4":"has-post-thumbnail","6":"product_cat-windy_akcesoria","7":"product_cat-liny-lancuchy","8":"product_cat-trac","9":"product_tag-akcesoria-kotwiczne","10":"product_tag-lina-6-mm","11":"product_tag-lina-do-lodzi","12":"product_tag-lina-do-windy-kotwicznej","13":"product_tag-lina-do-wyciagarki-trac","14":"product_tag-lina-kotwiczna","15":"product_tag-lina-trac","16":"product_tag-lina-z-kausza","17":"product_tag-lina-z-szekla","18":"product_tag-niebieska-lina-kotwiczna","20":"first","21":"outofstock","22":"taxable","23":"shipping-taxable","24":"purchasable","25":"product-type-simple"},"acf":[],"yoast_head":"<!-- This site is optimized with the Yoast SEO plugin v25.2 - https:\/\/yoast.com\/wordpress\/plugins\/seo\/ -->\n<title>Lina do windy kotwicznej TRAC, 6mm x 30m, z szekl\u0105 - Atana<\/title>\n<meta name=\"description\" content=\"Oryginalna lina kotwiczna TRAC 6 mm, d\u0142ugo\u015b\u0107 30 m, z kausz\u0105 i szekl\u0105 ze stali nierdzewnej. Pasuje do wyci\u0105garek TRAC. Trwa\u0142a, widoczna, gotowa do pracy.\" \/>\n<meta name=\"robots\" content=\"index, follow, max-snippet:-1, max-image-preview:large, max-video-preview:-1\" \/>\n<link rel=\"canonical\" href=\"https:\/\/atana.pl\/en\/online-shop\/lifts_accessories\/liny-lancuchy\/lina-kotwiczna-6mm-x-30m-z-szekla\/\" \/>\n<meta property=\"og:locale\" content=\"en_GB\" \/>\n<meta property=\"og:type\" content=\"article\" \/>\n<meta property=\"og:title\" content=\"Lina do windy kotwicznej TRAC, 6mm x 30m, z szekl\u0105 - Atana\" \/>\n<meta property=\"og:description\" content=\"Oryginalna lina kotwiczna TRAC 6 mm, d\u0142ugo\u015b\u0107 30 m, z kausz\u0105 i szekl\u0105 ze stali nierdzewnej. Pasuje do wyci\u0105garek TRAC. Trwa\u0142a, widoczna, gotowa do pracy.\" \/>\n<meta property=\"og:url\" content=\"https:\/\/atana.pl\/en\/online-shop\/lifts_accessories\/liny-lancuchy\/lina-kotwiczna-6mm-x-30m-z-szekla\/\" \/>\n<meta property=\"og:site_name\" content=\"Atana\" \/>\n<meta property=\"article:publisher\" content=\"https:\/\/www.facebook.com\/atanayachts\" \/>\n<meta property=\"article:modified_time\" content=\"2025-04-19T11:44:08+00:00\" \/>\n<meta property=\"og:image\" content=\"https:\/\/atana.pl\/wp-content\/uploads\/2024\/04\/69081-Lina-kotwiczna-6mm_30m-1.jpg\" \/>\n\t<meta property=\"og:image:width\" content=\"900\" \/>\n\t<meta property=\"og:image:height\" content=\"900\" \/>\n\t<meta property=\"og:image:type\" content=\"image\/jpeg\" \/>\n<meta name=\"twitter:card\" content=\"summary_large_image\" \/>\n<meta name=\"twitter:label1\" content=\"Estimated reading time\" \/>\n\t<meta name=\"twitter:data1\" content=\"1 minute\" \/>\n<script type=\"application\/ld+json\" class=\"yoast-schema-graph\">{\"@context\":\"https:\/\/schema.org\",\"@graph\":[{\"@type\":\"WebPage\",\"@id\":\"https:\/\/atana.pl\/sklep-on-line\/windy_akcesoria\/liny-lancuchy\/lina-kotwiczna-6mm-x-30m-z-szekla\/\",\"url\":\"https:\/\/atana.pl\/sklep-on-line\/windy_akcesoria\/liny-lancuchy\/lina-kotwiczna-6mm-x-30m-z-szekla\/\",\"name\":\"Lina do windy kotwicznej TRAC, 6mm x 30m, z szekl\u0105 - Atana\",\"isPartOf\":{\"@id\":\"https:\/\/atana.pl\/#website\"},\"primaryImageOfPage\":{\"@id\":\"https:\/\/atana.pl\/sklep-on-line\/windy_akcesoria\/liny-lancuchy\/lina-kotwiczna-6mm-x-30m-z-szekla\/#primaryimage\"},\"image\":{\"@id\":\"https:\/\/atana.pl\/sklep-on-line\/windy_akcesoria\/liny-lancuchy\/lina-kotwiczna-6mm-x-30m-z-szekla\/#primaryimage\"},\"thumbnailUrl\":\"https:\/\/atana.pl\/wp-content\/uploads\/2024\/04\/69081-Lina-kotwiczna-6mm_30m-1.jpg\",\"datePublished\":\"1984-01-27T11:16:28+00:00\",\"dateModified\":\"2025-04-19T11:44:08+00:00\",\"description\":\"Oryginalna lina kotwiczna TRAC 6 mm, d\u0142ugo\u015b\u0107 30 m, z kausz\u0105 i szekl\u0105 ze stali nierdzewnej. Pasuje do wyci\u0105garek TRAC. Trwa\u0142a, widoczna, gotowa do pracy.\",\"breadcrumb\":{\"@id\":\"https:\/\/atana.pl\/sklep-on-line\/windy_akcesoria\/liny-lancuchy\/lina-kotwiczna-6mm-x-30m-z-szekla\/#breadcrumb\"},\"inLanguage\":\"en-GB\",\"potentialAction\":[{\"@type\":\"ReadAction\",\"target\":[\"https:\/\/atana.pl\/sklep-on-line\/windy_akcesoria\/liny-lancuchy\/lina-kotwiczna-6mm-x-30m-z-szekla\/\"]}]},{\"@type\":\"ImageObject\",\"inLanguage\":\"en-GB\",\"@id\":\"https:\/\/atana.pl\/sklep-on-line\/windy_akcesoria\/liny-lancuchy\/lina-kotwiczna-6mm-x-30m-z-szekla\/#primaryimage\",\"url\":\"https:\/\/atana.pl\/wp-content\/uploads\/2024\/04\/69081-Lina-kotwiczna-6mm_30m-1.jpg\",\"contentUrl\":\"https:\/\/atana.pl\/wp-content\/uploads\/2024\/04\/69081-Lina-kotwiczna-6mm_30m-1.jpg\",\"width\":900,\"height\":900,\"caption\":\"Lina do windy kotwicznej TRAC, 6mm x 30m, z szekl\u0105\"},{\"@type\":\"BreadcrumbList\",\"@id\":\"https:\/\/atana.pl\/sklep-on-line\/windy_akcesoria\/liny-lancuchy\/lina-kotwiczna-6mm-x-30m-z-szekla\/#breadcrumb\",\"itemListElement\":[{\"@type\":\"ListItem\",\"position\":1,\"name\":\"Strona g\u0142\u00f3wna\",\"item\":\"https:\/\/atana.pl\/\"},{\"@type\":\"ListItem\",\"position\":2,\"name\":\"Sklep on-line\",\"item\":\"https:\/\/atana.pl\/sklep-on-line\/\"},{\"@type\":\"ListItem\",\"position\":3,\"name\":\"Lina do windy kotwicznej TRAC, 6mm x 30m, z szekl\u0105\"}]},{\"@type\":\"WebSite\",\"@id\":\"https:\/\/atana.pl\/#website\",\"url\":\"https:\/\/atana.pl\/\",\"name\":\"Atana\",\"description\":\"Akcesoria do \u0142odzi, kamper\u00f3w i przyczep. \u0141odzie motorowe\",\"publisher\":{\"@id\":\"https:\/\/atana.pl\/#organization\"},\"potentialAction\":[{\"@type\":\"SearchAction\",\"target\":{\"@type\":\"EntryPoint\",\"urlTemplate\":\"https:\/\/atana.pl\/?s={search_term_string}\"},\"query-input\":{\"@type\":\"PropertyValueSpecification\",\"valueRequired\":true,\"valueName\":\"search_term_string\"}}],\"inLanguage\":\"en-GB\"},{\"@type\":\"Organization\",\"@id\":\"https:\/\/atana.pl\/#organization\",\"name\":\"Atana\",\"url\":\"https:\/\/atana.pl\/\",\"logo\":{\"@type\":\"ImageObject\",\"inLanguage\":\"en-GB\",\"@id\":\"https:\/\/atana.pl\/#\/schema\/logo\/image\/\",\"url\":\"\",\"contentUrl\":\"\",\"caption\":\"Atana\"},\"image\":{\"@id\":\"https:\/\/atana.pl\/#\/schema\/logo\/image\/\"},\"sameAs\":[\"https:\/\/www.facebook.com\/atanayachts\",\"https:\/\/www.instagram.com\/atanaboats\/\",\"https:\/\/www.youtube.com\/channel\/UClMMmVqqx17in9QzgxK90Mw\"]}]}<\/script>\n<!-- \/ Yoast SEO plugin. -->","yoast_head_json":{"title":"Lina do windy kotwicznej TRAC, 6mm x 30m, z szekl\u0105 - Atana","description":"Oryginalna lina kotwiczna TRAC 6 mm, d\u0142ugo\u015b\u0107 30 m, z kausz\u0105 i szekl\u0105 ze stali nierdzewnej. Pasuje do wyci\u0105garek TRAC. Trwa\u0142a, widoczna, gotowa do pracy.","robots":{"index":"index","follow":"follow","max-snippet":"max-snippet:-1","max-image-preview":"max-image-preview:large","max-video-preview":"max-video-preview:-1"},"canonical":"https:\/\/atana.pl\/en\/online-shop\/lifts_accessories\/liny-lancuchy\/lina-kotwiczna-6mm-x-30m-z-szekla\/","og_locale":"en_GB","og_type":"article","og_title":"Lina do windy kotwicznej TRAC, 6mm x 30m, z szekl\u0105 - Atana","og_description":"Oryginalna lina kotwiczna TRAC 6 mm, d\u0142ugo\u015b\u0107 30 m, z kausz\u0105 i szekl\u0105 ze stali nierdzewnej. Pasuje do wyci\u0105garek TRAC. Trwa\u0142a, widoczna, gotowa do pracy.","og_url":"https:\/\/atana.pl\/en\/online-shop\/lifts_accessories\/liny-lancuchy\/lina-kotwiczna-6mm-x-30m-z-szekla\/","og_site_name":"Atana","article_publisher":"https:\/\/www.facebook.com\/atanayachts","article_modified_time":"2025-04-19T11:44:08+00:00","og_image":[{"width":900,"height":900,"url":"https:\/\/atana.pl\/wp-content\/uploads\/2024\/04\/69081-Lina-kotwiczna-6mm_30m-1.jpg","type":"image\/jpeg"}],"twitter_card":"summary_large_image","twitter_misc":{"Estimated reading time":"1 minute"},"schema":{"@context":"https:\/\/schema.org","@graph":[{"@type":"WebPage","@id":"https:\/\/atana.pl\/sklep-on-line\/windy_akcesoria\/liny-lancuchy\/lina-kotwiczna-6mm-x-30m-z-szekla\/","url":"https:\/\/atana.pl\/sklep-on-line\/windy_akcesoria\/liny-lancuchy\/lina-kotwiczna-6mm-x-30m-z-szekla\/","name":"Lina do windy kotwicznej TRAC, 6mm x 30m, z szekl\u0105 - Atana","isPartOf":{"@id":"https:\/\/atana.pl\/#website"},"primaryImageOfPage":{"@id":"https:\/\/atana.pl\/sklep-on-line\/windy_akcesoria\/liny-lancuchy\/lina-kotwiczna-6mm-x-30m-z-szekla\/#primaryimage"},"image":{"@id":"https:\/\/atana.pl\/sklep-on-line\/windy_akcesoria\/liny-lancuchy\/lina-kotwiczna-6mm-x-30m-z-szekla\/#primaryimage"},"thumbnailUrl":"https:\/\/atana.pl\/wp-content\/uploads\/2024\/04\/69081-Lina-kotwiczna-6mm_30m-1.jpg","datePublished":"1984-01-27T11:16:28+00:00","dateModified":"2025-04-19T11:44:08+00:00","description":"Oryginalna lina kotwiczna TRAC 6 mm, d\u0142ugo\u015b\u0107 30 m, z kausz\u0105 i szekl\u0105 ze stali nierdzewnej. Pasuje do wyci\u0105garek TRAC. Trwa\u0142a, widoczna, gotowa do pracy.","breadcrumb":{"@id":"https:\/\/atana.pl\/sklep-on-line\/windy_akcesoria\/liny-lancuchy\/lina-kotwiczna-6mm-x-30m-z-szekla\/#breadcrumb"},"inLanguage":"en-GB","potentialAction":[{"@type":"ReadAction","target":["https:\/\/atana.pl\/sklep-on-line\/windy_akcesoria\/liny-lancuchy\/lina-kotwiczna-6mm-x-30m-z-szekla\/"]}]},{"@type":"ImageObject","inLanguage":"en-GB","@id":"https:\/\/atana.pl\/sklep-on-line\/windy_akcesoria\/liny-lancuchy\/lina-kotwiczna-6mm-x-30m-z-szekla\/#primaryimage","url":"https:\/\/atana.pl\/wp-content\/uploads\/2024\/04\/69081-Lina-kotwiczna-6mm_30m-1.jpg","contentUrl":"https:\/\/atana.pl\/wp-content\/uploads\/2024\/04\/69081-Lina-kotwiczna-6mm_30m-1.jpg","width":900,"height":900,"caption":"Lina do windy kotwicznej TRAC, 6mm x 30m, z szekl\u0105"},{"@type":"BreadcrumbList","@id":"https:\/\/atana.pl\/sklep-on-line\/windy_akcesoria\/liny-lancuchy\/lina-kotwiczna-6mm-x-30m-z-szekla\/#breadcrumb","itemListElement":[{"@type":"ListItem","position":1,"name":"Strona g\u0142\u00f3wna","item":"https:\/\/atana.pl\/"},{"@type":"ListItem","position":2,"name":"Sklep on-line","item":"https:\/\/atana.pl\/sklep-on-line\/"},{"@type":"ListItem","position":3,"name":"Lina do windy kotwicznej TRAC, 6mm x 30m, z szekl\u0105"}]},{"@type":"WebSite","@id":"https:\/\/atana.pl\/#website","url":"https:\/\/atana.pl\/","name":"Atana","description":"Akcesoria do \u0142odzi, kamper\u00f3w i przyczep. \u0141odzie motorowe","publisher":{"@id":"https:\/\/atana.pl\/#organization"},"potentialAction":[{"@type":"SearchAction","target":{"@type":"EntryPoint","urlTemplate":"https:\/\/atana.pl\/?s={search_term_string}"},"query-input":{"@type":"PropertyValueSpecification","valueRequired":true,"valueName":"search_term_string"}}],"inLanguage":"en-GB"},{"@type":"Organization","@id":"https:\/\/atana.pl\/#organization","name":"Atana","url":"https:\/\/atana.pl\/","logo":{"@type":"ImageObject","inLanguage":"en-GB","@id":"https:\/\/atana.pl\/#\/schema\/logo\/image\/","url":"","contentUrl":"","caption":"Atana"},"image":{"@id":"https:\/\/atana.pl\/#\/schema\/logo\/image\/"},"sameAs":["https:\/\/www.facebook.com\/atanayachts","https:\/\/www.instagram.com\/atanaboats\/","https:\/\/www.youtube.com\/channel\/UClMMmVqqx17in9QzgxK90Mw"]}]}},"_links":{"self":[{"href":"https:\/\/atana.pl\/en\/wp-json\/wp\/v2\/product\/5283","targetHints":{"allow":["GET"]}}],"collection":[{"href":"https:\/\/atana.pl\/en\/wp-json\/wp\/v2\/product"}],"about":[{"href":"https:\/\/atana.pl\/en\/wp-json\/wp\/v2\/types\/product"}],"wp:featuredmedia":[{"embeddable":true,"href":"https:\/\/atana.pl\/en\/wp-json\/wp\/v2\/media\/4033"}],"wp:attachment":[{"href":"https:\/\/atana.pl\/en\/wp-json\/wp\/v2\/media?parent=5283"}],"wp:term":[{"taxonomy":"product_brand","embeddable":true,"href":"https:\/\/atana.pl\/en\/wp-json\/wp\/v2\/product_brand?post=5283"},{"taxonomy":"product_cat","embeddable":true,"href":"https:\/\/atana.pl\/en\/wp-json\/wp\/v2\/product_cat?post=5283"},{"taxonomy":"product_tag","embeddable":true,"href":"https:\/\/atana.pl\/en\/wp-json\/wp\/v2\/product_tag?post=5283"}],"curies":[{"name":"wp","href":"https:\/\/api.w.org\/{rel}","templated":true}]}}