{"id":5278,"date":"1985-01-27T12:16:27","date_gmt":"1985-01-27T11:16:27","guid":{"rendered":"https:\/\/atana.pl\/sklep-on-line\/lina-kotwiczna-5mm-x-30m-z-szekla\/"},"modified":"2026-04-12T11:25:41","modified_gmt":"2026-04-12T09:25:41","slug":"lina-kotwiczna-5mm-x-30m-z-szekla","status":"publish","type":"product","link":"https:\/\/atana.pl\/en\/online-shop\/lifts_accessories\/liny-lancuchy\/lina-kotwiczna-5mm-x-30m-z-szekla\/","title":{"rendered":"TRAC anchor windlass rope, 5mm x 30m with shackle"},"content":{"rendered":"<h2 class=\"\" data-start=\"262\" data-end=\"316\">\u2693 Lina kotwiczna TRAC 5 mm \u2013 30 m z kausz\u0105 i szekl\u0105<\/h2>\n<p class=\"\" data-start=\"318\" data-end=\"661\"><strong data-start=\"318\" data-end=\"341\">Lina kotwiczna TRAC<\/strong> o \u015brednicy <strong data-start=\"353\" data-end=\"361\">5 mm<\/strong> i d\u0142ugo\u015bci <strong data-start=\"373\" data-end=\"386\">30 metr\u00f3w<\/strong> to oryginalny element kompatybilny z wyci\u0105garkami kotwicznymi TRAC:<\/p>\n<p class=\"\" data-start=\"318\" data-end=\"661\">Gen. 1 &#8211; Fisherman 25, Pontoon 35, Coastal 35, Big Water 45.<br \/>\nGen. 2 &#8211; Fisherman 25, Pontoon 35, Angler 25, Angler 30, Deckboat 35, Deckboat 40.<br \/>\nGen 3 &#8211; <a href=\"https:\/\/atana.pl\/en\/online-shop\/lifts_accessories\/lifts\/trac-fisherman-25\/\">Fisherman 25<\/a>, <a href=\"https:\/\/atana.pl\/en\/online-shop\/lifts_accessories\/lifts\/trac-pontoon-35\/\">Pontoon 35<\/a>, <a href=\"https:\/\/atana.pl\/en\/online-shop\/lifts_accessories\/lifts\/trac-angler-30-autodeploy\/\">Angler 30<\/a>, <a href=\"https:\/\/atana.pl\/en\/online-shop\/lifts_accessories\/lifts\/trac-deckboat-40-autodeploy\/\">Deckboat 40<\/a>.<\/p>\n<p class=\"\" data-start=\"318\" data-end=\"661\">Wykonana z trwa\u0142ego materia\u0142u z <strong data-start=\"529\" data-end=\"556\">rdzeniem usztywniaj\u0105cym<\/strong>, kt\u00f3ry gwarantuje r\u00f3wnomierne nawijanie na b\u0119ben windy i stabilno\u015b\u0107 podczas ka\u017cdej operacji kotwiczenia.<\/p>\n<p class=\"\" data-start=\"663\" data-end=\"891\">Lina zako\u0144czona jest <strong data-start=\"684\" data-end=\"715\">kausz\u0105 ze stali nierdzewnej<\/strong> oraz <strong data-start=\"721\" data-end=\"731\">szekl\u0105<\/strong>, co pozwala na szybkie i pewne po\u0142\u0105czenie z kotwic\u0105. Kolor niebieski zapewnia dobr\u0105 widoczno\u015b\u0107 zar\u00f3wno na tle wody, jak i w warunkach ograniczonej widoczno\u015bci.<\/p>\n<hr class=\"\" data-start=\"893\" data-end=\"896\" \/>\n<h3 class=\"\" data-start=\"898\" data-end=\"941\">\u2705 Dlaczego warto wybra\u0107 lin\u0119 TRAC 5 mm?<\/h3>\n<ul data-start=\"943\" data-end=\"1301\">\n<li class=\"\" data-start=\"943\" data-end=\"1014\">\n<p class=\"\" data-start=\"945\" data-end=\"1014\"><strong data-start=\"945\" data-end=\"976\">Kompatybilna z windami TRAC<\/strong><\/p>\n<\/li>\n<li class=\"\" data-start=\"1015\" data-end=\"1074\">\n<p class=\"\" data-start=\"1017\" data-end=\"1074\"><strong data-start=\"1017\" data-end=\"1038\">Usztywniany rdze\u0144<\/strong> \u2013 optymalna praca na b\u0119bnie windy<\/p>\n<\/li>\n<li class=\"\" data-start=\"1075\" data-end=\"1147\">\n<p class=\"\" data-start=\"1077\" data-end=\"1147\"><strong data-start=\"1077\" data-end=\"1117\">Kausza i szekla ze stali nierdzewnej<\/strong> \u2013 trwa\u0142o\u015b\u0107 i bezpiecze\u0144stwo<\/p>\n<\/li>\n<li class=\"\" data-start=\"1148\" data-end=\"1219\">\n<p class=\"\" data-start=\"1150\" data-end=\"1219\"><strong data-start=\"1150\" data-end=\"1169\">Kolor niebieski<\/strong> \u2013 dobra widoczno\u015b\u0107 podczas operacji kotwiczenia<\/p>\n<\/li>\n<li class=\"\" data-start=\"1220\" data-end=\"1301\">\n<p class=\"\" data-start=\"1222\" data-end=\"1301\"><strong data-start=\"1222\" data-end=\"1249\">Oryginalny produkt TRAC<\/strong><\/p>\n<\/li>\n<\/ul>\n<hr class=\"\" data-start=\"1738\" data-end=\"1741\" \/>\n<h3 class=\"\" data-start=\"1743\" data-end=\"1763\">\ud83d\udd1a Podsumowanie:<\/h3>\n<p class=\"\" data-start=\"1765\" data-end=\"2090\"><strong data-start=\"1765\" data-end=\"1793\">Lina kotwiczna TRAC 5 mm<\/strong> to idealny wyb\u00f3r dla u\u017cytkownik\u00f3w wind kotwicznych TRAC, kt\u00f3rzy oczekuj\u0105 niezawodno\u015bci, bezpiecze\u0144stwa i \u0142atwej obs\u0142ugi.<br data-start=\"1914\" data-end=\"1917\" \/>Dzi\u0119ki przemy\u015blanej konstrukcji z rdzeniem i solidnym zako\u0144czeniom, lina sprawdzi si\u0119 w ka\u017cdych warunkach \u2013 zar\u00f3wno podczas cumowania na jeziorze, jak i przy brzegu morskim.<\/p>\n<p class=\"\" data-start=\"2092\" data-end=\"2199\">Zaufaj oryginalnym akcesoriom TRAC \u2013 stworzonym z my\u015bl\u0105 o maksymalnej wydajno\u015bci i komforcie u\u017cytkowania. \u2693<\/p>","protected":false},"excerpt":{"rendered":"<ul>\n<li>Lina 5mm do windy TRAC.<\/li>\n<li>\u015arednica: 5 mm.<\/li>\n<li>D\u0142ugo\u015b\u0107: 30 m.<\/li>\n<li>Pasuje do wszystkich modeli TRAC serii: Fisherman, Pontoon, Big Water, Angler, Deckboat.<\/li>\n<\/ul>","protected":false},"featured_media":4028,"template":"","meta":{"_acf_changed":false},"product_brand":[],"product_cat":[104,109,102],"product_tag":[830,879,880,882,881,870,868,883,869,873,874,884],"class_list":{"0":"post-5278","1":"product","2":"type-product","3":"status-publish","4":"has-post-thumbnail","6":"product_cat-windy_akcesoria","7":"product_cat-liny-lancuchy","8":"product_cat-trac","9":"product_tag-akcesoria-kotwiczne","10":"product_tag-lina-5-mm","11":"product_tag-lina-do-angler-25","12":"product_tag-lina-do-coastal-35","13":"product_tag-lina-do-deckboat-35","14":"product_tag-lina-do-windy-kotwicznej","15":"product_tag-lina-kotwiczna","16":"product_tag-lina-niebieska","17":"product_tag-lina-trac","18":"product_tag-lina-z-kausza","19":"product_tag-lina-z-szekla","20":"product_tag-trac-anchor-rope","22":"first","23":"instock","24":"taxable","25":"shipping-taxable","26":"purchasable","27":"product-type-simple"},"acf":[],"yoast_head":"<!-- This site is optimized with the Yoast SEO plugin v25.2 - https:\/\/yoast.com\/wordpress\/plugins\/seo\/ -->\n<title>Lina do windy kotwicznej TRAC, 5mm x 30m z szekl\u0105 - Atana<\/title>\n<meta name=\"description\" content=\"Oryginalna lina TRAC 5 mm, 30 m z kausz\u0105 i szekl\u0105. Kompatybilna z wyci\u0105garkami TRAC Angler 25, Deckboat 35, Coastal 35. Gwarancja 2 lata. Wysy\u0142ka w 24h.\" \/>\n<meta name=\"robots\" content=\"index, follow, max-snippet:-1, max-image-preview:large, max-video-preview:-1\" \/>\n<link rel=\"canonical\" href=\"https:\/\/atana.pl\/en\/online-shop\/lifts_accessories\/liny-lancuchy\/lina-kotwiczna-5mm-x-30m-z-szekla\/\" \/>\n<meta property=\"og:locale\" content=\"en_GB\" \/>\n<meta property=\"og:type\" content=\"article\" \/>\n<meta property=\"og:title\" content=\"Lina do windy kotwicznej TRAC, 5mm x 30m z szekl\u0105 - Atana\" \/>\n<meta property=\"og:description\" content=\"Oryginalna lina TRAC 5 mm, 30 m z kausz\u0105 i szekl\u0105. Kompatybilna z wyci\u0105garkami TRAC Angler 25, Deckboat 35, Coastal 35. Gwarancja 2 lata. Wysy\u0142ka w 24h.\" \/>\n<meta property=\"og:url\" content=\"https:\/\/atana.pl\/en\/online-shop\/lifts_accessories\/liny-lancuchy\/lina-kotwiczna-5mm-x-30m-z-szekla\/\" \/>\n<meta property=\"og:site_name\" content=\"Atana\" \/>\n<meta property=\"article:publisher\" content=\"https:\/\/www.facebook.com\/atanayachts\" \/>\n<meta property=\"article:modified_time\" content=\"2026-04-12T09:25:41+00:00\" \/>\n<meta property=\"og:image\" content=\"https:\/\/atana.pl\/wp-content\/uploads\/2024\/04\/69080-Lina-kotwiczna-5mm_30m-z-szekla.png\" \/>\n\t<meta property=\"og:image:width\" content=\"470\" \/>\n\t<meta property=\"og:image:height\" content=\"470\" \/>\n\t<meta property=\"og:image:type\" content=\"image\/png\" \/>\n<meta name=\"twitter:card\" content=\"summary_large_image\" \/>\n<meta name=\"twitter:label1\" content=\"Estimated reading time\" \/>\n\t<meta name=\"twitter:data1\" content=\"1 minute\" \/>\n<script type=\"application\/ld+json\" class=\"yoast-schema-graph\">{\"@context\":\"https:\/\/schema.org\",\"@graph\":[{\"@type\":\"WebPage\",\"@id\":\"https:\/\/atana.pl\/sklep-on-line\/windy_akcesoria\/liny-lancuchy\/lina-kotwiczna-5mm-x-30m-z-szekla\/\",\"url\":\"https:\/\/atana.pl\/sklep-on-line\/windy_akcesoria\/liny-lancuchy\/lina-kotwiczna-5mm-x-30m-z-szekla\/\",\"name\":\"Lina do windy kotwicznej TRAC, 5mm x 30m z szekl\u0105 - Atana\",\"isPartOf\":{\"@id\":\"https:\/\/atana.pl\/#website\"},\"primaryImageOfPage\":{\"@id\":\"https:\/\/atana.pl\/sklep-on-line\/windy_akcesoria\/liny-lancuchy\/lina-kotwiczna-5mm-x-30m-z-szekla\/#primaryimage\"},\"image\":{\"@id\":\"https:\/\/atana.pl\/sklep-on-line\/windy_akcesoria\/liny-lancuchy\/lina-kotwiczna-5mm-x-30m-z-szekla\/#primaryimage\"},\"thumbnailUrl\":\"https:\/\/atana.pl\/wp-content\/uploads\/2024\/04\/69080-Lina-kotwiczna-5mm_30m-z-szekla.png\",\"datePublished\":\"1985-01-27T11:16:27+00:00\",\"dateModified\":\"2026-04-12T09:25:41+00:00\",\"description\":\"Oryginalna lina TRAC 5 mm, 30 m z kausz\u0105 i szekl\u0105. Kompatybilna z wyci\u0105garkami TRAC Angler 25, Deckboat 35, Coastal 35. Gwarancja 2 lata. Wysy\u0142ka w 24h.\",\"breadcrumb\":{\"@id\":\"https:\/\/atana.pl\/sklep-on-line\/windy_akcesoria\/liny-lancuchy\/lina-kotwiczna-5mm-x-30m-z-szekla\/#breadcrumb\"},\"inLanguage\":\"en-GB\",\"potentialAction\":[{\"@type\":\"ReadAction\",\"target\":[\"https:\/\/atana.pl\/sklep-on-line\/windy_akcesoria\/liny-lancuchy\/lina-kotwiczna-5mm-x-30m-z-szekla\/\"]}]},{\"@type\":\"ImageObject\",\"inLanguage\":\"en-GB\",\"@id\":\"https:\/\/atana.pl\/sklep-on-line\/windy_akcesoria\/liny-lancuchy\/lina-kotwiczna-5mm-x-30m-z-szekla\/#primaryimage\",\"url\":\"https:\/\/atana.pl\/wp-content\/uploads\/2024\/04\/69080-Lina-kotwiczna-5mm_30m-z-szekla.png\",\"contentUrl\":\"https:\/\/atana.pl\/wp-content\/uploads\/2024\/04\/69080-Lina-kotwiczna-5mm_30m-z-szekla.png\",\"width\":470,\"height\":470,\"caption\":\"Lina do windy kotwicznej TRAC, 5mm x 30m z szekl\u0105\"},{\"@type\":\"BreadcrumbList\",\"@id\":\"https:\/\/atana.pl\/sklep-on-line\/windy_akcesoria\/liny-lancuchy\/lina-kotwiczna-5mm-x-30m-z-szekla\/#breadcrumb\",\"itemListElement\":[{\"@type\":\"ListItem\",\"position\":1,\"name\":\"Strona g\u0142\u00f3wna\",\"item\":\"https:\/\/atana.pl\/\"},{\"@type\":\"ListItem\",\"position\":2,\"name\":\"Sklep on-line\",\"item\":\"https:\/\/atana.pl\/sklep-on-line\/\"},{\"@type\":\"ListItem\",\"position\":3,\"name\":\"Lina do windy kotwicznej TRAC, 5mm x 30m z szekl\u0105\"}]},{\"@type\":\"WebSite\",\"@id\":\"https:\/\/atana.pl\/#website\",\"url\":\"https:\/\/atana.pl\/\",\"name\":\"Atana\",\"description\":\"Akcesoria do \u0142odzi, kamper\u00f3w i przyczep. \u0141odzie motorowe\",\"publisher\":{\"@id\":\"https:\/\/atana.pl\/#organization\"},\"potentialAction\":[{\"@type\":\"SearchAction\",\"target\":{\"@type\":\"EntryPoint\",\"urlTemplate\":\"https:\/\/atana.pl\/?s={search_term_string}\"},\"query-input\":{\"@type\":\"PropertyValueSpecification\",\"valueRequired\":true,\"valueName\":\"search_term_string\"}}],\"inLanguage\":\"en-GB\"},{\"@type\":\"Organization\",\"@id\":\"https:\/\/atana.pl\/#organization\",\"name\":\"Atana\",\"url\":\"https:\/\/atana.pl\/\",\"logo\":{\"@type\":\"ImageObject\",\"inLanguage\":\"en-GB\",\"@id\":\"https:\/\/atana.pl\/#\/schema\/logo\/image\/\",\"url\":\"\",\"contentUrl\":\"\",\"caption\":\"Atana\"},\"image\":{\"@id\":\"https:\/\/atana.pl\/#\/schema\/logo\/image\/\"},\"sameAs\":[\"https:\/\/www.facebook.com\/atanayachts\",\"https:\/\/www.instagram.com\/atanaboats\/\",\"https:\/\/www.youtube.com\/channel\/UClMMmVqqx17in9QzgxK90Mw\"]}]}<\/script>\n<!-- \/ Yoast SEO plugin. -->","yoast_head_json":{"title":"Lina do windy kotwicznej TRAC, 5mm x 30m z szekl\u0105 - Atana","description":"Oryginalna lina TRAC 5 mm, 30 m z kausz\u0105 i szekl\u0105. Kompatybilna z wyci\u0105garkami TRAC Angler 25, Deckboat 35, Coastal 35. Gwarancja 2 lata. Wysy\u0142ka w 24h.","robots":{"index":"index","follow":"follow","max-snippet":"max-snippet:-1","max-image-preview":"max-image-preview:large","max-video-preview":"max-video-preview:-1"},"canonical":"https:\/\/atana.pl\/en\/online-shop\/lifts_accessories\/liny-lancuchy\/lina-kotwiczna-5mm-x-30m-z-szekla\/","og_locale":"en_GB","og_type":"article","og_title":"Lina do windy kotwicznej TRAC, 5mm x 30m z szekl\u0105 - Atana","og_description":"Oryginalna lina TRAC 5 mm, 30 m z kausz\u0105 i szekl\u0105. Kompatybilna z wyci\u0105garkami TRAC Angler 25, Deckboat 35, Coastal 35. Gwarancja 2 lata. Wysy\u0142ka w 24h.","og_url":"https:\/\/atana.pl\/en\/online-shop\/lifts_accessories\/liny-lancuchy\/lina-kotwiczna-5mm-x-30m-z-szekla\/","og_site_name":"Atana","article_publisher":"https:\/\/www.facebook.com\/atanayachts","article_modified_time":"2026-04-12T09:25:41+00:00","og_image":[{"width":470,"height":470,"url":"https:\/\/atana.pl\/wp-content\/uploads\/2024\/04\/69080-Lina-kotwiczna-5mm_30m-z-szekla.png","type":"image\/png"}],"twitter_card":"summary_large_image","twitter_misc":{"Estimated reading time":"1 minute"},"schema":{"@context":"https:\/\/schema.org","@graph":[{"@type":"WebPage","@id":"https:\/\/atana.pl\/sklep-on-line\/windy_akcesoria\/liny-lancuchy\/lina-kotwiczna-5mm-x-30m-z-szekla\/","url":"https:\/\/atana.pl\/sklep-on-line\/windy_akcesoria\/liny-lancuchy\/lina-kotwiczna-5mm-x-30m-z-szekla\/","name":"Lina do windy kotwicznej TRAC, 5mm x 30m z szekl\u0105 - Atana","isPartOf":{"@id":"https:\/\/atana.pl\/#website"},"primaryImageOfPage":{"@id":"https:\/\/atana.pl\/sklep-on-line\/windy_akcesoria\/liny-lancuchy\/lina-kotwiczna-5mm-x-30m-z-szekla\/#primaryimage"},"image":{"@id":"https:\/\/atana.pl\/sklep-on-line\/windy_akcesoria\/liny-lancuchy\/lina-kotwiczna-5mm-x-30m-z-szekla\/#primaryimage"},"thumbnailUrl":"https:\/\/atana.pl\/wp-content\/uploads\/2024\/04\/69080-Lina-kotwiczna-5mm_30m-z-szekla.png","datePublished":"1985-01-27T11:16:27+00:00","dateModified":"2026-04-12T09:25:41+00:00","description":"Oryginalna lina TRAC 5 mm, 30 m z kausz\u0105 i szekl\u0105. Kompatybilna z wyci\u0105garkami TRAC Angler 25, Deckboat 35, Coastal 35. Gwarancja 2 lata. Wysy\u0142ka w 24h.","breadcrumb":{"@id":"https:\/\/atana.pl\/sklep-on-line\/windy_akcesoria\/liny-lancuchy\/lina-kotwiczna-5mm-x-30m-z-szekla\/#breadcrumb"},"inLanguage":"en-GB","potentialAction":[{"@type":"ReadAction","target":["https:\/\/atana.pl\/sklep-on-line\/windy_akcesoria\/liny-lancuchy\/lina-kotwiczna-5mm-x-30m-z-szekla\/"]}]},{"@type":"ImageObject","inLanguage":"en-GB","@id":"https:\/\/atana.pl\/sklep-on-line\/windy_akcesoria\/liny-lancuchy\/lina-kotwiczna-5mm-x-30m-z-szekla\/#primaryimage","url":"https:\/\/atana.pl\/wp-content\/uploads\/2024\/04\/69080-Lina-kotwiczna-5mm_30m-z-szekla.png","contentUrl":"https:\/\/atana.pl\/wp-content\/uploads\/2024\/04\/69080-Lina-kotwiczna-5mm_30m-z-szekla.png","width":470,"height":470,"caption":"Lina do windy kotwicznej TRAC, 5mm x 30m z szekl\u0105"},{"@type":"BreadcrumbList","@id":"https:\/\/atana.pl\/sklep-on-line\/windy_akcesoria\/liny-lancuchy\/lina-kotwiczna-5mm-x-30m-z-szekla\/#breadcrumb","itemListElement":[{"@type":"ListItem","position":1,"name":"Strona g\u0142\u00f3wna","item":"https:\/\/atana.pl\/"},{"@type":"ListItem","position":2,"name":"Sklep on-line","item":"https:\/\/atana.pl\/sklep-on-line\/"},{"@type":"ListItem","position":3,"name":"Lina do windy kotwicznej TRAC, 5mm x 30m z szekl\u0105"}]},{"@type":"WebSite","@id":"https:\/\/atana.pl\/#website","url":"https:\/\/atana.pl\/","name":"Atana","description":"Akcesoria do \u0142odzi, kamper\u00f3w i przyczep. \u0141odzie motorowe","publisher":{"@id":"https:\/\/atana.pl\/#organization"},"potentialAction":[{"@type":"SearchAction","target":{"@type":"EntryPoint","urlTemplate":"https:\/\/atana.pl\/?s={search_term_string}"},"query-input":{"@type":"PropertyValueSpecification","valueRequired":true,"valueName":"search_term_string"}}],"inLanguage":"en-GB"},{"@type":"Organization","@id":"https:\/\/atana.pl\/#organization","name":"Atana","url":"https:\/\/atana.pl\/","logo":{"@type":"ImageObject","inLanguage":"en-GB","@id":"https:\/\/atana.pl\/#\/schema\/logo\/image\/","url":"","contentUrl":"","caption":"Atana"},"image":{"@id":"https:\/\/atana.pl\/#\/schema\/logo\/image\/"},"sameAs":["https:\/\/www.facebook.com\/atanayachts","https:\/\/www.instagram.com\/atanaboats\/","https:\/\/www.youtube.com\/channel\/UClMMmVqqx17in9QzgxK90Mw"]}]}},"_links":{"self":[{"href":"https:\/\/atana.pl\/en\/wp-json\/wp\/v2\/product\/5278","targetHints":{"allow":["GET"]}}],"collection":[{"href":"https:\/\/atana.pl\/en\/wp-json\/wp\/v2\/product"}],"about":[{"href":"https:\/\/atana.pl\/en\/wp-json\/wp\/v2\/types\/product"}],"wp:featuredmedia":[{"embeddable":true,"href":"https:\/\/atana.pl\/en\/wp-json\/wp\/v2\/media\/4028"}],"wp:attachment":[{"href":"https:\/\/atana.pl\/en\/wp-json\/wp\/v2\/media?parent=5278"}],"wp:term":[{"taxonomy":"product_brand","embeddable":true,"href":"https:\/\/atana.pl\/en\/wp-json\/wp\/v2\/product_brand?post=5278"},{"taxonomy":"product_cat","embeddable":true,"href":"https:\/\/atana.pl\/en\/wp-json\/wp\/v2\/product_cat?post=5278"},{"taxonomy":"product_tag","embeddable":true,"href":"https:\/\/atana.pl\/en\/wp-json\/wp\/v2\/product_tag?post=5278"}],"curies":[{"name":"wp","href":"https:\/\/api.w.org\/{rel}","templated":true}]}}