{"id":5275,"date":"2007-01-27T12:16:27","date_gmt":"2007-01-27T11:16:27","guid":{"rendered":"https:\/\/atana.pl\/sklep-on-line\/dodatkowe-sruby-montazowe-8-szt\/"},"modified":"2026-02-26T13:06:21","modified_gmt":"2026-02-26T12:06:21","slug":"dodatkowe-sruby-montazowe-8-szt","status":"publish","type":"product","link":"https:\/\/atana.pl\/en\/online-shop\/lifts_accessories\/akcesoria-montazowe\/dodatkowe-sruby-montazowe-8-szt\/","title":{"rendered":"Additional mounting screws - 8 pcs."},"content":{"rendered":"<h2 class=\"\" data-start=\"235\" data-end=\"303\"><strong data-start=\"238\" data-end=\"303\">Dodatkowe \u015bruby monta\u017cowe do windy kotwicznej TRAC \u2013 8 sztuk<\/strong><\/h2>\n<p class=\"\" data-start=\"305\" data-end=\"621\"><strong data-start=\"305\" data-end=\"335\">Komplet 4 \u015brub monta\u017cowych<\/strong> przeznaczony do monta\u017cu <strong data-start=\"360\" data-end=\"399\">elektrycznych wind kotwicznych TRAC<\/strong> w miejscach, gdzie nie ma dost\u0119pu od spodu pok\u0142adu. Specjalna konstrukcja \u015brub umo\u017cliwia <strong data-start=\"489\" data-end=\"539\">przykr\u0119cenie windy od g\u00f3ry bez u\u017cycia nakr\u0119tek<\/strong>, co jest szczeg\u00f3lnie przydatne na \u0142odziach z zamkni\u0119t\u0105 przestrzeni\u0105 pod pok\u0142adem.<\/p>\n<p class=\"\" data-start=\"623\" data-end=\"716\">\u015aruby pasuj\u0105 do <a href=\"https:\/\/atana.pl\/en\/products\/lifts_accessories\/lifts\/\"><strong data-start=\"639\" data-end=\"670\">wszystkich modeli wind TRAC<\/strong><\/a> oraz do <a href=\"https:\/\/atana.pl\/en\/products\/lifts_accessories\/plates\/\"><strong data-start=\"679\" data-end=\"715\">p\u0142yt monta\u017cowych i uchwyt\u00f3w TRAC<\/strong>.<\/a><\/p>\n<hr class=\"\" data-start=\"718\" data-end=\"721\" \/>\n<h3 class=\"\" data-start=\"723\" data-end=\"754\">\u2705 <strong data-start=\"729\" data-end=\"754\">Key benefits:<\/strong><\/h3>\n<ul data-start=\"755\" data-end=\"1045\">\n<li class=\"\" data-start=\"755\" data-end=\"826\">\n<p class=\"\" data-start=\"757\" data-end=\"826\"><strong data-start=\"757\" data-end=\"801\">Do monta\u017cu w trudno dost\u0119pnych miejscach<\/strong> \u2013 bez dost\u0119pu od spodu<\/p>\n<\/li>\n<li class=\"\" data-start=\"827\" data-end=\"876\">\n<p class=\"\" data-start=\"829\" data-end=\"876\"><strong data-start=\"829\" data-end=\"874\">Przykr\u0119cenie windy od g\u00f3ry \u2013 bez nakr\u0119tek<\/strong><\/p>\n<\/li>\n<li class=\"\" data-start=\"877\" data-end=\"922\">\n<p class=\"\" data-start=\"879\" data-end=\"922\"><strong data-start=\"879\" data-end=\"920\">Pasuj\u0105 do wszystkich modeli wind TRAC<\/strong><\/p>\n<\/li>\n<li class=\"\" data-start=\"923\" data-end=\"981\">\n<p class=\"\" data-start=\"925\" data-end=\"981\"><strong data-start=\"925\" data-end=\"979\">Mo\u017cliwo\u015b\u0107 u\u017cycia z p\u0142ytami monta\u017cowymi i uchwytami<\/strong><\/p>\n<\/li>\n<li class=\"\" data-start=\"982\" data-end=\"1045\">\n<p class=\"\" data-start=\"984\" data-end=\"1045\"><strong data-start=\"984\" data-end=\"1045\">Trwa\u0142e, odporne na korozj\u0119 \u2013 idealne do warunk\u00f3w morskich<\/strong><\/p>\n<\/li>\n<\/ul>\n<hr class=\"\" data-start=\"1047\" data-end=\"1050\" \/>\n<h3 class=\"\" data-start=\"1052\" data-end=\"1076\">\ud83d\udd27 <strong data-start=\"1059\" data-end=\"1076\">Zastosowanie:<\/strong><\/h3>\n<p class=\"\" data-start=\"1079\" data-end=\"1151\">\u00a0 \u00a0<strong>\ud83d\udce6\u00a0 Monta\u017c windy kotwicznej TRAC na pok\u0142adach zamkni\u0119tych lub zabudowanych<\/strong><\/p>\n<p data-start=\"2075\" data-end=\"2122\">\u00a0 \u00a0<strong>\ud83d\udce6<\/strong><strong> \u00a0<a href=\"https:\/\/atana.pl\/en\/online-shop\/lifts_accessories\/plates\/szybkozlacze\/\">Quick connector<\/a><\/strong><\/p>\n<p data-start=\"2075\" data-end=\"2122\"><strong>\u00a0 \u00a0\ud83d\udce6 \u00a0<a style=\"font-size: 16px;\" href=\"https:\/\/atana.pl\/en\/online-shop\/lifts_accessories\/plates\/plyta-montazowa-a30-d40-gen-3\/\">Mounting plate - for TRAC Gen 3 ascenders<\/a><\/strong><\/p>\n<p data-start=\"2075\" data-end=\"2122\"><strong>\u00a0 \u00a0\ud83d\udce6\u00a0 <a href=\"https:\/\/atana.pl\/en\/online-shop\/lifts_accessories\/plates\/mounting-plate-sh25-az20\/\">P\u0142yta monta\u017cowa A20\/S25<\/a><\/strong><\/p>\n<hr class=\"\" data-start=\"1581\" data-end=\"1584\" \/>\n<h2 class=\"\" data-start=\"1586\" data-end=\"1612\">\ud83d\udee1\ufe0f Guarantee and quality:<\/h2>\n<ul data-start=\"1613\" data-end=\"1723\">\n<li class=\"\" data-start=\"1613\" data-end=\"1647\">\n<p class=\"\" data-start=\"1615\" data-end=\"1647\"><strong data-start=\"1615\" data-end=\"1645\">TRAC original accessory<\/strong><\/p>\n<\/li>\n<li class=\"\" data-start=\"1648\" data-end=\"1689\">\n<p class=\"\" data-start=\"1650\" data-end=\"1689\"><strong data-start=\"1650\" data-end=\"1687\">Odporno\u015b\u0107 na korozj\u0119 i s\u0142on\u0105 wod\u0119<\/strong><\/p>\n<\/li>\n<li class=\"\" data-start=\"1690\" data-end=\"1723\">\n<p class=\"\" data-start=\"1692\" data-end=\"1723\"><strong data-start=\"1692\" data-end=\"1723\">2-year manufacturer's warranty<\/strong><\/p>\n<\/li>\n<\/ul>\n<hr class=\"\" data-start=\"1725\" data-end=\"1728\" \/>\n<h2 class=\"\" data-start=\"1730\" data-end=\"1749\">\ud83d\udcde Do you have any questions?<\/h2>\n<p class=\"\" data-start=\"1750\" data-end=\"1896\">Nie jeste\u015b pewien, czy ten zestaw \u015brub b\u0119dzie odpowiedni do Twojej \u0142odzi? Skontaktuj si\u0119 z nami \u2013 pomo\u017cemy dobra\u0107 odpowiednie akcesoria monta\u017cowe.<\/p>","protected":false},"excerpt":{"rendered":"<ul data-start=\"755\" data-end=\"1045\">\n<li class=\"\" data-start=\"755\" data-end=\"826\">\n<p class=\"\" data-start=\"757\" data-end=\"826\"><strong data-start=\"757\" data-end=\"801\">Do monta\u017cu w trudno dost\u0119pnych miejscach<\/strong> \u2013 bez dost\u0119pu od spodu<\/p>\n<\/li>\n<li class=\"\" data-start=\"827\" data-end=\"876\">\n<p class=\"\" data-start=\"829\" data-end=\"876\"><strong data-start=\"829\" data-end=\"874\">Przykr\u0119cenie windy od g\u00f3ry \u2013 bez nakr\u0119tek<\/strong><\/p>\n<\/li>\n<li class=\"\" data-start=\"877\" data-end=\"922\">\n<p class=\"\" data-start=\"879\" data-end=\"922\"><strong data-start=\"879\" data-end=\"920\">Pasuj\u0105 do wszystkich modeli wind TRAC<\/strong><\/p>\n<\/li>\n<li class=\"\" data-start=\"923\" data-end=\"981\">\n<p class=\"\" data-start=\"925\" data-end=\"981\"><strong data-start=\"925\" data-end=\"979\">Mo\u017cliwo\u015b\u0107 u\u017cycia z p\u0142ytami monta\u017cowymi i uchwytami<\/strong><\/p>\n<\/li>\n<li class=\"\" data-start=\"982\" data-end=\"1045\">\n<p class=\"\" data-start=\"984\" data-end=\"1045\"><strong data-start=\"984\" data-end=\"1045\">Trwa\u0142e, odporne na korozj\u0119 \u2013 idealne do warunk\u00f3w morskich<\/strong><\/p>\n<\/li>\n<\/ul>","protected":false},"featured_media":4026,"template":"","meta":{"_acf_changed":false},"product_brand":[],"product_cat":[108,104,102],"product_tag":[],"class_list":{"0":"post-5275","1":"product","2":"type-product","3":"status-publish","4":"has-post-thumbnail","6":"product_cat-akcesoria-montazowe","7":"product_cat-windy_akcesoria","8":"product_cat-trac","10":"first","11":"instock","12":"taxable","13":"shipping-taxable","14":"purchasable","15":"product-type-simple"},"acf":[],"yoast_head":"<!-- This site is optimized with the Yoast SEO plugin v25.2 - https:\/\/yoast.com\/wordpress\/plugins\/seo\/ -->\n<title>Dodatkowe \u015bruby monta\u017cowe - 8 szt. - Atana<\/title>\n<meta name=\"description\" content=\"Komplet 8 \u015brub do monta\u017cu windy TRAC od g\u00f3ry. Idealne do miejsc bez dost\u0119pu pod pok\u0142adem. Pasuj\u0105 do wszystkich modeli wind TRAC.\" \/>\n<meta name=\"robots\" content=\"index, follow, max-snippet:-1, max-image-preview:large, max-video-preview:-1\" \/>\n<link rel=\"canonical\" href=\"https:\/\/atana.pl\/en\/online-shop\/lifts_accessories\/akcesoria-montazowe\/dodatkowe-sruby-montazowe-8-szt\/\" \/>\n<meta property=\"og:locale\" content=\"en_GB\" \/>\n<meta property=\"og:type\" content=\"article\" \/>\n<meta property=\"og:title\" content=\"Dodatkowe \u015bruby monta\u017cowe - 8 szt. - Atana\" \/>\n<meta property=\"og:description\" content=\"Komplet 8 \u015brub do monta\u017cu windy TRAC od g\u00f3ry. Idealne do miejsc bez dost\u0119pu pod pok\u0142adem. Pasuj\u0105 do wszystkich modeli wind TRAC.\" \/>\n<meta property=\"og:url\" content=\"https:\/\/atana.pl\/en\/online-shop\/lifts_accessories\/akcesoria-montazowe\/dodatkowe-sruby-montazowe-8-szt\/\" \/>\n<meta property=\"og:site_name\" content=\"Atana\" \/>\n<meta property=\"article:publisher\" content=\"https:\/\/www.facebook.com\/atanayachts\" \/>\n<meta property=\"article:modified_time\" content=\"2026-02-26T12:06:21+00:00\" \/>\n<meta property=\"og:image\" content=\"https:\/\/atana.pl\/wp-content\/uploads\/2024\/04\/69061.jpg\" \/>\n\t<meta property=\"og:image:width\" content=\"600\" \/>\n\t<meta property=\"og:image:height\" content=\"600\" \/>\n\t<meta property=\"og:image:type\" content=\"image\/jpeg\" \/>\n<meta name=\"twitter:card\" content=\"summary_large_image\" \/>\n<meta name=\"twitter:label1\" content=\"Estimated reading time\" \/>\n\t<meta name=\"twitter:data1\" content=\"1 minute\" \/>\n<script type=\"application\/ld+json\" class=\"yoast-schema-graph\">{\"@context\":\"https:\/\/schema.org\",\"@graph\":[{\"@type\":\"WebPage\",\"@id\":\"https:\/\/atana.pl\/sklep-on-line\/windy_akcesoria\/akcesoria-montazowe\/dodatkowe-sruby-montazowe-8-szt\/\",\"url\":\"https:\/\/atana.pl\/sklep-on-line\/windy_akcesoria\/akcesoria-montazowe\/dodatkowe-sruby-montazowe-8-szt\/\",\"name\":\"Dodatkowe \u015bruby monta\u017cowe - 8 szt. - Atana\",\"isPartOf\":{\"@id\":\"https:\/\/atana.pl\/#website\"},\"primaryImageOfPage\":{\"@id\":\"https:\/\/atana.pl\/sklep-on-line\/windy_akcesoria\/akcesoria-montazowe\/dodatkowe-sruby-montazowe-8-szt\/#primaryimage\"},\"image\":{\"@id\":\"https:\/\/atana.pl\/sklep-on-line\/windy_akcesoria\/akcesoria-montazowe\/dodatkowe-sruby-montazowe-8-szt\/#primaryimage\"},\"thumbnailUrl\":\"https:\/\/atana.pl\/wp-content\/uploads\/2024\/04\/69061.jpg\",\"datePublished\":\"2007-01-27T11:16:27+00:00\",\"dateModified\":\"2026-02-26T12:06:21+00:00\",\"description\":\"Komplet 8 \u015brub do monta\u017cu windy TRAC od g\u00f3ry. Idealne do miejsc bez dost\u0119pu pod pok\u0142adem. Pasuj\u0105 do wszystkich modeli wind TRAC.\",\"breadcrumb\":{\"@id\":\"https:\/\/atana.pl\/sklep-on-line\/windy_akcesoria\/akcesoria-montazowe\/dodatkowe-sruby-montazowe-8-szt\/#breadcrumb\"},\"inLanguage\":\"en-GB\",\"potentialAction\":[{\"@type\":\"ReadAction\",\"target\":[\"https:\/\/atana.pl\/sklep-on-line\/windy_akcesoria\/akcesoria-montazowe\/dodatkowe-sruby-montazowe-8-szt\/\"]}]},{\"@type\":\"ImageObject\",\"inLanguage\":\"en-GB\",\"@id\":\"https:\/\/atana.pl\/sklep-on-line\/windy_akcesoria\/akcesoria-montazowe\/dodatkowe-sruby-montazowe-8-szt\/#primaryimage\",\"url\":\"https:\/\/atana.pl\/wp-content\/uploads\/2024\/04\/69061.jpg\",\"contentUrl\":\"https:\/\/atana.pl\/wp-content\/uploads\/2024\/04\/69061.jpg\",\"width\":600,\"height\":600,\"caption\":\"Dodatkowe \u015bruby monta\u017cowe &#8211; 8 szt.\"},{\"@type\":\"BreadcrumbList\",\"@id\":\"https:\/\/atana.pl\/sklep-on-line\/windy_akcesoria\/akcesoria-montazowe\/dodatkowe-sruby-montazowe-8-szt\/#breadcrumb\",\"itemListElement\":[{\"@type\":\"ListItem\",\"position\":1,\"name\":\"Strona g\u0142\u00f3wna\",\"item\":\"https:\/\/atana.pl\/\"},{\"@type\":\"ListItem\",\"position\":2,\"name\":\"Sklep on-line\",\"item\":\"https:\/\/atana.pl\/sklep-on-line\/\"},{\"@type\":\"ListItem\",\"position\":3,\"name\":\"Dodatkowe \u015bruby monta\u017cowe &#8211; 8 szt.\"}]},{\"@type\":\"WebSite\",\"@id\":\"https:\/\/atana.pl\/#website\",\"url\":\"https:\/\/atana.pl\/\",\"name\":\"Atana\",\"description\":\"Akcesoria do \u0142odzi, kamper\u00f3w i przyczep. \u0141odzie motorowe\",\"publisher\":{\"@id\":\"https:\/\/atana.pl\/#organization\"},\"potentialAction\":[{\"@type\":\"SearchAction\",\"target\":{\"@type\":\"EntryPoint\",\"urlTemplate\":\"https:\/\/atana.pl\/?s={search_term_string}\"},\"query-input\":{\"@type\":\"PropertyValueSpecification\",\"valueRequired\":true,\"valueName\":\"search_term_string\"}}],\"inLanguage\":\"en-GB\"},{\"@type\":\"Organization\",\"@id\":\"https:\/\/atana.pl\/#organization\",\"name\":\"Atana\",\"url\":\"https:\/\/atana.pl\/\",\"logo\":{\"@type\":\"ImageObject\",\"inLanguage\":\"en-GB\",\"@id\":\"https:\/\/atana.pl\/#\/schema\/logo\/image\/\",\"url\":\"\",\"contentUrl\":\"\",\"caption\":\"Atana\"},\"image\":{\"@id\":\"https:\/\/atana.pl\/#\/schema\/logo\/image\/\"},\"sameAs\":[\"https:\/\/www.facebook.com\/atanayachts\",\"https:\/\/www.instagram.com\/atanaboats\/\",\"https:\/\/www.youtube.com\/channel\/UClMMmVqqx17in9QzgxK90Mw\"]}]}<\/script>\n<!-- \/ Yoast SEO plugin. -->","yoast_head_json":{"title":"Dodatkowe \u015bruby monta\u017cowe - 8 szt. - Atana","description":"Komplet 8 \u015brub do monta\u017cu windy TRAC od g\u00f3ry. Idealne do miejsc bez dost\u0119pu pod pok\u0142adem. Pasuj\u0105 do wszystkich modeli wind TRAC.","robots":{"index":"index","follow":"follow","max-snippet":"max-snippet:-1","max-image-preview":"max-image-preview:large","max-video-preview":"max-video-preview:-1"},"canonical":"https:\/\/atana.pl\/en\/online-shop\/lifts_accessories\/akcesoria-montazowe\/dodatkowe-sruby-montazowe-8-szt\/","og_locale":"en_GB","og_type":"article","og_title":"Dodatkowe \u015bruby monta\u017cowe - 8 szt. - Atana","og_description":"Komplet 8 \u015brub do monta\u017cu windy TRAC od g\u00f3ry. Idealne do miejsc bez dost\u0119pu pod pok\u0142adem. Pasuj\u0105 do wszystkich modeli wind TRAC.","og_url":"https:\/\/atana.pl\/en\/online-shop\/lifts_accessories\/akcesoria-montazowe\/dodatkowe-sruby-montazowe-8-szt\/","og_site_name":"Atana","article_publisher":"https:\/\/www.facebook.com\/atanayachts","article_modified_time":"2026-02-26T12:06:21+00:00","og_image":[{"width":600,"height":600,"url":"https:\/\/atana.pl\/wp-content\/uploads\/2024\/04\/69061.jpg","type":"image\/jpeg"}],"twitter_card":"summary_large_image","twitter_misc":{"Estimated reading time":"1 minute"},"schema":{"@context":"https:\/\/schema.org","@graph":[{"@type":"WebPage","@id":"https:\/\/atana.pl\/sklep-on-line\/windy_akcesoria\/akcesoria-montazowe\/dodatkowe-sruby-montazowe-8-szt\/","url":"https:\/\/atana.pl\/sklep-on-line\/windy_akcesoria\/akcesoria-montazowe\/dodatkowe-sruby-montazowe-8-szt\/","name":"Dodatkowe \u015bruby monta\u017cowe - 8 szt. - Atana","isPartOf":{"@id":"https:\/\/atana.pl\/#website"},"primaryImageOfPage":{"@id":"https:\/\/atana.pl\/sklep-on-line\/windy_akcesoria\/akcesoria-montazowe\/dodatkowe-sruby-montazowe-8-szt\/#primaryimage"},"image":{"@id":"https:\/\/atana.pl\/sklep-on-line\/windy_akcesoria\/akcesoria-montazowe\/dodatkowe-sruby-montazowe-8-szt\/#primaryimage"},"thumbnailUrl":"https:\/\/atana.pl\/wp-content\/uploads\/2024\/04\/69061.jpg","datePublished":"2007-01-27T11:16:27+00:00","dateModified":"2026-02-26T12:06:21+00:00","description":"Komplet 8 \u015brub do monta\u017cu windy TRAC od g\u00f3ry. Idealne do miejsc bez dost\u0119pu pod pok\u0142adem. Pasuj\u0105 do wszystkich modeli wind TRAC.","breadcrumb":{"@id":"https:\/\/atana.pl\/sklep-on-line\/windy_akcesoria\/akcesoria-montazowe\/dodatkowe-sruby-montazowe-8-szt\/#breadcrumb"},"inLanguage":"en-GB","potentialAction":[{"@type":"ReadAction","target":["https:\/\/atana.pl\/sklep-on-line\/windy_akcesoria\/akcesoria-montazowe\/dodatkowe-sruby-montazowe-8-szt\/"]}]},{"@type":"ImageObject","inLanguage":"en-GB","@id":"https:\/\/atana.pl\/sklep-on-line\/windy_akcesoria\/akcesoria-montazowe\/dodatkowe-sruby-montazowe-8-szt\/#primaryimage","url":"https:\/\/atana.pl\/wp-content\/uploads\/2024\/04\/69061.jpg","contentUrl":"https:\/\/atana.pl\/wp-content\/uploads\/2024\/04\/69061.jpg","width":600,"height":600,"caption":"Dodatkowe \u015bruby monta\u017cowe &#8211; 8 szt."},{"@type":"BreadcrumbList","@id":"https:\/\/atana.pl\/sklep-on-line\/windy_akcesoria\/akcesoria-montazowe\/dodatkowe-sruby-montazowe-8-szt\/#breadcrumb","itemListElement":[{"@type":"ListItem","position":1,"name":"Strona g\u0142\u00f3wna","item":"https:\/\/atana.pl\/"},{"@type":"ListItem","position":2,"name":"Sklep on-line","item":"https:\/\/atana.pl\/sklep-on-line\/"},{"@type":"ListItem","position":3,"name":"Dodatkowe \u015bruby monta\u017cowe &#8211; 8 szt."}]},{"@type":"WebSite","@id":"https:\/\/atana.pl\/#website","url":"https:\/\/atana.pl\/","name":"Atana","description":"Akcesoria do \u0142odzi, kamper\u00f3w i przyczep. \u0141odzie motorowe","publisher":{"@id":"https:\/\/atana.pl\/#organization"},"potentialAction":[{"@type":"SearchAction","target":{"@type":"EntryPoint","urlTemplate":"https:\/\/atana.pl\/?s={search_term_string}"},"query-input":{"@type":"PropertyValueSpecification","valueRequired":true,"valueName":"search_term_string"}}],"inLanguage":"en-GB"},{"@type":"Organization","@id":"https:\/\/atana.pl\/#organization","name":"Atana","url":"https:\/\/atana.pl\/","logo":{"@type":"ImageObject","inLanguage":"en-GB","@id":"https:\/\/atana.pl\/#\/schema\/logo\/image\/","url":"","contentUrl":"","caption":"Atana"},"image":{"@id":"https:\/\/atana.pl\/#\/schema\/logo\/image\/"},"sameAs":["https:\/\/www.facebook.com\/atanayachts","https:\/\/www.instagram.com\/atanaboats\/","https:\/\/www.youtube.com\/channel\/UClMMmVqqx17in9QzgxK90Mw"]}]}},"_links":{"self":[{"href":"https:\/\/atana.pl\/en\/wp-json\/wp\/v2\/product\/5275","targetHints":{"allow":["GET"]}}],"collection":[{"href":"https:\/\/atana.pl\/en\/wp-json\/wp\/v2\/product"}],"about":[{"href":"https:\/\/atana.pl\/en\/wp-json\/wp\/v2\/types\/product"}],"wp:featuredmedia":[{"embeddable":true,"href":"https:\/\/atana.pl\/en\/wp-json\/wp\/v2\/media\/4026"}],"wp:attachment":[{"href":"https:\/\/atana.pl\/en\/wp-json\/wp\/v2\/media?parent=5275"}],"wp:term":[{"taxonomy":"product_brand","embeddable":true,"href":"https:\/\/atana.pl\/en\/wp-json\/wp\/v2\/product_brand?post=5275"},{"taxonomy":"product_cat","embeddable":true,"href":"https:\/\/atana.pl\/en\/wp-json\/wp\/v2\/product_cat?post=5275"},{"taxonomy":"product_tag","embeddable":true,"href":"https:\/\/atana.pl\/en\/wp-json\/wp\/v2\/product_tag?post=5275"}],"curies":[{"name":"wp","href":"https:\/\/api.w.org\/{rel}","templated":true}]}}