{"id":5260,"date":"2015-01-27T12:16:26","date_gmt":"2015-01-27T11:16:26","guid":{"rendered":"https:\/\/atana.pl\/sklep-on-line\/szybkozlacze\/"},"modified":"2026-03-09T11:10:46","modified_gmt":"2026-03-09T10:10:46","slug":"szybkozlacze","status":"publish","type":"product","link":"https:\/\/atana.pl\/en\/online-shop\/lifts_accessories\/plates\/szybkozlacze\/","title":{"rendered":"Quick coupling - for winches or TRAC crane"},"content":{"rendered":"<h2 class=\"\" data-start=\"234\" data-end=\"320\"><strong data-start=\"237\" data-end=\"320\">Szybkoz\u0142\u0105cze TRAC \u2013 szybki demonta\u017c windy kotwicznej lub d\u017awigu z pok\u0142adu \u0142odzi<\/strong><\/h2>\n<p class=\"\" data-start=\"322\" data-end=\"651\"><strong data-start=\"322\" data-end=\"355\">Szybkoz\u0142\u0105cze TRAC (SKU 69075)<\/strong> to profesjonalne rozwi\u0105zanie umo\u017cliwiaj\u0105ce <strong data-start=\"399\" data-end=\"485\">b\u0142yskawiczny monta\u017c i demonta\u017c wyci\u0105garek kotwicznych TRAC lub d\u017awig\u00f3w pok\u0142adowych<\/strong>. Wykonane z anodowanego aluminium o grubo\u015bci 10 mm, zapewnia najwy\u017cszy poziom trwa\u0142o\u015bci, odporno\u015bci na korozj\u0119 oraz pe\u0142n\u0105 niezawodno\u015b\u0107 w trudnych warunkach morskich.<\/p>\n<p class=\"\" data-start=\"653\" data-end=\"853\">Thanks to <strong data-start=\"660\" data-end=\"689\">dwucz\u0119\u015bciowej konstrukcji<\/strong> z nagwintowanymi otworami szybkoz\u0142\u0105cze gwarantuje solidne mocowanie, a jednocze\u015bnie pozwala na \u0142atwe zdejmowanie windy np. na zimowanie, transport lub konserwacj\u0119.<\/p>\n<hr class=\"\" data-start=\"855\" data-end=\"858\" \/>\n<h3 class=\"\" data-start=\"860\" data-end=\"891\">\u2705 <strong data-start=\"866\" data-end=\"891\">Key benefits:<\/strong><\/h3>\n<ul data-start=\"892\" data-end=\"1263\">\n<li class=\"\" data-start=\"892\" data-end=\"989\">\n<p class=\"\" data-start=\"894\" data-end=\"989\"><strong data-start=\"894\" data-end=\"922\">Dwucz\u0119\u015bciowa konstrukcja<\/strong> \u2013 szybki monta\u017c i demonta\u017c bez u\u017cycia specjalistycznych narz\u0119dzi<\/p>\n<\/li>\n<li class=\"\" data-start=\"990\" data-end=\"1087\">\n<p class=\"\" data-start=\"992\" data-end=\"1087\"><strong data-start=\"992\" data-end=\"1037\">Wykonanie z anodowanego aluminium (10 mm)<\/strong> \u2013 wysoka odporno\u015b\u0107 na s\u00f3l, wilgo\u0107 i uszkodzenia<\/p>\n<\/li>\n<li class=\"\" data-start=\"1088\" data-end=\"1151\">\n<p class=\"\" data-start=\"1090\" data-end=\"1151\"><strong data-start=\"1090\" data-end=\"1149\">Mo\u017cliwo\u015b\u0107 monta\u017cu na uchwycie lub bezpo\u015brednio na \u0142odzi<\/strong><\/p>\n<\/li>\n<li class=\"\" data-start=\"1152\" data-end=\"1221\">\n<p class=\"\" data-start=\"1154\" data-end=\"1221\"><strong data-start=\"1154\" data-end=\"1219\">Kompatybilne z wszystkimi windami kotwicznymi i d\u017awigami TRAC<\/strong><\/p>\n<\/li>\n<li class=\"\" data-start=\"1222\" data-end=\"1263\">\n<p class=\"\" data-start=\"1224\" data-end=\"1263\"><strong data-start=\"1224\" data-end=\"1263\">W zestawie komplet \u015brub i podk\u0142adek<\/strong><\/p>\n<\/li>\n<\/ul>\n<hr class=\"\" data-start=\"1265\" data-end=\"1268\" \/>\n<h3 class=\"\" data-start=\"1270\" data-end=\"1303\">\ud83d\udd27 <strong data-start=\"1277\" data-end=\"1303\">Zastosowanie i monta\u017c:<\/strong><\/h3>\n<p class=\"\" data-start=\"1304\" data-end=\"1350\">Szybkoz\u0142\u0105cze TRAC jest w pe\u0142ni kompatybilne z:<\/p>\n<p class=\"\" data-start=\"1352\" data-end=\"1379\">\ud83d\udd29 <strong data-start=\"1355\" data-end=\"1379\">P\u0142ytami monta\u017cowymi:<\/strong><\/p>\n<p data-start=\"2075\" data-end=\"2122\"><strong>\u00a0 \u00a0\ud83d\udce6 \u00a0<a style=\"font-size: 16px;\" href=\"https:\/\/atana.pl\/en\/online-shop\/lifts_accessories\/plates\/plyta-montazowa-a30-d40-gen-3\/\">Mounting plate - for TRAC Gen 3 ascenders<\/a><\/strong><\/p>\n<p data-start=\"2075\" data-end=\"2122\"><strong>\u00a0 \u00a0\ud83d\udce6\u00a0 <a href=\"https:\/\/atana.pl\/en\/online-shop\/lifts_accessories\/plates\/mounting-plate-sh25-az20\/\">P\u0142yta monta\u017cowa A20\/S25<\/a><\/strong><\/p>\n<p class=\"\" data-start=\"1522\" data-end=\"1551\">\ud83d\udcd0 <strong data-start=\"1525\" data-end=\"1551\">Uchwytami monta\u017cowymi:<\/strong><\/p>\n<p data-start=\"2075\" data-end=\"2122\"><strong>\u00a0 \u00a0\ud83d\udce6 \u00a0<a style=\"font-size: 16px;\" href=\"https:\/\/atana.pl\/en\/online-shop\/lifts_accessories\/plates\/uchwyt-na-burte-pawez-90\/\">90\u00b0 board\/ transom mount<\/a><\/strong><\/p>\n<p data-start=\"2075\" data-end=\"2122\"><strong>\u00a0 \u00a0\ud83d\udce6 \u00a0<a style=\"font-size: 16px;\" href=\"https:\/\/atana.pl\/en\/online-shop\/lifts_accessories\/plates\/uchwyt-na-burte-pawez-12\/\">12\u00b0 board\/ transom mount<\/a><\/strong><\/p>\n<p class=\"\" data-start=\"1611\" data-end=\"1789\">\u26a1 <strong data-start=\"1613\" data-end=\"1639\">Zalecane uzupe\u0142nienie:<\/strong> Aby w pe\u0142ni wykorzysta\u0107 system szybkiego monta\u017cu, <strong data-start=\"1690\" data-end=\"1788\">zasilanie windy nale\u017cy wyposa\u017cy\u0107 w:<\/strong><\/p>\n<p class=\"\" data-start=\"1611\" data-end=\"1789\"><strong data-start=\"1690\" data-end=\"1788\"> \u00a0 \u00a0\ud83d\udce6\u00a0 <a href=\"https:\/\/atana.pl\/en\/online-shop\/trailer-accessories\/akcesoria-elektryczne\/wtyczka-z-gniazdem-12v-60amp\/\">Z\u0142\u0105cze elektryczne TRAC<\/a><\/strong>.<\/p>\n<p data-start=\"1611\" data-end=\"1789\"><a href=\"https:\/\/atana.pl\/en\/sposoby-montazu-elektrycznych-wind-kotwicznych-trac\/\">&#8230;Czytaj wi\u0119cej o sposobach monta\u017cu elektrycznych wind kotwicznych.<\/a><\/p>\n<hr class=\"\" data-start=\"2107\" data-end=\"2110\" \/>\n<h2 class=\"\" data-start=\"2112\" data-end=\"2138\">\ud83d\udee1\ufe0f Guarantee and quality:<\/h2>\n<ul data-start=\"2139\" data-end=\"2270\">\n<li class=\"\" data-start=\"2139\" data-end=\"2174\">\n<p class=\"\" data-start=\"2141\" data-end=\"2174\"><strong data-start=\"2141\" data-end=\"2172\">2-year manufacturer's warranty<\/strong><\/p>\n<\/li>\n<li class=\"\" data-start=\"2175\" data-end=\"2214\">\n<p class=\"\" data-start=\"2177\" data-end=\"2214\">Oryginalne akcesorium TRAC Outdoors<\/p>\n<\/li>\n<li class=\"\" data-start=\"2215\" data-end=\"2270\">\n<p class=\"\" data-start=\"2217\" data-end=\"2270\">Odporno\u015b\u0107 na warunki morskie i intensywne u\u017cytkowanie<\/p>\n<\/li>\n<\/ul>\n<hr class=\"\" data-start=\"2272\" data-end=\"2275\" \/>\n<h2 class=\"\" data-start=\"2277\" data-end=\"2296\">\ud83d\udcde Do you have any questions?<\/h2>\n<p class=\"\" data-start=\"2297\" data-end=\"2435\">Nie wiesz, jak dobra\u0107 szybkoz\u0142\u0105cze do swojej windy lub d\u017awigu? Skontaktuj si\u0119 z nami \u2013 pomo\u017cemy dobra\u0107 pe\u0142ny zestaw monta\u017cowy i akcesoria.<\/p>","protected":false},"excerpt":{"rendered":"<ul>\n<li>TRAC boat lift attachment bracket<\/li>\n<li>Szybki demonta\u017c wyci\u0105garki lub d\u017awigu<\/li>\n<li>Dwu cz\u0119\u015bciowy<\/li>\n<li>Pasuje do wszystkich p\u0142yt i uchwyt\u00f3w monta\u017cowych<\/li>\n<\/ul>","protected":false},"featured_media":4011,"template":"","meta":{"_acf_changed":false},"product_brand":[],"product_cat":[108,104,107,102],"product_tag":[300,308,305,299,306,303,263,302,307,297,298,310,309,301,304],"class_list":{"0":"post-5260","1":"product","2":"type-product","3":"status-publish","4":"has-post-thumbnail","6":"product_cat-akcesoria-montazowe","7":"product_cat-windy_akcesoria","8":"product_cat-plyty","9":"product_cat-trac","10":"product_tag-akcesoria-trac","11":"product_tag-anodowane-szybkozlacze-do-lodzi","12":"product_tag-kotwica-szybkozlacze","13":"product_tag-mocowanie-wyciagarki-kotwicznej","14":"product_tag-montaz-windy-trac-bez-wiercenia","15":"product_tag-szybki-demontaz-windy","16":"product_tag-szybki-montaz-windy-kotwicznej","17":"product_tag-szybkozlacze-do-dzwigu-pokladowego","18":"product_tag-szybkozlacze-do-plyt-montazowych-trac","19":"product_tag-szybkozlacze-do-windy-kotwicznej","20":"product_tag-szybkozlacze-trac","21":"product_tag-szybkozlacze-z-gwintem","22":"product_tag-trac-sku-69075","23":"product_tag-uchwyt-do-windy-trac","24":"product_tag-zlacze-montazowe-do-windy","26":"first","27":"instock","28":"taxable","29":"shipping-taxable","30":"purchasable","31":"product-type-simple"},"acf":[],"yoast_head":"<!-- This site is optimized with the Yoast SEO plugin v25.2 - https:\/\/yoast.com\/wordpress\/plugins\/seo\/ -->\n<title>Szybkoz\u0142\u0105cze - do wyci\u0105garek lub d\u017awigu TRAC - Atana<\/title>\n<meta name=\"description\" content=\"Szybkoz\u0142\u0105cze TRAC do wind kotwicznych i d\u017awig\u00f3w. Wykonane z aluminium, pasuje do p\u0142yt i uchwyt\u00f3w TRAC. Szybki monta\u017c, 2-cz\u0119\u015bciowa konstrukcja.\" \/>\n<meta name=\"robots\" content=\"index, follow, max-snippet:-1, max-image-preview:large, max-video-preview:-1\" \/>\n<link rel=\"canonical\" href=\"https:\/\/atana.pl\/en\/online-shop\/lifts_accessories\/plates\/szybkozlacze\/\" \/>\n<meta property=\"og:locale\" content=\"en_GB\" \/>\n<meta property=\"og:type\" content=\"article\" \/>\n<meta property=\"og:title\" content=\"Szybkoz\u0142\u0105cze - do wyci\u0105garek lub d\u017awigu TRAC - Atana\" \/>\n<meta property=\"og:description\" content=\"Szybkoz\u0142\u0105cze TRAC do wind kotwicznych i d\u017awig\u00f3w. Wykonane z aluminium, pasuje do p\u0142yt i uchwyt\u00f3w TRAC. Szybki monta\u017c, 2-cz\u0119\u015bciowa konstrukcja.\" \/>\n<meta property=\"og:url\" content=\"https:\/\/atana.pl\/en\/online-shop\/lifts_accessories\/plates\/szybkozlacze\/\" \/>\n<meta property=\"og:site_name\" content=\"Atana\" \/>\n<meta property=\"article:publisher\" content=\"https:\/\/www.facebook.com\/atanayachts\" \/>\n<meta property=\"article:modified_time\" content=\"2026-03-09T10:10:46+00:00\" \/>\n<meta property=\"og:image\" content=\"https:\/\/atana.pl\/wp-content\/uploads\/2024\/04\/69075-Szybkozlacze-1.jpg\" \/>\n\t<meta property=\"og:image:width\" content=\"1500\" \/>\n\t<meta property=\"og:image:height\" content=\"1500\" \/>\n\t<meta property=\"og:image:type\" content=\"image\/jpeg\" \/>\n<meta name=\"twitter:card\" content=\"summary_large_image\" \/>\n<meta name=\"twitter:label1\" content=\"Estimated reading time\" \/>\n\t<meta name=\"twitter:data1\" content=\"1 minute\" \/>\n<script type=\"application\/ld+json\" class=\"yoast-schema-graph\">{\"@context\":\"https:\/\/schema.org\",\"@graph\":[{\"@type\":\"WebPage\",\"@id\":\"https:\/\/atana.pl\/sklep-on-line\/windy_akcesoria\/plyty\/szybkozlacze\/\",\"url\":\"https:\/\/atana.pl\/sklep-on-line\/windy_akcesoria\/plyty\/szybkozlacze\/\",\"name\":\"Szybkoz\u0142\u0105cze - do wyci\u0105garek lub d\u017awigu TRAC - Atana\",\"isPartOf\":{\"@id\":\"https:\/\/atana.pl\/#website\"},\"primaryImageOfPage\":{\"@id\":\"https:\/\/atana.pl\/sklep-on-line\/windy_akcesoria\/plyty\/szybkozlacze\/#primaryimage\"},\"image\":{\"@id\":\"https:\/\/atana.pl\/sklep-on-line\/windy_akcesoria\/plyty\/szybkozlacze\/#primaryimage\"},\"thumbnailUrl\":\"https:\/\/atana.pl\/wp-content\/uploads\/2024\/04\/69075-Szybkozlacze-1.jpg\",\"datePublished\":\"2015-01-27T11:16:26+00:00\",\"dateModified\":\"2026-03-09T10:10:46+00:00\",\"description\":\"Szybkoz\u0142\u0105cze TRAC do wind kotwicznych i d\u017awig\u00f3w. Wykonane z aluminium, pasuje do p\u0142yt i uchwyt\u00f3w TRAC. Szybki monta\u017c, 2-cz\u0119\u015bciowa konstrukcja.\",\"breadcrumb\":{\"@id\":\"https:\/\/atana.pl\/sklep-on-line\/windy_akcesoria\/plyty\/szybkozlacze\/#breadcrumb\"},\"inLanguage\":\"en-GB\",\"potentialAction\":[{\"@type\":\"ReadAction\",\"target\":[\"https:\/\/atana.pl\/sklep-on-line\/windy_akcesoria\/plyty\/szybkozlacze\/\"]}]},{\"@type\":\"ImageObject\",\"inLanguage\":\"en-GB\",\"@id\":\"https:\/\/atana.pl\/sklep-on-line\/windy_akcesoria\/plyty\/szybkozlacze\/#primaryimage\",\"url\":\"https:\/\/atana.pl\/wp-content\/uploads\/2024\/04\/69075-Szybkozlacze-1.jpg\",\"contentUrl\":\"https:\/\/atana.pl\/wp-content\/uploads\/2024\/04\/69075-Szybkozlacze-1.jpg\",\"width\":1500,\"height\":1500,\"caption\":\"Szybkoz\u0142\u0105cze &#8211; do wyci\u0105garek lub d\u017awigu TRAC\"},{\"@type\":\"BreadcrumbList\",\"@id\":\"https:\/\/atana.pl\/sklep-on-line\/windy_akcesoria\/plyty\/szybkozlacze\/#breadcrumb\",\"itemListElement\":[{\"@type\":\"ListItem\",\"position\":1,\"name\":\"Strona g\u0142\u00f3wna\",\"item\":\"https:\/\/atana.pl\/\"},{\"@type\":\"ListItem\",\"position\":2,\"name\":\"Sklep on-line\",\"item\":\"https:\/\/atana.pl\/sklep-on-line\/\"},{\"@type\":\"ListItem\",\"position\":3,\"name\":\"Szybkoz\u0142\u0105cze &#8211; do wyci\u0105garek lub d\u017awigu TRAC\"}]},{\"@type\":\"WebSite\",\"@id\":\"https:\/\/atana.pl\/#website\",\"url\":\"https:\/\/atana.pl\/\",\"name\":\"Atana\",\"description\":\"Akcesoria do \u0142odzi, kamper\u00f3w i przyczep. \u0141odzie motorowe\",\"publisher\":{\"@id\":\"https:\/\/atana.pl\/#organization\"},\"potentialAction\":[{\"@type\":\"SearchAction\",\"target\":{\"@type\":\"EntryPoint\",\"urlTemplate\":\"https:\/\/atana.pl\/?s={search_term_string}\"},\"query-input\":{\"@type\":\"PropertyValueSpecification\",\"valueRequired\":true,\"valueName\":\"search_term_string\"}}],\"inLanguage\":\"en-GB\"},{\"@type\":\"Organization\",\"@id\":\"https:\/\/atana.pl\/#organization\",\"name\":\"Atana\",\"url\":\"https:\/\/atana.pl\/\",\"logo\":{\"@type\":\"ImageObject\",\"inLanguage\":\"en-GB\",\"@id\":\"https:\/\/atana.pl\/#\/schema\/logo\/image\/\",\"url\":\"\",\"contentUrl\":\"\",\"caption\":\"Atana\"},\"image\":{\"@id\":\"https:\/\/atana.pl\/#\/schema\/logo\/image\/\"},\"sameAs\":[\"https:\/\/www.facebook.com\/atanayachts\",\"https:\/\/www.instagram.com\/atanaboats\/\",\"https:\/\/www.youtube.com\/channel\/UClMMmVqqx17in9QzgxK90Mw\"]}]}<\/script>\n<!-- \/ Yoast SEO plugin. -->","yoast_head_json":{"title":"Szybkoz\u0142\u0105cze - do wyci\u0105garek lub d\u017awigu TRAC - Atana","description":"Szybkoz\u0142\u0105cze TRAC do wind kotwicznych i d\u017awig\u00f3w. Wykonane z aluminium, pasuje do p\u0142yt i uchwyt\u00f3w TRAC. Szybki monta\u017c, 2-cz\u0119\u015bciowa konstrukcja.","robots":{"index":"index","follow":"follow","max-snippet":"max-snippet:-1","max-image-preview":"max-image-preview:large","max-video-preview":"max-video-preview:-1"},"canonical":"https:\/\/atana.pl\/en\/online-shop\/lifts_accessories\/plates\/szybkozlacze\/","og_locale":"en_GB","og_type":"article","og_title":"Szybkoz\u0142\u0105cze - do wyci\u0105garek lub d\u017awigu TRAC - Atana","og_description":"Szybkoz\u0142\u0105cze TRAC do wind kotwicznych i d\u017awig\u00f3w. Wykonane z aluminium, pasuje do p\u0142yt i uchwyt\u00f3w TRAC. Szybki monta\u017c, 2-cz\u0119\u015bciowa konstrukcja.","og_url":"https:\/\/atana.pl\/en\/online-shop\/lifts_accessories\/plates\/szybkozlacze\/","og_site_name":"Atana","article_publisher":"https:\/\/www.facebook.com\/atanayachts","article_modified_time":"2026-03-09T10:10:46+00:00","og_image":[{"width":1500,"height":1500,"url":"https:\/\/atana.pl\/wp-content\/uploads\/2024\/04\/69075-Szybkozlacze-1.jpg","type":"image\/jpeg"}],"twitter_card":"summary_large_image","twitter_misc":{"Estimated reading time":"1 minute"},"schema":{"@context":"https:\/\/schema.org","@graph":[{"@type":"WebPage","@id":"https:\/\/atana.pl\/sklep-on-line\/windy_akcesoria\/plyty\/szybkozlacze\/","url":"https:\/\/atana.pl\/sklep-on-line\/windy_akcesoria\/plyty\/szybkozlacze\/","name":"Szybkoz\u0142\u0105cze - do wyci\u0105garek lub d\u017awigu TRAC - Atana","isPartOf":{"@id":"https:\/\/atana.pl\/#website"},"primaryImageOfPage":{"@id":"https:\/\/atana.pl\/sklep-on-line\/windy_akcesoria\/plyty\/szybkozlacze\/#primaryimage"},"image":{"@id":"https:\/\/atana.pl\/sklep-on-line\/windy_akcesoria\/plyty\/szybkozlacze\/#primaryimage"},"thumbnailUrl":"https:\/\/atana.pl\/wp-content\/uploads\/2024\/04\/69075-Szybkozlacze-1.jpg","datePublished":"2015-01-27T11:16:26+00:00","dateModified":"2026-03-09T10:10:46+00:00","description":"Szybkoz\u0142\u0105cze TRAC do wind kotwicznych i d\u017awig\u00f3w. Wykonane z aluminium, pasuje do p\u0142yt i uchwyt\u00f3w TRAC. Szybki monta\u017c, 2-cz\u0119\u015bciowa konstrukcja.","breadcrumb":{"@id":"https:\/\/atana.pl\/sklep-on-line\/windy_akcesoria\/plyty\/szybkozlacze\/#breadcrumb"},"inLanguage":"en-GB","potentialAction":[{"@type":"ReadAction","target":["https:\/\/atana.pl\/sklep-on-line\/windy_akcesoria\/plyty\/szybkozlacze\/"]}]},{"@type":"ImageObject","inLanguage":"en-GB","@id":"https:\/\/atana.pl\/sklep-on-line\/windy_akcesoria\/plyty\/szybkozlacze\/#primaryimage","url":"https:\/\/atana.pl\/wp-content\/uploads\/2024\/04\/69075-Szybkozlacze-1.jpg","contentUrl":"https:\/\/atana.pl\/wp-content\/uploads\/2024\/04\/69075-Szybkozlacze-1.jpg","width":1500,"height":1500,"caption":"Szybkoz\u0142\u0105cze &#8211; do wyci\u0105garek lub d\u017awigu TRAC"},{"@type":"BreadcrumbList","@id":"https:\/\/atana.pl\/sklep-on-line\/windy_akcesoria\/plyty\/szybkozlacze\/#breadcrumb","itemListElement":[{"@type":"ListItem","position":1,"name":"Strona g\u0142\u00f3wna","item":"https:\/\/atana.pl\/"},{"@type":"ListItem","position":2,"name":"Sklep on-line","item":"https:\/\/atana.pl\/sklep-on-line\/"},{"@type":"ListItem","position":3,"name":"Szybkoz\u0142\u0105cze &#8211; do wyci\u0105garek lub d\u017awigu TRAC"}]},{"@type":"WebSite","@id":"https:\/\/atana.pl\/#website","url":"https:\/\/atana.pl\/","name":"Atana","description":"Akcesoria do \u0142odzi, kamper\u00f3w i przyczep. \u0141odzie motorowe","publisher":{"@id":"https:\/\/atana.pl\/#organization"},"potentialAction":[{"@type":"SearchAction","target":{"@type":"EntryPoint","urlTemplate":"https:\/\/atana.pl\/?s={search_term_string}"},"query-input":{"@type":"PropertyValueSpecification","valueRequired":true,"valueName":"search_term_string"}}],"inLanguage":"en-GB"},{"@type":"Organization","@id":"https:\/\/atana.pl\/#organization","name":"Atana","url":"https:\/\/atana.pl\/","logo":{"@type":"ImageObject","inLanguage":"en-GB","@id":"https:\/\/atana.pl\/#\/schema\/logo\/image\/","url":"","contentUrl":"","caption":"Atana"},"image":{"@id":"https:\/\/atana.pl\/#\/schema\/logo\/image\/"},"sameAs":["https:\/\/www.facebook.com\/atanayachts","https:\/\/www.instagram.com\/atanaboats\/","https:\/\/www.youtube.com\/channel\/UClMMmVqqx17in9QzgxK90Mw"]}]}},"_links":{"self":[{"href":"https:\/\/atana.pl\/en\/wp-json\/wp\/v2\/product\/5260","targetHints":{"allow":["GET"]}}],"collection":[{"href":"https:\/\/atana.pl\/en\/wp-json\/wp\/v2\/product"}],"about":[{"href":"https:\/\/atana.pl\/en\/wp-json\/wp\/v2\/types\/product"}],"wp:featuredmedia":[{"embeddable":true,"href":"https:\/\/atana.pl\/en\/wp-json\/wp\/v2\/media\/4011"}],"wp:attachment":[{"href":"https:\/\/atana.pl\/en\/wp-json\/wp\/v2\/media?parent=5260"}],"wp:term":[{"taxonomy":"product_brand","embeddable":true,"href":"https:\/\/atana.pl\/en\/wp-json\/wp\/v2\/product_brand?post=5260"},{"taxonomy":"product_cat","embeddable":true,"href":"https:\/\/atana.pl\/en\/wp-json\/wp\/v2\/product_cat?post=5260"},{"taxonomy":"product_tag","embeddable":true,"href":"https:\/\/atana.pl\/en\/wp-json\/wp\/v2\/product_tag?post=5260"}],"curies":[{"name":"wp","href":"https:\/\/api.w.org\/{rel}","templated":true}]}}