{"id":5246,"date":"2016-01-27T12:16:26","date_gmt":"2016-01-27T11:16:26","guid":{"rendered":"https:\/\/atana.pl\/sklep-on-line\/uchwyt-na-burte-pawez-12\/"},"modified":"2026-03-09T11:09:25","modified_gmt":"2026-03-09T10:09:25","slug":"uchwyt-na-burte-pawez-12","status":"publish","type":"product","link":"https:\/\/atana.pl\/en\/online-shop\/lifts_accessories\/plates\/uchwyt-na-burte-pawez-12\/","title":{"rendered":"12\u00b0 board\/ transom mount - for winches or TRAC crane"},"content":{"rendered":"<h2 class=\"\" data-start=\"243\" data-end=\"341\"><strong data-start=\"246\" data-end=\"341\">Uchwyt na burt\u0119\/paw\u0119\u017c 12\u00b0 do windy kotwicznej TRAC \u2013 monta\u017c na pochylonej paw\u0119\u017cy lub burcie<\/strong><\/h2>\n<p class=\"\" data-start=\"343\" data-end=\"647\"><strong data-start=\"343\" data-end=\"357\">Uchwyt 12\u00b0<\/strong> to specjalistyczny element monta\u017cowy, przeznaczony do instalacji windy kotwicznej <strong data-start=\"440\" data-end=\"481\">na pochylonej paw\u0119\u017cy lub burcie \u0142odzi<\/strong>, kt\u00f3ra nie jest idealnie pionowa. Wykonany z <strong data-start=\"527\" data-end=\"569\">10 mm thick anodised aluminium<\/strong>, zapewnia wysok\u0105 odporno\u015b\u0107 na dzia\u0142anie wody, soli i uszkodzenia mechaniczne.<\/p>\n<p class=\"\" data-start=\"649\" data-end=\"890\">Konstrukcja uchwytu umo\u017cliwia <strong data-start=\"679\" data-end=\"712\">poziome ustawienie windy TRAC<\/strong>, nawet przy monta\u017cu na powierzchniach odchylonych od pionu o <strong data-start=\"774\" data-end=\"787\">12 stopni<\/strong>. Uchwyt pasuje do wszystkich modeli wind kotwicznych TRAC, w po\u0142\u0105czeniu z odpowiedni\u0105 p\u0142yt\u0105 monta\u017cow\u0105.<\/p>\n<hr class=\"\" data-start=\"892\" data-end=\"895\" \/>\n<h3 class=\"\" data-start=\"897\" data-end=\"928\">\u2705 <strong data-start=\"903\" data-end=\"928\">Key benefits:<\/strong><\/h3>\n<ul data-start=\"929\" data-end=\"1313\">\n<li class=\"\" data-start=\"929\" data-end=\"997\">\n<p class=\"\" data-start=\"931\" data-end=\"997\"><strong data-start=\"931\" data-end=\"995\">Umo\u017cliwia monta\u017c windy na pochylonej burcie lub paw\u0119\u017cy (12\u00b0)<\/strong><\/p>\n<\/li>\n<li class=\"\" data-start=\"998\" data-end=\"1047\">\n<p class=\"\" data-start=\"1000\" data-end=\"1047\"><strong data-start=\"1000\" data-end=\"1045\">Precyzyjnie nagwintowane otwory monta\u017cowe<\/strong><\/p>\n<\/li>\n<li class=\"\" data-start=\"1048\" data-end=\"1108\">\n<p class=\"\" data-start=\"1050\" data-end=\"1108\"><strong data-start=\"1050\" data-end=\"1106\">Wysokiej jako\u015bci anodowane aluminium (grubo\u015b\u0107 10 mm)<\/strong><\/p>\n<\/li>\n<li class=\"\" data-start=\"1109\" data-end=\"1186\">\n<p class=\"\" data-start=\"1111\" data-end=\"1186\"><strong data-start=\"1111\" data-end=\"1184\">Odporno\u015b\u0107 na korozj\u0119, warunki atmosferyczne i intensywn\u0105 eksploatacj\u0119<\/strong><\/p>\n<\/li>\n<li class=\"\" data-start=\"1187\" data-end=\"1248\">\n<p class=\"\" data-start=\"1189\" data-end=\"1248\"><strong data-start=\"1189\" data-end=\"1246\">Mo\u017cliwo\u015b\u0107 po\u0142\u0105czenia z szybkoz\u0142\u0105czem TRAC (SKU 69075)<\/strong><\/p>\n<\/li>\n<li class=\"\" data-start=\"1249\" data-end=\"1313\">\n<p class=\"\" data-start=\"1251\" data-end=\"1313\"><strong data-start=\"1251\" data-end=\"1313\">Kompatybilno\u015b\u0107 z wszystkimi modelami wind kotwicznych <a href=\"https:\/\/atana.pl\/en\/products\/lifts_accessories\/lifts\/\">TRAC<\/a><\/strong><\/p>\n<\/li>\n<\/ul>\n<hr class=\"\" data-start=\"1315\" data-end=\"1318\" \/>\n<h3 class=\"\" data-start=\"1320\" data-end=\"1353\">\ud83d\udd27 <strong data-start=\"1327\" data-end=\"1353\">Zastosowanie i monta\u017c:<\/strong><\/h3>\n<p class=\"\" data-start=\"1228\" data-end=\"1354\">Uchwyt 90\u00b0 pasuje do <a href=\"https:\/\/atana.pl\/en\/products\/lifts_accessories\/lifts\/\"><strong data-start=\"1249\" data-end=\"1292\">wszystkich modeli wind kotwicznych TRAC<\/strong><\/a> i nale\u017cy stosowa\u0107 go <strong data-start=\"1314\" data-end=\"1348\">w po\u0142\u0105czeniu z p\u0142yt\u0105 monta\u017cow\u0105<\/strong>, np.:<\/p>\n<p data-start=\"2075\" data-end=\"2122\">\u00a0 \u00a0<strong>\ud83d\udce6<\/strong><strong> \u00a0<a href=\"https:\/\/atana.pl\/en\/online-shop\/lifts_accessories\/plates\/szybkozlacze\/\">Quick connector<\/a><\/strong><\/p>\n<p data-start=\"2075\" data-end=\"2122\"><strong>\u00a0 \u00a0\ud83d\udce6 \u00a0<a style=\"font-size: 16px;\" href=\"https:\/\/atana.pl\/en\/online-shop\/lifts_accessories\/plates\/plyta-montazowa-a30-d40-gen-3\/\">Mounting plate - for TRAC Gen 3 ascenders<\/a><\/strong><\/p>\n<p data-start=\"2075\" data-end=\"2122\"><strong>\u00a0 \u00a0\ud83d\udce6\u00a0 <a href=\"https:\/\/atana.pl\/en\/online-shop\/lifts_accessories\/plates\/mounting-plate-sh25-az20\/\">P\u0142yta monta\u017cowa A20\/S25<\/a><\/strong><\/p>\n<p data-start=\"2075\" data-end=\"2122\"><a href=\"https:\/\/atana.pl\/en\/sposoby-montazu-elektrycznych-wind-kotwicznych-trac\/\">&#8230;Czytaj wi\u0119cej o sposobach monta\u017cu elektrycznych wind kotwicznych.<\/a><\/p>\n<hr class=\"\" data-start=\"2026\" data-end=\"2029\" \/>\n<h2 class=\"\" data-start=\"2031\" data-end=\"2057\">\ud83d\udee1\ufe0f Guarantee and quality:<\/h2>\n<ul data-start=\"2058\" data-end=\"2212\">\n<li class=\"\" data-start=\"2058\" data-end=\"2095\">\n<p class=\"\" data-start=\"2060\" data-end=\"2095\"><strong data-start=\"2060\" data-end=\"2093\">2-year manufacturer's warranty<\/strong><\/p>\n<\/li>\n<li class=\"\" data-start=\"2096\" data-end=\"2145\">\n<p class=\"\" data-start=\"2098\" data-end=\"2145\">Oryginalny komponent systemu monta\u017cowego TRAC<\/p>\n<\/li>\n<li class=\"\" data-start=\"2146\" data-end=\"2212\">\n<p class=\"\" data-start=\"2148\" data-end=\"2212\">Kompatybilno\u015b\u0107 z ca\u0142ym systemem: p\u0142yty, szybkoz\u0142\u0105cze, wyci\u0105garki<\/p>\n<\/li>\n<\/ul>\n<hr class=\"\" data-start=\"2214\" data-end=\"2217\" \/>\n<h2 class=\"\" data-start=\"2219\" data-end=\"2238\">\ud83d\udcde Do you have any questions?<\/h2>\n<p class=\"\" data-start=\"2239\" data-end=\"2405\">Nie wiesz, czy ten uchwyt b\u0119dzie odpowiedni do k\u0105ta Twojej burty lub paw\u0119\u017cy? Skontaktuj si\u0119 z nami \u2013 doradzimy, dobierzemy odpowiednie akcesoria i pomo\u017cemy w monta\u017cu.<\/p>","protected":false},"excerpt":{"rendered":"<ul>\n<li>TRAC boat lift attachment bracket<\/li>\n<li>Monta\u017c do p\u0142aszczyzny pod k\u0105tem 12\u00b0 od pionu (burta \/ paw\u0119\u017c)<\/li>\n<li>Pasuje do wszystkich p\u0142yt monta\u017cowych &amp; szybkoz\u0142\u0105cza<\/li>\n<li>Pasuje do wszystkich wind kotwicznych TRAC<\/li>\n<\/ul>","protected":false},"featured_media":3999,"template":"","meta":{"_acf_changed":false},"product_brand":[],"product_cat":[104,107,102],"product_tag":[293,285,296,272,277,289,284,288,292,290,295,273,291,294],"class_list":{"0":"post-5246","1":"product","2":"type-product","3":"status-publish","4":"has-post-thumbnail","6":"product_cat-windy_akcesoria","7":"product_cat-plyty","8":"product_cat-trac","9":"product_tag-akcesoria-do-windy-trac","10":"product_tag-anodowany-uchwyt-do-windy","11":"product_tag-kotwica-montaz-uchwyt-12","12":"product_tag-mocowanie-windy-kotwicznej","13":"product_tag-mocowanie-windy-kotwicznej-trac","14":"product_tag-montaz-windy-na-pochylonej-pawezy","15":"product_tag-trac-uchwyt-montazowy","16":"product_tag-uchwyt-12-stopni-trac","17":"product_tag-uchwyt-do-lodzi-z-pochylona-paweza","18":"product_tag-uchwyt-do-montazu-windy-trac","19":"product_tag-uchwyt-do-plyt-montazowych-trac","20":"product_tag-uchwyt-do-windy-kotwicznej","21":"product_tag-uchwyt-na-burte-12","22":"product_tag-uchwyt-z-aluminium-12-stopni","24":"first","25":"instock","26":"taxable","27":"shipping-taxable","28":"purchasable","29":"product-type-simple"},"acf":[],"yoast_head":"<!-- This site is optimized with the Yoast SEO plugin v25.2 - https:\/\/yoast.com\/wordpress\/plugins\/seo\/ -->\n<title>Uchwyt na burt\u0119\/paw\u0119\u017c 12\u00b0 - do wyci\u0105garek lub d\u017awigu TRAC - Atana<\/title>\n<meta name=\"description\" content=\"Uchwyt 12\u00b0 do monta\u017cu windy TRAC na pochylonej burcie lub paw\u0119\u017cy. Wykonany z anodowanego aluminium. Kompatybilny z p\u0142ytami i szybkoz\u0142\u0105czem.\" \/>\n<meta name=\"robots\" content=\"index, follow, max-snippet:-1, max-image-preview:large, max-video-preview:-1\" \/>\n<link rel=\"canonical\" href=\"https:\/\/atana.pl\/en\/online-shop\/lifts_accessories\/plates\/uchwyt-na-burte-pawez-12\/\" \/>\n<meta property=\"og:locale\" content=\"en_GB\" \/>\n<meta property=\"og:type\" content=\"article\" \/>\n<meta property=\"og:title\" content=\"Uchwyt na burt\u0119\/paw\u0119\u017c 12\u00b0 - do wyci\u0105garek lub d\u017awigu TRAC - Atana\" \/>\n<meta property=\"og:description\" content=\"Uchwyt 12\u00b0 do monta\u017cu windy TRAC na pochylonej burcie lub paw\u0119\u017cy. Wykonany z anodowanego aluminium. Kompatybilny z p\u0142ytami i szybkoz\u0142\u0105czem.\" \/>\n<meta property=\"og:url\" content=\"https:\/\/atana.pl\/en\/online-shop\/lifts_accessories\/plates\/uchwyt-na-burte-pawez-12\/\" \/>\n<meta property=\"og:site_name\" content=\"Atana\" \/>\n<meta property=\"article:publisher\" content=\"https:\/\/www.facebook.com\/atanayachts\" \/>\n<meta property=\"article:modified_time\" content=\"2026-03-09T10:09:25+00:00\" \/>\n<meta property=\"og:image\" content=\"https:\/\/atana.pl\/wp-content\/uploads\/2024\/04\/69074_13-Z.jpg\" \/>\n\t<meta property=\"og:image:width\" content=\"900\" \/>\n\t<meta property=\"og:image:height\" content=\"900\" \/>\n\t<meta property=\"og:image:type\" content=\"image\/jpeg\" \/>\n<meta name=\"twitter:card\" content=\"summary_large_image\" \/>\n<meta name=\"twitter:label1\" content=\"Estimated reading time\" \/>\n\t<meta name=\"twitter:data1\" content=\"1 minute\" \/>\n<script type=\"application\/ld+json\" class=\"yoast-schema-graph\">{\"@context\":\"https:\/\/schema.org\",\"@graph\":[{\"@type\":\"WebPage\",\"@id\":\"https:\/\/atana.pl\/sklep-on-line\/windy_akcesoria\/plyty\/uchwyt-na-burte-pawez-12\/\",\"url\":\"https:\/\/atana.pl\/sklep-on-line\/windy_akcesoria\/plyty\/uchwyt-na-burte-pawez-12\/\",\"name\":\"Uchwyt na burt\u0119\/paw\u0119\u017c 12\u00b0 - do wyci\u0105garek lub d\u017awigu TRAC - Atana\",\"isPartOf\":{\"@id\":\"https:\/\/atana.pl\/#website\"},\"primaryImageOfPage\":{\"@id\":\"https:\/\/atana.pl\/sklep-on-line\/windy_akcesoria\/plyty\/uchwyt-na-burte-pawez-12\/#primaryimage\"},\"image\":{\"@id\":\"https:\/\/atana.pl\/sklep-on-line\/windy_akcesoria\/plyty\/uchwyt-na-burte-pawez-12\/#primaryimage\"},\"thumbnailUrl\":\"https:\/\/atana.pl\/wp-content\/uploads\/2024\/04\/69074_13-Z.jpg\",\"datePublished\":\"2016-01-27T11:16:26+00:00\",\"dateModified\":\"2026-03-09T10:09:25+00:00\",\"description\":\"Uchwyt 12\u00b0 do monta\u017cu windy TRAC na pochylonej burcie lub paw\u0119\u017cy. Wykonany z anodowanego aluminium. Kompatybilny z p\u0142ytami i szybkoz\u0142\u0105czem.\",\"breadcrumb\":{\"@id\":\"https:\/\/atana.pl\/sklep-on-line\/windy_akcesoria\/plyty\/uchwyt-na-burte-pawez-12\/#breadcrumb\"},\"inLanguage\":\"en-GB\",\"potentialAction\":[{\"@type\":\"ReadAction\",\"target\":[\"https:\/\/atana.pl\/sklep-on-line\/windy_akcesoria\/plyty\/uchwyt-na-burte-pawez-12\/\"]}]},{\"@type\":\"ImageObject\",\"inLanguage\":\"en-GB\",\"@id\":\"https:\/\/atana.pl\/sklep-on-line\/windy_akcesoria\/plyty\/uchwyt-na-burte-pawez-12\/#primaryimage\",\"url\":\"https:\/\/atana.pl\/wp-content\/uploads\/2024\/04\/69074_13-Z.jpg\",\"contentUrl\":\"https:\/\/atana.pl\/wp-content\/uploads\/2024\/04\/69074_13-Z.jpg\",\"width\":900,\"height\":900,\"caption\":\"Uchwyt na burt\u0119\/paw\u0119\u017c 12\u00b0 &#8211; do wyci\u0105garek lub d\u017awigu TRAC\"},{\"@type\":\"BreadcrumbList\",\"@id\":\"https:\/\/atana.pl\/sklep-on-line\/windy_akcesoria\/plyty\/uchwyt-na-burte-pawez-12\/#breadcrumb\",\"itemListElement\":[{\"@type\":\"ListItem\",\"position\":1,\"name\":\"Strona g\u0142\u00f3wna\",\"item\":\"https:\/\/atana.pl\/\"},{\"@type\":\"ListItem\",\"position\":2,\"name\":\"Sklep on-line\",\"item\":\"https:\/\/atana.pl\/sklep-on-line\/\"},{\"@type\":\"ListItem\",\"position\":3,\"name\":\"Uchwyt na burt\u0119\/paw\u0119\u017c 12\u00b0 &#8211; do wyci\u0105garek lub d\u017awigu TRAC\"}]},{\"@type\":\"WebSite\",\"@id\":\"https:\/\/atana.pl\/#website\",\"url\":\"https:\/\/atana.pl\/\",\"name\":\"Atana\",\"description\":\"Akcesoria do \u0142odzi, kamper\u00f3w i przyczep. \u0141odzie motorowe\",\"publisher\":{\"@id\":\"https:\/\/atana.pl\/#organization\"},\"potentialAction\":[{\"@type\":\"SearchAction\",\"target\":{\"@type\":\"EntryPoint\",\"urlTemplate\":\"https:\/\/atana.pl\/?s={search_term_string}\"},\"query-input\":{\"@type\":\"PropertyValueSpecification\",\"valueRequired\":true,\"valueName\":\"search_term_string\"}}],\"inLanguage\":\"en-GB\"},{\"@type\":\"Organization\",\"@id\":\"https:\/\/atana.pl\/#organization\",\"name\":\"Atana\",\"url\":\"https:\/\/atana.pl\/\",\"logo\":{\"@type\":\"ImageObject\",\"inLanguage\":\"en-GB\",\"@id\":\"https:\/\/atana.pl\/#\/schema\/logo\/image\/\",\"url\":\"\",\"contentUrl\":\"\",\"caption\":\"Atana\"},\"image\":{\"@id\":\"https:\/\/atana.pl\/#\/schema\/logo\/image\/\"},\"sameAs\":[\"https:\/\/www.facebook.com\/atanayachts\",\"https:\/\/www.instagram.com\/atanaboats\/\",\"https:\/\/www.youtube.com\/channel\/UClMMmVqqx17in9QzgxK90Mw\"]}]}<\/script>\n<!-- \/ Yoast SEO plugin. -->","yoast_head_json":{"title":"Uchwyt na burt\u0119\/paw\u0119\u017c 12\u00b0 - do wyci\u0105garek lub d\u017awigu TRAC - Atana","description":"Uchwyt 12\u00b0 do monta\u017cu windy TRAC na pochylonej burcie lub paw\u0119\u017cy. Wykonany z anodowanego aluminium. Kompatybilny z p\u0142ytami i szybkoz\u0142\u0105czem.","robots":{"index":"index","follow":"follow","max-snippet":"max-snippet:-1","max-image-preview":"max-image-preview:large","max-video-preview":"max-video-preview:-1"},"canonical":"https:\/\/atana.pl\/en\/online-shop\/lifts_accessories\/plates\/uchwyt-na-burte-pawez-12\/","og_locale":"en_GB","og_type":"article","og_title":"Uchwyt na burt\u0119\/paw\u0119\u017c 12\u00b0 - do wyci\u0105garek lub d\u017awigu TRAC - Atana","og_description":"Uchwyt 12\u00b0 do monta\u017cu windy TRAC na pochylonej burcie lub paw\u0119\u017cy. Wykonany z anodowanego aluminium. Kompatybilny z p\u0142ytami i szybkoz\u0142\u0105czem.","og_url":"https:\/\/atana.pl\/en\/online-shop\/lifts_accessories\/plates\/uchwyt-na-burte-pawez-12\/","og_site_name":"Atana","article_publisher":"https:\/\/www.facebook.com\/atanayachts","article_modified_time":"2026-03-09T10:09:25+00:00","og_image":[{"width":900,"height":900,"url":"https:\/\/atana.pl\/wp-content\/uploads\/2024\/04\/69074_13-Z.jpg","type":"image\/jpeg"}],"twitter_card":"summary_large_image","twitter_misc":{"Estimated reading time":"1 minute"},"schema":{"@context":"https:\/\/schema.org","@graph":[{"@type":"WebPage","@id":"https:\/\/atana.pl\/sklep-on-line\/windy_akcesoria\/plyty\/uchwyt-na-burte-pawez-12\/","url":"https:\/\/atana.pl\/sklep-on-line\/windy_akcesoria\/plyty\/uchwyt-na-burte-pawez-12\/","name":"Uchwyt na burt\u0119\/paw\u0119\u017c 12\u00b0 - do wyci\u0105garek lub d\u017awigu TRAC - Atana","isPartOf":{"@id":"https:\/\/atana.pl\/#website"},"primaryImageOfPage":{"@id":"https:\/\/atana.pl\/sklep-on-line\/windy_akcesoria\/plyty\/uchwyt-na-burte-pawez-12\/#primaryimage"},"image":{"@id":"https:\/\/atana.pl\/sklep-on-line\/windy_akcesoria\/plyty\/uchwyt-na-burte-pawez-12\/#primaryimage"},"thumbnailUrl":"https:\/\/atana.pl\/wp-content\/uploads\/2024\/04\/69074_13-Z.jpg","datePublished":"2016-01-27T11:16:26+00:00","dateModified":"2026-03-09T10:09:25+00:00","description":"Uchwyt 12\u00b0 do monta\u017cu windy TRAC na pochylonej burcie lub paw\u0119\u017cy. Wykonany z anodowanego aluminium. Kompatybilny z p\u0142ytami i szybkoz\u0142\u0105czem.","breadcrumb":{"@id":"https:\/\/atana.pl\/sklep-on-line\/windy_akcesoria\/plyty\/uchwyt-na-burte-pawez-12\/#breadcrumb"},"inLanguage":"en-GB","potentialAction":[{"@type":"ReadAction","target":["https:\/\/atana.pl\/sklep-on-line\/windy_akcesoria\/plyty\/uchwyt-na-burte-pawez-12\/"]}]},{"@type":"ImageObject","inLanguage":"en-GB","@id":"https:\/\/atana.pl\/sklep-on-line\/windy_akcesoria\/plyty\/uchwyt-na-burte-pawez-12\/#primaryimage","url":"https:\/\/atana.pl\/wp-content\/uploads\/2024\/04\/69074_13-Z.jpg","contentUrl":"https:\/\/atana.pl\/wp-content\/uploads\/2024\/04\/69074_13-Z.jpg","width":900,"height":900,"caption":"Uchwyt na burt\u0119\/paw\u0119\u017c 12\u00b0 &#8211; do wyci\u0105garek lub d\u017awigu TRAC"},{"@type":"BreadcrumbList","@id":"https:\/\/atana.pl\/sklep-on-line\/windy_akcesoria\/plyty\/uchwyt-na-burte-pawez-12\/#breadcrumb","itemListElement":[{"@type":"ListItem","position":1,"name":"Strona g\u0142\u00f3wna","item":"https:\/\/atana.pl\/"},{"@type":"ListItem","position":2,"name":"Sklep on-line","item":"https:\/\/atana.pl\/sklep-on-line\/"},{"@type":"ListItem","position":3,"name":"Uchwyt na burt\u0119\/paw\u0119\u017c 12\u00b0 &#8211; do wyci\u0105garek lub d\u017awigu TRAC"}]},{"@type":"WebSite","@id":"https:\/\/atana.pl\/#website","url":"https:\/\/atana.pl\/","name":"Atana","description":"Akcesoria do \u0142odzi, kamper\u00f3w i przyczep. \u0141odzie motorowe","publisher":{"@id":"https:\/\/atana.pl\/#organization"},"potentialAction":[{"@type":"SearchAction","target":{"@type":"EntryPoint","urlTemplate":"https:\/\/atana.pl\/?s={search_term_string}"},"query-input":{"@type":"PropertyValueSpecification","valueRequired":true,"valueName":"search_term_string"}}],"inLanguage":"en-GB"},{"@type":"Organization","@id":"https:\/\/atana.pl\/#organization","name":"Atana","url":"https:\/\/atana.pl\/","logo":{"@type":"ImageObject","inLanguage":"en-GB","@id":"https:\/\/atana.pl\/#\/schema\/logo\/image\/","url":"","contentUrl":"","caption":"Atana"},"image":{"@id":"https:\/\/atana.pl\/#\/schema\/logo\/image\/"},"sameAs":["https:\/\/www.facebook.com\/atanayachts","https:\/\/www.instagram.com\/atanaboats\/","https:\/\/www.youtube.com\/channel\/UClMMmVqqx17in9QzgxK90Mw"]}]}},"_links":{"self":[{"href":"https:\/\/atana.pl\/en\/wp-json\/wp\/v2\/product\/5246","targetHints":{"allow":["GET"]}}],"collection":[{"href":"https:\/\/atana.pl\/en\/wp-json\/wp\/v2\/product"}],"about":[{"href":"https:\/\/atana.pl\/en\/wp-json\/wp\/v2\/types\/product"}],"wp:featuredmedia":[{"embeddable":true,"href":"https:\/\/atana.pl\/en\/wp-json\/wp\/v2\/media\/3999"}],"wp:attachment":[{"href":"https:\/\/atana.pl\/en\/wp-json\/wp\/v2\/media?parent=5246"}],"wp:term":[{"taxonomy":"product_brand","embeddable":true,"href":"https:\/\/atana.pl\/en\/wp-json\/wp\/v2\/product_brand?post=5246"},{"taxonomy":"product_cat","embeddable":true,"href":"https:\/\/atana.pl\/en\/wp-json\/wp\/v2\/product_cat?post=5246"},{"taxonomy":"product_tag","embeddable":true,"href":"https:\/\/atana.pl\/en\/wp-json\/wp\/v2\/product_tag?post=5246"}],"curies":[{"name":"wp","href":"https:\/\/api.w.org\/{rel}","templated":true}]}}