{"id":5232,"date":"2017-01-27T12:16:25","date_gmt":"2017-01-27T11:16:25","guid":{"rendered":"https:\/\/atana.pl\/sklep-on-line\/uchwyt-na-burte-pawez-90\/"},"modified":"2026-03-09T11:07:56","modified_gmt":"2026-03-09T10:07:56","slug":"uchwyt-na-burte-pawez-90","status":"publish","type":"product","link":"https:\/\/atana.pl\/en\/online-shop\/lifts_accessories\/plates\/uchwyt-na-burte-pawez-90\/","title":{"rendered":"Side\/ transom mount 90\u00b0 - for winches or TRAC crane"},"content":{"rendered":"<h2 class=\"\" data-start=\"227\" data-end=\"324\"><strong data-start=\"230\" data-end=\"324\">Uchwyt na burt\u0119\/paw\u0119\u017c 90\u00b0 do windy kotwicznej TRAC \u2013 stabilne mocowanie na pionowej burcie<\/strong><\/h2>\n<p class=\"\" data-start=\"326\" data-end=\"605\"><strong data-start=\"326\" data-end=\"340\">Uchwyt 90\u00b0<\/strong> to solidny i trwa\u0142y element monta\u017cowy, kt\u00f3ry umo\u017cliwia <strong data-start=\"396\" data-end=\"468\">instalacj\u0119 windy kotwicznej TRAC na pionowej burcie lub paw\u0119\u017cy \u0142odzi<\/strong>. Wykonany z <strong data-start=\"481\" data-end=\"506\">anodowanego aluminium<\/strong> o grubo\u015bci 10 mm, zapewnia odporno\u015b\u0107 na warunki morskie oraz pe\u0142n\u0105 stabilno\u015b\u0107 podczas pracy windy.<\/p>\n<p class=\"\" data-start=\"607\" data-end=\"850\">Thanks to <strong data-start=\"614\" data-end=\"628\">k\u0105towi 90\u00b0<\/strong> uchwyt umo\u017cliwia <strong data-start=\"646\" data-end=\"674\">poziome ustawienie windy<\/strong> nawet wtedy, gdy powierzchnia monta\u017cowa jest pionowa. Idealne rozwi\u0105zanie dla jednostek, kt\u00f3re nie maj\u0105 p\u0142askiego pok\u0142adu lub chc\u0105 zainstalowa\u0107 wind\u0119 z ty\u0142u \u0142odzi (na paw\u0119\u017cy).<\/p>\n<hr class=\"\" data-start=\"852\" data-end=\"855\" \/>\n<h3 class=\"\" data-start=\"857\" data-end=\"888\">\u2705 <strong data-start=\"863\" data-end=\"888\">Key benefits:<\/strong><\/h3>\n<ul data-start=\"889\" data-end=\"1187\">\n<li class=\"\" data-start=\"889\" data-end=\"939\">\n<p class=\"\" data-start=\"891\" data-end=\"939\"><strong data-start=\"891\" data-end=\"937\">Monta\u017c windy na pionowej burcie lub paw\u0119\u017cy<\/strong><\/p>\n<\/li>\n<li class=\"\" data-start=\"940\" data-end=\"999\">\n<p class=\"\" data-start=\"942\" data-end=\"999\"><strong data-start=\"942\" data-end=\"997\">Solidna konstrukcja z anodowanego aluminium (10 mm)<\/strong><\/p>\n<\/li>\n<li class=\"\" data-start=\"1000\" data-end=\"1041\">\n<p class=\"\" data-start=\"1002\" data-end=\"1041\"><strong data-start=\"1002\" data-end=\"1039\">Odporno\u015b\u0107 na korozj\u0119 i s\u0142on\u0105 wod\u0119<\/strong><\/p>\n<\/li>\n<li class=\"\" data-start=\"1042\" data-end=\"1091\">\n<p class=\"\" data-start=\"1044\" data-end=\"1091\"><strong data-start=\"1044\" data-end=\"1089\">Precyzyjnie nagwintowane otwory monta\u017cowe<\/strong><\/p>\n<\/li>\n<li class=\"\" data-start=\"1092\" data-end=\"1152\">\n<p class=\"\" data-start=\"1094\" data-end=\"1152\"><strong data-start=\"1094\" data-end=\"1150\">Mo\u017cliwo\u015b\u0107 \u0142\u0105czenia z p\u0142yt\u0105 monta\u017cow\u0105 i szybkoz\u0142\u0105czem<\/strong><\/p>\n<\/li>\n<li class=\"\" data-start=\"1153\" data-end=\"1187\">\n<p class=\"\" data-start=\"1155\" data-end=\"1187\"><strong data-start=\"1155\" data-end=\"1187\">W zestawie \u015bruby i podk\u0142adki<\/strong><\/p>\n<\/li>\n<\/ul>\n<hr class=\"\" data-start=\"1189\" data-end=\"1192\" \/>\n<h3 class=\"\" data-start=\"1194\" data-end=\"1227\">\ud83d\udd27 <strong data-start=\"1201\" data-end=\"1227\">Zastosowanie i monta\u017c:<\/strong><\/h3>\n<p class=\"\" data-start=\"1228\" data-end=\"1354\">Uchwyt 90\u00b0 pasuje do <a href=\"https:\/\/atana.pl\/en\/products\/lifts_accessories\/lifts\/\"><strong data-start=\"1249\" data-end=\"1292\">wszystkich modeli wind kotwicznych TRAC<\/strong><\/a> i nale\u017cy stosowa\u0107 go <strong data-start=\"1314\" data-end=\"1348\">w po\u0142\u0105czeniu z p\u0142yt\u0105 monta\u017cow\u0105<\/strong>, np.:<\/p>\n<p data-start=\"2075\" data-end=\"2122\">\u00a0 \u00a0<strong>\ud83d\udce6<\/strong><strong> \u00a0<a href=\"https:\/\/atana.pl\/en\/online-shop\/lifts_accessories\/plates\/szybkozlacze\/\">Quick connector<\/a><\/strong><\/p>\n<p data-start=\"2075\" data-end=\"2122\"><strong>\u00a0 \u00a0\ud83d\udce6 \u00a0<a style=\"font-size: 16px;\" href=\"https:\/\/atana.pl\/en\/online-shop\/lifts_accessories\/plates\/plyta-montazowa-a30-d40-gen-3\/\">Mounting plate - for TRAC Gen 3 ascenders<\/a><\/strong><\/p>\n<p data-start=\"2075\" data-end=\"2122\"><strong>\u00a0 \u00a0\ud83d\udce6\u00a0 <a href=\"https:\/\/atana.pl\/en\/online-shop\/lifts_accessories\/plates\/mounting-plate-sh25-az20\/\">P\u0142yta monta\u017cowa A20\/S25<\/a><\/strong><\/p>\n<p data-start=\"2075\" data-end=\"2122\"><a href=\"https:\/\/atana.pl\/en\/sposoby-montazu-elektrycznych-wind-kotwicznych-trac\/\">&#8230;Czytaj wi\u0119cej o sposobach monta\u017cu elektrycznych wind kotwicznych.<\/a><\/p>\n<hr class=\"\" data-start=\"2056\" data-end=\"2059\" \/>\n<h2 class=\"\" data-start=\"2061\" data-end=\"2087\">\ud83d\udee1\ufe0f Guarantee and quality:<\/h2>\n<ul data-start=\"2088\" data-end=\"2205\">\n<li class=\"\" data-start=\"2088\" data-end=\"2123\">\n<p class=\"\" data-start=\"2090\" data-end=\"2123\"><strong data-start=\"2090\" data-end=\"2121\">2-year manufacturer's warranty<\/strong><\/p>\n<\/li>\n<li class=\"\" data-start=\"2124\" data-end=\"2154\">\n<p class=\"\" data-start=\"2126\" data-end=\"2154\">TRAC original accessory<\/p>\n<\/li>\n<li class=\"\" data-start=\"2155\" data-end=\"2205\">\n<p class=\"\" data-start=\"2157\" data-end=\"2205\">Kompatybilno\u015b\u0107 z pe\u0142nym systemem monta\u017cowym TRAC<\/p>\n<\/li>\n<\/ul>\n<hr class=\"\" data-start=\"2207\" data-end=\"2210\" \/>\n<h2 class=\"\" data-start=\"2212\" data-end=\"2231\">\ud83d\udcde Do you have any questions?<\/h2>\n<p class=\"\" data-start=\"2232\" data-end=\"2376\">Nie wiesz, czy uchwyt b\u0119dzie pasowa\u0107 do Twojej \u0142odzi lub modelu windy? Skontaktuj si\u0119 z nami \u2013 doradzimy odpowiednie akcesoria i spos\u00f3b monta\u017cu.<\/p>","protected":false},"excerpt":{"rendered":"<ul>\n<li>TRAC boat lift attachment bracket<\/li>\n<li>Monta\u017c do pionowej p\u0142aszczyzny (burta \/ paw\u0119\u017c)<\/li>\n<li>Pasuje do wszystkich p\u0142yt monta\u017cowych &amp; szybkoz\u0142\u0105cza<\/li>\n<li>Pasuje do wszystkich wind kotwicznych TRAC<\/li>\n<\/ul>","protected":false},"featured_media":3985,"template":"","meta":{"_acf_changed":false},"product_brand":[],"product_cat":[104,107,102],"product_tag":[278,285,287,277,280,283,275,282,284,274,281,273,279,276,286],"class_list":{"0":"post-5232","1":"product","2":"type-product","3":"status-publish","4":"has-post-thumbnail","6":"product_cat-windy_akcesoria","7":"product_cat-plyty","8":"product_cat-trac","9":"product_tag-akcesoria-montazowe-trac","10":"product_tag-anodowany-uchwyt-do-windy","11":"product_tag-kotwica-mocowanie-90-stopni","12":"product_tag-mocowanie-windy-kotwicznej-trac","13":"product_tag-mocowanie-windy-na-pionowej-burcie","14":"product_tag-montaz-windy-kotwicznej-na-burcie","15":"product_tag-montaz-windy-na-pawezy","16":"product_tag-pawez-uchwyt-kotwica","17":"product_tag-trac-uchwyt-montazowy","18":"product_tag-uchwyt-90-stopni-trac","19":"product_tag-uchwyt-do-pontonu-z-winda","20":"product_tag-uchwyt-do-windy-kotwicznej","21":"product_tag-uchwyt-do-windy-trac-90","22":"product_tag-uchwyt-na-burte-do-windy-kotwicznej","23":"product_tag-uchwyt-z-aluminium-do-wyciagarki","25":"first","26":"instock","27":"taxable","28":"shipping-taxable","29":"purchasable","30":"product-type-simple"},"acf":[],"yoast_head":"<!-- This site is optimized with the Yoast SEO plugin v25.2 - https:\/\/yoast.com\/wordpress\/plugins\/seo\/ -->\n<title>Uchwyt na burt\u0119\/paw\u0119\u017c 90\u00b0 - do wyci\u0105garek lub d\u017awigu TRAC - Atana<\/title>\n<meta name=\"description\" content=\"Solidny uchwyt 90\u00b0 z aluminium do monta\u017cu windy TRAC na burcie lub paw\u0119\u017cy. Kompatybilny z p\u0142yt\u0105 monta\u017cow\u0105 i szybkoz\u0142\u0105czem. Zestaw ze \u015brubami.\" \/>\n<meta name=\"robots\" content=\"index, follow, max-snippet:-1, max-image-preview:large, max-video-preview:-1\" \/>\n<link rel=\"canonical\" href=\"https:\/\/atana.pl\/en\/online-shop\/lifts_accessories\/plates\/uchwyt-na-burte-pawez-90\/\" \/>\n<meta property=\"og:locale\" content=\"en_GB\" \/>\n<meta property=\"og:type\" content=\"article\" \/>\n<meta property=\"og:title\" content=\"Uchwyt na burt\u0119\/paw\u0119\u017c 90\u00b0 - do wyci\u0105garek lub d\u017awigu TRAC - Atana\" \/>\n<meta property=\"og:description\" content=\"Solidny uchwyt 90\u00b0 z aluminium do monta\u017cu windy TRAC na burcie lub paw\u0119\u017cy. Kompatybilny z p\u0142yt\u0105 monta\u017cow\u0105 i szybkoz\u0142\u0105czem. Zestaw ze \u015brubami.\" \/>\n<meta property=\"og:url\" content=\"https:\/\/atana.pl\/en\/online-shop\/lifts_accessories\/plates\/uchwyt-na-burte-pawez-90\/\" \/>\n<meta property=\"og:site_name\" content=\"Atana\" \/>\n<meta property=\"article:publisher\" content=\"https:\/\/www.facebook.com\/atanayachts\" \/>\n<meta property=\"article:modified_time\" content=\"2026-03-09T10:07:56+00:00\" \/>\n<meta property=\"og:image\" content=\"https:\/\/atana.pl\/wp-content\/uploads\/2024\/04\/69073_13-Z.jpg\" \/>\n\t<meta property=\"og:image:width\" content=\"900\" \/>\n\t<meta property=\"og:image:height\" content=\"900\" \/>\n\t<meta property=\"og:image:type\" content=\"image\/jpeg\" \/>\n<meta name=\"twitter:card\" content=\"summary_large_image\" \/>\n<meta name=\"twitter:label1\" content=\"Estimated reading time\" \/>\n\t<meta name=\"twitter:data1\" content=\"1 minute\" \/>\n<script type=\"application\/ld+json\" class=\"yoast-schema-graph\">{\"@context\":\"https:\/\/schema.org\",\"@graph\":[{\"@type\":\"WebPage\",\"@id\":\"https:\/\/atana.pl\/sklep-on-line\/windy_akcesoria\/plyty\/uchwyt-na-burte-pawez-90\/\",\"url\":\"https:\/\/atana.pl\/sklep-on-line\/windy_akcesoria\/plyty\/uchwyt-na-burte-pawez-90\/\",\"name\":\"Uchwyt na burt\u0119\/paw\u0119\u017c 90\u00b0 - do wyci\u0105garek lub d\u017awigu TRAC - Atana\",\"isPartOf\":{\"@id\":\"https:\/\/atana.pl\/#website\"},\"primaryImageOfPage\":{\"@id\":\"https:\/\/atana.pl\/sklep-on-line\/windy_akcesoria\/plyty\/uchwyt-na-burte-pawez-90\/#primaryimage\"},\"image\":{\"@id\":\"https:\/\/atana.pl\/sklep-on-line\/windy_akcesoria\/plyty\/uchwyt-na-burte-pawez-90\/#primaryimage\"},\"thumbnailUrl\":\"https:\/\/atana.pl\/wp-content\/uploads\/2024\/04\/69073_13-Z.jpg\",\"datePublished\":\"2017-01-27T11:16:25+00:00\",\"dateModified\":\"2026-03-09T10:07:56+00:00\",\"description\":\"Solidny uchwyt 90\u00b0 z aluminium do monta\u017cu windy TRAC na burcie lub paw\u0119\u017cy. Kompatybilny z p\u0142yt\u0105 monta\u017cow\u0105 i szybkoz\u0142\u0105czem. Zestaw ze \u015brubami.\",\"breadcrumb\":{\"@id\":\"https:\/\/atana.pl\/sklep-on-line\/windy_akcesoria\/plyty\/uchwyt-na-burte-pawez-90\/#breadcrumb\"},\"inLanguage\":\"en-GB\",\"potentialAction\":[{\"@type\":\"ReadAction\",\"target\":[\"https:\/\/atana.pl\/sklep-on-line\/windy_akcesoria\/plyty\/uchwyt-na-burte-pawez-90\/\"]}]},{\"@type\":\"ImageObject\",\"inLanguage\":\"en-GB\",\"@id\":\"https:\/\/atana.pl\/sklep-on-line\/windy_akcesoria\/plyty\/uchwyt-na-burte-pawez-90\/#primaryimage\",\"url\":\"https:\/\/atana.pl\/wp-content\/uploads\/2024\/04\/69073_13-Z.jpg\",\"contentUrl\":\"https:\/\/atana.pl\/wp-content\/uploads\/2024\/04\/69073_13-Z.jpg\",\"width\":900,\"height\":900,\"caption\":\"Uchwyt na burt\u0119\/paw\u0119\u017c 90\u00b0 &#8211; do wyci\u0105garek lub d\u017awigu TRAC\"},{\"@type\":\"BreadcrumbList\",\"@id\":\"https:\/\/atana.pl\/sklep-on-line\/windy_akcesoria\/plyty\/uchwyt-na-burte-pawez-90\/#breadcrumb\",\"itemListElement\":[{\"@type\":\"ListItem\",\"position\":1,\"name\":\"Strona g\u0142\u00f3wna\",\"item\":\"https:\/\/atana.pl\/\"},{\"@type\":\"ListItem\",\"position\":2,\"name\":\"Sklep on-line\",\"item\":\"https:\/\/atana.pl\/sklep-on-line\/\"},{\"@type\":\"ListItem\",\"position\":3,\"name\":\"Uchwyt na burt\u0119\/paw\u0119\u017c 90\u00b0 &#8211; do wyci\u0105garek lub d\u017awigu TRAC\"}]},{\"@type\":\"WebSite\",\"@id\":\"https:\/\/atana.pl\/#website\",\"url\":\"https:\/\/atana.pl\/\",\"name\":\"Atana\",\"description\":\"Akcesoria do \u0142odzi, kamper\u00f3w i przyczep. \u0141odzie motorowe\",\"publisher\":{\"@id\":\"https:\/\/atana.pl\/#organization\"},\"potentialAction\":[{\"@type\":\"SearchAction\",\"target\":{\"@type\":\"EntryPoint\",\"urlTemplate\":\"https:\/\/atana.pl\/?s={search_term_string}\"},\"query-input\":{\"@type\":\"PropertyValueSpecification\",\"valueRequired\":true,\"valueName\":\"search_term_string\"}}],\"inLanguage\":\"en-GB\"},{\"@type\":\"Organization\",\"@id\":\"https:\/\/atana.pl\/#organization\",\"name\":\"Atana\",\"url\":\"https:\/\/atana.pl\/\",\"logo\":{\"@type\":\"ImageObject\",\"inLanguage\":\"en-GB\",\"@id\":\"https:\/\/atana.pl\/#\/schema\/logo\/image\/\",\"url\":\"\",\"contentUrl\":\"\",\"caption\":\"Atana\"},\"image\":{\"@id\":\"https:\/\/atana.pl\/#\/schema\/logo\/image\/\"},\"sameAs\":[\"https:\/\/www.facebook.com\/atanayachts\",\"https:\/\/www.instagram.com\/atanaboats\/\",\"https:\/\/www.youtube.com\/channel\/UClMMmVqqx17in9QzgxK90Mw\"]}]}<\/script>\n<!-- \/ Yoast SEO plugin. -->","yoast_head_json":{"title":"Uchwyt na burt\u0119\/paw\u0119\u017c 90\u00b0 - do wyci\u0105garek lub d\u017awigu TRAC - Atana","description":"Solidny uchwyt 90\u00b0 z aluminium do monta\u017cu windy TRAC na burcie lub paw\u0119\u017cy. Kompatybilny z p\u0142yt\u0105 monta\u017cow\u0105 i szybkoz\u0142\u0105czem. Zestaw ze \u015brubami.","robots":{"index":"index","follow":"follow","max-snippet":"max-snippet:-1","max-image-preview":"max-image-preview:large","max-video-preview":"max-video-preview:-1"},"canonical":"https:\/\/atana.pl\/en\/online-shop\/lifts_accessories\/plates\/uchwyt-na-burte-pawez-90\/","og_locale":"en_GB","og_type":"article","og_title":"Uchwyt na burt\u0119\/paw\u0119\u017c 90\u00b0 - do wyci\u0105garek lub d\u017awigu TRAC - Atana","og_description":"Solidny uchwyt 90\u00b0 z aluminium do monta\u017cu windy TRAC na burcie lub paw\u0119\u017cy. Kompatybilny z p\u0142yt\u0105 monta\u017cow\u0105 i szybkoz\u0142\u0105czem. Zestaw ze \u015brubami.","og_url":"https:\/\/atana.pl\/en\/online-shop\/lifts_accessories\/plates\/uchwyt-na-burte-pawez-90\/","og_site_name":"Atana","article_publisher":"https:\/\/www.facebook.com\/atanayachts","article_modified_time":"2026-03-09T10:07:56+00:00","og_image":[{"width":900,"height":900,"url":"https:\/\/atana.pl\/wp-content\/uploads\/2024\/04\/69073_13-Z.jpg","type":"image\/jpeg"}],"twitter_card":"summary_large_image","twitter_misc":{"Estimated reading time":"1 minute"},"schema":{"@context":"https:\/\/schema.org","@graph":[{"@type":"WebPage","@id":"https:\/\/atana.pl\/sklep-on-line\/windy_akcesoria\/plyty\/uchwyt-na-burte-pawez-90\/","url":"https:\/\/atana.pl\/sklep-on-line\/windy_akcesoria\/plyty\/uchwyt-na-burte-pawez-90\/","name":"Uchwyt na burt\u0119\/paw\u0119\u017c 90\u00b0 - do wyci\u0105garek lub d\u017awigu TRAC - Atana","isPartOf":{"@id":"https:\/\/atana.pl\/#website"},"primaryImageOfPage":{"@id":"https:\/\/atana.pl\/sklep-on-line\/windy_akcesoria\/plyty\/uchwyt-na-burte-pawez-90\/#primaryimage"},"image":{"@id":"https:\/\/atana.pl\/sklep-on-line\/windy_akcesoria\/plyty\/uchwyt-na-burte-pawez-90\/#primaryimage"},"thumbnailUrl":"https:\/\/atana.pl\/wp-content\/uploads\/2024\/04\/69073_13-Z.jpg","datePublished":"2017-01-27T11:16:25+00:00","dateModified":"2026-03-09T10:07:56+00:00","description":"Solidny uchwyt 90\u00b0 z aluminium do monta\u017cu windy TRAC na burcie lub paw\u0119\u017cy. Kompatybilny z p\u0142yt\u0105 monta\u017cow\u0105 i szybkoz\u0142\u0105czem. Zestaw ze \u015brubami.","breadcrumb":{"@id":"https:\/\/atana.pl\/sklep-on-line\/windy_akcesoria\/plyty\/uchwyt-na-burte-pawez-90\/#breadcrumb"},"inLanguage":"en-GB","potentialAction":[{"@type":"ReadAction","target":["https:\/\/atana.pl\/sklep-on-line\/windy_akcesoria\/plyty\/uchwyt-na-burte-pawez-90\/"]}]},{"@type":"ImageObject","inLanguage":"en-GB","@id":"https:\/\/atana.pl\/sklep-on-line\/windy_akcesoria\/plyty\/uchwyt-na-burte-pawez-90\/#primaryimage","url":"https:\/\/atana.pl\/wp-content\/uploads\/2024\/04\/69073_13-Z.jpg","contentUrl":"https:\/\/atana.pl\/wp-content\/uploads\/2024\/04\/69073_13-Z.jpg","width":900,"height":900,"caption":"Uchwyt na burt\u0119\/paw\u0119\u017c 90\u00b0 &#8211; do wyci\u0105garek lub d\u017awigu TRAC"},{"@type":"BreadcrumbList","@id":"https:\/\/atana.pl\/sklep-on-line\/windy_akcesoria\/plyty\/uchwyt-na-burte-pawez-90\/#breadcrumb","itemListElement":[{"@type":"ListItem","position":1,"name":"Strona g\u0142\u00f3wna","item":"https:\/\/atana.pl\/"},{"@type":"ListItem","position":2,"name":"Sklep on-line","item":"https:\/\/atana.pl\/sklep-on-line\/"},{"@type":"ListItem","position":3,"name":"Uchwyt na burt\u0119\/paw\u0119\u017c 90\u00b0 &#8211; do wyci\u0105garek lub d\u017awigu TRAC"}]},{"@type":"WebSite","@id":"https:\/\/atana.pl\/#website","url":"https:\/\/atana.pl\/","name":"Atana","description":"Akcesoria do \u0142odzi, kamper\u00f3w i przyczep. \u0141odzie motorowe","publisher":{"@id":"https:\/\/atana.pl\/#organization"},"potentialAction":[{"@type":"SearchAction","target":{"@type":"EntryPoint","urlTemplate":"https:\/\/atana.pl\/?s={search_term_string}"},"query-input":{"@type":"PropertyValueSpecification","valueRequired":true,"valueName":"search_term_string"}}],"inLanguage":"en-GB"},{"@type":"Organization","@id":"https:\/\/atana.pl\/#organization","name":"Atana","url":"https:\/\/atana.pl\/","logo":{"@type":"ImageObject","inLanguage":"en-GB","@id":"https:\/\/atana.pl\/#\/schema\/logo\/image\/","url":"","contentUrl":"","caption":"Atana"},"image":{"@id":"https:\/\/atana.pl\/#\/schema\/logo\/image\/"},"sameAs":["https:\/\/www.facebook.com\/atanayachts","https:\/\/www.instagram.com\/atanaboats\/","https:\/\/www.youtube.com\/channel\/UClMMmVqqx17in9QzgxK90Mw"]}]}},"_links":{"self":[{"href":"https:\/\/atana.pl\/en\/wp-json\/wp\/v2\/product\/5232","targetHints":{"allow":["GET"]}}],"collection":[{"href":"https:\/\/atana.pl\/en\/wp-json\/wp\/v2\/product"}],"about":[{"href":"https:\/\/atana.pl\/en\/wp-json\/wp\/v2\/types\/product"}],"wp:featuredmedia":[{"embeddable":true,"href":"https:\/\/atana.pl\/en\/wp-json\/wp\/v2\/media\/3985"}],"wp:attachment":[{"href":"https:\/\/atana.pl\/en\/wp-json\/wp\/v2\/media?parent=5232"}],"wp:term":[{"taxonomy":"product_brand","embeddable":true,"href":"https:\/\/atana.pl\/en\/wp-json\/wp\/v2\/product_brand?post=5232"},{"taxonomy":"product_cat","embeddable":true,"href":"https:\/\/atana.pl\/en\/wp-json\/wp\/v2\/product_cat?post=5232"},{"taxonomy":"product_tag","embeddable":true,"href":"https:\/\/atana.pl\/en\/wp-json\/wp\/v2\/product_tag?post=5232"}],"curies":[{"name":"wp","href":"https:\/\/api.w.org\/{rel}","templated":true}]}}