{"id":5224,"date":"2018-01-27T12:16:25","date_gmt":"2018-01-27T11:16:25","guid":{"rendered":"https:\/\/atana.pl\/sklep-on-line\/plyta-montazowa-a30-d40-gen-3\/"},"modified":"2026-03-23T20:22:09","modified_gmt":"2026-03-23T19:22:09","slug":"plyta-montazowa-a30-d40-gen-3","status":"publish","type":"product","link":"https:\/\/atana.pl\/en\/online-shop\/lifts_accessories\/plates\/plyta-montazowa-a30-d40-gen-3\/","title":{"rendered":"Mounting plate - for TRAC Gen 3 ascenders"},"content":{"rendered":"<h2 class=\"\" data-start=\"250\" data-end=\"338\"><strong data-start=\"253\" data-end=\"338\">P\u0142yta monta\u017cowa do wind kotwicznych TRAC \u2013 szybki i solidny monta\u017c windy na \u0142odzi<\/strong><\/h2>\n<p class=\"\" data-start=\"340\" data-end=\"632\"><strong data-start=\"340\" data-end=\"364\">P\u0142yta monta\u017cowa TRAC<\/strong> to praktyczne rozwi\u0105zanie, kt\u00f3re umo\u017cliwia <strong data-start=\"408\" data-end=\"453\">szybki i stabilny monta\u017c windy kotwicznej<\/strong> na pok\u0142adzie \u0142odzi, bez konieczno\u015bci wiercenia dodatkowych otwor\u00f3w w kad\u0142ubie. Idealna do wi\u0119kszo\u015bci modeli wind kotwicznych TRAC \u2013 zar\u00f3wno z funkcj\u0105 Auto Deploy, jak i bez niej.<\/p>\n<p class=\"\" data-start=\"634\" data-end=\"863\">Dzi\u0119ki odpowiednio rozmieszczonym otworom monta\u017cowym p\u0142yta pasuje do wi\u0119kszo\u015bci pok\u0142ad\u00f3w \u0142odzi rekreacyjnych, w\u0119dkarskich i ponton\u00f3w. Wykonana z odpornego materia\u0142u, zapewnia stabilne mocowanie nawet przy intensywnym u\u017cytkowaniu.<\/p>\n<hr class=\"\" data-start=\"865\" data-end=\"868\" \/>\n<h3 class=\"\" data-start=\"870\" data-end=\"901\">\u2705 <strong data-start=\"876\" data-end=\"901\">Key benefits:<\/strong><\/h3>\n<ul data-start=\"902\" data-end=\"1298\">\n<li class=\"\" data-start=\"902\" data-end=\"972\">\n<p class=\"\" data-start=\"904\" data-end=\"972\"><strong data-start=\"904\" data-end=\"944\">U\u0142atwia monta\u017c windy kotwicznej TRAC<\/strong> \u2013 bez modyfikacji kad\u0142uba<\/p>\n<\/li>\n<li class=\"\" data-start=\"973\" data-end=\"1044\">\n<p class=\"\" data-start=\"975\" data-end=\"1044\"><strong data-start=\"975\" data-end=\"1006\">Precyzyjne otwory monta\u017cowe<\/strong> \u2013 idealne dopasowanie do urz\u0105dzenia<\/p>\n<\/li>\n<li class=\"\" data-start=\"1045\" data-end=\"1105\">\n<p class=\"\" data-start=\"1047\" data-end=\"1105\"><strong data-start=\"1047\" data-end=\"1103\">Zwi\u0119ksza stabilno\u015b\u0107 i bezpiecze\u0144stwo mocowania windy<\/strong><\/p>\n<\/li>\n<li class=\"\" data-start=\"1106\" data-end=\"1176\">\n<p class=\"\" data-start=\"1108\" data-end=\"1176\"><strong data-start=\"1108\" data-end=\"1174\">Odpowiednia do \u0142odzi z p\u0142askim lub lekko zaokr\u0105glonym pok\u0142adem<\/strong><\/p>\n<\/li>\n<li class=\"\" data-start=\"1177\" data-end=\"1240\">\n<p class=\"\" data-start=\"1179\" data-end=\"1240\"><strong data-start=\"1179\" data-end=\"1238\">Odporna na korozj\u0119, warunki atmosferyczne i wod\u0119 morsk\u0105<\/strong><\/p>\n<\/li>\n<li class=\"\" data-start=\"1241\" data-end=\"1298\">\n<p class=\"\" data-start=\"1243\" data-end=\"1298\"><strong data-start=\"1243\" data-end=\"1298\">Kompatybilna z akcesoriami TRAC \u2013 np. szybkoz\u0142\u0105czem<\/strong><\/p>\n<\/li>\n<\/ul>\n<hr class=\"\" data-start=\"1300\" data-end=\"1303\" \/>\n<h3 class=\"\" data-start=\"1305\" data-end=\"1346\">\ud83c\udfaf <strong data-start=\"1312\" data-end=\"1346\">Application and compatibility:<\/strong><\/h3>\n<p class=\"\" data-start=\"1348\" data-end=\"1380\">Pasuje do wind kotwicznych TRAC:<\/p>\n<p class=\"\" data-start=\"1460\" data-end=\"1488\">\u00a0 \u2693 <a href=\"https:\/\/atana.pl\/en\/online-shop\/lifts_accessories\/lifts\/trac-fisherman-25\/\"><strong data-start=\"1462\" data-end=\"1486\">TRAC Fisherman 25 G3<\/strong><\/a><\/p>\n<p class=\"\" data-start=\"1491\" data-end=\"1515\">\u00a0 \u2693 <a href=\"https:\/\/atana.pl\/en\/online-shop\/lifts_accessories\/lifts\/trac-pontoon-35\/\"><strong data-start=\"1493\" data-end=\"1515\">TRAC Pontoon 35 G3<\/strong><\/a><\/p>\n<p class=\"\" data-start=\"1551\" data-end=\"1588\">\u00a0 \u2693 <a href=\"https:\/\/atana.pl\/en\/online-shop\/lifts_accessories\/lifts\/trac-angler-30-autodeploy\/\"><strong data-start=\"1553\" data-end=\"1586\">TRAC Angler 30 Auto Deploy G3<\/strong><\/a><\/p>\n<p data-start=\"1551\" data-end=\"1588\">\u00a0 \u2693 <a href=\"https:\/\/atana.pl\/en\/online-shop\/lifts_accessories\/lifts\/trac-deckboat-40-autodeploy\/\"><strong data-start=\"1593\" data-end=\"1628\">TRAC Deckboat 40 Auto Deploy G3<\/strong><\/a><\/p>\n<p data-start=\"1551\" data-end=\"1588\">\u00a0 \u2693 <a href=\"https:\/\/atana.pl\/en\/online-shop\/lifts_accessories\/lifts\/trac-seaside-40-autodeploy\/\"><strong data-start=\"1635\" data-end=\"1669\">TRAC Seaside 40 Auto Deploy G3<\/strong><\/a> <em data-start=\"1670\" data-end=\"1691\">(wersja s\u0142onowodna)<\/em><\/p>\n<p>Mo\u017cna \u0142\u0105czy\u0107 z dodatkowymi uchwytami:<\/p>\n<p data-start=\"2075\" data-end=\"2122\">\u00a0 \u00a0<strong>\ud83d\udce6<\/strong><strong> \u00a0<a href=\"https:\/\/atana.pl\/en\/online-shop\/lifts_accessories\/plates\/szybkozlacze\/\">Quick connector<\/a><\/strong><\/p>\n<p data-start=\"2075\" data-end=\"2122\"><strong>\u00a0 \u00a0\ud83d\udce6 \u00a0<a style=\"font-size: 16px;\" href=\"https:\/\/atana.pl\/en\/online-shop\/lifts_accessories\/plates\/uchwyt-na-burte-pawez-90\/\">90\u00b0 board\/ transom mount<\/a><\/strong><\/p>\n<p data-start=\"2075\" data-end=\"2122\"><strong>\u00a0 \u00a0\ud83d\udce6 \u00a0<a style=\"font-size: 16px;\" href=\"https:\/\/atana.pl\/en\/online-shop\/lifts_accessories\/plates\/uchwyt-na-burte-pawez-12\/\">12\u00b0 board\/ transom mount<\/a><\/strong><\/p>\n<hr class=\"\" data-start=\"1846\" data-end=\"1849\" \/>\n<h2 class=\"\" data-start=\"1851\" data-end=\"1891\">\ud83d\udea4 Kiedy warto u\u017cy\u0107 p\u0142yty monta\u017cowej?<\/h2>\n<ul data-start=\"1892\" data-end=\"2068\">\n<li class=\"\" data-start=\"1892\" data-end=\"1948\">\n<p class=\"\" data-start=\"1894\" data-end=\"1948\">Gdy nie chcesz wierci\u0107 dodatkowych otwor\u00f3w w pok\u0142adzie<\/p>\n<\/li>\n<li class=\"\" data-start=\"1949\" data-end=\"1996\">\n<p class=\"\" data-start=\"1951\" data-end=\"1996\">Gdy montujesz wind\u0119 tymczasowo (np. sezonowo)<\/p>\n<\/li>\n<li class=\"\" data-start=\"1997\" data-end=\"2068\">\n<p class=\"\" data-start=\"1999\" data-end=\"2068\">Gdy chcesz mie\u0107 mo\u017cliwo\u015b\u0107 szybkiego demonta\u017cu lub przeniesienia windy<\/p>\n<\/li>\n<\/ul>\n<p><a href=\"https:\/\/atana.pl\/en\/sposoby-montazu-elektrycznych-wind-kotwicznych-trac\/\">&#8230;Czytaj wi\u0119cej o sposobach monta\u017cu elektrycznych windy kotwicznych.<\/a><\/p>\n<hr class=\"\" data-start=\"2070\" data-end=\"2073\" \/>\n<h2 class=\"\" data-start=\"2075\" data-end=\"2122\">\ud83d\udce6 Mo\u017cliwo\u015b\u0107 po\u0142\u0105czenia z szybkoz\u0142\u0105czem TRAC<\/h2>\n<p class=\"\" data-start=\"2123\" data-end=\"2263\">P\u0142yta monta\u017cowa mo\u017ce by\u0107 u\u017cywana wraz z <strong data-start=\"2163\" data-end=\"2185\">szybkoz\u0142\u0105czem TRAC<\/strong>, co pozwala na b\u0142yskawiczny demonta\u017c windy (np. do zimowania lub transportu).<\/p>\n<hr class=\"\" data-start=\"2265\" data-end=\"2268\" \/>\n<h2 class=\"\" data-start=\"2270\" data-end=\"2289\">\ud83d\udcde Do you have any questions?<\/h2>\n<p class=\"\" data-start=\"2290\" data-end=\"2419\">Nie wiesz, czy p\u0142yta b\u0119dzie pasowa\u0107 do Twojego modelu windy kotwicznej lub typu \u0142odzi? Skontaktuj si\u0119 z nami \u2013 ch\u0119tnie doradzimy.<\/p>","protected":false},"excerpt":{"rendered":"<ul>\n<li>Mounting plate for TRAC anchor windlass<\/li>\n<li>Fits TRAC models:<\/li>\n<li>Fisherman 25<\/li>\n<li>Pontoon 35<\/li>\n<li>Angler 30 A\/D<\/li>\n<li>Deckboat 40 A\/D<\/li>\n<li>Seaside 40 A\/D<\/li>\n<\/ul>","protected":false},"featured_media":3977,"template":"","meta":{"_acf_changed":false},"product_brand":[],"product_cat":[104,107,102],"product_tag":[169,272,262,259,261,271,258,265,264,263,268,269,266,267,270,260],"class_list":{"0":"post-5224","1":"product","2":"type-product","3":"status-publish","4":"has-post-thumbnail","6":"product_cat-windy_akcesoria","7":"product_cat-plyty","8":"product_cat-trac","9":"product_tag-akcesoria-do-windy-kotwicznej","10":"product_tag-mocowanie-windy-kotwicznej","11":"product_tag-montaz-plyty-na-lodzi","12":"product_tag-montaz-windy-trac","13":"product_tag-plyta-do-wyciagarki-kotwicznej","14":"product_tag-plyta-kotwiczna-lodz","15":"product_tag-plyta-montazowa-do-windy-kotwicznej","16":"product_tag-plyta-montazowa-trac-anchor-zone","17":"product_tag-podstawa-do-windy-kotwicznej","18":"product_tag-szybki-montaz-windy-kotwicznej","19":"product_tag-trac-angler-30","20":"product_tag-trac-deckboat-40","21":"product_tag-trac-fisherman-25","22":"product_tag-trac-pontoon-35","23":"product_tag-trac-seaside-40","24":"product_tag-uchwyt-do-montazu-windy-kotwicznej","26":"first","27":"outofstock","28":"taxable","29":"shipping-taxable","30":"purchasable","31":"product-type-simple"},"acf":[],"yoast_head":"<!-- This site is optimized with the Yoast SEO plugin v25.2 - https:\/\/yoast.com\/wordpress\/plugins\/seo\/ -->\n<title>P\u0142yta monta\u017cowa - do wyci\u0105garek TRAC Gen 3 - Atana<\/title>\n<meta name=\"description\" content=\"P\u0142yta monta\u017cowa TRAC do kotwicznych wind \u2013 stabilne mocowanie bez wiercenia kad\u0142uba. Pasuje do wszystkich modeli TRAC. Idealna z szybkoz\u0142\u0105czem.\" \/>\n<meta name=\"robots\" content=\"index, follow, max-snippet:-1, max-image-preview:large, max-video-preview:-1\" \/>\n<link rel=\"canonical\" href=\"https:\/\/atana.pl\/en\/online-shop\/lifts_accessories\/plates\/plyta-montazowa-a30-d40-gen-3\/\" \/>\n<meta property=\"og:locale\" content=\"en_GB\" \/>\n<meta property=\"og:type\" content=\"article\" \/>\n<meta property=\"og:title\" content=\"P\u0142yta monta\u017cowa - do wyci\u0105garek TRAC Gen 3 - Atana\" \/>\n<meta property=\"og:description\" content=\"P\u0142yta monta\u017cowa TRAC do kotwicznych wind \u2013 stabilne mocowanie bez wiercenia kad\u0142uba. Pasuje do wszystkich modeli TRAC. Idealna z szybkoz\u0142\u0105czem.\" \/>\n<meta property=\"og:url\" content=\"https:\/\/atana.pl\/en\/online-shop\/lifts_accessories\/plates\/plyta-montazowa-a30-d40-gen-3\/\" \/>\n<meta property=\"og:site_name\" content=\"Atana\" \/>\n<meta property=\"article:publisher\" content=\"https:\/\/www.facebook.com\/atanayachts\" \/>\n<meta property=\"article:modified_time\" content=\"2026-03-23T19:22:09+00:00\" \/>\n<meta property=\"og:image\" content=\"https:\/\/atana.pl\/wp-content\/uploads\/2024\/04\/69071_3-Z.jpg\" \/>\n\t<meta property=\"og:image:width\" content=\"900\" \/>\n\t<meta property=\"og:image:height\" content=\"900\" \/>\n\t<meta property=\"og:image:type\" content=\"image\/jpeg\" \/>\n<meta name=\"twitter:card\" content=\"summary_large_image\" \/>\n<meta name=\"twitter:label1\" content=\"Estimated reading time\" \/>\n\t<meta name=\"twitter:data1\" content=\"2 minutes\" \/>\n<script type=\"application\/ld+json\" class=\"yoast-schema-graph\">{\"@context\":\"https:\/\/schema.org\",\"@graph\":[{\"@type\":\"WebPage\",\"@id\":\"https:\/\/atana.pl\/sklep-on-line\/windy_akcesoria\/plyty\/plyta-montazowa-a30-d40-gen-3\/\",\"url\":\"https:\/\/atana.pl\/sklep-on-line\/windy_akcesoria\/plyty\/plyta-montazowa-a30-d40-gen-3\/\",\"name\":\"P\u0142yta monta\u017cowa - do wyci\u0105garek TRAC Gen 3 - Atana\",\"isPartOf\":{\"@id\":\"https:\/\/atana.pl\/#website\"},\"primaryImageOfPage\":{\"@id\":\"https:\/\/atana.pl\/sklep-on-line\/windy_akcesoria\/plyty\/plyta-montazowa-a30-d40-gen-3\/#primaryimage\"},\"image\":{\"@id\":\"https:\/\/atana.pl\/sklep-on-line\/windy_akcesoria\/plyty\/plyta-montazowa-a30-d40-gen-3\/#primaryimage\"},\"thumbnailUrl\":\"https:\/\/atana.pl\/wp-content\/uploads\/2024\/04\/69071_3-Z.jpg\",\"datePublished\":\"2018-01-27T11:16:25+00:00\",\"dateModified\":\"2026-03-23T19:22:09+00:00\",\"description\":\"P\u0142yta monta\u017cowa TRAC do kotwicznych wind \u2013 stabilne mocowanie bez wiercenia kad\u0142uba. Pasuje do wszystkich modeli TRAC. Idealna z szybkoz\u0142\u0105czem.\",\"breadcrumb\":{\"@id\":\"https:\/\/atana.pl\/sklep-on-line\/windy_akcesoria\/plyty\/plyta-montazowa-a30-d40-gen-3\/#breadcrumb\"},\"inLanguage\":\"en-GB\",\"potentialAction\":[{\"@type\":\"ReadAction\",\"target\":[\"https:\/\/atana.pl\/sklep-on-line\/windy_akcesoria\/plyty\/plyta-montazowa-a30-d40-gen-3\/\"]}]},{\"@type\":\"ImageObject\",\"inLanguage\":\"en-GB\",\"@id\":\"https:\/\/atana.pl\/sklep-on-line\/windy_akcesoria\/plyty\/plyta-montazowa-a30-d40-gen-3\/#primaryimage\",\"url\":\"https:\/\/atana.pl\/wp-content\/uploads\/2024\/04\/69071_3-Z.jpg\",\"contentUrl\":\"https:\/\/atana.pl\/wp-content\/uploads\/2024\/04\/69071_3-Z.jpg\",\"width\":900,\"height\":900,\"caption\":\"P\u0142yta monta\u017cowa &#8211; do wyci\u0105garki TRAC Angler 30\/Deckboat 40\"},{\"@type\":\"BreadcrumbList\",\"@id\":\"https:\/\/atana.pl\/sklep-on-line\/windy_akcesoria\/plyty\/plyta-montazowa-a30-d40-gen-3\/#breadcrumb\",\"itemListElement\":[{\"@type\":\"ListItem\",\"position\":1,\"name\":\"Strona g\u0142\u00f3wna\",\"item\":\"https:\/\/atana.pl\/\"},{\"@type\":\"ListItem\",\"position\":2,\"name\":\"Sklep on-line\",\"item\":\"https:\/\/atana.pl\/sklep-on-line\/\"},{\"@type\":\"ListItem\",\"position\":3,\"name\":\"P\u0142yta monta\u017cowa &#8211; do wyci\u0105garek TRAC Gen 3\"}]},{\"@type\":\"WebSite\",\"@id\":\"https:\/\/atana.pl\/#website\",\"url\":\"https:\/\/atana.pl\/\",\"name\":\"Atana\",\"description\":\"Akcesoria do \u0142odzi, kamper\u00f3w i przyczep. \u0141odzie motorowe\",\"publisher\":{\"@id\":\"https:\/\/atana.pl\/#organization\"},\"potentialAction\":[{\"@type\":\"SearchAction\",\"target\":{\"@type\":\"EntryPoint\",\"urlTemplate\":\"https:\/\/atana.pl\/?s={search_term_string}\"},\"query-input\":{\"@type\":\"PropertyValueSpecification\",\"valueRequired\":true,\"valueName\":\"search_term_string\"}}],\"inLanguage\":\"en-GB\"},{\"@type\":\"Organization\",\"@id\":\"https:\/\/atana.pl\/#organization\",\"name\":\"Atana\",\"url\":\"https:\/\/atana.pl\/\",\"logo\":{\"@type\":\"ImageObject\",\"inLanguage\":\"en-GB\",\"@id\":\"https:\/\/atana.pl\/#\/schema\/logo\/image\/\",\"url\":\"\",\"contentUrl\":\"\",\"caption\":\"Atana\"},\"image\":{\"@id\":\"https:\/\/atana.pl\/#\/schema\/logo\/image\/\"},\"sameAs\":[\"https:\/\/www.facebook.com\/atanayachts\",\"https:\/\/www.instagram.com\/atanaboats\/\",\"https:\/\/www.youtube.com\/channel\/UClMMmVqqx17in9QzgxK90Mw\"]}]}<\/script>\n<!-- \/ Yoast SEO plugin. -->","yoast_head_json":{"title":"P\u0142yta monta\u017cowa - do wyci\u0105garek TRAC Gen 3 - Atana","description":"P\u0142yta monta\u017cowa TRAC do kotwicznych wind \u2013 stabilne mocowanie bez wiercenia kad\u0142uba. Pasuje do wszystkich modeli TRAC. Idealna z szybkoz\u0142\u0105czem.","robots":{"index":"index","follow":"follow","max-snippet":"max-snippet:-1","max-image-preview":"max-image-preview:large","max-video-preview":"max-video-preview:-1"},"canonical":"https:\/\/atana.pl\/en\/online-shop\/lifts_accessories\/plates\/plyta-montazowa-a30-d40-gen-3\/","og_locale":"en_GB","og_type":"article","og_title":"P\u0142yta monta\u017cowa - do wyci\u0105garek TRAC Gen 3 - Atana","og_description":"P\u0142yta monta\u017cowa TRAC do kotwicznych wind \u2013 stabilne mocowanie bez wiercenia kad\u0142uba. Pasuje do wszystkich modeli TRAC. Idealna z szybkoz\u0142\u0105czem.","og_url":"https:\/\/atana.pl\/en\/online-shop\/lifts_accessories\/plates\/plyta-montazowa-a30-d40-gen-3\/","og_site_name":"Atana","article_publisher":"https:\/\/www.facebook.com\/atanayachts","article_modified_time":"2026-03-23T19:22:09+00:00","og_image":[{"width":900,"height":900,"url":"https:\/\/atana.pl\/wp-content\/uploads\/2024\/04\/69071_3-Z.jpg","type":"image\/jpeg"}],"twitter_card":"summary_large_image","twitter_misc":{"Estimated reading time":"2 minutes"},"schema":{"@context":"https:\/\/schema.org","@graph":[{"@type":"WebPage","@id":"https:\/\/atana.pl\/sklep-on-line\/windy_akcesoria\/plyty\/plyta-montazowa-a30-d40-gen-3\/","url":"https:\/\/atana.pl\/sklep-on-line\/windy_akcesoria\/plyty\/plyta-montazowa-a30-d40-gen-3\/","name":"P\u0142yta monta\u017cowa - do wyci\u0105garek TRAC Gen 3 - Atana","isPartOf":{"@id":"https:\/\/atana.pl\/#website"},"primaryImageOfPage":{"@id":"https:\/\/atana.pl\/sklep-on-line\/windy_akcesoria\/plyty\/plyta-montazowa-a30-d40-gen-3\/#primaryimage"},"image":{"@id":"https:\/\/atana.pl\/sklep-on-line\/windy_akcesoria\/plyty\/plyta-montazowa-a30-d40-gen-3\/#primaryimage"},"thumbnailUrl":"https:\/\/atana.pl\/wp-content\/uploads\/2024\/04\/69071_3-Z.jpg","datePublished":"2018-01-27T11:16:25+00:00","dateModified":"2026-03-23T19:22:09+00:00","description":"P\u0142yta monta\u017cowa TRAC do kotwicznych wind \u2013 stabilne mocowanie bez wiercenia kad\u0142uba. Pasuje do wszystkich modeli TRAC. Idealna z szybkoz\u0142\u0105czem.","breadcrumb":{"@id":"https:\/\/atana.pl\/sklep-on-line\/windy_akcesoria\/plyty\/plyta-montazowa-a30-d40-gen-3\/#breadcrumb"},"inLanguage":"en-GB","potentialAction":[{"@type":"ReadAction","target":["https:\/\/atana.pl\/sklep-on-line\/windy_akcesoria\/plyty\/plyta-montazowa-a30-d40-gen-3\/"]}]},{"@type":"ImageObject","inLanguage":"en-GB","@id":"https:\/\/atana.pl\/sklep-on-line\/windy_akcesoria\/plyty\/plyta-montazowa-a30-d40-gen-3\/#primaryimage","url":"https:\/\/atana.pl\/wp-content\/uploads\/2024\/04\/69071_3-Z.jpg","contentUrl":"https:\/\/atana.pl\/wp-content\/uploads\/2024\/04\/69071_3-Z.jpg","width":900,"height":900,"caption":"P\u0142yta monta\u017cowa &#8211; do wyci\u0105garki TRAC Angler 30\/Deckboat 40"},{"@type":"BreadcrumbList","@id":"https:\/\/atana.pl\/sklep-on-line\/windy_akcesoria\/plyty\/plyta-montazowa-a30-d40-gen-3\/#breadcrumb","itemListElement":[{"@type":"ListItem","position":1,"name":"Strona g\u0142\u00f3wna","item":"https:\/\/atana.pl\/"},{"@type":"ListItem","position":2,"name":"Sklep on-line","item":"https:\/\/atana.pl\/sklep-on-line\/"},{"@type":"ListItem","position":3,"name":"P\u0142yta monta\u017cowa &#8211; do wyci\u0105garek TRAC Gen 3"}]},{"@type":"WebSite","@id":"https:\/\/atana.pl\/#website","url":"https:\/\/atana.pl\/","name":"Atana","description":"Akcesoria do \u0142odzi, kamper\u00f3w i przyczep. \u0141odzie motorowe","publisher":{"@id":"https:\/\/atana.pl\/#organization"},"potentialAction":[{"@type":"SearchAction","target":{"@type":"EntryPoint","urlTemplate":"https:\/\/atana.pl\/?s={search_term_string}"},"query-input":{"@type":"PropertyValueSpecification","valueRequired":true,"valueName":"search_term_string"}}],"inLanguage":"en-GB"},{"@type":"Organization","@id":"https:\/\/atana.pl\/#organization","name":"Atana","url":"https:\/\/atana.pl\/","logo":{"@type":"ImageObject","inLanguage":"en-GB","@id":"https:\/\/atana.pl\/#\/schema\/logo\/image\/","url":"","contentUrl":"","caption":"Atana"},"image":{"@id":"https:\/\/atana.pl\/#\/schema\/logo\/image\/"},"sameAs":["https:\/\/www.facebook.com\/atanayachts","https:\/\/www.instagram.com\/atanaboats\/","https:\/\/www.youtube.com\/channel\/UClMMmVqqx17in9QzgxK90Mw"]}]}},"_links":{"self":[{"href":"https:\/\/atana.pl\/en\/wp-json\/wp\/v2\/product\/5224","targetHints":{"allow":["GET"]}}],"collection":[{"href":"https:\/\/atana.pl\/en\/wp-json\/wp\/v2\/product"}],"about":[{"href":"https:\/\/atana.pl\/en\/wp-json\/wp\/v2\/types\/product"}],"wp:featuredmedia":[{"embeddable":true,"href":"https:\/\/atana.pl\/en\/wp-json\/wp\/v2\/media\/3977"}],"wp:attachment":[{"href":"https:\/\/atana.pl\/en\/wp-json\/wp\/v2\/media?parent=5224"}],"wp:term":[{"taxonomy":"product_brand","embeddable":true,"href":"https:\/\/atana.pl\/en\/wp-json\/wp\/v2\/product_brand?post=5224"},{"taxonomy":"product_cat","embeddable":true,"href":"https:\/\/atana.pl\/en\/wp-json\/wp\/v2\/product_cat?post=5224"},{"taxonomy":"product_tag","embeddable":true,"href":"https:\/\/atana.pl\/en\/wp-json\/wp\/v2\/product_tag?post=5224"}],"curies":[{"name":"wp","href":"https:\/\/api.w.org\/{rel}","templated":true}]}}