{"id":5207,"date":"2009-01-27T12:16:25","date_gmt":"2009-01-27T11:16:25","guid":{"rendered":"https:\/\/atana.pl\/sklep-on-line\/pilot-a-d-g3\/"},"modified":"2026-03-22T15:37:06","modified_gmt":"2026-03-22T14:37:06","slug":"pilot-a-d-g3","status":"publish","type":"product","link":"https:\/\/atana.pl\/en\/online-shop\/lifts_accessories\/dodatkowe-sterowanie\/pilot-a-d-g3\/","title":{"rendered":"Pilot Autodeploy - Gen. 2, Gen. 3"},"content":{"rendered":"<h2 class=\"\" data-start=\"246\" data-end=\"304\"><strong data-start=\"249\" data-end=\"304\">Pilot bezprzewodowy TRAC AutoDeploy \u2013 Gen 2 \/ Gen 3<\/strong><\/h2>\n<p class=\"\" data-start=\"306\" data-end=\"649\"><strong data-start=\"306\" data-end=\"345\">Bezprzewodowy pilot TRAC AutoDeploy<\/strong> umo\u017cliwia pe\u0142ne, zdalne sterowanie <strong data-start=\"381\" data-end=\"444\">windami kotwicznymi TRAC wyposa\u017conymi w funkcj\u0119 Auto Deploy<\/strong>, zar\u00f3wno w wersji <strong data-start=\"463\" data-end=\"484\">2. generacji (G2)<\/strong>, jak i <strong data-start=\"492\" data-end=\"513\">3. generacji (G3)<\/strong>.<\/p>\n<p class=\"\" data-start=\"306\" data-end=\"649\">Kompaktowy i odporny na warunki morskie, pilot zapewnia wygod\u0119, bezpiecze\u0144stwo i niezale\u017cno\u015b\u0107 sterowania z dowolnego miejsca na \u0142odzi.<\/p>\n<p class=\"\" data-start=\"651\" data-end=\"780\">Idealny jako pilot g\u0142\u00f3wny lub zapasowy \u2013 umo\u017cliwia prost\u0105 i szybk\u0105 obs\u0142ug\u0119 funkcji: <strong data-start=\"735\" data-end=\"779\">podnoszenia, opuszczania oraz AutoDeploy<\/strong>.<\/p>\n<hr class=\"\" data-start=\"782\" data-end=\"785\" \/>\n<h3 class=\"\" data-start=\"787\" data-end=\"818\">\u2705 <strong data-start=\"793\" data-end=\"818\">Key benefits:<\/strong><\/h3>\n<ul data-start=\"819\" data-end=\"1136\">\n<li class=\"\" data-start=\"819\" data-end=\"871\">\n<p class=\"\" data-start=\"821\" data-end=\"871\"><strong data-start=\"821\" data-end=\"869\">Bezprzewodowe sterowanie wind\u0105 z Auto Deploy<\/strong><\/p>\n<\/li>\n<li class=\"\" data-start=\"872\" data-end=\"931\">\n<p class=\"\" data-start=\"874\" data-end=\"931\"><strong data-start=\"874\" data-end=\"929\">Kompatybilno\u015b\u0107 z G2 (2010\u20132019) i G3 (2019\u2013obecnie)<\/strong><\/p>\n<\/li>\n<li class=\"\" data-start=\"932\" data-end=\"981\">\n<p class=\"\" data-start=\"934\" data-end=\"981\"><strong data-start=\"934\" data-end=\"979\">Prosty monta\u017c \u2013 ramka i \u015brubki w zestawie<\/strong><\/p>\n<\/li>\n<li class=\"\" data-start=\"982\" data-end=\"1037\">\n<p class=\"\" data-start=\"984\" data-end=\"1037\"><strong data-start=\"984\" data-end=\"1035\">\u0141atwe programowanie pilota (instrukcja poni\u017cej)<\/strong><\/p>\n<\/li>\n<li class=\"\" data-start=\"1038\" data-end=\"1090\">\n<p class=\"\" data-start=\"1040\" data-end=\"1090\"><strong data-start=\"1040\" data-end=\"1088\">Odporno\u015b\u0107 na zachlapania i warunki pok\u0142adowe<\/strong><\/p>\n<\/li>\n<li class=\"\" data-start=\"1091\" data-end=\"1136\">\n<p class=\"\" data-start=\"1093\" data-end=\"1136\"><strong data-start=\"1093\" data-end=\"1136\">Kompaktowy rozmiar i ergonomiczna forma<\/strong><\/p>\n<\/li>\n<\/ul>\n<hr class=\"\" data-start=\"1138\" data-end=\"1141\" \/>\n<h3 class=\"\" data-start=\"1143\" data-end=\"1184\">\ud83d\udd27 <strong data-start=\"1150\" data-end=\"1184\">Application and compatibility:<\/strong><\/h3>\n<p class=\"\" data-start=\"1186\" data-end=\"1257\"><strong data-start=\"1186\" data-end=\"1249\">Pasuje do wszystkich modeli wind TRAC z funkcj\u0105 Auto Deploy<\/strong>, w tym:<\/p>\n<p class=\"\" data-start=\"1259\" data-end=\"1290\"><strong data-start=\"1259\" data-end=\"1288\">Generacja 3 (od 2019 r. do: obecnie):<\/strong><\/p>\n<p class=\"\" data-start=\"1551\" data-end=\"1588\">\u00a0 \u2693 <a href=\"https:\/\/atana.pl\/en\/online-shop\/lifts_accessories\/lifts\/trac-angler-30-autodeploy\/\"><strong data-start=\"1553\" data-end=\"1586\">TRAC Angler 30 Auto Deploy G3<\/strong><\/a><\/p>\n<p data-start=\"1551\" data-end=\"1588\">\u00a0 \u2693 <a href=\"https:\/\/atana.pl\/en\/online-shop\/lifts_accessories\/lifts\/trac-deckboat-40-autodeploy\/\"><strong data-start=\"1593\" data-end=\"1628\">TRAC Deckboat 40 Auto Deploy G3<\/strong><\/a><\/p>\n<p data-start=\"1551\" data-end=\"1588\">\u00a0 \u2693 <a href=\"https:\/\/atana.pl\/en\/online-shop\/lifts_accessories\/lifts\/trac-seaside-40-autodeploy\/\"><strong data-start=\"1635\" data-end=\"1669\">TRAC Seaside 40 Auto Deploy G3<\/strong><\/a> <em data-start=\"1670\" data-end=\"1691\">(wersja s\u0142onowodna)<\/em><\/p>\n<p class=\"\" data-start=\"1381\" data-end=\"1411\"><strong data-start=\"1381\" data-end=\"1409\">Generacja 2 (2010\u20132019):<\/strong><\/p>\n<p class=\"\" data-start=\"1414\" data-end=\"1428\">\u00a0 \u2693 Angler 25 A\/D Gen. 2.<\/p>\n<p data-start=\"1414\" data-end=\"1428\">\u00a0 \u2693 Angler 30 A\/D Gen. 2.<\/p>\n<p data-start=\"1414\" data-end=\"1428\">\u00a0 \u2693 Deckboat 35 A\/D Gen. 2.<\/p>\n<p data-start=\"1414\" data-end=\"1428\">\u00a0 \u2693 Deckboat 40 A\/D Gen. 2.<\/p>\n<hr class=\"\" data-start=\"2819\" data-end=\"2822\" \/>\n<h2 class=\"\" data-start=\"2824\" data-end=\"2850\">\ud83d\udee1\ufe0f Guarantee and quality:<\/h2>\n<ul data-start=\"2851\" data-end=\"2966\">\n<li class=\"\" data-start=\"2851\" data-end=\"2886\">\n<p class=\"\" data-start=\"2853\" data-end=\"2886\"><strong data-start=\"2853\" data-end=\"2884\">2-year manufacturer's warranty<\/strong><\/p>\n<\/li>\n<li class=\"\" data-start=\"2887\" data-end=\"2917\">\n<p class=\"\" data-start=\"2889\" data-end=\"2917\">TRAC original accessory<\/p>\n<\/li>\n<li class=\"\" data-start=\"2918\" data-end=\"2966\">\n<p class=\"\" data-start=\"2920\" data-end=\"2966\">Wysoka trwa\u0142o\u015b\u0107, kompatybilno\u015b\u0107 i niezawodno\u015b\u0107<\/p>\n<\/li>\n<\/ul>\n<hr class=\"\" data-start=\"2968\" data-end=\"2971\" \/>\n<h2 class=\"\" data-start=\"2973\" data-end=\"2992\">\ud83d\udcde Do you have any questions?<\/h2>\n<p class=\"\" data-start=\"2993\" data-end=\"3114\">Potrzebujesz pomocy w programowaniu pilota lub nie wiesz, czy pasuje do Twojej windy TRAC? Napisz lub zadzwo\u0144 \u2013 pomo\u017cemy!<\/p>","protected":false},"excerpt":{"rendered":"<ul>\n<li>Dodatkowy bezprzewodowy pilot TRAC A\/D &#8211; G3<\/li>\n<li>Uchwyt monta\u017cowy<\/li>\n<li>Pasuje do wszystkich wind TRAC z funkcj\u0105 Auto Deploy<\/li>\n<\/ul>","protected":false},"featured_media":3913,"template":"","meta":{"_acf_changed":false},"product_brand":[],"product_cat":[104,106,102],"product_tag":[241,352,351,359,357,358,353,362,354,356,360,361,355],"class_list":{"0":"post-5207","1":"product","2":"type-product","3":"status-publish","4":"has-post-thumbnail","6":"product_cat-windy_akcesoria","7":"product_cat-dodatkowe-sterowanie","8":"product_cat-trac","9":"product_tag-akcesoria-do-wind-kotwicznych","10":"product_tag-auto-deploy-trac-pilot","11":"product_tag-pilot-bezprzewodowy-do-windy-trac","12":"product_tag-pilot-bezprzewodowy-trac-g2-g3","13":"product_tag-pilot-do-angler-30-a-d","14":"product_tag-pilot-do-deckboat-40-a-d","15":"product_tag-pilot-do-windy-kotwicznej-gen-2","16":"product_tag-pilot-do-windy-kotwicznej-z-funkcja-autodeploy","17":"product_tag-pilot-trac-gen-3","18":"product_tag-programowanie-pilota-trac","19":"product_tag-sterowanie-bezprzewodowe-kotwica","20":"product_tag-trac-remote-auto-deploy","21":"product_tag-zdalne-sterowanie-kotwica-trac","23":"first","24":"instock","25":"taxable","26":"shipping-taxable","27":"purchasable","28":"product-type-simple"},"acf":[],"yoast_head":"<!-- This site is optimized with the Yoast SEO plugin v25.2 - https:\/\/yoast.com\/wordpress\/plugins\/seo\/ -->\n<title>Pilot Autodeploy - Gen. 2, Gen. 3 - Atana<\/title>\n<meta name=\"description\" content=\"Bezprzewodowy pilot TRAC do wind z AutoDeploy. Kompatybilny z Gen. 2 i Gen. 3. W zestawie ramka i \u015brubki. \u0141atwe programowanie, 2 lata gwarancji.\" \/>\n<meta name=\"robots\" content=\"index, follow, max-snippet:-1, max-image-preview:large, max-video-preview:-1\" \/>\n<link rel=\"canonical\" href=\"https:\/\/atana.pl\/en\/online-shop\/lifts_accessories\/dodatkowe-sterowanie\/pilot-a-d-g3\/\" \/>\n<meta property=\"og:locale\" content=\"en_GB\" \/>\n<meta property=\"og:type\" content=\"article\" \/>\n<meta property=\"og:title\" content=\"Pilot Autodeploy - Gen. 2, Gen. 3 - Atana\" \/>\n<meta property=\"og:description\" content=\"Bezprzewodowy pilot TRAC do wind z AutoDeploy. Kompatybilny z Gen. 2 i Gen. 3. W zestawie ramka i \u015brubki. \u0141atwe programowanie, 2 lata gwarancji.\" \/>\n<meta property=\"og:url\" content=\"https:\/\/atana.pl\/en\/online-shop\/lifts_accessories\/dodatkowe-sterowanie\/pilot-a-d-g3\/\" \/>\n<meta property=\"og:site_name\" content=\"Atana\" \/>\n<meta property=\"article:publisher\" content=\"https:\/\/www.facebook.com\/atanayachts\" \/>\n<meta property=\"article:modified_time\" content=\"2026-03-22T14:37:06+00:00\" \/>\n<meta property=\"og:image\" content=\"https:\/\/atana.pl\/wp-content\/uploads\/2024\/04\/69930-Pilot-AD-G3-6.jpg\" \/>\n\t<meta property=\"og:image:width\" content=\"1280\" \/>\n\t<meta property=\"og:image:height\" content=\"1280\" \/>\n\t<meta property=\"og:image:type\" content=\"image\/jpeg\" \/>\n<meta name=\"twitter:card\" content=\"summary_large_image\" \/>\n<meta name=\"twitter:label1\" content=\"Estimated reading time\" \/>\n\t<meta name=\"twitter:data1\" content=\"1 minute\" \/>\n<script type=\"application\/ld+json\" class=\"yoast-schema-graph\">{\"@context\":\"https:\/\/schema.org\",\"@graph\":[{\"@type\":\"WebPage\",\"@id\":\"https:\/\/atana.pl\/sklep-on-line\/windy_akcesoria\/dodatkowe-sterowanie\/pilot-a-d-g3\/\",\"url\":\"https:\/\/atana.pl\/sklep-on-line\/windy_akcesoria\/dodatkowe-sterowanie\/pilot-a-d-g3\/\",\"name\":\"Pilot Autodeploy - Gen. 2, Gen. 3 - Atana\",\"isPartOf\":{\"@id\":\"https:\/\/atana.pl\/#website\"},\"primaryImageOfPage\":{\"@id\":\"https:\/\/atana.pl\/sklep-on-line\/windy_akcesoria\/dodatkowe-sterowanie\/pilot-a-d-g3\/#primaryimage\"},\"image\":{\"@id\":\"https:\/\/atana.pl\/sklep-on-line\/windy_akcesoria\/dodatkowe-sterowanie\/pilot-a-d-g3\/#primaryimage\"},\"thumbnailUrl\":\"https:\/\/atana.pl\/wp-content\/uploads\/2024\/04\/69930-Pilot-AD-G3-6.jpg\",\"datePublished\":\"2009-01-27T11:16:25+00:00\",\"dateModified\":\"2026-03-22T14:37:06+00:00\",\"description\":\"Bezprzewodowy pilot TRAC do wind z AutoDeploy. Kompatybilny z Gen. 2 i Gen. 3. W zestawie ramka i \u015brubki. \u0141atwe programowanie, 2 lata gwarancji.\",\"breadcrumb\":{\"@id\":\"https:\/\/atana.pl\/sklep-on-line\/windy_akcesoria\/dodatkowe-sterowanie\/pilot-a-d-g3\/#breadcrumb\"},\"inLanguage\":\"en-GB\",\"potentialAction\":[{\"@type\":\"ReadAction\",\"target\":[\"https:\/\/atana.pl\/sklep-on-line\/windy_akcesoria\/dodatkowe-sterowanie\/pilot-a-d-g3\/\"]}]},{\"@type\":\"ImageObject\",\"inLanguage\":\"en-GB\",\"@id\":\"https:\/\/atana.pl\/sklep-on-line\/windy_akcesoria\/dodatkowe-sterowanie\/pilot-a-d-g3\/#primaryimage\",\"url\":\"https:\/\/atana.pl\/wp-content\/uploads\/2024\/04\/69930-Pilot-AD-G3-6.jpg\",\"contentUrl\":\"https:\/\/atana.pl\/wp-content\/uploads\/2024\/04\/69930-Pilot-AD-G3-6.jpg\",\"width\":1280,\"height\":1280,\"caption\":\"Pilot A\/D G3\"},{\"@type\":\"BreadcrumbList\",\"@id\":\"https:\/\/atana.pl\/sklep-on-line\/windy_akcesoria\/dodatkowe-sterowanie\/pilot-a-d-g3\/#breadcrumb\",\"itemListElement\":[{\"@type\":\"ListItem\",\"position\":1,\"name\":\"Strona g\u0142\u00f3wna\",\"item\":\"https:\/\/atana.pl\/\"},{\"@type\":\"ListItem\",\"position\":2,\"name\":\"Sklep on-line\",\"item\":\"https:\/\/atana.pl\/sklep-on-line\/\"},{\"@type\":\"ListItem\",\"position\":3,\"name\":\"Pilot Autodeploy &#8211; Gen. 2, Gen. 3\"}]},{\"@type\":\"WebSite\",\"@id\":\"https:\/\/atana.pl\/#website\",\"url\":\"https:\/\/atana.pl\/\",\"name\":\"Atana\",\"description\":\"Akcesoria do \u0142odzi, kamper\u00f3w i przyczep. \u0141odzie motorowe\",\"publisher\":{\"@id\":\"https:\/\/atana.pl\/#organization\"},\"potentialAction\":[{\"@type\":\"SearchAction\",\"target\":{\"@type\":\"EntryPoint\",\"urlTemplate\":\"https:\/\/atana.pl\/?s={search_term_string}\"},\"query-input\":{\"@type\":\"PropertyValueSpecification\",\"valueRequired\":true,\"valueName\":\"search_term_string\"}}],\"inLanguage\":\"en-GB\"},{\"@type\":\"Organization\",\"@id\":\"https:\/\/atana.pl\/#organization\",\"name\":\"Atana\",\"url\":\"https:\/\/atana.pl\/\",\"logo\":{\"@type\":\"ImageObject\",\"inLanguage\":\"en-GB\",\"@id\":\"https:\/\/atana.pl\/#\/schema\/logo\/image\/\",\"url\":\"\",\"contentUrl\":\"\",\"caption\":\"Atana\"},\"image\":{\"@id\":\"https:\/\/atana.pl\/#\/schema\/logo\/image\/\"},\"sameAs\":[\"https:\/\/www.facebook.com\/atanayachts\",\"https:\/\/www.instagram.com\/atanaboats\/\",\"https:\/\/www.youtube.com\/channel\/UClMMmVqqx17in9QzgxK90Mw\"]}]}<\/script>\n<!-- \/ Yoast SEO plugin. -->","yoast_head_json":{"title":"Pilot Autodeploy - Gen. 2, Gen. 3 - Atana","description":"Bezprzewodowy pilot TRAC do wind z AutoDeploy. Kompatybilny z Gen. 2 i Gen. 3. W zestawie ramka i \u015brubki. \u0141atwe programowanie, 2 lata gwarancji.","robots":{"index":"index","follow":"follow","max-snippet":"max-snippet:-1","max-image-preview":"max-image-preview:large","max-video-preview":"max-video-preview:-1"},"canonical":"https:\/\/atana.pl\/en\/online-shop\/lifts_accessories\/dodatkowe-sterowanie\/pilot-a-d-g3\/","og_locale":"en_GB","og_type":"article","og_title":"Pilot Autodeploy - Gen. 2, Gen. 3 - Atana","og_description":"Bezprzewodowy pilot TRAC do wind z AutoDeploy. Kompatybilny z Gen. 2 i Gen. 3. W zestawie ramka i \u015brubki. \u0141atwe programowanie, 2 lata gwarancji.","og_url":"https:\/\/atana.pl\/en\/online-shop\/lifts_accessories\/dodatkowe-sterowanie\/pilot-a-d-g3\/","og_site_name":"Atana","article_publisher":"https:\/\/www.facebook.com\/atanayachts","article_modified_time":"2026-03-22T14:37:06+00:00","og_image":[{"width":1280,"height":1280,"url":"https:\/\/atana.pl\/wp-content\/uploads\/2024\/04\/69930-Pilot-AD-G3-6.jpg","type":"image\/jpeg"}],"twitter_card":"summary_large_image","twitter_misc":{"Estimated reading time":"1 minute"},"schema":{"@context":"https:\/\/schema.org","@graph":[{"@type":"WebPage","@id":"https:\/\/atana.pl\/sklep-on-line\/windy_akcesoria\/dodatkowe-sterowanie\/pilot-a-d-g3\/","url":"https:\/\/atana.pl\/sklep-on-line\/windy_akcesoria\/dodatkowe-sterowanie\/pilot-a-d-g3\/","name":"Pilot Autodeploy - Gen. 2, Gen. 3 - Atana","isPartOf":{"@id":"https:\/\/atana.pl\/#website"},"primaryImageOfPage":{"@id":"https:\/\/atana.pl\/sklep-on-line\/windy_akcesoria\/dodatkowe-sterowanie\/pilot-a-d-g3\/#primaryimage"},"image":{"@id":"https:\/\/atana.pl\/sklep-on-line\/windy_akcesoria\/dodatkowe-sterowanie\/pilot-a-d-g3\/#primaryimage"},"thumbnailUrl":"https:\/\/atana.pl\/wp-content\/uploads\/2024\/04\/69930-Pilot-AD-G3-6.jpg","datePublished":"2009-01-27T11:16:25+00:00","dateModified":"2026-03-22T14:37:06+00:00","description":"Bezprzewodowy pilot TRAC do wind z AutoDeploy. Kompatybilny z Gen. 2 i Gen. 3. W zestawie ramka i \u015brubki. \u0141atwe programowanie, 2 lata gwarancji.","breadcrumb":{"@id":"https:\/\/atana.pl\/sklep-on-line\/windy_akcesoria\/dodatkowe-sterowanie\/pilot-a-d-g3\/#breadcrumb"},"inLanguage":"en-GB","potentialAction":[{"@type":"ReadAction","target":["https:\/\/atana.pl\/sklep-on-line\/windy_akcesoria\/dodatkowe-sterowanie\/pilot-a-d-g3\/"]}]},{"@type":"ImageObject","inLanguage":"en-GB","@id":"https:\/\/atana.pl\/sklep-on-line\/windy_akcesoria\/dodatkowe-sterowanie\/pilot-a-d-g3\/#primaryimage","url":"https:\/\/atana.pl\/wp-content\/uploads\/2024\/04\/69930-Pilot-AD-G3-6.jpg","contentUrl":"https:\/\/atana.pl\/wp-content\/uploads\/2024\/04\/69930-Pilot-AD-G3-6.jpg","width":1280,"height":1280,"caption":"Pilot A\/D G3"},{"@type":"BreadcrumbList","@id":"https:\/\/atana.pl\/sklep-on-line\/windy_akcesoria\/dodatkowe-sterowanie\/pilot-a-d-g3\/#breadcrumb","itemListElement":[{"@type":"ListItem","position":1,"name":"Strona g\u0142\u00f3wna","item":"https:\/\/atana.pl\/"},{"@type":"ListItem","position":2,"name":"Sklep on-line","item":"https:\/\/atana.pl\/sklep-on-line\/"},{"@type":"ListItem","position":3,"name":"Pilot Autodeploy &#8211; Gen. 2, Gen. 3"}]},{"@type":"WebSite","@id":"https:\/\/atana.pl\/#website","url":"https:\/\/atana.pl\/","name":"Atana","description":"Akcesoria do \u0142odzi, kamper\u00f3w i przyczep. \u0141odzie motorowe","publisher":{"@id":"https:\/\/atana.pl\/#organization"},"potentialAction":[{"@type":"SearchAction","target":{"@type":"EntryPoint","urlTemplate":"https:\/\/atana.pl\/?s={search_term_string}"},"query-input":{"@type":"PropertyValueSpecification","valueRequired":true,"valueName":"search_term_string"}}],"inLanguage":"en-GB"},{"@type":"Organization","@id":"https:\/\/atana.pl\/#organization","name":"Atana","url":"https:\/\/atana.pl\/","logo":{"@type":"ImageObject","inLanguage":"en-GB","@id":"https:\/\/atana.pl\/#\/schema\/logo\/image\/","url":"","contentUrl":"","caption":"Atana"},"image":{"@id":"https:\/\/atana.pl\/#\/schema\/logo\/image\/"},"sameAs":["https:\/\/www.facebook.com\/atanayachts","https:\/\/www.instagram.com\/atanaboats\/","https:\/\/www.youtube.com\/channel\/UClMMmVqqx17in9QzgxK90Mw"]}]}},"_links":{"self":[{"href":"https:\/\/atana.pl\/en\/wp-json\/wp\/v2\/product\/5207","targetHints":{"allow":["GET"]}}],"collection":[{"href":"https:\/\/atana.pl\/en\/wp-json\/wp\/v2\/product"}],"about":[{"href":"https:\/\/atana.pl\/en\/wp-json\/wp\/v2\/types\/product"}],"wp:featuredmedia":[{"embeddable":true,"href":"https:\/\/atana.pl\/en\/wp-json\/wp\/v2\/media\/3913"}],"wp:attachment":[{"href":"https:\/\/atana.pl\/en\/wp-json\/wp\/v2\/media?parent=5207"}],"wp:term":[{"taxonomy":"product_brand","embeddable":true,"href":"https:\/\/atana.pl\/en\/wp-json\/wp\/v2\/product_brand?post=5207"},{"taxonomy":"product_cat","embeddable":true,"href":"https:\/\/atana.pl\/en\/wp-json\/wp\/v2\/product_cat?post=5207"},{"taxonomy":"product_tag","embeddable":true,"href":"https:\/\/atana.pl\/en\/wp-json\/wp\/v2\/product_tag?post=5207"}],"curies":[{"name":"wp","href":"https:\/\/api.w.org\/{rel}","templated":true}]}}