{"id":5195,"date":"2010-01-27T13:54:49","date_gmt":"2010-01-27T12:54:49","guid":{"rendered":"https:\/\/atana.pl\/sklep-on-line\/dodatkowy-pilot\/"},"modified":"2026-03-09T11:20:15","modified_gmt":"2026-03-09T10:20:15","slug":"dodatkowy-pilot","status":"publish","type":"product","link":"https:\/\/atana.pl\/en\/online-shop\/lifts_accessories\/dodatkowe-sterowanie\/dodatkowy-pilot\/","title":{"rendered":"Wireless remote control G3 - Set"},"content":{"rendered":"<h2 class=\"\" data-start=\"262\" data-end=\"375\"><strong data-start=\"265\" data-end=\"375\">Pilot bezprzewodowy G3 do windy kotwicznej TRAC \u2013 wygodne zdalne sterowanie z ka\u017cdego miejsca na pok\u0142adzie<\/strong><\/h2>\n<p class=\"\" data-start=\"377\" data-end=\"682\"><strong data-start=\"377\" data-end=\"403\">Pilot bezprzewodowy G3<\/strong> to praktyczny zestaw umo\u017cliwiaj\u0105cy <strong data-start=\"439\" data-end=\"493\">zdalne sterowanie elektryczn\u0105 wind\u0105 kotwiczn\u0105 TRAC<\/strong> z dowolnego miejsca na \u0142odzi. Dzi\u0119ki radiowemu po\u0142\u0105czeniu z modu\u0142em steruj\u0105cym, mo\u017cesz bezpiecznie i komfortowo opuszcza\u0107 lub podnosi\u0107 kotwic\u0119 bez potrzeby podchodzenia do panelu g\u0142\u00f3wnego.<\/p>\n<p class=\"\" data-start=\"684\" data-end=\"795\">Idealny dla u\u017cytkownik\u00f3w, kt\u00f3rzy ceni\u0105 sobie pe\u0142n\u0105 kontrol\u0119, mobilno\u015b\u0107 i wygod\u0119 podczas manewrowania na wodzie.<\/p>\n<hr class=\"\" data-start=\"797\" data-end=\"800\" \/>\n<h3 class=\"\" data-start=\"802\" data-end=\"833\">\u2705 <strong data-start=\"808\" data-end=\"833\">Key benefits:<\/strong><\/h3>\n<ul data-start=\"834\" data-end=\"1180\">\n<li class=\"\" data-start=\"834\" data-end=\"887\">\n<p class=\"\" data-start=\"836\" data-end=\"887\"><strong data-start=\"836\" data-end=\"885\">Bezprzewodowe sterowanie wind\u0105 kotwiczn\u0105 TRAC<\/strong><\/p>\n<\/li>\n<li class=\"\" data-start=\"888\" data-end=\"940\">\n<p class=\"\" data-start=\"890\" data-end=\"940\"><strong data-start=\"890\" data-end=\"938\">Zasi\u0119g dzia\u0142ania nawet z wi\u0119kszej odleg\u0142o\u015bci<\/strong><\/p>\n<\/li>\n<li class=\"\" data-start=\"941\" data-end=\"980\">\n<p class=\"\" data-start=\"943\" data-end=\"980\"><strong data-start=\"943\" data-end=\"978\">Prosta instalacja \u2013 plug &amp; play<\/strong><\/p>\n<\/li>\n<li class=\"\" data-start=\"981\" data-end=\"1030\">\n<p class=\"\" data-start=\"983\" data-end=\"1030\"><strong data-start=\"983\" data-end=\"1028\">Wygodny, por\u0119czny pilot z ramk\u0105 monta\u017cow\u0105<\/strong><\/p>\n<\/li>\n<li class=\"\" data-start=\"1031\" data-end=\"1096\">\n<p class=\"\" data-start=\"1033\" data-end=\"1096\"><strong data-start=\"1033\" data-end=\"1094\">Odporny na zachlapanie i u\u017cytkowanie w warunkach morskich<\/strong><\/p>\n<\/li>\n<li class=\"\" data-start=\"1097\" data-end=\"1180\">\n<p class=\"\" data-start=\"1099\" data-end=\"1180\"><strong data-start=\"1099\" data-end=\"1180\">Mo\u017cliwo\u015b\u0107 r\u00f3wnoczesnego u\u017cywania przycisk\u00f3w na obudowie i paneli przewodowych<\/strong><\/p>\n<\/li>\n<\/ul>\n<hr class=\"\" data-start=\"1182\" data-end=\"1185\" \/>\n<h3 class=\"\" data-start=\"1187\" data-end=\"1228\">\ud83d\udd27 <strong data-start=\"1194\" data-end=\"1228\">Application and compatibility:<\/strong><\/h3>\n<p class=\"\" data-start=\"1229\" data-end=\"1295\">Zestaw kompatybilny z windami kotwicznymi TRAC:<\/p>\n<p class=\"\" data-start=\"1460\" data-end=\"1488\">\u00a0 \u2693 <a href=\"https:\/\/atana.pl\/en\/online-shop\/lifts_accessories\/lifts\/trac-fisherman-25\/\"><strong data-start=\"1462\" data-end=\"1486\">TRAC Fisherman 25 G3<\/strong><\/a><\/p>\n<p class=\"\" data-start=\"1491\" data-end=\"1515\">\u00a0 \u2693 <a href=\"https:\/\/atana.pl\/en\/online-shop\/lifts_accessories\/lifts\/trac-pontoon-35\/\"><strong data-start=\"1493\" data-end=\"1515\">TRAC Pontoon 35 G3<\/strong><\/a><\/p>\n<p class=\"\" data-start=\"1445\" data-end=\"1529\"><em data-start=\"1445\" data-end=\"1529\">W razie w\u0105tpliwo\u015bci skontaktuj si\u0119 z nami, by dobra\u0107 zestaw do konkretnego modelu.<\/em><\/p>\n<hr class=\"\" data-start=\"1931\" data-end=\"1934\" \/>\n<h2 class=\"\" data-start=\"1936\" data-end=\"1962\">\ud83d\udee1\ufe0f Guarantee and quality:<\/h2>\n<ul data-start=\"1963\" data-end=\"2071\">\n<li class=\"\" data-start=\"1963\" data-end=\"1998\">\n<p class=\"\" data-start=\"1965\" data-end=\"1998\"><strong data-start=\"1965\" data-end=\"1996\">2-year manufacturer's warranty<\/strong><\/p>\n<\/li>\n<li class=\"\" data-start=\"1999\" data-end=\"2038\">\n<p class=\"\" data-start=\"2001\" data-end=\"2038\">TRAC original accessory<\/p>\n<\/li>\n<li class=\"\" data-start=\"2039\" data-end=\"2071\">\n<p class=\"\" data-start=\"2041\" data-end=\"2071\">Wysoka niezawodno\u015b\u0107 i trwa\u0142o\u015b\u0107<\/p>\n<\/li>\n<\/ul>\n<hr class=\"\" data-start=\"2073\" data-end=\"2076\" \/>\n<h2 class=\"\" data-start=\"2078\" data-end=\"2097\">\ud83d\udcde Do you have any questions?<\/h2>\n<p class=\"\" data-start=\"2098\" data-end=\"2224\">Nie jeste\u015b pewien, czy pilot pasuje do Twojej windy TRAC? Skontaktuj si\u0119 z nami \u2013 pomo\u017cemy dobra\u0107 odpowiedni zestaw steruj\u0105cy.<\/p>","protected":false},"excerpt":{"rendered":"<ul>\n<li>Dodatkowy bezprzewodowy pilot TRAC &#8211; G3.<\/li>\n<li>Do wind nie wyposa\u017conych fabrycznie w pilota.<\/li>\n<li>Zestaw: Pilot &amp; modu\u0142 steruj\u0105cy z odbiornikiem.<\/li>\n<li>Uchwyt monta\u017cowy.<\/li>\n<\/ul>","protected":false},"featured_media":3956,"template":"","meta":{"_acf_changed":false},"product_brand":[],"product_cat":[104,106,102],"product_tag":[169,340,347,337,348,344,339,341,345,346,343,350,338,349,342],"class_list":{"0":"post-5195","1":"product","2":"type-product","3":"status-publish","4":"has-post-thumbnail","6":"product_cat-windy_akcesoria","7":"product_cat-dodatkowe-sterowanie","8":"product_cat-trac","9":"product_tag-akcesoria-do-windy-kotwicznej","10":"product_tag-bezprzewodowy-pilot-do-wyciagarki-kotwicznej","11":"product_tag-elektryczna-kotwica-pilot","12":"product_tag-pilot-bezprzewodowy-do-windy-kotwicznej","13":"product_tag-pilot-do-windy-kotwicznej-lodz","14":"product_tag-pilot-do-windy-z-ramka","15":"product_tag-pilot-g3-trac","16":"product_tag-sterowanie-pilotem-kotwica","17":"product_tag-trac-angler-30-pilot","18":"product_tag-trac-deckboat-40-sterowanie","19":"product_tag-trac-wireless-remote","20":"product_tag-zdalne-opuszczanie-kotwicy","21":"product_tag-zdalne-sterowanie-winda-trac","22":"product_tag-zdalny-pilot-do-kotwicy","23":"product_tag-zestaw-pilot-i-modul-trac","25":"first","26":"outofstock","27":"taxable","28":"shipping-taxable","29":"purchasable","30":"product-type-simple"},"acf":[],"yoast_head":"<!-- This site is optimized with the Yoast SEO plugin v25.2 - https:\/\/yoast.com\/wordpress\/plugins\/seo\/ -->\n<title>Pilot Bezprzewodowy G3 - Zestaw - Atana<\/title>\n<meta name=\"description\" content=\"Pilot G3 do windy kotwicznej TRAC. Zdalne sterowanie, prosty monta\u017c, modu\u0142 radiowy w zestawie. Kompatybilny z modelami generacji 3.\" \/>\n<meta name=\"robots\" content=\"index, follow, max-snippet:-1, max-image-preview:large, max-video-preview:-1\" \/>\n<link rel=\"canonical\" href=\"https:\/\/atana.pl\/en\/online-shop\/lifts_accessories\/dodatkowe-sterowanie\/dodatkowy-pilot\/\" \/>\n<meta property=\"og:locale\" content=\"en_GB\" \/>\n<meta property=\"og:type\" content=\"article\" \/>\n<meta property=\"og:title\" content=\"Pilot Bezprzewodowy G3 - Zestaw - Atana\" \/>\n<meta property=\"og:description\" content=\"Pilot G3 do windy kotwicznej TRAC. Zdalne sterowanie, prosty monta\u017c, modu\u0142 radiowy w zestawie. Kompatybilny z modelami generacji 3.\" \/>\n<meta property=\"og:url\" content=\"https:\/\/atana.pl\/en\/online-shop\/lifts_accessories\/dodatkowe-sterowanie\/dodatkowy-pilot\/\" \/>\n<meta property=\"og:site_name\" content=\"Atana\" \/>\n<meta property=\"article:publisher\" content=\"https:\/\/www.facebook.com\/atanayachts\" \/>\n<meta property=\"article:modified_time\" content=\"2026-03-09T10:20:15+00:00\" \/>\n<meta property=\"og:image\" content=\"https:\/\/atana.pl\/wp-content\/uploads\/2024\/04\/69044-Zestaw-pilota-G3-1.jpg\" \/>\n\t<meta property=\"og:image:width\" content=\"900\" \/>\n\t<meta property=\"og:image:height\" content=\"900\" \/>\n\t<meta property=\"og:image:type\" content=\"image\/jpeg\" \/>\n<meta name=\"twitter:card\" content=\"summary_large_image\" \/>\n<meta name=\"twitter:label1\" content=\"Estimated reading time\" \/>\n\t<meta name=\"twitter:data1\" content=\"1 minute\" \/>\n<script type=\"application\/ld+json\" class=\"yoast-schema-graph\">{\"@context\":\"https:\/\/schema.org\",\"@graph\":[{\"@type\":\"WebPage\",\"@id\":\"https:\/\/atana.pl\/sklep-on-line\/windy_akcesoria\/dodatkowe-sterowanie\/dodatkowy-pilot\/\",\"url\":\"https:\/\/atana.pl\/sklep-on-line\/windy_akcesoria\/dodatkowe-sterowanie\/dodatkowy-pilot\/\",\"name\":\"Pilot Bezprzewodowy G3 - Zestaw - Atana\",\"isPartOf\":{\"@id\":\"https:\/\/atana.pl\/#website\"},\"primaryImageOfPage\":{\"@id\":\"https:\/\/atana.pl\/sklep-on-line\/windy_akcesoria\/dodatkowe-sterowanie\/dodatkowy-pilot\/#primaryimage\"},\"image\":{\"@id\":\"https:\/\/atana.pl\/sklep-on-line\/windy_akcesoria\/dodatkowe-sterowanie\/dodatkowy-pilot\/#primaryimage\"},\"thumbnailUrl\":\"https:\/\/atana.pl\/wp-content\/uploads\/2024\/04\/69044-Zestaw-pilota-G3-1.jpg\",\"datePublished\":\"2010-01-27T12:54:49+00:00\",\"dateModified\":\"2026-03-09T10:20:15+00:00\",\"description\":\"Pilot G3 do windy kotwicznej TRAC. Zdalne sterowanie, prosty monta\u017c, modu\u0142 radiowy w zestawie. Kompatybilny z modelami generacji 3.\",\"breadcrumb\":{\"@id\":\"https:\/\/atana.pl\/sklep-on-line\/windy_akcesoria\/dodatkowe-sterowanie\/dodatkowy-pilot\/#breadcrumb\"},\"inLanguage\":\"en-GB\",\"potentialAction\":[{\"@type\":\"ReadAction\",\"target\":[\"https:\/\/atana.pl\/sklep-on-line\/windy_akcesoria\/dodatkowe-sterowanie\/dodatkowy-pilot\/\"]}]},{\"@type\":\"ImageObject\",\"inLanguage\":\"en-GB\",\"@id\":\"https:\/\/atana.pl\/sklep-on-line\/windy_akcesoria\/dodatkowe-sterowanie\/dodatkowy-pilot\/#primaryimage\",\"url\":\"https:\/\/atana.pl\/wp-content\/uploads\/2024\/04\/69044-Zestaw-pilota-G3-1.jpg\",\"contentUrl\":\"https:\/\/atana.pl\/wp-content\/uploads\/2024\/04\/69044-Zestaw-pilota-G3-1.jpg\",\"width\":900,\"height\":900,\"caption\":\"Pilot Bezprzewodowy G3 &#8211; Zestaw\"},{\"@type\":\"BreadcrumbList\",\"@id\":\"https:\/\/atana.pl\/sklep-on-line\/windy_akcesoria\/dodatkowe-sterowanie\/dodatkowy-pilot\/#breadcrumb\",\"itemListElement\":[{\"@type\":\"ListItem\",\"position\":1,\"name\":\"Strona g\u0142\u00f3wna\",\"item\":\"https:\/\/atana.pl\/\"},{\"@type\":\"ListItem\",\"position\":2,\"name\":\"Sklep on-line\",\"item\":\"https:\/\/atana.pl\/sklep-on-line\/\"},{\"@type\":\"ListItem\",\"position\":3,\"name\":\"Pilot Bezprzewodowy G3 &#8211; Zestaw\"}]},{\"@type\":\"WebSite\",\"@id\":\"https:\/\/atana.pl\/#website\",\"url\":\"https:\/\/atana.pl\/\",\"name\":\"Atana\",\"description\":\"Akcesoria do \u0142odzi, kamper\u00f3w i przyczep. \u0141odzie motorowe\",\"publisher\":{\"@id\":\"https:\/\/atana.pl\/#organization\"},\"potentialAction\":[{\"@type\":\"SearchAction\",\"target\":{\"@type\":\"EntryPoint\",\"urlTemplate\":\"https:\/\/atana.pl\/?s={search_term_string}\"},\"query-input\":{\"@type\":\"PropertyValueSpecification\",\"valueRequired\":true,\"valueName\":\"search_term_string\"}}],\"inLanguage\":\"en-GB\"},{\"@type\":\"Organization\",\"@id\":\"https:\/\/atana.pl\/#organization\",\"name\":\"Atana\",\"url\":\"https:\/\/atana.pl\/\",\"logo\":{\"@type\":\"ImageObject\",\"inLanguage\":\"en-GB\",\"@id\":\"https:\/\/atana.pl\/#\/schema\/logo\/image\/\",\"url\":\"\",\"contentUrl\":\"\",\"caption\":\"Atana\"},\"image\":{\"@id\":\"https:\/\/atana.pl\/#\/schema\/logo\/image\/\"},\"sameAs\":[\"https:\/\/www.facebook.com\/atanayachts\",\"https:\/\/www.instagram.com\/atanaboats\/\",\"https:\/\/www.youtube.com\/channel\/UClMMmVqqx17in9QzgxK90Mw\"]}]}<\/script>\n<!-- \/ Yoast SEO plugin. -->","yoast_head_json":{"title":"Pilot Bezprzewodowy G3 - Zestaw - Atana","description":"Pilot G3 do windy kotwicznej TRAC. Zdalne sterowanie, prosty monta\u017c, modu\u0142 radiowy w zestawie. Kompatybilny z modelami generacji 3.","robots":{"index":"index","follow":"follow","max-snippet":"max-snippet:-1","max-image-preview":"max-image-preview:large","max-video-preview":"max-video-preview:-1"},"canonical":"https:\/\/atana.pl\/en\/online-shop\/lifts_accessories\/dodatkowe-sterowanie\/dodatkowy-pilot\/","og_locale":"en_GB","og_type":"article","og_title":"Pilot Bezprzewodowy G3 - Zestaw - Atana","og_description":"Pilot G3 do windy kotwicznej TRAC. Zdalne sterowanie, prosty monta\u017c, modu\u0142 radiowy w zestawie. Kompatybilny z modelami generacji 3.","og_url":"https:\/\/atana.pl\/en\/online-shop\/lifts_accessories\/dodatkowe-sterowanie\/dodatkowy-pilot\/","og_site_name":"Atana","article_publisher":"https:\/\/www.facebook.com\/atanayachts","article_modified_time":"2026-03-09T10:20:15+00:00","og_image":[{"width":900,"height":900,"url":"https:\/\/atana.pl\/wp-content\/uploads\/2024\/04\/69044-Zestaw-pilota-G3-1.jpg","type":"image\/jpeg"}],"twitter_card":"summary_large_image","twitter_misc":{"Estimated reading time":"1 minute"},"schema":{"@context":"https:\/\/schema.org","@graph":[{"@type":"WebPage","@id":"https:\/\/atana.pl\/sklep-on-line\/windy_akcesoria\/dodatkowe-sterowanie\/dodatkowy-pilot\/","url":"https:\/\/atana.pl\/sklep-on-line\/windy_akcesoria\/dodatkowe-sterowanie\/dodatkowy-pilot\/","name":"Pilot Bezprzewodowy G3 - Zestaw - Atana","isPartOf":{"@id":"https:\/\/atana.pl\/#website"},"primaryImageOfPage":{"@id":"https:\/\/atana.pl\/sklep-on-line\/windy_akcesoria\/dodatkowe-sterowanie\/dodatkowy-pilot\/#primaryimage"},"image":{"@id":"https:\/\/atana.pl\/sklep-on-line\/windy_akcesoria\/dodatkowe-sterowanie\/dodatkowy-pilot\/#primaryimage"},"thumbnailUrl":"https:\/\/atana.pl\/wp-content\/uploads\/2024\/04\/69044-Zestaw-pilota-G3-1.jpg","datePublished":"2010-01-27T12:54:49+00:00","dateModified":"2026-03-09T10:20:15+00:00","description":"Pilot G3 do windy kotwicznej TRAC. Zdalne sterowanie, prosty monta\u017c, modu\u0142 radiowy w zestawie. Kompatybilny z modelami generacji 3.","breadcrumb":{"@id":"https:\/\/atana.pl\/sklep-on-line\/windy_akcesoria\/dodatkowe-sterowanie\/dodatkowy-pilot\/#breadcrumb"},"inLanguage":"en-GB","potentialAction":[{"@type":"ReadAction","target":["https:\/\/atana.pl\/sklep-on-line\/windy_akcesoria\/dodatkowe-sterowanie\/dodatkowy-pilot\/"]}]},{"@type":"ImageObject","inLanguage":"en-GB","@id":"https:\/\/atana.pl\/sklep-on-line\/windy_akcesoria\/dodatkowe-sterowanie\/dodatkowy-pilot\/#primaryimage","url":"https:\/\/atana.pl\/wp-content\/uploads\/2024\/04\/69044-Zestaw-pilota-G3-1.jpg","contentUrl":"https:\/\/atana.pl\/wp-content\/uploads\/2024\/04\/69044-Zestaw-pilota-G3-1.jpg","width":900,"height":900,"caption":"Pilot Bezprzewodowy G3 &#8211; Zestaw"},{"@type":"BreadcrumbList","@id":"https:\/\/atana.pl\/sklep-on-line\/windy_akcesoria\/dodatkowe-sterowanie\/dodatkowy-pilot\/#breadcrumb","itemListElement":[{"@type":"ListItem","position":1,"name":"Strona g\u0142\u00f3wna","item":"https:\/\/atana.pl\/"},{"@type":"ListItem","position":2,"name":"Sklep on-line","item":"https:\/\/atana.pl\/sklep-on-line\/"},{"@type":"ListItem","position":3,"name":"Pilot Bezprzewodowy G3 &#8211; Zestaw"}]},{"@type":"WebSite","@id":"https:\/\/atana.pl\/#website","url":"https:\/\/atana.pl\/","name":"Atana","description":"Akcesoria do \u0142odzi, kamper\u00f3w i przyczep. \u0141odzie motorowe","publisher":{"@id":"https:\/\/atana.pl\/#organization"},"potentialAction":[{"@type":"SearchAction","target":{"@type":"EntryPoint","urlTemplate":"https:\/\/atana.pl\/?s={search_term_string}"},"query-input":{"@type":"PropertyValueSpecification","valueRequired":true,"valueName":"search_term_string"}}],"inLanguage":"en-GB"},{"@type":"Organization","@id":"https:\/\/atana.pl\/#organization","name":"Atana","url":"https:\/\/atana.pl\/","logo":{"@type":"ImageObject","inLanguage":"en-GB","@id":"https:\/\/atana.pl\/#\/schema\/logo\/image\/","url":"","contentUrl":"","caption":"Atana"},"image":{"@id":"https:\/\/atana.pl\/#\/schema\/logo\/image\/"},"sameAs":["https:\/\/www.facebook.com\/atanayachts","https:\/\/www.instagram.com\/atanaboats\/","https:\/\/www.youtube.com\/channel\/UClMMmVqqx17in9QzgxK90Mw"]}]}},"_links":{"self":[{"href":"https:\/\/atana.pl\/en\/wp-json\/wp\/v2\/product\/5195","targetHints":{"allow":["GET"]}}],"collection":[{"href":"https:\/\/atana.pl\/en\/wp-json\/wp\/v2\/product"}],"about":[{"href":"https:\/\/atana.pl\/en\/wp-json\/wp\/v2\/types\/product"}],"wp:featuredmedia":[{"embeddable":true,"href":"https:\/\/atana.pl\/en\/wp-json\/wp\/v2\/media\/3956"}],"wp:attachment":[{"href":"https:\/\/atana.pl\/en\/wp-json\/wp\/v2\/media?parent=5195"}],"wp:term":[{"taxonomy":"product_brand","embeddable":true,"href":"https:\/\/atana.pl\/en\/wp-json\/wp\/v2\/product_brand?post=5195"},{"taxonomy":"product_cat","embeddable":true,"href":"https:\/\/atana.pl\/en\/wp-json\/wp\/v2\/product_cat?post=5195"},{"taxonomy":"product_tag","embeddable":true,"href":"https:\/\/atana.pl\/en\/wp-json\/wp\/v2\/product_tag?post=5195"}],"curies":[{"name":"wp","href":"https:\/\/api.w.org\/{rel}","templated":true}]}}