{"id":5184,"date":"2019-01-27T12:16:24","date_gmt":"2019-01-27T11:16:24","guid":{"rendered":"https:\/\/atana.pl\/sklep-on-line\/dodatkowy-panel-sterowania-a-d-g3\/"},"modified":"2026-03-09T11:14:42","modified_gmt":"2026-03-09T10:14:42","slug":"dodatkowy-panel-sterowania-a-d-g3","status":"publish","type":"product","link":"https:\/\/atana.pl\/en\/online-shop\/lifts_accessories\/dodatkowe-sterowanie\/dodatkowy-panel-sterowania-a-d-g3\/","title":{"rendered":"Additional A\/D control panel G3"},"content":{"rendered":"<h2 class=\"\" data-start=\"245\" data-end=\"332\"><strong data-start=\"248\" data-end=\"332\">Dodatkowy panel sterowania A\/D G3 \u2013 do wind kotwicznych TRAC Auto Deploy (Gen 3)<\/strong><\/h2>\n<p class=\"\" data-start=\"334\" data-end=\"699\"><strong data-start=\"334\" data-end=\"371\">Additional A\/D control panel G3<\/strong> to praktyczne i trwa\u0142e rozwi\u0105zanie umo\u017cliwiaj\u0105ce sterowanie elektryczn\u0105 wind\u0105 kotwiczn\u0105 z dowolnego miejsca na pok\u0142adzie. Zaprojektowany z my\u015bl\u0105 o u\u017cytkownikach 3. generacji wind TRAC z funkcj\u0105 <strong data-start=\"566\" data-end=\"581\">Auto Deploy<\/strong>, panel zapewnia wygod\u0119, bezpiecze\u0144stwo i pe\u0142n\u0105 kontrol\u0119 nad systemem kotwiczenia \u2013 bez potrzeby korzystania z pilota. Nie wymaga baterii.<\/p>\n<hr class=\"\" data-start=\"701\" data-end=\"704\" \/>\n<h3 class=\"\" data-start=\"706\" data-end=\"737\">\u2705 <strong data-start=\"712\" data-end=\"737\">Key benefits:<\/strong><\/h3>\n<ul data-start=\"738\" data-end=\"1104\">\n<li class=\"\" data-start=\"738\" data-end=\"795\">\n<p class=\"\" data-start=\"740\" data-end=\"795\"><strong data-start=\"740\" data-end=\"769\">Trzy przyciski funkcyjne:<\/strong> G\u00f3ra, D\u00f3\u0142 i Auto Deploy<\/p>\n<\/li>\n<li class=\"\" data-start=\"796\" data-end=\"833\">\n<p class=\"\" data-start=\"798\" data-end=\"833\"><strong data-start=\"798\" data-end=\"831\">Monta\u017c na sta\u0142e \u2013 bez baterii<\/strong><\/p>\n<\/li>\n<li class=\"\" data-start=\"834\" data-end=\"886\">\n<p class=\"\" data-start=\"836\" data-end=\"886\"><strong data-start=\"836\" data-end=\"884\">Zawsze gotowy do u\u017cycia, w tym samym miejscu<\/strong><\/p>\n<\/li>\n<li class=\"\" data-start=\"887\" data-end=\"959\">\n<p class=\"\" data-start=\"889\" data-end=\"959\"><strong data-start=\"889\" data-end=\"917\">Du\u017ce i wygodne przyciski<\/strong> \u2013 komfortowa obs\u0142uga nawet w r\u0119kawicach<\/p>\n<\/li>\n<li class=\"\" data-start=\"960\" data-end=\"1024\">\n<p class=\"\" data-start=\"962\" data-end=\"1024\"><strong data-start=\"962\" data-end=\"1022\">Pe\u0142na kompatybilno\u015b\u0107 z fabrycznymi elementami wyci\u0105garki<\/strong><\/p>\n<\/li>\n<li class=\"\" data-start=\"1025\" data-end=\"1104\">\n<p class=\"\" data-start=\"1027\" data-end=\"1104\"><strong data-start=\"1027\" data-end=\"1104\">Mo\u017cliwo\u015b\u0107 r\u00f3wnoczesnego u\u017cywania: pilota, przycisk\u00f3w na obudowie i panelu<\/strong><\/p>\n<\/li>\n<\/ul>\n<hr class=\"\" data-start=\"1448\" data-end=\"1451\" \/>\n<h2 class=\"\" data-start=\"1453\" data-end=\"1478\">\ud83d\udd27 <strong data-start=\"1459\" data-end=\"1478\">Kompatybilno\u015b\u0107:<\/strong><\/h2>\n<p class=\"\" data-start=\"1479\" data-end=\"1548\">Panel sterowania A\/D G3 pasuje do 3. generacji wind kotwicznych TRAC:<\/p>\n<p class=\"\" data-start=\"1551\" data-end=\"1588\">\u00a0\u2693 <a href=\"https:\/\/atana.pl\/en\/online-shop\/lifts_accessories\/lifts\/trac-angler-30-autodeploy\/\"><strong data-start=\"1553\" data-end=\"1586\">TRAC Angler 30 Auto Deploy G3<\/strong><\/a><\/p>\n<p data-start=\"1551\" data-end=\"1588\">\u00a0\u2693 <a href=\"https:\/\/atana.pl\/en\/online-shop\/lifts_accessories\/lifts\/trac-deckboat-40-autodeploy\/\"><strong data-start=\"1593\" data-end=\"1628\">TRAC Deckboat 40 Auto Deploy G3<\/strong><\/a><\/p>\n<p data-start=\"1551\" data-end=\"1588\">\u00a0\u2693 <a href=\"https:\/\/atana.pl\/en\/online-shop\/lifts_accessories\/lifts\/trac-seaside-40-autodeploy\/\"><strong data-start=\"1635\" data-end=\"1669\">TRAC Seaside 40 Auto Deploy G3<\/strong><\/a> <em data-start=\"1670\" data-end=\"1691\">(wersja s\u0142onowodna)<\/em><\/p>\n<hr class=\"\" data-start=\"1693\" data-end=\"1696\" \/>\n<h2 class=\"\" data-start=\"1698\" data-end=\"1724\">\ud83d\udee1\ufe0f Guarantee and quality:<\/h2>\n<ul data-start=\"1725\" data-end=\"1865\">\n<li class=\"\" data-start=\"1725\" data-end=\"1762\">\n<p class=\"\" data-start=\"1727\" data-end=\"1762\"><strong data-start=\"1727\" data-end=\"1760\">2-year manufacturer's warranty<\/strong><\/p>\n<\/li>\n<li class=\"\" data-start=\"1763\" data-end=\"1799\">\n<p class=\"\" data-start=\"1765\" data-end=\"1799\">Oryginalny produkt TRAC<\/p>\n<\/li>\n<li class=\"\" data-start=\"1800\" data-end=\"1865\">\n<p class=\"\" data-start=\"1802\" data-end=\"1865\">Wysoka odporno\u015b\u0107 na warunki zewn\u0119trzne i intensywne u\u017cytkowanie<\/p>\n<\/li>\n<\/ul>\n<hr class=\"\" data-start=\"1867\" data-end=\"1870\" \/>\n<h2 class=\"\" data-start=\"1872\" data-end=\"1893\">\ud83d\udea4 Dlaczego warto?<\/h2>\n<p class=\"\" data-start=\"1894\" data-end=\"2196\">Dodatkowy panel sterowania to idealne rozwi\u0105zanie dla w\u0142a\u015bcicieli \u0142odzi, kt\u00f3rzy chc\u0105 mie\u0107 dost\u0119p do sterowania kotwic\u0105 zar\u00f3wno z kokpitu, jak i z rufy lub dziobu. Dzi\u0119ki monta\u017cowi na sta\u0142e masz pewno\u015b\u0107, \u017ce zawsze znajdziesz go tam, gdzie go potrzebujesz \u2013 bez ryzyka zgubienia czy roz\u0142adowania baterii.<\/p>\n<p data-start=\"1894\" data-end=\"2196\"><a href=\"https:\/\/atana.pl\/en\/sposoby-montazu-elektrycznych-wind-kotwicznych-trac\/\">&#8230;Czytaj wi\u0119cej o sposobach monta\u017cu elektrycznych wind kotwicznych.<\/a><\/p>\n<hr class=\"\" data-start=\"2198\" data-end=\"2201\" \/>\n<h2 class=\"\" data-start=\"2203\" data-end=\"2222\">\ud83d\udcde Do you have any questions?<\/h2>\n<p class=\"\" data-start=\"2223\" data-end=\"2334\">Nie wiesz, czy panel pasuje do Twojej windy kotwicznej? Skontaktuj si\u0119 z nami \u2013 doradzimy i pomo\u017cemy w monta\u017cu.<\/p>","protected":false},"excerpt":{"rendered":"<ul>\n<li>Dodatkowy panel steruj\u0105cy Auto Deploy TRAC &#8211; G3<\/li>\n<li>Przewody 7,20 m<\/li>\n<li>Pasuje do wszystkich modeli TRAC G3 z funkcj\u0105 Auto Deploy<\/li>\n<\/ul>","protected":false},"featured_media":3948,"template":"","meta":{"_acf_changed":false},"product_brand":[],"product_cat":[104,106],"product_tag":[241,231,243,237,232,238,239,240,235,230,236,245,234,242,233,244],"class_list":{"0":"post-5184","1":"product","2":"type-product","3":"status-publish","4":"has-post-thumbnail","6":"product_cat-windy_akcesoria","7":"product_cat-dodatkowe-sterowanie","8":"product_tag-akcesoria-do-wind-kotwicznych","9":"product_tag-dodatkowy-panel-trac","10":"product_tag-elektryczna-kotwica-sterowanie","11":"product_tag-kontroler-kotwicy-trac","12":"product_tag-panel-a-d-g3","13":"product_tag-panel-do-angler-30-auto-deploy","14":"product_tag-panel-do-deckboat-40","15":"product_tag-panel-do-seaside-40","16":"product_tag-panel-do-wyciagarki-trac","17":"product_tag-panel-sterowania-do-windy-kotwicznej","18":"product_tag-pilot-przewodowy-do-windy","19":"product_tag-przycisk-kotwica-gora-dol","20":"product_tag-przyciski-do-windy-kotwicznej","21":"product_tag-sterowanie-auto-deploy","22":"product_tag-sterowanie-winda-kotwiczna","23":"product_tag-winda-kotwiczna-przyciski","25":"first","26":"outofstock","27":"taxable","28":"shipping-taxable","29":"purchasable","30":"product-type-simple"},"acf":[],"yoast_head":"<!-- This site is optimized with the Yoast SEO plugin v25.2 - https:\/\/yoast.com\/wordpress\/plugins\/seo\/ -->\n<title>Dodatkowy panel sterowania A\/D G3 - Atana<\/title>\n<meta name=\"description\" content=\"Panel sterowania TRAC A\/D G3 do wind kotwicznych z Auto Deploy. Trzy przyciski, 7,2 m przewodu, monta\u017c na sta\u0142e. Pasuje do Angler, Deckboat, Seaside.\" \/>\n<meta name=\"robots\" content=\"index, follow, max-snippet:-1, max-image-preview:large, max-video-preview:-1\" \/>\n<link rel=\"canonical\" href=\"https:\/\/atana.pl\/en\/online-shop\/lifts_accessories\/dodatkowe-sterowanie\/dodatkowy-panel-sterowania-a-d-g3\/\" \/>\n<meta property=\"og:locale\" content=\"en_GB\" \/>\n<meta property=\"og:type\" content=\"article\" \/>\n<meta property=\"og:title\" content=\"Dodatkowy panel sterowania A\/D G3 - Atana\" \/>\n<meta property=\"og:description\" content=\"Panel sterowania TRAC A\/D G3 do wind kotwicznych z Auto Deploy. Trzy przyciski, 7,2 m przewodu, monta\u017c na sta\u0142e. Pasuje do Angler, Deckboat, Seaside.\" \/>\n<meta property=\"og:url\" content=\"https:\/\/atana.pl\/en\/online-shop\/lifts_accessories\/dodatkowe-sterowanie\/dodatkowy-panel-sterowania-a-d-g3\/\" \/>\n<meta property=\"og:site_name\" content=\"Atana\" \/>\n<meta property=\"article:publisher\" content=\"https:\/\/www.facebook.com\/atanayachts\" \/>\n<meta property=\"article:modified_time\" content=\"2026-03-09T10:14:42+00:00\" \/>\n<meta property=\"og:image\" content=\"https:\/\/atana.pl\/wp-content\/uploads\/2024\/04\/69045_out-Z.jpg\" \/>\n\t<meta property=\"og:image:width\" content=\"900\" \/>\n\t<meta property=\"og:image:height\" content=\"900\" \/>\n\t<meta property=\"og:image:type\" content=\"image\/jpeg\" \/>\n<meta name=\"twitter:card\" content=\"summary_large_image\" \/>\n<meta name=\"twitter:label1\" content=\"Estimated reading time\" \/>\n\t<meta name=\"twitter:data1\" content=\"1 minute\" \/>\n<script type=\"application\/ld+json\" class=\"yoast-schema-graph\">{\"@context\":\"https:\/\/schema.org\",\"@graph\":[{\"@type\":\"WebPage\",\"@id\":\"https:\/\/atana.pl\/sklep-on-line\/windy_akcesoria\/dodatkowe-sterowanie\/dodatkowy-panel-sterowania-a-d-g3\/\",\"url\":\"https:\/\/atana.pl\/sklep-on-line\/windy_akcesoria\/dodatkowe-sterowanie\/dodatkowy-panel-sterowania-a-d-g3\/\",\"name\":\"Dodatkowy panel sterowania A\/D G3 - Atana\",\"isPartOf\":{\"@id\":\"https:\/\/atana.pl\/#website\"},\"primaryImageOfPage\":{\"@id\":\"https:\/\/atana.pl\/sklep-on-line\/windy_akcesoria\/dodatkowe-sterowanie\/dodatkowy-panel-sterowania-a-d-g3\/#primaryimage\"},\"image\":{\"@id\":\"https:\/\/atana.pl\/sklep-on-line\/windy_akcesoria\/dodatkowe-sterowanie\/dodatkowy-panel-sterowania-a-d-g3\/#primaryimage\"},\"thumbnailUrl\":\"https:\/\/atana.pl\/wp-content\/uploads\/2024\/04\/69045_out-Z.jpg\",\"datePublished\":\"2019-01-27T11:16:24+00:00\",\"dateModified\":\"2026-03-09T10:14:42+00:00\",\"description\":\"Panel sterowania TRAC A\/D G3 do wind kotwicznych z Auto Deploy. Trzy przyciski, 7,2 m przewodu, monta\u017c na sta\u0142e. Pasuje do Angler, Deckboat, Seaside.\",\"breadcrumb\":{\"@id\":\"https:\/\/atana.pl\/sklep-on-line\/windy_akcesoria\/dodatkowe-sterowanie\/dodatkowy-panel-sterowania-a-d-g3\/#breadcrumb\"},\"inLanguage\":\"en-GB\",\"potentialAction\":[{\"@type\":\"ReadAction\",\"target\":[\"https:\/\/atana.pl\/sklep-on-line\/windy_akcesoria\/dodatkowe-sterowanie\/dodatkowy-panel-sterowania-a-d-g3\/\"]}]},{\"@type\":\"ImageObject\",\"inLanguage\":\"en-GB\",\"@id\":\"https:\/\/atana.pl\/sklep-on-line\/windy_akcesoria\/dodatkowe-sterowanie\/dodatkowy-panel-sterowania-a-d-g3\/#primaryimage\",\"url\":\"https:\/\/atana.pl\/wp-content\/uploads\/2024\/04\/69045_out-Z.jpg\",\"contentUrl\":\"https:\/\/atana.pl\/wp-content\/uploads\/2024\/04\/69045_out-Z.jpg\",\"width\":900,\"height\":900,\"caption\":\"Dodatkowy panel sterowania A\/D G3\"},{\"@type\":\"BreadcrumbList\",\"@id\":\"https:\/\/atana.pl\/sklep-on-line\/windy_akcesoria\/dodatkowe-sterowanie\/dodatkowy-panel-sterowania-a-d-g3\/#breadcrumb\",\"itemListElement\":[{\"@type\":\"ListItem\",\"position\":1,\"name\":\"Strona g\u0142\u00f3wna\",\"item\":\"https:\/\/atana.pl\/\"},{\"@type\":\"ListItem\",\"position\":2,\"name\":\"Sklep on-line\",\"item\":\"https:\/\/atana.pl\/sklep-on-line\/\"},{\"@type\":\"ListItem\",\"position\":3,\"name\":\"Dodatkowy panel sterowania A\/D G3\"}]},{\"@type\":\"WebSite\",\"@id\":\"https:\/\/atana.pl\/#website\",\"url\":\"https:\/\/atana.pl\/\",\"name\":\"Atana\",\"description\":\"Akcesoria do \u0142odzi, kamper\u00f3w i przyczep. \u0141odzie motorowe\",\"publisher\":{\"@id\":\"https:\/\/atana.pl\/#organization\"},\"potentialAction\":[{\"@type\":\"SearchAction\",\"target\":{\"@type\":\"EntryPoint\",\"urlTemplate\":\"https:\/\/atana.pl\/?s={search_term_string}\"},\"query-input\":{\"@type\":\"PropertyValueSpecification\",\"valueRequired\":true,\"valueName\":\"search_term_string\"}}],\"inLanguage\":\"en-GB\"},{\"@type\":\"Organization\",\"@id\":\"https:\/\/atana.pl\/#organization\",\"name\":\"Atana\",\"url\":\"https:\/\/atana.pl\/\",\"logo\":{\"@type\":\"ImageObject\",\"inLanguage\":\"en-GB\",\"@id\":\"https:\/\/atana.pl\/#\/schema\/logo\/image\/\",\"url\":\"\",\"contentUrl\":\"\",\"caption\":\"Atana\"},\"image\":{\"@id\":\"https:\/\/atana.pl\/#\/schema\/logo\/image\/\"},\"sameAs\":[\"https:\/\/www.facebook.com\/atanayachts\",\"https:\/\/www.instagram.com\/atanaboats\/\",\"https:\/\/www.youtube.com\/channel\/UClMMmVqqx17in9QzgxK90Mw\"]}]}<\/script>\n<!-- \/ Yoast SEO plugin. -->","yoast_head_json":{"title":"Dodatkowy panel sterowania A\/D G3 - Atana","description":"Panel sterowania TRAC A\/D G3 do wind kotwicznych z Auto Deploy. Trzy przyciski, 7,2 m przewodu, monta\u017c na sta\u0142e. Pasuje do Angler, Deckboat, Seaside.","robots":{"index":"index","follow":"follow","max-snippet":"max-snippet:-1","max-image-preview":"max-image-preview:large","max-video-preview":"max-video-preview:-1"},"canonical":"https:\/\/atana.pl\/en\/online-shop\/lifts_accessories\/dodatkowe-sterowanie\/dodatkowy-panel-sterowania-a-d-g3\/","og_locale":"en_GB","og_type":"article","og_title":"Dodatkowy panel sterowania A\/D G3 - Atana","og_description":"Panel sterowania TRAC A\/D G3 do wind kotwicznych z Auto Deploy. Trzy przyciski, 7,2 m przewodu, monta\u017c na sta\u0142e. Pasuje do Angler, Deckboat, Seaside.","og_url":"https:\/\/atana.pl\/en\/online-shop\/lifts_accessories\/dodatkowe-sterowanie\/dodatkowy-panel-sterowania-a-d-g3\/","og_site_name":"Atana","article_publisher":"https:\/\/www.facebook.com\/atanayachts","article_modified_time":"2026-03-09T10:14:42+00:00","og_image":[{"width":900,"height":900,"url":"https:\/\/atana.pl\/wp-content\/uploads\/2024\/04\/69045_out-Z.jpg","type":"image\/jpeg"}],"twitter_card":"summary_large_image","twitter_misc":{"Estimated reading time":"1 minute"},"schema":{"@context":"https:\/\/schema.org","@graph":[{"@type":"WebPage","@id":"https:\/\/atana.pl\/sklep-on-line\/windy_akcesoria\/dodatkowe-sterowanie\/dodatkowy-panel-sterowania-a-d-g3\/","url":"https:\/\/atana.pl\/sklep-on-line\/windy_akcesoria\/dodatkowe-sterowanie\/dodatkowy-panel-sterowania-a-d-g3\/","name":"Dodatkowy panel sterowania A\/D G3 - Atana","isPartOf":{"@id":"https:\/\/atana.pl\/#website"},"primaryImageOfPage":{"@id":"https:\/\/atana.pl\/sklep-on-line\/windy_akcesoria\/dodatkowe-sterowanie\/dodatkowy-panel-sterowania-a-d-g3\/#primaryimage"},"image":{"@id":"https:\/\/atana.pl\/sklep-on-line\/windy_akcesoria\/dodatkowe-sterowanie\/dodatkowy-panel-sterowania-a-d-g3\/#primaryimage"},"thumbnailUrl":"https:\/\/atana.pl\/wp-content\/uploads\/2024\/04\/69045_out-Z.jpg","datePublished":"2019-01-27T11:16:24+00:00","dateModified":"2026-03-09T10:14:42+00:00","description":"Panel sterowania TRAC A\/D G3 do wind kotwicznych z Auto Deploy. Trzy przyciski, 7,2 m przewodu, monta\u017c na sta\u0142e. Pasuje do Angler, Deckboat, Seaside.","breadcrumb":{"@id":"https:\/\/atana.pl\/sklep-on-line\/windy_akcesoria\/dodatkowe-sterowanie\/dodatkowy-panel-sterowania-a-d-g3\/#breadcrumb"},"inLanguage":"en-GB","potentialAction":[{"@type":"ReadAction","target":["https:\/\/atana.pl\/sklep-on-line\/windy_akcesoria\/dodatkowe-sterowanie\/dodatkowy-panel-sterowania-a-d-g3\/"]}]},{"@type":"ImageObject","inLanguage":"en-GB","@id":"https:\/\/atana.pl\/sklep-on-line\/windy_akcesoria\/dodatkowe-sterowanie\/dodatkowy-panel-sterowania-a-d-g3\/#primaryimage","url":"https:\/\/atana.pl\/wp-content\/uploads\/2024\/04\/69045_out-Z.jpg","contentUrl":"https:\/\/atana.pl\/wp-content\/uploads\/2024\/04\/69045_out-Z.jpg","width":900,"height":900,"caption":"Dodatkowy panel sterowania A\/D G3"},{"@type":"BreadcrumbList","@id":"https:\/\/atana.pl\/sklep-on-line\/windy_akcesoria\/dodatkowe-sterowanie\/dodatkowy-panel-sterowania-a-d-g3\/#breadcrumb","itemListElement":[{"@type":"ListItem","position":1,"name":"Strona g\u0142\u00f3wna","item":"https:\/\/atana.pl\/"},{"@type":"ListItem","position":2,"name":"Sklep on-line","item":"https:\/\/atana.pl\/sklep-on-line\/"},{"@type":"ListItem","position":3,"name":"Dodatkowy panel sterowania A\/D G3"}]},{"@type":"WebSite","@id":"https:\/\/atana.pl\/#website","url":"https:\/\/atana.pl\/","name":"Atana","description":"Akcesoria do \u0142odzi, kamper\u00f3w i przyczep. \u0141odzie motorowe","publisher":{"@id":"https:\/\/atana.pl\/#organization"},"potentialAction":[{"@type":"SearchAction","target":{"@type":"EntryPoint","urlTemplate":"https:\/\/atana.pl\/?s={search_term_string}"},"query-input":{"@type":"PropertyValueSpecification","valueRequired":true,"valueName":"search_term_string"}}],"inLanguage":"en-GB"},{"@type":"Organization","@id":"https:\/\/atana.pl\/#organization","name":"Atana","url":"https:\/\/atana.pl\/","logo":{"@type":"ImageObject","inLanguage":"en-GB","@id":"https:\/\/atana.pl\/#\/schema\/logo\/image\/","url":"","contentUrl":"","caption":"Atana"},"image":{"@id":"https:\/\/atana.pl\/#\/schema\/logo\/image\/"},"sameAs":["https:\/\/www.facebook.com\/atanayachts","https:\/\/www.instagram.com\/atanaboats\/","https:\/\/www.youtube.com\/channel\/UClMMmVqqx17in9QzgxK90Mw"]}]}},"_links":{"self":[{"href":"https:\/\/atana.pl\/en\/wp-json\/wp\/v2\/product\/5184","targetHints":{"allow":["GET"]}}],"collection":[{"href":"https:\/\/atana.pl\/en\/wp-json\/wp\/v2\/product"}],"about":[{"href":"https:\/\/atana.pl\/en\/wp-json\/wp\/v2\/types\/product"}],"wp:featuredmedia":[{"embeddable":true,"href":"https:\/\/atana.pl\/en\/wp-json\/wp\/v2\/media\/3948"}],"wp:attachment":[{"href":"https:\/\/atana.pl\/en\/wp-json\/wp\/v2\/media?parent=5184"}],"wp:term":[{"taxonomy":"product_brand","embeddable":true,"href":"https:\/\/atana.pl\/en\/wp-json\/wp\/v2\/product_brand?post=5184"},{"taxonomy":"product_cat","embeddable":true,"href":"https:\/\/atana.pl\/en\/wp-json\/wp\/v2\/product_cat?post=5184"},{"taxonomy":"product_tag","embeddable":true,"href":"https:\/\/atana.pl\/en\/wp-json\/wp\/v2\/product_tag?post=5184"}],"curies":[{"name":"wp","href":"https:\/\/api.w.org\/{rel}","templated":true}]}}