{"id":5175,"date":"2011-01-27T13:54:50","date_gmt":"2011-01-27T12:54:50","guid":{"rendered":"https:\/\/atana.pl\/sklep-on-line\/dodatkowy-panel-g3\/"},"modified":"2026-04-17T11:20:23","modified_gmt":"2026-04-17T09:20:23","slug":"dodatkowy-panel-g3","status":"publish","type":"product","link":"https:\/\/atana.pl\/en\/online-shop\/lifts_accessories\/dodatkowe-sterowanie\/dodatkowy-panel-g3\/","title":{"rendered":"Additional control panel G3"},"content":{"rendered":"<h2 class=\"\" data-start=\"203\" data-end=\"306\"><strong data-start=\"206\" data-end=\"306\">Dodatkowy panel sterowania G3 \u2013 do wind kotwicznych TRAC Fisherman 25 i Pontoon 35 (Generacja 3)<\/strong><\/h2>\n<p class=\"\" data-start=\"308\" data-end=\"664\"><strong data-start=\"308\" data-end=\"341\">Additional control panel G3<\/strong> umo\u017cliwia wygodne sterowanie elektryczn\u0105 wind\u0105 kotwiczn\u0105 z dowolnego miejsca na \u0142odzi. Jest montowany na sta\u0142e \u2013 zawsze w tym samym, dost\u0119pnym miejscu i nie wymaga baterii. To doskona\u0142e rozwi\u0105zanie dla u\u017cytkownik\u00f3w, kt\u00f3rzy chc\u0105 mie\u0107 szybki i niezawodny dost\u0119p do przycisk\u00f3w \u201eG\u00f3ra\u201d i \u201eD\u00f3\u0142\u201d poza panelem g\u0142\u00f3wnym lub pilotem.<\/p>\n<hr class=\"\" data-start=\"666\" data-end=\"669\" \/>\n<h3 class=\"\" data-start=\"671\" data-end=\"702\">\u2705 <strong data-start=\"677\" data-end=\"702\">Key benefits:<\/strong><\/h3>\n<ul data-start=\"703\" data-end=\"1043\">\n<li class=\"\" data-start=\"703\" data-end=\"782\">\n<p class=\"\" data-start=\"705\" data-end=\"782\"><strong data-start=\"705\" data-end=\"741\">Prosty i solidny monta\u017c na sta\u0142e<\/strong> \u2013 bez baterii, zawsze gotowy do u\u017cycia<\/p>\n<\/li>\n<li class=\"\" data-start=\"783\" data-end=\"858\">\n<p class=\"\" data-start=\"785\" data-end=\"858\"><strong data-start=\"785\" data-end=\"816\">Dwa du\u017ce, wygodne przyciski<\/strong> \u2013 intuicyjna obs\u0142uga nawet w r\u0119kawicach<\/p>\n<\/li>\n<li class=\"\" data-start=\"859\" data-end=\"915\">\n<p class=\"\" data-start=\"861\" data-end=\"915\"><strong data-start=\"861\" data-end=\"913\">Dzia\u0142a r\u00f3wnolegle z pilotem i panelem fabrycznym<\/strong><\/p>\n<\/li>\n<li class=\"\" data-start=\"916\" data-end=\"985\">\n<p class=\"\" data-start=\"918\" data-end=\"985\"><strong data-start=\"918\" data-end=\"983\">Kompatybilny z 3. generacj\u0105 wind TRAC bez funkcji Auto Deploy<\/strong><\/p>\n<\/li>\n<li class=\"\" data-start=\"986\" data-end=\"1043\">\n<p class=\"\" data-start=\"988\" data-end=\"1043\"><strong data-start=\"988\" data-end=\"1043\">Wysoka odporno\u015b\u0107 na warunki atmosferyczne i morskie<\/strong><\/p>\n<\/li>\n<\/ul>\n<hr class=\"\" data-start=\"1365\" data-end=\"1368\" \/>\n<h2 class=\"\" data-start=\"1370\" data-end=\"1395\">\ud83d\udd27 <strong data-start=\"1376\" data-end=\"1395\">Kompatybilno\u015b\u0107:<\/strong><\/h2>\n<p class=\"\" data-start=\"1396\" data-end=\"1457\">Panel G3 wsp\u00f3\u0142pracuje z windami kotwicznymi TRAC generacji 3:<\/p>\n<p class=\"\" data-start=\"1460\" data-end=\"1488\">\u00a0\u2693 <a href=\"https:\/\/atana.pl\/en\/online-shop\/lifts_accessories\/lifts\/trac-fisherman-25\/\"><strong data-start=\"1462\" data-end=\"1486\">TRAC Fisherman 25 G3<\/strong><\/a><\/p>\n<p class=\"\" data-start=\"1491\" data-end=\"1515\">\u00a0\u2693 <a href=\"https:\/\/atana.pl\/en\/online-shop\/lifts_accessories\/lifts\/trac-pontoon-35\/\"><strong data-start=\"1493\" data-end=\"1515\">TRAC Pontoon 35 G3<\/strong><\/a><\/p>\n<hr class=\"\" data-start=\"1517\" data-end=\"1520\" \/>\n<h2 class=\"\" data-start=\"1522\" data-end=\"1548\">\ud83d\udee1\ufe0f Guarantee and quality:<\/h2>\n<ul data-start=\"1549\" data-end=\"1656\">\n<li class=\"\" data-start=\"1549\" data-end=\"1586\">\n<p class=\"\" data-start=\"1551\" data-end=\"1586\"><strong data-start=\"1551\" data-end=\"1584\">2-year manufacturer's warranty<\/strong><\/p>\n<\/li>\n<li class=\"\" data-start=\"1587\" data-end=\"1623\">\n<p class=\"\" data-start=\"1589\" data-end=\"1623\">Oryginalny produkt TRAC<\/p>\n<\/li>\n<li class=\"\" data-start=\"1624\" data-end=\"1656\">\n<p class=\"\" data-start=\"1626\" data-end=\"1656\">Wysoka trwa\u0142o\u015b\u0107 i niezawodno\u015b\u0107<\/p>\n<\/li>\n<\/ul>\n<hr class=\"\" data-start=\"1658\" data-end=\"1661\" \/>\n<h2 class=\"\" data-start=\"1663\" data-end=\"1684\">\ud83d\udea4 Dlaczego warto?<\/h2>\n<p class=\"\" data-start=\"1685\" data-end=\"1991\">Dzi\u0119ki dodatkowemu panelowi sterowania mo\u017cesz w prosty spos\u00f3b rozszerzy\u0107 mo\u017cliwo\u015bci obs\u0142ugi wyci\u0105garki \u2013 np. zainstalowa\u0107 przyciski w pobli\u017cu stanowiska sterowania lub w rufie. To idealne rozwi\u0105zanie dla os\u00f3b, kt\u00f3re ceni\u0105 sobie szybki dost\u0119p do funkcji windy kotwicznej bez konieczno\u015bci si\u0119gania po pilota.<\/p>\n<p data-start=\"1685\" data-end=\"1991\"><a href=\"https:\/\/atana.pl\/en\/sposoby-montazu-elektrycznych-wind-kotwicznych-trac\/\">&#8230;Czytaj wi\u0119cej o sposobach monta\u017cu elektrycznych wind kotwicznych.<\/a><\/p>\n<hr class=\"\" data-start=\"1993\" data-end=\"1996\" \/>\n<h2 class=\"\" data-start=\"1998\" data-end=\"2017\">\ud83d\udcde Do you have any questions?<\/h2>\n<p class=\"\" data-start=\"2018\" data-end=\"2135\">Nie jeste\u015b pewien, czy panel pasuje do Twojej windy kotwicznej? Skontaktuj si\u0119 z nami \u2013 pomo\u017cemy w doborze i monta\u017cu.<\/p>","protected":false},"excerpt":{"rendered":"<ul>\n<li>Dodatkowy panel steruj\u0105cy\u00a0 TRAC &#8211; G3<\/li>\n<li>Przewody 7,20 m<\/li>\n<li>Pasuje do modeli TRAC Fisherman 25 G3 &amp; Pontoon 35 G3<\/li>\n<\/ul>","protected":false},"featured_media":3939,"template":"","meta":{"_acf_changed":false},"product_brand":[],"product_cat":[104,106,102],"product_tag":[251,254,247,248,255,246,230,249,250,253,245,234,256,252,257],"class_list":{"0":"post-5175","1":"product","2":"type-product","3":"status-publish","4":"has-post-thumbnail","6":"product_cat-windy_akcesoria","7":"product_cat-dodatkowe-sterowanie","8":"product_cat-trac","9":"product_tag-akcesoria-do-windy-kotwicznej-trac","10":"product_tag-dodatkowe-sterowanie-kotwicy","11":"product_tag-dodatkowy-panel-wyciagarki-kotwicznej","12":"product_tag-kontroler-trac-g3","13":"product_tag-panel-do-windy-kotwicznej-3-generacji","14":"product_tag-panel-g3-trac","15":"product_tag-panel-sterowania-do-windy-kotwicznej","16":"product_tag-panel-sterowania-fisherman-25","17":"product_tag-panel-sterowania-pontoon-35","18":"product_tag-pilot-przewodowy-trac","19":"product_tag-przycisk-kotwica-gora-dol","20":"product_tag-przyciski-do-windy-kotwicznej","21":"product_tag-winda-kotwiczna-z-przyciskami","22":"product_tag-wyciagarka-kotwiczna-sterowanie","23":"product_tag-wyposazenie-lodzi-kotwica","25":"first","26":"outofstock","27":"taxable","28":"shipping-taxable","29":"purchasable","30":"product-type-simple"},"acf":[],"yoast_head":"<!-- This site is optimized with the Yoast SEO plugin v25.2 - https:\/\/yoast.com\/wordpress\/plugins\/seo\/ -->\n<title>Dodatkowy panel sterowania G3 - Atana<\/title>\n<meta name=\"description\" content=\"Panel G3 do wind kotwicznych TRAC 3. generacji. Dwa przyciski, monta\u017c na sta\u0142e, 7,2 m przewodu. Kompatybilny z Fisherman 25 i Pontoon 35.\" \/>\n<meta name=\"robots\" content=\"index, follow, max-snippet:-1, max-image-preview:large, max-video-preview:-1\" \/>\n<link rel=\"canonical\" href=\"https:\/\/atana.pl\/en\/online-shop\/lifts_accessories\/dodatkowe-sterowanie\/dodatkowy-panel-g3\/\" \/>\n<meta property=\"og:locale\" content=\"en_GB\" \/>\n<meta property=\"og:type\" content=\"article\" \/>\n<meta property=\"og:title\" content=\"Dodatkowy panel sterowania G3 - Atana\" \/>\n<meta property=\"og:description\" content=\"Panel G3 do wind kotwicznych TRAC 3. generacji. Dwa przyciski, monta\u017c na sta\u0142e, 7,2 m przewodu. Kompatybilny z Fisherman 25 i Pontoon 35.\" \/>\n<meta property=\"og:url\" content=\"https:\/\/atana.pl\/en\/online-shop\/lifts_accessories\/dodatkowe-sterowanie\/dodatkowy-panel-g3\/\" \/>\n<meta property=\"og:site_name\" content=\"Atana\" \/>\n<meta property=\"article:publisher\" content=\"https:\/\/www.facebook.com\/atanayachts\" \/>\n<meta property=\"article:modified_time\" content=\"2026-04-17T09:20:23+00:00\" \/>\n<meta property=\"og:image\" content=\"https:\/\/atana.pl\/wp-content\/uploads\/2024\/04\/69043-Zestaw-dodatkowy-panel-sterowania-G3.jpg\" \/>\n\t<meta property=\"og:image:width\" content=\"900\" \/>\n\t<meta property=\"og:image:height\" content=\"900\" \/>\n\t<meta property=\"og:image:type\" content=\"image\/jpeg\" \/>\n<meta name=\"twitter:card\" content=\"summary_large_image\" \/>\n<meta name=\"twitter:label1\" content=\"Estimated reading time\" \/>\n\t<meta name=\"twitter:data1\" content=\"1 minute\" \/>\n<script type=\"application\/ld+json\" class=\"yoast-schema-graph\">{\"@context\":\"https:\/\/schema.org\",\"@graph\":[{\"@type\":\"WebPage\",\"@id\":\"https:\/\/atana.pl\/sklep-on-line\/windy_akcesoria\/dodatkowe-sterowanie\/dodatkowy-panel-g3\/\",\"url\":\"https:\/\/atana.pl\/sklep-on-line\/windy_akcesoria\/dodatkowe-sterowanie\/dodatkowy-panel-g3\/\",\"name\":\"Dodatkowy panel sterowania G3 - Atana\",\"isPartOf\":{\"@id\":\"https:\/\/atana.pl\/#website\"},\"primaryImageOfPage\":{\"@id\":\"https:\/\/atana.pl\/sklep-on-line\/windy_akcesoria\/dodatkowe-sterowanie\/dodatkowy-panel-g3\/#primaryimage\"},\"image\":{\"@id\":\"https:\/\/atana.pl\/sklep-on-line\/windy_akcesoria\/dodatkowe-sterowanie\/dodatkowy-panel-g3\/#primaryimage\"},\"thumbnailUrl\":\"https:\/\/atana.pl\/wp-content\/uploads\/2024\/04\/69043-Zestaw-dodatkowy-panel-sterowania-G3.jpg\",\"datePublished\":\"2011-01-27T12:54:50+00:00\",\"dateModified\":\"2026-04-17T09:20:23+00:00\",\"description\":\"Panel G3 do wind kotwicznych TRAC 3. generacji. Dwa przyciski, monta\u017c na sta\u0142e, 7,2 m przewodu. Kompatybilny z Fisherman 25 i Pontoon 35.\",\"breadcrumb\":{\"@id\":\"https:\/\/atana.pl\/sklep-on-line\/windy_akcesoria\/dodatkowe-sterowanie\/dodatkowy-panel-g3\/#breadcrumb\"},\"inLanguage\":\"en-GB\",\"potentialAction\":[{\"@type\":\"ReadAction\",\"target\":[\"https:\/\/atana.pl\/sklep-on-line\/windy_akcesoria\/dodatkowe-sterowanie\/dodatkowy-panel-g3\/\"]}]},{\"@type\":\"ImageObject\",\"inLanguage\":\"en-GB\",\"@id\":\"https:\/\/atana.pl\/sklep-on-line\/windy_akcesoria\/dodatkowe-sterowanie\/dodatkowy-panel-g3\/#primaryimage\",\"url\":\"https:\/\/atana.pl\/wp-content\/uploads\/2024\/04\/69043-Zestaw-dodatkowy-panel-sterowania-G3.jpg\",\"contentUrl\":\"https:\/\/atana.pl\/wp-content\/uploads\/2024\/04\/69043-Zestaw-dodatkowy-panel-sterowania-G3.jpg\",\"width\":900,\"height\":900,\"caption\":\"Dodatkowy panel sterowania G3\"},{\"@type\":\"BreadcrumbList\",\"@id\":\"https:\/\/atana.pl\/sklep-on-line\/windy_akcesoria\/dodatkowe-sterowanie\/dodatkowy-panel-g3\/#breadcrumb\",\"itemListElement\":[{\"@type\":\"ListItem\",\"position\":1,\"name\":\"Strona g\u0142\u00f3wna\",\"item\":\"https:\/\/atana.pl\/\"},{\"@type\":\"ListItem\",\"position\":2,\"name\":\"Sklep on-line\",\"item\":\"https:\/\/atana.pl\/sklep-on-line\/\"},{\"@type\":\"ListItem\",\"position\":3,\"name\":\"Dodatkowy panel sterowania G3\"}]},{\"@type\":\"WebSite\",\"@id\":\"https:\/\/atana.pl\/#website\",\"url\":\"https:\/\/atana.pl\/\",\"name\":\"Atana\",\"description\":\"Akcesoria do \u0142odzi, kamper\u00f3w i przyczep. \u0141odzie motorowe\",\"publisher\":{\"@id\":\"https:\/\/atana.pl\/#organization\"},\"potentialAction\":[{\"@type\":\"SearchAction\",\"target\":{\"@type\":\"EntryPoint\",\"urlTemplate\":\"https:\/\/atana.pl\/?s={search_term_string}\"},\"query-input\":{\"@type\":\"PropertyValueSpecification\",\"valueRequired\":true,\"valueName\":\"search_term_string\"}}],\"inLanguage\":\"en-GB\"},{\"@type\":\"Organization\",\"@id\":\"https:\/\/atana.pl\/#organization\",\"name\":\"Atana\",\"url\":\"https:\/\/atana.pl\/\",\"logo\":{\"@type\":\"ImageObject\",\"inLanguage\":\"en-GB\",\"@id\":\"https:\/\/atana.pl\/#\/schema\/logo\/image\/\",\"url\":\"\",\"contentUrl\":\"\",\"caption\":\"Atana\"},\"image\":{\"@id\":\"https:\/\/atana.pl\/#\/schema\/logo\/image\/\"},\"sameAs\":[\"https:\/\/www.facebook.com\/atanayachts\",\"https:\/\/www.instagram.com\/atanaboats\/\",\"https:\/\/www.youtube.com\/channel\/UClMMmVqqx17in9QzgxK90Mw\"]}]}<\/script>\n<!-- \/ Yoast SEO plugin. -->","yoast_head_json":{"title":"Dodatkowy panel sterowania G3 - Atana","description":"Panel G3 do wind kotwicznych TRAC 3. generacji. Dwa przyciski, monta\u017c na sta\u0142e, 7,2 m przewodu. Kompatybilny z Fisherman 25 i Pontoon 35.","robots":{"index":"index","follow":"follow","max-snippet":"max-snippet:-1","max-image-preview":"max-image-preview:large","max-video-preview":"max-video-preview:-1"},"canonical":"https:\/\/atana.pl\/en\/online-shop\/lifts_accessories\/dodatkowe-sterowanie\/dodatkowy-panel-g3\/","og_locale":"en_GB","og_type":"article","og_title":"Dodatkowy panel sterowania G3 - Atana","og_description":"Panel G3 do wind kotwicznych TRAC 3. generacji. Dwa przyciski, monta\u017c na sta\u0142e, 7,2 m przewodu. Kompatybilny z Fisherman 25 i Pontoon 35.","og_url":"https:\/\/atana.pl\/en\/online-shop\/lifts_accessories\/dodatkowe-sterowanie\/dodatkowy-panel-g3\/","og_site_name":"Atana","article_publisher":"https:\/\/www.facebook.com\/atanayachts","article_modified_time":"2026-04-17T09:20:23+00:00","og_image":[{"width":900,"height":900,"url":"https:\/\/atana.pl\/wp-content\/uploads\/2024\/04\/69043-Zestaw-dodatkowy-panel-sterowania-G3.jpg","type":"image\/jpeg"}],"twitter_card":"summary_large_image","twitter_misc":{"Estimated reading time":"1 minute"},"schema":{"@context":"https:\/\/schema.org","@graph":[{"@type":"WebPage","@id":"https:\/\/atana.pl\/sklep-on-line\/windy_akcesoria\/dodatkowe-sterowanie\/dodatkowy-panel-g3\/","url":"https:\/\/atana.pl\/sklep-on-line\/windy_akcesoria\/dodatkowe-sterowanie\/dodatkowy-panel-g3\/","name":"Dodatkowy panel sterowania G3 - Atana","isPartOf":{"@id":"https:\/\/atana.pl\/#website"},"primaryImageOfPage":{"@id":"https:\/\/atana.pl\/sklep-on-line\/windy_akcesoria\/dodatkowe-sterowanie\/dodatkowy-panel-g3\/#primaryimage"},"image":{"@id":"https:\/\/atana.pl\/sklep-on-line\/windy_akcesoria\/dodatkowe-sterowanie\/dodatkowy-panel-g3\/#primaryimage"},"thumbnailUrl":"https:\/\/atana.pl\/wp-content\/uploads\/2024\/04\/69043-Zestaw-dodatkowy-panel-sterowania-G3.jpg","datePublished":"2011-01-27T12:54:50+00:00","dateModified":"2026-04-17T09:20:23+00:00","description":"Panel G3 do wind kotwicznych TRAC 3. generacji. Dwa przyciski, monta\u017c na sta\u0142e, 7,2 m przewodu. Kompatybilny z Fisherman 25 i Pontoon 35.","breadcrumb":{"@id":"https:\/\/atana.pl\/sklep-on-line\/windy_akcesoria\/dodatkowe-sterowanie\/dodatkowy-panel-g3\/#breadcrumb"},"inLanguage":"en-GB","potentialAction":[{"@type":"ReadAction","target":["https:\/\/atana.pl\/sklep-on-line\/windy_akcesoria\/dodatkowe-sterowanie\/dodatkowy-panel-g3\/"]}]},{"@type":"ImageObject","inLanguage":"en-GB","@id":"https:\/\/atana.pl\/sklep-on-line\/windy_akcesoria\/dodatkowe-sterowanie\/dodatkowy-panel-g3\/#primaryimage","url":"https:\/\/atana.pl\/wp-content\/uploads\/2024\/04\/69043-Zestaw-dodatkowy-panel-sterowania-G3.jpg","contentUrl":"https:\/\/atana.pl\/wp-content\/uploads\/2024\/04\/69043-Zestaw-dodatkowy-panel-sterowania-G3.jpg","width":900,"height":900,"caption":"Dodatkowy panel sterowania G3"},{"@type":"BreadcrumbList","@id":"https:\/\/atana.pl\/sklep-on-line\/windy_akcesoria\/dodatkowe-sterowanie\/dodatkowy-panel-g3\/#breadcrumb","itemListElement":[{"@type":"ListItem","position":1,"name":"Strona g\u0142\u00f3wna","item":"https:\/\/atana.pl\/"},{"@type":"ListItem","position":2,"name":"Sklep on-line","item":"https:\/\/atana.pl\/sklep-on-line\/"},{"@type":"ListItem","position":3,"name":"Dodatkowy panel sterowania G3"}]},{"@type":"WebSite","@id":"https:\/\/atana.pl\/#website","url":"https:\/\/atana.pl\/","name":"Atana","description":"Akcesoria do \u0142odzi, kamper\u00f3w i przyczep. \u0141odzie motorowe","publisher":{"@id":"https:\/\/atana.pl\/#organization"},"potentialAction":[{"@type":"SearchAction","target":{"@type":"EntryPoint","urlTemplate":"https:\/\/atana.pl\/?s={search_term_string}"},"query-input":{"@type":"PropertyValueSpecification","valueRequired":true,"valueName":"search_term_string"}}],"inLanguage":"en-GB"},{"@type":"Organization","@id":"https:\/\/atana.pl\/#organization","name":"Atana","url":"https:\/\/atana.pl\/","logo":{"@type":"ImageObject","inLanguage":"en-GB","@id":"https:\/\/atana.pl\/#\/schema\/logo\/image\/","url":"","contentUrl":"","caption":"Atana"},"image":{"@id":"https:\/\/atana.pl\/#\/schema\/logo\/image\/"},"sameAs":["https:\/\/www.facebook.com\/atanayachts","https:\/\/www.instagram.com\/atanaboats\/","https:\/\/www.youtube.com\/channel\/UClMMmVqqx17in9QzgxK90Mw"]}]}},"_links":{"self":[{"href":"https:\/\/atana.pl\/en\/wp-json\/wp\/v2\/product\/5175","targetHints":{"allow":["GET"]}}],"collection":[{"href":"https:\/\/atana.pl\/en\/wp-json\/wp\/v2\/product"}],"about":[{"href":"https:\/\/atana.pl\/en\/wp-json\/wp\/v2\/types\/product"}],"wp:featuredmedia":[{"embeddable":true,"href":"https:\/\/atana.pl\/en\/wp-json\/wp\/v2\/media\/3939"}],"wp:attachment":[{"href":"https:\/\/atana.pl\/en\/wp-json\/wp\/v2\/media?parent=5175"}],"wp:term":[{"taxonomy":"product_brand","embeddable":true,"href":"https:\/\/atana.pl\/en\/wp-json\/wp\/v2\/product_brand?post=5175"},{"taxonomy":"product_cat","embeddable":true,"href":"https:\/\/atana.pl\/en\/wp-json\/wp\/v2\/product_cat?post=5175"},{"taxonomy":"product_tag","embeddable":true,"href":"https:\/\/atana.pl\/en\/wp-json\/wp\/v2\/product_tag?post=5175"}],"curies":[{"name":"wp","href":"https:\/\/api.w.org\/{rel}","templated":true}]}}