{"id":5134,"date":"2021-01-27T13:54:50","date_gmt":"2021-01-27T12:54:50","guid":{"rendered":"https:\/\/atana.pl\/sklep-on-line\/trac-deckboat-40-autodeploy\/"},"modified":"2026-03-23T20:21:22","modified_gmt":"2026-03-23T19:21:22","slug":"trac-deckboat-40-autodeploy","status":"publish","type":"product","link":"https:\/\/atana.pl\/en\/online-shop\/lifts_accessories\/lifts\/trac-deckboat-40-autodeploy\/","title":{"rendered":"TRAC Deckboat 40 Auto Deploy Gen 3 electric anchor windlass"},"content":{"rendered":"<h2 class=\"\" data-start=\"126\" data-end=\"249\"><strong data-start=\"129\" data-end=\"249\">TRAC Deckboat 40 Auto Deploy G3 electric anchor windlass - modern anchoring technology for larger boats<\/strong><\/h2>\n<p class=\"\" data-start=\"251\" data-end=\"628\"><strong data-start=\"251\" data-end=\"299\">TRAC Deckboat 40 Gen 3 with Auto Deploy function<\/strong> is the latest generation <strong data-start=\"323\" data-end=\"356\">electric anchor windlass<\/strong> created for larger vessels such as fishing boats, pleasure boats, yachts or houseboats. This model stands out <strong data-start=\"482\" data-end=\"514\">integrated anchor roller<\/strong>, which can be extended beyond the contour of the hull, eliminating the risk of the anchor bumping against the side during lifting.<\/p>\n<p class=\"\" data-start=\"279\" data-end=\"625\"><strong data-start=\"410\" data-end=\"425\">Auto Deploy<\/strong>- an intelligent solution that allows the anchor to be lowered automatically, without the need for manual control of the process.<\/p>\n<p>At the touch of a button on the remote control, the control panel or directly on the winch, the automation takes care of the rest.  This function will stop the rope unwinding as soon as the anchor touches the bottom. <strong>Auto Deploy<\/strong> remains active, unwinding only the taut rope to prevent it from becoming entangled.<\/p>\n<p>This solution means that the ascender can be mounted in the storage compartment without fear of the rope becoming tangled - even when there is no full visual control.<\/p>\n<p>When we feel that the anchor is successfully holding our unit, simply press any button on the remote control or control panel to deactivate the function. The lift will no longer unwind the taut line and the unit will remain stably anchored.<\/p>\n<p><strong>Auto Deploy<\/strong> is not only safety, but also maximum convenience, which will work for any type of TRAC lift installation on a boat.<\/p>\n<hr class=\"\" data-start=\"630\" data-end=\"633\" \/>\n<h3 class=\"\" data-start=\"635\" data-end=\"685\">\u2705 <strong data-start=\"641\" data-end=\"685\">Key features of the TRAC Deckboat 40 G3:<\/strong><\/h3>\n<ul data-start=\"686\" data-end=\"1183\">\n<li class=\"\" data-start=\"686\" data-end=\"765\">\n<p class=\"\" data-start=\"688\" data-end=\"765\"><strong data-start=\"688\" data-end=\"711\">Auto Deploy function<\/strong> - automatic lowering of the anchor at the touch of a button<\/p>\n<\/li>\n<li class=\"\" data-start=\"766\" data-end=\"853\">\n<p class=\"\" data-start=\"768\" data-end=\"853\"><strong data-start=\"768\" data-end=\"790\">Limit switch<\/strong> - stopping the winch when the anchor touches the bottom<\/p>\n<\/li>\n<li class=\"\" data-start=\"854\" data-end=\"947\">\n<p class=\"\" data-start=\"856\" data-end=\"947\"><strong data-start=\"856\" data-end=\"897\">New engine, transmission and control<\/strong> - more power, compact design, better control<\/p>\n<\/li>\n<li class=\"\" data-start=\"948\" data-end=\"1026\">\n<p class=\"\" data-start=\"950\" data-end=\"1026\"><strong data-start=\"950\" data-end=\"975\">Extremely quiet operation<\/strong> - sound comparable to outboard engine trim<\/p>\n<\/li>\n<li class=\"\" data-start=\"1027\" data-end=\"1106\">\n<p class=\"\" data-start=\"1029\" data-end=\"1106\"><strong data-start=\"1029\" data-end=\"1061\">Integrated anchor roller<\/strong> - flexible and secure assembly options<\/p>\n<\/li>\n<li class=\"\" data-start=\"1107\" data-end=\"1183\">\n<p class=\"\" data-start=\"1109\" data-end=\"1183\"><strong data-start=\"1109\" data-end=\"1149\">Steel construction and drive gears<\/strong> - maximum durability and resistance<\/p>\n<\/li>\n<\/ul>\n<hr class=\"\" data-start=\"1482\" data-end=\"1485\" \/>\n<h3 class=\"\" data-start=\"1487\" data-end=\"1534\">\ud83d\udee0\ufe0f <strong data-start=\"1495\" data-end=\"1534\">Optional accessories to be purchased:<\/strong><\/h3>\n<p><strong>\u00a0 \ud83d\udce6<\/strong> <a href=\"https:\/\/atana.pl\/en\/online-shop\/lifts_accessories\/dodatkowe-sterowanie\/dodatkowy-panel-sterowania-a-d-g3\/\">Control panel<\/a><\/p>\n<p><strong>\u00a0 \ud83d\udce6<\/strong> <a href=\"https:\/\/atana.pl\/en\/online-shop\/lifts_accessories\/sruby\/dodatkowe-sruby-montazowe-4-szt\/\">Screws 4 pcs.<\/a><\/p>\n<p><strong>\u00a0 \ud83d\udce6<\/strong> <a href=\"https:\/\/atana.pl\/en\/online-shop\/lifts_accessories\/sruby\/dodatkowe-sruby-montazowe-8-szt\/\">Screws 8 pcs.\u00a0<\/a><\/p>\n<p><strong>\u00a0 \ud83d\udce6<\/strong> <a href=\"https:\/\/atana.pl\/en\/online-shop\/lifts_accessories\/plates\/plyta-montazowa-a30-d40-gen-3\/\">Mounting plate<\/a><\/p>\n<p><strong>\u00a0 \ud83d\udce6<\/strong> <a href=\"https:\/\/atana.pl\/en\/online-shop\/lifts_accessories\/plates\/szybkozlacze\/\">Quick connector<\/a><\/p>\n<p><strong>\u00a0 \ud83d\udce6<\/strong> <a href=\"https:\/\/atana.pl\/en\/online-shop\/lifts_accessories\/plates\/uchwyt-na-burte-pawez-90\/\">90\u00b0 board\/ transom mount<\/a><\/p>\n<p><strong>\u00a0 \ud83d\udce6<\/strong> <a href=\"https:\/\/atana.pl\/en\/online-shop\/lifts_accessories\/plates\/uchwyt-na-burte-pawez-12\/\">12\u00b0 board\/ transom mount<\/a><\/p>\n<hr class=\"\" data-start=\"1687\" data-end=\"1690\" \/>\n<h2 class=\"\" data-start=\"1692\" data-end=\"1739\">\u2693 <strong data-start=\"1697\" data-end=\"1739\">Safe and trouble-free anchoring<\/strong><\/h2>\n<p class=\"\" data-start=\"1740\" data-end=\"2056\">Thanks to <strong data-start=\"1747\" data-end=\"1770\">Auto Deploy function<\/strong> The anchor is lowered automatically and stopped when it touches the bottom. You can also manually unwind exactly the length of line you need - without the risk of entanglement. The integrated anchor roller allows you to mount the windlass so that the anchor does not damage the hull when pulled up.<\/p>\n<hr class=\"\" data-start=\"2058\" data-end=\"2061\" \/>\n<h2 class=\"\" data-start=\"2063\" data-end=\"2105\">\ud83d\udee0\ufe0f <strong data-start=\"2070\" data-end=\"2105\">Professional support and installation<\/strong><\/h2>\n<p class=\"\" data-start=\"2106\" data-end=\"2335\">Not sure which model to choose? Need help with installation? Get in touch with our team - we provide expert advice, technical assistance and installation nationwide, in cooperation with certified partners.<\/p>\n<p data-start=\"2106\" data-end=\"2335\"><a href=\"\/en\/...Czytaj wi\u0119cej o sposobach monta\u017cu windy.\/\">&#8230;Czytaj wi\u0119cej o sposobach monta\u017cu windy.<\/a><\/p>\n<hr class=\"\" data-start=\"2392\" data-end=\"2395\" \/>\n<h2 class=\"\" data-start=\"2397\" data-end=\"2423\">\ud83d\udee1\ufe0f Guarantee and service:<\/h2>\n<ul data-start=\"2424\" data-end=\"2573\">\n<li class=\"\" data-start=\"2424\" data-end=\"2457\">\n<p class=\"\" data-start=\"2426\" data-end=\"2457\">2-year manufacturer's warranty<\/p>\n<\/li>\n<li class=\"\" data-start=\"2458\" data-end=\"2490\">\n<p class=\"\" data-start=\"2460\" data-end=\"2490\">Service and technical support<\/p>\n<\/li>\n<li class=\"\" data-start=\"2491\" data-end=\"2540\">\n<p class=\"\" data-start=\"2493\" data-end=\"2540\">Spare parts - also for older models<\/p>\n<\/li>\n<li class=\"\" data-start=\"2541\" data-end=\"2573\">\n<p class=\"\" data-start=\"2543\" data-end=\"2573\">Safe and tested installation<\/p>\n<\/li>\n<\/ul>\n<hr class=\"\" data-start=\"2575\" data-end=\"2578\" \/>\n<h2 class=\"\" data-start=\"2580\" data-end=\"2644\">\ud83d\udd27 Looking for a professional anchor lift for a larger boat?<\/h2>\n<p class=\"\" data-start=\"2645\" data-end=\"2828\"><strong data-start=\"2645\" data-end=\"2680\">TRAC Deckboat 40 G3 Auto Deploy<\/strong> to zaawansowana technologicznie wyci\u0105garka do kotwicy, kt\u00f3ra \u0142\u0105czy moc, cich\u0105 prac\u0119 i wygod\u0119 obs\u0142ugi. Idealna do nowoczesnych jednostek p\u0142ywaj\u0105cych!<\/p>","protected":false},"excerpt":{"rendered":"<ul>\n<li>Electric anchor lift.<\/li>\n<li>Integrated anchor roller.<\/li>\n<li>Wireless remote control included.<\/li>\n<li>Additional control panel optional.<\/li>\n<li>Automatic anchor lowering without the risk of line entanglement.<\/li>\n<li>Power supply 12V\/20 Amp.<\/li>\n<li>Anchor max 20kg.<\/li>\n<li>Fits TRAC mounting plates.<\/li>\n<\/ul>","protected":false},"featured_media":7494,"template":"","meta":{"_acf_changed":false},"product_brand":[1793],"product_cat":[104,105,102],"product_tag":[169,204,165,210,151,184,215,212,170,161,213,209,205,208,206,196,211,214,207],"class_list":{"0":"post-5134","1":"product","2":"type-product","3":"status-publish","4":"has-post-thumbnail","6":"product_brand-trac","7":"product_cat-windy_akcesoria","8":"product_cat-windy","9":"product_cat-trac","10":"product_tag-akcesoria-do-windy-kotwicznej","11":"product_tag-automatyczne-opuszczanie-kotwicy","12":"product_tag-cicha-winda-kotwiczna","13":"product_tag-elektryczna-kotwica-do-houseboata","14":"product_tag-elektryczna-winda-kotwiczna","15":"product_tag-elektryczna-wyciagarka-do-kotwicy","16":"product_tag-kotwica-do-lodzi-40-lb","17":"product_tag-kotwica-z-krancowka","18":"product_tag-kotwiczenie-lodzi","19":"product_tag-montaz-windy-kotwicznej","20":"product_tag-nowoczesna-wyciagarka-kotwiczna","21":"product_tag-system-kotwiczenia-do-deckboata","22":"product_tag-trac-deckboat-40-auto-deploy","23":"product_tag-trac-g3-winda-kotwiczna","24":"product_tag-winda-kotwiczna-do-duzej-lodzi","25":"product_tag-wyciagarka-kotwiczna-z-auto-deploy","26":"product_tag-wyciagarka-kotwiczna-z-pilotem","27":"product_tag-wyciagarka-trac-deckboat","28":"product_tag-zintegrowana-rolka-kotwiczna","29":"product_shipping_class-kurier-odbior-osobisty","31":"first","32":"outofstock","33":"taxable","34":"shipping-taxable","35":"purchasable","36":"product-type-simple"},"acf":[],"yoast_head":"<!-- This site is optimized with the Yoast SEO plugin v25.2 - https:\/\/yoast.com\/wordpress\/plugins\/seo\/ -->\n<title>TRAC Deckboat 40 Autodeploy - Elektryczna winda kotwiczna<\/title>\n<meta name=\"description\" content=\"Elektryczna winda kotwiczna TRAC Deckboat 40 Autodeploy z pilotem bezprzewodowym oraz automatycznym opuszczaniem. Zasilanie 12V. Wyci\u0105garka do kotwic 20kg\" \/>\n<meta name=\"robots\" content=\"index, follow, max-snippet:-1, max-image-preview:large, max-video-preview:-1\" \/>\n<link rel=\"canonical\" href=\"https:\/\/atana.pl\/en\/online-shop\/lifts_accessories\/lifts\/trac-deckboat-40-autodeploy\/\" \/>\n<meta property=\"og:locale\" content=\"en_GB\" \/>\n<meta property=\"og:type\" content=\"article\" \/>\n<meta property=\"og:title\" content=\"TRAC Deckboat 40 Autodeploy - Elektryczna winda kotwiczna\" \/>\n<meta property=\"og:description\" content=\"Elektryczna winda kotwiczna TRAC Deckboat 40 Autodeploy z pilotem bezprzewodowym oraz automatycznym opuszczaniem. Zasilanie 12V. Wyci\u0105garka do kotwic 20kg\" \/>\n<meta property=\"og:url\" content=\"https:\/\/atana.pl\/en\/online-shop\/lifts_accessories\/lifts\/trac-deckboat-40-autodeploy\/\" \/>\n<meta property=\"og:site_name\" content=\"Atana\" \/>\n<meta property=\"article:publisher\" content=\"https:\/\/www.facebook.com\/atanayachts\" \/>\n<meta property=\"article:modified_time\" content=\"2026-03-23T19:21:22+00:00\" \/>\n<meta property=\"og:image\" content=\"https:\/\/atana.pl\/wp-content\/uploads\/1967\/01\/69005-trac-deckboat-40-auto-deploy-anchor-electric-winch-on-white-background.webp\" \/>\n\t<meta property=\"og:image:width\" content=\"900\" \/>\n\t<meta property=\"og:image:height\" content=\"900\" \/>\n\t<meta property=\"og:image:type\" content=\"image\/webp\" \/>\n<meta name=\"twitter:card\" content=\"summary_large_image\" \/>\n<meta name=\"twitter:label1\" content=\"Estimated reading time\" \/>\n\t<meta name=\"twitter:data1\" content=\"2 minutes\" \/>\n<script type=\"application\/ld+json\" class=\"yoast-schema-graph\">{\"@context\":\"https:\/\/schema.org\",\"@graph\":[{\"@type\":\"WebPage\",\"@id\":\"https:\/\/atana.pl\/sklep-on-line\/windy_akcesoria\/windy\/trac-deckboat-40-autodeploy\/\",\"url\":\"https:\/\/atana.pl\/sklep-on-line\/windy_akcesoria\/windy\/trac-deckboat-40-autodeploy\/\",\"name\":\"TRAC Deckboat 40 Autodeploy - Elektryczna winda kotwiczna\",\"isPartOf\":{\"@id\":\"https:\/\/atana.pl\/#website\"},\"primaryImageOfPage\":{\"@id\":\"https:\/\/atana.pl\/sklep-on-line\/windy_akcesoria\/windy\/trac-deckboat-40-autodeploy\/#primaryimage\"},\"image\":{\"@id\":\"https:\/\/atana.pl\/sklep-on-line\/windy_akcesoria\/windy\/trac-deckboat-40-autodeploy\/#primaryimage\"},\"thumbnailUrl\":\"https:\/\/atana.pl\/wp-content\/uploads\/1967\/01\/69005-trac-deckboat-40-auto-deploy-anchor-electric-winch-on-white-background.webp\",\"datePublished\":\"2021-01-27T12:54:50+00:00\",\"dateModified\":\"2026-03-23T19:21:22+00:00\",\"description\":\"Elektryczna winda kotwiczna TRAC Deckboat 40 Autodeploy z pilotem bezprzewodowym oraz automatycznym opuszczaniem. Zasilanie 12V. Wyci\u0105garka do kotwic 20kg\",\"breadcrumb\":{\"@id\":\"https:\/\/atana.pl\/sklep-on-line\/windy_akcesoria\/windy\/trac-deckboat-40-autodeploy\/#breadcrumb\"},\"inLanguage\":\"en-GB\",\"potentialAction\":[{\"@type\":\"ReadAction\",\"target\":[\"https:\/\/atana.pl\/sklep-on-line\/windy_akcesoria\/windy\/trac-deckboat-40-autodeploy\/\"]}]},{\"@type\":\"ImageObject\",\"inLanguage\":\"en-GB\",\"@id\":\"https:\/\/atana.pl\/sklep-on-line\/windy_akcesoria\/windy\/trac-deckboat-40-autodeploy\/#primaryimage\",\"url\":\"https:\/\/atana.pl\/wp-content\/uploads\/1967\/01\/69005-trac-deckboat-40-auto-deploy-anchor-electric-winch-on-white-background.webp\",\"contentUrl\":\"https:\/\/atana.pl\/wp-content\/uploads\/1967\/01\/69005-trac-deckboat-40-auto-deploy-anchor-electric-winch-on-white-background.webp\",\"width\":900,\"height\":900,\"caption\":\"69005 trac deckboat 40 auto deploy anchor electric winch on white background\"},{\"@type\":\"BreadcrumbList\",\"@id\":\"https:\/\/atana.pl\/sklep-on-line\/windy_akcesoria\/windy\/trac-deckboat-40-autodeploy\/#breadcrumb\",\"itemListElement\":[{\"@type\":\"ListItem\",\"position\":1,\"name\":\"Strona g\u0142\u00f3wna\",\"item\":\"https:\/\/atana.pl\/\"},{\"@type\":\"ListItem\",\"position\":2,\"name\":\"Sklep on-line\",\"item\":\"https:\/\/atana.pl\/sklep-on-line\/\"},{\"@type\":\"ListItem\",\"position\":3,\"name\":\"Elektryczna winda kotwiczna TRAC Deckboat 40 Auto Deploy Gen 3\"}]},{\"@type\":\"WebSite\",\"@id\":\"https:\/\/atana.pl\/#website\",\"url\":\"https:\/\/atana.pl\/\",\"name\":\"Atana\",\"description\":\"Akcesoria do \u0142odzi, kamper\u00f3w i przyczep. \u0141odzie motorowe\",\"publisher\":{\"@id\":\"https:\/\/atana.pl\/#organization\"},\"potentialAction\":[{\"@type\":\"SearchAction\",\"target\":{\"@type\":\"EntryPoint\",\"urlTemplate\":\"https:\/\/atana.pl\/?s={search_term_string}\"},\"query-input\":{\"@type\":\"PropertyValueSpecification\",\"valueRequired\":true,\"valueName\":\"search_term_string\"}}],\"inLanguage\":\"en-GB\"},{\"@type\":\"Organization\",\"@id\":\"https:\/\/atana.pl\/#organization\",\"name\":\"Atana\",\"url\":\"https:\/\/atana.pl\/\",\"logo\":{\"@type\":\"ImageObject\",\"inLanguage\":\"en-GB\",\"@id\":\"https:\/\/atana.pl\/#\/schema\/logo\/image\/\",\"url\":\"\",\"contentUrl\":\"\",\"caption\":\"Atana\"},\"image\":{\"@id\":\"https:\/\/atana.pl\/#\/schema\/logo\/image\/\"},\"sameAs\":[\"https:\/\/www.facebook.com\/atanayachts\",\"https:\/\/www.instagram.com\/atanaboats\/\",\"https:\/\/www.youtube.com\/channel\/UClMMmVqqx17in9QzgxK90Mw\"]}]}<\/script>\n<!-- \/ Yoast SEO plugin. -->","yoast_head_json":{"title":"TRAC Deckboat 40 Autodeploy - Elektryczna winda kotwiczna","description":"Elektryczna winda kotwiczna TRAC Deckboat 40 Autodeploy z pilotem bezprzewodowym oraz automatycznym opuszczaniem. Zasilanie 12V. Wyci\u0105garka do kotwic 20kg","robots":{"index":"index","follow":"follow","max-snippet":"max-snippet:-1","max-image-preview":"max-image-preview:large","max-video-preview":"max-video-preview:-1"},"canonical":"https:\/\/atana.pl\/en\/online-shop\/lifts_accessories\/lifts\/trac-deckboat-40-autodeploy\/","og_locale":"en_GB","og_type":"article","og_title":"TRAC Deckboat 40 Autodeploy - Elektryczna winda kotwiczna","og_description":"Elektryczna winda kotwiczna TRAC Deckboat 40 Autodeploy z pilotem bezprzewodowym oraz automatycznym opuszczaniem. Zasilanie 12V. Wyci\u0105garka do kotwic 20kg","og_url":"https:\/\/atana.pl\/en\/online-shop\/lifts_accessories\/lifts\/trac-deckboat-40-autodeploy\/","og_site_name":"Atana","article_publisher":"https:\/\/www.facebook.com\/atanayachts","article_modified_time":"2026-03-23T19:21:22+00:00","og_image":[{"width":900,"height":900,"url":"https:\/\/atana.pl\/wp-content\/uploads\/1967\/01\/69005-trac-deckboat-40-auto-deploy-anchor-electric-winch-on-white-background.webp","type":"image\/webp"}],"twitter_card":"summary_large_image","twitter_misc":{"Estimated reading time":"2 minutes"},"schema":{"@context":"https:\/\/schema.org","@graph":[{"@type":"WebPage","@id":"https:\/\/atana.pl\/sklep-on-line\/windy_akcesoria\/windy\/trac-deckboat-40-autodeploy\/","url":"https:\/\/atana.pl\/sklep-on-line\/windy_akcesoria\/windy\/trac-deckboat-40-autodeploy\/","name":"TRAC Deckboat 40 Autodeploy - Elektryczna winda kotwiczna","isPartOf":{"@id":"https:\/\/atana.pl\/#website"},"primaryImageOfPage":{"@id":"https:\/\/atana.pl\/sklep-on-line\/windy_akcesoria\/windy\/trac-deckboat-40-autodeploy\/#primaryimage"},"image":{"@id":"https:\/\/atana.pl\/sklep-on-line\/windy_akcesoria\/windy\/trac-deckboat-40-autodeploy\/#primaryimage"},"thumbnailUrl":"https:\/\/atana.pl\/wp-content\/uploads\/1967\/01\/69005-trac-deckboat-40-auto-deploy-anchor-electric-winch-on-white-background.webp","datePublished":"2021-01-27T12:54:50+00:00","dateModified":"2026-03-23T19:21:22+00:00","description":"Elektryczna winda kotwiczna TRAC Deckboat 40 Autodeploy z pilotem bezprzewodowym oraz automatycznym opuszczaniem. Zasilanie 12V. Wyci\u0105garka do kotwic 20kg","breadcrumb":{"@id":"https:\/\/atana.pl\/sklep-on-line\/windy_akcesoria\/windy\/trac-deckboat-40-autodeploy\/#breadcrumb"},"inLanguage":"en-GB","potentialAction":[{"@type":"ReadAction","target":["https:\/\/atana.pl\/sklep-on-line\/windy_akcesoria\/windy\/trac-deckboat-40-autodeploy\/"]}]},{"@type":"ImageObject","inLanguage":"en-GB","@id":"https:\/\/atana.pl\/sklep-on-line\/windy_akcesoria\/windy\/trac-deckboat-40-autodeploy\/#primaryimage","url":"https:\/\/atana.pl\/wp-content\/uploads\/1967\/01\/69005-trac-deckboat-40-auto-deploy-anchor-electric-winch-on-white-background.webp","contentUrl":"https:\/\/atana.pl\/wp-content\/uploads\/1967\/01\/69005-trac-deckboat-40-auto-deploy-anchor-electric-winch-on-white-background.webp","width":900,"height":900,"caption":"69005 trac deckboat 40 auto deploy anchor electric winch on white background"},{"@type":"BreadcrumbList","@id":"https:\/\/atana.pl\/sklep-on-line\/windy_akcesoria\/windy\/trac-deckboat-40-autodeploy\/#breadcrumb","itemListElement":[{"@type":"ListItem","position":1,"name":"Strona g\u0142\u00f3wna","item":"https:\/\/atana.pl\/"},{"@type":"ListItem","position":2,"name":"Sklep on-line","item":"https:\/\/atana.pl\/sklep-on-line\/"},{"@type":"ListItem","position":3,"name":"Elektryczna winda kotwiczna TRAC Deckboat 40 Auto Deploy Gen 3"}]},{"@type":"WebSite","@id":"https:\/\/atana.pl\/#website","url":"https:\/\/atana.pl\/","name":"Atana","description":"Akcesoria do \u0142odzi, kamper\u00f3w i przyczep. \u0141odzie motorowe","publisher":{"@id":"https:\/\/atana.pl\/#organization"},"potentialAction":[{"@type":"SearchAction","target":{"@type":"EntryPoint","urlTemplate":"https:\/\/atana.pl\/?s={search_term_string}"},"query-input":{"@type":"PropertyValueSpecification","valueRequired":true,"valueName":"search_term_string"}}],"inLanguage":"en-GB"},{"@type":"Organization","@id":"https:\/\/atana.pl\/#organization","name":"Atana","url":"https:\/\/atana.pl\/","logo":{"@type":"ImageObject","inLanguage":"en-GB","@id":"https:\/\/atana.pl\/#\/schema\/logo\/image\/","url":"","contentUrl":"","caption":"Atana"},"image":{"@id":"https:\/\/atana.pl\/#\/schema\/logo\/image\/"},"sameAs":["https:\/\/www.facebook.com\/atanayachts","https:\/\/www.instagram.com\/atanaboats\/","https:\/\/www.youtube.com\/channel\/UClMMmVqqx17in9QzgxK90Mw"]}]}},"_links":{"self":[{"href":"https:\/\/atana.pl\/en\/wp-json\/wp\/v2\/product\/5134","targetHints":{"allow":["GET"]}}],"collection":[{"href":"https:\/\/atana.pl\/en\/wp-json\/wp\/v2\/product"}],"about":[{"href":"https:\/\/atana.pl\/en\/wp-json\/wp\/v2\/types\/product"}],"wp:featuredmedia":[{"embeddable":true,"href":"https:\/\/atana.pl\/en\/wp-json\/wp\/v2\/media\/7494"}],"wp:attachment":[{"href":"https:\/\/atana.pl\/en\/wp-json\/wp\/v2\/media?parent=5134"}],"wp:term":[{"taxonomy":"product_brand","embeddable":true,"href":"https:\/\/atana.pl\/en\/wp-json\/wp\/v2\/product_brand?post=5134"},{"taxonomy":"product_cat","embeddable":true,"href":"https:\/\/atana.pl\/en\/wp-json\/wp\/v2\/product_cat?post=5134"},{"taxonomy":"product_tag","embeddable":true,"href":"https:\/\/atana.pl\/en\/wp-json\/wp\/v2\/product_tag?post=5134"}],"curies":[{"name":"wp","href":"https:\/\/api.w.org\/{rel}","templated":true}]}}