{"id":5118,"date":"2022-01-27T13:54:51","date_gmt":"2022-01-27T12:54:51","guid":{"rendered":"https:\/\/atana.pl\/sklep-on-line\/trac-angler-30-autodeploy\/"},"modified":"2026-03-19T10:14:54","modified_gmt":"2026-03-19T09:14:54","slug":"trac-angler-30-autodeploy","status":"publish","type":"product","link":"https:\/\/atana.pl\/en\/online-shop\/lifts_accessories\/lifts\/trac-angler-30-autodeploy\/","title":{"rendered":"Electric anchor windlass TRAC Angler 30 Auto Deploy Gen 3"},"content":{"rendered":"<h2 class=\"\" data-start=\"151\" data-end=\"277\"><strong data-start=\"154\" data-end=\"277\">TRAC Angler 30 Auto Deploy G3 electric anchor windlass - new generation with automatic anchor lowering function<\/strong><\/h2>\n<p class=\"\" data-start=\"279\" data-end=\"625\"><strong data-start=\"279\" data-end=\"321\">TRAC Angler 30 Auto Deploy Generation 3<\/strong> is the latest model of the electric anchor winch, equipped with an innovative function <strong data-start=\"410\" data-end=\"425\">Auto Deploy <\/strong>- an intelligent solution that allows the anchor to be lowered automatically, without the need for manual control of the process.<\/p>\n<p>At the touch of a button on the remote control, the control panel or directly on the winch, the automation takes care of the rest.  This function will stop the rope unwinding as soon as the anchor touches the bottom. <strong>Auto Deploy<\/strong> remains active, unwinding only the taut rope to prevent it from becoming entangled.<\/p>\n<p>This solution means that the ascender can be mounted in the storage compartment without fear of the rope becoming tangled - even when there is no full visual control.<\/p>\n<p>When we feel that the anchor is successfully holding our unit, simply press any button on the remote control or control panel to deactivate the function. The lift will no longer unwind the taut line and the unit will remain stably anchored.<\/p>\n<p><strong>Auto Deploy<\/strong> is not only safety, but also maximum convenience, which will work for any type of TRAC lift installation on a boat.<\/p>\n<p class=\"\" data-start=\"279\" data-end=\"625\">Compared to earlier versions, the 3rd generation stands out:<\/p>\n<ul data-start=\"693\" data-end=\"865\">\n<li class=\"\" data-start=\"693\" data-end=\"730\">\n<p class=\"\" data-start=\"695\" data-end=\"730\">new engine with increased power,<\/p>\n<\/li>\n<li class=\"\" data-start=\"731\" data-end=\"757\">\n<p class=\"\" data-start=\"733\" data-end=\"757\">improved transmission,<\/p>\n<\/li>\n<li class=\"\" data-start=\"758\" data-end=\"785\">\n<p class=\"\" data-start=\"760\" data-end=\"785\">the new control panel,<\/p>\n<\/li>\n<li class=\"\" data-start=\"786\" data-end=\"865\">\n<p class=\"\" data-start=\"788\" data-end=\"865\">still <strong data-start=\"796\" data-end=\"813\">quieter operation<\/strong>comparable to the sound of an outboard engine trim.<\/p>\n<\/li>\n<\/ul>\n<h4 data-start=\"350\" data-end=\"648\">Wyci\u0105garka do kotwicy TRAC \u2013 wygoda, niezawodno\u015b\u0107 i bezpiecze\u0144stwo na wodzie.<\/h4>\n<hr class=\"\" data-start=\"867\" data-end=\"870\" \/>\n<h3 class=\"\" data-start=\"872\" data-end=\"935\">\u2705 <strong data-start=\"878\" data-end=\"935\">Key features of TRAC Angler 30 Auto Deploy Gen 3:<\/strong><\/h3>\n<ul data-start=\"936\" data-end=\"1391\">\n<li class=\"\" data-start=\"936\" data-end=\"1026\">\n<p class=\"\" data-start=\"938\" data-end=\"1026\"><strong data-start=\"938\" data-end=\"961\">Auto Deploy function<\/strong> - one push of a button = automatic lowering of the anchor<\/p>\n<\/li>\n<li class=\"\" data-start=\"1027\" data-end=\"1107\">\n<p class=\"\" data-start=\"1029\" data-end=\"1107\"><strong data-start=\"1029\" data-end=\"1051\">Limit switch<\/strong> - stops the device when the anchor touches the bottom<\/p>\n<\/li>\n<li class=\"\" data-start=\"1108\" data-end=\"1170\">\n<p class=\"\" data-start=\"1110\" data-end=\"1170\"><strong data-start=\"1110\" data-end=\"1170\">Any length of rope can be unwound with precision<\/strong><\/p>\n<\/li>\n<li class=\"\" data-start=\"1171\" data-end=\"1239\">\n<p class=\"\" data-start=\"1173\" data-end=\"1239\"><strong data-start=\"1173\" data-end=\"1202\">New engine and transmission<\/strong> - even more power and reliability<\/p>\n<\/li>\n<li class=\"\" data-start=\"1240\" data-end=\"1289\">\n<p class=\"\" data-start=\"1242\" data-end=\"1289\"><strong data-start=\"1242\" data-end=\"1257\">Quiet operation<\/strong> - does not disturb on the water<\/p>\n<\/li>\n<li class=\"\" data-start=\"1290\" data-end=\"1355\">\n<p class=\"\" data-start=\"1292\" data-end=\"1355\"><strong data-start=\"1292\" data-end=\"1313\">Ready for installation<\/strong> - all necessary components included<\/p>\n<\/li>\n<li class=\"\" data-start=\"1356\" data-end=\"1391\">\n<p class=\"\" data-start=\"1358\" data-end=\"1391\"><strong data-start=\"1358\" data-end=\"1391\">30 m of anchor line with shackle<\/strong><\/p>\n<\/li>\n<\/ul>\n<hr class=\"\" data-start=\"1706\" data-end=\"1709\" \/>\n<h3 class=\"\" data-start=\"1711\" data-end=\"1758\">\ud83d\udee0\ufe0f <strong data-start=\"1719\" data-end=\"1758\">Optional accessories to be purchased:<\/strong><\/h3>\n<p><strong>\ud83d\udce6<\/strong> <a href=\"https:\/\/atana.pl\/en\/online-shop\/lifts_accessories\/dodatkowe-sterowanie\/dodatkowy-panel-sterowania-a-d-g3\/\">Control panel<\/a><\/p>\n<p><strong>\ud83d\udce6<\/strong> <a href=\"https:\/\/atana.pl\/en\/online-shop\/lifts_accessories\/sruby\/dodatkowe-sruby-montazowe-4-szt\/\">Screws 4 pcs.<\/a><\/p>\n<p><strong>\ud83d\udce6<\/strong> <a href=\"https:\/\/atana.pl\/en\/online-shop\/lifts_accessories\/sruby\/dodatkowe-sruby-montazowe-8-szt\/\">Screws 8 pcs.\u00a0<\/a><\/p>\n<p><strong>\ud83d\udce6<\/strong> <a href=\"https:\/\/atana.pl\/en\/online-shop\/lifts_accessories\/plates\/plyta-montazowa-a30-d40-gen-3\/\">Mounting plate<\/a><\/p>\n<p><strong>\ud83d\udce6<\/strong> <a href=\"https:\/\/atana.pl\/en\/online-shop\/lifts_accessories\/plates\/szybkozlacze\/\">Quick connector<\/a><\/p>\n<p><strong>\ud83d\udce6<\/strong> <a href=\"https:\/\/atana.pl\/en\/online-shop\/lifts_accessories\/plates\/uchwyt-na-burte-pawez-90\/\">90\u00b0 board\/ transom mount<\/a><\/p>\n<p><strong>\ud83d\udce6<\/strong> <a href=\"https:\/\/atana.pl\/en\/online-shop\/lifts_accessories\/plates\/uchwyt-na-burte-pawez-12\/\">12\u00b0 board\/ transom mount<\/a><\/p>\n<h5>The winch comes with an anchor roller, if mounting on the boat will require a different or additional roller, available:<\/h5>\n<p><strong>\ud83d\udce6<\/strong> <a href=\"https:\/\/atana.pl\/en\/online-shop\/lifts_accessories\/anchor-rollers-guide-rollers\/rolka-kotwiczna-nierdzewna-polerowana\/\">Stainless steel anchor roller SKU RKP305<\/a><\/p>\n<p><strong>\ud83d\udce6<\/strong> <a href=\"https:\/\/atana.pl\/en\/online-shop\/lifts_accessories\/anchor-rollers-guide-rollers\/rolka-kotwiczna-uchylna-nierdzewna-polerowana\/\">Stainless steel tilting anchor roller SKU RKU355<\/a><\/p>\n<p><strong>\ud83d\udce6<\/strong> <a href=\"https:\/\/atana.pl\/en\/online-shop\/lifts_accessories\/anchor-rollers-guide-rollers\/rolka-uchylna-trac\/\">Trac stainless steel roller SKU 69062<\/a><\/p>\n<p><strong>\ud83d\udce6<\/strong> <a href=\"https:\/\/atana.pl\/en\/online-shop\/lifts_accessories\/anchor-rollers-guide-rollers\/rolka-prowadzaca-do-liny-lub-lancucha-polerowana\/\">Rope guide roller stainless SKU RP96<\/a><\/p>\n<p>&nbsp;<\/p>\n<hr class=\"\" data-start=\"1915\" data-end=\"1918\" \/>\n<h2 class=\"\" data-start=\"1920\" data-end=\"1975\">\u2693 <strong data-start=\"1925\" data-end=\"1975\">Maximum comfort and security for anchoring<\/strong><\/h2>\n<p class=\"\" data-start=\"1976\" data-end=\"2286\">System <strong data-start=\"1983\" data-end=\"1998\">Auto Deploy<\/strong> makes the TRAC Angler 30 G3 one of the most advanced and convenient anchor winches on the market. Suitable for boats up to 7m in length, it guarantees safe and effortless anchor lowering and raising, without tangled lines or the need for constant supervision.<\/p>\n<p class=\"\" data-start=\"2288\" data-end=\"2409\">Thanks to the compatible rollers and brackets, the anchor remains securely seated during the voyage - without tugging or damage.<\/p>\n<hr class=\"\" data-start=\"2411\" data-end=\"2414\" \/>\n<h2 class=\"\" data-start=\"2416\" data-end=\"2467\">\ud83d\udee0\ufe0f <strong data-start=\"2423\" data-end=\"2467\">Technical assistance and installation nationwide<\/strong><\/h2>\n<p class=\"\" data-start=\"2468\" data-end=\"2699\">Not sure which anchor windlass to choose for your boat? Contact us - we'll help you choose the right model and accessories, advise on installation and point you to reliable installation partners throughout Poland.<\/p>\n<p data-start=\"2468\" data-end=\"2699\"><a href=\"https:\/\/atana.pl\/en\/sposoby-montazu-elektrycznych-wind-kotwicznych-trac\/\">&#8230;Czytaj wi\u0119cej o sposobach monta\u017cu windy.<\/a><\/p>\n<hr class=\"\" data-start=\"2756\" data-end=\"2759\" \/>\n<h2 class=\"\" data-start=\"2761\" data-end=\"2787\">\ud83d\udee1\ufe0f Guarantee and service:<\/h2>\n<ul data-start=\"2788\" data-end=\"2944\">\n<li class=\"\" data-start=\"2788\" data-end=\"2819\">\n<p class=\"\" data-start=\"2790\" data-end=\"2819\">2-year manufacturer's warranty<\/p>\n<\/li>\n<li class=\"\" data-start=\"2820\" data-end=\"2858\">\n<p class=\"\" data-start=\"2822\" data-end=\"2858\">Service and full technical support<\/p>\n<\/li>\n<li class=\"\" data-start=\"2859\" data-end=\"2915\">\n<p class=\"\" data-start=\"2861\" data-end=\"2915\">Spare parts also available for older models<\/p>\n<\/li>\n<li class=\"\" data-start=\"2916\" data-end=\"2944\">\n<p class=\"\" data-start=\"2918\" data-end=\"2944\">Safe and simple installation<\/p>\n<\/li>\n<\/ul>\n<hr class=\"\" data-start=\"2946\" data-end=\"2949\" \/>\n<h2 class=\"\" data-start=\"2951\" data-end=\"3016\">\ud83d\udd27 Looking for a modern anchor lift with Auto Deploy?<\/h2>\n<p class=\"\" data-start=\"3017\" data-end=\"3219\"><strong data-start=\"3017\" data-end=\"3038\">TRAC Angler 30 G3<\/strong> is a modern, efficient and convenient to use <strong data-start=\"3081\" data-end=\"3117\">electric anchor winch<\/strong> with an automatic lowering function. Check it out and bet on quality, technology and safety!<\/p>","protected":false},"excerpt":{"rendered":"<ul>\n<li>Electric anchor lift.<\/li>\n<li>Can be installed in the tank.<\/li>\n<li>Anchor roller included.<\/li>\n<li>Wireless remote control included.<\/li>\n<li>Additional control panel optional.<\/li>\n<li>Automatic anchor lowering without the risk of line entanglement.<\/li>\n<li>Power supply 12V\/20 Amp.<\/li>\n<li>Anchor max 20kg.<\/li>\n<li>Fits TRAC mounting plates.<\/li>\n<\/ul>","protected":false},"featured_media":7482,"template":"","meta":{"_acf_changed":false},"product_brand":[1793],"product_cat":[104,105,102],"product_tag":[169,197,204,165,190,151,155,201,170,161,176,202,195,198,166,199,203,196,200,192],"class_list":{"0":"post-5118","1":"product","2":"type-product","3":"status-publish","4":"has-post-thumbnail","6":"product_brand-trac","7":"product_cat-windy_akcesoria","8":"product_cat-windy","9":"product_cat-trac","10":"product_tag-akcesoria-do-windy-kotwicznej","11":"product_tag-automatyczna-winda-kotwiczna","12":"product_tag-automatyczne-opuszczanie-kotwicy","13":"product_tag-cicha-winda-kotwiczna","14":"product_tag-elektryczna-kotwica-do-lodzi","15":"product_tag-elektryczna-winda-kotwiczna","16":"product_tag-elektryczna-wyciagarka-do-lodzi","17":"product_tag-kotwica-automatyczna-do-lodzi","18":"product_tag-kotwiczenie-lodzi","19":"product_tag-montaz-windy-kotwicznej","20":"product_tag-pilot-do-windy-kotwicznej","21":"product_tag-system-kotwiczenia-trac","22":"product_tag-trac-angler-30-auto-deploy","23":"product_tag-trac-angler-30-gen-3","24":"product_tag-winda-kotwiczna-z-pilotem","25":"product_tag-wyciagarka-do-kotwicy-z-funkcja-auto-deploy","26":"product_tag-wyciagarka-kotwiczna-30-lb","27":"product_tag-wyciagarka-kotwiczna-z-auto-deploy","28":"product_tag-wyciagarka-kotwiczna-z-krancowka","29":"product_tag-wyciagarka-trac-g3","30":"product_shipping_class-kurier-odbior-osobisty","32":"first","33":"instock","34":"taxable","35":"shipping-taxable","36":"purchasable","37":"product-type-simple"},"acf":[],"yoast_head":"<!-- This site is optimized with the Yoast SEO plugin v25.2 - https:\/\/yoast.com\/wordpress\/plugins\/seo\/ -->\n<title>Elektryczna winda kotwiczna TRAC Angler 30 Auto Deploy Gen 3 - Atana<\/title>\n<meta name=\"description\" content=\"Elektryczna winda kotwiczna TRAC Angler 30 Autodeploy z pilotem bezprzewodowym oraz automatycznym opuszczaniem. Zasilanie 12V. Wyci\u0105garka do kotwic max 20kg\" \/>\n<meta name=\"robots\" content=\"index, follow, max-snippet:-1, max-image-preview:large, max-video-preview:-1\" \/>\n<link rel=\"canonical\" href=\"https:\/\/atana.pl\/en\/online-shop\/lifts_accessories\/lifts\/trac-angler-30-autodeploy\/\" \/>\n<meta property=\"og:locale\" content=\"en_GB\" \/>\n<meta property=\"og:type\" content=\"article\" \/>\n<meta property=\"og:title\" content=\"Elektryczna winda kotwiczna TRAC Angler 30 Auto Deploy Gen 3 - Atana\" \/>\n<meta property=\"og:description\" content=\"Elektryczna winda kotwiczna TRAC Angler 30 Autodeploy z pilotem bezprzewodowym oraz automatycznym opuszczaniem. Zasilanie 12V. Wyci\u0105garka do kotwic max 20kg\" \/>\n<meta property=\"og:url\" content=\"https:\/\/atana.pl\/en\/online-shop\/lifts_accessories\/lifts\/trac-angler-30-autodeploy\/\" \/>\n<meta property=\"og:site_name\" content=\"Atana\" \/>\n<meta property=\"article:publisher\" content=\"https:\/\/www.facebook.com\/atanayachts\" \/>\n<meta property=\"article:modified_time\" content=\"2026-03-19T09:14:54+00:00\" \/>\n<meta property=\"og:image\" content=\"https:\/\/atana.pl\/wp-content\/uploads\/1967\/01\/69004-trac-angler-30-auto-deploy-anchor-electric-winch-on-white-background.webp\" \/>\n\t<meta property=\"og:image:width\" content=\"900\" \/>\n\t<meta property=\"og:image:height\" content=\"900\" \/>\n\t<meta property=\"og:image:type\" content=\"image\/webp\" \/>\n<meta name=\"twitter:card\" content=\"summary_large_image\" \/>\n<meta name=\"twitter:label1\" content=\"Estimated reading time\" \/>\n\t<meta name=\"twitter:data1\" content=\"3 minutes\" \/>\n<script type=\"application\/ld+json\" class=\"yoast-schema-graph\">{\"@context\":\"https:\/\/schema.org\",\"@graph\":[{\"@type\":\"WebPage\",\"@id\":\"https:\/\/atana.pl\/sklep-on-line\/windy_akcesoria\/windy\/trac-angler-30-autodeploy\/\",\"url\":\"https:\/\/atana.pl\/sklep-on-line\/windy_akcesoria\/windy\/trac-angler-30-autodeploy\/\",\"name\":\"Elektryczna winda kotwiczna TRAC Angler 30 Auto Deploy Gen 3 - Atana\",\"isPartOf\":{\"@id\":\"https:\/\/atana.pl\/#website\"},\"primaryImageOfPage\":{\"@id\":\"https:\/\/atana.pl\/sklep-on-line\/windy_akcesoria\/windy\/trac-angler-30-autodeploy\/#primaryimage\"},\"image\":{\"@id\":\"https:\/\/atana.pl\/sklep-on-line\/windy_akcesoria\/windy\/trac-angler-30-autodeploy\/#primaryimage\"},\"thumbnailUrl\":\"https:\/\/atana.pl\/wp-content\/uploads\/1967\/01\/69004-trac-angler-30-auto-deploy-anchor-electric-winch-on-white-background.webp\",\"datePublished\":\"2022-01-27T12:54:51+00:00\",\"dateModified\":\"2026-03-19T09:14:54+00:00\",\"description\":\"Elektryczna winda kotwiczna TRAC Angler 30 Autodeploy z pilotem bezprzewodowym oraz automatycznym opuszczaniem. Zasilanie 12V. Wyci\u0105garka do kotwic max 20kg\",\"breadcrumb\":{\"@id\":\"https:\/\/atana.pl\/sklep-on-line\/windy_akcesoria\/windy\/trac-angler-30-autodeploy\/#breadcrumb\"},\"inLanguage\":\"en-GB\",\"potentialAction\":[{\"@type\":\"ReadAction\",\"target\":[\"https:\/\/atana.pl\/sklep-on-line\/windy_akcesoria\/windy\/trac-angler-30-autodeploy\/\"]}]},{\"@type\":\"ImageObject\",\"inLanguage\":\"en-GB\",\"@id\":\"https:\/\/atana.pl\/sklep-on-line\/windy_akcesoria\/windy\/trac-angler-30-autodeploy\/#primaryimage\",\"url\":\"https:\/\/atana.pl\/wp-content\/uploads\/1967\/01\/69004-trac-angler-30-auto-deploy-anchor-electric-winch-on-white-background.webp\",\"contentUrl\":\"https:\/\/atana.pl\/wp-content\/uploads\/1967\/01\/69004-trac-angler-30-auto-deploy-anchor-electric-winch-on-white-background.webp\",\"width\":900,\"height\":900,\"caption\":\"69004 trac angler 30 auto deploy anchor electric winch on white background\"},{\"@type\":\"BreadcrumbList\",\"@id\":\"https:\/\/atana.pl\/sklep-on-line\/windy_akcesoria\/windy\/trac-angler-30-autodeploy\/#breadcrumb\",\"itemListElement\":[{\"@type\":\"ListItem\",\"position\":1,\"name\":\"Strona g\u0142\u00f3wna\",\"item\":\"https:\/\/atana.pl\/\"},{\"@type\":\"ListItem\",\"position\":2,\"name\":\"Sklep on-line\",\"item\":\"https:\/\/atana.pl\/sklep-on-line\/\"},{\"@type\":\"ListItem\",\"position\":3,\"name\":\"Elektryczna winda kotwiczna TRAC Angler 30 Auto Deploy Gen 3\"}]},{\"@type\":\"WebSite\",\"@id\":\"https:\/\/atana.pl\/#website\",\"url\":\"https:\/\/atana.pl\/\",\"name\":\"Atana\",\"description\":\"Akcesoria do \u0142odzi, kamper\u00f3w i przyczep. \u0141odzie motorowe\",\"publisher\":{\"@id\":\"https:\/\/atana.pl\/#organization\"},\"potentialAction\":[{\"@type\":\"SearchAction\",\"target\":{\"@type\":\"EntryPoint\",\"urlTemplate\":\"https:\/\/atana.pl\/?s={search_term_string}\"},\"query-input\":{\"@type\":\"PropertyValueSpecification\",\"valueRequired\":true,\"valueName\":\"search_term_string\"}}],\"inLanguage\":\"en-GB\"},{\"@type\":\"Organization\",\"@id\":\"https:\/\/atana.pl\/#organization\",\"name\":\"Atana\",\"url\":\"https:\/\/atana.pl\/\",\"logo\":{\"@type\":\"ImageObject\",\"inLanguage\":\"en-GB\",\"@id\":\"https:\/\/atana.pl\/#\/schema\/logo\/image\/\",\"url\":\"\",\"contentUrl\":\"\",\"caption\":\"Atana\"},\"image\":{\"@id\":\"https:\/\/atana.pl\/#\/schema\/logo\/image\/\"},\"sameAs\":[\"https:\/\/www.facebook.com\/atanayachts\",\"https:\/\/www.instagram.com\/atanaboats\/\",\"https:\/\/www.youtube.com\/channel\/UClMMmVqqx17in9QzgxK90Mw\"]}]}<\/script>\n<!-- \/ Yoast SEO plugin. -->","yoast_head_json":{"title":"Elektryczna winda kotwiczna TRAC Angler 30 Auto Deploy Gen 3 - Atana","description":"Elektryczna winda kotwiczna TRAC Angler 30 Autodeploy z pilotem bezprzewodowym oraz automatycznym opuszczaniem. Zasilanie 12V. Wyci\u0105garka do kotwic max 20kg","robots":{"index":"index","follow":"follow","max-snippet":"max-snippet:-1","max-image-preview":"max-image-preview:large","max-video-preview":"max-video-preview:-1"},"canonical":"https:\/\/atana.pl\/en\/online-shop\/lifts_accessories\/lifts\/trac-angler-30-autodeploy\/","og_locale":"en_GB","og_type":"article","og_title":"Elektryczna winda kotwiczna TRAC Angler 30 Auto Deploy Gen 3 - Atana","og_description":"Elektryczna winda kotwiczna TRAC Angler 30 Autodeploy z pilotem bezprzewodowym oraz automatycznym opuszczaniem. Zasilanie 12V. Wyci\u0105garka do kotwic max 20kg","og_url":"https:\/\/atana.pl\/en\/online-shop\/lifts_accessories\/lifts\/trac-angler-30-autodeploy\/","og_site_name":"Atana","article_publisher":"https:\/\/www.facebook.com\/atanayachts","article_modified_time":"2026-03-19T09:14:54+00:00","og_image":[{"width":900,"height":900,"url":"https:\/\/atana.pl\/wp-content\/uploads\/1967\/01\/69004-trac-angler-30-auto-deploy-anchor-electric-winch-on-white-background.webp","type":"image\/webp"}],"twitter_card":"summary_large_image","twitter_misc":{"Estimated reading time":"3 minutes"},"schema":{"@context":"https:\/\/schema.org","@graph":[{"@type":"WebPage","@id":"https:\/\/atana.pl\/sklep-on-line\/windy_akcesoria\/windy\/trac-angler-30-autodeploy\/","url":"https:\/\/atana.pl\/sklep-on-line\/windy_akcesoria\/windy\/trac-angler-30-autodeploy\/","name":"Elektryczna winda kotwiczna TRAC Angler 30 Auto Deploy Gen 3 - Atana","isPartOf":{"@id":"https:\/\/atana.pl\/#website"},"primaryImageOfPage":{"@id":"https:\/\/atana.pl\/sklep-on-line\/windy_akcesoria\/windy\/trac-angler-30-autodeploy\/#primaryimage"},"image":{"@id":"https:\/\/atana.pl\/sklep-on-line\/windy_akcesoria\/windy\/trac-angler-30-autodeploy\/#primaryimage"},"thumbnailUrl":"https:\/\/atana.pl\/wp-content\/uploads\/1967\/01\/69004-trac-angler-30-auto-deploy-anchor-electric-winch-on-white-background.webp","datePublished":"2022-01-27T12:54:51+00:00","dateModified":"2026-03-19T09:14:54+00:00","description":"Elektryczna winda kotwiczna TRAC Angler 30 Autodeploy z pilotem bezprzewodowym oraz automatycznym opuszczaniem. Zasilanie 12V. Wyci\u0105garka do kotwic max 20kg","breadcrumb":{"@id":"https:\/\/atana.pl\/sklep-on-line\/windy_akcesoria\/windy\/trac-angler-30-autodeploy\/#breadcrumb"},"inLanguage":"en-GB","potentialAction":[{"@type":"ReadAction","target":["https:\/\/atana.pl\/sklep-on-line\/windy_akcesoria\/windy\/trac-angler-30-autodeploy\/"]}]},{"@type":"ImageObject","inLanguage":"en-GB","@id":"https:\/\/atana.pl\/sklep-on-line\/windy_akcesoria\/windy\/trac-angler-30-autodeploy\/#primaryimage","url":"https:\/\/atana.pl\/wp-content\/uploads\/1967\/01\/69004-trac-angler-30-auto-deploy-anchor-electric-winch-on-white-background.webp","contentUrl":"https:\/\/atana.pl\/wp-content\/uploads\/1967\/01\/69004-trac-angler-30-auto-deploy-anchor-electric-winch-on-white-background.webp","width":900,"height":900,"caption":"69004 trac angler 30 auto deploy anchor electric winch on white background"},{"@type":"BreadcrumbList","@id":"https:\/\/atana.pl\/sklep-on-line\/windy_akcesoria\/windy\/trac-angler-30-autodeploy\/#breadcrumb","itemListElement":[{"@type":"ListItem","position":1,"name":"Strona g\u0142\u00f3wna","item":"https:\/\/atana.pl\/"},{"@type":"ListItem","position":2,"name":"Sklep on-line","item":"https:\/\/atana.pl\/sklep-on-line\/"},{"@type":"ListItem","position":3,"name":"Elektryczna winda kotwiczna TRAC Angler 30 Auto Deploy Gen 3"}]},{"@type":"WebSite","@id":"https:\/\/atana.pl\/#website","url":"https:\/\/atana.pl\/","name":"Atana","description":"Akcesoria do \u0142odzi, kamper\u00f3w i przyczep. \u0141odzie motorowe","publisher":{"@id":"https:\/\/atana.pl\/#organization"},"potentialAction":[{"@type":"SearchAction","target":{"@type":"EntryPoint","urlTemplate":"https:\/\/atana.pl\/?s={search_term_string}"},"query-input":{"@type":"PropertyValueSpecification","valueRequired":true,"valueName":"search_term_string"}}],"inLanguage":"en-GB"},{"@type":"Organization","@id":"https:\/\/atana.pl\/#organization","name":"Atana","url":"https:\/\/atana.pl\/","logo":{"@type":"ImageObject","inLanguage":"en-GB","@id":"https:\/\/atana.pl\/#\/schema\/logo\/image\/","url":"","contentUrl":"","caption":"Atana"},"image":{"@id":"https:\/\/atana.pl\/#\/schema\/logo\/image\/"},"sameAs":["https:\/\/www.facebook.com\/atanayachts","https:\/\/www.instagram.com\/atanaboats\/","https:\/\/www.youtube.com\/channel\/UClMMmVqqx17in9QzgxK90Mw"]}]}},"_links":{"self":[{"href":"https:\/\/atana.pl\/en\/wp-json\/wp\/v2\/product\/5118","targetHints":{"allow":["GET"]}}],"collection":[{"href":"https:\/\/atana.pl\/en\/wp-json\/wp\/v2\/product"}],"about":[{"href":"https:\/\/atana.pl\/en\/wp-json\/wp\/v2\/types\/product"}],"wp:featuredmedia":[{"embeddable":true,"href":"https:\/\/atana.pl\/en\/wp-json\/wp\/v2\/media\/7482"}],"wp:attachment":[{"href":"https:\/\/atana.pl\/en\/wp-json\/wp\/v2\/media?parent=5118"}],"wp:term":[{"taxonomy":"product_brand","embeddable":true,"href":"https:\/\/atana.pl\/en\/wp-json\/wp\/v2\/product_brand?post=5118"},{"taxonomy":"product_cat","embeddable":true,"href":"https:\/\/atana.pl\/en\/wp-json\/wp\/v2\/product_cat?post=5118"},{"taxonomy":"product_tag","embeddable":true,"href":"https:\/\/atana.pl\/en\/wp-json\/wp\/v2\/product_tag?post=5118"}],"curies":[{"name":"wp","href":"https:\/\/api.w.org\/{rel}","templated":true}]}}