{"id":5101,"date":"2024-01-27T13:54:51","date_gmt":"2024-01-27T12:54:51","guid":{"rendered":"https:\/\/atana.pl\/sklep-on-line\/trac-fisherman-25\/"},"modified":"2026-03-05T13:24:07","modified_gmt":"2026-03-05T12:24:07","slug":"trac-fisherman-25","status":"publish","type":"product","link":"https:\/\/atana.pl\/en\/online-shop\/lifts_accessories\/lifts\/trac-fisherman-25\/","title":{"rendered":"TRAC Fisherman 25 Gen 3 electric anchor windlass"},"content":{"rendered":"<h2 class=\"\" data-start=\"134\" data-end=\"242\"><strong data-start=\"137\" data-end=\"242\">Elektryczna winda kotwiczna TRAC Fisherman 25 G3 \u2013 nowa generacja, wi\u0119ksza moc, jeszcze cichsza praca<\/strong><\/h2>\n<p class=\"\" data-start=\"244\" data-end=\"561\"><strong data-start=\"244\" data-end=\"282\">TRAC Fisherman 25 Generacja 3 (G3)<\/strong> to najnowszy model elektrycznej windy kotwicznej do \u0142odzi, zaprojektowany z my\u015bl\u0105 o jeszcze lepszej wydajno\u015bci, niezawodno\u015bci i maksymalnym komforcie u\u017cytkowania. Nowa generacja cechuje si\u0119 <strong data-start=\"473\" data-end=\"498\">wyj\u0105tkowo cich\u0105 prac\u0105<\/strong>, zwi\u0119kszon\u0105 moc\u0105 oraz jeszcze bardziej wytrzyma\u0142\u0105 konstrukcj\u0105.<\/p>\n<p class=\"\" data-start=\"563\" data-end=\"853\">Dzi\u0119ki zastosowaniu <strong data-start=\"583\" data-end=\"611\">stalowych z\u0119batek nap\u0119du<\/strong>, <strong data-start=\"613\" data-end=\"630\">stalowej ramy<\/strong> oraz <strong data-start=\"636\" data-end=\"671\">obudowy z trwa\u0142ego tworzywa ABS<\/strong>, winda jest odporna na intensywn\u0105 eksploatacj\u0119 i trudne warunki atmosferyczne. Idealnie sprawdza si\u0119 na wodach s\u0142odkich i s\u0142onych \u2013 do \u0142odzi rekreacyjnych, w\u0119dkarskich i u\u017cytkowych.<\/p>\n<h4 data-start=\"350\" data-end=\"648\">Wyci\u0105garka do kotwicy TRAC \u2013 wygoda, niezawodno\u015b\u0107 i bezpiecze\u0144stwo na wodzie.<\/h4>\n<hr class=\"\" data-start=\"855\" data-end=\"858\" \/>\n<h3 class=\"\" data-start=\"860\" data-end=\"911\">\u2705 <strong data-start=\"866\" data-end=\"911\">Najwa\u017cniejsze cechy TRAC Fisherman 25 G3:<\/strong><\/h3>\n<ul data-start=\"912\" data-end=\"1261\">\n<li class=\"\" data-start=\"912\" data-end=\"991\">\n<p class=\"\" data-start=\"914\" data-end=\"991\"><strong data-start=\"914\" data-end=\"946\">Cicha i p\u0142ynna praca silnika<\/strong> \u2013 nowa generacja jeszcze bardziej komfortowa<\/p>\n<\/li>\n<li class=\"\" data-start=\"992\" data-end=\"1055\">\n<p class=\"\" data-start=\"994\" data-end=\"1055\"><strong data-start=\"994\" data-end=\"1018\">Du\u017ca moc podnoszenia<\/strong> \u2013 idealna do kotwic do 11 kg (25 lb)<\/p>\n<\/li>\n<li class=\"\" data-start=\"1056\" data-end=\"1105\">\n<p class=\"\" data-start=\"1058\" data-end=\"1105\"><strong data-start=\"1058\" data-end=\"1081\">Solidna konstrukcja<\/strong> \u2013 stal + wzmocnione ABS<\/p>\n<\/li>\n<li class=\"\" data-start=\"1106\" data-end=\"1167\">\n<p class=\"\" data-start=\"1108\" data-end=\"1167\"><strong data-start=\"1108\" data-end=\"1129\">Ready for installation<\/strong> \u2013 pe\u0142ny zestaw akcesori\u00f3w w komplecie<\/p>\n<\/li>\n<li class=\"\" data-start=\"1168\" data-end=\"1261\">\n<p class=\"\" data-start=\"1170\" data-end=\"1261\"><strong data-start=\"1170\" data-end=\"1193\">Mo\u017cliwo\u015b\u0107 rozbudowy<\/strong> \u2013 pilot bezprzewodowy, dodatkowy w\u0142\u0105cznik, uchwyty i inne akcesoria<\/p>\n<\/li>\n<\/ul>\n<hr class=\"\" data-start=\"1504\" data-end=\"1507\" \/>\n<h2 class=\"\" data-start=\"1509\" data-end=\"1554\">\ud83d\udd27 <strong data-start=\"1515\" data-end=\"1554\">Optional accessories to be purchased:<\/strong><\/h2>\n<p><strong>\ud83d\udce6 <\/strong><a href=\"https:\/\/atana.pl\/en\/online-shop\/lifts_accessories\/dodatkowe-sterowanie\/dodatkowy-pilot\/\">Wireless remote control G3 - set<\/a><\/p>\n<p><strong>\ud83d\udce6 <\/strong><a href=\"https:\/\/atana.pl\/en\/online-shop\/lifts_accessories\/dodatkowe-sterowanie\/dodatkowy-panel-g3\/\">Additional control panel G3<\/a><\/p>\n<p><strong>\ud83d\udce6 <\/strong><a href=\"https:\/\/atana.pl\/en\/online-shop\/lifts_accessories\/sruby\/dodatkowe-sruby-montazowe-4-szt\/\">Screws 4 pcs.<\/a><\/p>\n<p><strong>\ud83d\udce6 <\/strong><a href=\"https:\/\/atana.pl\/en\/online-shop\/lifts_accessories\/sruby\/dodatkowe-sruby-montazowe-8-szt\/\">Screws 8 pcs.<\/a><\/p>\n<p><strong>\ud83d\udce6 <\/strong><a href=\"https:\/\/atana.pl\/en\/online-shop\/lifts_accessories\/plates\/plyta-montazowa-a30-d40-gen-3\/\">Mounting plate<\/a><\/p>\n<p><strong>\ud83d\udce6 <\/strong><a href=\"https:\/\/atana.pl\/en\/online-shop\/lifts_accessories\/plates\/szybkozlacze\/\">Quick connector<\/a><\/p>\n<p><strong>\ud83d\udce6 <\/strong><a href=\"https:\/\/atana.pl\/en\/online-shop\/lifts_accessories\/plates\/uchwyt-na-burte-pawez-90\/\">90\u00b0 board\/ transom mount<\/a><\/p>\n<p><strong>\ud83d\udce6 <\/strong><a href=\"https:\/\/atana.pl\/en\/online-shop\/lifts_accessories\/plates\/uchwyt-na-burte-pawez-12\/\">12\u00b0 board\/ transom mount<\/a><\/p>\n<hr class=\"\" data-start=\"1769\" data-end=\"1772\" \/>\n<h2 class=\"\" data-start=\"1774\" data-end=\"1827\">\ud83d\udca1 <strong data-start=\"1780\" data-end=\"1827\">Dlaczego warto wybra\u0107 TRAC Fisherman 25 G3?<\/strong><\/h2>\n<p class=\"\" data-start=\"1828\" data-end=\"1905\">To sprawdzony i nowoczesny <strong data-start=\"1855\" data-end=\"1886\">system kotwiczenia do \u0142odzi<\/strong>, kt\u00f3ry gwarantuje:<\/p>\n<ul data-start=\"1906\" data-end=\"2078\">\n<li class=\"\" data-start=\"1906\" data-end=\"1944\">\n<p class=\"\" data-start=\"1908\" data-end=\"1944\">szybk\u0105 i bezpieczn\u0105 obs\u0142ug\u0119 kotwicy,<\/p>\n<\/li>\n<li class=\"\" data-start=\"1945\" data-end=\"1980\">\n<p class=\"\" data-start=\"1947\" data-end=\"1980\">minimalizacj\u0119 wysi\u0142ku fizycznego,<\/p>\n<\/li>\n<li class=\"\" data-start=\"1981\" data-end=\"2031\">\n<p class=\"\" data-start=\"1983\" data-end=\"2031\">niezawodno\u015b\u0107 nawet przy intensywnym u\u017cytkowaniu,<\/p>\n<\/li>\n<li class=\"\" data-start=\"2032\" data-end=\"2078\">\n<p class=\"\" data-start=\"2034\" data-end=\"2078\">estetyk\u0119 i dopracowane detale konstrukcyjne.<\/p>\n<\/li>\n<\/ul>\n<hr class=\"\" data-start=\"2080\" data-end=\"2083\" \/>\n<h2 class=\"\" data-start=\"2085\" data-end=\"2125\">\u2693 <strong data-start=\"2090\" data-end=\"2125\">Professional support and installation<\/strong><\/h2>\n<p class=\"\" data-start=\"2126\" data-end=\"2372\">Nie wiesz, jak\u0105 wind\u0119 kotwiczn\u0105 wybra\u0107? Skontaktuj si\u0119 z nami! Nasi specjali\u015bci pomog\u0105 dobra\u0107 odpowiedni model do wielko\u015bci \u0142odzi i rodzaju akwenu, a tak\u017ce doradz\u0105 w sprawie monta\u017cu. Oferujemy r\u00f3wnie\u017c profesjonalny monta\u017c na terenie ca\u0142ej Polski.<\/p>\n<p data-start=\"2126\" data-end=\"2372\"><a href=\"https:\/\/atana.pl\/en\/sposoby-montazu-elektrycznych-wind-kotwicznych-trac\/\">&#8230;Czytaj wi\u0119cej o sposobach monta\u017cu windy.<\/a><\/p>\n<hr class=\"\" data-start=\"2429\" data-end=\"2432\" \/>\n<h2 class=\"\" data-start=\"2434\" data-end=\"2459\">\ud83d\udd27 Gwarancja i serwis:<\/h2>\n<ul data-start=\"2460\" data-end=\"2582\">\n<li class=\"\" data-start=\"2460\" data-end=\"2478\">\n<p class=\"\" data-start=\"2462\" data-end=\"2478\">2 lata gwarancji<\/p>\n<\/li>\n<li class=\"\" data-start=\"2479\" data-end=\"2539\">\n<p class=\"\" data-start=\"2481\" data-end=\"2539\">dost\u0119pno\u015b\u0107 cz\u0119\u015bci zamiennych \u2013 r\u00f3wnie\u017c do starszych modeli<\/p>\n<\/li>\n<li class=\"\" data-start=\"2540\" data-end=\"2582\">\n<p class=\"\" data-start=\"2542\" data-end=\"2582\">szybki serwis i fachowa pomoc techniczna<\/p>\n<\/li>\n<\/ul>\n<hr class=\"\" data-start=\"2584\" data-end=\"2587\" \/>\n<h2 class=\"\" data-start=\"2589\" data-end=\"2663\">Szukasz nowoczesnej elektrycznej wyci\u0105garki kotwicznej do swojej \u0142odzi?<\/h2>\n<p class=\"\" data-start=\"2664\" data-end=\"2783\"><strong data-start=\"2664\" data-end=\"2688\">TRAC Fisherman 25 G3<\/strong> to topowy wyb\u00f3r dla ka\u017cdego wodniaka, kt\u00f3ry oczekuje najwy\u017cszej jako\u015bci, komfortu i trwa\u0142o\u015bci.<\/p>","protected":false},"excerpt":{"rendered":"<ul>\n<li>Electric anchor lift.<\/li>\n<li>Anchor roller included.<\/li>\n<li>12V power supply.<\/li>\n<li>Do kotwic max 11kg.<\/li>\n<li>Fits TRAC mounting plates.<\/li>\n<li>Pilot &amp; dodatkowy panel steruj\u0105cy w opcji.<\/li>\n<\/ul>","protected":false},"featured_media":7465,"template":"","meta":{"_acf_changed":false},"product_brand":[1793],"product_cat":[104,105,102],"product_tag":[169,172,165,171,175,180,161,176,174,173,177,158,166,179,178],"class_list":{"0":"post-5101","1":"product","2":"type-product","3":"status-publish","4":"has-post-thumbnail","6":"product_brand-trac","7":"product_cat-windy_akcesoria","8":"product_cat-windy","9":"product_cat-trac","10":"product_tag-akcesoria-do-windy-kotwicznej","11":"product_tag-automatyczna-winda-do-kotwicy","12":"product_tag-cicha-winda-kotwiczna","13":"product_tag-do-kotwicy-trac","14":"product_tag-kotwica-elektryczna-do-lodzi","15":"product_tag-kotwica-zdalnie-sterowana","16":"product_tag-montaz-windy-kotwicznej","17":"product_tag-pilot-do-windy-kotwicznej","18":"product_tag-sprzet-kotwiczny-do-lodzi","19":"product_tag-system-kotwiczenia-lodzi","20":"product_tag-trac-g3","21":"product_tag-winda-kotwiczna-z-lina","22":"product_tag-winda-kotwiczna-z-pilotem","23":"product_tag-wyciagarka-trac-fisherman","24":"product_tag-zestaw-do-kotwiczenia-lodzi","25":"product_shipping_class-kurier-odbior-osobisty","27":"first","28":"instock","29":"taxable","30":"shipping-taxable","31":"purchasable","32":"product-type-simple"},"acf":[],"yoast_head":"<!-- This site is optimized with the Yoast SEO plugin v25.2 - https:\/\/yoast.com\/wordpress\/plugins\/seo\/ -->\n<title>Elektryczna winda kotwiczna TRAC Fisherman 25 Gen 3 - Atana<\/title>\n<meta name=\"description\" content=\"Elektryczna winda kotwiczna TRAC Fisherman 25. Zasilanie 12V, Do kotwic max 11kg. Dla \u0142odzi do 6m d\u0142ugo\u015bci. Pasuje do p\u0142yt monta\u017cowych TRAC\" \/>\n<meta name=\"robots\" content=\"index, follow, max-snippet:-1, max-image-preview:large, max-video-preview:-1\" \/>\n<link rel=\"canonical\" href=\"https:\/\/atana.pl\/en\/online-shop\/lifts_accessories\/lifts\/trac-fisherman-25\/\" \/>\n<meta property=\"og:locale\" content=\"en_GB\" \/>\n<meta property=\"og:type\" content=\"article\" \/>\n<meta property=\"og:title\" content=\"Elektryczna winda kotwiczna TRAC Fisherman 25 Gen 3 - Atana\" \/>\n<meta property=\"og:description\" content=\"Elektryczna winda kotwiczna TRAC Fisherman 25. Zasilanie 12V, Do kotwic max 11kg. Dla \u0142odzi do 6m d\u0142ugo\u015bci. Pasuje do p\u0142yt monta\u017cowych TRAC\" \/>\n<meta property=\"og:url\" content=\"https:\/\/atana.pl\/en\/online-shop\/lifts_accessories\/lifts\/trac-fisherman-25\/\" \/>\n<meta property=\"og:site_name\" content=\"Atana\" \/>\n<meta property=\"article:publisher\" content=\"https:\/\/www.facebook.com\/atanayachts\" \/>\n<meta property=\"article:modified_time\" content=\"2026-03-05T12:24:07+00:00\" \/>\n<meta property=\"og:image\" content=\"https:\/\/atana.pl\/wp-content\/uploads\/1967\/01\/69002-trac-fisherman-20-anchor-electric-winch-on-white-background.webp\" \/>\n\t<meta property=\"og:image:width\" content=\"900\" \/>\n\t<meta property=\"og:image:height\" content=\"900\" \/>\n\t<meta property=\"og:image:type\" content=\"image\/webp\" \/>\n<meta name=\"twitter:card\" content=\"summary_large_image\" \/>\n<meta name=\"twitter:label1\" content=\"Estimated reading time\" \/>\n\t<meta name=\"twitter:data1\" content=\"2 minutes\" \/>\n<script type=\"application\/ld+json\" class=\"yoast-schema-graph\">{\"@context\":\"https:\/\/schema.org\",\"@graph\":[{\"@type\":\"WebPage\",\"@id\":\"https:\/\/atana.pl\/sklep-on-line\/windy_akcesoria\/windy\/trac-fisherman-25\/\",\"url\":\"https:\/\/atana.pl\/sklep-on-line\/windy_akcesoria\/windy\/trac-fisherman-25\/\",\"name\":\"Elektryczna winda kotwiczna TRAC Fisherman 25 Gen 3 - Atana\",\"isPartOf\":{\"@id\":\"https:\/\/atana.pl\/#website\"},\"primaryImageOfPage\":{\"@id\":\"https:\/\/atana.pl\/sklep-on-line\/windy_akcesoria\/windy\/trac-fisherman-25\/#primaryimage\"},\"image\":{\"@id\":\"https:\/\/atana.pl\/sklep-on-line\/windy_akcesoria\/windy\/trac-fisherman-25\/#primaryimage\"},\"thumbnailUrl\":\"https:\/\/atana.pl\/wp-content\/uploads\/1967\/01\/69002-trac-fisherman-20-anchor-electric-winch-on-white-background.webp\",\"datePublished\":\"2024-01-27T12:54:51+00:00\",\"dateModified\":\"2026-03-05T12:24:07+00:00\",\"description\":\"Elektryczna winda kotwiczna TRAC Fisherman 25. Zasilanie 12V, Do kotwic max 11kg. Dla \u0142odzi do 6m d\u0142ugo\u015bci. Pasuje do p\u0142yt monta\u017cowych TRAC\",\"breadcrumb\":{\"@id\":\"https:\/\/atana.pl\/sklep-on-line\/windy_akcesoria\/windy\/trac-fisherman-25\/#breadcrumb\"},\"inLanguage\":\"en-GB\",\"potentialAction\":[{\"@type\":\"ReadAction\",\"target\":[\"https:\/\/atana.pl\/sklep-on-line\/windy_akcesoria\/windy\/trac-fisherman-25\/\"]}]},{\"@type\":\"ImageObject\",\"inLanguage\":\"en-GB\",\"@id\":\"https:\/\/atana.pl\/sklep-on-line\/windy_akcesoria\/windy\/trac-fisherman-25\/#primaryimage\",\"url\":\"https:\/\/atana.pl\/wp-content\/uploads\/1967\/01\/69002-trac-fisherman-20-anchor-electric-winch-on-white-background.webp\",\"contentUrl\":\"https:\/\/atana.pl\/wp-content\/uploads\/1967\/01\/69002-trac-fisherman-20-anchor-electric-winch-on-white-background.webp\",\"width\":900,\"height\":900,\"caption\":\"TRAC Fisherman 25\"},{\"@type\":\"BreadcrumbList\",\"@id\":\"https:\/\/atana.pl\/sklep-on-line\/windy_akcesoria\/windy\/trac-fisherman-25\/#breadcrumb\",\"itemListElement\":[{\"@type\":\"ListItem\",\"position\":1,\"name\":\"Strona g\u0142\u00f3wna\",\"item\":\"https:\/\/atana.pl\/\"},{\"@type\":\"ListItem\",\"position\":2,\"name\":\"Sklep on-line\",\"item\":\"https:\/\/atana.pl\/sklep-on-line\/\"},{\"@type\":\"ListItem\",\"position\":3,\"name\":\"Elektryczna winda kotwiczna TRAC Fisherman 25 Gen 3\"}]},{\"@type\":\"WebSite\",\"@id\":\"https:\/\/atana.pl\/#website\",\"url\":\"https:\/\/atana.pl\/\",\"name\":\"Atana\",\"description\":\"Akcesoria do \u0142odzi, kamper\u00f3w i przyczep. \u0141odzie motorowe\",\"publisher\":{\"@id\":\"https:\/\/atana.pl\/#organization\"},\"potentialAction\":[{\"@type\":\"SearchAction\",\"target\":{\"@type\":\"EntryPoint\",\"urlTemplate\":\"https:\/\/atana.pl\/?s={search_term_string}\"},\"query-input\":{\"@type\":\"PropertyValueSpecification\",\"valueRequired\":true,\"valueName\":\"search_term_string\"}}],\"inLanguage\":\"en-GB\"},{\"@type\":\"Organization\",\"@id\":\"https:\/\/atana.pl\/#organization\",\"name\":\"Atana\",\"url\":\"https:\/\/atana.pl\/\",\"logo\":{\"@type\":\"ImageObject\",\"inLanguage\":\"en-GB\",\"@id\":\"https:\/\/atana.pl\/#\/schema\/logo\/image\/\",\"url\":\"\",\"contentUrl\":\"\",\"caption\":\"Atana\"},\"image\":{\"@id\":\"https:\/\/atana.pl\/#\/schema\/logo\/image\/\"},\"sameAs\":[\"https:\/\/www.facebook.com\/atanayachts\",\"https:\/\/www.instagram.com\/atanaboats\/\",\"https:\/\/www.youtube.com\/channel\/UClMMmVqqx17in9QzgxK90Mw\"]}]}<\/script>\n<!-- \/ Yoast SEO plugin. -->","yoast_head_json":{"title":"Elektryczna winda kotwiczna TRAC Fisherman 25 Gen 3 - Atana","description":"Elektryczna winda kotwiczna TRAC Fisherman 25. Zasilanie 12V, Do kotwic max 11kg. Dla \u0142odzi do 6m d\u0142ugo\u015bci. Pasuje do p\u0142yt monta\u017cowych TRAC","robots":{"index":"index","follow":"follow","max-snippet":"max-snippet:-1","max-image-preview":"max-image-preview:large","max-video-preview":"max-video-preview:-1"},"canonical":"https:\/\/atana.pl\/en\/online-shop\/lifts_accessories\/lifts\/trac-fisherman-25\/","og_locale":"en_GB","og_type":"article","og_title":"Elektryczna winda kotwiczna TRAC Fisherman 25 Gen 3 - Atana","og_description":"Elektryczna winda kotwiczna TRAC Fisherman 25. Zasilanie 12V, Do kotwic max 11kg. Dla \u0142odzi do 6m d\u0142ugo\u015bci. Pasuje do p\u0142yt monta\u017cowych TRAC","og_url":"https:\/\/atana.pl\/en\/online-shop\/lifts_accessories\/lifts\/trac-fisherman-25\/","og_site_name":"Atana","article_publisher":"https:\/\/www.facebook.com\/atanayachts","article_modified_time":"2026-03-05T12:24:07+00:00","og_image":[{"width":900,"height":900,"url":"https:\/\/atana.pl\/wp-content\/uploads\/1967\/01\/69002-trac-fisherman-20-anchor-electric-winch-on-white-background.webp","type":"image\/webp"}],"twitter_card":"summary_large_image","twitter_misc":{"Estimated reading time":"2 minutes"},"schema":{"@context":"https:\/\/schema.org","@graph":[{"@type":"WebPage","@id":"https:\/\/atana.pl\/sklep-on-line\/windy_akcesoria\/windy\/trac-fisherman-25\/","url":"https:\/\/atana.pl\/sklep-on-line\/windy_akcesoria\/windy\/trac-fisherman-25\/","name":"Elektryczna winda kotwiczna TRAC Fisherman 25 Gen 3 - Atana","isPartOf":{"@id":"https:\/\/atana.pl\/#website"},"primaryImageOfPage":{"@id":"https:\/\/atana.pl\/sklep-on-line\/windy_akcesoria\/windy\/trac-fisherman-25\/#primaryimage"},"image":{"@id":"https:\/\/atana.pl\/sklep-on-line\/windy_akcesoria\/windy\/trac-fisherman-25\/#primaryimage"},"thumbnailUrl":"https:\/\/atana.pl\/wp-content\/uploads\/1967\/01\/69002-trac-fisherman-20-anchor-electric-winch-on-white-background.webp","datePublished":"2024-01-27T12:54:51+00:00","dateModified":"2026-03-05T12:24:07+00:00","description":"Elektryczna winda kotwiczna TRAC Fisherman 25. Zasilanie 12V, Do kotwic max 11kg. Dla \u0142odzi do 6m d\u0142ugo\u015bci. Pasuje do p\u0142yt monta\u017cowych TRAC","breadcrumb":{"@id":"https:\/\/atana.pl\/sklep-on-line\/windy_akcesoria\/windy\/trac-fisherman-25\/#breadcrumb"},"inLanguage":"en-GB","potentialAction":[{"@type":"ReadAction","target":["https:\/\/atana.pl\/sklep-on-line\/windy_akcesoria\/windy\/trac-fisherman-25\/"]}]},{"@type":"ImageObject","inLanguage":"en-GB","@id":"https:\/\/atana.pl\/sklep-on-line\/windy_akcesoria\/windy\/trac-fisherman-25\/#primaryimage","url":"https:\/\/atana.pl\/wp-content\/uploads\/1967\/01\/69002-trac-fisherman-20-anchor-electric-winch-on-white-background.webp","contentUrl":"https:\/\/atana.pl\/wp-content\/uploads\/1967\/01\/69002-trac-fisherman-20-anchor-electric-winch-on-white-background.webp","width":900,"height":900,"caption":"TRAC Fisherman 25"},{"@type":"BreadcrumbList","@id":"https:\/\/atana.pl\/sklep-on-line\/windy_akcesoria\/windy\/trac-fisherman-25\/#breadcrumb","itemListElement":[{"@type":"ListItem","position":1,"name":"Strona g\u0142\u00f3wna","item":"https:\/\/atana.pl\/"},{"@type":"ListItem","position":2,"name":"Sklep on-line","item":"https:\/\/atana.pl\/sklep-on-line\/"},{"@type":"ListItem","position":3,"name":"Elektryczna winda kotwiczna TRAC Fisherman 25 Gen 3"}]},{"@type":"WebSite","@id":"https:\/\/atana.pl\/#website","url":"https:\/\/atana.pl\/","name":"Atana","description":"Akcesoria do \u0142odzi, kamper\u00f3w i przyczep. \u0141odzie motorowe","publisher":{"@id":"https:\/\/atana.pl\/#organization"},"potentialAction":[{"@type":"SearchAction","target":{"@type":"EntryPoint","urlTemplate":"https:\/\/atana.pl\/?s={search_term_string}"},"query-input":{"@type":"PropertyValueSpecification","valueRequired":true,"valueName":"search_term_string"}}],"inLanguage":"en-GB"},{"@type":"Organization","@id":"https:\/\/atana.pl\/#organization","name":"Atana","url":"https:\/\/atana.pl\/","logo":{"@type":"ImageObject","inLanguage":"en-GB","@id":"https:\/\/atana.pl\/#\/schema\/logo\/image\/","url":"","contentUrl":"","caption":"Atana"},"image":{"@id":"https:\/\/atana.pl\/#\/schema\/logo\/image\/"},"sameAs":["https:\/\/www.facebook.com\/atanayachts","https:\/\/www.instagram.com\/atanaboats\/","https:\/\/www.youtube.com\/channel\/UClMMmVqqx17in9QzgxK90Mw"]}]}},"_links":{"self":[{"href":"https:\/\/atana.pl\/en\/wp-json\/wp\/v2\/product\/5101","targetHints":{"allow":["GET"]}}],"collection":[{"href":"https:\/\/atana.pl\/en\/wp-json\/wp\/v2\/product"}],"about":[{"href":"https:\/\/atana.pl\/en\/wp-json\/wp\/v2\/types\/product"}],"wp:featuredmedia":[{"embeddable":true,"href":"https:\/\/atana.pl\/en\/wp-json\/wp\/v2\/media\/7465"}],"wp:attachment":[{"href":"https:\/\/atana.pl\/en\/wp-json\/wp\/v2\/media?parent=5101"}],"wp:term":[{"taxonomy":"product_brand","embeddable":true,"href":"https:\/\/atana.pl\/en\/wp-json\/wp\/v2\/product_brand?post=5101"},{"taxonomy":"product_cat","embeddable":true,"href":"https:\/\/atana.pl\/en\/wp-json\/wp\/v2\/product_cat?post=5101"},{"taxonomy":"product_tag","embeddable":true,"href":"https:\/\/atana.pl\/en\/wp-json\/wp\/v2\/product_tag?post=5101"}],"curies":[{"name":"wp","href":"https:\/\/api.w.org\/{rel}","templated":true}]}}